{"id":798,"date":"2020-02-26T11:42:21","date_gmt":"2020-02-26T10:42:23","guid":{"rendered":"https:\/\/www.petitelaure.com\/?post_type=product&#038;p=798"},"modified":"2021-04-21T11:29:25","modified_gmt":"2021-04-21T09:29:25","slug":"swaddle-flamingos","status":"publish","type":"product","link":"https:\/\/www.petitelaure.com\/pl\/product\/swaddle-flamingos\/","title":{"rendered":"Swaddle Flamingos"},"content":{"rendered":"<p>Heavenly soft muslin nappy from PETITE LAURE is a must-have of any layette,<br \/>\nmade of 100% bamboo yarn enriched with the Silver Plus Protection formula. An product that is indispensable in any everyday situation: as a cuddle-blanket, during feeding, winding, resting, alight cover, protection from sun, as a changing pad, comforter for sleeping or during teething, and also as a handy towel.<\/p>\n<p><strong>THE MOST IMPORTANT PROPERTIES OF BAMBOO<\/strong><\/p>\n<blockquote>\n<h3><strong>3 x A: antibacterial, antifungal, antiallergenic<\/strong><\/h3>\n<\/blockquote>\n<ul>\n<li>free from pesticides and contaminants<\/li>\n<li>water absorption 60% higher than that of cotton<\/li>\n<li>self-sterilising (fabric self-sterilises in 30%, which provides the feeling of<br \/>\nfreshness)<\/li>\n<li>neutralisation of unpleasant smells (it absorbs unpleasant smells and releases<br \/>\nthem only when washed in water)<\/li>\n<li>pe\u0142na biodegradowalno\u015b\u0107<\/li>\n<li>fully biodegradable<\/li>\n<li>temperature regulation properties (bamboo fabric keeps the temperature 2 degrees lower from the surroundings)<\/li>\n<\/ul>\n<p><strong>SILVER PLUS PROTECTION FORMULA<\/strong><\/p>\n<p>The Silver Plus Protection Formula (silver ions) \u2013 invisible and undetectable by<br \/>\ntouch. It has many positive properties. The most important function of the Silver Plus Formula (silver ions) is elimination of bacteria, as well as moulds and fungi. Additionally, silver ions prevent the development of dust mites which are one of the most common causes of allergies in children and babies.<\/p>\n<p>The silver nanoparticles used in the Silver Plus Formula are antiallergenic, they do not cause skin irritation and are non-toxic. However, they have a positive impact on the treatment of skin conditions, including atopic eczema.<\/p>\n<p>Fabric dyes are user- and environment-friendly, which is confirmed by the OEKO-<br \/>\nTEX Standard 100 certificate.<\/p>\n<p>Washing recommended before first use. With each wash the swaddle blanket becomes even more gentle.<\/p>\n<p>Made in Poland<\/p>\n<p>Composition: <strong>100% CV Bamboo<\/strong><\/p>\n<p>Dimensions: <strong>75 x 75 cm<\/strong> (+\/- 2 cm) or <strong>100 x 100 cm<\/strong> (+\/- 2 cm)<\/p>\n<p>We recommend a gentle wash at 30 deg. C, spin setting max. 800 rev\/min,<br \/>\nmedium ironing temperature, do not bleach.<\/p>\n","protected":false},"excerpt":{"rendered":"<p>Heavenly soft muslin nappy from PETITE LAURE is a must-have of any layette,<br \/>\nmade of 100% bamboo yarn enriched with the Silver Plus Protection formula.<\/p>\n","protected":false},"featured_media":802,"comment_status":"open","ping_status":"closed","template":"","meta":[],"product_brand":[],"product_cat":[83],"product_tag":[],"class_list":{"0":"post-798","1":"product","2":"type-product","3":"status-publish","4":"has-post-thumbnail","6":"product_cat-flamingos","8":"first","9":"instock","10":"shipping-taxable","11":"purchasable","12":"product-type-variable"},"yoast_head":"<!-- This site is optimized with the Yoast SEO plugin v26.9 - https:\/\/yoast.com\/product\/yoast-seo-wordpress\/ -->\n<title>Swaddle Flamingos - petitelaure.com<\/title>\n<meta name=\"robots\" content=\"index, follow, max-snippet:-1, max-image-preview:large, max-video-preview:-1\" \/>\n<link rel=\"canonical\" href=\"https:\/\/www.petitelaure.com\/pl\/product\/swaddle-flamingos\/\" \/>\n<meta property=\"og:locale\" content=\"pl_PL\" \/>\n<meta property=\"og:type\" content=\"article\" \/>\n<meta property=\"og:title\" content=\"Swaddle Flamingos - petitelaure.com\" \/>\n<meta property=\"og:description\" content=\"Heavenly soft muslin nappy from PETITE LAURE is a must-have of any layette, made of 100% bamboo yarn enriched with the Silver Plus Protection formula.\" \/>\n<meta property=\"og:url\" content=\"https:\/\/www.petitelaure.com\/pl\/product\/swaddle-flamingos\/\" \/>\n<meta property=\"og:site_name\" content=\"petitelaure.com\" \/>\n<meta property=\"article:modified_time\" content=\"2021-04-21T09:29:25+00:00\" \/>\n<meta property=\"og:image\" content=\"https:\/\/www.petitelaure.com\/wp-content\/uploads\/2020\/02\/swaddle-flamingos.jpg\" \/>\n\t<meta property=\"og:image:width\" content=\"1200\" \/>\n\t<meta property=\"og:image:height\" content=\"1200\" \/>\n\t<meta property=\"og:image:type\" content=\"image\/jpeg\" \/>\n<meta name=\"twitter:card\" content=\"summary_large_image\" \/>\n<meta name=\"twitter:label1\" content=\"Szacowany czas czytania\" \/>\n\t<meta name=\"twitter:data1\" content=\"1 minuta\" \/>\n<script type=\"application\/ld+json\" class=\"yoast-schema-graph\">{\"@context\":\"https:\/\/schema.org\",\"@graph\":[{\"@type\":\"WebPage\",\"@id\":\"https:\/\/www.petitelaure.com\/pl\/product\/swaddle-flamingos\/\",\"url\":\"https:\/\/www.petitelaure.com\/pl\/product\/swaddle-flamingos\/\",\"name\":\"Swaddle Flamingos - petitelaure.com\",\"isPartOf\":{\"@id\":\"https:\/\/www.petitelaure.com\/pl\/#website\"},\"primaryImageOfPage\":{\"@id\":\"https:\/\/www.petitelaure.com\/pl\/product\/swaddle-flamingos\/#primaryimage\"},\"image\":{\"@id\":\"https:\/\/www.petitelaure.com\/pl\/product\/swaddle-flamingos\/#primaryimage\"},\"thumbnailUrl\":\"https:\/\/www.petitelaure.com\/wp-content\/uploads\/2020\/02\/swaddle-flamingos.jpg\",\"datePublished\":\"2020-02-26T10:42:23+00:00\",\"dateModified\":\"2021-04-21T09:29:25+00:00\",\"breadcrumb\":{\"@id\":\"https:\/\/www.petitelaure.com\/pl\/product\/swaddle-flamingos\/#breadcrumb\"},\"inLanguage\":\"pl-PL\",\"potentialAction\":[{\"@type\":\"ReadAction\",\"target\":[\"https:\/\/www.petitelaure.com\/pl\/product\/swaddle-flamingos\/\"]}]},{\"@type\":\"ImageObject\",\"inLanguage\":\"pl-PL\",\"@id\":\"https:\/\/www.petitelaure.com\/pl\/product\/swaddle-flamingos\/#primaryimage\",\"url\":\"https:\/\/www.petitelaure.com\/wp-content\/uploads\/2020\/02\/swaddle-flamingos.jpg\",\"contentUrl\":\"https:\/\/www.petitelaure.com\/wp-content\/uploads\/2020\/02\/swaddle-flamingos.jpg\",\"width\":1200,\"height\":1200,\"caption\":\"swaddle flamingos\"},{\"@type\":\"BreadcrumbList\",\"@id\":\"https:\/\/www.petitelaure.com\/pl\/product\/swaddle-flamingos\/#breadcrumb\",\"itemListElement\":[{\"@type\":\"ListItem\",\"position\":1,\"name\":\"Strona g\u0142\u00f3wna\",\"item\":\"https:\/\/www.petitelaure.com\/pl\/\"},{\"@type\":\"ListItem\",\"position\":2,\"name\":\"Sklep\",\"item\":\"https:\/\/www.petitelaure.com\/pl\/sklep\/\"},{\"@type\":\"ListItem\",\"position\":3,\"name\":\"Swaddle Flamingos\"}]},{\"@type\":\"WebSite\",\"@id\":\"https:\/\/www.petitelaure.com\/pl\/#website\",\"url\":\"https:\/\/www.petitelaure.com\/pl\/\",\"name\":\"petitelaure.com\",\"description\":\"\",\"potentialAction\":[{\"@type\":\"SearchAction\",\"target\":{\"@type\":\"EntryPoint\",\"urlTemplate\":\"https:\/\/www.petitelaure.com\/pl\/?s={search_term_string}\"},\"query-input\":{\"@type\":\"PropertyValueSpecification\",\"valueRequired\":true,\"valueName\":\"search_term_string\"}}],\"inLanguage\":\"pl-PL\"}]}<\/script>\n<!-- \/ Yoast SEO plugin. -->","yoast_head_json":{"title":"Swaddle Flamingos - petitelaure.com","robots":{"index":"index","follow":"follow","max-snippet":"max-snippet:-1","max-image-preview":"max-image-preview:large","max-video-preview":"max-video-preview:-1"},"canonical":"https:\/\/www.petitelaure.com\/pl\/product\/swaddle-flamingos\/","og_locale":"pl_PL","og_type":"article","og_title":"Swaddle Flamingos - petitelaure.com","og_description":"Heavenly soft muslin nappy from PETITE LAURE is a must-have of any layette, made of 100% bamboo yarn enriched with the Silver Plus Protection formula.","og_url":"https:\/\/www.petitelaure.com\/pl\/product\/swaddle-flamingos\/","og_site_name":"petitelaure.com","article_modified_time":"2021-04-21T09:29:25+00:00","og_image":[{"width":1200,"height":1200,"url":"https:\/\/www.petitelaure.com\/wp-content\/uploads\/2020\/02\/swaddle-flamingos.jpg","type":"image\/jpeg"}],"twitter_card":"summary_large_image","twitter_misc":{"Szacowany czas czytania":"1 minuta"},"schema":{"@context":"https:\/\/schema.org","@graph":[{"@type":"WebPage","@id":"https:\/\/www.petitelaure.com\/pl\/product\/swaddle-flamingos\/","url":"https:\/\/www.petitelaure.com\/pl\/product\/swaddle-flamingos\/","name":"Swaddle Flamingos - petitelaure.com","isPartOf":{"@id":"https:\/\/www.petitelaure.com\/pl\/#website"},"primaryImageOfPage":{"@id":"https:\/\/www.petitelaure.com\/pl\/product\/swaddle-flamingos\/#primaryimage"},"image":{"@id":"https:\/\/www.petitelaure.com\/pl\/product\/swaddle-flamingos\/#primaryimage"},"thumbnailUrl":"https:\/\/www.petitelaure.com\/wp-content\/uploads\/2020\/02\/swaddle-flamingos.jpg","datePublished":"2020-02-26T10:42:23+00:00","dateModified":"2021-04-21T09:29:25+00:00","breadcrumb":{"@id":"https:\/\/www.petitelaure.com\/pl\/product\/swaddle-flamingos\/#breadcrumb"},"inLanguage":"pl-PL","potentialAction":[{"@type":"ReadAction","target":["https:\/\/www.petitelaure.com\/pl\/product\/swaddle-flamingos\/"]}]},{"@type":"ImageObject","inLanguage":"pl-PL","@id":"https:\/\/www.petitelaure.com\/pl\/product\/swaddle-flamingos\/#primaryimage","url":"https:\/\/www.petitelaure.com\/wp-content\/uploads\/2020\/02\/swaddle-flamingos.jpg","contentUrl":"https:\/\/www.petitelaure.com\/wp-content\/uploads\/2020\/02\/swaddle-flamingos.jpg","width":1200,"height":1200,"caption":"swaddle flamingos"},{"@type":"BreadcrumbList","@id":"https:\/\/www.petitelaure.com\/pl\/product\/swaddle-flamingos\/#breadcrumb","itemListElement":[{"@type":"ListItem","position":1,"name":"Strona g\u0142\u00f3wna","item":"https:\/\/www.petitelaure.com\/pl\/"},{"@type":"ListItem","position":2,"name":"Sklep","item":"https:\/\/www.petitelaure.com\/pl\/sklep\/"},{"@type":"ListItem","position":3,"name":"Swaddle Flamingos"}]},{"@type":"WebSite","@id":"https:\/\/www.petitelaure.com\/pl\/#website","url":"https:\/\/www.petitelaure.com\/pl\/","name":"petitelaure.com","description":"","potentialAction":[{"@type":"SearchAction","target":{"@type":"EntryPoint","urlTemplate":"https:\/\/www.petitelaure.com\/pl\/?s={search_term_string}"},"query-input":{"@type":"PropertyValueSpecification","valueRequired":true,"valueName":"search_term_string"}}],"inLanguage":"pl-PL"}]}},"_links":{"self":[{"href":"https:\/\/www.petitelaure.com\/pl\/wp-json\/wp\/v2\/product\/798","targetHints":{"allow":["GET"]}}],"collection":[{"href":"https:\/\/www.petitelaure.com\/pl\/wp-json\/wp\/v2\/product"}],"about":[{"href":"https:\/\/www.petitelaure.com\/pl\/wp-json\/wp\/v2\/types\/product"}],"replies":[{"embeddable":true,"href":"https:\/\/www.petitelaure.com\/pl\/wp-json\/wp\/v2\/comments?post=798"}],"wp:featuredmedia":[{"embeddable":true,"href":"https:\/\/www.petitelaure.com\/pl\/wp-json\/wp\/v2\/media\/802"}],"wp:attachment":[{"href":"https:\/\/www.petitelaure.com\/pl\/wp-json\/wp\/v2\/media?parent=798"}],"wp:term":[{"taxonomy":"product_brand","embeddable":true,"href":"https:\/\/www.petitelaure.com\/pl\/wp-json\/wp\/v2\/product_brand?post=798"},{"taxonomy":"product_cat","embeddable":true,"href":"https:\/\/www.petitelaure.com\/pl\/wp-json\/wp\/v2\/product_cat?post=798"},{"taxonomy":"product_tag","embeddable":true,"href":"https:\/\/www.petitelaure.com\/pl\/wp-json\/wp\/v2\/product_tag?post=798"}],"curies":[{"name":"wp","href":"https:\/\/api.w.org\/{rel}","templated":true}]}}