{"id":6686,"date":"2023-01-04T09:01:38","date_gmt":"2023-01-04T08:01:38","guid":{"rendered":"https:\/\/www.petitelaure.com\/?post_type=product&#038;p=6686"},"modified":"2024-02-02T10:37:45","modified_gmt":"2024-02-02T09:37:45","slug":"poduszka-rogal-do-karmienia-golebie-bezowe","status":"publish","type":"product","link":"https:\/\/www.petitelaure.com\/pl\/produkt\/poduszka-rogal-do-karmienia-golebie-bezowe\/","title":{"rendered":"Poduszka \/ Rogal do Karmienia Go\u0142\u0119bie Be\u017cowe"},"content":{"rendered":"<h2>Poduszka \/ Rogal do Karmienia Go\u0142\u0119bie kolor Be\u017cowy<\/h2>\n<div id=\"box_productfull\" class=\"box row\" data-category=\"Poduszka rogal do karmienia\">\n<div class=\"innerbox product-main-box\" data-loading=\"Trwa wgrywanie pliku...\">\n<div class=\"maininfo row\">\n<div class=\"f-row\">\n<div class=\" f-grid-6\">\n<div class=\"bottomborder row\">\n<div class=\"fb_buttons row\"><strong>Poduszka, rogal<\/strong> przyda si\u0119 ka\u017cdej mamie <strong>do karmienia<\/strong> maluszka. Jest doskonale wyprofilowana, tak aby m\u00f3c u\u0142atwia\u0107 karmienie zar\u00f3wno wysokim jak i niskim mamom.<\/div>\n<div><strong>Poduszka do karmienia<\/strong> od Petite Laure posiada zdejmowan\u0105 poszewk\u0119 co u\u0142atwia utrzymanie jej w czysto\u015bci. Jest wype\u0142niona delikatnym antyalergicznym puchem.<\/div>\n<div><strong>Rogal do karmienia<\/strong> w p\u00f3\u017aniejszym etapie rozwoju maluszka mo\u017ce s\u0142u\u017cy\u0107 r\u00f3wnie\u017c jako asekuracja podczas nauki siadania oraz do \u0107wicze\u0144 z niemowlakiem (k\u0142adziemy maluszka na brzuszku w poprzek poduszki, a na wysoko\u015bci r\u0105czek uk\u0142adamy przedmioty do chwytania).<\/div>\n<div><strong>Rogal do karmienia<\/strong> w okresie zaawansowanej ci\u0105\u017cy umieszczony pomi\u0119dzy kolanami odci\u0105\u017cy kark i plecy przysz\u0142ej mamy podczas snu.<\/div>\n<\/div>\n<\/div>\n<\/div>\n<\/div>\n<\/div>\n<\/div>\n<div><\/div>\n<div><strong>Poduszka do karmienia<\/strong> jest lekka i por\u0119czna, tak aby z \u0142atwo\u015bci\u0105 mo\u017cna by\u0142o j\u0105 zabra\u0107 ze sob\u0105 w podr\u00f3\u017c.<\/div>\n<p>Do kompletu mo\u017cna dobra\u0107 dopasowany kolorystycznie <strong>\u015bpiworek do spania<\/strong>, <strong>kokon niemowl\u0119cy<\/strong>, <strong>kocyk velvet z wype\u0142nienim, poduszk\u0119 do w\u00f3zka dla niemowlaka.<\/strong><\/p>\n<p>Produkt szyty r\u0119cznie, z najwy\u017csz\u0105 dok\u0142adno\u015bci\u0105 i z wykorzystaniem najlepszych jako\u015bciowo materia\u0142\u00f3w.<\/p>\n<p>Wyprodukowano w Polsce.<\/p>\n<p>Sk\u0142ad: <strong>BAWE\u0141NA PREMIUM <\/strong>(Certyfikat OEKO-TEX Standard 100)<strong> + ANTYALERGICZNE WYPE\u0141NIENIE<\/strong><\/p>\n<p>Wype\u0142nienie to antyalergiczna, oddychaj\u0105ca, kulka silikonowa &#8211; spr\u0119\u017cysta i mi\u0119kka (Certyfikat OEKO-TEX Standard 100).<\/p>\n<p>Wymiary:<strong>\u00a060 x 50 cm (+\/- 2 cm)<\/strong><\/p>\n<p><strong>SPOS\u00d3B PIELEGNACJI:<\/strong><\/p>\n<ul>\n<li>pra\u0107 \u00a0w temperaturze 30\u00b0, max. 800 obrot\u00f3w wirowania<\/li>\n<li>prasowa\u0107\u00a0tylko tkanin\u0119 bawe\u0142nian\u0105 \u00a0w \u015bredniej temperaturze prasowania max. do 110\u00b0, nie prasowa\u0107 strony velvet<\/li>\n<li>nie czy\u015bci\u0107 chemicznie<\/li>\n<li>nie suszy\u0107 w suszarce b\u0119bnowej<\/li>\n<li>pra\u0107 oddzielnie<\/li>\n<li>nie stosowa\u0107 wybielaczy<\/li>\n<\/ul>\n<p><strong>Rogal do karmienia<\/strong>\u00a0do kt\u00f3rego mo\u017cna dobra\u0107 <strong>\u015bpiworek do spania<\/strong> lub<strong> kocyk dla niemowlaka<\/strong> sprawdzi si\u0119 doskonale w roli stylowego i nietuzinkowego prezentu dla maluszka na babyshower, powitanie dziecka czy te\u017c na inne mi\u0142e okazje.<\/p>\n<p>Produkt nale\u017cy stosowa\u0107 pod opiek\u0105 rodzica.<\/p>\n<p>&nbsp;<\/p>\n","protected":false},"excerpt":{"rendered":"<div id=\"box_productfull\" class=\"box row\" data-category=\"Poduszka rogal do karmienia\">\n<div class=\"innerbox product-main-box\" data-loading=\"Trwa wgrywanie pliku...\">\n<div class=\"maininfo row\">\n<div class=\"f-row\">\n<div class=\" f-grid-6\">\n<div class=\"bottomborder row\">\n<div class=\"fb_buttons row\"><strong>Poduszka, rogal<\/strong> przyda si\u0119 ka\u017cdej mamie <strong>do karmienia<\/strong> maluszka. Jest doskonale wyprofilowana, tak aby m\u00f3c u\u0142atwia\u0107 karmienie zar\u00f3wno wysokim jak i niskim mamom.<\/div>\n<div><strong>Poduszka do karmienia<\/strong> od Petite Laure posiada zdejmowan\u0105 poszewk\u0119 co u\u0142atwia utrzymanie jej w czysto\u015bci. Jest wype\u0142niona delikatnym antyalergicznym puchem.<\/div>\n<div><strong>Rogal do karmienia<\/strong> w p\u00f3\u017aniejszym etapie rozwoju maluszka mo\u017ce s\u0142u\u017cy\u0107 r\u00f3wnie\u017c jako asekuracja podczas nauki siadania oraz do \u0107wicze\u0144 z niemowlakiem (k\u0142adziemy maluszka na brzuszku w poprzek poduszki, a na wysoko\u015bci r\u0105czek uk\u0142adamy przedmioty do chwytania).<\/div>\n<div><strong>Rogal do karmienia<\/strong> w okresie zaawansowanej ci\u0105\u017cy umieszczony pomi\u0119dzy kolanami odci\u0105\u017cy kark i plecy przysz\u0142ej mamy podczas snu.<\/div>\n<\/div>\n<\/div>\n<\/div>\n<\/div>\n<\/div>\n<\/div>\n<div><\/div>\n<p>&nbsp;<\/p>\n","protected":false},"featured_media":6688,"comment_status":"open","ping_status":"closed","template":"","meta":[],"product_brand":[],"product_cat":[212,208],"product_tag":[],"class_list":{"0":"post-6686","1":"product","2":"type-product","3":"status-publish","4":"has-post-thumbnail","6":"product_cat-poduszki-do-karmienia","7":"product_cat-poduszki-posciele-spiworki","9":"first","10":"instock","11":"sold-individually","12":"shipping-taxable","13":"purchasable","14":"product-type-simple"},"yoast_head":"<!-- This site is optimized with the Yoast SEO plugin v26.9 - https:\/\/yoast.com\/product\/yoast-seo-wordpress\/ -->\n<title>Poduszka \/ Rogal do Karmienia Go\u0142\u0119bie Be\u017cowe - petitelaure.com<\/title>\n<meta name=\"description\" content=\"Poduszka, rogal przyda si\u0119 ka\u017cdej mamie do karmienia maluszka. Jest doskonale wyprofilowana, tak aby m\u00f3c u\u0142atwia\u0107 karmienie zar\u00f3wno wysokim jak i niskim mamom.Poduszka do karmienia od Petite Laure posiada zdejmowan\u0105 poszewk\u0119 co u\u0142atwia utrzymanie jej w czysto\u015bci. Jest wype\u0142niona delikatnym antyalergicznym puchem.Rogal do karmienia w p\u00f3\u017aniejszym etapie rozwoju maluszka mo\u017ce s\u0142u\u017cy\u0107 r\u00f3wnie\u017c jako asekuracja podczas nauki siadania oraz do \u0107wicze\u0144 z niemowlakiem (k\u0142adziemy maluszka na brzuszku w poprzek poduszki, a na wysoko\u015bci r\u0105czek uk\u0142adamy przedmioty do chwytania).Rogal do karmienia w okresie zaawansowanej ci\u0105\u017cy umieszczony pomi\u0119dzy kolanami odci\u0105\u017cy kark i plecy przysz\u0142ej mamy podczas snu.\" \/>\n<meta name=\"robots\" content=\"index, follow, max-snippet:-1, max-image-preview:large, max-video-preview:-1\" \/>\n<link rel=\"canonical\" href=\"https:\/\/www.petitelaure.com\/pl\/produkt\/poduszka-rogal-do-karmienia-golebie-bezowe\/\" \/>\n<meta property=\"og:locale\" content=\"pl_PL\" \/>\n<meta property=\"og:type\" content=\"article\" \/>\n<meta property=\"og:title\" content=\"Poduszka \/ Rogal do Karmienia Go\u0142\u0119bie Be\u017cowe - petitelaure.com\" \/>\n<meta property=\"og:description\" content=\"Poduszka, rogal przyda si\u0119 ka\u017cdej mamie do karmienia maluszka. Jest doskonale wyprofilowana, tak aby m\u00f3c u\u0142atwia\u0107 karmienie zar\u00f3wno wysokim jak i niskim mamom.Poduszka do karmienia od Petite Laure posiada zdejmowan\u0105 poszewk\u0119 co u\u0142atwia utrzymanie jej w czysto\u015bci. Jest wype\u0142niona delikatnym antyalergicznym puchem.Rogal do karmienia w p\u00f3\u017aniejszym etapie rozwoju maluszka mo\u017ce s\u0142u\u017cy\u0107 r\u00f3wnie\u017c jako asekuracja podczas nauki siadania oraz do \u0107wicze\u0144 z niemowlakiem (k\u0142adziemy maluszka na brzuszku w poprzek poduszki, a na wysoko\u015bci r\u0105czek uk\u0142adamy przedmioty do chwytania).Rogal do karmienia w okresie zaawansowanej ci\u0105\u017cy umieszczony pomi\u0119dzy kolanami odci\u0105\u017cy kark i plecy przysz\u0142ej mamy podczas snu.\" \/>\n<meta property=\"og:url\" content=\"https:\/\/www.petitelaure.com\/pl\/produkt\/poduszka-rogal-do-karmienia-golebie-bezowe\/\" \/>\n<meta property=\"og:site_name\" content=\"petitelaure.com\" \/>\n<meta property=\"article:modified_time\" content=\"2024-02-02T09:37:45+00:00\" \/>\n<meta property=\"og:image\" content=\"https:\/\/www.petitelaure.com\/wp-content\/uploads\/2023\/01\/4X0A0136.jpg\" \/>\n\t<meta property=\"og:image:width\" content=\"2000\" \/>\n\t<meta property=\"og:image:height\" content=\"2500\" \/>\n\t<meta property=\"og:image:type\" content=\"image\/jpeg\" \/>\n<meta name=\"twitter:card\" content=\"summary_large_image\" \/>\n<meta name=\"twitter:label1\" content=\"Szacowany czas czytania\" \/>\n\t<meta name=\"twitter:data1\" content=\"2 minuty\" \/>\n<script type=\"application\/ld+json\" class=\"yoast-schema-graph\">{\"@context\":\"https:\/\/schema.org\",\"@graph\":[{\"@type\":\"WebPage\",\"@id\":\"https:\/\/www.petitelaure.com\/pl\/produkt\/poduszka-rogal-do-karmienia-golebie-bezowe\/\",\"url\":\"https:\/\/www.petitelaure.com\/pl\/produkt\/poduszka-rogal-do-karmienia-golebie-bezowe\/\",\"name\":\"Poduszka \/ Rogal do Karmienia Go\u0142\u0119bie Be\u017cowe - petitelaure.com\",\"isPartOf\":{\"@id\":\"https:\/\/www.petitelaure.com\/pl\/#website\"},\"primaryImageOfPage\":{\"@id\":\"https:\/\/www.petitelaure.com\/pl\/produkt\/poduszka-rogal-do-karmienia-golebie-bezowe\/#primaryimage\"},\"image\":{\"@id\":\"https:\/\/www.petitelaure.com\/pl\/produkt\/poduszka-rogal-do-karmienia-golebie-bezowe\/#primaryimage\"},\"thumbnailUrl\":\"https:\/\/www.petitelaure.com\/wp-content\/uploads\/2023\/01\/4X0A0136.jpg\",\"datePublished\":\"2023-01-04T08:01:38+00:00\",\"dateModified\":\"2024-02-02T09:37:45+00:00\",\"description\":\"Poduszka, rogal przyda si\u0119 ka\u017cdej mamie do karmienia maluszka. Jest doskonale wyprofilowana, tak aby m\u00f3c u\u0142atwia\u0107 karmienie zar\u00f3wno wysokim jak i niskim mamom.Poduszka do karmienia od Petite Laure posiada zdejmowan\u0105 poszewk\u0119 co u\u0142atwia utrzymanie jej w czysto\u015bci. Jest wype\u0142niona delikatnym antyalergicznym puchem.Rogal do karmienia w p\u00f3\u017aniejszym etapie rozwoju maluszka mo\u017ce s\u0142u\u017cy\u0107 r\u00f3wnie\u017c jako asekuracja podczas nauki siadania oraz do \u0107wicze\u0144 z niemowlakiem (k\u0142adziemy maluszka na brzuszku w poprzek poduszki, a na wysoko\u015bci r\u0105czek uk\u0142adamy przedmioty do chwytania).Rogal do karmienia w okresie zaawansowanej ci\u0105\u017cy umieszczony pomi\u0119dzy kolanami odci\u0105\u017cy kark i plecy przysz\u0142ej mamy podczas snu.\",\"breadcrumb\":{\"@id\":\"https:\/\/www.petitelaure.com\/pl\/produkt\/poduszka-rogal-do-karmienia-golebie-bezowe\/#breadcrumb\"},\"inLanguage\":\"pl-PL\",\"potentialAction\":[{\"@type\":\"ReadAction\",\"target\":[\"https:\/\/www.petitelaure.com\/pl\/produkt\/poduszka-rogal-do-karmienia-golebie-bezowe\/\"]}]},{\"@type\":\"ImageObject\",\"inLanguage\":\"pl-PL\",\"@id\":\"https:\/\/www.petitelaure.com\/pl\/produkt\/poduszka-rogal-do-karmienia-golebie-bezowe\/#primaryimage\",\"url\":\"https:\/\/www.petitelaure.com\/wp-content\/uploads\/2023\/01\/4X0A0136.jpg\",\"contentUrl\":\"https:\/\/www.petitelaure.com\/wp-content\/uploads\/2023\/01\/4X0A0136.jpg\",\"width\":2000,\"height\":2500,\"caption\":\"Poduszka \/ Rogal do karmienia\"},{\"@type\":\"BreadcrumbList\",\"@id\":\"https:\/\/www.petitelaure.com\/pl\/produkt\/poduszka-rogal-do-karmienia-golebie-bezowe\/#breadcrumb\",\"itemListElement\":[{\"@type\":\"ListItem\",\"position\":1,\"name\":\"Strona g\u0142\u00f3wna\",\"item\":\"https:\/\/www.petitelaure.com\/pl\/\"},{\"@type\":\"ListItem\",\"position\":2,\"name\":\"Sklep\",\"item\":\"https:\/\/www.petitelaure.com\/pl\/sklep\/\"},{\"@type\":\"ListItem\",\"position\":3,\"name\":\"Poduszka \/ Rogal do Karmienia Go\u0142\u0119bie Be\u017cowe\"}]},{\"@type\":\"WebSite\",\"@id\":\"https:\/\/www.petitelaure.com\/pl\/#website\",\"url\":\"https:\/\/www.petitelaure.com\/pl\/\",\"name\":\"petitelaure.com\",\"description\":\"\",\"potentialAction\":[{\"@type\":\"SearchAction\",\"target\":{\"@type\":\"EntryPoint\",\"urlTemplate\":\"https:\/\/www.petitelaure.com\/pl\/?s={search_term_string}\"},\"query-input\":{\"@type\":\"PropertyValueSpecification\",\"valueRequired\":true,\"valueName\":\"search_term_string\"}}],\"inLanguage\":\"pl-PL\"}]}<\/script>\n<!-- \/ Yoast SEO plugin. -->","yoast_head_json":{"title":"Poduszka \/ Rogal do Karmienia Go\u0142\u0119bie Be\u017cowe - petitelaure.com","description":"Poduszka, rogal przyda si\u0119 ka\u017cdej mamie do karmienia maluszka. Jest doskonale wyprofilowana, tak aby m\u00f3c u\u0142atwia\u0107 karmienie zar\u00f3wno wysokim jak i niskim mamom.Poduszka do karmienia od Petite Laure posiada zdejmowan\u0105 poszewk\u0119 co u\u0142atwia utrzymanie jej w czysto\u015bci. Jest wype\u0142niona delikatnym antyalergicznym puchem.Rogal do karmienia w p\u00f3\u017aniejszym etapie rozwoju maluszka mo\u017ce s\u0142u\u017cy\u0107 r\u00f3wnie\u017c jako asekuracja podczas nauki siadania oraz do \u0107wicze\u0144 z niemowlakiem (k\u0142adziemy maluszka na brzuszku w poprzek poduszki, a na wysoko\u015bci r\u0105czek uk\u0142adamy przedmioty do chwytania).Rogal do karmienia w okresie zaawansowanej ci\u0105\u017cy umieszczony pomi\u0119dzy kolanami odci\u0105\u017cy kark i plecy przysz\u0142ej mamy podczas snu.","robots":{"index":"index","follow":"follow","max-snippet":"max-snippet:-1","max-image-preview":"max-image-preview:large","max-video-preview":"max-video-preview:-1"},"canonical":"https:\/\/www.petitelaure.com\/pl\/produkt\/poduszka-rogal-do-karmienia-golebie-bezowe\/","og_locale":"pl_PL","og_type":"article","og_title":"Poduszka \/ Rogal do Karmienia Go\u0142\u0119bie Be\u017cowe - petitelaure.com","og_description":"Poduszka, rogal przyda si\u0119 ka\u017cdej mamie do karmienia maluszka. Jest doskonale wyprofilowana, tak aby m\u00f3c u\u0142atwia\u0107 karmienie zar\u00f3wno wysokim jak i niskim mamom.Poduszka do karmienia od Petite Laure posiada zdejmowan\u0105 poszewk\u0119 co u\u0142atwia utrzymanie jej w czysto\u015bci. Jest wype\u0142niona delikatnym antyalergicznym puchem.Rogal do karmienia w p\u00f3\u017aniejszym etapie rozwoju maluszka mo\u017ce s\u0142u\u017cy\u0107 r\u00f3wnie\u017c jako asekuracja podczas nauki siadania oraz do \u0107wicze\u0144 z niemowlakiem (k\u0142adziemy maluszka na brzuszku w poprzek poduszki, a na wysoko\u015bci r\u0105czek uk\u0142adamy przedmioty do chwytania).Rogal do karmienia w okresie zaawansowanej ci\u0105\u017cy umieszczony pomi\u0119dzy kolanami odci\u0105\u017cy kark i plecy przysz\u0142ej mamy podczas snu.","og_url":"https:\/\/www.petitelaure.com\/pl\/produkt\/poduszka-rogal-do-karmienia-golebie-bezowe\/","og_site_name":"petitelaure.com","article_modified_time":"2024-02-02T09:37:45+00:00","og_image":[{"width":2000,"height":2500,"url":"https:\/\/www.petitelaure.com\/wp-content\/uploads\/2023\/01\/4X0A0136.jpg","type":"image\/jpeg"}],"twitter_card":"summary_large_image","twitter_misc":{"Szacowany czas czytania":"2 minuty"},"schema":{"@context":"https:\/\/schema.org","@graph":[{"@type":"WebPage","@id":"https:\/\/www.petitelaure.com\/pl\/produkt\/poduszka-rogal-do-karmienia-golebie-bezowe\/","url":"https:\/\/www.petitelaure.com\/pl\/produkt\/poduszka-rogal-do-karmienia-golebie-bezowe\/","name":"Poduszka \/ Rogal do Karmienia Go\u0142\u0119bie Be\u017cowe - petitelaure.com","isPartOf":{"@id":"https:\/\/www.petitelaure.com\/pl\/#website"},"primaryImageOfPage":{"@id":"https:\/\/www.petitelaure.com\/pl\/produkt\/poduszka-rogal-do-karmienia-golebie-bezowe\/#primaryimage"},"image":{"@id":"https:\/\/www.petitelaure.com\/pl\/produkt\/poduszka-rogal-do-karmienia-golebie-bezowe\/#primaryimage"},"thumbnailUrl":"https:\/\/www.petitelaure.com\/wp-content\/uploads\/2023\/01\/4X0A0136.jpg","datePublished":"2023-01-04T08:01:38+00:00","dateModified":"2024-02-02T09:37:45+00:00","description":"Poduszka, rogal przyda si\u0119 ka\u017cdej mamie do karmienia maluszka. Jest doskonale wyprofilowana, tak aby m\u00f3c u\u0142atwia\u0107 karmienie zar\u00f3wno wysokim jak i niskim mamom.Poduszka do karmienia od Petite Laure posiada zdejmowan\u0105 poszewk\u0119 co u\u0142atwia utrzymanie jej w czysto\u015bci. Jest wype\u0142niona delikatnym antyalergicznym puchem.Rogal do karmienia w p\u00f3\u017aniejszym etapie rozwoju maluszka mo\u017ce s\u0142u\u017cy\u0107 r\u00f3wnie\u017c jako asekuracja podczas nauki siadania oraz do \u0107wicze\u0144 z niemowlakiem (k\u0142adziemy maluszka na brzuszku w poprzek poduszki, a na wysoko\u015bci r\u0105czek uk\u0142adamy przedmioty do chwytania).Rogal do karmienia w okresie zaawansowanej ci\u0105\u017cy umieszczony pomi\u0119dzy kolanami odci\u0105\u017cy kark i plecy przysz\u0142ej mamy podczas snu.","breadcrumb":{"@id":"https:\/\/www.petitelaure.com\/pl\/produkt\/poduszka-rogal-do-karmienia-golebie-bezowe\/#breadcrumb"},"inLanguage":"pl-PL","potentialAction":[{"@type":"ReadAction","target":["https:\/\/www.petitelaure.com\/pl\/produkt\/poduszka-rogal-do-karmienia-golebie-bezowe\/"]}]},{"@type":"ImageObject","inLanguage":"pl-PL","@id":"https:\/\/www.petitelaure.com\/pl\/produkt\/poduszka-rogal-do-karmienia-golebie-bezowe\/#primaryimage","url":"https:\/\/www.petitelaure.com\/wp-content\/uploads\/2023\/01\/4X0A0136.jpg","contentUrl":"https:\/\/www.petitelaure.com\/wp-content\/uploads\/2023\/01\/4X0A0136.jpg","width":2000,"height":2500,"caption":"Poduszka \/ Rogal do karmienia"},{"@type":"BreadcrumbList","@id":"https:\/\/www.petitelaure.com\/pl\/produkt\/poduszka-rogal-do-karmienia-golebie-bezowe\/#breadcrumb","itemListElement":[{"@type":"ListItem","position":1,"name":"Strona g\u0142\u00f3wna","item":"https:\/\/www.petitelaure.com\/pl\/"},{"@type":"ListItem","position":2,"name":"Sklep","item":"https:\/\/www.petitelaure.com\/pl\/sklep\/"},{"@type":"ListItem","position":3,"name":"Poduszka \/ Rogal do Karmienia Go\u0142\u0119bie Be\u017cowe"}]},{"@type":"WebSite","@id":"https:\/\/www.petitelaure.com\/pl\/#website","url":"https:\/\/www.petitelaure.com\/pl\/","name":"petitelaure.com","description":"","potentialAction":[{"@type":"SearchAction","target":{"@type":"EntryPoint","urlTemplate":"https:\/\/www.petitelaure.com\/pl\/?s={search_term_string}"},"query-input":{"@type":"PropertyValueSpecification","valueRequired":true,"valueName":"search_term_string"}}],"inLanguage":"pl-PL"}]}},"_links":{"self":[{"href":"https:\/\/www.petitelaure.com\/pl\/wp-json\/wp\/v2\/product\/6686","targetHints":{"allow":["GET"]}}],"collection":[{"href":"https:\/\/www.petitelaure.com\/pl\/wp-json\/wp\/v2\/product"}],"about":[{"href":"https:\/\/www.petitelaure.com\/pl\/wp-json\/wp\/v2\/types\/product"}],"replies":[{"embeddable":true,"href":"https:\/\/www.petitelaure.com\/pl\/wp-json\/wp\/v2\/comments?post=6686"}],"wp:featuredmedia":[{"embeddable":true,"href":"https:\/\/www.petitelaure.com\/pl\/wp-json\/wp\/v2\/media\/6688"}],"wp:attachment":[{"href":"https:\/\/www.petitelaure.com\/pl\/wp-json\/wp\/v2\/media?parent=6686"}],"wp:term":[{"taxonomy":"product_brand","embeddable":true,"href":"https:\/\/www.petitelaure.com\/pl\/wp-json\/wp\/v2\/product_brand?post=6686"},{"taxonomy":"product_cat","embeddable":true,"href":"https:\/\/www.petitelaure.com\/pl\/wp-json\/wp\/v2\/product_cat?post=6686"},{"taxonomy":"product_tag","embeddable":true,"href":"https:\/\/www.petitelaure.com\/pl\/wp-json\/wp\/v2\/product_tag?post=6686"}],"curies":[{"name":"wp","href":"https:\/\/api.w.org\/{rel}","templated":true}]}}