{"id":6219,"date":"2022-09-08T13:49:31","date_gmt":"2022-09-08T11:49:32","guid":{"rendered":"https:\/\/www.petitelaure.com\/?post_type=product&#038;p=6219"},"modified":"2024-05-27T15:14:05","modified_gmt":"2024-05-27T13:14:05","slug":"kocyk-do-fotelika-samochodowego-golebie-bezowy-velvet-bezowy","status":"publish","type":"product","link":"https:\/\/www.petitelaure.com\/pl\/produkt\/kocyk-do-fotelika-samochodowego-golebie-bezowy-velvet-bezowy\/","title":{"rendered":"Kocyk do Fotelika Samochodowego Go\u0142\u0119bie Be\u017cowy\/Velvet Be\u017cowy"},"content":{"rendered":"<h2>Kocyk do Fotelika Samochodowego Go\u0142\u0119bie Be\u017cowy\/Velvet Be\u017cowy<\/h2>\n<p>Ocieplany kocyk\/otulacz do fotelika\/w\u00f3zka od Petite Laure jest przyjemny w dotyku, mi\u0119kki, ciep\u0142y i uniwersalny. Jest to produkt obowi\u0105zkowy na li\u015bcie ka\u017cdej, \u00a0dobrze przygotowanej wyprawki niemowl\u0119cej.<\/p>\n<p>Ze wzgl\u0119d\u00f3w bezpiecze\u0144stwa <strong>nie nale\u017cy zapina\u0107 pas\u00f3w fotelika samochodowego na kombinezon czy kurtk\u0119 dziecka<\/strong>. Kocyk do fotelika pozwala na <strong>bezpieczne i ciep\u0142e przewo\u017cenie maluszka nawet bez okrycia wierzchniego.<\/strong> Otulacz do fotelika jest bardzo wygodnym rozwi\u0105zaniem podczas podr\u00f3\u017cy czy spacerach z maluszkiem. Nie musisz przejmowa\u0107 si\u0119, \u017ce przechodz\u0105c z auta do pomieszczenia wybudzisz go podczas rozbierania, wystarczy rozwi\u0105za\u0107 otulacz nie przeszkadzaj\u0105c przy tym w drzemce.<\/p>\n<p>Otulacz do fotelika od Petite Laure wykonali\u015bmy w niezwykle <strong>przemy\u015blany spos\u00f3b<\/strong>. Z my\u015bl\u0105 o nie zak\u0142\u00f3caniu snu maluszka jest\u00a0<strong>zawi\u0105zywany<\/strong>, a nie zapinany na rzepy. Wewn\u0119trzna strona to oddychaj\u0105ca, mi\u0119kka i delikatna bawe\u0142na premium z naszym <strong>oryginalnym wzorem.<\/strong> Zewn\u0119trzna strona to bajecznie mi\u0119ciutki velvet, odseparowuj\u0105cy maluszka od zimna i wiatru. Antyalergiczne, oddychaj\u0105ce, puszyste wype\u0142nienie zapewni wygod\u0119 i maksymalny komfort ka\u017cdemu dziecku. Kaptur zabezpieczy g\u0142\u00f3wk\u0119 maluszka.<\/p>\n<h3>Kocyk do fotelika sprawdzi si\u0119 doskonale przez pierwszych kilkana\u015bcie miesi\u0119cy \u017cycia dziecka.<\/h3>\n<p>Niezast\u0105piony jako ca\u0142oroczny ciep\u0142y otulacz do fotelika, \u00a0podczas spacer\u00f3w, kocyk do gondoli czy spacer\u00f3wki.<\/p>\n<p><strong>Przeznaczony dla dzieci 0-12 msc.<\/strong><\/p>\n<p>Do ocieplanego otualcza velvet mo\u017cna dobra\u0107 pierwsz\u0105 poduszk\u0119 p\u0142ask\u0105 dla niemowl\u0119cia, kocyk, a tak\u017ce \u015bpiworek do spania, ro\u017cek i kokon niemowl\u0119cy.<\/p>\n<p>Produkt szyty r\u0119cznie, z najwy\u017csz\u0105 dok\u0142adno\u015bci\u0105 i z wykorzystaniem najlepszych jako\u015bciowo materia\u0142\u00f3w.\u00a0Zapakowany w firmow\u0105, p\u0142\u00f3cienn\u0105 torb\u0119.<\/p>\n<p>Produkt szyty w Polsce.<\/p>\n<p>Sk\u0142ad: <strong>BAWE\u0141NA PREMIUM <\/strong>(Certyfikat OEKO-TEX Standard 100)<\/p>\n<p>Wype\u0142nienie to antyalergiczna, oddychaj\u0105ca, silikonowa w\u0142\u00f3knina &#8211; spr\u0119\u017cysta i mi\u0119kka (Certyfikat OEKO-TEX Standard 100). Wype\u0142nienie wewn\u0105trz nie przemieszcza si\u0119 podczas u\u017cytkowania i w praniu poniewa\u017c jest wszyte do tkaniny zewn\u0119trznej.<\/p>\n<p><strong>Kocyk ma uniwersalny rozmiar, pasuje do fotelik\u00f3w i w\u00f3zk\u00f3w \u00a0z pasami 3 i 5 punktowymi.<\/strong><\/p>\n<p>Wymiary:<strong>\u00a095 x 110 cm (+\/- 2 cm)<\/strong><\/p>\n<p><strong>SPOS\u00d3B PIELEGNACJI:<\/strong><\/p>\n<ul>\n<li>pra\u0107 w temperaturze 30\u00b0, max. 800 obrot\u00f3w wirowania<\/li>\n<li>prasowa\u0107\u00a0tylko tkanin\u0119 bawe\u0142nian\u0105 \u00a0w \u015bredniej temperaturze prasowania max. do 110\u00b0, nie prasowa\u0107 strony velvet<\/li>\n<li>nie czy\u015bci\u0107 chemicznie<\/li>\n<li>nie suszy\u0107 w suszarce b\u0119bnowej<\/li>\n<li>pra\u0107 oddzielnie<\/li>\n<li>nie stosowa\u0107 wybielaczy<\/li>\n<\/ul>\n<p>Kocyk z wype\u0142nieniem do fotelika samochodowego \u015bwietnie sprawdzi si\u0119 w roli stylowego i nietuzinkowego prezentu dla maluszka z okazji babyshower czy te\u017c na inne mi\u0142e okazje.<\/p>\n<p>Produkt nale\u017cy stosowa\u0107 pod opiek\u0105 rodzica.<\/p>\n<p><a href=\"https:\/\/www.petitelaure.com\/pl\/kategoria-produktu\/kocyki\/kocyki-do-fotelika\/\">Zobacz nasze wszystkie kocyki do fotelika samochodowego\u00a0<\/a><\/p>\n<p>&nbsp;<\/p>\n","protected":false},"excerpt":{"rendered":"<p>Ocieplany kocyk\/otulacz \u00a0do fotelika\/w\u00f3zka \u00a0od Petite Laure jest przyjemny w dotyku, mi\u0119kki, ciep\u0142y i uniwersalny. Jest to produkt obowi\u0105zkowy na li\u015bcie dobrze przygotowanej wyprawki niemowl\u0119cej.<\/p>\n","protected":false},"featured_media":6229,"comment_status":"open","ping_status":"closed","template":"","meta":[],"product_brand":[],"product_cat":[77,230],"product_tag":[],"class_list":{"0":"post-6219","1":"product","2":"type-product","3":"status-publish","4":"has-post-thumbnail","6":"product_cat-kocyki","7":"product_cat-kocyki-do-fotelika-samochodowego","9":"first","10":"instock","11":"shipping-taxable","12":"purchasable","13":"product-type-simple"},"yoast_head":"<!-- This site is optimized with the Yoast SEO plugin v26.9 - https:\/\/yoast.com\/product\/yoast-seo-wordpress\/ -->\n<title>Kocyk do Fotelika Samochodowego Go\u0142\u0119bie Be\u017cowy\/Velvet Be\u017cowy<\/title>\n<meta name=\"description\" content=\"Ocieplany kocyk\/otulacz do fotelika samochodowego lub w\u00f3zka dziecka od Petite Laure jest przyjemny w dotyku, mi\u0119kki, ciep\u0142y i uniwersalny.\" \/>\n<meta name=\"robots\" content=\"index, follow, max-snippet:-1, max-image-preview:large, max-video-preview:-1\" \/>\n<link rel=\"canonical\" href=\"https:\/\/www.petitelaure.com\/pl\/produkt\/kocyk-do-fotelika-samochodowego-golebie-bezowy-velvet-bezowy\/\" \/>\n<meta property=\"og:locale\" content=\"pl_PL\" \/>\n<meta property=\"og:type\" content=\"article\" \/>\n<meta property=\"og:title\" content=\"Kocyk do Fotelika Samochodowego Go\u0142\u0119bie Be\u017cowy\/Velvet Be\u017cowy\" \/>\n<meta property=\"og:description\" content=\"Ocieplany kocyk\/otulacz do fotelika samochodowego lub w\u00f3zka dziecka od Petite Laure jest przyjemny w dotyku, mi\u0119kki, ciep\u0142y i uniwersalny.\" \/>\n<meta property=\"og:url\" content=\"https:\/\/www.petitelaure.com\/pl\/produkt\/kocyk-do-fotelika-samochodowego-golebie-bezowy-velvet-bezowy\/\" \/>\n<meta property=\"og:site_name\" content=\"petitelaure.com\" \/>\n<meta property=\"article:modified_time\" content=\"2024-05-27T13:14:05+00:00\" \/>\n<meta property=\"og:image\" content=\"https:\/\/www.petitelaure.com\/wp-content\/uploads\/2022\/09\/IMG_0822.jpg\" \/>\n\t<meta property=\"og:image:width\" content=\"1024\" \/>\n\t<meta property=\"og:image:height\" content=\"1280\" \/>\n\t<meta property=\"og:image:type\" content=\"image\/jpeg\" \/>\n<meta name=\"twitter:card\" content=\"summary_large_image\" \/>\n<meta name=\"twitter:label1\" content=\"Szacowany czas czytania\" \/>\n\t<meta name=\"twitter:data1\" content=\"3 minuty\" \/>\n<script type=\"application\/ld+json\" class=\"yoast-schema-graph\">{\"@context\":\"https:\/\/schema.org\",\"@graph\":[{\"@type\":\"WebPage\",\"@id\":\"https:\/\/www.petitelaure.com\/pl\/produkt\/kocyk-do-fotelika-samochodowego-golebie-bezowy-velvet-bezowy\/\",\"url\":\"https:\/\/www.petitelaure.com\/pl\/produkt\/kocyk-do-fotelika-samochodowego-golebie-bezowy-velvet-bezowy\/\",\"name\":\"Kocyk do Fotelika Samochodowego Go\u0142\u0119bie Be\u017cowy\/Velvet Be\u017cowy\",\"isPartOf\":{\"@id\":\"https:\/\/www.petitelaure.com\/pl\/#website\"},\"primaryImageOfPage\":{\"@id\":\"https:\/\/www.petitelaure.com\/pl\/produkt\/kocyk-do-fotelika-samochodowego-golebie-bezowy-velvet-bezowy\/#primaryimage\"},\"image\":{\"@id\":\"https:\/\/www.petitelaure.com\/pl\/produkt\/kocyk-do-fotelika-samochodowego-golebie-bezowy-velvet-bezowy\/#primaryimage\"},\"thumbnailUrl\":\"https:\/\/www.petitelaure.com\/wp-content\/uploads\/2022\/09\/IMG_0822.jpg\",\"datePublished\":\"2022-09-08T11:49:32+00:00\",\"dateModified\":\"2024-05-27T13:14:05+00:00\",\"description\":\"Ocieplany kocyk\/otulacz do fotelika samochodowego lub w\u00f3zka dziecka od Petite Laure jest przyjemny w dotyku, mi\u0119kki, ciep\u0142y i uniwersalny.\",\"breadcrumb\":{\"@id\":\"https:\/\/www.petitelaure.com\/pl\/produkt\/kocyk-do-fotelika-samochodowego-golebie-bezowy-velvet-bezowy\/#breadcrumb\"},\"inLanguage\":\"pl-PL\",\"potentialAction\":[{\"@type\":\"ReadAction\",\"target\":[\"https:\/\/www.petitelaure.com\/pl\/produkt\/kocyk-do-fotelika-samochodowego-golebie-bezowy-velvet-bezowy\/\"]}]},{\"@type\":\"ImageObject\",\"inLanguage\":\"pl-PL\",\"@id\":\"https:\/\/www.petitelaure.com\/pl\/produkt\/kocyk-do-fotelika-samochodowego-golebie-bezowy-velvet-bezowy\/#primaryimage\",\"url\":\"https:\/\/www.petitelaure.com\/wp-content\/uploads\/2022\/09\/IMG_0822.jpg\",\"contentUrl\":\"https:\/\/www.petitelaure.com\/wp-content\/uploads\/2022\/09\/IMG_0822.jpg\",\"width\":1024,\"height\":1280,\"caption\":\"Kocyk do fotelika samochodowego be\u017cowy \/ velvet\"},{\"@type\":\"BreadcrumbList\",\"@id\":\"https:\/\/www.petitelaure.com\/pl\/produkt\/kocyk-do-fotelika-samochodowego-golebie-bezowy-velvet-bezowy\/#breadcrumb\",\"itemListElement\":[{\"@type\":\"ListItem\",\"position\":1,\"name\":\"Strona g\u0142\u00f3wna\",\"item\":\"https:\/\/www.petitelaure.com\/pl\/\"},{\"@type\":\"ListItem\",\"position\":2,\"name\":\"Sklep\",\"item\":\"https:\/\/www.petitelaure.com\/pl\/sklep\/\"},{\"@type\":\"ListItem\",\"position\":3,\"name\":\"Kocyk do Fotelika Samochodowego Go\u0142\u0119bie Be\u017cowy\/Velvet Be\u017cowy\"}]},{\"@type\":\"WebSite\",\"@id\":\"https:\/\/www.petitelaure.com\/pl\/#website\",\"url\":\"https:\/\/www.petitelaure.com\/pl\/\",\"name\":\"petitelaure.com\",\"description\":\"\",\"potentialAction\":[{\"@type\":\"SearchAction\",\"target\":{\"@type\":\"EntryPoint\",\"urlTemplate\":\"https:\/\/www.petitelaure.com\/pl\/?s={search_term_string}\"},\"query-input\":{\"@type\":\"PropertyValueSpecification\",\"valueRequired\":true,\"valueName\":\"search_term_string\"}}],\"inLanguage\":\"pl-PL\"}]}<\/script>\n<!-- \/ Yoast SEO plugin. -->","yoast_head_json":{"title":"Kocyk do Fotelika Samochodowego Go\u0142\u0119bie Be\u017cowy\/Velvet Be\u017cowy","description":"Ocieplany kocyk\/otulacz do fotelika samochodowego lub w\u00f3zka dziecka od Petite Laure jest przyjemny w dotyku, mi\u0119kki, ciep\u0142y i uniwersalny.","robots":{"index":"index","follow":"follow","max-snippet":"max-snippet:-1","max-image-preview":"max-image-preview:large","max-video-preview":"max-video-preview:-1"},"canonical":"https:\/\/www.petitelaure.com\/pl\/produkt\/kocyk-do-fotelika-samochodowego-golebie-bezowy-velvet-bezowy\/","og_locale":"pl_PL","og_type":"article","og_title":"Kocyk do Fotelika Samochodowego Go\u0142\u0119bie Be\u017cowy\/Velvet Be\u017cowy","og_description":"Ocieplany kocyk\/otulacz do fotelika samochodowego lub w\u00f3zka dziecka od Petite Laure jest przyjemny w dotyku, mi\u0119kki, ciep\u0142y i uniwersalny.","og_url":"https:\/\/www.petitelaure.com\/pl\/produkt\/kocyk-do-fotelika-samochodowego-golebie-bezowy-velvet-bezowy\/","og_site_name":"petitelaure.com","article_modified_time":"2024-05-27T13:14:05+00:00","og_image":[{"width":1024,"height":1280,"url":"https:\/\/www.petitelaure.com\/wp-content\/uploads\/2022\/09\/IMG_0822.jpg","type":"image\/jpeg"}],"twitter_card":"summary_large_image","twitter_misc":{"Szacowany czas czytania":"3 minuty"},"schema":{"@context":"https:\/\/schema.org","@graph":[{"@type":"WebPage","@id":"https:\/\/www.petitelaure.com\/pl\/produkt\/kocyk-do-fotelika-samochodowego-golebie-bezowy-velvet-bezowy\/","url":"https:\/\/www.petitelaure.com\/pl\/produkt\/kocyk-do-fotelika-samochodowego-golebie-bezowy-velvet-bezowy\/","name":"Kocyk do Fotelika Samochodowego Go\u0142\u0119bie Be\u017cowy\/Velvet Be\u017cowy","isPartOf":{"@id":"https:\/\/www.petitelaure.com\/pl\/#website"},"primaryImageOfPage":{"@id":"https:\/\/www.petitelaure.com\/pl\/produkt\/kocyk-do-fotelika-samochodowego-golebie-bezowy-velvet-bezowy\/#primaryimage"},"image":{"@id":"https:\/\/www.petitelaure.com\/pl\/produkt\/kocyk-do-fotelika-samochodowego-golebie-bezowy-velvet-bezowy\/#primaryimage"},"thumbnailUrl":"https:\/\/www.petitelaure.com\/wp-content\/uploads\/2022\/09\/IMG_0822.jpg","datePublished":"2022-09-08T11:49:32+00:00","dateModified":"2024-05-27T13:14:05+00:00","description":"Ocieplany kocyk\/otulacz do fotelika samochodowego lub w\u00f3zka dziecka od Petite Laure jest przyjemny w dotyku, mi\u0119kki, ciep\u0142y i uniwersalny.","breadcrumb":{"@id":"https:\/\/www.petitelaure.com\/pl\/produkt\/kocyk-do-fotelika-samochodowego-golebie-bezowy-velvet-bezowy\/#breadcrumb"},"inLanguage":"pl-PL","potentialAction":[{"@type":"ReadAction","target":["https:\/\/www.petitelaure.com\/pl\/produkt\/kocyk-do-fotelika-samochodowego-golebie-bezowy-velvet-bezowy\/"]}]},{"@type":"ImageObject","inLanguage":"pl-PL","@id":"https:\/\/www.petitelaure.com\/pl\/produkt\/kocyk-do-fotelika-samochodowego-golebie-bezowy-velvet-bezowy\/#primaryimage","url":"https:\/\/www.petitelaure.com\/wp-content\/uploads\/2022\/09\/IMG_0822.jpg","contentUrl":"https:\/\/www.petitelaure.com\/wp-content\/uploads\/2022\/09\/IMG_0822.jpg","width":1024,"height":1280,"caption":"Kocyk do fotelika samochodowego be\u017cowy \/ velvet"},{"@type":"BreadcrumbList","@id":"https:\/\/www.petitelaure.com\/pl\/produkt\/kocyk-do-fotelika-samochodowego-golebie-bezowy-velvet-bezowy\/#breadcrumb","itemListElement":[{"@type":"ListItem","position":1,"name":"Strona g\u0142\u00f3wna","item":"https:\/\/www.petitelaure.com\/pl\/"},{"@type":"ListItem","position":2,"name":"Sklep","item":"https:\/\/www.petitelaure.com\/pl\/sklep\/"},{"@type":"ListItem","position":3,"name":"Kocyk do Fotelika Samochodowego Go\u0142\u0119bie Be\u017cowy\/Velvet Be\u017cowy"}]},{"@type":"WebSite","@id":"https:\/\/www.petitelaure.com\/pl\/#website","url":"https:\/\/www.petitelaure.com\/pl\/","name":"petitelaure.com","description":"","potentialAction":[{"@type":"SearchAction","target":{"@type":"EntryPoint","urlTemplate":"https:\/\/www.petitelaure.com\/pl\/?s={search_term_string}"},"query-input":{"@type":"PropertyValueSpecification","valueRequired":true,"valueName":"search_term_string"}}],"inLanguage":"pl-PL"}]}},"_links":{"self":[{"href":"https:\/\/www.petitelaure.com\/pl\/wp-json\/wp\/v2\/product\/6219","targetHints":{"allow":["GET"]}}],"collection":[{"href":"https:\/\/www.petitelaure.com\/pl\/wp-json\/wp\/v2\/product"}],"about":[{"href":"https:\/\/www.petitelaure.com\/pl\/wp-json\/wp\/v2\/types\/product"}],"replies":[{"embeddable":true,"href":"https:\/\/www.petitelaure.com\/pl\/wp-json\/wp\/v2\/comments?post=6219"}],"wp:featuredmedia":[{"embeddable":true,"href":"https:\/\/www.petitelaure.com\/pl\/wp-json\/wp\/v2\/media\/6229"}],"wp:attachment":[{"href":"https:\/\/www.petitelaure.com\/pl\/wp-json\/wp\/v2\/media?parent=6219"}],"wp:term":[{"taxonomy":"product_brand","embeddable":true,"href":"https:\/\/www.petitelaure.com\/pl\/wp-json\/wp\/v2\/product_brand?post=6219"},{"taxonomy":"product_cat","embeddable":true,"href":"https:\/\/www.petitelaure.com\/pl\/wp-json\/wp\/v2\/product_cat?post=6219"},{"taxonomy":"product_tag","embeddable":true,"href":"https:\/\/www.petitelaure.com\/pl\/wp-json\/wp\/v2\/product_tag?post=6219"}],"curies":[{"name":"wp","href":"https:\/\/api.w.org\/{rel}","templated":true}]}}