{"id":5715,"date":"2022-06-14T10:39:09","date_gmt":"2022-06-14T08:39:10","guid":{"rendered":"https:\/\/www.petitelaure.com\/?post_type=product&#038;p=5715"},"modified":"2025-07-12T07:48:58","modified_gmt":"2025-07-12T05:48:58","slug":"przescieradlo-bawelniane-golebie-bezowy","status":"publish","type":"product","link":"https:\/\/www.petitelaure.com\/pl\/produkt\/przescieradlo-bawelniane-golebie-bezowy\/","title":{"rendered":"Prze\u015bcierad\u0142o Bawe\u0142niane Go\u0142\u0119bie Be\u017cowy"},"content":{"rendered":"<h2>Prze\u015bcierad\u0142o Bawe\u0142niane Go\u0142\u0119bie Be\u017cowy<\/h2>\n<p>Prze\u015bcierad\u0142o od Petite Laure jest wykonane z podw\u00f3jnie czesanej bawe\u0142ny premium z naszym oryginalnym wzorem, antyalergicznej i niezwykle delikatnej dla sk\u00f3ry maluszka. Materia\u0142 jest przewiewny i oddychaj\u0105cy, zapewnia odpowiedni\u0105 cyrkulacj\u0119 powietrza zapobiegaj\u0105c poceniu si\u0119 dziecka.<\/p>\n<p>Prze\u015bcierad\u0142o jest mi\u0119ciutkie i aksamitne w dotyku. Posiada elastyczn\u0105 gumk\u0119 i kszta\u0142t dopasowuj\u0105cy si\u0119 do materaca.<\/p>\n<p>Prze\u015bcierad\u0142o dost\u0119pne w 3 rozmiarach:<\/p>\n<ul>\n<li><strong>40 x 80 cm<\/strong> &#8211; prze\u015bcierad\u0142o <strong>do gondoli lub kosza Moj\u017cesza<\/strong><\/li>\n<li><strong>60 x 120 cm<\/strong> &#8211; prze\u015bcierad\u0142o <strong>do \u0142\u00f3\u017ceczka dzieci\u0119cego<\/strong><\/li>\n<li><strong>70 x 140 cm<\/strong> &#8211; prze\u015bcierad\u0142o <strong>do \u0142\u00f3\u017ceczka dzieci\u0119cego<\/strong><\/li>\n<\/ul>\n<p>Je\u015bli interesuje Ci\u0119 inny rozmiar prze\u015bcierad\u0142a, napisz do nas wykonamy je specjalnie dla Ciebie.<\/p>\n<p>Prze\u015bcierad\u0142a od Petite Laure pakujemy w ekologiczne, bawe\u0142niane woreczki z logo Petite Laure.<\/p>\n<p>Do kompletu mo\u017cna dobra\u0107 dopasowan\u0105 kolorystycznie: \u00a0<strong>po\u015bciel dla dziecka,<\/strong>\u00a0<strong>\u015bpiworek do spania<\/strong>, <strong>kokon niemowl\u0119cy<\/strong>, <strong>kocyk velvet z wype\u0142nienim, poduszk\u0119 p\u0142ask\u0105.<\/strong><\/p>\n<p>Zaleca si\u0119 pranie przed pierwszym u\u017cyciem. Wyprodukowano w Polsce.<\/p>\n<p>Sk\u0142ad: <strong>BAWE\u0141NA PREMIUM <\/strong>(Certyfikat OEKO-TEX Standard 100.)<strong>\u00a0<\/strong><\/p>\n<p>&nbsp;<\/p>\n<p><strong>SPOS\u00d3B PIEL\u0118GNACJI:<\/strong><\/p>\n<ul>\n<li>pra\u0107 w temperaturze 30\u00b0, max. 800 obrot\u00f3w wirowania<\/li>\n<li>prasowa\u0107\u00a0tylko tkanin\u0119 bawe\u0142nian\u0105 \u00a0w \u015bredniej temperaturze prasowania max. do 110\u00b0, nie prasowa\u0107 strony velvet<\/li>\n<li>nie czy\u015bci\u0107 chemicznie<\/li>\n<li>nie suszy\u0107 w suszarce b\u0119bnowej<\/li>\n<li>pra\u0107 oddzielnie<\/li>\n<li>nie stosowa\u0107 wybielaczy<\/li>\n<\/ul>\n<p>Produkt nale\u017cy stosowa\u0107 pod opiek\u0105 rodzica.<\/p>\n<p>&nbsp;<\/p>\n","protected":false},"excerpt":{"rendered":"<p>Prze\u015bcierad\u0142o od Petite Laure jest wykonane z podw\u00f3jnie czesanej bawe\u0142ny premium z naszym oryginalnym wzorem, antyalergicznej i niezwykle delikatnej dla sk\u00f3ry maluszka. Materia\u0142 jest przewiewny i oddychaj\u0105cy, zapewnia odpowiedni\u0105 cyrkulacj\u0119 powietrza zapobiegaj\u0105c poceniu si\u0119 dziecka.<\/p>\n<p>Prze\u015bcierad\u0142o jest mi\u0119ciutkie i aksamitne w dotyku. Posiada elastyczn\u0105 gumk\u0119 i kszta\u0142t dopasowuj\u0105cy si\u0119 do materaca.<\/p>\n<p>&nbsp;<\/p>\n<p>&nbsp;<\/p>\n","protected":false},"featured_media":5722,"comment_status":"open","ping_status":"closed","template":"","meta":[],"product_brand":[],"product_cat":[232,302,489],"product_tag":[],"class_list":{"0":"post-5715","1":"product","2":"type-product","3":"status-publish","4":"has-post-thumbnail","6":"product_cat-posciel-niemowleca-dla-dziecka-do-lozeczka","7":"product_cat-przescieradla-niemowlece","8":"product_cat-przescieradlo-niemowlece","10":"first","11":"outofstock","12":"shipping-taxable","13":"purchasable","14":"product-type-variable"},"yoast_head":"<!-- This site is optimized with the Yoast SEO plugin v26.9 - https:\/\/yoast.com\/product\/yoast-seo-wordpress\/ -->\n<title>Prze\u015bcierad\u0142o Bawe\u0142niane Go\u0142\u0119bie Be\u017cowy - petitelaure.com<\/title>\n<meta name=\"description\" content=\"Prze\u015bcierad\u0142o od Petite Laure jest wykonane z podw\u00f3jnie czesanej bawe\u0142ny premium z naszym oryginalnym wzorem, antyalergicznej i niezwykle delikatnej dla sk\u00f3ry maluszka. Materia\u0142 jest przewiewny i oddychaj\u0105cy, zapewnia odpowiedni\u0105 cyrkulacj\u0119 powietrza zapobiegaj\u0105c poceniu si\u0119 dziecka.Prze\u015bcierad\u0142o jest mi\u0119ciutkie i aksamitne w dotyku. Posiada elastyczn\u0105 gumk\u0119 i kszta\u0142t dopasowuj\u0105cy si\u0119 do materaca.\" \/>\n<meta name=\"robots\" content=\"index, follow, max-snippet:-1, max-image-preview:large, max-video-preview:-1\" \/>\n<link rel=\"canonical\" href=\"https:\/\/www.petitelaure.com\/pl\/produkt\/przescieradlo-bawelniane-golebie-bezowy\/\" \/>\n<meta property=\"og:locale\" content=\"pl_PL\" \/>\n<meta property=\"og:type\" content=\"article\" \/>\n<meta property=\"og:title\" content=\"Prze\u015bcierad\u0142o Bawe\u0142niane Go\u0142\u0119bie Be\u017cowy - petitelaure.com\" \/>\n<meta property=\"og:description\" content=\"Prze\u015bcierad\u0142o od Petite Laure jest wykonane z podw\u00f3jnie czesanej bawe\u0142ny premium z naszym oryginalnym wzorem, antyalergicznej i niezwykle delikatnej dla sk\u00f3ry maluszka. Materia\u0142 jest przewiewny i oddychaj\u0105cy, zapewnia odpowiedni\u0105 cyrkulacj\u0119 powietrza zapobiegaj\u0105c poceniu si\u0119 dziecka.Prze\u015bcierad\u0142o jest mi\u0119ciutkie i aksamitne w dotyku. Posiada elastyczn\u0105 gumk\u0119 i kszta\u0142t dopasowuj\u0105cy si\u0119 do materaca.\" \/>\n<meta property=\"og:url\" content=\"https:\/\/www.petitelaure.com\/pl\/produkt\/przescieradlo-bawelniane-golebie-bezowy\/\" \/>\n<meta property=\"og:site_name\" content=\"petitelaure.com\" \/>\n<meta property=\"article:modified_time\" content=\"2025-07-12T05:48:58+00:00\" \/>\n<meta property=\"og:image\" content=\"https:\/\/www.petitelaure.com\/wp-content\/uploads\/2022\/06\/IMG_8290.jpg\" \/>\n\t<meta property=\"og:image:width\" content=\"1512\" \/>\n\t<meta property=\"og:image:height\" content=\"2016\" \/>\n\t<meta property=\"og:image:type\" content=\"image\/jpeg\" \/>\n<meta name=\"twitter:card\" content=\"summary_large_image\" \/>\n<meta name=\"twitter:label1\" content=\"Szacowany czas czytania\" \/>\n\t<meta name=\"twitter:data1\" content=\"2 minuty\" \/>\n<script type=\"application\/ld+json\" class=\"yoast-schema-graph\">{\"@context\":\"https:\/\/schema.org\",\"@graph\":[{\"@type\":\"WebPage\",\"@id\":\"https:\/\/www.petitelaure.com\/pl\/produkt\/przescieradlo-bawelniane-golebie-bezowy\/\",\"url\":\"https:\/\/www.petitelaure.com\/pl\/produkt\/przescieradlo-bawelniane-golebie-bezowy\/\",\"name\":\"Prze\u015bcierad\u0142o Bawe\u0142niane Go\u0142\u0119bie Be\u017cowy - petitelaure.com\",\"isPartOf\":{\"@id\":\"https:\/\/www.petitelaure.com\/pl\/#website\"},\"primaryImageOfPage\":{\"@id\":\"https:\/\/www.petitelaure.com\/pl\/produkt\/przescieradlo-bawelniane-golebie-bezowy\/#primaryimage\"},\"image\":{\"@id\":\"https:\/\/www.petitelaure.com\/pl\/produkt\/przescieradlo-bawelniane-golebie-bezowy\/#primaryimage\"},\"thumbnailUrl\":\"https:\/\/www.petitelaure.com\/wp-content\/uploads\/2022\/06\/IMG_8290.jpg\",\"datePublished\":\"2022-06-14T08:39:10+00:00\",\"dateModified\":\"2025-07-12T05:48:58+00:00\",\"description\":\"Prze\u015bcierad\u0142o od Petite Laure jest wykonane z podw\u00f3jnie czesanej bawe\u0142ny premium z naszym oryginalnym wzorem, antyalergicznej i niezwykle delikatnej dla sk\u00f3ry maluszka. Materia\u0142 jest przewiewny i oddychaj\u0105cy, zapewnia odpowiedni\u0105 cyrkulacj\u0119 powietrza zapobiegaj\u0105c poceniu si\u0119 dziecka.Prze\u015bcierad\u0142o jest mi\u0119ciutkie i aksamitne w dotyku. Posiada elastyczn\u0105 gumk\u0119 i kszta\u0142t dopasowuj\u0105cy si\u0119 do materaca.\",\"breadcrumb\":{\"@id\":\"https:\/\/www.petitelaure.com\/pl\/produkt\/przescieradlo-bawelniane-golebie-bezowy\/#breadcrumb\"},\"inLanguage\":\"pl-PL\",\"potentialAction\":[{\"@type\":\"ReadAction\",\"target\":[\"https:\/\/www.petitelaure.com\/pl\/produkt\/przescieradlo-bawelniane-golebie-bezowy\/\"]}]},{\"@type\":\"ImageObject\",\"inLanguage\":\"pl-PL\",\"@id\":\"https:\/\/www.petitelaure.com\/pl\/produkt\/przescieradlo-bawelniane-golebie-bezowy\/#primaryimage\",\"url\":\"https:\/\/www.petitelaure.com\/wp-content\/uploads\/2022\/06\/IMG_8290.jpg\",\"contentUrl\":\"https:\/\/www.petitelaure.com\/wp-content\/uploads\/2022\/06\/IMG_8290.jpg\",\"width\":1512,\"height\":2016},{\"@type\":\"BreadcrumbList\",\"@id\":\"https:\/\/www.petitelaure.com\/pl\/produkt\/przescieradlo-bawelniane-golebie-bezowy\/#breadcrumb\",\"itemListElement\":[{\"@type\":\"ListItem\",\"position\":1,\"name\":\"Strona g\u0142\u00f3wna\",\"item\":\"https:\/\/www.petitelaure.com\/pl\/\"},{\"@type\":\"ListItem\",\"position\":2,\"name\":\"Sklep\",\"item\":\"https:\/\/www.petitelaure.com\/pl\/sklep\/\"},{\"@type\":\"ListItem\",\"position\":3,\"name\":\"Prze\u015bcierad\u0142o Bawe\u0142niane Go\u0142\u0119bie Be\u017cowy\"}]},{\"@type\":\"WebSite\",\"@id\":\"https:\/\/www.petitelaure.com\/pl\/#website\",\"url\":\"https:\/\/www.petitelaure.com\/pl\/\",\"name\":\"petitelaure.com\",\"description\":\"\",\"potentialAction\":[{\"@type\":\"SearchAction\",\"target\":{\"@type\":\"EntryPoint\",\"urlTemplate\":\"https:\/\/www.petitelaure.com\/pl\/?s={search_term_string}\"},\"query-input\":{\"@type\":\"PropertyValueSpecification\",\"valueRequired\":true,\"valueName\":\"search_term_string\"}}],\"inLanguage\":\"pl-PL\"}]}<\/script>\n<!-- \/ Yoast SEO plugin. -->","yoast_head_json":{"title":"Prze\u015bcierad\u0142o Bawe\u0142niane Go\u0142\u0119bie Be\u017cowy - petitelaure.com","description":"Prze\u015bcierad\u0142o od Petite Laure jest wykonane z podw\u00f3jnie czesanej bawe\u0142ny premium z naszym oryginalnym wzorem, antyalergicznej i niezwykle delikatnej dla sk\u00f3ry maluszka. Materia\u0142 jest przewiewny i oddychaj\u0105cy, zapewnia odpowiedni\u0105 cyrkulacj\u0119 powietrza zapobiegaj\u0105c poceniu si\u0119 dziecka.Prze\u015bcierad\u0142o jest mi\u0119ciutkie i aksamitne w dotyku. Posiada elastyczn\u0105 gumk\u0119 i kszta\u0142t dopasowuj\u0105cy si\u0119 do materaca.","robots":{"index":"index","follow":"follow","max-snippet":"max-snippet:-1","max-image-preview":"max-image-preview:large","max-video-preview":"max-video-preview:-1"},"canonical":"https:\/\/www.petitelaure.com\/pl\/produkt\/przescieradlo-bawelniane-golebie-bezowy\/","og_locale":"pl_PL","og_type":"article","og_title":"Prze\u015bcierad\u0142o Bawe\u0142niane Go\u0142\u0119bie Be\u017cowy - petitelaure.com","og_description":"Prze\u015bcierad\u0142o od Petite Laure jest wykonane z podw\u00f3jnie czesanej bawe\u0142ny premium z naszym oryginalnym wzorem, antyalergicznej i niezwykle delikatnej dla sk\u00f3ry maluszka. Materia\u0142 jest przewiewny i oddychaj\u0105cy, zapewnia odpowiedni\u0105 cyrkulacj\u0119 powietrza zapobiegaj\u0105c poceniu si\u0119 dziecka.Prze\u015bcierad\u0142o jest mi\u0119ciutkie i aksamitne w dotyku. Posiada elastyczn\u0105 gumk\u0119 i kszta\u0142t dopasowuj\u0105cy si\u0119 do materaca.","og_url":"https:\/\/www.petitelaure.com\/pl\/produkt\/przescieradlo-bawelniane-golebie-bezowy\/","og_site_name":"petitelaure.com","article_modified_time":"2025-07-12T05:48:58+00:00","og_image":[{"width":1512,"height":2016,"url":"https:\/\/www.petitelaure.com\/wp-content\/uploads\/2022\/06\/IMG_8290.jpg","type":"image\/jpeg"}],"twitter_card":"summary_large_image","twitter_misc":{"Szacowany czas czytania":"2 minuty"},"schema":{"@context":"https:\/\/schema.org","@graph":[{"@type":"WebPage","@id":"https:\/\/www.petitelaure.com\/pl\/produkt\/przescieradlo-bawelniane-golebie-bezowy\/","url":"https:\/\/www.petitelaure.com\/pl\/produkt\/przescieradlo-bawelniane-golebie-bezowy\/","name":"Prze\u015bcierad\u0142o Bawe\u0142niane Go\u0142\u0119bie Be\u017cowy - petitelaure.com","isPartOf":{"@id":"https:\/\/www.petitelaure.com\/pl\/#website"},"primaryImageOfPage":{"@id":"https:\/\/www.petitelaure.com\/pl\/produkt\/przescieradlo-bawelniane-golebie-bezowy\/#primaryimage"},"image":{"@id":"https:\/\/www.petitelaure.com\/pl\/produkt\/przescieradlo-bawelniane-golebie-bezowy\/#primaryimage"},"thumbnailUrl":"https:\/\/www.petitelaure.com\/wp-content\/uploads\/2022\/06\/IMG_8290.jpg","datePublished":"2022-06-14T08:39:10+00:00","dateModified":"2025-07-12T05:48:58+00:00","description":"Prze\u015bcierad\u0142o od Petite Laure jest wykonane z podw\u00f3jnie czesanej bawe\u0142ny premium z naszym oryginalnym wzorem, antyalergicznej i niezwykle delikatnej dla sk\u00f3ry maluszka. Materia\u0142 jest przewiewny i oddychaj\u0105cy, zapewnia odpowiedni\u0105 cyrkulacj\u0119 powietrza zapobiegaj\u0105c poceniu si\u0119 dziecka.Prze\u015bcierad\u0142o jest mi\u0119ciutkie i aksamitne w dotyku. Posiada elastyczn\u0105 gumk\u0119 i kszta\u0142t dopasowuj\u0105cy si\u0119 do materaca.","breadcrumb":{"@id":"https:\/\/www.petitelaure.com\/pl\/produkt\/przescieradlo-bawelniane-golebie-bezowy\/#breadcrumb"},"inLanguage":"pl-PL","potentialAction":[{"@type":"ReadAction","target":["https:\/\/www.petitelaure.com\/pl\/produkt\/przescieradlo-bawelniane-golebie-bezowy\/"]}]},{"@type":"ImageObject","inLanguage":"pl-PL","@id":"https:\/\/www.petitelaure.com\/pl\/produkt\/przescieradlo-bawelniane-golebie-bezowy\/#primaryimage","url":"https:\/\/www.petitelaure.com\/wp-content\/uploads\/2022\/06\/IMG_8290.jpg","contentUrl":"https:\/\/www.petitelaure.com\/wp-content\/uploads\/2022\/06\/IMG_8290.jpg","width":1512,"height":2016},{"@type":"BreadcrumbList","@id":"https:\/\/www.petitelaure.com\/pl\/produkt\/przescieradlo-bawelniane-golebie-bezowy\/#breadcrumb","itemListElement":[{"@type":"ListItem","position":1,"name":"Strona g\u0142\u00f3wna","item":"https:\/\/www.petitelaure.com\/pl\/"},{"@type":"ListItem","position":2,"name":"Sklep","item":"https:\/\/www.petitelaure.com\/pl\/sklep\/"},{"@type":"ListItem","position":3,"name":"Prze\u015bcierad\u0142o Bawe\u0142niane Go\u0142\u0119bie Be\u017cowy"}]},{"@type":"WebSite","@id":"https:\/\/www.petitelaure.com\/pl\/#website","url":"https:\/\/www.petitelaure.com\/pl\/","name":"petitelaure.com","description":"","potentialAction":[{"@type":"SearchAction","target":{"@type":"EntryPoint","urlTemplate":"https:\/\/www.petitelaure.com\/pl\/?s={search_term_string}"},"query-input":{"@type":"PropertyValueSpecification","valueRequired":true,"valueName":"search_term_string"}}],"inLanguage":"pl-PL"}]}},"_links":{"self":[{"href":"https:\/\/www.petitelaure.com\/pl\/wp-json\/wp\/v2\/product\/5715","targetHints":{"allow":["GET"]}}],"collection":[{"href":"https:\/\/www.petitelaure.com\/pl\/wp-json\/wp\/v2\/product"}],"about":[{"href":"https:\/\/www.petitelaure.com\/pl\/wp-json\/wp\/v2\/types\/product"}],"replies":[{"embeddable":true,"href":"https:\/\/www.petitelaure.com\/pl\/wp-json\/wp\/v2\/comments?post=5715"}],"wp:featuredmedia":[{"embeddable":true,"href":"https:\/\/www.petitelaure.com\/pl\/wp-json\/wp\/v2\/media\/5722"}],"wp:attachment":[{"href":"https:\/\/www.petitelaure.com\/pl\/wp-json\/wp\/v2\/media?parent=5715"}],"wp:term":[{"taxonomy":"product_brand","embeddable":true,"href":"https:\/\/www.petitelaure.com\/pl\/wp-json\/wp\/v2\/product_brand?post=5715"},{"taxonomy":"product_cat","embeddable":true,"href":"https:\/\/www.petitelaure.com\/pl\/wp-json\/wp\/v2\/product_cat?post=5715"},{"taxonomy":"product_tag","embeddable":true,"href":"https:\/\/www.petitelaure.com\/pl\/wp-json\/wp\/v2\/product_tag?post=5715"}],"curies":[{"name":"wp","href":"https:\/\/api.w.org\/{rel}","templated":true}]}}