{"id":4246,"date":"2021-12-14T23:50:12","date_gmt":"2021-12-14T22:50:13","guid":{"rendered":"https:\/\/www.petitelaure.com\/?post_type=product&#038;p=4246"},"modified":"2023-11-01T22:50:00","modified_gmt":"2023-11-01T21:50:00","slug":"recznik-wafelkowy-z-kapturkiem-przykurzony-rozowy","status":"publish","type":"product","link":"https:\/\/www.petitelaure.com\/pl\/produkt\/recznik-wafelkowy-z-kapturkiem-przykurzony-rozowy\/","title":{"rendered":"R\u0119cznik Wafelkowy z Kapturkiem &#8211; Przykurzony R\u00f3\u017cowy"},"content":{"rendered":"<h2>R\u0119cznik Wafelkowy z Kapturkiem Przykurzony R\u00f3\u017cowy<\/h2>\n<p>Mi\u0119sisty i ch\u0142onny R\u0119cznik Wafelkowy z Kapturkiem dla Niemowl\u0105t \u00a0od Petite Laure dzi\u0119ki <strong>podw\u00f3jnemu zmi\u0119kczeniu \u00a0<\/strong>jest bardzo przyjemny w dotyku i przyjazny nawet dla najbardziej delikatnej i wra\u017cliwej sk\u00f3ry maluszka.<\/p>\n<h3>R\u0119cznik Wafelkowy z Kapturkiem w rozmiarze mniejszym jest przeznaczony dla niemowlaka, ale rozmiar wi\u0119kszy sprawdzi si\u0119 doskonale do oko\u0142o 10 roku \u017cycia dziecka.<\/h3>\n<p>Wafelkowy \u00a0r\u0119cznik jest niezast\u0105piony podczas codziennej kapieli dziecka, ale r\u00f3wnie\u017c na basenie czy pla\u017cy. Po wyj\u0119ciu dziecka z wody mo\u017cesz je od razu przytuli\u0107 do siebie i niemal\u017ce natychmiast osuszy\u0107. Dodatkowo mi\u0119ciutkie krateczki w strukturze wafelkowego materia\u0142u przyjemnie i delikatnie masuj\u0105 sk\u00f3r\u0119 maluszka.<\/p>\n<p>R\u0119cznik posiada du\u017cy i g\u0142\u0119boki kaptur, kt\u00f3ry skutecznie zabezpiecza g\u0142\u00f3wk\u0119 dziecka przed wych\u0142odzeniem. B\u0119dzie te\u017c idealny dla starszaka.<\/p>\n<p>Dzi\u0119ki wszytemu wieszaczkowi r\u0119cznik mo\u017cna z \u0142atwo\u015bci\u0105 odwiesi\u0107.<\/p>\n<p>Tkanina wafelkowa jest oddychaj\u0105ca, du\u017co bardziej ch\u0142onna od tkaniny frotte, dobrze utrzymuje ciep\u0142o i bardzo szybko schnie.<\/p>\n<p>&nbsp;<\/p>\n<p>Produkujemy w Polsce.\u00a0Dbamy nie tylko o jako\u015b\u0107 naszych produkt\u00f3w, ale tak\u017ce o warunki, w jakich powstaj\u0105. Wsp\u00f3\u0142pracujemy w wi\u0119kszo\u015bci z ma\u0142ymi, lokalnymi manufakturami i szwalniami, kt\u00f3re dobrze znamy. Przy wyborze podwykonawc\u00f3w kierujemy si\u0119 wzajemnym szacunkiem i rzetelnym podej\u015bciem do wykonywanej pracy. Zale\u017cy nam nie tylko na doskona\u0142ym efekcie ko\u0144cowym, ale na tym, aby osoby zaanga\u017cowane w proces produkcji, mog\u0142y tworzy\u0107 w komfortowych warunkach.<\/p>\n<p>Zaleca si\u0119 pranie przed pierwszym u\u017cyciem.<\/p>\n<p>Sk\u0142ad: <strong>100%\u00a0BAWE\u0141NA, podw\u00f3jnie zmi\u0119kczona \u00a0<\/strong>(Certyfikat OEKO-TEX Standard 100)<strong>\u00a0<\/strong><\/p>\n<p>Wymiary:<strong>\u00a0<\/strong><\/p>\n<p><strong>75 x 75 cm (+\/- 2 cm)\u00a0<\/strong><\/p>\n<p><strong>100 x 100cm (+\/- 2 cm)<\/strong><\/p>\n<p>&nbsp;<\/p>\n<p><strong>SPOS\u00d3B PIELEGNACJI:<\/strong><\/p>\n<ul>\n<li>pra\u0107 w temperaturze 30\u00b0\/40\u00b0 max. 400 obrot\u00f3w wirowania<\/li>\n<li>prasowa\u0107 w \u015bredniej temperaturze prasowania max. do 110\u00b0<\/li>\n<li>nie czy\u015bci\u0107 chemicznie<\/li>\n<li>nie suszy\u0107 w suszarce b\u0119bnowej<\/li>\n<li>nie stosowa\u0107 wybielaczy<\/li>\n<\/ul>\n<p><a href=\"https:\/\/www.petitelaure.com\/pl\/jak-prac-recznik-wafelkowy-z-kapturem\/\">Przeczytaj jak piel\u0119gnowa\u0107 r\u0119cznik wafelkowy aby nie straci\u0142 swojego oryginalnego wygl\u0105du.<\/a><\/p>\n<p>R\u0119cznik Wafelkowy z Kapturkiem sprawdzi si\u0119 doskonale jako nietuzinkowy prezent na narodziny dziecka czy \u00a0babyshower. Dost\u0119pny jest w wielu wariantach kolorystycznych. W naszym sklepie znajdziesz r\u0119cznik wafelkowy z kapturkiem w kolorze: ecru, karmelowym, kawowym, jagodowym.<\/p>\n<p>Produkt nale\u017cy stosowa\u0107 pod opiek\u0105 rodzica.<\/p>\n<p><a href=\"https:\/\/www.petitelaure.com\/pl\/kategoria-produktu\/reczniki\/\">Zobacz inne r\u0119czniki wafelkowy dla niemowlaka od Petite Laure<\/a><\/p>\n","protected":false},"excerpt":{"rendered":"<p>Mi\u0119sisty i ch\u0142onny R\u0119cznik Wafelkowy z Kapturkiem dla Niemowl\u0105t \u00a0od Petite Laure dzi\u0119ki podw\u00f3jnemu zmi\u0119kczeniu \u00a0jest bardzo przyjemny w dotyku i przyjazny nawet dla najbardziej delikatnej i wra\u017cliwej sk\u00f3ry maluszka.<\/p>\n","protected":false},"featured_media":4437,"comment_status":"open","ping_status":"closed","template":"","meta":[],"product_brand":[],"product_cat":[235],"product_tag":[],"class_list":{"0":"post-4246","1":"product","2":"type-product","3":"status-publish","4":"has-post-thumbnail","6":"product_cat-reczniki","8":"first","9":"instock","10":"shipping-taxable","11":"purchasable","12":"product-type-variable"},"yoast_head":"<!-- This site is optimized with the Yoast SEO plugin v26.9 - https:\/\/yoast.com\/product\/yoast-seo-wordpress\/ -->\n<title>R\u0119cznik Wafelkowy z Kapturkiem - Przykurzony R\u00f3\u017cowy - petitelaure.com<\/title>\n<meta name=\"description\" content=\"Mi\u0119sisty i ch\u0142onny R\u0119cznik Wafelkowy z Kapturkiem dla Niemowl\u0105t \u00a0od Petite Laure dzi\u0119ki podw\u00f3jnemu zmi\u0119kczeniu \u00a0jest bardzo przyjemny w dotyku i przyjazny nawet dla najbardziej delikatnej i wra\u017cliwej sk\u00f3ry maluszka.\" \/>\n<meta name=\"robots\" content=\"index, follow, max-snippet:-1, max-image-preview:large, max-video-preview:-1\" \/>\n<link rel=\"canonical\" href=\"https:\/\/www.petitelaure.com\/pl\/produkt\/recznik-wafelkowy-z-kapturkiem-przykurzony-rozowy\/\" \/>\n<meta property=\"og:locale\" content=\"pl_PL\" \/>\n<meta property=\"og:type\" content=\"article\" \/>\n<meta property=\"og:title\" content=\"R\u0119cznik Wafelkowy z Kapturkiem - Przykurzony R\u00f3\u017cowy - petitelaure.com\" \/>\n<meta property=\"og:description\" content=\"Mi\u0119sisty i ch\u0142onny R\u0119cznik Wafelkowy z Kapturkiem dla Niemowl\u0105t \u00a0od Petite Laure dzi\u0119ki podw\u00f3jnemu zmi\u0119kczeniu \u00a0jest bardzo przyjemny w dotyku i przyjazny nawet dla najbardziej delikatnej i wra\u017cliwej sk\u00f3ry maluszka.\" \/>\n<meta property=\"og:url\" content=\"https:\/\/www.petitelaure.com\/pl\/produkt\/recznik-wafelkowy-z-kapturkiem-przykurzony-rozowy\/\" \/>\n<meta property=\"og:site_name\" content=\"petitelaure.com\" \/>\n<meta property=\"article:modified_time\" content=\"2023-11-01T21:50:00+00:00\" \/>\n<meta property=\"og:image\" content=\"https:\/\/www.petitelaure.com\/wp-content\/uploads\/2021\/12\/IMG_5173-scaled.jpg\" \/>\n\t<meta property=\"og:image:width\" content=\"1707\" \/>\n\t<meta property=\"og:image:height\" content=\"2560\" \/>\n\t<meta property=\"og:image:type\" content=\"image\/jpeg\" \/>\n<meta name=\"twitter:card\" content=\"summary_large_image\" \/>\n<meta name=\"twitter:label1\" content=\"Szacowany czas czytania\" \/>\n\t<meta name=\"twitter:data1\" content=\"2 minuty\" \/>\n<script type=\"application\/ld+json\" class=\"yoast-schema-graph\">{\"@context\":\"https:\/\/schema.org\",\"@graph\":[{\"@type\":\"WebPage\",\"@id\":\"https:\/\/www.petitelaure.com\/pl\/produkt\/recznik-wafelkowy-z-kapturkiem-przykurzony-rozowy\/\",\"url\":\"https:\/\/www.petitelaure.com\/pl\/produkt\/recznik-wafelkowy-z-kapturkiem-przykurzony-rozowy\/\",\"name\":\"R\u0119cznik Wafelkowy z Kapturkiem - Przykurzony R\u00f3\u017cowy - petitelaure.com\",\"isPartOf\":{\"@id\":\"https:\/\/www.petitelaure.com\/pl\/#website\"},\"primaryImageOfPage\":{\"@id\":\"https:\/\/www.petitelaure.com\/pl\/produkt\/recznik-wafelkowy-z-kapturkiem-przykurzony-rozowy\/#primaryimage\"},\"image\":{\"@id\":\"https:\/\/www.petitelaure.com\/pl\/produkt\/recznik-wafelkowy-z-kapturkiem-przykurzony-rozowy\/#primaryimage\"},\"thumbnailUrl\":\"https:\/\/www.petitelaure.com\/wp-content\/uploads\/2021\/12\/IMG_5173-scaled.jpg\",\"datePublished\":\"2021-12-14T22:50:13+00:00\",\"dateModified\":\"2023-11-01T21:50:00+00:00\",\"description\":\"Mi\u0119sisty i ch\u0142onny R\u0119cznik Wafelkowy z Kapturkiem dla Niemowl\u0105t \u00a0od Petite Laure dzi\u0119ki podw\u00f3jnemu zmi\u0119kczeniu \u00a0jest bardzo przyjemny w dotyku i przyjazny nawet dla najbardziej delikatnej i wra\u017cliwej sk\u00f3ry maluszka.\",\"breadcrumb\":{\"@id\":\"https:\/\/www.petitelaure.com\/pl\/produkt\/recznik-wafelkowy-z-kapturkiem-przykurzony-rozowy\/#breadcrumb\"},\"inLanguage\":\"pl-PL\",\"potentialAction\":[{\"@type\":\"ReadAction\",\"target\":[\"https:\/\/www.petitelaure.com\/pl\/produkt\/recznik-wafelkowy-z-kapturkiem-przykurzony-rozowy\/\"]}]},{\"@type\":\"ImageObject\",\"inLanguage\":\"pl-PL\",\"@id\":\"https:\/\/www.petitelaure.com\/pl\/produkt\/recznik-wafelkowy-z-kapturkiem-przykurzony-rozowy\/#primaryimage\",\"url\":\"https:\/\/www.petitelaure.com\/wp-content\/uploads\/2021\/12\/IMG_5173-scaled.jpg\",\"contentUrl\":\"https:\/\/www.petitelaure.com\/wp-content\/uploads\/2021\/12\/IMG_5173-scaled.jpg\",\"width\":1707,\"height\":2560},{\"@type\":\"BreadcrumbList\",\"@id\":\"https:\/\/www.petitelaure.com\/pl\/produkt\/recznik-wafelkowy-z-kapturkiem-przykurzony-rozowy\/#breadcrumb\",\"itemListElement\":[{\"@type\":\"ListItem\",\"position\":1,\"name\":\"Strona g\u0142\u00f3wna\",\"item\":\"https:\/\/www.petitelaure.com\/pl\/\"},{\"@type\":\"ListItem\",\"position\":2,\"name\":\"Sklep\",\"item\":\"https:\/\/www.petitelaure.com\/pl\/sklep\/\"},{\"@type\":\"ListItem\",\"position\":3,\"name\":\"R\u0119cznik Wafelkowy z Kapturkiem &#8211; Przykurzony R\u00f3\u017cowy\"}]},{\"@type\":\"WebSite\",\"@id\":\"https:\/\/www.petitelaure.com\/pl\/#website\",\"url\":\"https:\/\/www.petitelaure.com\/pl\/\",\"name\":\"petitelaure.com\",\"description\":\"\",\"potentialAction\":[{\"@type\":\"SearchAction\",\"target\":{\"@type\":\"EntryPoint\",\"urlTemplate\":\"https:\/\/www.petitelaure.com\/pl\/?s={search_term_string}\"},\"query-input\":{\"@type\":\"PropertyValueSpecification\",\"valueRequired\":true,\"valueName\":\"search_term_string\"}}],\"inLanguage\":\"pl-PL\"}]}<\/script>\n<!-- \/ Yoast SEO plugin. -->","yoast_head_json":{"title":"R\u0119cznik Wafelkowy z Kapturkiem - Przykurzony R\u00f3\u017cowy - petitelaure.com","description":"Mi\u0119sisty i ch\u0142onny R\u0119cznik Wafelkowy z Kapturkiem dla Niemowl\u0105t \u00a0od Petite Laure dzi\u0119ki podw\u00f3jnemu zmi\u0119kczeniu \u00a0jest bardzo przyjemny w dotyku i przyjazny nawet dla najbardziej delikatnej i wra\u017cliwej sk\u00f3ry maluszka.","robots":{"index":"index","follow":"follow","max-snippet":"max-snippet:-1","max-image-preview":"max-image-preview:large","max-video-preview":"max-video-preview:-1"},"canonical":"https:\/\/www.petitelaure.com\/pl\/produkt\/recznik-wafelkowy-z-kapturkiem-przykurzony-rozowy\/","og_locale":"pl_PL","og_type":"article","og_title":"R\u0119cznik Wafelkowy z Kapturkiem - Przykurzony R\u00f3\u017cowy - petitelaure.com","og_description":"Mi\u0119sisty i ch\u0142onny R\u0119cznik Wafelkowy z Kapturkiem dla Niemowl\u0105t \u00a0od Petite Laure dzi\u0119ki podw\u00f3jnemu zmi\u0119kczeniu \u00a0jest bardzo przyjemny w dotyku i przyjazny nawet dla najbardziej delikatnej i wra\u017cliwej sk\u00f3ry maluszka.","og_url":"https:\/\/www.petitelaure.com\/pl\/produkt\/recznik-wafelkowy-z-kapturkiem-przykurzony-rozowy\/","og_site_name":"petitelaure.com","article_modified_time":"2023-11-01T21:50:00+00:00","og_image":[{"width":1707,"height":2560,"url":"https:\/\/www.petitelaure.com\/wp-content\/uploads\/2021\/12\/IMG_5173-scaled.jpg","type":"image\/jpeg"}],"twitter_card":"summary_large_image","twitter_misc":{"Szacowany czas czytania":"2 minuty"},"schema":{"@context":"https:\/\/schema.org","@graph":[{"@type":"WebPage","@id":"https:\/\/www.petitelaure.com\/pl\/produkt\/recznik-wafelkowy-z-kapturkiem-przykurzony-rozowy\/","url":"https:\/\/www.petitelaure.com\/pl\/produkt\/recznik-wafelkowy-z-kapturkiem-przykurzony-rozowy\/","name":"R\u0119cznik Wafelkowy z Kapturkiem - Przykurzony R\u00f3\u017cowy - petitelaure.com","isPartOf":{"@id":"https:\/\/www.petitelaure.com\/pl\/#website"},"primaryImageOfPage":{"@id":"https:\/\/www.petitelaure.com\/pl\/produkt\/recznik-wafelkowy-z-kapturkiem-przykurzony-rozowy\/#primaryimage"},"image":{"@id":"https:\/\/www.petitelaure.com\/pl\/produkt\/recznik-wafelkowy-z-kapturkiem-przykurzony-rozowy\/#primaryimage"},"thumbnailUrl":"https:\/\/www.petitelaure.com\/wp-content\/uploads\/2021\/12\/IMG_5173-scaled.jpg","datePublished":"2021-12-14T22:50:13+00:00","dateModified":"2023-11-01T21:50:00+00:00","description":"Mi\u0119sisty i ch\u0142onny R\u0119cznik Wafelkowy z Kapturkiem dla Niemowl\u0105t \u00a0od Petite Laure dzi\u0119ki podw\u00f3jnemu zmi\u0119kczeniu \u00a0jest bardzo przyjemny w dotyku i przyjazny nawet dla najbardziej delikatnej i wra\u017cliwej sk\u00f3ry maluszka.","breadcrumb":{"@id":"https:\/\/www.petitelaure.com\/pl\/produkt\/recznik-wafelkowy-z-kapturkiem-przykurzony-rozowy\/#breadcrumb"},"inLanguage":"pl-PL","potentialAction":[{"@type":"ReadAction","target":["https:\/\/www.petitelaure.com\/pl\/produkt\/recznik-wafelkowy-z-kapturkiem-przykurzony-rozowy\/"]}]},{"@type":"ImageObject","inLanguage":"pl-PL","@id":"https:\/\/www.petitelaure.com\/pl\/produkt\/recznik-wafelkowy-z-kapturkiem-przykurzony-rozowy\/#primaryimage","url":"https:\/\/www.petitelaure.com\/wp-content\/uploads\/2021\/12\/IMG_5173-scaled.jpg","contentUrl":"https:\/\/www.petitelaure.com\/wp-content\/uploads\/2021\/12\/IMG_5173-scaled.jpg","width":1707,"height":2560},{"@type":"BreadcrumbList","@id":"https:\/\/www.petitelaure.com\/pl\/produkt\/recznik-wafelkowy-z-kapturkiem-przykurzony-rozowy\/#breadcrumb","itemListElement":[{"@type":"ListItem","position":1,"name":"Strona g\u0142\u00f3wna","item":"https:\/\/www.petitelaure.com\/pl\/"},{"@type":"ListItem","position":2,"name":"Sklep","item":"https:\/\/www.petitelaure.com\/pl\/sklep\/"},{"@type":"ListItem","position":3,"name":"R\u0119cznik Wafelkowy z Kapturkiem &#8211; Przykurzony R\u00f3\u017cowy"}]},{"@type":"WebSite","@id":"https:\/\/www.petitelaure.com\/pl\/#website","url":"https:\/\/www.petitelaure.com\/pl\/","name":"petitelaure.com","description":"","potentialAction":[{"@type":"SearchAction","target":{"@type":"EntryPoint","urlTemplate":"https:\/\/www.petitelaure.com\/pl\/?s={search_term_string}"},"query-input":{"@type":"PropertyValueSpecification","valueRequired":true,"valueName":"search_term_string"}}],"inLanguage":"pl-PL"}]}},"_links":{"self":[{"href":"https:\/\/www.petitelaure.com\/pl\/wp-json\/wp\/v2\/product\/4246","targetHints":{"allow":["GET"]}}],"collection":[{"href":"https:\/\/www.petitelaure.com\/pl\/wp-json\/wp\/v2\/product"}],"about":[{"href":"https:\/\/www.petitelaure.com\/pl\/wp-json\/wp\/v2\/types\/product"}],"replies":[{"embeddable":true,"href":"https:\/\/www.petitelaure.com\/pl\/wp-json\/wp\/v2\/comments?post=4246"}],"wp:featuredmedia":[{"embeddable":true,"href":"https:\/\/www.petitelaure.com\/pl\/wp-json\/wp\/v2\/media\/4437"}],"wp:attachment":[{"href":"https:\/\/www.petitelaure.com\/pl\/wp-json\/wp\/v2\/media?parent=4246"}],"wp:term":[{"taxonomy":"product_brand","embeddable":true,"href":"https:\/\/www.petitelaure.com\/pl\/wp-json\/wp\/v2\/product_brand?post=4246"},{"taxonomy":"product_cat","embeddable":true,"href":"https:\/\/www.petitelaure.com\/pl\/wp-json\/wp\/v2\/product_cat?post=4246"},{"taxonomy":"product_tag","embeddable":true,"href":"https:\/\/www.petitelaure.com\/pl\/wp-json\/wp\/v2\/product_tag?post=4246"}],"curies":[{"name":"wp","href":"https:\/\/api.w.org\/{rel}","templated":true}]}}