{"id":3997,"date":"2021-12-03T06:31:05","date_gmt":"2021-12-03T05:31:06","guid":{"rendered":"https:\/\/www.petitelaure.com\/?post_type=product&#038;p=3997"},"modified":"2021-12-03T06:39:10","modified_gmt":"2021-12-03T05:39:10","slug":"plaska-poduszka-niemowleca-bawelna-organiczna-piesek-przykurzony-blekitny","status":"publish","type":"product","link":"https:\/\/www.petitelaure.com\/pl\/produkt\/plaska-poduszka-niemowleca-bawelna-organiczna-piesek-przykurzony-blekitny\/","title":{"rendered":"P\u0142aska Poduszka Niemowl\u0119ca Bawe\u0142na Organiczna &#8211; Piesek &#8211; Przykurzony B\u0142\u0119kit"},"content":{"rendered":"<h2>P\u0142aska Poduszka Niemowl\u0119ca wykonana z Mu\u015blinu z Bawe\u0142ny Organicznej &#8211; Piesek.<\/h2>\n<p>P\u0142aska poduszka niemowl\u0119ca od Petite Laure to idealna <strong>pierwsza poduszka maluszka<\/strong>. \u00a0Ze wzgl\u0119d\u00f3w higienicznych zawsze warto odseparowa\u0107 g\u0142\u00f3wk\u0119 niemowl\u0119cia od pod\u0142o\u017ca na kt\u00f3rym le\u017cy, mamy tu dwie mo\u017cliwo\u015bci: albo sk\u0142adamy pieluszk\u0119 niemowl\u0119c\u0105 i na niej umieszczamy g\u0142\u00f3wk\u0119 maluszka albo decydujemy si\u0119 na zakup pierwszej poduszki niemowl\u0119cej.<\/p>\n<p>Poduszka p\u0142aska od Petite Laure jest uszyta w taki spos\u00f3b aby g\u0142\u00f3wka male\u0144stwa mog\u0142a na niej bezpiecznie le\u017ce\u0107. Ta p\u0142aska poduszka niemowl\u0119ca w kszta\u0142cie pieska zosta\u0142a wykonana z najwy\u017cszej jako\u015bci bawe\u0142ny. Jej rozmiar umo\u017cliwia stosowanie jej ju\u017c od pierwszych dni \u017cycia niemowl\u0119cia. Doskonale pasuje do \u0142\u00f3\u017ceczka, ko\u0142yski oraz w\u00f3zka. Jest cienka i lekka, \u0142atwo j\u0105 schowa\u0107, dlatego znakomicie sprawdzi si\u0119 nie tylko \u00a0w domu czy na spacerze \u00a0ale r\u00f3wnie\u017c w podr\u00f3\u017cy. Umili Twojemu maluszkowi zasypianie i odpoczynek.<\/p>\n<p>Do kompletu mo\u017cna dobra\u0107 dopasowany kolorystycznie <strong>\u015bpiworek do spania lub otulacz niemowl\u0119cy<\/strong>.<\/p>\n<p>Wysokiej jako\u015bci w\u0142\u00f3knina gwarantuje spr\u0119\u017cysto\u015b\u0107 poduszki\u00a0 i dzi\u0119ki niej zachowuje ona sw\u00f3j kszta\u0142t nawet po wielu praniach.<\/p>\n<p>Produkt szyty r\u0119cznie, z najwy\u017csz\u0105 dok\u0142adno\u015bci\u0105 i z wykorzystaniem najlepszych jako\u015bciowo materia\u0142\u00f3w.<\/p>\n<p>Zaleca si\u0119 pranie przed pierwszym u\u017cyciem. Wyprodukowano w Polsce.<\/p>\n<p>Sk\u0142ad: <strong>BAWE\u0141NA ORGANICZNA\u00a0<\/strong>(Certyfikat GOTS)<strong> + POLIESTER<\/strong><\/p>\n<p>Wype\u0142nienie to antyalergiczna, oddychaj\u0105ca, silikonowa w\u0142\u00f3knina &#8211; spr\u0119\u017cysta i mi\u0119kka (Certyfikat OEKO-TEX Standard 100). Wype\u0142nienie wewn\u0105trz nie przemieszcza si\u0119 podczas u\u017cytkowania i w praniu poniewa\u017c jest wszyte do tkaniny zewn\u0119trznej.<\/p>\n<p>Wymiary:<strong>\u00a020 x 30 cm (+\/- 2 cm)<\/strong><\/p>\n<p><strong>SPOS\u00d3B PIELEGNACJI:<\/strong><\/p>\n<ul>\n<li>pra\u0107 w temperaturze 30\u00b0, max. 800 obrot\u00f3w wirowania<\/li>\n<li>prasowa\u0107\u00a0tylko tkanin\u0119 bawe\u0142nian\u0105 \u00a0w \u015bredniej temperaturze prasowania max. do 110\u00b0, nie prasowa\u0107 strony velvet<\/li>\n<li>nie czy\u015bci\u0107 chemicznie<\/li>\n<li>nie suszy\u0107 w suszarce b\u0119bnowej<\/li>\n<li>pra\u0107 oddzielnie<\/li>\n<li>nie stosowa\u0107 wybielaczy<\/li>\n<\/ul>\n<p>Pierwsza poduszka niemowl\u0119cia w po\u0142\u0105czeniu z kocykiem velvet z wype\u0142nieniem \u00a0sprawdzi si\u0119 doskonale w roli stylowego i nietuzinkowego prezentu dla maluszka na babyshower, powitanie dziecka czy te\u017c na inne mi\u0142e okazje.<\/p>\n<p>Produkt nale\u017cy stosowa\u0107 pod opiek\u0105 rodzica.<\/p>\n<p>&nbsp;<\/p>\n","protected":false},"excerpt":{"rendered":"<p>P\u0142aska poduszka niemowl\u0119ca od Petite Laure to idealna<strong> pierwsza poduszka maluszka<\/strong>. \u00a0Ze wzgl\u0119d\u00f3w higienicznych zawsze warto odseparowa\u0107 g\u0142\u00f3wk\u0119 niemowl\u0119cia od pod\u0142o\u017ca na kt\u00f3rym le\u017cy, mamy tu dwie mo\u017cliwo\u015bci: albo sk\u0142adamy pieluszk\u0119 niemowl\u0119c\u0105 i na niej umieszczamy g\u0142\u00f3wk\u0119 maluszka albo decydujemy si\u0119 na zakup pierwszej poduszki niemowl\u0119cej.<\/p>\n<p>&nbsp;<\/p>\n","protected":false},"featured_media":3999,"comment_status":"open","ping_status":"closed","template":"","meta":[],"product_brand":[],"product_cat":[209,208],"product_tag":[],"class_list":{"0":"post-3997","1":"product","2":"type-product","3":"status-publish","4":"has-post-thumbnail","6":"product_cat-poduszki-niemowlece","7":"product_cat-poduszki-posciele-spiworki","9":"first","10":"instock","11":"sold-individually","12":"shipping-taxable","13":"purchasable","14":"product-type-simple"},"yoast_head":"<!-- This site is optimized with the Yoast SEO plugin v26.9 - https:\/\/yoast.com\/product\/yoast-seo-wordpress\/ -->\n<title>P\u0142aska Poduszka Niemowl\u0119ca Bawe\u0142na Organiczna - Piesek - Przykurzony B\u0142\u0119kit - petitelaure.com<\/title>\n<meta name=\"description\" content=\"P\u0142aska poduszka niemowl\u0119ca od Petite Laure to idealna pierwsza poduszka maluszka. Poduszka w kszta\u0142cie pieska, dla niemowl\u0105t.\" \/>\n<meta name=\"robots\" content=\"index, follow, max-snippet:-1, max-image-preview:large, max-video-preview:-1\" \/>\n<link rel=\"canonical\" href=\"https:\/\/www.petitelaure.com\/pl\/produkt\/plaska-poduszka-niemowleca-bawelna-organiczna-piesek-przykurzony-blekitny\/\" \/>\n<meta property=\"og:locale\" content=\"pl_PL\" \/>\n<meta property=\"og:type\" content=\"article\" \/>\n<meta property=\"og:title\" content=\"P\u0142aska Poduszka Niemowl\u0119ca Bawe\u0142na Organiczna - Piesek - Przykurzony B\u0142\u0119kit - petitelaure.com\" \/>\n<meta property=\"og:description\" content=\"P\u0142aska poduszka niemowl\u0119ca od Petite Laure to idealna pierwsza poduszka maluszka. Poduszka w kszta\u0142cie pieska, dla niemowl\u0105t.\" \/>\n<meta property=\"og:url\" content=\"https:\/\/www.petitelaure.com\/pl\/produkt\/plaska-poduszka-niemowleca-bawelna-organiczna-piesek-przykurzony-blekitny\/\" \/>\n<meta property=\"og:site_name\" content=\"petitelaure.com\" \/>\n<meta property=\"article:modified_time\" content=\"2021-12-03T05:39:10+00:00\" \/>\n<meta property=\"og:image\" content=\"https:\/\/www.petitelaure.com\/wp-content\/uploads\/2021\/12\/IMG_3370-scaled.jpg\" \/>\n\t<meta property=\"og:image:width\" content=\"2560\" \/>\n\t<meta property=\"og:image:height\" content=\"1707\" \/>\n\t<meta property=\"og:image:type\" content=\"image\/jpeg\" \/>\n<meta name=\"twitter:card\" content=\"summary_large_image\" \/>\n<meta name=\"twitter:label1\" content=\"Szacowany czas czytania\" \/>\n\t<meta name=\"twitter:data1\" content=\"2 minuty\" \/>\n<script type=\"application\/ld+json\" class=\"yoast-schema-graph\">{\"@context\":\"https:\/\/schema.org\",\"@graph\":[{\"@type\":\"WebPage\",\"@id\":\"https:\/\/www.petitelaure.com\/pl\/produkt\/plaska-poduszka-niemowleca-bawelna-organiczna-piesek-przykurzony-blekitny\/\",\"url\":\"https:\/\/www.petitelaure.com\/pl\/produkt\/plaska-poduszka-niemowleca-bawelna-organiczna-piesek-przykurzony-blekitny\/\",\"name\":\"P\u0142aska Poduszka Niemowl\u0119ca Bawe\u0142na Organiczna - Piesek - Przykurzony B\u0142\u0119kit - petitelaure.com\",\"isPartOf\":{\"@id\":\"https:\/\/www.petitelaure.com\/pl\/#website\"},\"primaryImageOfPage\":{\"@id\":\"https:\/\/www.petitelaure.com\/pl\/produkt\/plaska-poduszka-niemowleca-bawelna-organiczna-piesek-przykurzony-blekitny\/#primaryimage\"},\"image\":{\"@id\":\"https:\/\/www.petitelaure.com\/pl\/produkt\/plaska-poduszka-niemowleca-bawelna-organiczna-piesek-przykurzony-blekitny\/#primaryimage\"},\"thumbnailUrl\":\"https:\/\/www.petitelaure.com\/wp-content\/uploads\/2021\/12\/IMG_3370-scaled.jpg\",\"datePublished\":\"2021-12-03T05:31:06+00:00\",\"dateModified\":\"2021-12-03T05:39:10+00:00\",\"description\":\"P\u0142aska poduszka niemowl\u0119ca od Petite Laure to idealna pierwsza poduszka maluszka. Poduszka w kszta\u0142cie pieska, dla niemowl\u0105t.\",\"breadcrumb\":{\"@id\":\"https:\/\/www.petitelaure.com\/pl\/produkt\/plaska-poduszka-niemowleca-bawelna-organiczna-piesek-przykurzony-blekitny\/#breadcrumb\"},\"inLanguage\":\"pl-PL\",\"potentialAction\":[{\"@type\":\"ReadAction\",\"target\":[\"https:\/\/www.petitelaure.com\/pl\/produkt\/plaska-poduszka-niemowleca-bawelna-organiczna-piesek-przykurzony-blekitny\/\"]}]},{\"@type\":\"ImageObject\",\"inLanguage\":\"pl-PL\",\"@id\":\"https:\/\/www.petitelaure.com\/pl\/produkt\/plaska-poduszka-niemowleca-bawelna-organiczna-piesek-przykurzony-blekitny\/#primaryimage\",\"url\":\"https:\/\/www.petitelaure.com\/wp-content\/uploads\/2021\/12\/IMG_3370-scaled.jpg\",\"contentUrl\":\"https:\/\/www.petitelaure.com\/wp-content\/uploads\/2021\/12\/IMG_3370-scaled.jpg\",\"width\":2560,\"height\":1707},{\"@type\":\"BreadcrumbList\",\"@id\":\"https:\/\/www.petitelaure.com\/pl\/produkt\/plaska-poduszka-niemowleca-bawelna-organiczna-piesek-przykurzony-blekitny\/#breadcrumb\",\"itemListElement\":[{\"@type\":\"ListItem\",\"position\":1,\"name\":\"Strona g\u0142\u00f3wna\",\"item\":\"https:\/\/www.petitelaure.com\/pl\/\"},{\"@type\":\"ListItem\",\"position\":2,\"name\":\"Sklep\",\"item\":\"https:\/\/www.petitelaure.com\/pl\/sklep\/\"},{\"@type\":\"ListItem\",\"position\":3,\"name\":\"P\u0142aska Poduszka Niemowl\u0119ca Bawe\u0142na Organiczna &#8211; Piesek &#8211; Przykurzony B\u0142\u0119kit\"}]},{\"@type\":\"WebSite\",\"@id\":\"https:\/\/www.petitelaure.com\/pl\/#website\",\"url\":\"https:\/\/www.petitelaure.com\/pl\/\",\"name\":\"petitelaure.com\",\"description\":\"\",\"potentialAction\":[{\"@type\":\"SearchAction\",\"target\":{\"@type\":\"EntryPoint\",\"urlTemplate\":\"https:\/\/www.petitelaure.com\/pl\/?s={search_term_string}\"},\"query-input\":{\"@type\":\"PropertyValueSpecification\",\"valueRequired\":true,\"valueName\":\"search_term_string\"}}],\"inLanguage\":\"pl-PL\"}]}<\/script>\n<!-- \/ Yoast SEO plugin. -->","yoast_head_json":{"title":"P\u0142aska Poduszka Niemowl\u0119ca Bawe\u0142na Organiczna - Piesek - Przykurzony B\u0142\u0119kit - petitelaure.com","description":"P\u0142aska poduszka niemowl\u0119ca od Petite Laure to idealna pierwsza poduszka maluszka. Poduszka w kszta\u0142cie pieska, dla niemowl\u0105t.","robots":{"index":"index","follow":"follow","max-snippet":"max-snippet:-1","max-image-preview":"max-image-preview:large","max-video-preview":"max-video-preview:-1"},"canonical":"https:\/\/www.petitelaure.com\/pl\/produkt\/plaska-poduszka-niemowleca-bawelna-organiczna-piesek-przykurzony-blekitny\/","og_locale":"pl_PL","og_type":"article","og_title":"P\u0142aska Poduszka Niemowl\u0119ca Bawe\u0142na Organiczna - Piesek - Przykurzony B\u0142\u0119kit - petitelaure.com","og_description":"P\u0142aska poduszka niemowl\u0119ca od Petite Laure to idealna pierwsza poduszka maluszka. Poduszka w kszta\u0142cie pieska, dla niemowl\u0105t.","og_url":"https:\/\/www.petitelaure.com\/pl\/produkt\/plaska-poduszka-niemowleca-bawelna-organiczna-piesek-przykurzony-blekitny\/","og_site_name":"petitelaure.com","article_modified_time":"2021-12-03T05:39:10+00:00","og_image":[{"width":2560,"height":1707,"url":"https:\/\/www.petitelaure.com\/wp-content\/uploads\/2021\/12\/IMG_3370-scaled.jpg","type":"image\/jpeg"}],"twitter_card":"summary_large_image","twitter_misc":{"Szacowany czas czytania":"2 minuty"},"schema":{"@context":"https:\/\/schema.org","@graph":[{"@type":"WebPage","@id":"https:\/\/www.petitelaure.com\/pl\/produkt\/plaska-poduszka-niemowleca-bawelna-organiczna-piesek-przykurzony-blekitny\/","url":"https:\/\/www.petitelaure.com\/pl\/produkt\/plaska-poduszka-niemowleca-bawelna-organiczna-piesek-przykurzony-blekitny\/","name":"P\u0142aska Poduszka Niemowl\u0119ca Bawe\u0142na Organiczna - Piesek - Przykurzony B\u0142\u0119kit - petitelaure.com","isPartOf":{"@id":"https:\/\/www.petitelaure.com\/pl\/#website"},"primaryImageOfPage":{"@id":"https:\/\/www.petitelaure.com\/pl\/produkt\/plaska-poduszka-niemowleca-bawelna-organiczna-piesek-przykurzony-blekitny\/#primaryimage"},"image":{"@id":"https:\/\/www.petitelaure.com\/pl\/produkt\/plaska-poduszka-niemowleca-bawelna-organiczna-piesek-przykurzony-blekitny\/#primaryimage"},"thumbnailUrl":"https:\/\/www.petitelaure.com\/wp-content\/uploads\/2021\/12\/IMG_3370-scaled.jpg","datePublished":"2021-12-03T05:31:06+00:00","dateModified":"2021-12-03T05:39:10+00:00","description":"P\u0142aska poduszka niemowl\u0119ca od Petite Laure to idealna pierwsza poduszka maluszka. Poduszka w kszta\u0142cie pieska, dla niemowl\u0105t.","breadcrumb":{"@id":"https:\/\/www.petitelaure.com\/pl\/produkt\/plaska-poduszka-niemowleca-bawelna-organiczna-piesek-przykurzony-blekitny\/#breadcrumb"},"inLanguage":"pl-PL","potentialAction":[{"@type":"ReadAction","target":["https:\/\/www.petitelaure.com\/pl\/produkt\/plaska-poduszka-niemowleca-bawelna-organiczna-piesek-przykurzony-blekitny\/"]}]},{"@type":"ImageObject","inLanguage":"pl-PL","@id":"https:\/\/www.petitelaure.com\/pl\/produkt\/plaska-poduszka-niemowleca-bawelna-organiczna-piesek-przykurzony-blekitny\/#primaryimage","url":"https:\/\/www.petitelaure.com\/wp-content\/uploads\/2021\/12\/IMG_3370-scaled.jpg","contentUrl":"https:\/\/www.petitelaure.com\/wp-content\/uploads\/2021\/12\/IMG_3370-scaled.jpg","width":2560,"height":1707},{"@type":"BreadcrumbList","@id":"https:\/\/www.petitelaure.com\/pl\/produkt\/plaska-poduszka-niemowleca-bawelna-organiczna-piesek-przykurzony-blekitny\/#breadcrumb","itemListElement":[{"@type":"ListItem","position":1,"name":"Strona g\u0142\u00f3wna","item":"https:\/\/www.petitelaure.com\/pl\/"},{"@type":"ListItem","position":2,"name":"Sklep","item":"https:\/\/www.petitelaure.com\/pl\/sklep\/"},{"@type":"ListItem","position":3,"name":"P\u0142aska Poduszka Niemowl\u0119ca Bawe\u0142na Organiczna &#8211; Piesek &#8211; Przykurzony B\u0142\u0119kit"}]},{"@type":"WebSite","@id":"https:\/\/www.petitelaure.com\/pl\/#website","url":"https:\/\/www.petitelaure.com\/pl\/","name":"petitelaure.com","description":"","potentialAction":[{"@type":"SearchAction","target":{"@type":"EntryPoint","urlTemplate":"https:\/\/www.petitelaure.com\/pl\/?s={search_term_string}"},"query-input":{"@type":"PropertyValueSpecification","valueRequired":true,"valueName":"search_term_string"}}],"inLanguage":"pl-PL"}]}},"_links":{"self":[{"href":"https:\/\/www.petitelaure.com\/pl\/wp-json\/wp\/v2\/product\/3997","targetHints":{"allow":["GET"]}}],"collection":[{"href":"https:\/\/www.petitelaure.com\/pl\/wp-json\/wp\/v2\/product"}],"about":[{"href":"https:\/\/www.petitelaure.com\/pl\/wp-json\/wp\/v2\/types\/product"}],"replies":[{"embeddable":true,"href":"https:\/\/www.petitelaure.com\/pl\/wp-json\/wp\/v2\/comments?post=3997"}],"wp:featuredmedia":[{"embeddable":true,"href":"https:\/\/www.petitelaure.com\/pl\/wp-json\/wp\/v2\/media\/3999"}],"wp:attachment":[{"href":"https:\/\/www.petitelaure.com\/pl\/wp-json\/wp\/v2\/media?parent=3997"}],"wp:term":[{"taxonomy":"product_brand","embeddable":true,"href":"https:\/\/www.petitelaure.com\/pl\/wp-json\/wp\/v2\/product_brand?post=3997"},{"taxonomy":"product_cat","embeddable":true,"href":"https:\/\/www.petitelaure.com\/pl\/wp-json\/wp\/v2\/product_cat?post=3997"},{"taxonomy":"product_tag","embeddable":true,"href":"https:\/\/www.petitelaure.com\/pl\/wp-json\/wp\/v2\/product_tag?post=3997"}],"curies":[{"name":"wp","href":"https:\/\/api.w.org\/{rel}","templated":true}]}}