{"id":3545,"date":"2021-09-29T15:51:38","date_gmt":"2021-09-29T13:51:37","guid":{"rendered":"https:\/\/www.petitelaure.com\/?post_type=product&#038;p=3545"},"modified":"2025-01-03T22:44:50","modified_gmt":"2025-01-03T21:44:50","slug":"kokon-niemowlecy-golebie-przykurzony-niebieski","status":"publish","type":"product","link":"https:\/\/www.petitelaure.com\/pl\/produkt\/kokon-niemowlecy-golebie-przykurzony-niebieski\/","title":{"rendered":"Kokon Niemowl\u0119cy Go\u0142\u0119bie Przykurzony Niebieski"},"content":{"rendered":"<h2>Kokon Niemowl\u0119cy Go\u0142\u0119bie Przykurzony Niebieski<\/h2>\n<p>Kokon niemowl\u0119cy to produkt, w kt\u00f3rym \u015bpi\u0105 maluszki, mo\u017cna go u\u017cywa\u0107 ju\u017c od urodzenia niemowl\u0119cia. Sk\u0142ada si\u0119 on z wygodnego pod\u0142o\u017ca z wy\u015bcie\u0142anymi, podniesionymi kraw\u0119dziami ochronnymi, kt\u00f3re sprawiaj\u0105, \u017ce niemowl\u0119 nie mo\u017ce si\u0119 z niego wytoczy\u0107. Takie kompaktowe gniazdo niemowl\u0119ce sprawia, ze w pierwszym okresie po narodzinach niemowl\u0119 czuje si\u0119 w nim bezpieczne i zrelaksowane niczym w \u0142onie matki.<\/p>\n<p>Profesjonalne gniazdo dla niemowlaka to przytulna oaza dla malucha. Mo\u017ce mu s\u0142u\u017cy\u0107 do snu i wypoczynku przez kilka pierwszych miesi\u0119cy \u017cycia.<\/p>\n<p>Du\u017c\u0105 zalet\u0105 kokonu niemowl\u0119cego jest to, \u017ce jest \u00a0lekki i mo\u017cna go dowolnie przenosi\u0107 i umiejscawia\u0107 w dogodnym dla nas miejscu, tak aby zawsze mie\u0107 przy sobie ulubione miejsce snu i wypoczynku swojego maluszka, nie trac\u0105c go z oczu. \u00a0Niemowl\u0119\u00a0\u00a0le\u017c\u0105c w kokonie mo\u017ce\u00a0 sp\u0119dza\u0107 czas z rodzicem, towarzysz\u0105c mu podczas r\u00f3\u017cnych czynno\u015bci, takich jak odpoczynek, \u00a0praca, k\u0105piel, aktywno\u015bci na \u015bwie\u017cym powietrzu jest r\u00f3wnie\u017c niezast\u0105piony w podr\u00f3\u017cy. \u00a0A w pierwszym okresie od narodzin mo\u017ce r\u00f3wnie\u017c stanowi\u0107 wydzielon\u0105 przestrze\u0144 dla niemowl\u0119cia odseparowuj\u0105c\u0105 podczas snu w \u0142\u00f3\u017cku rodzic\u00f3w.<\/p>\n<p>Kokon niemowl\u0119cy od Petite Laure to jedno z najbezpieczniejszych gniazd dost\u0119pnych na rynku. Wszystkie materia\u0142y jak r\u00f3wnie\u017c system zamykania i detale posiadaj\u0105 OEKOTEX STANDARD \u00a0w klasie 1. Sznurki reguluj\u0105ce wielko\u015b\u0107 kokonu w trosce o bezpiecze\u0144stwo maluszka s\u0105 starannie zamaskowane materia\u0142ow\u0105 klapk\u0105, zamykan\u0105 na rzep\u0119. Materacyk o \u015bredniej twardo\u015bci zapewnia naturalny dla noworodka kszta\u0142t kr\u0119gos\u0142upa \u201eC\u201d i zapewnia w\u0142a\u015bciw\u0105 cyrkulacj\u0119 powietrza. Kraw\u0119dzie kokonu s\u0105 zwarte i \u00a0posiadaj\u0105 optymaln\u0105 wysoko\u015b\u0107 i twardo\u015b\u0107.<\/p>\n<p class=\"lead\"><strong>Istotne fakty:<\/strong><\/p>\n<ul>\n<li>brzeg kokonu nie powinien dotyka\u0107 do granic cia\u0142a niemowl\u0119cia<\/li>\n<li>kokon niemowl\u0119cy powinien mie\u0107 zwarty brzeg<\/li>\n<li>brzeg nie powinien by\u0107 zbyt wysoki, tak aby rodzic m\u00f3g\u0142 mie\u0107 maluszka zawsze w polu widzenia<\/li>\n<li>nale\u017cy pami\u0119ta\u0107, \u017ce gniazdo niemowl\u0119ce umila maluszkowi sen do ko\u0144ca 4 miesi\u0105ca \u017cycia. Po tym okresie ogranicza koordynacj\u0119 ruchow\u0105. Najlepiej zrezygnowa\u0107 z tej opcji do snu w \u0142\u00f3\u017ceczku czy \u0142\u00f3\u017cku rodzic\u00f3w, a z kokonu korzysta\u0107 podczas drzemek.<\/li>\n<li>kokon niemowl\u0119cy powinien otula\u0107, a nie utula\u0107 (od utulania s\u0105 ramiona rodzic\u00f3w)<\/li>\n<li>materacyk nie powinien by\u0107 ani za mi\u0119kki ani za twardy \u2013 \u00a0powinien by\u0107 \u015bredniej twardo\u015bci, w\u00f3wczas utrzymuje naturalny dla noworodka kszta\u0142t kr\u0119gos\u0142upa \u201eC\u201d, kt\u00f3ry dopiero w drugim miesi\u0105cu zaczyna kszta\u0142towa\u0107 fizjologiczne krzywizny<\/li>\n<li>materia\u0142 z kt\u00f3rego jest wykonany kokon niemowl\u0119cy powinien by\u0107 oddychaj\u0105cy, tak aby zapobiega\u0107 poceniu si\u0119 maluszka<\/li>\n<li>materacyk powinien by\u0107 wykonany z tworzywa, kt\u00f3re zapewnia cyrkulacj\u0119 powietrza i mie\u0107 odpowiedni\u0105 twardo\u015b\u0107<\/li>\n<li>je\u015bli kokon dla niemowl\u0105t jest regulowany, sznurki reguluj\u0105ce powinny by\u0107 zamaskowane tak aby maluszek nie mia\u0142 do nich dost\u0119pu<\/li>\n<li>ka\u017cdy kokon niemowl\u0119cy powinien by\u0107 wykonany z certyfikowanych \u2013 bezpiecznych dla maluszka \u00a0materia\u0142\u00f3w<\/li>\n<li>kokon nie mo\u017ce by\u0107 u\u017cywany jako nosid\u0142o, nie mo\u017cna przenosi\u0107 w nim dziecka<\/li>\n<\/ul>\n<p>Produkt szyty r\u0119cznie, z najwy\u017csz\u0105 dok\u0142adno\u015bci\u0105 i z wykorzystaniem najlepszych jako\u015bciowo materia\u0142\u00f3w, dost\u0119pny w r\u00f3\u017cnych wariantach kolorystycznych. Do kompletu mo\u017cna dobra\u0107 kocyk do fotelika samochodowego, kocyk z wype\u0142nieniem, pierwsz\u0105 podusi\u0119, \u015bpiworek do spania.<\/p>\n<p>Wyprodukowano w Polsce.<\/p>\n<p>Sk\u0142ad: <strong>BAWE\u0141NA PREMIUM <\/strong>(Certyfikat OEKO-TEX Standard 100)<strong> + antyalergiczne wype\u0142nienie\u00a0<\/strong><\/p>\n<p>Wype\u0142nienie to antyalergiczna, oddychaj\u0105ca, silikonowa w\u0142\u00f3knina &#8211; spr\u0119\u017cysta i mi\u0119kka (Certyfikat OEKO-TEX Standard 100). Wype\u0142nienie wewn\u0105trz nie przemieszcza si\u0119 podczas u\u017cytkowania i w praniu poniewa\u017c jest wszyte do tkaniny zewn\u0119trznej.<\/p>\n<p>Wymiary:<strong>\u00a0<\/strong><\/p>\n<p>d\u0142ugo\u015b\u0107 ca\u0142kowita 110 cm,<br \/>\nszeroko\u015b\u0107 ca\u0142kowita 70 cm,<br \/>\nd\u0142ugo\u015b\u0107 \u015brodka (materaca) 75 cm,<br \/>\nszeroko\u015b\u0107 \u015brodka (materaca) 40cm<\/p>\n<p><strong>SPOS\u00d3B PIELEGNACJI:<\/strong><\/p>\n<ul>\n<li>pra\u0107 w temperaturze 30\u00b0, max. 800 obrot\u00f3w wirowania, po wyj\u0119ciu materacyka<\/li>\n<li>prasowa\u0107\u00a0tylko tkanin\u0119 bawe\u0142nian\u0105 \u00a0w \u015bredniej temperaturze prasowania max. do 110\u00b0,<\/li>\n<li>nie czy\u015bci\u0107 chemicznie<\/li>\n<li>nie suszy\u0107 w suszarce b\u0119bnowej<\/li>\n<li>pra\u0107 oddzielnie<\/li>\n<li>nie stosowa\u0107 wybielaczy<\/li>\n<\/ul>\n<p>Kokon niemowl\u0119cy \u00a0sprawdzi si\u0119 doskonale w roli stylowego i nietuzinkowego prezentu dla maluszka na babyshower, powitanie dziecka czy te\u017c na inne mi\u0142e okazje.<\/p>\n<p>Produkt nale\u017cy stosowa\u0107 pod opiek\u0105 rodzica.<\/p>\n<p>&nbsp;<\/p>\n","protected":false},"excerpt":{"rendered":"<p>Kokon niemowl\u0119cy to produkt, w kt\u00f3rym \u015bpi\u0105 maluszki, mo\u017cna go u\u017cywa\u0107 ju\u017c od urodzenia niemowl\u0119cia. Sk\u0142ada si\u0119 on z wygodnego pod\u0142o\u017ca z wy\u015bcie\u0142anymi, podniesionymi kraw\u0119dziami ochronnymi, kt\u00f3re sprawiaj\u0105, \u017ce niemowl\u0119 nie mo\u017ce si\u0119 z niego wytoczy\u0107. Takie kompaktowe gniazdo niemowl\u0119ce sprawia, ze w pierwszym okresie po narodzinach niemowl\u0119 czuje si\u0119 w nim bezpieczne i zrelaksowane niczym w \u0142onie matki.<\/p>\n<p>Profesjonalne gniazdo dla niemowlaka to przytulna oaza dla malucha. Mo\u017ce mu s\u0142u\u017cy\u0107 do snu i wypoczynku przez kilka pierwszych miesi\u0119cy \u017cycia.<\/p>\n<p>&nbsp;<\/p>\n<p>&nbsp;<\/p>\n","protected":false},"featured_media":3547,"comment_status":"open","ping_status":"closed","template":"","meta":[],"product_brand":[],"product_cat":[216,214],"product_tag":[],"class_list":{"0":"post-3545","1":"product","2":"type-product","3":"status-publish","4":"has-post-thumbnail","6":"product_cat-kokony-gniazda-niemowlece","7":"product_cat-kokony-i-rozki","9":"first","10":"instock","11":"sold-individually","12":"shipping-taxable","13":"purchasable","14":"product-type-simple"},"yoast_head":"<!-- This site is optimized with the Yoast SEO plugin v26.9 - https:\/\/yoast.com\/product\/yoast-seo-wordpress\/ -->\n<title>Kokon Niemowl\u0119cy Go\u0142\u0119bie Przykurzony Niebieski - petitelaure.com<\/title>\n<meta name=\"description\" content=\"Kokon niemowl\u0119cy to produkt, w kt\u00f3rym \u015bpi\u0105 maluszki, mo\u017cna go u\u017cywa\u0107 ju\u017c od urodzenia niemowl\u0119cia. Sk\u0142ada si\u0119 on z wygodnego pod\u0142o\u017ca z wy\u015bcie\u0142anymi, podniesionymi kraw\u0119dziami ochronnymi, kt\u00f3re sprawiaj\u0105, \u017ce niemowl\u0119 nie mo\u017ce si\u0119 z niego wytoczy\u0107. Takie kompaktowe gniazdo niemowl\u0119ce sprawia, ze w pierwszym okresie po narodzinach niemowl\u0119 czuje si\u0119 w nim bezpieczne i zrelaksowane niczym w \u0142onie matki.Profesjonalne gniazdo dla niemowlaka to przytulna oaza dla malucha. Mo\u017ce mu s\u0142u\u017cy\u0107 do snu i wypoczynku przez kilka pierwszych miesi\u0119cy \u017cycia.\" \/>\n<meta name=\"robots\" content=\"index, follow, max-snippet:-1, max-image-preview:large, max-video-preview:-1\" \/>\n<link rel=\"canonical\" href=\"https:\/\/www.petitelaure.com\/pl\/produkt\/kokon-niemowlecy-golebie-przykurzony-niebieski\/\" \/>\n<meta property=\"og:locale\" content=\"pl_PL\" \/>\n<meta property=\"og:type\" content=\"article\" \/>\n<meta property=\"og:title\" content=\"Kokon Niemowl\u0119cy Go\u0142\u0119bie Przykurzony Niebieski - petitelaure.com\" \/>\n<meta property=\"og:description\" content=\"Kokon niemowl\u0119cy to produkt, w kt\u00f3rym \u015bpi\u0105 maluszki, mo\u017cna go u\u017cywa\u0107 ju\u017c od urodzenia niemowl\u0119cia. Sk\u0142ada si\u0119 on z wygodnego pod\u0142o\u017ca z wy\u015bcie\u0142anymi, podniesionymi kraw\u0119dziami ochronnymi, kt\u00f3re sprawiaj\u0105, \u017ce niemowl\u0119 nie mo\u017ce si\u0119 z niego wytoczy\u0107. Takie kompaktowe gniazdo niemowl\u0119ce sprawia, ze w pierwszym okresie po narodzinach niemowl\u0119 czuje si\u0119 w nim bezpieczne i zrelaksowane niczym w \u0142onie matki.Profesjonalne gniazdo dla niemowlaka to przytulna oaza dla malucha. Mo\u017ce mu s\u0142u\u017cy\u0107 do snu i wypoczynku przez kilka pierwszych miesi\u0119cy \u017cycia.\" \/>\n<meta property=\"og:url\" content=\"https:\/\/www.petitelaure.com\/pl\/produkt\/kokon-niemowlecy-golebie-przykurzony-niebieski\/\" \/>\n<meta property=\"og:site_name\" content=\"petitelaure.com\" \/>\n<meta property=\"article:modified_time\" content=\"2025-01-03T21:44:50+00:00\" \/>\n<meta property=\"og:image\" content=\"https:\/\/www.petitelaure.com\/wp-content\/uploads\/2021\/09\/4X0A8861v-scaled.jpg\" \/>\n\t<meta property=\"og:image:width\" content=\"2560\" \/>\n\t<meta property=\"og:image:height\" content=\"1707\" \/>\n\t<meta property=\"og:image:type\" content=\"image\/jpeg\" \/>\n<meta name=\"twitter:card\" content=\"summary_large_image\" \/>\n<meta name=\"twitter:label1\" content=\"Szacowany czas czytania\" \/>\n\t<meta name=\"twitter:data1\" content=\"4 minuty\" \/>\n<script type=\"application\/ld+json\" class=\"yoast-schema-graph\">{\"@context\":\"https:\/\/schema.org\",\"@graph\":[{\"@type\":\"WebPage\",\"@id\":\"https:\/\/www.petitelaure.com\/pl\/produkt\/kokon-niemowlecy-golebie-przykurzony-niebieski\/\",\"url\":\"https:\/\/www.petitelaure.com\/pl\/produkt\/kokon-niemowlecy-golebie-przykurzony-niebieski\/\",\"name\":\"Kokon Niemowl\u0119cy Go\u0142\u0119bie Przykurzony Niebieski - petitelaure.com\",\"isPartOf\":{\"@id\":\"https:\/\/www.petitelaure.com\/pl\/#website\"},\"primaryImageOfPage\":{\"@id\":\"https:\/\/www.petitelaure.com\/pl\/produkt\/kokon-niemowlecy-golebie-przykurzony-niebieski\/#primaryimage\"},\"image\":{\"@id\":\"https:\/\/www.petitelaure.com\/pl\/produkt\/kokon-niemowlecy-golebie-przykurzony-niebieski\/#primaryimage\"},\"thumbnailUrl\":\"https:\/\/www.petitelaure.com\/wp-content\/uploads\/2021\/09\/4X0A8861v-scaled.jpg\",\"datePublished\":\"2021-09-29T13:51:37+00:00\",\"dateModified\":\"2025-01-03T21:44:50+00:00\",\"description\":\"Kokon niemowl\u0119cy to produkt, w kt\u00f3rym \u015bpi\u0105 maluszki, mo\u017cna go u\u017cywa\u0107 ju\u017c od urodzenia niemowl\u0119cia. Sk\u0142ada si\u0119 on z wygodnego pod\u0142o\u017ca z wy\u015bcie\u0142anymi, podniesionymi kraw\u0119dziami ochronnymi, kt\u00f3re sprawiaj\u0105, \u017ce niemowl\u0119 nie mo\u017ce si\u0119 z niego wytoczy\u0107. Takie kompaktowe gniazdo niemowl\u0119ce sprawia, ze w pierwszym okresie po narodzinach niemowl\u0119 czuje si\u0119 w nim bezpieczne i zrelaksowane niczym w \u0142onie matki.Profesjonalne gniazdo dla niemowlaka to przytulna oaza dla malucha. Mo\u017ce mu s\u0142u\u017cy\u0107 do snu i wypoczynku przez kilka pierwszych miesi\u0119cy \u017cycia.\",\"breadcrumb\":{\"@id\":\"https:\/\/www.petitelaure.com\/pl\/produkt\/kokon-niemowlecy-golebie-przykurzony-niebieski\/#breadcrumb\"},\"inLanguage\":\"pl-PL\",\"potentialAction\":[{\"@type\":\"ReadAction\",\"target\":[\"https:\/\/www.petitelaure.com\/pl\/produkt\/kokon-niemowlecy-golebie-przykurzony-niebieski\/\"]}]},{\"@type\":\"ImageObject\",\"inLanguage\":\"pl-PL\",\"@id\":\"https:\/\/www.petitelaure.com\/pl\/produkt\/kokon-niemowlecy-golebie-przykurzony-niebieski\/#primaryimage\",\"url\":\"https:\/\/www.petitelaure.com\/wp-content\/uploads\/2021\/09\/4X0A8861v-scaled.jpg\",\"contentUrl\":\"https:\/\/www.petitelaure.com\/wp-content\/uploads\/2021\/09\/4X0A8861v-scaled.jpg\",\"width\":2560,\"height\":1707,\"caption\":\"Kokon Niemowl\u0119cy Go\u0142\u0119bie Przykurzony Niebieski\"},{\"@type\":\"BreadcrumbList\",\"@id\":\"https:\/\/www.petitelaure.com\/pl\/produkt\/kokon-niemowlecy-golebie-przykurzony-niebieski\/#breadcrumb\",\"itemListElement\":[{\"@type\":\"ListItem\",\"position\":1,\"name\":\"Strona g\u0142\u00f3wna\",\"item\":\"https:\/\/www.petitelaure.com\/pl\/\"},{\"@type\":\"ListItem\",\"position\":2,\"name\":\"Sklep\",\"item\":\"https:\/\/www.petitelaure.com\/pl\/sklep\/\"},{\"@type\":\"ListItem\",\"position\":3,\"name\":\"Kokon Niemowl\u0119cy Go\u0142\u0119bie Przykurzony Niebieski\"}]},{\"@type\":\"WebSite\",\"@id\":\"https:\/\/www.petitelaure.com\/pl\/#website\",\"url\":\"https:\/\/www.petitelaure.com\/pl\/\",\"name\":\"petitelaure.com\",\"description\":\"\",\"potentialAction\":[{\"@type\":\"SearchAction\",\"target\":{\"@type\":\"EntryPoint\",\"urlTemplate\":\"https:\/\/www.petitelaure.com\/pl\/?s={search_term_string}\"},\"query-input\":{\"@type\":\"PropertyValueSpecification\",\"valueRequired\":true,\"valueName\":\"search_term_string\"}}],\"inLanguage\":\"pl-PL\"}]}<\/script>\n<!-- \/ Yoast SEO plugin. -->","yoast_head_json":{"title":"Kokon Niemowl\u0119cy Go\u0142\u0119bie Przykurzony Niebieski - petitelaure.com","description":"Kokon niemowl\u0119cy to produkt, w kt\u00f3rym \u015bpi\u0105 maluszki, mo\u017cna go u\u017cywa\u0107 ju\u017c od urodzenia niemowl\u0119cia. Sk\u0142ada si\u0119 on z wygodnego pod\u0142o\u017ca z wy\u015bcie\u0142anymi, podniesionymi kraw\u0119dziami ochronnymi, kt\u00f3re sprawiaj\u0105, \u017ce niemowl\u0119 nie mo\u017ce si\u0119 z niego wytoczy\u0107. Takie kompaktowe gniazdo niemowl\u0119ce sprawia, ze w pierwszym okresie po narodzinach niemowl\u0119 czuje si\u0119 w nim bezpieczne i zrelaksowane niczym w \u0142onie matki.Profesjonalne gniazdo dla niemowlaka to przytulna oaza dla malucha. Mo\u017ce mu s\u0142u\u017cy\u0107 do snu i wypoczynku przez kilka pierwszych miesi\u0119cy \u017cycia.","robots":{"index":"index","follow":"follow","max-snippet":"max-snippet:-1","max-image-preview":"max-image-preview:large","max-video-preview":"max-video-preview:-1"},"canonical":"https:\/\/www.petitelaure.com\/pl\/produkt\/kokon-niemowlecy-golebie-przykurzony-niebieski\/","og_locale":"pl_PL","og_type":"article","og_title":"Kokon Niemowl\u0119cy Go\u0142\u0119bie Przykurzony Niebieski - petitelaure.com","og_description":"Kokon niemowl\u0119cy to produkt, w kt\u00f3rym \u015bpi\u0105 maluszki, mo\u017cna go u\u017cywa\u0107 ju\u017c od urodzenia niemowl\u0119cia. Sk\u0142ada si\u0119 on z wygodnego pod\u0142o\u017ca z wy\u015bcie\u0142anymi, podniesionymi kraw\u0119dziami ochronnymi, kt\u00f3re sprawiaj\u0105, \u017ce niemowl\u0119 nie mo\u017ce si\u0119 z niego wytoczy\u0107. Takie kompaktowe gniazdo niemowl\u0119ce sprawia, ze w pierwszym okresie po narodzinach niemowl\u0119 czuje si\u0119 w nim bezpieczne i zrelaksowane niczym w \u0142onie matki.Profesjonalne gniazdo dla niemowlaka to przytulna oaza dla malucha. Mo\u017ce mu s\u0142u\u017cy\u0107 do snu i wypoczynku przez kilka pierwszych miesi\u0119cy \u017cycia.","og_url":"https:\/\/www.petitelaure.com\/pl\/produkt\/kokon-niemowlecy-golebie-przykurzony-niebieski\/","og_site_name":"petitelaure.com","article_modified_time":"2025-01-03T21:44:50+00:00","og_image":[{"width":2560,"height":1707,"url":"https:\/\/www.petitelaure.com\/wp-content\/uploads\/2021\/09\/4X0A8861v-scaled.jpg","type":"image\/jpeg"}],"twitter_card":"summary_large_image","twitter_misc":{"Szacowany czas czytania":"4 minuty"},"schema":{"@context":"https:\/\/schema.org","@graph":[{"@type":"WebPage","@id":"https:\/\/www.petitelaure.com\/pl\/produkt\/kokon-niemowlecy-golebie-przykurzony-niebieski\/","url":"https:\/\/www.petitelaure.com\/pl\/produkt\/kokon-niemowlecy-golebie-przykurzony-niebieski\/","name":"Kokon Niemowl\u0119cy Go\u0142\u0119bie Przykurzony Niebieski - petitelaure.com","isPartOf":{"@id":"https:\/\/www.petitelaure.com\/pl\/#website"},"primaryImageOfPage":{"@id":"https:\/\/www.petitelaure.com\/pl\/produkt\/kokon-niemowlecy-golebie-przykurzony-niebieski\/#primaryimage"},"image":{"@id":"https:\/\/www.petitelaure.com\/pl\/produkt\/kokon-niemowlecy-golebie-przykurzony-niebieski\/#primaryimage"},"thumbnailUrl":"https:\/\/www.petitelaure.com\/wp-content\/uploads\/2021\/09\/4X0A8861v-scaled.jpg","datePublished":"2021-09-29T13:51:37+00:00","dateModified":"2025-01-03T21:44:50+00:00","description":"Kokon niemowl\u0119cy to produkt, w kt\u00f3rym \u015bpi\u0105 maluszki, mo\u017cna go u\u017cywa\u0107 ju\u017c od urodzenia niemowl\u0119cia. Sk\u0142ada si\u0119 on z wygodnego pod\u0142o\u017ca z wy\u015bcie\u0142anymi, podniesionymi kraw\u0119dziami ochronnymi, kt\u00f3re sprawiaj\u0105, \u017ce niemowl\u0119 nie mo\u017ce si\u0119 z niego wytoczy\u0107. Takie kompaktowe gniazdo niemowl\u0119ce sprawia, ze w pierwszym okresie po narodzinach niemowl\u0119 czuje si\u0119 w nim bezpieczne i zrelaksowane niczym w \u0142onie matki.Profesjonalne gniazdo dla niemowlaka to przytulna oaza dla malucha. Mo\u017ce mu s\u0142u\u017cy\u0107 do snu i wypoczynku przez kilka pierwszych miesi\u0119cy \u017cycia.","breadcrumb":{"@id":"https:\/\/www.petitelaure.com\/pl\/produkt\/kokon-niemowlecy-golebie-przykurzony-niebieski\/#breadcrumb"},"inLanguage":"pl-PL","potentialAction":[{"@type":"ReadAction","target":["https:\/\/www.petitelaure.com\/pl\/produkt\/kokon-niemowlecy-golebie-przykurzony-niebieski\/"]}]},{"@type":"ImageObject","inLanguage":"pl-PL","@id":"https:\/\/www.petitelaure.com\/pl\/produkt\/kokon-niemowlecy-golebie-przykurzony-niebieski\/#primaryimage","url":"https:\/\/www.petitelaure.com\/wp-content\/uploads\/2021\/09\/4X0A8861v-scaled.jpg","contentUrl":"https:\/\/www.petitelaure.com\/wp-content\/uploads\/2021\/09\/4X0A8861v-scaled.jpg","width":2560,"height":1707,"caption":"Kokon Niemowl\u0119cy Go\u0142\u0119bie Przykurzony Niebieski"},{"@type":"BreadcrumbList","@id":"https:\/\/www.petitelaure.com\/pl\/produkt\/kokon-niemowlecy-golebie-przykurzony-niebieski\/#breadcrumb","itemListElement":[{"@type":"ListItem","position":1,"name":"Strona g\u0142\u00f3wna","item":"https:\/\/www.petitelaure.com\/pl\/"},{"@type":"ListItem","position":2,"name":"Sklep","item":"https:\/\/www.petitelaure.com\/pl\/sklep\/"},{"@type":"ListItem","position":3,"name":"Kokon Niemowl\u0119cy Go\u0142\u0119bie Przykurzony Niebieski"}]},{"@type":"WebSite","@id":"https:\/\/www.petitelaure.com\/pl\/#website","url":"https:\/\/www.petitelaure.com\/pl\/","name":"petitelaure.com","description":"","potentialAction":[{"@type":"SearchAction","target":{"@type":"EntryPoint","urlTemplate":"https:\/\/www.petitelaure.com\/pl\/?s={search_term_string}"},"query-input":{"@type":"PropertyValueSpecification","valueRequired":true,"valueName":"search_term_string"}}],"inLanguage":"pl-PL"}]}},"_links":{"self":[{"href":"https:\/\/www.petitelaure.com\/pl\/wp-json\/wp\/v2\/product\/3545","targetHints":{"allow":["GET"]}}],"collection":[{"href":"https:\/\/www.petitelaure.com\/pl\/wp-json\/wp\/v2\/product"}],"about":[{"href":"https:\/\/www.petitelaure.com\/pl\/wp-json\/wp\/v2\/types\/product"}],"replies":[{"embeddable":true,"href":"https:\/\/www.petitelaure.com\/pl\/wp-json\/wp\/v2\/comments?post=3545"}],"wp:featuredmedia":[{"embeddable":true,"href":"https:\/\/www.petitelaure.com\/pl\/wp-json\/wp\/v2\/media\/3547"}],"wp:attachment":[{"href":"https:\/\/www.petitelaure.com\/pl\/wp-json\/wp\/v2\/media?parent=3545"}],"wp:term":[{"taxonomy":"product_brand","embeddable":true,"href":"https:\/\/www.petitelaure.com\/pl\/wp-json\/wp\/v2\/product_brand?post=3545"},{"taxonomy":"product_cat","embeddable":true,"href":"https:\/\/www.petitelaure.com\/pl\/wp-json\/wp\/v2\/product_cat?post=3545"},{"taxonomy":"product_tag","embeddable":true,"href":"https:\/\/www.petitelaure.com\/pl\/wp-json\/wp\/v2\/product_tag?post=3545"}],"curies":[{"name":"wp","href":"https:\/\/api.w.org\/{rel}","templated":true}]}}