{"id":3090,"date":"2021-08-13T22:19:05","date_gmt":"2021-08-13T20:19:04","guid":{"rendered":"https:\/\/www.petitelaure.com\/?post_type=product&#038;p=3090"},"modified":"2021-11-25T18:32:34","modified_gmt":"2021-11-25T17:32:34","slug":"wafelkowy-kocyk-niemowlecy-kawowy","status":"publish","type":"product","link":"https:\/\/www.petitelaure.com\/pl\/produkt\/wafelkowy-kocyk-niemowlecy-kawowy\/","title":{"rendered":"Wafelkowy Kocyk Niemowl\u0119cy Kawowy"},"content":{"rendered":"<h2>Wafelkowy bawe\u0142niany kocyk niemowl\u0119cy kawowy<\/h2>\n<p>Niemowl\u0119cy jasno szary kocyk bawe\u0142niany &#8211; niemowl\u0119cy otulacz o strukturze wafla o bardzo g\u0119stym i delikatnym splocie to niezast\u0105piony element wyprawki niemowl\u0119cej. Doskonale sprawdzi si\u0119 jako ko\u0142derka, kocyk do w\u00f3zka lub otulacz.\u00a0 Doskonale sprawdzi si\u0119 od wieku niemowl\u0119cego do wczesnego wieku przedszkolnego. Dobrze ch\u0142onie wod\u0119 dzi\u0119ki czemu mo\u017ce s\u0142u\u017cy\u0107 r\u00f3wnie\u017c jako r\u0119cznik.<\/p>\n<p>Opr\u00f3cz koloru brudnego r\u00f3\u017cu w naszej ofercie znajdziecie jeszcze inne kolory takie jak: piaskowy, szary, kremowy czy bia\u0142y.<\/p>\n<p>Wymiary: 75 x100 cm (rozmiar pos\u0142u\u017cy Maluszkowi na kilka pierwszych lat \u017cycia)<\/p>\n<p>Gramatura: 240g\/m2<\/p>\n<p>Sk\u0142ad 100% bawe\u0142na<\/p>\n<p>Piel\u0119gnacja: Zalecamy pranie w pralce, 30 stopni, wirowanie max. 600 obrot\u00f3w\/min.<\/p>\n","protected":false},"excerpt":{"rendered":"<p>Wafelkowy kocyk niemowl\u0119cy w kolorze kawowym, bawe\u0142niany \u2013 otulacz o strukturze wafla o bardzo g\u0119stym i delikatnym splocie to niezast\u0105piony element wyprawki niemowl\u0119cej. Doskonale sprawdzi si\u0119 jako ko\u0142derka, kocyk niemowl\u0119cy do w\u00f3zka lub otulacz dla noworodka do fotelika samochodowego.<\/p>\n","protected":false},"featured_media":3092,"comment_status":"open","ping_status":"closed","template":"","meta":[],"product_brand":[],"product_cat":[77,201],"product_tag":[],"class_list":{"0":"post-3090","1":"product","2":"type-product","3":"status-publish","4":"has-post-thumbnail","6":"product_cat-kocyki","7":"product_cat-kocyki-wafelkowe","9":"first","10":"instock","11":"shipping-taxable","12":"purchasable","13":"product-type-simple"},"yoast_head":"<!-- This site is optimized with the Yoast SEO plugin v26.9 - https:\/\/yoast.com\/product\/yoast-seo-wordpress\/ -->\n<title>Wafelkowy Kocyk Niemowl\u0119cy Kawowy - petitelaure.com<\/title>\n<meta name=\"description\" content=\"Wafelkowy kocyk niemowl\u0119cy bawe\u0142niany kawowy. Sprawdzi si\u0119 jako ko\u0142derka, kocyk do w\u00f3zka lub otulacz dla noworodka do fotelika samochodowego.\" \/>\n<meta name=\"robots\" content=\"index, follow, max-snippet:-1, max-image-preview:large, max-video-preview:-1\" \/>\n<link rel=\"canonical\" href=\"https:\/\/www.petitelaure.com\/pl\/produkt\/wafelkowy-kocyk-niemowlecy-kawowy\/\" \/>\n<meta property=\"og:locale\" content=\"pl_PL\" \/>\n<meta property=\"og:type\" content=\"article\" \/>\n<meta property=\"og:title\" content=\"Wafelkowy Kocyk Niemowl\u0119cy Kawowy - petitelaure.com\" \/>\n<meta property=\"og:description\" content=\"Wafelkowy kocyk niemowl\u0119cy bawe\u0142niany kawowy. Sprawdzi si\u0119 jako ko\u0142derka, kocyk do w\u00f3zka lub otulacz dla noworodka do fotelika samochodowego.\" \/>\n<meta property=\"og:url\" content=\"https:\/\/www.petitelaure.com\/pl\/produkt\/wafelkowy-kocyk-niemowlecy-kawowy\/\" \/>\n<meta property=\"og:site_name\" content=\"petitelaure.com\" \/>\n<meta property=\"article:modified_time\" content=\"2021-11-25T17:32:34+00:00\" \/>\n<meta property=\"og:image\" content=\"https:\/\/www.petitelaure.com\/wp-content\/uploads\/2021\/08\/IMG_1017-scaled.jpg\" \/>\n\t<meta property=\"og:image:width\" content=\"1920\" \/>\n\t<meta property=\"og:image:height\" content=\"2560\" \/>\n\t<meta property=\"og:image:type\" content=\"image\/jpeg\" \/>\n<meta name=\"twitter:card\" content=\"summary_large_image\" \/>\n<meta name=\"twitter:label1\" content=\"Szacowany czas czytania\" \/>\n\t<meta name=\"twitter:data1\" content=\"1 minuta\" \/>\n<script type=\"application\/ld+json\" class=\"yoast-schema-graph\">{\"@context\":\"https:\/\/schema.org\",\"@graph\":[{\"@type\":\"WebPage\",\"@id\":\"https:\/\/www.petitelaure.com\/pl\/produkt\/wafelkowy-kocyk-niemowlecy-kawowy\/\",\"url\":\"https:\/\/www.petitelaure.com\/pl\/produkt\/wafelkowy-kocyk-niemowlecy-kawowy\/\",\"name\":\"Wafelkowy Kocyk Niemowl\u0119cy Kawowy - petitelaure.com\",\"isPartOf\":{\"@id\":\"https:\/\/www.petitelaure.com\/pl\/#website\"},\"primaryImageOfPage\":{\"@id\":\"https:\/\/www.petitelaure.com\/pl\/produkt\/wafelkowy-kocyk-niemowlecy-kawowy\/#primaryimage\"},\"image\":{\"@id\":\"https:\/\/www.petitelaure.com\/pl\/produkt\/wafelkowy-kocyk-niemowlecy-kawowy\/#primaryimage\"},\"thumbnailUrl\":\"https:\/\/www.petitelaure.com\/wp-content\/uploads\/2021\/08\/IMG_1017-scaled.jpg\",\"datePublished\":\"2021-08-13T20:19:04+00:00\",\"dateModified\":\"2021-11-25T17:32:34+00:00\",\"description\":\"Wafelkowy kocyk niemowl\u0119cy bawe\u0142niany kawowy. Sprawdzi si\u0119 jako ko\u0142derka, kocyk do w\u00f3zka lub otulacz dla noworodka do fotelika samochodowego.\",\"breadcrumb\":{\"@id\":\"https:\/\/www.petitelaure.com\/pl\/produkt\/wafelkowy-kocyk-niemowlecy-kawowy\/#breadcrumb\"},\"inLanguage\":\"pl-PL\",\"potentialAction\":[{\"@type\":\"ReadAction\",\"target\":[\"https:\/\/www.petitelaure.com\/pl\/produkt\/wafelkowy-kocyk-niemowlecy-kawowy\/\"]}]},{\"@type\":\"ImageObject\",\"inLanguage\":\"pl-PL\",\"@id\":\"https:\/\/www.petitelaure.com\/pl\/produkt\/wafelkowy-kocyk-niemowlecy-kawowy\/#primaryimage\",\"url\":\"https:\/\/www.petitelaure.com\/wp-content\/uploads\/2021\/08\/IMG_1017-scaled.jpg\",\"contentUrl\":\"https:\/\/www.petitelaure.com\/wp-content\/uploads\/2021\/08\/IMG_1017-scaled.jpg\",\"width\":1920,\"height\":2560},{\"@type\":\"BreadcrumbList\",\"@id\":\"https:\/\/www.petitelaure.com\/pl\/produkt\/wafelkowy-kocyk-niemowlecy-kawowy\/#breadcrumb\",\"itemListElement\":[{\"@type\":\"ListItem\",\"position\":1,\"name\":\"Strona g\u0142\u00f3wna\",\"item\":\"https:\/\/www.petitelaure.com\/pl\/\"},{\"@type\":\"ListItem\",\"position\":2,\"name\":\"Sklep\",\"item\":\"https:\/\/www.petitelaure.com\/pl\/sklep\/\"},{\"@type\":\"ListItem\",\"position\":3,\"name\":\"Wafelkowy Kocyk Niemowl\u0119cy Kawowy\"}]},{\"@type\":\"WebSite\",\"@id\":\"https:\/\/www.petitelaure.com\/pl\/#website\",\"url\":\"https:\/\/www.petitelaure.com\/pl\/\",\"name\":\"petitelaure.com\",\"description\":\"\",\"potentialAction\":[{\"@type\":\"SearchAction\",\"target\":{\"@type\":\"EntryPoint\",\"urlTemplate\":\"https:\/\/www.petitelaure.com\/pl\/?s={search_term_string}\"},\"query-input\":{\"@type\":\"PropertyValueSpecification\",\"valueRequired\":true,\"valueName\":\"search_term_string\"}}],\"inLanguage\":\"pl-PL\"}]}<\/script>\n<!-- \/ Yoast SEO plugin. -->","yoast_head_json":{"title":"Wafelkowy Kocyk Niemowl\u0119cy Kawowy - petitelaure.com","description":"Wafelkowy kocyk niemowl\u0119cy bawe\u0142niany kawowy. Sprawdzi si\u0119 jako ko\u0142derka, kocyk do w\u00f3zka lub otulacz dla noworodka do fotelika samochodowego.","robots":{"index":"index","follow":"follow","max-snippet":"max-snippet:-1","max-image-preview":"max-image-preview:large","max-video-preview":"max-video-preview:-1"},"canonical":"https:\/\/www.petitelaure.com\/pl\/produkt\/wafelkowy-kocyk-niemowlecy-kawowy\/","og_locale":"pl_PL","og_type":"article","og_title":"Wafelkowy Kocyk Niemowl\u0119cy Kawowy - petitelaure.com","og_description":"Wafelkowy kocyk niemowl\u0119cy bawe\u0142niany kawowy. Sprawdzi si\u0119 jako ko\u0142derka, kocyk do w\u00f3zka lub otulacz dla noworodka do fotelika samochodowego.","og_url":"https:\/\/www.petitelaure.com\/pl\/produkt\/wafelkowy-kocyk-niemowlecy-kawowy\/","og_site_name":"petitelaure.com","article_modified_time":"2021-11-25T17:32:34+00:00","og_image":[{"width":1920,"height":2560,"url":"https:\/\/www.petitelaure.com\/wp-content\/uploads\/2021\/08\/IMG_1017-scaled.jpg","type":"image\/jpeg"}],"twitter_card":"summary_large_image","twitter_misc":{"Szacowany czas czytania":"1 minuta"},"schema":{"@context":"https:\/\/schema.org","@graph":[{"@type":"WebPage","@id":"https:\/\/www.petitelaure.com\/pl\/produkt\/wafelkowy-kocyk-niemowlecy-kawowy\/","url":"https:\/\/www.petitelaure.com\/pl\/produkt\/wafelkowy-kocyk-niemowlecy-kawowy\/","name":"Wafelkowy Kocyk Niemowl\u0119cy Kawowy - petitelaure.com","isPartOf":{"@id":"https:\/\/www.petitelaure.com\/pl\/#website"},"primaryImageOfPage":{"@id":"https:\/\/www.petitelaure.com\/pl\/produkt\/wafelkowy-kocyk-niemowlecy-kawowy\/#primaryimage"},"image":{"@id":"https:\/\/www.petitelaure.com\/pl\/produkt\/wafelkowy-kocyk-niemowlecy-kawowy\/#primaryimage"},"thumbnailUrl":"https:\/\/www.petitelaure.com\/wp-content\/uploads\/2021\/08\/IMG_1017-scaled.jpg","datePublished":"2021-08-13T20:19:04+00:00","dateModified":"2021-11-25T17:32:34+00:00","description":"Wafelkowy kocyk niemowl\u0119cy bawe\u0142niany kawowy. Sprawdzi si\u0119 jako ko\u0142derka, kocyk do w\u00f3zka lub otulacz dla noworodka do fotelika samochodowego.","breadcrumb":{"@id":"https:\/\/www.petitelaure.com\/pl\/produkt\/wafelkowy-kocyk-niemowlecy-kawowy\/#breadcrumb"},"inLanguage":"pl-PL","potentialAction":[{"@type":"ReadAction","target":["https:\/\/www.petitelaure.com\/pl\/produkt\/wafelkowy-kocyk-niemowlecy-kawowy\/"]}]},{"@type":"ImageObject","inLanguage":"pl-PL","@id":"https:\/\/www.petitelaure.com\/pl\/produkt\/wafelkowy-kocyk-niemowlecy-kawowy\/#primaryimage","url":"https:\/\/www.petitelaure.com\/wp-content\/uploads\/2021\/08\/IMG_1017-scaled.jpg","contentUrl":"https:\/\/www.petitelaure.com\/wp-content\/uploads\/2021\/08\/IMG_1017-scaled.jpg","width":1920,"height":2560},{"@type":"BreadcrumbList","@id":"https:\/\/www.petitelaure.com\/pl\/produkt\/wafelkowy-kocyk-niemowlecy-kawowy\/#breadcrumb","itemListElement":[{"@type":"ListItem","position":1,"name":"Strona g\u0142\u00f3wna","item":"https:\/\/www.petitelaure.com\/pl\/"},{"@type":"ListItem","position":2,"name":"Sklep","item":"https:\/\/www.petitelaure.com\/pl\/sklep\/"},{"@type":"ListItem","position":3,"name":"Wafelkowy Kocyk Niemowl\u0119cy Kawowy"}]},{"@type":"WebSite","@id":"https:\/\/www.petitelaure.com\/pl\/#website","url":"https:\/\/www.petitelaure.com\/pl\/","name":"petitelaure.com","description":"","potentialAction":[{"@type":"SearchAction","target":{"@type":"EntryPoint","urlTemplate":"https:\/\/www.petitelaure.com\/pl\/?s={search_term_string}"},"query-input":{"@type":"PropertyValueSpecification","valueRequired":true,"valueName":"search_term_string"}}],"inLanguage":"pl-PL"}]}},"_links":{"self":[{"href":"https:\/\/www.petitelaure.com\/pl\/wp-json\/wp\/v2\/product\/3090","targetHints":{"allow":["GET"]}}],"collection":[{"href":"https:\/\/www.petitelaure.com\/pl\/wp-json\/wp\/v2\/product"}],"about":[{"href":"https:\/\/www.petitelaure.com\/pl\/wp-json\/wp\/v2\/types\/product"}],"replies":[{"embeddable":true,"href":"https:\/\/www.petitelaure.com\/pl\/wp-json\/wp\/v2\/comments?post=3090"}],"wp:featuredmedia":[{"embeddable":true,"href":"https:\/\/www.petitelaure.com\/pl\/wp-json\/wp\/v2\/media\/3092"}],"wp:attachment":[{"href":"https:\/\/www.petitelaure.com\/pl\/wp-json\/wp\/v2\/media?parent=3090"}],"wp:term":[{"taxonomy":"product_brand","embeddable":true,"href":"https:\/\/www.petitelaure.com\/pl\/wp-json\/wp\/v2\/product_brand?post=3090"},{"taxonomy":"product_cat","embeddable":true,"href":"https:\/\/www.petitelaure.com\/pl\/wp-json\/wp\/v2\/product_cat?post=3090"},{"taxonomy":"product_tag","embeddable":true,"href":"https:\/\/www.petitelaure.com\/pl\/wp-json\/wp\/v2\/product_tag?post=3090"}],"curies":[{"name":"wp","href":"https:\/\/api.w.org\/{rel}","templated":true}]}}