{"id":3083,"date":"2021-08-13T22:10:03","date_gmt":"2021-08-13T20:10:04","guid":{"rendered":"https:\/\/www.petitelaure.com\/?post_type=product&#038;p=3083"},"modified":"2021-09-04T23:45:44","modified_gmt":"2021-09-04T21:45:44","slug":"wafelkowy-kocyk-niemowlecy-cielisty-rozowy","status":"publish","type":"product","link":"https:\/\/www.petitelaure.com\/pl\/produkt\/wafelkowy-kocyk-niemowlecy-cielisty-rozowy\/","title":{"rendered":"Wafelkowy Kocyk Niemowl\u0119cy Cielisty R\u00f3\u017cowy"},"content":{"rendered":"<h2>Wafelkowy bawe\u0142niany kocyk niemowl\u0119cy cielisty r\u00f3\u017cowy<\/h2>\n<p>Niemowl\u0119cy kocyk bawe\u0142niany w kolorze cielistego r\u00f3\u017cu. Niemowl\u0119cy otulacz o strukturze wafla o bardzo g\u0119stym i delikatnym splocie to niezast\u0105piony element wyprawki niemowl\u0119cej. Doskonale sprawdzi si\u0119 jako ko\u0142derka, kocyk do w\u00f3zka lub otulacz.\u00a0 Doskonale sprawdzi si\u0119 od wieku niemowl\u0119cego do wczesnego wieku przedszkolnego. Dobrze ch\u0142onie wod\u0119 dzi\u0119ki czemu mo\u017ce s\u0142u\u017cy\u0107 r\u00f3wnie\u017c jako r\u0119cznik.<\/p>\n<p>Opr\u00f3cz koloru brudnego r\u00f3\u017cu w naszej ofercie znajdziecie jeszcze inne kolory kocyk\u00f3w wafelkowych dla niemowl\u0105t takie jak: piaskowy, szary, kremowy czy bia\u0142y.<\/p>\n<p>Wymiary: 75 x100 cm<\/p>\n<p>Sk\u0142ad 100% bawe\u0142na<\/p>\n<p>Piel\u0119gnacja: Zalecamy pranie w pralce, 30 stopni, wirowanie max. 600 obrot\u00f3w\/min.<\/p>\n","protected":false},"excerpt":{"rendered":"<p>Wafelkowy kocyk niemowl\u0119cy w kolorze r\u00f3\u017cowym, bawe\u0142niany \u2013 otulacz o strukturze wafla o bardzo g\u0119stym i delikatnym splocie to niezast\u0105piony element wyprawki niemowl\u0119cej. Doskonale sprawdzi si\u0119 jako ko\u0142derka, kocyk niemowl\u0119cy do w\u00f3zka lub otulacz dla noworodka do fotelika samochodowego.<\/p>\n","protected":false},"featured_media":3308,"comment_status":"open","ping_status":"closed","template":"","meta":[],"product_brand":[],"product_cat":[77,201],"product_tag":[],"class_list":{"0":"post-3083","1":"product","2":"type-product","3":"status-publish","4":"has-post-thumbnail","6":"product_cat-kocyki","7":"product_cat-kocyki-wafelkowe","9":"first","10":"instock","11":"shipping-taxable","12":"purchasable","13":"product-type-simple"},"yoast_head":"<!-- This site is optimized with the Yoast SEO plugin v26.9 - https:\/\/yoast.com\/product\/yoast-seo-wordpress\/ -->\n<title>Wafelkowy Kocyk Niemowl\u0119cy Cielisty R\u00f3\u017cowy - petitelaure.com<\/title>\n<meta name=\"description\" content=\"Wafelkowy kocyk niemowl\u0119cy bawe\u0142niany r\u00f3\u017cowy. Sprawdzi si\u0119 jako ko\u0142derka, kocyk do w\u00f3zka lub otulacz dla noworodka do fotelika samochodowego.\" \/>\n<meta name=\"robots\" content=\"index, follow, max-snippet:-1, max-image-preview:large, max-video-preview:-1\" \/>\n<link rel=\"canonical\" href=\"https:\/\/www.petitelaure.com\/pl\/produkt\/wafelkowy-kocyk-niemowlecy-cielisty-rozowy\/\" \/>\n<meta property=\"og:locale\" content=\"pl_PL\" \/>\n<meta property=\"og:type\" content=\"article\" \/>\n<meta property=\"og:title\" content=\"Wafelkowy Kocyk Niemowl\u0119cy Cielisty R\u00f3\u017cowy - petitelaure.com\" \/>\n<meta property=\"og:description\" content=\"Wafelkowy kocyk niemowl\u0119cy bawe\u0142niany r\u00f3\u017cowy. Sprawdzi si\u0119 jako ko\u0142derka, kocyk do w\u00f3zka lub otulacz dla noworodka do fotelika samochodowego.\" \/>\n<meta property=\"og:url\" content=\"https:\/\/www.petitelaure.com\/pl\/produkt\/wafelkowy-kocyk-niemowlecy-cielisty-rozowy\/\" \/>\n<meta property=\"og:site_name\" content=\"petitelaure.com\" \/>\n<meta property=\"article:modified_time\" content=\"2021-09-04T21:45:44+00:00\" \/>\n<meta property=\"og:image\" content=\"https:\/\/www.petitelaure.com\/wp-content\/uploads\/2021\/08\/4X0A8737v-scaled.jpg\" \/>\n\t<meta property=\"og:image:width\" content=\"2560\" \/>\n\t<meta property=\"og:image:height\" content=\"1707\" \/>\n\t<meta property=\"og:image:type\" content=\"image\/jpeg\" \/>\n<meta name=\"twitter:card\" content=\"summary_large_image\" \/>\n<meta name=\"twitter:label1\" content=\"Szacowany czas czytania\" \/>\n\t<meta name=\"twitter:data1\" content=\"1 minuta\" \/>\n<script type=\"application\/ld+json\" class=\"yoast-schema-graph\">{\"@context\":\"https:\/\/schema.org\",\"@graph\":[{\"@type\":\"WebPage\",\"@id\":\"https:\/\/www.petitelaure.com\/pl\/produkt\/wafelkowy-kocyk-niemowlecy-cielisty-rozowy\/\",\"url\":\"https:\/\/www.petitelaure.com\/pl\/produkt\/wafelkowy-kocyk-niemowlecy-cielisty-rozowy\/\",\"name\":\"Wafelkowy Kocyk Niemowl\u0119cy Cielisty R\u00f3\u017cowy - petitelaure.com\",\"isPartOf\":{\"@id\":\"https:\/\/www.petitelaure.com\/pl\/#website\"},\"primaryImageOfPage\":{\"@id\":\"https:\/\/www.petitelaure.com\/pl\/produkt\/wafelkowy-kocyk-niemowlecy-cielisty-rozowy\/#primaryimage\"},\"image\":{\"@id\":\"https:\/\/www.petitelaure.com\/pl\/produkt\/wafelkowy-kocyk-niemowlecy-cielisty-rozowy\/#primaryimage\"},\"thumbnailUrl\":\"https:\/\/www.petitelaure.com\/wp-content\/uploads\/2021\/08\/4X0A8737v-scaled.jpg\",\"datePublished\":\"2021-08-13T20:10:04+00:00\",\"dateModified\":\"2021-09-04T21:45:44+00:00\",\"description\":\"Wafelkowy kocyk niemowl\u0119cy bawe\u0142niany r\u00f3\u017cowy. Sprawdzi si\u0119 jako ko\u0142derka, kocyk do w\u00f3zka lub otulacz dla noworodka do fotelika samochodowego.\",\"breadcrumb\":{\"@id\":\"https:\/\/www.petitelaure.com\/pl\/produkt\/wafelkowy-kocyk-niemowlecy-cielisty-rozowy\/#breadcrumb\"},\"inLanguage\":\"pl-PL\",\"potentialAction\":[{\"@type\":\"ReadAction\",\"target\":[\"https:\/\/www.petitelaure.com\/pl\/produkt\/wafelkowy-kocyk-niemowlecy-cielisty-rozowy\/\"]}]},{\"@type\":\"ImageObject\",\"inLanguage\":\"pl-PL\",\"@id\":\"https:\/\/www.petitelaure.com\/pl\/produkt\/wafelkowy-kocyk-niemowlecy-cielisty-rozowy\/#primaryimage\",\"url\":\"https:\/\/www.petitelaure.com\/wp-content\/uploads\/2021\/08\/4X0A8737v-scaled.jpg\",\"contentUrl\":\"https:\/\/www.petitelaure.com\/wp-content\/uploads\/2021\/08\/4X0A8737v-scaled.jpg\",\"width\":2560,\"height\":1707},{\"@type\":\"BreadcrumbList\",\"@id\":\"https:\/\/www.petitelaure.com\/pl\/produkt\/wafelkowy-kocyk-niemowlecy-cielisty-rozowy\/#breadcrumb\",\"itemListElement\":[{\"@type\":\"ListItem\",\"position\":1,\"name\":\"Strona g\u0142\u00f3wna\",\"item\":\"https:\/\/www.petitelaure.com\/pl\/\"},{\"@type\":\"ListItem\",\"position\":2,\"name\":\"Sklep\",\"item\":\"https:\/\/www.petitelaure.com\/pl\/sklep\/\"},{\"@type\":\"ListItem\",\"position\":3,\"name\":\"Wafelkowy Kocyk Niemowl\u0119cy Cielisty R\u00f3\u017cowy\"}]},{\"@type\":\"WebSite\",\"@id\":\"https:\/\/www.petitelaure.com\/pl\/#website\",\"url\":\"https:\/\/www.petitelaure.com\/pl\/\",\"name\":\"petitelaure.com\",\"description\":\"\",\"potentialAction\":[{\"@type\":\"SearchAction\",\"target\":{\"@type\":\"EntryPoint\",\"urlTemplate\":\"https:\/\/www.petitelaure.com\/pl\/?s={search_term_string}\"},\"query-input\":{\"@type\":\"PropertyValueSpecification\",\"valueRequired\":true,\"valueName\":\"search_term_string\"}}],\"inLanguage\":\"pl-PL\"}]}<\/script>\n<!-- \/ Yoast SEO plugin. -->","yoast_head_json":{"title":"Wafelkowy Kocyk Niemowl\u0119cy Cielisty R\u00f3\u017cowy - petitelaure.com","description":"Wafelkowy kocyk niemowl\u0119cy bawe\u0142niany r\u00f3\u017cowy. Sprawdzi si\u0119 jako ko\u0142derka, kocyk do w\u00f3zka lub otulacz dla noworodka do fotelika samochodowego.","robots":{"index":"index","follow":"follow","max-snippet":"max-snippet:-1","max-image-preview":"max-image-preview:large","max-video-preview":"max-video-preview:-1"},"canonical":"https:\/\/www.petitelaure.com\/pl\/produkt\/wafelkowy-kocyk-niemowlecy-cielisty-rozowy\/","og_locale":"pl_PL","og_type":"article","og_title":"Wafelkowy Kocyk Niemowl\u0119cy Cielisty R\u00f3\u017cowy - petitelaure.com","og_description":"Wafelkowy kocyk niemowl\u0119cy bawe\u0142niany r\u00f3\u017cowy. Sprawdzi si\u0119 jako ko\u0142derka, kocyk do w\u00f3zka lub otulacz dla noworodka do fotelika samochodowego.","og_url":"https:\/\/www.petitelaure.com\/pl\/produkt\/wafelkowy-kocyk-niemowlecy-cielisty-rozowy\/","og_site_name":"petitelaure.com","article_modified_time":"2021-09-04T21:45:44+00:00","og_image":[{"width":2560,"height":1707,"url":"https:\/\/www.petitelaure.com\/wp-content\/uploads\/2021\/08\/4X0A8737v-scaled.jpg","type":"image\/jpeg"}],"twitter_card":"summary_large_image","twitter_misc":{"Szacowany czas czytania":"1 minuta"},"schema":{"@context":"https:\/\/schema.org","@graph":[{"@type":"WebPage","@id":"https:\/\/www.petitelaure.com\/pl\/produkt\/wafelkowy-kocyk-niemowlecy-cielisty-rozowy\/","url":"https:\/\/www.petitelaure.com\/pl\/produkt\/wafelkowy-kocyk-niemowlecy-cielisty-rozowy\/","name":"Wafelkowy Kocyk Niemowl\u0119cy Cielisty R\u00f3\u017cowy - petitelaure.com","isPartOf":{"@id":"https:\/\/www.petitelaure.com\/pl\/#website"},"primaryImageOfPage":{"@id":"https:\/\/www.petitelaure.com\/pl\/produkt\/wafelkowy-kocyk-niemowlecy-cielisty-rozowy\/#primaryimage"},"image":{"@id":"https:\/\/www.petitelaure.com\/pl\/produkt\/wafelkowy-kocyk-niemowlecy-cielisty-rozowy\/#primaryimage"},"thumbnailUrl":"https:\/\/www.petitelaure.com\/wp-content\/uploads\/2021\/08\/4X0A8737v-scaled.jpg","datePublished":"2021-08-13T20:10:04+00:00","dateModified":"2021-09-04T21:45:44+00:00","description":"Wafelkowy kocyk niemowl\u0119cy bawe\u0142niany r\u00f3\u017cowy. Sprawdzi si\u0119 jako ko\u0142derka, kocyk do w\u00f3zka lub otulacz dla noworodka do fotelika samochodowego.","breadcrumb":{"@id":"https:\/\/www.petitelaure.com\/pl\/produkt\/wafelkowy-kocyk-niemowlecy-cielisty-rozowy\/#breadcrumb"},"inLanguage":"pl-PL","potentialAction":[{"@type":"ReadAction","target":["https:\/\/www.petitelaure.com\/pl\/produkt\/wafelkowy-kocyk-niemowlecy-cielisty-rozowy\/"]}]},{"@type":"ImageObject","inLanguage":"pl-PL","@id":"https:\/\/www.petitelaure.com\/pl\/produkt\/wafelkowy-kocyk-niemowlecy-cielisty-rozowy\/#primaryimage","url":"https:\/\/www.petitelaure.com\/wp-content\/uploads\/2021\/08\/4X0A8737v-scaled.jpg","contentUrl":"https:\/\/www.petitelaure.com\/wp-content\/uploads\/2021\/08\/4X0A8737v-scaled.jpg","width":2560,"height":1707},{"@type":"BreadcrumbList","@id":"https:\/\/www.petitelaure.com\/pl\/produkt\/wafelkowy-kocyk-niemowlecy-cielisty-rozowy\/#breadcrumb","itemListElement":[{"@type":"ListItem","position":1,"name":"Strona g\u0142\u00f3wna","item":"https:\/\/www.petitelaure.com\/pl\/"},{"@type":"ListItem","position":2,"name":"Sklep","item":"https:\/\/www.petitelaure.com\/pl\/sklep\/"},{"@type":"ListItem","position":3,"name":"Wafelkowy Kocyk Niemowl\u0119cy Cielisty R\u00f3\u017cowy"}]},{"@type":"WebSite","@id":"https:\/\/www.petitelaure.com\/pl\/#website","url":"https:\/\/www.petitelaure.com\/pl\/","name":"petitelaure.com","description":"","potentialAction":[{"@type":"SearchAction","target":{"@type":"EntryPoint","urlTemplate":"https:\/\/www.petitelaure.com\/pl\/?s={search_term_string}"},"query-input":{"@type":"PropertyValueSpecification","valueRequired":true,"valueName":"search_term_string"}}],"inLanguage":"pl-PL"}]}},"_links":{"self":[{"href":"https:\/\/www.petitelaure.com\/pl\/wp-json\/wp\/v2\/product\/3083","targetHints":{"allow":["GET"]}}],"collection":[{"href":"https:\/\/www.petitelaure.com\/pl\/wp-json\/wp\/v2\/product"}],"about":[{"href":"https:\/\/www.petitelaure.com\/pl\/wp-json\/wp\/v2\/types\/product"}],"replies":[{"embeddable":true,"href":"https:\/\/www.petitelaure.com\/pl\/wp-json\/wp\/v2\/comments?post=3083"}],"wp:featuredmedia":[{"embeddable":true,"href":"https:\/\/www.petitelaure.com\/pl\/wp-json\/wp\/v2\/media\/3308"}],"wp:attachment":[{"href":"https:\/\/www.petitelaure.com\/pl\/wp-json\/wp\/v2\/media?parent=3083"}],"wp:term":[{"taxonomy":"product_brand","embeddable":true,"href":"https:\/\/www.petitelaure.com\/pl\/wp-json\/wp\/v2\/product_brand?post=3083"},{"taxonomy":"product_cat","embeddable":true,"href":"https:\/\/www.petitelaure.com\/pl\/wp-json\/wp\/v2\/product_cat?post=3083"},{"taxonomy":"product_tag","embeddable":true,"href":"https:\/\/www.petitelaure.com\/pl\/wp-json\/wp\/v2\/product_tag?post=3083"}],"curies":[{"name":"wp","href":"https:\/\/api.w.org\/{rel}","templated":true}]}}