{"id":1533,"date":"2020-10-31T23:30:56","date_gmt":"2020-10-31T22:30:55","guid":{"rendered":"https:\/\/www.petitelaure.com\/?post_type=product&#038;p=1533"},"modified":"2021-11-01T13:41:27","modified_gmt":"2021-11-01T12:41:27","slug":"bambusowy-otulacz-niemowlecy-jaskolki","status":"publish","type":"product","link":"https:\/\/www.petitelaure.com\/pl\/produkt\/bambusowy-otulacz-niemowlecy-jaskolki\/","title":{"rendered":"Otulacz Niemowl\u0119cy Bambusowy Jask\u00f3\u0142ki"},"content":{"rendered":"<h2>Bambusowy antyalergiczny otulacz niemowl\u0119cy w jask\u00f3\u0142ki<\/h2>\n<p>Niebia\u0144sko mi\u0119kka bambusowa, mu\u015blinowa pieluszka niemowl\u0119ca od PETITE LAURE to &#8222;must have&#8221; na li\u015bcie ka\u017cdej wyprawki, wykonana w 100% z prz\u0119dzy bambusowej. Produkt niezast\u0105piony w ka\u017cdej codziennej sytuacji: jako otulacz, podczas karmienia, odbijania, le\u017cakowania, lekkie okrycie, os\u0142ona przed s\u0142o\u0144cem, jako podk\u0142ad do przewijania, przytulanka do snu, czy podczas z\u0105bkowania, a tak\u017ce jako podr\u0119czny r\u0119cznik.<\/p>\n<p><strong>NAJWA\u017bNIEJSZE W\u0141A\u015aCIWO\u015aCI BAMBUSA<\/strong><\/p>\n<blockquote>\n<h3><strong>3 x A: antybakteryjny, antygrzybiczny, antyalergiczny<\/strong><\/h3>\n<\/blockquote>\n<ul>\n<li>wolny od pestycyd\u00f3w i zanieczyszcze\u0144<\/li>\n<li>absorpcja wody o 60% wy\u017csza ni\u017c w bawe\u0142nie<\/li>\n<li>samo sterylizacja (tkanina w 30% sama sterylizuje si\u0119, co daje poczucie \u015bwie\u017co\u015bci)<\/li>\n<li>neutralizacja nieprzyjemnych zapach\u00f3w (poch\u0142ania nieprzyjemne zapachy i oddaje dopiero przy praniu w wodzie)<\/li>\n<li>pe\u0142na biodegradowalno\u015b\u0107<\/li>\n<li>w\u0142a\u015bciwo\u015bci termoregulacyjne ( tkanina bambusowa podczas upa\u0142\u00f3w utrzymuje temperatur\u0119 ni\u017csz\u0105 o 2 stopnie ni\u017c otoczenie)<\/li>\n<li>chroni przed promieniami UV<\/li>\n<\/ul>\n<p>\u015arodki barwi\u0105ce s\u0105 przyjazne dla cz\u0142owieka i \u015brodowiska, czego dowodem jest certyfikat OEKO-TEX Standard 100.<\/p>\n<p>Zaleca si\u0119 pranie przed pierwszym u\u017cyciem. Z ka\u017cdym praniem otulacz staje si\u0119 jeszcze bardziej delikatny. Wyprodukowano w Polsce.<\/p>\n<p>Sk\u0142ad: <strong>100% CV Bambus<\/strong><\/p>\n<p>Wymiary: <strong>100 x 100 cm (+\/- 2 cm)<\/strong><\/p>\n<p>Zalecamy delikatne pranie w temp 30 stopni, wirowanie max 800 obrot\u00f3w, \u015brednia temp prasowania, nie wybiela\u0107.<\/p>\n<p><a href=\"https:\/\/www.petitelaure.com\/pl\/kategoria-produktu\/otulacze\/\">Zobacz wszystkie otulacze dla niemowl\u0105t Petite Laure<\/a><\/p>\n","protected":false},"excerpt":{"rendered":"<p>Mi\u0119kki bambusowy otulacz niemowl\u0119cy, bambusowa, mu\u015blinowa pieluszka od PETITE LAURE to &#8222;must have&#8221; na li\u015bcie ka\u017cdej wyprawki. Produkt niezast\u0105piony w ka\u017cdej codziennej sytuacji: jako otulacz, podczas karmienia, odbijania, le\u017cakowania, lekkie okrycie, os\u0142ona przed s\u0142o\u0144cem, jako podk\u0142ad do przewijania noworodka, przytulanka do snu, czy podczas z\u0105bkowania, a tak\u017ce jako podr\u0119czny r\u0119cznik. Idealny jako otulacz niemowl\u0119cy do fotelika samochodowego i w\u00f3zka. Nasz delikatny otulacz w jask\u00f3\u0142ki jest antybakteryjny, antygrzybiczny i antyalergiczny.<\/p>\n","protected":false},"featured_media":1305,"comment_status":"open","ping_status":"closed","template":"","meta":[],"product_brand":[],"product_cat":[80],"product_tag":[],"class_list":{"0":"post-1533","1":"product","2":"type-product","3":"status-publish","4":"has-post-thumbnail","6":"product_cat-otulacze","8":"first","9":"instock","10":"sold-individually","11":"shipping-taxable","12":"purchasable","13":"product-type-simple"},"yoast_head":"<!-- This site is optimized with the Yoast SEO plugin v26.9 - https:\/\/yoast.com\/product\/yoast-seo-wordpress\/ -->\n<title>Otulacz Niemowl\u0119cy Bambusowy Jask\u00f3\u0142ki - petitelaure.com<\/title>\n<meta name=\"description\" content=\"Otulacz dla niemowl\u0105t w jask\u00f3\u0142ki od Petite Laure. Delikatna pieluszka dla noworodk\u00f3w wykonana z bambusa. Antyalergiczna dla zdrowia maluszka.\" \/>\n<meta name=\"robots\" content=\"index, follow, max-snippet:-1, max-image-preview:large, max-video-preview:-1\" \/>\n<link rel=\"canonical\" href=\"https:\/\/www.petitelaure.com\/pl\/produkt\/bambusowy-otulacz-niemowlecy-jaskolki\/\" \/>\n<meta property=\"og:locale\" content=\"pl_PL\" \/>\n<meta property=\"og:type\" content=\"article\" \/>\n<meta property=\"og:title\" content=\"Otulacz Niemowl\u0119cy Bambusowy Jask\u00f3\u0142ki - petitelaure.com\" \/>\n<meta property=\"og:description\" content=\"Otulacz dla niemowl\u0105t w jask\u00f3\u0142ki od Petite Laure. Delikatna pieluszka dla noworodk\u00f3w wykonana z bambusa. Antyalergiczna dla zdrowia maluszka.\" \/>\n<meta property=\"og:url\" content=\"https:\/\/www.petitelaure.com\/pl\/produkt\/bambusowy-otulacz-niemowlecy-jaskolki\/\" \/>\n<meta property=\"og:site_name\" content=\"petitelaure.com\" \/>\n<meta property=\"article:modified_time\" content=\"2021-11-01T12:41:27+00:00\" \/>\n<meta property=\"og:image\" content=\"https:\/\/www.petitelaure.com\/wp-content\/uploads\/2020\/10\/Jaskolki-1.jpg\" \/>\n\t<meta property=\"og:image:width\" content=\"1200\" \/>\n\t<meta property=\"og:image:height\" content=\"1200\" \/>\n\t<meta property=\"og:image:type\" content=\"image\/jpeg\" \/>\n<meta name=\"twitter:card\" content=\"summary_large_image\" \/>\n<meta name=\"twitter:label1\" content=\"Szacowany czas czytania\" \/>\n\t<meta name=\"twitter:data1\" content=\"1 minuta\" \/>\n<script type=\"application\/ld+json\" class=\"yoast-schema-graph\">{\"@context\":\"https:\/\/schema.org\",\"@graph\":[{\"@type\":\"WebPage\",\"@id\":\"https:\/\/www.petitelaure.com\/pl\/produkt\/bambusowy-otulacz-niemowlecy-jaskolki\/\",\"url\":\"https:\/\/www.petitelaure.com\/pl\/produkt\/bambusowy-otulacz-niemowlecy-jaskolki\/\",\"name\":\"Otulacz Niemowl\u0119cy Bambusowy Jask\u00f3\u0142ki - petitelaure.com\",\"isPartOf\":{\"@id\":\"https:\/\/www.petitelaure.com\/pl\/#website\"},\"primaryImageOfPage\":{\"@id\":\"https:\/\/www.petitelaure.com\/pl\/produkt\/bambusowy-otulacz-niemowlecy-jaskolki\/#primaryimage\"},\"image\":{\"@id\":\"https:\/\/www.petitelaure.com\/pl\/produkt\/bambusowy-otulacz-niemowlecy-jaskolki\/#primaryimage\"},\"thumbnailUrl\":\"https:\/\/www.petitelaure.com\/wp-content\/uploads\/2020\/10\/Jaskolki-1.jpg\",\"datePublished\":\"2020-10-31T22:30:55+00:00\",\"dateModified\":\"2021-11-01T12:41:27+00:00\",\"description\":\"Otulacz dla niemowl\u0105t w jask\u00f3\u0142ki od Petite Laure. Delikatna pieluszka dla noworodk\u00f3w wykonana z bambusa. Antyalergiczna dla zdrowia maluszka.\",\"breadcrumb\":{\"@id\":\"https:\/\/www.petitelaure.com\/pl\/produkt\/bambusowy-otulacz-niemowlecy-jaskolki\/#breadcrumb\"},\"inLanguage\":\"pl-PL\",\"potentialAction\":[{\"@type\":\"ReadAction\",\"target\":[\"https:\/\/www.petitelaure.com\/pl\/produkt\/bambusowy-otulacz-niemowlecy-jaskolki\/\"]}]},{\"@type\":\"ImageObject\",\"inLanguage\":\"pl-PL\",\"@id\":\"https:\/\/www.petitelaure.com\/pl\/produkt\/bambusowy-otulacz-niemowlecy-jaskolki\/#primaryimage\",\"url\":\"https:\/\/www.petitelaure.com\/wp-content\/uploads\/2020\/10\/Jaskolki-1.jpg\",\"contentUrl\":\"https:\/\/www.petitelaure.com\/wp-content\/uploads\/2020\/10\/Jaskolki-1.jpg\",\"width\":1200,\"height\":1200,\"caption\":\"Mi\u0119kka mu\u015blinowa pieluszka dla niemowl\u0105t od PETITE LAURE\"},{\"@type\":\"BreadcrumbList\",\"@id\":\"https:\/\/www.petitelaure.com\/pl\/produkt\/bambusowy-otulacz-niemowlecy-jaskolki\/#breadcrumb\",\"itemListElement\":[{\"@type\":\"ListItem\",\"position\":1,\"name\":\"Strona g\u0142\u00f3wna\",\"item\":\"https:\/\/www.petitelaure.com\/pl\/\"},{\"@type\":\"ListItem\",\"position\":2,\"name\":\"Sklep\",\"item\":\"https:\/\/www.petitelaure.com\/pl\/sklep\/\"},{\"@type\":\"ListItem\",\"position\":3,\"name\":\"Otulacz Niemowl\u0119cy Bambusowy Jask\u00f3\u0142ki\"}]},{\"@type\":\"WebSite\",\"@id\":\"https:\/\/www.petitelaure.com\/pl\/#website\",\"url\":\"https:\/\/www.petitelaure.com\/pl\/\",\"name\":\"petitelaure.com\",\"description\":\"\",\"potentialAction\":[{\"@type\":\"SearchAction\",\"target\":{\"@type\":\"EntryPoint\",\"urlTemplate\":\"https:\/\/www.petitelaure.com\/pl\/?s={search_term_string}\"},\"query-input\":{\"@type\":\"PropertyValueSpecification\",\"valueRequired\":true,\"valueName\":\"search_term_string\"}}],\"inLanguage\":\"pl-PL\"}]}<\/script>\n<!-- \/ Yoast SEO plugin. -->","yoast_head_json":{"title":"Otulacz Niemowl\u0119cy Bambusowy Jask\u00f3\u0142ki - petitelaure.com","description":"Otulacz dla niemowl\u0105t w jask\u00f3\u0142ki od Petite Laure. Delikatna pieluszka dla noworodk\u00f3w wykonana z bambusa. Antyalergiczna dla zdrowia maluszka.","robots":{"index":"index","follow":"follow","max-snippet":"max-snippet:-1","max-image-preview":"max-image-preview:large","max-video-preview":"max-video-preview:-1"},"canonical":"https:\/\/www.petitelaure.com\/pl\/produkt\/bambusowy-otulacz-niemowlecy-jaskolki\/","og_locale":"pl_PL","og_type":"article","og_title":"Otulacz Niemowl\u0119cy Bambusowy Jask\u00f3\u0142ki - petitelaure.com","og_description":"Otulacz dla niemowl\u0105t w jask\u00f3\u0142ki od Petite Laure. Delikatna pieluszka dla noworodk\u00f3w wykonana z bambusa. Antyalergiczna dla zdrowia maluszka.","og_url":"https:\/\/www.petitelaure.com\/pl\/produkt\/bambusowy-otulacz-niemowlecy-jaskolki\/","og_site_name":"petitelaure.com","article_modified_time":"2021-11-01T12:41:27+00:00","og_image":[{"width":1200,"height":1200,"url":"https:\/\/www.petitelaure.com\/wp-content\/uploads\/2020\/10\/Jaskolki-1.jpg","type":"image\/jpeg"}],"twitter_card":"summary_large_image","twitter_misc":{"Szacowany czas czytania":"1 minuta"},"schema":{"@context":"https:\/\/schema.org","@graph":[{"@type":"WebPage","@id":"https:\/\/www.petitelaure.com\/pl\/produkt\/bambusowy-otulacz-niemowlecy-jaskolki\/","url":"https:\/\/www.petitelaure.com\/pl\/produkt\/bambusowy-otulacz-niemowlecy-jaskolki\/","name":"Otulacz Niemowl\u0119cy Bambusowy Jask\u00f3\u0142ki - petitelaure.com","isPartOf":{"@id":"https:\/\/www.petitelaure.com\/pl\/#website"},"primaryImageOfPage":{"@id":"https:\/\/www.petitelaure.com\/pl\/produkt\/bambusowy-otulacz-niemowlecy-jaskolki\/#primaryimage"},"image":{"@id":"https:\/\/www.petitelaure.com\/pl\/produkt\/bambusowy-otulacz-niemowlecy-jaskolki\/#primaryimage"},"thumbnailUrl":"https:\/\/www.petitelaure.com\/wp-content\/uploads\/2020\/10\/Jaskolki-1.jpg","datePublished":"2020-10-31T22:30:55+00:00","dateModified":"2021-11-01T12:41:27+00:00","description":"Otulacz dla niemowl\u0105t w jask\u00f3\u0142ki od Petite Laure. Delikatna pieluszka dla noworodk\u00f3w wykonana z bambusa. Antyalergiczna dla zdrowia maluszka.","breadcrumb":{"@id":"https:\/\/www.petitelaure.com\/pl\/produkt\/bambusowy-otulacz-niemowlecy-jaskolki\/#breadcrumb"},"inLanguage":"pl-PL","potentialAction":[{"@type":"ReadAction","target":["https:\/\/www.petitelaure.com\/pl\/produkt\/bambusowy-otulacz-niemowlecy-jaskolki\/"]}]},{"@type":"ImageObject","inLanguage":"pl-PL","@id":"https:\/\/www.petitelaure.com\/pl\/produkt\/bambusowy-otulacz-niemowlecy-jaskolki\/#primaryimage","url":"https:\/\/www.petitelaure.com\/wp-content\/uploads\/2020\/10\/Jaskolki-1.jpg","contentUrl":"https:\/\/www.petitelaure.com\/wp-content\/uploads\/2020\/10\/Jaskolki-1.jpg","width":1200,"height":1200,"caption":"Mi\u0119kka mu\u015blinowa pieluszka dla niemowl\u0105t od PETITE LAURE"},{"@type":"BreadcrumbList","@id":"https:\/\/www.petitelaure.com\/pl\/produkt\/bambusowy-otulacz-niemowlecy-jaskolki\/#breadcrumb","itemListElement":[{"@type":"ListItem","position":1,"name":"Strona g\u0142\u00f3wna","item":"https:\/\/www.petitelaure.com\/pl\/"},{"@type":"ListItem","position":2,"name":"Sklep","item":"https:\/\/www.petitelaure.com\/pl\/sklep\/"},{"@type":"ListItem","position":3,"name":"Otulacz Niemowl\u0119cy Bambusowy Jask\u00f3\u0142ki"}]},{"@type":"WebSite","@id":"https:\/\/www.petitelaure.com\/pl\/#website","url":"https:\/\/www.petitelaure.com\/pl\/","name":"petitelaure.com","description":"","potentialAction":[{"@type":"SearchAction","target":{"@type":"EntryPoint","urlTemplate":"https:\/\/www.petitelaure.com\/pl\/?s={search_term_string}"},"query-input":{"@type":"PropertyValueSpecification","valueRequired":true,"valueName":"search_term_string"}}],"inLanguage":"pl-PL"}]}},"_links":{"self":[{"href":"https:\/\/www.petitelaure.com\/pl\/wp-json\/wp\/v2\/product\/1533","targetHints":{"allow":["GET"]}}],"collection":[{"href":"https:\/\/www.petitelaure.com\/pl\/wp-json\/wp\/v2\/product"}],"about":[{"href":"https:\/\/www.petitelaure.com\/pl\/wp-json\/wp\/v2\/types\/product"}],"replies":[{"embeddable":true,"href":"https:\/\/www.petitelaure.com\/pl\/wp-json\/wp\/v2\/comments?post=1533"}],"wp:featuredmedia":[{"embeddable":true,"href":"https:\/\/www.petitelaure.com\/pl\/wp-json\/wp\/v2\/media\/1305"}],"wp:attachment":[{"href":"https:\/\/www.petitelaure.com\/pl\/wp-json\/wp\/v2\/media?parent=1533"}],"wp:term":[{"taxonomy":"product_brand","embeddable":true,"href":"https:\/\/www.petitelaure.com\/pl\/wp-json\/wp\/v2\/product_brand?post=1533"},{"taxonomy":"product_cat","embeddable":true,"href":"https:\/\/www.petitelaure.com\/pl\/wp-json\/wp\/v2\/product_cat?post=1533"},{"taxonomy":"product_tag","embeddable":true,"href":"https:\/\/www.petitelaure.com\/pl\/wp-json\/wp\/v2\/product_tag?post=1533"}],"curies":[{"name":"wp","href":"https:\/\/api.w.org\/{rel}","templated":true}]}}