{"id":12980,"date":"2025-06-25T23:46:53","date_gmt":"2025-06-25T21:46:53","guid":{"rendered":"https:\/\/www.petitelaure.com\/?post_type=product&#038;p=12980"},"modified":"2025-06-25T23:49:45","modified_gmt":"2025-06-25T21:49:45","slug":"posciel-z-wypelnieniem-konik-na-biegunach-bezowy-rozmiar-s","status":"publish","type":"product","link":"https:\/\/www.petitelaure.com\/pl\/produkt\/posciel-z-wypelnieniem-konik-na-biegunach-bezowy-rozmiar-s\/","title":{"rendered":"Po\u015bciel z Wype\u0142nieniem Konik na Biegunach Be\u017cowy rozmiar &#8222;S&#8221;"},"content":{"rendered":"<h2>Po\u015bciel z Wype\u0142nieniem Konik na Biegunach Be\u017cowy rozmiar &#8222;S&#8221;<\/h2>\n<p>Po\u015bciel dzieci\u0119ca od Petite Laure \u00a0wykonana jest z najlepszej jako\u015bciowo, mi\u0119ciutkiej, przepuszczaj\u0105cej powietrze satynowej bawe\u0142ny PREMIUM i posiada wszelkie niezb\u0119dne certyfikaty bezpiecze\u0144stwa. W sk\u0142ad zestawu wchodzi: <strong>mi\u0119kka ko\u0142derka<\/strong> oraz <strong>\u00a0p\u0142aska (wi\u0119c bezpieczna dla niemowl\u0119cia) poduszka, zachowuj\u0105ca sw\u00f3j kszta\u0142t nawet po wielu praniach.<\/strong>\u00a0Wype\u0142nienie to <strong>oddychaj\u0105ca<\/strong>,\u00a0<strong>antyalergiczna<\/strong> w\u0142\u00f3knina poliestrowa. Zapewniaj\u0105ca w\u0142a\u015bciw\u0105 temperatur\u0119 cia\u0142a podczas snu oraz odpowiednie odprowadzenie wilgoci. Wszystko w trosce o \u00a0maksymalny komfort snu Twojego dziecka.<\/p>\n<p>Nasza po\u015bciel do \u0142\u00f3\u017ceczka zosta\u0142a uszyta w bardzo przemy\u015blany spos\u00f3b. Wszyli\u015bmy wype\u0142nienie tak aby nie przemieszcza\u0142o si\u0119 podczas u\u017cytkowania czy prania. Ca\u0142y komplet z \u0142atwo\u015bci\u0105 mo\u017cna upra\u0107 w pralce, co zapewnia maksymaln\u0105 czysto\u015b\u0107. Po\u015bciel z wype\u0142nieniem jest doskona\u0142ym i niezwykle praktycznym rozwi\u0105zaniem.<\/p>\n<h3>Po\u015bciel niemowl\u0119ca to wspania\u0142y pomys\u0142 na prezent<\/h3>\n<p>Ca\u0142o\u015b\u0107 zosta\u0142a zapakowana w elegancki, ekologiczny logowany worek p\u0142\u00f3cienny. Taki zestaw poza tym, \u017ce jest niezb\u0119dny na li\u015bcie ka\u017cdej wyprawki niemowl\u0119cej, z pewno\u015bci\u0105 doskonale sprawdzi si\u0119 na prezent z okazji narodzin maluszka, baby shower czy na inne mi\u0142e okazje.<\/p>\n<p>Do kompletu mo\u017cna dobra\u0107 dopasowany kolorystycznie <strong>\u015bpiworek do spania<\/strong>, <strong>kokon niemowl\u0119cy<\/strong>, <b>kocyk velvet z <\/b><span style=\"font-size: 14.4px;\"><b>wype\u0142nieniem<\/b><\/span><b>, ro\u017cek niemowl\u0119cy, kocyk do fotelika samochodowego.<\/b><\/p>\n<p>Po\u015bciel do \u0142\u00f3\u017ceczka od Petite Laure jest szyta r\u0119cznie, z najwy\u017csz\u0105 dok\u0142adno\u015bci\u0105 i z wykorzystaniem najlepszych jako\u015bciowo materia\u0142\u00f3w w <strong>nasze autorskie, unikatowe, oryginalne wzory.<\/strong><\/p>\n<p>Zaleca si\u0119 pranie przed pierwszym u\u017cyciem. Wyprodukowano w Polsce.<\/p>\n<p>Sk\u0142ad: <strong>SATYNOWA\u00a0BAWE\u0141NA PREMIUM <\/strong><strong>\u00a0+ ANTYALERGICZNE WYPE\u0141NIENIE\u00a0<\/strong>(Certyfikat OEKO-TEX Standard 100)<\/p>\n<p><strong>PO\u015aCIEL Z WYPE\u0141NIENIEM ROZMIAR &#8222;S&#8221;:\u00a0<\/strong><\/p>\n<p><strong>Poduszka: 30 x 40 cm<\/strong><\/p>\n<p><strong>Ko\u0142derka: \u00a075 x 100 cm<\/strong><\/p>\n<p>Na naszej stronie znajdziesz r\u00f3wnie\u017c inne rozmiary po\u015bcieli. A je\u015bli uznasz, \u017ce \u017caden z nich nie jest dla Ciebie optymalny, napisz do nas! Z przyjemno\u015bci\u0105 uszyjemy rozmiar odpowiedni dla Twojego Maluszka.<\/p>\n<p>&nbsp;<\/p>\n<p><strong>SPOS\u00d3B PIELEGNACJI:<\/strong><\/p>\n<ul>\n<li>pra\u0107 w temperaturze 30\u00b0, max. 800 obrot\u00f3w wirowania<\/li>\n<li>prasowa\u0107\u00a0tylko tkanin\u0119 bawe\u0142nian\u0105 \u00a0w \u015bredniej temperaturze prasowania max. do 110\u00b0, nie prasowa\u0107 strony velvet<\/li>\n<li>nie czy\u015bci\u0107 chemicznie<\/li>\n<li>nie suszy\u0107 w suszarce b\u0119bnowej<\/li>\n<li>pra\u0107 oddzielnie<\/li>\n<li>nie stosowa\u0107 wybielaczy<\/li>\n<\/ul>\n<p>Produkt nale\u017cy stosowa\u0107 pod opiek\u0105 rodzica.<\/p>\n<p><a href=\"https:\/\/www.petitelaure.com\/pl\/kategoria-produktu\/poduszki-posciele-spiworki\/posciel-niemowleca\/\">Zobacz inne zestawy po\u015bcieli niemowl\u0119cej od Petite Laure.<\/a><\/p>\n","protected":false},"excerpt":{"rendered":"<p>Po\u015bciel dzieci\u0119ca od Petite Laure \u00a0wykonana jest z najlepszej jako\u015bciowo, mi\u0119ciutkiej, przepuszczaj\u0105cej powietrze bawe\u0142ny PREMIUM i posiada wszelkie niezb\u0119dne certyfikaty bezpiecze\u0144stwa. W sk\u0142ad zestawu wchodzi: <strong>mi\u0119kka ko\u0142derka<\/strong> oraz <strong>\u00a0p\u0142aska (wi\u0119c bezpieczna dla niemowl\u0119cia) poduszka, zachowuj\u0105ca sw\u00f3j kszta\u0142t nawet po wielu praniach.\u00a0<\/strong>Wype\u0142nienie to <strong>oddychaj\u0105ca<\/strong>,\u00a0<strong>antyalergiczna<\/strong> w\u0142\u00f3knina poliestrowa. Zapewniaj\u0105ca w\u0142a\u015bciw\u0105 temperatur\u0119 cia\u0142a podczas snu oraz odpowiednie odprowadzenie wilgoci. Wszytko w trosce o \u00a0maksymalny komfort snu Twojego dziecka.<\/p>\n","protected":false},"featured_media":12982,"comment_status":"open","ping_status":"closed","template":"","meta":[],"product_brand":[],"product_cat":[208,232],"product_tag":[],"class_list":{"0":"post-12980","1":"product","2":"type-product","3":"status-publish","4":"has-post-thumbnail","6":"product_cat-poduszki-posciele-spiworki","7":"product_cat-posciel-niemowleca-dla-dziecka-do-lozeczka","9":"first","10":"instock","11":"sold-individually","12":"shipping-taxable","13":"purchasable","14":"product-type-simple"},"yoast_head":"<!-- This site is optimized with the Yoast SEO plugin v26.9 - https:\/\/yoast.com\/product\/yoast-seo-wordpress\/ -->\n<title>Po\u015bciel z Wype\u0142nieniem Konik na Biegunach Be\u017cowy rozmiar &quot;S&quot; - petitelaure.com<\/title>\n<meta name=\"description\" content=\"Po\u015bciel dzieci\u0119ca od Petite Laure \u00a0z wype\u0142nieniem. Mi\u0119kka ko\u0142derka oraz \u00a0p\u0142aska, bezpieczna dla niemowl\u0119cia poduszka.\" \/>\n<meta name=\"robots\" content=\"index, follow, max-snippet:-1, max-image-preview:large, max-video-preview:-1\" \/>\n<link rel=\"canonical\" href=\"https:\/\/www.petitelaure.com\/pl\/produkt\/posciel-z-wypelnieniem-konik-na-biegunach-bezowy-rozmiar-s\/\" \/>\n<meta property=\"og:locale\" content=\"pl_PL\" \/>\n<meta property=\"og:type\" content=\"article\" \/>\n<meta property=\"og:title\" content=\"Po\u015bciel z Wype\u0142nieniem Konik na Biegunach Be\u017cowy rozmiar &quot;S&quot; - petitelaure.com\" \/>\n<meta property=\"og:description\" content=\"Po\u015bciel dzieci\u0119ca od Petite Laure \u00a0z wype\u0142nieniem. Mi\u0119kka ko\u0142derka oraz \u00a0p\u0142aska, bezpieczna dla niemowl\u0119cia poduszka.\" \/>\n<meta property=\"og:url\" content=\"https:\/\/www.petitelaure.com\/pl\/produkt\/posciel-z-wypelnieniem-konik-na-biegunach-bezowy-rozmiar-s\/\" \/>\n<meta property=\"og:site_name\" content=\"petitelaure.com\" \/>\n<meta property=\"article:modified_time\" content=\"2025-06-25T21:49:45+00:00\" \/>\n<meta property=\"og:image\" content=\"https:\/\/www.petitelaure.com\/wp-content\/uploads\/2025\/06\/lovie-bunny-Petite-Laure--scaled.jpg\" \/>\n\t<meta property=\"og:image:width\" content=\"1707\" \/>\n\t<meta property=\"og:image:height\" content=\"2560\" \/>\n\t<meta property=\"og:image:type\" content=\"image\/jpeg\" \/>\n<meta name=\"twitter:card\" content=\"summary_large_image\" \/>\n<meta name=\"twitter:label1\" content=\"Szacowany czas czytania\" \/>\n\t<meta name=\"twitter:data1\" content=\"3 minuty\" \/>\n<script type=\"application\/ld+json\" class=\"yoast-schema-graph\">{\"@context\":\"https:\/\/schema.org\",\"@graph\":[{\"@type\":\"WebPage\",\"@id\":\"https:\/\/www.petitelaure.com\/pl\/produkt\/posciel-z-wypelnieniem-konik-na-biegunach-bezowy-rozmiar-s\/\",\"url\":\"https:\/\/www.petitelaure.com\/pl\/produkt\/posciel-z-wypelnieniem-konik-na-biegunach-bezowy-rozmiar-s\/\",\"name\":\"Po\u015bciel z Wype\u0142nieniem Konik na Biegunach Be\u017cowy rozmiar \\\"S\\\" - petitelaure.com\",\"isPartOf\":{\"@id\":\"https:\/\/www.petitelaure.com\/pl\/#website\"},\"primaryImageOfPage\":{\"@id\":\"https:\/\/www.petitelaure.com\/pl\/produkt\/posciel-z-wypelnieniem-konik-na-biegunach-bezowy-rozmiar-s\/#primaryimage\"},\"image\":{\"@id\":\"https:\/\/www.petitelaure.com\/pl\/produkt\/posciel-z-wypelnieniem-konik-na-biegunach-bezowy-rozmiar-s\/#primaryimage\"},\"thumbnailUrl\":\"https:\/\/www.petitelaure.com\/wp-content\/uploads\/2025\/06\/lovie-bunny-Petite-Laure--scaled.jpg\",\"datePublished\":\"2025-06-25T21:46:53+00:00\",\"dateModified\":\"2025-06-25T21:49:45+00:00\",\"description\":\"Po\u015bciel dzieci\u0119ca od Petite Laure \u00a0z wype\u0142nieniem. Mi\u0119kka ko\u0142derka oraz \u00a0p\u0142aska, bezpieczna dla niemowl\u0119cia poduszka.\",\"breadcrumb\":{\"@id\":\"https:\/\/www.petitelaure.com\/pl\/produkt\/posciel-z-wypelnieniem-konik-na-biegunach-bezowy-rozmiar-s\/#breadcrumb\"},\"inLanguage\":\"pl-PL\",\"potentialAction\":[{\"@type\":\"ReadAction\",\"target\":[\"https:\/\/www.petitelaure.com\/pl\/produkt\/posciel-z-wypelnieniem-konik-na-biegunach-bezowy-rozmiar-s\/\"]}]},{\"@type\":\"ImageObject\",\"inLanguage\":\"pl-PL\",\"@id\":\"https:\/\/www.petitelaure.com\/pl\/produkt\/posciel-z-wypelnieniem-konik-na-biegunach-bezowy-rozmiar-s\/#primaryimage\",\"url\":\"https:\/\/www.petitelaure.com\/wp-content\/uploads\/2025\/06\/lovie-bunny-Petite-Laure--scaled.jpg\",\"contentUrl\":\"https:\/\/www.petitelaure.com\/wp-content\/uploads\/2025\/06\/lovie-bunny-Petite-Laure--scaled.jpg\",\"width\":1707,\"height\":2560,\"caption\":\"linen set rocking horse beige Petite Laure\"},{\"@type\":\"BreadcrumbList\",\"@id\":\"https:\/\/www.petitelaure.com\/pl\/produkt\/posciel-z-wypelnieniem-konik-na-biegunach-bezowy-rozmiar-s\/#breadcrumb\",\"itemListElement\":[{\"@type\":\"ListItem\",\"position\":1,\"name\":\"Strona g\u0142\u00f3wna\",\"item\":\"https:\/\/www.petitelaure.com\/pl\/\"},{\"@type\":\"ListItem\",\"position\":2,\"name\":\"Sklep\",\"item\":\"https:\/\/www.petitelaure.com\/pl\/sklep\/\"},{\"@type\":\"ListItem\",\"position\":3,\"name\":\"Po\u015bciel z Wype\u0142nieniem Konik na Biegunach Be\u017cowy rozmiar &#8222;S&#8221;\"}]},{\"@type\":\"WebSite\",\"@id\":\"https:\/\/www.petitelaure.com\/pl\/#website\",\"url\":\"https:\/\/www.petitelaure.com\/pl\/\",\"name\":\"petitelaure.com\",\"description\":\"\",\"potentialAction\":[{\"@type\":\"SearchAction\",\"target\":{\"@type\":\"EntryPoint\",\"urlTemplate\":\"https:\/\/www.petitelaure.com\/pl\/?s={search_term_string}\"},\"query-input\":{\"@type\":\"PropertyValueSpecification\",\"valueRequired\":true,\"valueName\":\"search_term_string\"}}],\"inLanguage\":\"pl-PL\"}]}<\/script>\n<!-- \/ Yoast SEO plugin. -->","yoast_head_json":{"title":"Po\u015bciel z Wype\u0142nieniem Konik na Biegunach Be\u017cowy rozmiar \"S\" - petitelaure.com","description":"Po\u015bciel dzieci\u0119ca od Petite Laure \u00a0z wype\u0142nieniem. Mi\u0119kka ko\u0142derka oraz \u00a0p\u0142aska, bezpieczna dla niemowl\u0119cia poduszka.","robots":{"index":"index","follow":"follow","max-snippet":"max-snippet:-1","max-image-preview":"max-image-preview:large","max-video-preview":"max-video-preview:-1"},"canonical":"https:\/\/www.petitelaure.com\/pl\/produkt\/posciel-z-wypelnieniem-konik-na-biegunach-bezowy-rozmiar-s\/","og_locale":"pl_PL","og_type":"article","og_title":"Po\u015bciel z Wype\u0142nieniem Konik na Biegunach Be\u017cowy rozmiar \"S\" - petitelaure.com","og_description":"Po\u015bciel dzieci\u0119ca od Petite Laure \u00a0z wype\u0142nieniem. Mi\u0119kka ko\u0142derka oraz \u00a0p\u0142aska, bezpieczna dla niemowl\u0119cia poduszka.","og_url":"https:\/\/www.petitelaure.com\/pl\/produkt\/posciel-z-wypelnieniem-konik-na-biegunach-bezowy-rozmiar-s\/","og_site_name":"petitelaure.com","article_modified_time":"2025-06-25T21:49:45+00:00","og_image":[{"width":1707,"height":2560,"url":"https:\/\/www.petitelaure.com\/wp-content\/uploads\/2025\/06\/lovie-bunny-Petite-Laure--scaled.jpg","type":"image\/jpeg"}],"twitter_card":"summary_large_image","twitter_misc":{"Szacowany czas czytania":"3 minuty"},"schema":{"@context":"https:\/\/schema.org","@graph":[{"@type":"WebPage","@id":"https:\/\/www.petitelaure.com\/pl\/produkt\/posciel-z-wypelnieniem-konik-na-biegunach-bezowy-rozmiar-s\/","url":"https:\/\/www.petitelaure.com\/pl\/produkt\/posciel-z-wypelnieniem-konik-na-biegunach-bezowy-rozmiar-s\/","name":"Po\u015bciel z Wype\u0142nieniem Konik na Biegunach Be\u017cowy rozmiar \"S\" - petitelaure.com","isPartOf":{"@id":"https:\/\/www.petitelaure.com\/pl\/#website"},"primaryImageOfPage":{"@id":"https:\/\/www.petitelaure.com\/pl\/produkt\/posciel-z-wypelnieniem-konik-na-biegunach-bezowy-rozmiar-s\/#primaryimage"},"image":{"@id":"https:\/\/www.petitelaure.com\/pl\/produkt\/posciel-z-wypelnieniem-konik-na-biegunach-bezowy-rozmiar-s\/#primaryimage"},"thumbnailUrl":"https:\/\/www.petitelaure.com\/wp-content\/uploads\/2025\/06\/lovie-bunny-Petite-Laure--scaled.jpg","datePublished":"2025-06-25T21:46:53+00:00","dateModified":"2025-06-25T21:49:45+00:00","description":"Po\u015bciel dzieci\u0119ca od Petite Laure \u00a0z wype\u0142nieniem. Mi\u0119kka ko\u0142derka oraz \u00a0p\u0142aska, bezpieczna dla niemowl\u0119cia poduszka.","breadcrumb":{"@id":"https:\/\/www.petitelaure.com\/pl\/produkt\/posciel-z-wypelnieniem-konik-na-biegunach-bezowy-rozmiar-s\/#breadcrumb"},"inLanguage":"pl-PL","potentialAction":[{"@type":"ReadAction","target":["https:\/\/www.petitelaure.com\/pl\/produkt\/posciel-z-wypelnieniem-konik-na-biegunach-bezowy-rozmiar-s\/"]}]},{"@type":"ImageObject","inLanguage":"pl-PL","@id":"https:\/\/www.petitelaure.com\/pl\/produkt\/posciel-z-wypelnieniem-konik-na-biegunach-bezowy-rozmiar-s\/#primaryimage","url":"https:\/\/www.petitelaure.com\/wp-content\/uploads\/2025\/06\/lovie-bunny-Petite-Laure--scaled.jpg","contentUrl":"https:\/\/www.petitelaure.com\/wp-content\/uploads\/2025\/06\/lovie-bunny-Petite-Laure--scaled.jpg","width":1707,"height":2560,"caption":"linen set rocking horse beige Petite Laure"},{"@type":"BreadcrumbList","@id":"https:\/\/www.petitelaure.com\/pl\/produkt\/posciel-z-wypelnieniem-konik-na-biegunach-bezowy-rozmiar-s\/#breadcrumb","itemListElement":[{"@type":"ListItem","position":1,"name":"Strona g\u0142\u00f3wna","item":"https:\/\/www.petitelaure.com\/pl\/"},{"@type":"ListItem","position":2,"name":"Sklep","item":"https:\/\/www.petitelaure.com\/pl\/sklep\/"},{"@type":"ListItem","position":3,"name":"Po\u015bciel z Wype\u0142nieniem Konik na Biegunach Be\u017cowy rozmiar &#8222;S&#8221;"}]},{"@type":"WebSite","@id":"https:\/\/www.petitelaure.com\/pl\/#website","url":"https:\/\/www.petitelaure.com\/pl\/","name":"petitelaure.com","description":"","potentialAction":[{"@type":"SearchAction","target":{"@type":"EntryPoint","urlTemplate":"https:\/\/www.petitelaure.com\/pl\/?s={search_term_string}"},"query-input":{"@type":"PropertyValueSpecification","valueRequired":true,"valueName":"search_term_string"}}],"inLanguage":"pl-PL"}]}},"_links":{"self":[{"href":"https:\/\/www.petitelaure.com\/pl\/wp-json\/wp\/v2\/product\/12980","targetHints":{"allow":["GET"]}}],"collection":[{"href":"https:\/\/www.petitelaure.com\/pl\/wp-json\/wp\/v2\/product"}],"about":[{"href":"https:\/\/www.petitelaure.com\/pl\/wp-json\/wp\/v2\/types\/product"}],"replies":[{"embeddable":true,"href":"https:\/\/www.petitelaure.com\/pl\/wp-json\/wp\/v2\/comments?post=12980"}],"wp:featuredmedia":[{"embeddable":true,"href":"https:\/\/www.petitelaure.com\/pl\/wp-json\/wp\/v2\/media\/12982"}],"wp:attachment":[{"href":"https:\/\/www.petitelaure.com\/pl\/wp-json\/wp\/v2\/media?parent=12980"}],"wp:term":[{"taxonomy":"product_brand","embeddable":true,"href":"https:\/\/www.petitelaure.com\/pl\/wp-json\/wp\/v2\/product_brand?post=12980"},{"taxonomy":"product_cat","embeddable":true,"href":"https:\/\/www.petitelaure.com\/pl\/wp-json\/wp\/v2\/product_cat?post=12980"},{"taxonomy":"product_tag","embeddable":true,"href":"https:\/\/www.petitelaure.com\/pl\/wp-json\/wp\/v2\/product_tag?post=12980"}],"curies":[{"name":"wp","href":"https:\/\/api.w.org\/{rel}","templated":true}]}}