{"id":12513,"date":"2024-10-15T00:27:21","date_gmt":"2024-10-14T22:27:21","guid":{"rendered":"https:\/\/www.petitelaure.com\/?post_type=product&#038;p=12513"},"modified":"2024-10-15T00:30:29","modified_gmt":"2024-10-14T22:30:29","slug":"zawieszka-materialowa-na-smoczek-roses-granatowy","status":"publish","type":"product","link":"https:\/\/www.petitelaure.com\/pl\/produkt\/zawieszka-materialowa-na-smoczek-roses-granatowy\/","title":{"rendered":"Zawieszka Materia\u0142owa na Smoczek Roses Granatowy"},"content":{"rendered":"<h2>Zawieszka Materia\u0142owa na Smoczek Go\u0142\u0119bie Roses Granatowy<\/h2>\n<p>Zawieszka uszyta r\u0119cznie w naszej pracowni w Polsce. Pasuje do ka\u017cdego rodzaju smoczka.<\/p>\n<div class=\"resetcss\">\n<ul>\n<li>Czyszczenie najlepiej r\u0119cznie za pomoc\u0105 ciep\u0142ej wody i delikatnego myd\u0142a;<\/li>\n<li>Suszy\u0107 naturalnie bez u\u017cycia suszarek mechanicznych czy w pe\u0142nym s\u0142o\u0144cu, ze wzgl\u0119du na ryzyko odbarwienia;<\/li>\n<\/ul>\n<p><strong>Bezpiecze\u0144stwo:\u00a0<\/strong><\/p>\n<ul>\n<li>Nie wolno stosowa\u0107 podczas snu dziecka;<\/li>\n<li>Nie wolno stosowa\u0107 jako gryzaka;<\/li>\n<li>Nie my\u0107 w zmywarce;<\/li>\n<li>Zawieszka musi by\u0107 u\u017cywana pod nadzorem doros\u0142ego.<\/li>\n<\/ul>\n<\/div>\n<p>Materia\u0142: 100% bawe\u0142na premium, uchwyt: drewniany<\/p>\n<p><strong>Wybieraj produkty bezpieczne dla Twojego Maluszka!<\/strong><\/p>\n<p>&nbsp;<\/p>\n","protected":false},"excerpt":{"rendered":"<p>Mi\u0119ciutki w dotyku, ca\u0142oroczny kocyk niemowl\u0119cy. Kocyk dla niemowl\u0105t doskonale sprawdzi si\u0119 jako stylowy prezent na baby shower, urodziny jak r\u00f3wnie\u017c inne mi\u0142e okazje.<\/p>\n","protected":false},"featured_media":12517,"comment_status":"open","ping_status":"closed","template":"","meta":[],"product_brand":[],"product_cat":[233],"product_tag":[511,506,509,507,508,510,517],"class_list":{"0":"post-12513","1":"product","2":"type-product","3":"status-publish","4":"has-post-thumbnail","6":"product_cat-akcesoria-niemowlece","7":"product_tag-bialy-krolik-dla-niemowlaka","8":"product_tag-doudou","9":"product_tag-krolik-przytulanka","10":"product_tag-pierwsza-przytulanka","11":"product_tag-przytulanka-dla-niemowlaka","12":"product_tag-zawieszka-na-smoczek","13":"product_tag-zawieszka-na-smoczek-dla-dziecka","15":"first","16":"instock","17":"shipping-taxable","18":"purchasable","19":"product-type-simple"},"yoast_head":"<!-- This site is optimized with the Yoast SEO plugin v26.9 - https:\/\/yoast.com\/product\/yoast-seo-wordpress\/ -->\n<title>Zawieszka Materia\u0142owa na Smoczek Roses Granatowy - petitelaure.com<\/title>\n<meta name=\"description\" content=\"Zawieszka na smoczek dla dziecka od Petite Laure uszyta r\u0119cznie w naszej pracowni w Polsce. Pasuje do ka\u017cdego rodzaju smoczka.\" \/>\n<meta name=\"robots\" content=\"index, follow, max-snippet:-1, max-image-preview:large, max-video-preview:-1\" \/>\n<link rel=\"canonical\" href=\"https:\/\/www.petitelaure.com\/pl\/produkt\/zawieszka-materialowa-na-smoczek-roses-granatowy\/\" \/>\n<meta property=\"og:locale\" content=\"pl_PL\" \/>\n<meta property=\"og:type\" content=\"article\" \/>\n<meta property=\"og:title\" content=\"Zawieszka Materia\u0142owa na Smoczek Roses Granatowy - petitelaure.com\" \/>\n<meta property=\"og:description\" content=\"Zawieszka na smoczek dla dziecka od Petite Laure uszyta r\u0119cznie w naszej pracowni w Polsce. Pasuje do ka\u017cdego rodzaju smoczka.\" \/>\n<meta property=\"og:url\" content=\"https:\/\/www.petitelaure.com\/pl\/produkt\/zawieszka-materialowa-na-smoczek-roses-granatowy\/\" \/>\n<meta property=\"og:site_name\" content=\"petitelaure.com\" \/>\n<meta property=\"article:modified_time\" content=\"2024-10-14T22:30:29+00:00\" \/>\n<meta property=\"og:image\" content=\"https:\/\/www.petitelaure.com\/wp-content\/uploads\/2024\/10\/IMG_6092-2.jpg\" \/>\n\t<meta property=\"og:image:width\" content=\"1512\" \/>\n\t<meta property=\"og:image:height\" content=\"2016\" \/>\n\t<meta property=\"og:image:type\" content=\"image\/jpeg\" \/>\n<meta name=\"twitter:card\" content=\"summary_large_image\" \/>\n<meta name=\"twitter:label1\" content=\"Szacowany czas czytania\" \/>\n\t<meta name=\"twitter:data1\" content=\"1 minuta\" \/>\n<script type=\"application\/ld+json\" class=\"yoast-schema-graph\">{\"@context\":\"https:\/\/schema.org\",\"@graph\":[{\"@type\":\"WebPage\",\"@id\":\"https:\/\/www.petitelaure.com\/pl\/produkt\/zawieszka-materialowa-na-smoczek-roses-granatowy\/\",\"url\":\"https:\/\/www.petitelaure.com\/pl\/produkt\/zawieszka-materialowa-na-smoczek-roses-granatowy\/\",\"name\":\"Zawieszka Materia\u0142owa na Smoczek Roses Granatowy - petitelaure.com\",\"isPartOf\":{\"@id\":\"https:\/\/www.petitelaure.com\/pl\/#website\"},\"primaryImageOfPage\":{\"@id\":\"https:\/\/www.petitelaure.com\/pl\/produkt\/zawieszka-materialowa-na-smoczek-roses-granatowy\/#primaryimage\"},\"image\":{\"@id\":\"https:\/\/www.petitelaure.com\/pl\/produkt\/zawieszka-materialowa-na-smoczek-roses-granatowy\/#primaryimage\"},\"thumbnailUrl\":\"https:\/\/www.petitelaure.com\/wp-content\/uploads\/2024\/10\/IMG_6092-2.jpg\",\"datePublished\":\"2024-10-14T22:27:21+00:00\",\"dateModified\":\"2024-10-14T22:30:29+00:00\",\"description\":\"Zawieszka na smoczek dla dziecka od Petite Laure uszyta r\u0119cznie w naszej pracowni w Polsce. Pasuje do ka\u017cdego rodzaju smoczka.\",\"breadcrumb\":{\"@id\":\"https:\/\/www.petitelaure.com\/pl\/produkt\/zawieszka-materialowa-na-smoczek-roses-granatowy\/#breadcrumb\"},\"inLanguage\":\"pl-PL\",\"potentialAction\":[{\"@type\":\"ReadAction\",\"target\":[\"https:\/\/www.petitelaure.com\/pl\/produkt\/zawieszka-materialowa-na-smoczek-roses-granatowy\/\"]}]},{\"@type\":\"ImageObject\",\"inLanguage\":\"pl-PL\",\"@id\":\"https:\/\/www.petitelaure.com\/pl\/produkt\/zawieszka-materialowa-na-smoczek-roses-granatowy\/#primaryimage\",\"url\":\"https:\/\/www.petitelaure.com\/wp-content\/uploads\/2024\/10\/IMG_6092-2.jpg\",\"contentUrl\":\"https:\/\/www.petitelaure.com\/wp-content\/uploads\/2024\/10\/IMG_6092-2.jpg\",\"width\":1512,\"height\":2016},{\"@type\":\"BreadcrumbList\",\"@id\":\"https:\/\/www.petitelaure.com\/pl\/produkt\/zawieszka-materialowa-na-smoczek-roses-granatowy\/#breadcrumb\",\"itemListElement\":[{\"@type\":\"ListItem\",\"position\":1,\"name\":\"Strona g\u0142\u00f3wna\",\"item\":\"https:\/\/www.petitelaure.com\/pl\/\"},{\"@type\":\"ListItem\",\"position\":2,\"name\":\"Sklep\",\"item\":\"https:\/\/www.petitelaure.com\/pl\/sklep\/\"},{\"@type\":\"ListItem\",\"position\":3,\"name\":\"Zawieszka Materia\u0142owa na Smoczek Roses Granatowy\"}]},{\"@type\":\"WebSite\",\"@id\":\"https:\/\/www.petitelaure.com\/pl\/#website\",\"url\":\"https:\/\/www.petitelaure.com\/pl\/\",\"name\":\"petitelaure.com\",\"description\":\"\",\"potentialAction\":[{\"@type\":\"SearchAction\",\"target\":{\"@type\":\"EntryPoint\",\"urlTemplate\":\"https:\/\/www.petitelaure.com\/pl\/?s={search_term_string}\"},\"query-input\":{\"@type\":\"PropertyValueSpecification\",\"valueRequired\":true,\"valueName\":\"search_term_string\"}}],\"inLanguage\":\"pl-PL\"}]}<\/script>\n<!-- \/ Yoast SEO plugin. -->","yoast_head_json":{"title":"Zawieszka Materia\u0142owa na Smoczek Roses Granatowy - petitelaure.com","description":"Zawieszka na smoczek dla dziecka od Petite Laure uszyta r\u0119cznie w naszej pracowni w Polsce. Pasuje do ka\u017cdego rodzaju smoczka.","robots":{"index":"index","follow":"follow","max-snippet":"max-snippet:-1","max-image-preview":"max-image-preview:large","max-video-preview":"max-video-preview:-1"},"canonical":"https:\/\/www.petitelaure.com\/pl\/produkt\/zawieszka-materialowa-na-smoczek-roses-granatowy\/","og_locale":"pl_PL","og_type":"article","og_title":"Zawieszka Materia\u0142owa na Smoczek Roses Granatowy - petitelaure.com","og_description":"Zawieszka na smoczek dla dziecka od Petite Laure uszyta r\u0119cznie w naszej pracowni w Polsce. Pasuje do ka\u017cdego rodzaju smoczka.","og_url":"https:\/\/www.petitelaure.com\/pl\/produkt\/zawieszka-materialowa-na-smoczek-roses-granatowy\/","og_site_name":"petitelaure.com","article_modified_time":"2024-10-14T22:30:29+00:00","og_image":[{"width":1512,"height":2016,"url":"https:\/\/www.petitelaure.com\/wp-content\/uploads\/2024\/10\/IMG_6092-2.jpg","type":"image\/jpeg"}],"twitter_card":"summary_large_image","twitter_misc":{"Szacowany czas czytania":"1 minuta"},"schema":{"@context":"https:\/\/schema.org","@graph":[{"@type":"WebPage","@id":"https:\/\/www.petitelaure.com\/pl\/produkt\/zawieszka-materialowa-na-smoczek-roses-granatowy\/","url":"https:\/\/www.petitelaure.com\/pl\/produkt\/zawieszka-materialowa-na-smoczek-roses-granatowy\/","name":"Zawieszka Materia\u0142owa na Smoczek Roses Granatowy - petitelaure.com","isPartOf":{"@id":"https:\/\/www.petitelaure.com\/pl\/#website"},"primaryImageOfPage":{"@id":"https:\/\/www.petitelaure.com\/pl\/produkt\/zawieszka-materialowa-na-smoczek-roses-granatowy\/#primaryimage"},"image":{"@id":"https:\/\/www.petitelaure.com\/pl\/produkt\/zawieszka-materialowa-na-smoczek-roses-granatowy\/#primaryimage"},"thumbnailUrl":"https:\/\/www.petitelaure.com\/wp-content\/uploads\/2024\/10\/IMG_6092-2.jpg","datePublished":"2024-10-14T22:27:21+00:00","dateModified":"2024-10-14T22:30:29+00:00","description":"Zawieszka na smoczek dla dziecka od Petite Laure uszyta r\u0119cznie w naszej pracowni w Polsce. Pasuje do ka\u017cdego rodzaju smoczka.","breadcrumb":{"@id":"https:\/\/www.petitelaure.com\/pl\/produkt\/zawieszka-materialowa-na-smoczek-roses-granatowy\/#breadcrumb"},"inLanguage":"pl-PL","potentialAction":[{"@type":"ReadAction","target":["https:\/\/www.petitelaure.com\/pl\/produkt\/zawieszka-materialowa-na-smoczek-roses-granatowy\/"]}]},{"@type":"ImageObject","inLanguage":"pl-PL","@id":"https:\/\/www.petitelaure.com\/pl\/produkt\/zawieszka-materialowa-na-smoczek-roses-granatowy\/#primaryimage","url":"https:\/\/www.petitelaure.com\/wp-content\/uploads\/2024\/10\/IMG_6092-2.jpg","contentUrl":"https:\/\/www.petitelaure.com\/wp-content\/uploads\/2024\/10\/IMG_6092-2.jpg","width":1512,"height":2016},{"@type":"BreadcrumbList","@id":"https:\/\/www.petitelaure.com\/pl\/produkt\/zawieszka-materialowa-na-smoczek-roses-granatowy\/#breadcrumb","itemListElement":[{"@type":"ListItem","position":1,"name":"Strona g\u0142\u00f3wna","item":"https:\/\/www.petitelaure.com\/pl\/"},{"@type":"ListItem","position":2,"name":"Sklep","item":"https:\/\/www.petitelaure.com\/pl\/sklep\/"},{"@type":"ListItem","position":3,"name":"Zawieszka Materia\u0142owa na Smoczek Roses Granatowy"}]},{"@type":"WebSite","@id":"https:\/\/www.petitelaure.com\/pl\/#website","url":"https:\/\/www.petitelaure.com\/pl\/","name":"petitelaure.com","description":"","potentialAction":[{"@type":"SearchAction","target":{"@type":"EntryPoint","urlTemplate":"https:\/\/www.petitelaure.com\/pl\/?s={search_term_string}"},"query-input":{"@type":"PropertyValueSpecification","valueRequired":true,"valueName":"search_term_string"}}],"inLanguage":"pl-PL"}]}},"_links":{"self":[{"href":"https:\/\/www.petitelaure.com\/pl\/wp-json\/wp\/v2\/product\/12513","targetHints":{"allow":["GET"]}}],"collection":[{"href":"https:\/\/www.petitelaure.com\/pl\/wp-json\/wp\/v2\/product"}],"about":[{"href":"https:\/\/www.petitelaure.com\/pl\/wp-json\/wp\/v2\/types\/product"}],"replies":[{"embeddable":true,"href":"https:\/\/www.petitelaure.com\/pl\/wp-json\/wp\/v2\/comments?post=12513"}],"wp:featuredmedia":[{"embeddable":true,"href":"https:\/\/www.petitelaure.com\/pl\/wp-json\/wp\/v2\/media\/12517"}],"wp:attachment":[{"href":"https:\/\/www.petitelaure.com\/pl\/wp-json\/wp\/v2\/media?parent=12513"}],"wp:term":[{"taxonomy":"product_brand","embeddable":true,"href":"https:\/\/www.petitelaure.com\/pl\/wp-json\/wp\/v2\/product_brand?post=12513"},{"taxonomy":"product_cat","embeddable":true,"href":"https:\/\/www.petitelaure.com\/pl\/wp-json\/wp\/v2\/product_cat?post=12513"},{"taxonomy":"product_tag","embeddable":true,"href":"https:\/\/www.petitelaure.com\/pl\/wp-json\/wp\/v2\/product_tag?post=12513"}],"curies":[{"name":"wp","href":"https:\/\/api.w.org\/{rel}","templated":true}]}}