{"id":12345,"date":"2024-10-04T16:45:48","date_gmt":"2024-10-04T14:45:48","guid":{"rendered":"https:\/\/www.petitelaure.com\/?post_type=product&#038;p=12345"},"modified":"2025-06-26T00:04:47","modified_gmt":"2025-06-25T22:04:47","slug":"poduszka-dziecieca-konik-na-biegunach-przykurzony-niebieski","status":"publish","type":"product","link":"https:\/\/www.petitelaure.com\/pl\/produkt\/poduszka-dziecieca-konik-na-biegunach-przykurzony-niebieski\/","title":{"rendered":"Poduszka Dzieci\u0119ca Konik na Biegunach Przykurzony Niebieski"},"content":{"rendered":"<h2>Poduszka Dzieci\u0119ca Konik na Biegunach Przykurzony Niebieski<\/h2>\n<p>Mi\u0119ciutka poduszka z naszym autorskim wzorek konika na biegunach, wykonana z najwy\u017cszej jako\u015bci podw\u00f3jnie czesanej bawe\u0142ny satynowej. Doskonale sprawdzi si\u0119 nie tylko jako poduszka do spania dla dziecka do przedszkola czy \u017c\u0142obka, ale te\u017c jako przytulanka dla Maluszka czy poduszka dekoracyjna do pokoju dzieci\u0119cego.<\/p>\n<p>Materia\u0142: 100%<strong> bawe\u0142na satynowa premium, wype\u0142nienie: antyalergiczne<\/strong><\/p>\n<p>Na naszej stronie znajdziesz r\u00f3wnie\u017c inne produkty do koletu jak: \u00a0po\u015bciel niemowl\u0119ca, ro\u017cek niemowl\u0119cy, pieluszki bambusowe w koniki na biegunach.<\/p>\n<p>Rozmiar: 27&#215;32 cm (+\/- 2 cm)<\/p>\n<p><strong>SPOS\u00d3B PIELEGNACJI:<\/strong><\/p>\n<ul>\n<li>pra\u0107 w temperaturze 30\u00b0, max. 800 obrot\u00f3w wirowania<\/li>\n<li>prasowa\u0107\u00a0tylko tkanin\u0119 bawe\u0142nian\u0105 \u00a0w \u015bredniej temperaturze prasowania max. do 110\u00b0, nie prasowa\u0107 strony velvet<\/li>\n<li>nie czy\u015bci\u0107 chemicznie<\/li>\n<li>nie suszy\u0107 w suszarce b\u0119bnowej<\/li>\n<li>pra\u0107 oddzielnie<\/li>\n<li>nie stosowa\u0107 wybielaczy<\/li>\n<\/ul>\n<p>Produkt nale\u017cy stosowa\u0107 pod opiek\u0105 rodzica.<\/p>\n<p><strong>Wybieraj produkty bezpieczne dla Twojego Maluszka!<\/strong><\/p>\n<p>&nbsp;<\/p>\n","protected":false},"excerpt":{"rendered":"<p>Mi\u0119ciutki w dotyku, ca\u0142oroczny kocyk niemowl\u0119cy. Kocyk dla niemowl\u0105t doskonale sprawdzi si\u0119 jako stylowy prezent na baby shower, urodziny jak r\u00f3wnie\u017c inne mi\u0142e okazje.<\/p>\n","protected":false},"featured_media":12351,"comment_status":"open","ping_status":"closed","template":"","meta":[],"product_brand":[],"product_cat":[233],"product_tag":[511,506,509,507,508,510],"class_list":{"0":"post-12345","1":"product","2":"type-product","3":"status-publish","4":"has-post-thumbnail","6":"product_cat-akcesoria-niemowlece","7":"product_tag-bialy-krolik-dla-niemowlaka","8":"product_tag-doudou","9":"product_tag-krolik-przytulanka","10":"product_tag-pierwsza-przytulanka","11":"product_tag-przytulanka-dla-niemowlaka","12":"product_tag-zawieszka-na-smoczek","14":"first","15":"outofstock","16":"shipping-taxable","17":"purchasable","18":"product-type-simple"},"yoast_head":"<!-- This site is optimized with the Yoast SEO plugin v26.9 - https:\/\/yoast.com\/product\/yoast-seo-wordpress\/ -->\n<title>Poduszka Dzieci\u0119ca Konik na Biegunach Przykurzony Niebieski - petitelaure.com<\/title>\n<meta name=\"description\" content=\"Mi\u0119ciutka poduszka z naszym autorskim wzorek konika na biegunach, wykonana z najwy\u017cszej jako\u015bci podw\u00f3jnie czesanej bawe\u0142ny satynowej. Doskonale sprawdzi si\u0119 nie tylko jako poduszka do spania dla dziecka, ale te\u017c jako przytulanka dla Maluszka czy poduszka dekoracyjna do pokoju dzieci\u0119cego. \u00a0\" \/>\n<meta name=\"robots\" content=\"index, follow, max-snippet:-1, max-image-preview:large, max-video-preview:-1\" \/>\n<link rel=\"canonical\" href=\"https:\/\/www.petitelaure.com\/pl\/produkt\/poduszka-dziecieca-konik-na-biegunach-przykurzony-niebieski\/\" \/>\n<meta property=\"og:locale\" content=\"pl_PL\" \/>\n<meta property=\"og:type\" content=\"article\" \/>\n<meta property=\"og:title\" content=\"Poduszka Dzieci\u0119ca Konik na Biegunach Przykurzony Niebieski - petitelaure.com\" \/>\n<meta property=\"og:description\" content=\"Mi\u0119ciutka poduszka z naszym autorskim wzorek konika na biegunach, wykonana z najwy\u017cszej jako\u015bci podw\u00f3jnie czesanej bawe\u0142ny satynowej. Doskonale sprawdzi si\u0119 nie tylko jako poduszka do spania dla dziecka, ale te\u017c jako przytulanka dla Maluszka czy poduszka dekoracyjna do pokoju dzieci\u0119cego. \u00a0\" \/>\n<meta property=\"og:url\" content=\"https:\/\/www.petitelaure.com\/pl\/produkt\/poduszka-dziecieca-konik-na-biegunach-przykurzony-niebieski\/\" \/>\n<meta property=\"og:site_name\" content=\"petitelaure.com\" \/>\n<meta property=\"article:modified_time\" content=\"2025-06-25T22:04:47+00:00\" \/>\n<meta property=\"og:image\" content=\"https:\/\/www.petitelaure.com\/wp-content\/uploads\/2024\/10\/IMG_5996.jpg\" \/>\n\t<meta property=\"og:image:width\" content=\"1100\" \/>\n\t<meta property=\"og:image:height\" content=\"1280\" \/>\n\t<meta property=\"og:image:type\" content=\"image\/jpeg\" \/>\n<meta name=\"twitter:card\" content=\"summary_large_image\" \/>\n<meta name=\"twitter:label1\" content=\"Szacowany czas czytania\" \/>\n\t<meta name=\"twitter:data1\" content=\"2 minuty\" \/>\n<script type=\"application\/ld+json\" class=\"yoast-schema-graph\">{\"@context\":\"https:\/\/schema.org\",\"@graph\":[{\"@type\":\"WebPage\",\"@id\":\"https:\/\/www.petitelaure.com\/pl\/produkt\/poduszka-dziecieca-konik-na-biegunach-przykurzony-niebieski\/\",\"url\":\"https:\/\/www.petitelaure.com\/pl\/produkt\/poduszka-dziecieca-konik-na-biegunach-przykurzony-niebieski\/\",\"name\":\"Poduszka Dzieci\u0119ca Konik na Biegunach Przykurzony Niebieski - petitelaure.com\",\"isPartOf\":{\"@id\":\"https:\/\/www.petitelaure.com\/pl\/#website\"},\"primaryImageOfPage\":{\"@id\":\"https:\/\/www.petitelaure.com\/pl\/produkt\/poduszka-dziecieca-konik-na-biegunach-przykurzony-niebieski\/#primaryimage\"},\"image\":{\"@id\":\"https:\/\/www.petitelaure.com\/pl\/produkt\/poduszka-dziecieca-konik-na-biegunach-przykurzony-niebieski\/#primaryimage\"},\"thumbnailUrl\":\"https:\/\/www.petitelaure.com\/wp-content\/uploads\/2024\/10\/IMG_5996.jpg\",\"datePublished\":\"2024-10-04T14:45:48+00:00\",\"dateModified\":\"2025-06-25T22:04:47+00:00\",\"description\":\"Mi\u0119ciutka poduszka z naszym autorskim wzorek konika na biegunach, wykonana z najwy\u017cszej jako\u015bci podw\u00f3jnie czesanej bawe\u0142ny satynowej. Doskonale sprawdzi si\u0119 nie tylko jako poduszka do spania dla dziecka, ale te\u017c jako przytulanka dla Maluszka czy poduszka dekoracyjna do pokoju dzieci\u0119cego. \u00a0\",\"breadcrumb\":{\"@id\":\"https:\/\/www.petitelaure.com\/pl\/produkt\/poduszka-dziecieca-konik-na-biegunach-przykurzony-niebieski\/#breadcrumb\"},\"inLanguage\":\"pl-PL\",\"potentialAction\":[{\"@type\":\"ReadAction\",\"target\":[\"https:\/\/www.petitelaure.com\/pl\/produkt\/poduszka-dziecieca-konik-na-biegunach-przykurzony-niebieski\/\"]}]},{\"@type\":\"ImageObject\",\"inLanguage\":\"pl-PL\",\"@id\":\"https:\/\/www.petitelaure.com\/pl\/produkt\/poduszka-dziecieca-konik-na-biegunach-przykurzony-niebieski\/#primaryimage\",\"url\":\"https:\/\/www.petitelaure.com\/wp-content\/uploads\/2024\/10\/IMG_5996.jpg\",\"contentUrl\":\"https:\/\/www.petitelaure.com\/wp-content\/uploads\/2024\/10\/IMG_5996.jpg\",\"width\":1100,\"height\":1280,\"caption\":\"poduszka dzieci\u0119ca konik na biegunach od Petite Laure\"},{\"@type\":\"BreadcrumbList\",\"@id\":\"https:\/\/www.petitelaure.com\/pl\/produkt\/poduszka-dziecieca-konik-na-biegunach-przykurzony-niebieski\/#breadcrumb\",\"itemListElement\":[{\"@type\":\"ListItem\",\"position\":1,\"name\":\"Strona g\u0142\u00f3wna\",\"item\":\"https:\/\/www.petitelaure.com\/pl\/\"},{\"@type\":\"ListItem\",\"position\":2,\"name\":\"Sklep\",\"item\":\"https:\/\/www.petitelaure.com\/pl\/sklep\/\"},{\"@type\":\"ListItem\",\"position\":3,\"name\":\"Poduszka Dzieci\u0119ca Konik na Biegunach Przykurzony Niebieski\"}]},{\"@type\":\"WebSite\",\"@id\":\"https:\/\/www.petitelaure.com\/pl\/#website\",\"url\":\"https:\/\/www.petitelaure.com\/pl\/\",\"name\":\"petitelaure.com\",\"description\":\"\",\"potentialAction\":[{\"@type\":\"SearchAction\",\"target\":{\"@type\":\"EntryPoint\",\"urlTemplate\":\"https:\/\/www.petitelaure.com\/pl\/?s={search_term_string}\"},\"query-input\":{\"@type\":\"PropertyValueSpecification\",\"valueRequired\":true,\"valueName\":\"search_term_string\"}}],\"inLanguage\":\"pl-PL\"}]}<\/script>\n<!-- \/ Yoast SEO plugin. -->","yoast_head_json":{"title":"Poduszka Dzieci\u0119ca Konik na Biegunach Przykurzony Niebieski - petitelaure.com","description":"Mi\u0119ciutka poduszka z naszym autorskim wzorek konika na biegunach, wykonana z najwy\u017cszej jako\u015bci podw\u00f3jnie czesanej bawe\u0142ny satynowej. Doskonale sprawdzi si\u0119 nie tylko jako poduszka do spania dla dziecka, ale te\u017c jako przytulanka dla Maluszka czy poduszka dekoracyjna do pokoju dzieci\u0119cego. \u00a0","robots":{"index":"index","follow":"follow","max-snippet":"max-snippet:-1","max-image-preview":"max-image-preview:large","max-video-preview":"max-video-preview:-1"},"canonical":"https:\/\/www.petitelaure.com\/pl\/produkt\/poduszka-dziecieca-konik-na-biegunach-przykurzony-niebieski\/","og_locale":"pl_PL","og_type":"article","og_title":"Poduszka Dzieci\u0119ca Konik na Biegunach Przykurzony Niebieski - petitelaure.com","og_description":"Mi\u0119ciutka poduszka z naszym autorskim wzorek konika na biegunach, wykonana z najwy\u017cszej jako\u015bci podw\u00f3jnie czesanej bawe\u0142ny satynowej. Doskonale sprawdzi si\u0119 nie tylko jako poduszka do spania dla dziecka, ale te\u017c jako przytulanka dla Maluszka czy poduszka dekoracyjna do pokoju dzieci\u0119cego. \u00a0","og_url":"https:\/\/www.petitelaure.com\/pl\/produkt\/poduszka-dziecieca-konik-na-biegunach-przykurzony-niebieski\/","og_site_name":"petitelaure.com","article_modified_time":"2025-06-25T22:04:47+00:00","og_image":[{"width":1100,"height":1280,"url":"https:\/\/www.petitelaure.com\/wp-content\/uploads\/2024\/10\/IMG_5996.jpg","type":"image\/jpeg"}],"twitter_card":"summary_large_image","twitter_misc":{"Szacowany czas czytania":"2 minuty"},"schema":{"@context":"https:\/\/schema.org","@graph":[{"@type":"WebPage","@id":"https:\/\/www.petitelaure.com\/pl\/produkt\/poduszka-dziecieca-konik-na-biegunach-przykurzony-niebieski\/","url":"https:\/\/www.petitelaure.com\/pl\/produkt\/poduszka-dziecieca-konik-na-biegunach-przykurzony-niebieski\/","name":"Poduszka Dzieci\u0119ca Konik na Biegunach Przykurzony Niebieski - petitelaure.com","isPartOf":{"@id":"https:\/\/www.petitelaure.com\/pl\/#website"},"primaryImageOfPage":{"@id":"https:\/\/www.petitelaure.com\/pl\/produkt\/poduszka-dziecieca-konik-na-biegunach-przykurzony-niebieski\/#primaryimage"},"image":{"@id":"https:\/\/www.petitelaure.com\/pl\/produkt\/poduszka-dziecieca-konik-na-biegunach-przykurzony-niebieski\/#primaryimage"},"thumbnailUrl":"https:\/\/www.petitelaure.com\/wp-content\/uploads\/2024\/10\/IMG_5996.jpg","datePublished":"2024-10-04T14:45:48+00:00","dateModified":"2025-06-25T22:04:47+00:00","description":"Mi\u0119ciutka poduszka z naszym autorskim wzorek konika na biegunach, wykonana z najwy\u017cszej jako\u015bci podw\u00f3jnie czesanej bawe\u0142ny satynowej. Doskonale sprawdzi si\u0119 nie tylko jako poduszka do spania dla dziecka, ale te\u017c jako przytulanka dla Maluszka czy poduszka dekoracyjna do pokoju dzieci\u0119cego. \u00a0","breadcrumb":{"@id":"https:\/\/www.petitelaure.com\/pl\/produkt\/poduszka-dziecieca-konik-na-biegunach-przykurzony-niebieski\/#breadcrumb"},"inLanguage":"pl-PL","potentialAction":[{"@type":"ReadAction","target":["https:\/\/www.petitelaure.com\/pl\/produkt\/poduszka-dziecieca-konik-na-biegunach-przykurzony-niebieski\/"]}]},{"@type":"ImageObject","inLanguage":"pl-PL","@id":"https:\/\/www.petitelaure.com\/pl\/produkt\/poduszka-dziecieca-konik-na-biegunach-przykurzony-niebieski\/#primaryimage","url":"https:\/\/www.petitelaure.com\/wp-content\/uploads\/2024\/10\/IMG_5996.jpg","contentUrl":"https:\/\/www.petitelaure.com\/wp-content\/uploads\/2024\/10\/IMG_5996.jpg","width":1100,"height":1280,"caption":"poduszka dzieci\u0119ca konik na biegunach od Petite Laure"},{"@type":"BreadcrumbList","@id":"https:\/\/www.petitelaure.com\/pl\/produkt\/poduszka-dziecieca-konik-na-biegunach-przykurzony-niebieski\/#breadcrumb","itemListElement":[{"@type":"ListItem","position":1,"name":"Strona g\u0142\u00f3wna","item":"https:\/\/www.petitelaure.com\/pl\/"},{"@type":"ListItem","position":2,"name":"Sklep","item":"https:\/\/www.petitelaure.com\/pl\/sklep\/"},{"@type":"ListItem","position":3,"name":"Poduszka Dzieci\u0119ca Konik na Biegunach Przykurzony Niebieski"}]},{"@type":"WebSite","@id":"https:\/\/www.petitelaure.com\/pl\/#website","url":"https:\/\/www.petitelaure.com\/pl\/","name":"petitelaure.com","description":"","potentialAction":[{"@type":"SearchAction","target":{"@type":"EntryPoint","urlTemplate":"https:\/\/www.petitelaure.com\/pl\/?s={search_term_string}"},"query-input":{"@type":"PropertyValueSpecification","valueRequired":true,"valueName":"search_term_string"}}],"inLanguage":"pl-PL"}]}},"_links":{"self":[{"href":"https:\/\/www.petitelaure.com\/pl\/wp-json\/wp\/v2\/product\/12345","targetHints":{"allow":["GET"]}}],"collection":[{"href":"https:\/\/www.petitelaure.com\/pl\/wp-json\/wp\/v2\/product"}],"about":[{"href":"https:\/\/www.petitelaure.com\/pl\/wp-json\/wp\/v2\/types\/product"}],"replies":[{"embeddable":true,"href":"https:\/\/www.petitelaure.com\/pl\/wp-json\/wp\/v2\/comments?post=12345"}],"wp:featuredmedia":[{"embeddable":true,"href":"https:\/\/www.petitelaure.com\/pl\/wp-json\/wp\/v2\/media\/12351"}],"wp:attachment":[{"href":"https:\/\/www.petitelaure.com\/pl\/wp-json\/wp\/v2\/media?parent=12345"}],"wp:term":[{"taxonomy":"product_brand","embeddable":true,"href":"https:\/\/www.petitelaure.com\/pl\/wp-json\/wp\/v2\/product_brand?post=12345"},{"taxonomy":"product_cat","embeddable":true,"href":"https:\/\/www.petitelaure.com\/pl\/wp-json\/wp\/v2\/product_cat?post=12345"},{"taxonomy":"product_tag","embeddable":true,"href":"https:\/\/www.petitelaure.com\/pl\/wp-json\/wp\/v2\/product_tag?post=12345"}],"curies":[{"name":"wp","href":"https:\/\/api.w.org\/{rel}","templated":true}]}}