{"id":1180,"date":"2020-08-04T20:46:18","date_gmt":"2020-08-04T18:46:18","guid":{"rendered":"https:\/\/www.petitelaure.com\/?post_type=product&#038;p=1180"},"modified":"2021-04-15T18:30:01","modified_gmt":"2021-04-15T16:30:01","slug":"wafelkowy-kocyk-niemowlecy-kremowy","status":"publish","type":"product","link":"https:\/\/www.petitelaure.com\/pl\/produkt\/wafelkowy-kocyk-niemowlecy-kremowy\/","title":{"rendered":"Wafelkowy Kocyk Niemowl\u0119cy \u015amietankowy"},"content":{"rendered":"<h2>Wafelkowy bawe\u0142niany kocyk niemowl\u0119cy \u015bmietankowy<\/h2>\n<p>Wafelkowy kocyk niemowl\u0119cy, bawe\u0142niany &#8211; otulacz o strukturze wafla o bardzo g\u0119stym i delikatnym splocie to niezast\u0105piony element wyprawki niemowl\u0119cej. Doskonale sprawdzi si\u0119 jako ko\u0142derka, kocyk niemowl\u0119cy do w\u00f3zka lub otulacz dla noworodka.\u00a0 Doskonale sprawdzi si\u0119 od wieku niemowl\u0119cego do wczesnego wieku przedszkolnego. Kocyk wafelkowy dobrze ch\u0142onie wod\u0119 dzi\u0119ki czemu mo\u017ce s\u0142u\u017cy\u0107 r\u00f3wnie\u017c jako r\u0119cznik.<\/p>\n<p>Na naszej stronie znajdziesz r\u00f3wnie\u017c wafelkowy kocyk niemowl\u0119cy w innych kolorach takich jak: piaskowy, brudny r\u00f3\u017c, szary czy bia\u0142y.<\/p>\n<p>Wymiary: 75 x100 cm<\/p>\n<p>Sk\u0142ad 100% bawe\u0142na<\/p>\n<p>Piel\u0119gnacja: Zalecamy pranie kocyka w pralce, 30 stopni, wirowanie max. 600 obrot\u00f3w\/min.<\/p>\n","protected":false},"excerpt":{"rendered":"<p>Wafelkowy bawe\u0142niany kocyk niemowl\u0119cy \u015bmietankowy Wafelkowy kocyk niemowl\u0119cy, bawe\u0142niany &#8211; otulacz o strukturze wafla o bardzo g\u0119stym i delikatnym splocie to niezast\u0105piony element wyprawki niemowl\u0119cej. Doskonale sprawdzi si\u0119 jako ko\u0142derka, kocyk niemowl\u0119cy do w\u00f3zka lub otulacz dla noworodka.\u00a0 Doskonale sprawdzi si\u0119 od wieku niemowl\u0119cego do wczesnego wieku przedszkolnego. Kocyk wafelkowy dobrze ch\u0142onie wod\u0119 dzi\u0119ki czemu [&#8230;]\n","protected":false},"featured_media":2104,"comment_status":"open","ping_status":"closed","template":"","meta":[],"product_brand":[],"product_cat":[77,201],"product_tag":[],"class_list":{"0":"post-1180","1":"product","2":"type-product","3":"status-publish","4":"has-post-thumbnail","6":"product_cat-kocyki","7":"product_cat-kocyki-wafelkowe","9":"first","10":"instock","11":"shipping-taxable","12":"purchasable","13":"product-type-simple"},"yoast_head":"<!-- This site is optimized with the Yoast SEO plugin v26.9 - https:\/\/yoast.com\/product\/yoast-seo-wordpress\/ -->\n<title>Wafelkowy Kocyk Niemowl\u0119cy \u015amietankowy - petitelaure.com<\/title>\n<meta name=\"description\" content=\"Wafelkowy kocyk bawe\u0142niany od Petite Laure, otulacz dla niemowlaka o strukturze wafla o g\u0119stym splocie. Doskonale sprawdzi si\u0119 jako ko\u0142derka, kocyk do w\u00f3zka.\" \/>\n<meta name=\"robots\" content=\"index, follow, max-snippet:-1, max-image-preview:large, max-video-preview:-1\" \/>\n<link rel=\"canonical\" href=\"https:\/\/www.petitelaure.com\/pl\/produkt\/wafelkowy-kocyk-niemowlecy-kremowy\/\" \/>\n<meta property=\"og:locale\" content=\"pl_PL\" \/>\n<meta property=\"og:type\" content=\"article\" \/>\n<meta property=\"og:title\" content=\"Wafelkowy Kocyk Niemowl\u0119cy \u015amietankowy - petitelaure.com\" \/>\n<meta property=\"og:description\" content=\"Wafelkowy kocyk bawe\u0142niany od Petite Laure, otulacz dla niemowlaka o strukturze wafla o g\u0119stym splocie. Doskonale sprawdzi si\u0119 jako ko\u0142derka, kocyk do w\u00f3zka.\" \/>\n<meta property=\"og:url\" content=\"https:\/\/www.petitelaure.com\/pl\/produkt\/wafelkowy-kocyk-niemowlecy-kremowy\/\" \/>\n<meta property=\"og:site_name\" content=\"petitelaure.com\" \/>\n<meta property=\"article:modified_time\" content=\"2021-04-15T16:30:01+00:00\" \/>\n<meta property=\"og:image\" content=\"https:\/\/www.petitelaure.com\/wp-content\/uploads\/2021\/03\/IMG_4888-scaled.jpg\" \/>\n\t<meta property=\"og:image:width\" content=\"2560\" \/>\n\t<meta property=\"og:image:height\" content=\"1707\" \/>\n\t<meta property=\"og:image:type\" content=\"image\/jpeg\" \/>\n<meta name=\"twitter:card\" content=\"summary_large_image\" \/>\n<meta name=\"twitter:label1\" content=\"Szacowany czas czytania\" \/>\n\t<meta name=\"twitter:data1\" content=\"1 minuta\" \/>\n<script type=\"application\/ld+json\" class=\"yoast-schema-graph\">{\"@context\":\"https:\/\/schema.org\",\"@graph\":[{\"@type\":\"WebPage\",\"@id\":\"https:\/\/www.petitelaure.com\/pl\/produkt\/wafelkowy-kocyk-niemowlecy-kremowy\/\",\"url\":\"https:\/\/www.petitelaure.com\/pl\/produkt\/wafelkowy-kocyk-niemowlecy-kremowy\/\",\"name\":\"Wafelkowy Kocyk Niemowl\u0119cy \u015amietankowy - petitelaure.com\",\"isPartOf\":{\"@id\":\"https:\/\/www.petitelaure.com\/pl\/#website\"},\"primaryImageOfPage\":{\"@id\":\"https:\/\/www.petitelaure.com\/pl\/produkt\/wafelkowy-kocyk-niemowlecy-kremowy\/#primaryimage\"},\"image\":{\"@id\":\"https:\/\/www.petitelaure.com\/pl\/produkt\/wafelkowy-kocyk-niemowlecy-kremowy\/#primaryimage\"},\"thumbnailUrl\":\"https:\/\/www.petitelaure.com\/wp-content\/uploads\/2021\/03\/IMG_4888-scaled.jpg\",\"datePublished\":\"2020-08-04T18:46:18+00:00\",\"dateModified\":\"2021-04-15T16:30:01+00:00\",\"description\":\"Wafelkowy kocyk bawe\u0142niany od Petite Laure, otulacz dla niemowlaka o strukturze wafla o g\u0119stym splocie. Doskonale sprawdzi si\u0119 jako ko\u0142derka, kocyk do w\u00f3zka.\",\"breadcrumb\":{\"@id\":\"https:\/\/www.petitelaure.com\/pl\/produkt\/wafelkowy-kocyk-niemowlecy-kremowy\/#breadcrumb\"},\"inLanguage\":\"pl-PL\",\"potentialAction\":[{\"@type\":\"ReadAction\",\"target\":[\"https:\/\/www.petitelaure.com\/pl\/produkt\/wafelkowy-kocyk-niemowlecy-kremowy\/\"]}]},{\"@type\":\"ImageObject\",\"inLanguage\":\"pl-PL\",\"@id\":\"https:\/\/www.petitelaure.com\/pl\/produkt\/wafelkowy-kocyk-niemowlecy-kremowy\/#primaryimage\",\"url\":\"https:\/\/www.petitelaure.com\/wp-content\/uploads\/2021\/03\/IMG_4888-scaled.jpg\",\"contentUrl\":\"https:\/\/www.petitelaure.com\/wp-content\/uploads\/2021\/03\/IMG_4888-scaled.jpg\",\"width\":2560,\"height\":1707},{\"@type\":\"BreadcrumbList\",\"@id\":\"https:\/\/www.petitelaure.com\/pl\/produkt\/wafelkowy-kocyk-niemowlecy-kremowy\/#breadcrumb\",\"itemListElement\":[{\"@type\":\"ListItem\",\"position\":1,\"name\":\"Strona g\u0142\u00f3wna\",\"item\":\"https:\/\/www.petitelaure.com\/pl\/\"},{\"@type\":\"ListItem\",\"position\":2,\"name\":\"Sklep\",\"item\":\"https:\/\/www.petitelaure.com\/pl\/sklep\/\"},{\"@type\":\"ListItem\",\"position\":3,\"name\":\"Wafelkowy Kocyk Niemowl\u0119cy \u015amietankowy\"}]},{\"@type\":\"WebSite\",\"@id\":\"https:\/\/www.petitelaure.com\/pl\/#website\",\"url\":\"https:\/\/www.petitelaure.com\/pl\/\",\"name\":\"petitelaure.com\",\"description\":\"\",\"potentialAction\":[{\"@type\":\"SearchAction\",\"target\":{\"@type\":\"EntryPoint\",\"urlTemplate\":\"https:\/\/www.petitelaure.com\/pl\/?s={search_term_string}\"},\"query-input\":{\"@type\":\"PropertyValueSpecification\",\"valueRequired\":true,\"valueName\":\"search_term_string\"}}],\"inLanguage\":\"pl-PL\"}]}<\/script>\n<!-- \/ Yoast SEO plugin. -->","yoast_head_json":{"title":"Wafelkowy Kocyk Niemowl\u0119cy \u015amietankowy - petitelaure.com","description":"Wafelkowy kocyk bawe\u0142niany od Petite Laure, otulacz dla niemowlaka o strukturze wafla o g\u0119stym splocie. Doskonale sprawdzi si\u0119 jako ko\u0142derka, kocyk do w\u00f3zka.","robots":{"index":"index","follow":"follow","max-snippet":"max-snippet:-1","max-image-preview":"max-image-preview:large","max-video-preview":"max-video-preview:-1"},"canonical":"https:\/\/www.petitelaure.com\/pl\/produkt\/wafelkowy-kocyk-niemowlecy-kremowy\/","og_locale":"pl_PL","og_type":"article","og_title":"Wafelkowy Kocyk Niemowl\u0119cy \u015amietankowy - petitelaure.com","og_description":"Wafelkowy kocyk bawe\u0142niany od Petite Laure, otulacz dla niemowlaka o strukturze wafla o g\u0119stym splocie. Doskonale sprawdzi si\u0119 jako ko\u0142derka, kocyk do w\u00f3zka.","og_url":"https:\/\/www.petitelaure.com\/pl\/produkt\/wafelkowy-kocyk-niemowlecy-kremowy\/","og_site_name":"petitelaure.com","article_modified_time":"2021-04-15T16:30:01+00:00","og_image":[{"width":2560,"height":1707,"url":"https:\/\/www.petitelaure.com\/wp-content\/uploads\/2021\/03\/IMG_4888-scaled.jpg","type":"image\/jpeg"}],"twitter_card":"summary_large_image","twitter_misc":{"Szacowany czas czytania":"1 minuta"},"schema":{"@context":"https:\/\/schema.org","@graph":[{"@type":"WebPage","@id":"https:\/\/www.petitelaure.com\/pl\/produkt\/wafelkowy-kocyk-niemowlecy-kremowy\/","url":"https:\/\/www.petitelaure.com\/pl\/produkt\/wafelkowy-kocyk-niemowlecy-kremowy\/","name":"Wafelkowy Kocyk Niemowl\u0119cy \u015amietankowy - petitelaure.com","isPartOf":{"@id":"https:\/\/www.petitelaure.com\/pl\/#website"},"primaryImageOfPage":{"@id":"https:\/\/www.petitelaure.com\/pl\/produkt\/wafelkowy-kocyk-niemowlecy-kremowy\/#primaryimage"},"image":{"@id":"https:\/\/www.petitelaure.com\/pl\/produkt\/wafelkowy-kocyk-niemowlecy-kremowy\/#primaryimage"},"thumbnailUrl":"https:\/\/www.petitelaure.com\/wp-content\/uploads\/2021\/03\/IMG_4888-scaled.jpg","datePublished":"2020-08-04T18:46:18+00:00","dateModified":"2021-04-15T16:30:01+00:00","description":"Wafelkowy kocyk bawe\u0142niany od Petite Laure, otulacz dla niemowlaka o strukturze wafla o g\u0119stym splocie. Doskonale sprawdzi si\u0119 jako ko\u0142derka, kocyk do w\u00f3zka.","breadcrumb":{"@id":"https:\/\/www.petitelaure.com\/pl\/produkt\/wafelkowy-kocyk-niemowlecy-kremowy\/#breadcrumb"},"inLanguage":"pl-PL","potentialAction":[{"@type":"ReadAction","target":["https:\/\/www.petitelaure.com\/pl\/produkt\/wafelkowy-kocyk-niemowlecy-kremowy\/"]}]},{"@type":"ImageObject","inLanguage":"pl-PL","@id":"https:\/\/www.petitelaure.com\/pl\/produkt\/wafelkowy-kocyk-niemowlecy-kremowy\/#primaryimage","url":"https:\/\/www.petitelaure.com\/wp-content\/uploads\/2021\/03\/IMG_4888-scaled.jpg","contentUrl":"https:\/\/www.petitelaure.com\/wp-content\/uploads\/2021\/03\/IMG_4888-scaled.jpg","width":2560,"height":1707},{"@type":"BreadcrumbList","@id":"https:\/\/www.petitelaure.com\/pl\/produkt\/wafelkowy-kocyk-niemowlecy-kremowy\/#breadcrumb","itemListElement":[{"@type":"ListItem","position":1,"name":"Strona g\u0142\u00f3wna","item":"https:\/\/www.petitelaure.com\/pl\/"},{"@type":"ListItem","position":2,"name":"Sklep","item":"https:\/\/www.petitelaure.com\/pl\/sklep\/"},{"@type":"ListItem","position":3,"name":"Wafelkowy Kocyk Niemowl\u0119cy \u015amietankowy"}]},{"@type":"WebSite","@id":"https:\/\/www.petitelaure.com\/pl\/#website","url":"https:\/\/www.petitelaure.com\/pl\/","name":"petitelaure.com","description":"","potentialAction":[{"@type":"SearchAction","target":{"@type":"EntryPoint","urlTemplate":"https:\/\/www.petitelaure.com\/pl\/?s={search_term_string}"},"query-input":{"@type":"PropertyValueSpecification","valueRequired":true,"valueName":"search_term_string"}}],"inLanguage":"pl-PL"}]}},"_links":{"self":[{"href":"https:\/\/www.petitelaure.com\/pl\/wp-json\/wp\/v2\/product\/1180","targetHints":{"allow":["GET"]}}],"collection":[{"href":"https:\/\/www.petitelaure.com\/pl\/wp-json\/wp\/v2\/product"}],"about":[{"href":"https:\/\/www.petitelaure.com\/pl\/wp-json\/wp\/v2\/types\/product"}],"replies":[{"embeddable":true,"href":"https:\/\/www.petitelaure.com\/pl\/wp-json\/wp\/v2\/comments?post=1180"}],"wp:featuredmedia":[{"embeddable":true,"href":"https:\/\/www.petitelaure.com\/pl\/wp-json\/wp\/v2\/media\/2104"}],"wp:attachment":[{"href":"https:\/\/www.petitelaure.com\/pl\/wp-json\/wp\/v2\/media?parent=1180"}],"wp:term":[{"taxonomy":"product_brand","embeddable":true,"href":"https:\/\/www.petitelaure.com\/pl\/wp-json\/wp\/v2\/product_brand?post=1180"},{"taxonomy":"product_cat","embeddable":true,"href":"https:\/\/www.petitelaure.com\/pl\/wp-json\/wp\/v2\/product_cat?post=1180"},{"taxonomy":"product_tag","embeddable":true,"href":"https:\/\/www.petitelaure.com\/pl\/wp-json\/wp\/v2\/product_tag?post=1180"}],"curies":[{"name":"wp","href":"https:\/\/api.w.org\/{rel}","templated":true}]}}