{"id":1172,"date":"2020-08-04T20:31:02","date_gmt":"2020-08-04T18:31:03","guid":{"rendered":"https:\/\/www.petitelaure.com\/?post_type=product&#038;p=1172"},"modified":"2024-03-07T20:09:27","modified_gmt":"2024-03-07T19:09:27","slug":"otulacz-wafel-kopia-2","status":"publish","type":"product","link":"https:\/\/www.petitelaure.com\/pl\/produkt\/otulacz-wafel-kopia-2\/","title":{"rendered":"Wafelkowy Kocyk  Niemowl\u0119cy Piaskowy"},"content":{"rendered":"<h2>Bawe\u0142niany Wafelkowy Kocyk Niemowl\u0119cy Piaskowy<\/h2>\n<p>Kocyk niemowl\u0119cy bawe\u0142niany &#8211; otulacz o strukturze wafla o bardzo g\u0119stym i delikatnym splocie to niezast\u0105piony element wyprawki niemowl\u0119cej. Doskonale sprawdzi si\u0119 jako ko\u0142derka, kocyk do w\u00f3zka lub otulacz.\u00a0 Doskonale sprawdzi si\u0119 od wieku niemowl\u0119cego do wczesnego wieku przedszkolnego. Dobrze ch\u0142onie wod\u0119 dzi\u0119ki czemu mo\u017ce s\u0142u\u017cy\u0107 r\u00f3wnie\u017c jako r\u0119cznik dla niemowl\u0105t.<\/p>\n<p>Na naszej stronie znajdziesz inne dost\u0119pne kolory kafelkowych, bawe\u0142nianych kocyk\u00f3w niemowl\u0119cych: brudny r\u00f3\u017c, bia\u0142y, kremowy, szary.<\/p>\n<p>Wymiary: 75 x100 cm<\/p>\n<p>Sk\u0142ad 100% bawe\u0142na<\/p>\n<p>Piel\u0119gnacja: Zalecamy pranie kocyka w pralce, 30 stopni, wirowanie max. 600 obrot\u00f3w\/min.<\/p>\n","protected":false},"excerpt":{"rendered":"<p>Wafelkowy kocyk bawe\u0142niany w kolorze piaskowym. Otulacz niemowl\u0119cy o strukturze wafla o bardzo g\u0119stym i delikatnym splocie to niezast\u0105piony element wyprawki niemowl\u0119cej. Doskonale sprawdzi si\u0119 jako ko\u0142derka, kocyk do w\u00f3zka lub otulacz do fotelika samochodowego.\u00a0 Wafelkowy kocyk dobrze ch\u0142onie wod\u0119 dzi\u0119ki czemu mo\u017ce s\u0142u\u017cy\u0107 r\u00f3wnie\u017c jako r\u0119cznik dla noworodka.<\/p>\n","protected":false},"featured_media":1238,"comment_status":"open","ping_status":"closed","template":"","meta":[],"product_brand":[],"product_cat":[77,201],"product_tag":[],"class_list":{"0":"post-1172","1":"product","2":"type-product","3":"status-publish","4":"has-post-thumbnail","6":"product_cat-kocyki","7":"product_cat-kocyki-wafelkowe","9":"first","10":"instock","11":"shipping-taxable","12":"purchasable","13":"product-type-simple"},"yoast_head":"<!-- This site is optimized with the Yoast SEO plugin v26.9 - https:\/\/yoast.com\/product\/yoast-seo-wordpress\/ -->\n<title>Wafelkowy Kocyk Niemowl\u0119cy Piaskowy - petitelaure.com<\/title>\n<meta name=\"description\" content=\"Wafelkowy kocyk niemowl\u0119cy bawe\u0142niany - otulacz dla niemowl\u0105t o strukturze wafla o bardzo g\u0119stym splocie, idealny jako prezent dla noworodka.\" \/>\n<meta name=\"robots\" content=\"index, follow, max-snippet:-1, max-image-preview:large, max-video-preview:-1\" \/>\n<link rel=\"canonical\" href=\"https:\/\/www.petitelaure.com\/pl\/produkt\/otulacz-wafel-kopia-2\/\" \/>\n<meta property=\"og:locale\" content=\"pl_PL\" \/>\n<meta property=\"og:type\" content=\"article\" \/>\n<meta property=\"og:title\" content=\"Wafelkowy Kocyk Niemowl\u0119cy Piaskowy - petitelaure.com\" \/>\n<meta property=\"og:description\" content=\"Wafelkowy kocyk niemowl\u0119cy bawe\u0142niany - otulacz dla niemowl\u0105t o strukturze wafla o bardzo g\u0119stym splocie, idealny jako prezent dla noworodka.\" \/>\n<meta property=\"og:url\" content=\"https:\/\/www.petitelaure.com\/pl\/produkt\/otulacz-wafel-kopia-2\/\" \/>\n<meta property=\"og:site_name\" content=\"petitelaure.com\" \/>\n<meta property=\"article:modified_time\" content=\"2024-03-07T19:09:27+00:00\" \/>\n<meta property=\"og:image\" content=\"https:\/\/www.petitelaure.com\/wp-content\/uploads\/2020\/08\/IMG_4921-533x800.jpg\" \/>\n\t<meta property=\"og:image:width\" content=\"533\" \/>\n\t<meta property=\"og:image:height\" content=\"800\" \/>\n\t<meta property=\"og:image:type\" content=\"image\/jpeg\" \/>\n<meta name=\"twitter:card\" content=\"summary_large_image\" \/>\n<meta name=\"twitter:label1\" content=\"Szacowany czas czytania\" \/>\n\t<meta name=\"twitter:data1\" content=\"1 minuta\" \/>\n<script type=\"application\/ld+json\" class=\"yoast-schema-graph\">{\"@context\":\"https:\/\/schema.org\",\"@graph\":[{\"@type\":\"WebPage\",\"@id\":\"https:\/\/www.petitelaure.com\/pl\/produkt\/otulacz-wafel-kopia-2\/\",\"url\":\"https:\/\/www.petitelaure.com\/pl\/produkt\/otulacz-wafel-kopia-2\/\",\"name\":\"Wafelkowy Kocyk Niemowl\u0119cy Piaskowy - petitelaure.com\",\"isPartOf\":{\"@id\":\"https:\/\/www.petitelaure.com\/pl\/#website\"},\"primaryImageOfPage\":{\"@id\":\"https:\/\/www.petitelaure.com\/pl\/produkt\/otulacz-wafel-kopia-2\/#primaryimage\"},\"image\":{\"@id\":\"https:\/\/www.petitelaure.com\/pl\/produkt\/otulacz-wafel-kopia-2\/#primaryimage\"},\"thumbnailUrl\":\"https:\/\/www.petitelaure.com\/wp-content\/uploads\/2020\/08\/IMG_4921.jpg\",\"datePublished\":\"2020-08-04T18:31:03+00:00\",\"dateModified\":\"2024-03-07T19:09:27+00:00\",\"description\":\"Wafelkowy kocyk niemowl\u0119cy bawe\u0142niany - otulacz dla niemowl\u0105t o strukturze wafla o bardzo g\u0119stym splocie, idealny jako prezent dla noworodka.\",\"breadcrumb\":{\"@id\":\"https:\/\/www.petitelaure.com\/pl\/produkt\/otulacz-wafel-kopia-2\/#breadcrumb\"},\"inLanguage\":\"pl-PL\",\"potentialAction\":[{\"@type\":\"ReadAction\",\"target\":[\"https:\/\/www.petitelaure.com\/pl\/produkt\/otulacz-wafel-kopia-2\/\"]}]},{\"@type\":\"ImageObject\",\"inLanguage\":\"pl-PL\",\"@id\":\"https:\/\/www.petitelaure.com\/pl\/produkt\/otulacz-wafel-kopia-2\/#primaryimage\",\"url\":\"https:\/\/www.petitelaure.com\/wp-content\/uploads\/2020\/08\/IMG_4921.jpg\",\"contentUrl\":\"https:\/\/www.petitelaure.com\/wp-content\/uploads\/2020\/08\/IMG_4921.jpg\",\"width\":1706,\"height\":2560,\"caption\":\"Kocyk niemowl\u0119cy wafelkowy, otulacz dla niemowl\u0105t\"},{\"@type\":\"BreadcrumbList\",\"@id\":\"https:\/\/www.petitelaure.com\/pl\/produkt\/otulacz-wafel-kopia-2\/#breadcrumb\",\"itemListElement\":[{\"@type\":\"ListItem\",\"position\":1,\"name\":\"Strona g\u0142\u00f3wna\",\"item\":\"https:\/\/www.petitelaure.com\/pl\/\"},{\"@type\":\"ListItem\",\"position\":2,\"name\":\"Sklep\",\"item\":\"https:\/\/www.petitelaure.com\/pl\/sklep\/\"},{\"@type\":\"ListItem\",\"position\":3,\"name\":\"Wafelkowy Kocyk Niemowl\u0119cy Piaskowy\"}]},{\"@type\":\"WebSite\",\"@id\":\"https:\/\/www.petitelaure.com\/pl\/#website\",\"url\":\"https:\/\/www.petitelaure.com\/pl\/\",\"name\":\"petitelaure.com\",\"description\":\"\",\"potentialAction\":[{\"@type\":\"SearchAction\",\"target\":{\"@type\":\"EntryPoint\",\"urlTemplate\":\"https:\/\/www.petitelaure.com\/pl\/?s={search_term_string}\"},\"query-input\":{\"@type\":\"PropertyValueSpecification\",\"valueRequired\":true,\"valueName\":\"search_term_string\"}}],\"inLanguage\":\"pl-PL\"}]}<\/script>\n<!-- \/ Yoast SEO plugin. -->","yoast_head_json":{"title":"Wafelkowy Kocyk Niemowl\u0119cy Piaskowy - petitelaure.com","description":"Wafelkowy kocyk niemowl\u0119cy bawe\u0142niany - otulacz dla niemowl\u0105t o strukturze wafla o bardzo g\u0119stym splocie, idealny jako prezent dla noworodka.","robots":{"index":"index","follow":"follow","max-snippet":"max-snippet:-1","max-image-preview":"max-image-preview:large","max-video-preview":"max-video-preview:-1"},"canonical":"https:\/\/www.petitelaure.com\/pl\/produkt\/otulacz-wafel-kopia-2\/","og_locale":"pl_PL","og_type":"article","og_title":"Wafelkowy Kocyk Niemowl\u0119cy Piaskowy - petitelaure.com","og_description":"Wafelkowy kocyk niemowl\u0119cy bawe\u0142niany - otulacz dla niemowl\u0105t o strukturze wafla o bardzo g\u0119stym splocie, idealny jako prezent dla noworodka.","og_url":"https:\/\/www.petitelaure.com\/pl\/produkt\/otulacz-wafel-kopia-2\/","og_site_name":"petitelaure.com","article_modified_time":"2024-03-07T19:09:27+00:00","og_image":[{"width":533,"height":800,"url":"https:\/\/www.petitelaure.com\/wp-content\/uploads\/2020\/08\/IMG_4921-533x800.jpg","type":"image\/jpeg"}],"twitter_card":"summary_large_image","twitter_misc":{"Szacowany czas czytania":"1 minuta"},"schema":{"@context":"https:\/\/schema.org","@graph":[{"@type":"WebPage","@id":"https:\/\/www.petitelaure.com\/pl\/produkt\/otulacz-wafel-kopia-2\/","url":"https:\/\/www.petitelaure.com\/pl\/produkt\/otulacz-wafel-kopia-2\/","name":"Wafelkowy Kocyk Niemowl\u0119cy Piaskowy - petitelaure.com","isPartOf":{"@id":"https:\/\/www.petitelaure.com\/pl\/#website"},"primaryImageOfPage":{"@id":"https:\/\/www.petitelaure.com\/pl\/produkt\/otulacz-wafel-kopia-2\/#primaryimage"},"image":{"@id":"https:\/\/www.petitelaure.com\/pl\/produkt\/otulacz-wafel-kopia-2\/#primaryimage"},"thumbnailUrl":"https:\/\/www.petitelaure.com\/wp-content\/uploads\/2020\/08\/IMG_4921.jpg","datePublished":"2020-08-04T18:31:03+00:00","dateModified":"2024-03-07T19:09:27+00:00","description":"Wafelkowy kocyk niemowl\u0119cy bawe\u0142niany - otulacz dla niemowl\u0105t o strukturze wafla o bardzo g\u0119stym splocie, idealny jako prezent dla noworodka.","breadcrumb":{"@id":"https:\/\/www.petitelaure.com\/pl\/produkt\/otulacz-wafel-kopia-2\/#breadcrumb"},"inLanguage":"pl-PL","potentialAction":[{"@type":"ReadAction","target":["https:\/\/www.petitelaure.com\/pl\/produkt\/otulacz-wafel-kopia-2\/"]}]},{"@type":"ImageObject","inLanguage":"pl-PL","@id":"https:\/\/www.petitelaure.com\/pl\/produkt\/otulacz-wafel-kopia-2\/#primaryimage","url":"https:\/\/www.petitelaure.com\/wp-content\/uploads\/2020\/08\/IMG_4921.jpg","contentUrl":"https:\/\/www.petitelaure.com\/wp-content\/uploads\/2020\/08\/IMG_4921.jpg","width":1706,"height":2560,"caption":"Kocyk niemowl\u0119cy wafelkowy, otulacz dla niemowl\u0105t"},{"@type":"BreadcrumbList","@id":"https:\/\/www.petitelaure.com\/pl\/produkt\/otulacz-wafel-kopia-2\/#breadcrumb","itemListElement":[{"@type":"ListItem","position":1,"name":"Strona g\u0142\u00f3wna","item":"https:\/\/www.petitelaure.com\/pl\/"},{"@type":"ListItem","position":2,"name":"Sklep","item":"https:\/\/www.petitelaure.com\/pl\/sklep\/"},{"@type":"ListItem","position":3,"name":"Wafelkowy Kocyk Niemowl\u0119cy Piaskowy"}]},{"@type":"WebSite","@id":"https:\/\/www.petitelaure.com\/pl\/#website","url":"https:\/\/www.petitelaure.com\/pl\/","name":"petitelaure.com","description":"","potentialAction":[{"@type":"SearchAction","target":{"@type":"EntryPoint","urlTemplate":"https:\/\/www.petitelaure.com\/pl\/?s={search_term_string}"},"query-input":{"@type":"PropertyValueSpecification","valueRequired":true,"valueName":"search_term_string"}}],"inLanguage":"pl-PL"}]}},"_links":{"self":[{"href":"https:\/\/www.petitelaure.com\/pl\/wp-json\/wp\/v2\/product\/1172","targetHints":{"allow":["GET"]}}],"collection":[{"href":"https:\/\/www.petitelaure.com\/pl\/wp-json\/wp\/v2\/product"}],"about":[{"href":"https:\/\/www.petitelaure.com\/pl\/wp-json\/wp\/v2\/types\/product"}],"replies":[{"embeddable":true,"href":"https:\/\/www.petitelaure.com\/pl\/wp-json\/wp\/v2\/comments?post=1172"}],"wp:featuredmedia":[{"embeddable":true,"href":"https:\/\/www.petitelaure.com\/pl\/wp-json\/wp\/v2\/media\/1238"}],"wp:attachment":[{"href":"https:\/\/www.petitelaure.com\/pl\/wp-json\/wp\/v2\/media?parent=1172"}],"wp:term":[{"taxonomy":"product_brand","embeddable":true,"href":"https:\/\/www.petitelaure.com\/pl\/wp-json\/wp\/v2\/product_brand?post=1172"},{"taxonomy":"product_cat","embeddable":true,"href":"https:\/\/www.petitelaure.com\/pl\/wp-json\/wp\/v2\/product_cat?post=1172"},{"taxonomy":"product_tag","embeddable":true,"href":"https:\/\/www.petitelaure.com\/pl\/wp-json\/wp\/v2\/product_tag?post=1172"}],"curies":[{"name":"wp","href":"https:\/\/api.w.org\/{rel}","templated":true}]}}