{"id":1156,"date":"2020-05-18T19:46:51","date_gmt":"2020-07-30T14:46:45","guid":{"rendered":"https:\/\/www.petitelaure.com\/?post_type=product&#038;p=1156"},"modified":"2023-10-10T14:17:44","modified_gmt":"2023-10-10T12:17:44","slug":"kocyk-bambusowy-zaglowki","status":"publish","type":"product","link":"https:\/\/www.petitelaure.com\/pl\/produkt\/kocyk-bambusowy-zaglowki\/","title":{"rendered":"Otulacz Bambusowy Niemowl\u0119cy \u017bagl\u00f3wki"},"content":{"rendered":"<h2>Kocyk Bambusowy Niemowl\u0119cy w \u017bagl\u00f3wki<\/h2>\n<p>Kocyk bambusowy niemowl\u0119cy idealny na lato i nie tylko&#8230;<\/p>\n<p>Dzi\u0119ki wyj\u0105tkowym w\u0142a\u015bciwo\u015bciom bambusa \u201eKocyk Mgie\u0142ka\u201d od PETITE LAURE ma szerokie spektrum zastosowa\u0144. To idealny owijak dla najm\u0142odszych, noworodek w &#8222;kokonie&#8221; czuje si\u0119 bezpiecznie, uspokaja si\u0119 i lepiej \u015bpi. Doskonale sprawdzi si\u0119 jako kocyk podczas upalnych dni, os\u0142ona na w\u00f3zek przed s\u0142o\u0144cem &#8211; dzi\u0119ki w\u0142a\u015bciwo\u015bciom termoregulacyjnym tkanina bambusowa podczas upa\u0142\u00f3w utrzymuje temperatur\u0119 ni\u017csz\u0105 o 2 stopnie od otoczenia. Wykonany w 100% z Bambusa CV, nieziemsko mi\u0142y otuli cia\u0142o, zapobiega przegrzewaniu si\u0119 i poceniu si\u0119 dziecka, zalecany przy AZS (atopowe zapalenie sk\u00f3ry). Podczas ch\u0142odniejszych dni kocyk mo\u017ce s\u0142u\u017cy\u0107 jako prze\u015bcierade\u0142ko &#8211; sk\u00f3ra dziecka doceni zdrowotne w\u0142a\u015bciwo\u015bci tkaniny bambusowej, daj\u0105c mu spokojny, mocny sen. Ponadto nie spos\u00f3b pomin\u0105\u0107 najwa\u017cniejszych w\u0142a\u015bciwo\u015bci bambusa:<\/p>\n<p><img decoding=\"async\" class=\"CToWUd\" src=\"https:\/\/ci3.googleusercontent.com\/proxy\/_96m7zj6kfQthyqoE9jlqcRysLtmjocXz5q8uxI9vicMWsjzWeh3uKqRI2ViQ7ywouFUbCCiT0yUQQE2ZqNBuFOLGmO6qQhRcBuN61LnNCfpC70TieRy9tYE0Q5bGvbP_eEFFmvJ_zZV=s0-d-e1-ft#https:\/\/s3-eu-west-1.amazonaws.com\/fs.siteor.com\/lamillou\/files\/unnamed.png?1454930496\" alt=\"\" \/>\u00a03 x A: antybakteryjny, antygrzybiczny, antyalergiczny<br \/>\n<img decoding=\"async\" class=\"CToWUd\" src=\"https:\/\/ci3.googleusercontent.com\/proxy\/_96m7zj6kfQthyqoE9jlqcRysLtmjocXz5q8uxI9vicMWsjzWeh3uKqRI2ViQ7ywouFUbCCiT0yUQQE2ZqNBuFOLGmO6qQhRcBuN61LnNCfpC70TieRy9tYE0Q5bGvbP_eEFFmvJ_zZV=s0-d-e1-ft#https:\/\/s3-eu-west-1.amazonaws.com\/fs.siteor.com\/lamillou\/files\/unnamed.png?1454930496\" alt=\"\" \/>\u00a0wolny od pestycyd\u00f3w i zanieczyszcze\u0144<br \/>\n<img decoding=\"async\" class=\"CToWUd\" src=\"https:\/\/ci3.googleusercontent.com\/proxy\/_96m7zj6kfQthyqoE9jlqcRysLtmjocXz5q8uxI9vicMWsjzWeh3uKqRI2ViQ7ywouFUbCCiT0yUQQE2ZqNBuFOLGmO6qQhRcBuN61LnNCfpC70TieRy9tYE0Q5bGvbP_eEFFmvJ_zZV=s0-d-e1-ft#https:\/\/s3-eu-west-1.amazonaws.com\/fs.siteor.com\/lamillou\/files\/unnamed.png?1454930496\" alt=\"\" \/>\u00a0absorpcja wody o 60% wy\u017csza ni\u017c w bawe\u0142nie<br \/>\n<img decoding=\"async\" class=\"CToWUd\" src=\"https:\/\/ci3.googleusercontent.com\/proxy\/_96m7zj6kfQthyqoE9jlqcRysLtmjocXz5q8uxI9vicMWsjzWeh3uKqRI2ViQ7ywouFUbCCiT0yUQQE2ZqNBuFOLGmO6qQhRcBuN61LnNCfpC70TieRy9tYE0Q5bGvbP_eEFFmvJ_zZV=s0-d-e1-ft#https:\/\/s3-eu-west-1.amazonaws.com\/fs.siteor.com\/lamillou\/files\/unnamed.png?1454930496\" alt=\"\" \/>\u00a0samosterylizacja (tkanina w 30% sama sterylizuje si\u0119, co daje poczucie \u015bwie\u017co\u015bci)<br \/>\n<img decoding=\"async\" class=\"CToWUd\" src=\"https:\/\/ci3.googleusercontent.com\/proxy\/_96m7zj6kfQthyqoE9jlqcRysLtmjocXz5q8uxI9vicMWsjzWeh3uKqRI2ViQ7ywouFUbCCiT0yUQQE2ZqNBuFOLGmO6qQhRcBuN61LnNCfpC70TieRy9tYE0Q5bGvbP_eEFFmvJ_zZV=s0-d-e1-ft#https:\/\/s3-eu-west-1.amazonaws.com\/fs.siteor.com\/lamillou\/files\/unnamed.png?1454930496\" alt=\"\" \/>\u00a0neutralizacja nieprzyjemnych zapach\u00f3w (poch\u0142ania nieprzyjemne zapachy i oddaje dopiero przy praniu w wodzie)<br \/>\n<img decoding=\"async\" class=\"CToWUd\" src=\"https:\/\/ci3.googleusercontent.com\/proxy\/_96m7zj6kfQthyqoE9jlqcRysLtmjocXz5q8uxI9vicMWsjzWeh3uKqRI2ViQ7ywouFUbCCiT0yUQQE2ZqNBuFOLGmO6qQhRcBuN61LnNCfpC70TieRy9tYE0Q5bGvbP_eEFFmvJ_zZV=s0-d-e1-ft#https:\/\/s3-eu-west-1.amazonaws.com\/fs.siteor.com\/lamillou\/files\/unnamed.png?1454930496\" alt=\"\" \/>\u00a0pe\u0142na biodegradowalno\u015b\u0107<\/p>\n<p>Zaleca si\u0119 pranie kocyka przed pierwszym u\u017cyciem. Z ka\u017cdym praniem kocyk\/ otulacz staje si\u0119 jeszcze bardziej delikatny.<\/p>\n<p>\u015arodki barwi\u0105ce s\u0105 przyjazne dla cz\u0142owieka i \u015brodowiska, czego dowodem jest certyfikat OEKO-TEX Standard 100.<\/p>\n<p>Sk\u0142ad: 100% CV bambus<\/p>\n<p>Wymiary: 100 x 120 cm<\/p>\n<p><a href=\"https:\/\/www.petitelaure.com\/pl\/kategoria-produktu\/otulacze\/\">Zobacz wszystkie otulacze dla niemowl\u0105t Petite Laure<\/a><\/p>\n","protected":false},"excerpt":{"rendered":"<p>Niebia\u0144sko mi\u0119kki bambusowy otulacz\/ kocyk niemowl\u0119cy od PETITE LAURE to \u201emust have\u201d na li\u015bcie ka\u017cdej wyprawki. Produkt niezast\u0105piony w ka\u017cdej codziennej sytuacji: jako otulacz, podczas karmienia, odbijania, le\u017cakowania. To idealny podk\u0142ad do przewijania, przytulanka do snu, czy podczas z\u0105bkowania, a tak\u017ce jako podr\u0119czny r\u0119cznik dla noworodka.<\/p>\n","protected":false},"featured_media":1240,"comment_status":"open","ping_status":"closed","template":"","meta":[],"product_brand":[],"product_cat":[80],"product_tag":[],"class_list":{"0":"post-1156","1":"product","2":"type-product","3":"status-publish","4":"has-post-thumbnail","6":"product_cat-otulacze","8":"first","9":"instock","10":"shipping-taxable","11":"purchasable","12":"product-type-simple"},"yoast_head":"<!-- This site is optimized with the Yoast SEO plugin v26.9 - https:\/\/yoast.com\/product\/yoast-seo-wordpress\/ -->\n<title>Otulacz Bambusowy Niemowl\u0119cy \u017bagl\u00f3wki - petitelaure.com<\/title>\n<meta name=\"description\" content=\"Niemowl\u0119cy bambusowy \u201eKocyk Mgie\u0142ka\u201d od PETITE LAURE to idealny owijak dla najm\u0142odszych. Kocyk dla noworodka, os\u0142ona na w\u00f3zek, pieluszka\" \/>\n<meta name=\"robots\" content=\"index, follow, max-snippet:-1, max-image-preview:large, max-video-preview:-1\" \/>\n<link rel=\"canonical\" href=\"https:\/\/www.petitelaure.com\/pl\/produkt\/kocyk-bambusowy-zaglowki\/\" \/>\n<meta property=\"og:locale\" content=\"pl_PL\" \/>\n<meta property=\"og:type\" content=\"article\" \/>\n<meta property=\"og:title\" content=\"Otulacz Bambusowy Niemowl\u0119cy \u017bagl\u00f3wki - petitelaure.com\" \/>\n<meta property=\"og:description\" content=\"Niemowl\u0119cy bambusowy \u201eKocyk Mgie\u0142ka\u201d od PETITE LAURE to idealny owijak dla najm\u0142odszych. Kocyk dla noworodka, os\u0142ona na w\u00f3zek, pieluszka\" \/>\n<meta property=\"og:url\" content=\"https:\/\/www.petitelaure.com\/pl\/produkt\/kocyk-bambusowy-zaglowki\/\" \/>\n<meta property=\"og:site_name\" content=\"petitelaure.com\" \/>\n<meta property=\"article:modified_time\" content=\"2023-10-10T12:17:44+00:00\" \/>\n<meta property=\"og:image\" content=\"https:\/\/www.petitelaure.com\/wp-content\/uploads\/2020\/05\/IMG_3064.jpg\" \/>\n\t<meta property=\"og:image:width\" content=\"466\" \/>\n\t<meta property=\"og:image:height\" content=\"640\" \/>\n\t<meta property=\"og:image:type\" content=\"image\/jpeg\" \/>\n<meta name=\"twitter:card\" content=\"summary_large_image\" \/>\n<meta name=\"twitter:label1\" content=\"Szacowany czas czytania\" \/>\n\t<meta name=\"twitter:data1\" content=\"3 minuty\" \/>\n<script type=\"application\/ld+json\" class=\"yoast-schema-graph\">{\"@context\":\"https:\/\/schema.org\",\"@graph\":[{\"@type\":\"WebPage\",\"@id\":\"https:\/\/www.petitelaure.com\/pl\/produkt\/kocyk-bambusowy-zaglowki\/\",\"url\":\"https:\/\/www.petitelaure.com\/pl\/produkt\/kocyk-bambusowy-zaglowki\/\",\"name\":\"Otulacz Bambusowy Niemowl\u0119cy \u017bagl\u00f3wki - petitelaure.com\",\"isPartOf\":{\"@id\":\"https:\/\/www.petitelaure.com\/pl\/#website\"},\"primaryImageOfPage\":{\"@id\":\"https:\/\/www.petitelaure.com\/pl\/produkt\/kocyk-bambusowy-zaglowki\/#primaryimage\"},\"image\":{\"@id\":\"https:\/\/www.petitelaure.com\/pl\/produkt\/kocyk-bambusowy-zaglowki\/#primaryimage\"},\"thumbnailUrl\":\"https:\/\/www.petitelaure.com\/wp-content\/uploads\/2020\/05\/IMG_3064.jpg\",\"datePublished\":\"2020-07-30T14:46:45+00:00\",\"dateModified\":\"2023-10-10T12:17:44+00:00\",\"description\":\"Niemowl\u0119cy bambusowy \u201eKocyk Mgie\u0142ka\u201d od PETITE LAURE to idealny owijak dla najm\u0142odszych. Kocyk dla noworodka, os\u0142ona na w\u00f3zek, pieluszka\",\"breadcrumb\":{\"@id\":\"https:\/\/www.petitelaure.com\/pl\/produkt\/kocyk-bambusowy-zaglowki\/#breadcrumb\"},\"inLanguage\":\"pl-PL\",\"potentialAction\":[{\"@type\":\"ReadAction\",\"target\":[\"https:\/\/www.petitelaure.com\/pl\/produkt\/kocyk-bambusowy-zaglowki\/\"]}]},{\"@type\":\"ImageObject\",\"inLanguage\":\"pl-PL\",\"@id\":\"https:\/\/www.petitelaure.com\/pl\/produkt\/kocyk-bambusowy-zaglowki\/#primaryimage\",\"url\":\"https:\/\/www.petitelaure.com\/wp-content\/uploads\/2020\/05\/IMG_3064.jpg\",\"contentUrl\":\"https:\/\/www.petitelaure.com\/wp-content\/uploads\/2020\/05\/IMG_3064.jpg\",\"width\":466,\"height\":640,\"caption\":\"Kocyk Bambusowy Niemowl\u0119cy \u017bagl\u00f3wki PETIT LAURE otulacz niemowl\u0119cy\"},{\"@type\":\"BreadcrumbList\",\"@id\":\"https:\/\/www.petitelaure.com\/pl\/produkt\/kocyk-bambusowy-zaglowki\/#breadcrumb\",\"itemListElement\":[{\"@type\":\"ListItem\",\"position\":1,\"name\":\"Strona g\u0142\u00f3wna\",\"item\":\"https:\/\/www.petitelaure.com\/pl\/\"},{\"@type\":\"ListItem\",\"position\":2,\"name\":\"Sklep\",\"item\":\"https:\/\/www.petitelaure.com\/pl\/sklep\/\"},{\"@type\":\"ListItem\",\"position\":3,\"name\":\"Otulacz Bambusowy Niemowl\u0119cy \u017bagl\u00f3wki\"}]},{\"@type\":\"WebSite\",\"@id\":\"https:\/\/www.petitelaure.com\/pl\/#website\",\"url\":\"https:\/\/www.petitelaure.com\/pl\/\",\"name\":\"petitelaure.com\",\"description\":\"\",\"potentialAction\":[{\"@type\":\"SearchAction\",\"target\":{\"@type\":\"EntryPoint\",\"urlTemplate\":\"https:\/\/www.petitelaure.com\/pl\/?s={search_term_string}\"},\"query-input\":{\"@type\":\"PropertyValueSpecification\",\"valueRequired\":true,\"valueName\":\"search_term_string\"}}],\"inLanguage\":\"pl-PL\"}]}<\/script>\n<!-- \/ Yoast SEO plugin. -->","yoast_head_json":{"title":"Otulacz Bambusowy Niemowl\u0119cy \u017bagl\u00f3wki - petitelaure.com","description":"Niemowl\u0119cy bambusowy \u201eKocyk Mgie\u0142ka\u201d od PETITE LAURE to idealny owijak dla najm\u0142odszych. Kocyk dla noworodka, os\u0142ona na w\u00f3zek, pieluszka","robots":{"index":"index","follow":"follow","max-snippet":"max-snippet:-1","max-image-preview":"max-image-preview:large","max-video-preview":"max-video-preview:-1"},"canonical":"https:\/\/www.petitelaure.com\/pl\/produkt\/kocyk-bambusowy-zaglowki\/","og_locale":"pl_PL","og_type":"article","og_title":"Otulacz Bambusowy Niemowl\u0119cy \u017bagl\u00f3wki - petitelaure.com","og_description":"Niemowl\u0119cy bambusowy \u201eKocyk Mgie\u0142ka\u201d od PETITE LAURE to idealny owijak dla najm\u0142odszych. Kocyk dla noworodka, os\u0142ona na w\u00f3zek, pieluszka","og_url":"https:\/\/www.petitelaure.com\/pl\/produkt\/kocyk-bambusowy-zaglowki\/","og_site_name":"petitelaure.com","article_modified_time":"2023-10-10T12:17:44+00:00","og_image":[{"width":466,"height":640,"url":"https:\/\/www.petitelaure.com\/wp-content\/uploads\/2020\/05\/IMG_3064.jpg","type":"image\/jpeg"}],"twitter_card":"summary_large_image","twitter_misc":{"Szacowany czas czytania":"3 minuty"},"schema":{"@context":"https:\/\/schema.org","@graph":[{"@type":"WebPage","@id":"https:\/\/www.petitelaure.com\/pl\/produkt\/kocyk-bambusowy-zaglowki\/","url":"https:\/\/www.petitelaure.com\/pl\/produkt\/kocyk-bambusowy-zaglowki\/","name":"Otulacz Bambusowy Niemowl\u0119cy \u017bagl\u00f3wki - petitelaure.com","isPartOf":{"@id":"https:\/\/www.petitelaure.com\/pl\/#website"},"primaryImageOfPage":{"@id":"https:\/\/www.petitelaure.com\/pl\/produkt\/kocyk-bambusowy-zaglowki\/#primaryimage"},"image":{"@id":"https:\/\/www.petitelaure.com\/pl\/produkt\/kocyk-bambusowy-zaglowki\/#primaryimage"},"thumbnailUrl":"https:\/\/www.petitelaure.com\/wp-content\/uploads\/2020\/05\/IMG_3064.jpg","datePublished":"2020-07-30T14:46:45+00:00","dateModified":"2023-10-10T12:17:44+00:00","description":"Niemowl\u0119cy bambusowy \u201eKocyk Mgie\u0142ka\u201d od PETITE LAURE to idealny owijak dla najm\u0142odszych. Kocyk dla noworodka, os\u0142ona na w\u00f3zek, pieluszka","breadcrumb":{"@id":"https:\/\/www.petitelaure.com\/pl\/produkt\/kocyk-bambusowy-zaglowki\/#breadcrumb"},"inLanguage":"pl-PL","potentialAction":[{"@type":"ReadAction","target":["https:\/\/www.petitelaure.com\/pl\/produkt\/kocyk-bambusowy-zaglowki\/"]}]},{"@type":"ImageObject","inLanguage":"pl-PL","@id":"https:\/\/www.petitelaure.com\/pl\/produkt\/kocyk-bambusowy-zaglowki\/#primaryimage","url":"https:\/\/www.petitelaure.com\/wp-content\/uploads\/2020\/05\/IMG_3064.jpg","contentUrl":"https:\/\/www.petitelaure.com\/wp-content\/uploads\/2020\/05\/IMG_3064.jpg","width":466,"height":640,"caption":"Kocyk Bambusowy Niemowl\u0119cy \u017bagl\u00f3wki PETIT LAURE otulacz niemowl\u0119cy"},{"@type":"BreadcrumbList","@id":"https:\/\/www.petitelaure.com\/pl\/produkt\/kocyk-bambusowy-zaglowki\/#breadcrumb","itemListElement":[{"@type":"ListItem","position":1,"name":"Strona g\u0142\u00f3wna","item":"https:\/\/www.petitelaure.com\/pl\/"},{"@type":"ListItem","position":2,"name":"Sklep","item":"https:\/\/www.petitelaure.com\/pl\/sklep\/"},{"@type":"ListItem","position":3,"name":"Otulacz Bambusowy Niemowl\u0119cy \u017bagl\u00f3wki"}]},{"@type":"WebSite","@id":"https:\/\/www.petitelaure.com\/pl\/#website","url":"https:\/\/www.petitelaure.com\/pl\/","name":"petitelaure.com","description":"","potentialAction":[{"@type":"SearchAction","target":{"@type":"EntryPoint","urlTemplate":"https:\/\/www.petitelaure.com\/pl\/?s={search_term_string}"},"query-input":{"@type":"PropertyValueSpecification","valueRequired":true,"valueName":"search_term_string"}}],"inLanguage":"pl-PL"}]}},"_links":{"self":[{"href":"https:\/\/www.petitelaure.com\/pl\/wp-json\/wp\/v2\/product\/1156","targetHints":{"allow":["GET"]}}],"collection":[{"href":"https:\/\/www.petitelaure.com\/pl\/wp-json\/wp\/v2\/product"}],"about":[{"href":"https:\/\/www.petitelaure.com\/pl\/wp-json\/wp\/v2\/types\/product"}],"replies":[{"embeddable":true,"href":"https:\/\/www.petitelaure.com\/pl\/wp-json\/wp\/v2\/comments?post=1156"}],"wp:featuredmedia":[{"embeddable":true,"href":"https:\/\/www.petitelaure.com\/pl\/wp-json\/wp\/v2\/media\/1240"}],"wp:attachment":[{"href":"https:\/\/www.petitelaure.com\/pl\/wp-json\/wp\/v2\/media?parent=1156"}],"wp:term":[{"taxonomy":"product_brand","embeddable":true,"href":"https:\/\/www.petitelaure.com\/pl\/wp-json\/wp\/v2\/product_brand?post=1156"},{"taxonomy":"product_cat","embeddable":true,"href":"https:\/\/www.petitelaure.com\/pl\/wp-json\/wp\/v2\/product_cat?post=1156"},{"taxonomy":"product_tag","embeddable":true,"href":"https:\/\/www.petitelaure.com\/pl\/wp-json\/wp\/v2\/product_tag?post=1156"}],"curies":[{"name":"wp","href":"https:\/\/api.w.org\/{rel}","templated":true}]}}