{"id":11135,"date":"2023-10-31T22:17:36","date_gmt":"2023-10-31T21:17:36","guid":{"rendered":"https:\/\/www.petitelaure.com\/?post_type=product&#038;p=11135"},"modified":"2024-10-24T11:52:36","modified_gmt":"2024-10-24T09:52:36","slug":"otulacz-niemowlecy-bambusowy-balony-bezowy-outlet","status":"publish","type":"product","link":"https:\/\/www.petitelaure.com\/pl\/produkt\/otulacz-niemowlecy-bambusowy-balony-bezowy-outlet\/","title":{"rendered":"Otulacz Niemowl\u0119cy Bambusowy Balony Be\u017cowy- OUTLET"},"content":{"rendered":"<h2><span style=\"font-size: 14.4px;\">Bambusowy, antyalergiczny <strong>o<\/strong><\/span><span style=\"font-size: 14.4px;\"><strong>tulacz niemowl\u0119cy<\/strong> &#8211; Balony Be\u017cowe z niewielk\u0105 skaz\u0105.<\/span><\/h2>\n<p>Tkanina bambusowa to jedna z najbardziej delikatnych i mi\u0142ych w dotyku \u00a0tkanin na \u015bwiecie, hypoalergiczna, bezpieczna dla delikatnej sk\u00f3ry niemowl\u0119cia. Jest oddychaj\u0105ca, przez co zapewnia komfort termiczny \u00a0i zmniejsza ryzyko przegrzania dziecka.<\/p>\n<p>Niebia\u0144sko mi\u0119kki mu\u015blinowy otulacz od PETITE LAURE to \u00a0pozycja obowi\u0105zkowa na li\u015bcie ka\u017cdej wyprawki, wykonana w 100% z prz\u0119dzy bambusowej. Produkt niezast\u0105piony w ka\u017cdej codziennej sytuacji: jako otulacz niemowl\u0119cy, podczas karmienia, odbijania, le\u017cakowania, lekkie okrycie, os\u0142ona przed s\u0142o\u0144cem, jako podk\u0142ad do przewijania, przytulanka do snu, czy podczas z\u0105bkowania, jako prze\u015bcierad\u0142o do gondoli czy w\u00f3zka, a tak\u017ce jako podr\u0119czny r\u0119cznik czy te\u017c ochrona przed owadami podczas spaceru w w\u00f3zku na \u015bwie\u017cym powietrzu. \u00a0Bambusowy otulacz niemowl\u0119cy do w\u00f3zka i fotelika samochodowego. Otulacz u\u0142atwia zasypianie i jest pomocny podczas karmienia dziecka.<\/p>\n<p><strong>NAJWA\u017bNIEJSZE W\u0141A\u015aCIWO\u015aCI BAMBUSA<\/strong><\/p>\n<blockquote>\n<h3><strong>3 x A: antybakteryjny, antygrzybiczny, antyalergiczny<\/strong><\/h3>\n<\/blockquote>\n<ul>\n<li>wolny od pestycyd\u00f3w i zanieczyszcze\u0144<\/li>\n<li>absorpcja wody o 60% wy\u017csza ni\u017c w bawe\u0142nie<\/li>\n<li>samo sterylizacja (tkanina w 30% sama sterylizuje si\u0119, co daje poczucie \u015bwie\u017co\u015bci)<\/li>\n<li>neutralizacja nieprzyjemnych zapach\u00f3w (poch\u0142ania nieprzyjemne zapachy i oddaje dopiero przy praniu w wodzie)<\/li>\n<li>pe\u0142na biodegradowalno\u015b\u0107<\/li>\n<li>w\u0142a\u015bciwo\u015bci termoregulacyjne ( tkanina bambusowa podczas upa\u0142\u00f3w utrzymuje temperatur\u0119 ni\u017csz\u0105 o 2 stopnie ni\u017c otoczenie)<\/li>\n<\/ul>\n<p>\u015arodki barwi\u0105ce s\u0105 przyjazne dla cz\u0142owieka i \u015brodowiska, czego dowodem jest certyfikat OEKO-TEX Standard 100.<\/p>\n<p>Zaleca si\u0119 pranie przed pierwszym u\u017cyciem. Z ka\u017cdym praniem otulacz niemowl\u0119cy staje si\u0119 jeszcze bardziej delikatny. Wyprodukowano w Polsce.<\/p>\n<p>Sk\u0142ad: <strong>100% CV Bambus<\/strong><\/p>\n<p>Wymiary: <strong>75\u00a0x 100 cm\u00a0<\/strong><\/p>\n<p>Zalecamy delikatne pranie w temp 30 stopni, wirowanie max 800 obrot\u00f3w, \u015brednia temp prasowania, nie wybiela\u0107.<\/p>\n<p><strong>Nasze pieluszki i otulacze bambusowe s\u0105 wykonane z niezwykle delikatnej tkaniny, dlatego nale\u017cy je pra\u0107 w woreczku na bielizn\u0119 aby odseparowa\u0107 od ubranek i akcesori\u00f3w z guzikami, napami, suwakami etc. Dzi\u0119ki temu tkanina nie uszkodzi si\u0119.<\/strong><\/p>\n<p>&nbsp;<\/p>\n<p><a href=\"https:\/\/www.petitelaure.com\/pl\/kategoria-produktu\/otulacze\/\">Zobacz wszystkie otulacze dla niemowl\u0105t Petite Laure<\/a><\/p>\n","protected":false},"excerpt":{"rendered":"<p>Mi\u0119kki mu\u015blinowy <strong>otulacz niemowl\u0119cy<\/strong> od PETITE LAURE to &#8222;must have&#8221; na li\u015bcie ka\u017cdej wyprawki, wykonany w 100% z prz\u0119dzy bambusowej wzbogaconej o formu\u0142\u0119 Silver Plus Protection. Produkt niezast\u0105piony w ka\u017cdej codziennej sytuacji: jako otulacz niemowl\u0119cy, podczas odbijania, le\u017cakowania, lekkie okrycie dziecka, os\u0142ona przed s\u0142o\u0144cem, jako podk\u0142ad do przewijania noworodka, przytulanka do snu, czy podczas z\u0105bkowania, a tak\u017ce jako podr\u0119czny r\u0119cznik. Idealny jako otulacz do fotelika samochodowego i w\u00f3zka. Otulacz u\u0142atwia zasypianie i jest pomocny podczas karmienia noworodka.<\/p>\n","protected":false},"featured_media":6996,"comment_status":"open","ping_status":"closed","template":"","meta":[],"product_brand":[],"product_cat":[332,80],"product_tag":[],"class_list":{"0":"post-11135","1":"product","2":"type-product","3":"status-publish","4":"has-post-thumbnail","6":"product_cat-okazje","7":"product_cat-otulacze","9":"first","10":"outofstock","11":"sold-individually","12":"shipping-taxable","13":"purchasable","14":"product-type-simple"},"yoast_head":"<!-- This site is optimized with the Yoast SEO plugin v26.9 - https:\/\/yoast.com\/product\/yoast-seo-wordpress\/ -->\n<title>Otulacz Niemowl\u0119cy Bambusowy Balony Be\u017cowy- OUTLET - petitelaure.com<\/title>\n<meta name=\"description\" content=\"Otulacz niemowl\u0119cy, podczas karmienia noworodka, otulacz do fotelika samochodowego.\" \/>\n<meta name=\"robots\" content=\"index, follow, max-snippet:-1, max-image-preview:large, max-video-preview:-1\" \/>\n<link rel=\"canonical\" href=\"https:\/\/www.petitelaure.com\/pl\/produkt\/otulacz-niemowlecy-bambusowy-balony-bezowy-outlet\/\" \/>\n<meta property=\"og:locale\" content=\"pl_PL\" \/>\n<meta property=\"og:type\" content=\"article\" \/>\n<meta property=\"og:title\" content=\"Otulacz Niemowl\u0119cy Bambusowy Balony Be\u017cowy- OUTLET - petitelaure.com\" \/>\n<meta property=\"og:description\" content=\"Otulacz niemowl\u0119cy, podczas karmienia noworodka, otulacz do fotelika samochodowego.\" \/>\n<meta property=\"og:url\" content=\"https:\/\/www.petitelaure.com\/pl\/produkt\/otulacz-niemowlecy-bambusowy-balony-bezowy-outlet\/\" \/>\n<meta property=\"og:site_name\" content=\"petitelaure.com\" \/>\n<meta property=\"article:modified_time\" content=\"2024-10-24T09:52:36+00:00\" \/>\n<meta property=\"og:image\" content=\"https:\/\/www.petitelaure.com\/wp-content\/uploads\/2023\/01\/IMG_3993.jpg\" \/>\n\t<meta property=\"og:image:width\" content=\"1512\" \/>\n\t<meta property=\"og:image:height\" content=\"2016\" \/>\n\t<meta property=\"og:image:type\" content=\"image\/jpeg\" \/>\n<meta name=\"twitter:card\" content=\"summary_large_image\" \/>\n<meta name=\"twitter:label1\" content=\"Szacowany czas czytania\" \/>\n\t<meta name=\"twitter:data1\" content=\"2 minuty\" \/>\n<script type=\"application\/ld+json\" class=\"yoast-schema-graph\">{\"@context\":\"https:\/\/schema.org\",\"@graph\":[{\"@type\":\"WebPage\",\"@id\":\"https:\/\/www.petitelaure.com\/pl\/produkt\/otulacz-niemowlecy-bambusowy-balony-bezowy-outlet\/\",\"url\":\"https:\/\/www.petitelaure.com\/pl\/produkt\/otulacz-niemowlecy-bambusowy-balony-bezowy-outlet\/\",\"name\":\"Otulacz Niemowl\u0119cy Bambusowy Balony Be\u017cowy- OUTLET - petitelaure.com\",\"isPartOf\":{\"@id\":\"https:\/\/www.petitelaure.com\/pl\/#website\"},\"primaryImageOfPage\":{\"@id\":\"https:\/\/www.petitelaure.com\/pl\/produkt\/otulacz-niemowlecy-bambusowy-balony-bezowy-outlet\/#primaryimage\"},\"image\":{\"@id\":\"https:\/\/www.petitelaure.com\/pl\/produkt\/otulacz-niemowlecy-bambusowy-balony-bezowy-outlet\/#primaryimage\"},\"thumbnailUrl\":\"https:\/\/www.petitelaure.com\/wp-content\/uploads\/2023\/01\/IMG_3993.jpg\",\"datePublished\":\"2023-10-31T21:17:36+00:00\",\"dateModified\":\"2024-10-24T09:52:36+00:00\",\"description\":\"Otulacz niemowl\u0119cy, podczas karmienia noworodka, otulacz do fotelika samochodowego.\",\"breadcrumb\":{\"@id\":\"https:\/\/www.petitelaure.com\/pl\/produkt\/otulacz-niemowlecy-bambusowy-balony-bezowy-outlet\/#breadcrumb\"},\"inLanguage\":\"pl-PL\",\"potentialAction\":[{\"@type\":\"ReadAction\",\"target\":[\"https:\/\/www.petitelaure.com\/pl\/produkt\/otulacz-niemowlecy-bambusowy-balony-bezowy-outlet\/\"]}]},{\"@type\":\"ImageObject\",\"inLanguage\":\"pl-PL\",\"@id\":\"https:\/\/www.petitelaure.com\/pl\/produkt\/otulacz-niemowlecy-bambusowy-balony-bezowy-outlet\/#primaryimage\",\"url\":\"https:\/\/www.petitelaure.com\/wp-content\/uploads\/2023\/01\/IMG_3993.jpg\",\"contentUrl\":\"https:\/\/www.petitelaure.com\/wp-content\/uploads\/2023\/01\/IMG_3993.jpg\",\"width\":1512,\"height\":2016,\"caption\":\"otulacz niemowl\u0119cy bambusowy Petite Laure\"},{\"@type\":\"BreadcrumbList\",\"@id\":\"https:\/\/www.petitelaure.com\/pl\/produkt\/otulacz-niemowlecy-bambusowy-balony-bezowy-outlet\/#breadcrumb\",\"itemListElement\":[{\"@type\":\"ListItem\",\"position\":1,\"name\":\"Strona g\u0142\u00f3wna\",\"item\":\"https:\/\/www.petitelaure.com\/pl\/\"},{\"@type\":\"ListItem\",\"position\":2,\"name\":\"Sklep\",\"item\":\"https:\/\/www.petitelaure.com\/pl\/sklep\/\"},{\"@type\":\"ListItem\",\"position\":3,\"name\":\"Otulacz Niemowl\u0119cy Bambusowy Balony Be\u017cowy- OUTLET\"}]},{\"@type\":\"WebSite\",\"@id\":\"https:\/\/www.petitelaure.com\/pl\/#website\",\"url\":\"https:\/\/www.petitelaure.com\/pl\/\",\"name\":\"petitelaure.com\",\"description\":\"\",\"potentialAction\":[{\"@type\":\"SearchAction\",\"target\":{\"@type\":\"EntryPoint\",\"urlTemplate\":\"https:\/\/www.petitelaure.com\/pl\/?s={search_term_string}\"},\"query-input\":{\"@type\":\"PropertyValueSpecification\",\"valueRequired\":true,\"valueName\":\"search_term_string\"}}],\"inLanguage\":\"pl-PL\"}]}<\/script>\n<!-- \/ Yoast SEO plugin. -->","yoast_head_json":{"title":"Otulacz Niemowl\u0119cy Bambusowy Balony Be\u017cowy- OUTLET - petitelaure.com","description":"Otulacz niemowl\u0119cy, podczas karmienia noworodka, otulacz do fotelika samochodowego.","robots":{"index":"index","follow":"follow","max-snippet":"max-snippet:-1","max-image-preview":"max-image-preview:large","max-video-preview":"max-video-preview:-1"},"canonical":"https:\/\/www.petitelaure.com\/pl\/produkt\/otulacz-niemowlecy-bambusowy-balony-bezowy-outlet\/","og_locale":"pl_PL","og_type":"article","og_title":"Otulacz Niemowl\u0119cy Bambusowy Balony Be\u017cowy- OUTLET - petitelaure.com","og_description":"Otulacz niemowl\u0119cy, podczas karmienia noworodka, otulacz do fotelika samochodowego.","og_url":"https:\/\/www.petitelaure.com\/pl\/produkt\/otulacz-niemowlecy-bambusowy-balony-bezowy-outlet\/","og_site_name":"petitelaure.com","article_modified_time":"2024-10-24T09:52:36+00:00","og_image":[{"width":1512,"height":2016,"url":"https:\/\/www.petitelaure.com\/wp-content\/uploads\/2023\/01\/IMG_3993.jpg","type":"image\/jpeg"}],"twitter_card":"summary_large_image","twitter_misc":{"Szacowany czas czytania":"2 minuty"},"schema":{"@context":"https:\/\/schema.org","@graph":[{"@type":"WebPage","@id":"https:\/\/www.petitelaure.com\/pl\/produkt\/otulacz-niemowlecy-bambusowy-balony-bezowy-outlet\/","url":"https:\/\/www.petitelaure.com\/pl\/produkt\/otulacz-niemowlecy-bambusowy-balony-bezowy-outlet\/","name":"Otulacz Niemowl\u0119cy Bambusowy Balony Be\u017cowy- OUTLET - petitelaure.com","isPartOf":{"@id":"https:\/\/www.petitelaure.com\/pl\/#website"},"primaryImageOfPage":{"@id":"https:\/\/www.petitelaure.com\/pl\/produkt\/otulacz-niemowlecy-bambusowy-balony-bezowy-outlet\/#primaryimage"},"image":{"@id":"https:\/\/www.petitelaure.com\/pl\/produkt\/otulacz-niemowlecy-bambusowy-balony-bezowy-outlet\/#primaryimage"},"thumbnailUrl":"https:\/\/www.petitelaure.com\/wp-content\/uploads\/2023\/01\/IMG_3993.jpg","datePublished":"2023-10-31T21:17:36+00:00","dateModified":"2024-10-24T09:52:36+00:00","description":"Otulacz niemowl\u0119cy, podczas karmienia noworodka, otulacz do fotelika samochodowego.","breadcrumb":{"@id":"https:\/\/www.petitelaure.com\/pl\/produkt\/otulacz-niemowlecy-bambusowy-balony-bezowy-outlet\/#breadcrumb"},"inLanguage":"pl-PL","potentialAction":[{"@type":"ReadAction","target":["https:\/\/www.petitelaure.com\/pl\/produkt\/otulacz-niemowlecy-bambusowy-balony-bezowy-outlet\/"]}]},{"@type":"ImageObject","inLanguage":"pl-PL","@id":"https:\/\/www.petitelaure.com\/pl\/produkt\/otulacz-niemowlecy-bambusowy-balony-bezowy-outlet\/#primaryimage","url":"https:\/\/www.petitelaure.com\/wp-content\/uploads\/2023\/01\/IMG_3993.jpg","contentUrl":"https:\/\/www.petitelaure.com\/wp-content\/uploads\/2023\/01\/IMG_3993.jpg","width":1512,"height":2016,"caption":"otulacz niemowl\u0119cy bambusowy Petite Laure"},{"@type":"BreadcrumbList","@id":"https:\/\/www.petitelaure.com\/pl\/produkt\/otulacz-niemowlecy-bambusowy-balony-bezowy-outlet\/#breadcrumb","itemListElement":[{"@type":"ListItem","position":1,"name":"Strona g\u0142\u00f3wna","item":"https:\/\/www.petitelaure.com\/pl\/"},{"@type":"ListItem","position":2,"name":"Sklep","item":"https:\/\/www.petitelaure.com\/pl\/sklep\/"},{"@type":"ListItem","position":3,"name":"Otulacz Niemowl\u0119cy Bambusowy Balony Be\u017cowy- OUTLET"}]},{"@type":"WebSite","@id":"https:\/\/www.petitelaure.com\/pl\/#website","url":"https:\/\/www.petitelaure.com\/pl\/","name":"petitelaure.com","description":"","potentialAction":[{"@type":"SearchAction","target":{"@type":"EntryPoint","urlTemplate":"https:\/\/www.petitelaure.com\/pl\/?s={search_term_string}"},"query-input":{"@type":"PropertyValueSpecification","valueRequired":true,"valueName":"search_term_string"}}],"inLanguage":"pl-PL"}]}},"_links":{"self":[{"href":"https:\/\/www.petitelaure.com\/pl\/wp-json\/wp\/v2\/product\/11135","targetHints":{"allow":["GET"]}}],"collection":[{"href":"https:\/\/www.petitelaure.com\/pl\/wp-json\/wp\/v2\/product"}],"about":[{"href":"https:\/\/www.petitelaure.com\/pl\/wp-json\/wp\/v2\/types\/product"}],"replies":[{"embeddable":true,"href":"https:\/\/www.petitelaure.com\/pl\/wp-json\/wp\/v2\/comments?post=11135"}],"wp:featuredmedia":[{"embeddable":true,"href":"https:\/\/www.petitelaure.com\/pl\/wp-json\/wp\/v2\/media\/6996"}],"wp:attachment":[{"href":"https:\/\/www.petitelaure.com\/pl\/wp-json\/wp\/v2\/media?parent=11135"}],"wp:term":[{"taxonomy":"product_brand","embeddable":true,"href":"https:\/\/www.petitelaure.com\/pl\/wp-json\/wp\/v2\/product_brand?post=11135"},{"taxonomy":"product_cat","embeddable":true,"href":"https:\/\/www.petitelaure.com\/pl\/wp-json\/wp\/v2\/product_cat?post=11135"},{"taxonomy":"product_tag","embeddable":true,"href":"https:\/\/www.petitelaure.com\/pl\/wp-json\/wp\/v2\/product_tag?post=11135"}],"curies":[{"name":"wp","href":"https:\/\/api.w.org\/{rel}","templated":true}]}}