{"id":1270,"date":"2020-10-09T11:43:07","date_gmt":"2020-10-09T09:43:07","guid":{"rendered":"https:\/\/www.petitelaure.com\/?page_id=1270"},"modified":"2024-11-25T19:54:48","modified_gmt":"2024-11-25T18:54:48","slug":"o-nas","status":"publish","type":"page","link":"https:\/\/www.petitelaure.com\/pl\/o-nas\/","title":{"rendered":"O nas"},"content":{"rendered":"<p><strong>O nas<\/strong><\/p>\n<p><img loading=\"lazy\" decoding=\"async\" class=\"size-medium wp-image-12244 alignright\" src=\"https:\/\/www.petitelaure.com\/wp-content\/uploads\/2024\/08\/IMG_3894-1-302x400.jpg\" alt=\"Paulina\" width=\"302\" height=\"400\" srcset=\"https:\/\/www.petitelaure.com\/wp-content\/uploads\/2024\/08\/IMG_3894-1-302x400.jpg 302w, https:\/\/www.petitelaure.com\/wp-content\/uploads\/2024\/08\/IMG_3894-1-603x800.jpg 603w, https:\/\/www.petitelaure.com\/wp-content\/uploads\/2024\/08\/IMG_3894-1-768x1019.jpg 768w, https:\/\/www.petitelaure.com\/wp-content\/uploads\/2024\/08\/IMG_3894-1-1158x1536.jpg 1158w, https:\/\/www.petitelaure.com\/wp-content\/uploads\/2024\/08\/IMG_3894-1-45x60.jpg 45w, https:\/\/www.petitelaure.com\/wp-content\/uploads\/2024\/08\/IMG_3894-1-68x90.jpg 68w, https:\/\/www.petitelaure.com\/wp-content\/uploads\/2024\/08\/IMG_3894-1-655x869.jpg 655w, https:\/\/www.petitelaure.com\/wp-content\/uploads\/2024\/08\/IMG_3894-1.jpg 1290w\" sizes=\"auto, (max-width: 302px) 100vw, 302px\" \/><\/p>\n<p>&nbsp;<\/p>\n<p><strong>Petite Laure<\/strong> to polska i pr\u0119\u017cnie rozwijaj\u0105ca si\u0119 marka, stworzona przez Paulin\u0119. Czynimy \u015bwiat niemowl\u0105t i ma\u0142ych dzieci bardziej przytulnym, produkuj\u0105c pi\u0119kne, mi\u0119kkie, mi\u0142e w dotyku i bezpieczne pieluszki, kocyki i otulacze. Wszystkie nasze produkty do wyprawki niemowl\u0119cej wykonane s\u0105 ze starannie wyselekcjonowanych, naturalnych surowc\u00f3w i zosta\u0142y uszyte w Polsce, z zachowaniem zasad zawodowej etyki.<\/p>\n<p>Autorskie wzory <strong>Petite Laure<\/strong> s\u0105 zainspirowane podr\u00f3\u017cami Pauliny, kt\u00f3ra po 18 latach pracy w korporacji zamieni\u0142a analiz\u0119 ryzyka finansowego sp\u00f3\u0142ek na tworzenie przedmiot\u00f3w, daj\u0105cych poczucie bezpiecze\u0144stwa dzieciom i uszcz\u0119\u015bliwiaj\u0105cych ich rodzic\u00f3w.<\/p>\n<p>Organiczna bawe\u0142na, bambus i len, kt\u00f3re trafiaj\u0105 do naszej farbiarni i szwalni, posiadaj\u0105 certyfikaty GOTS I OEKO-TEX. U\u017cywamy nie tylko najwy\u017cszej jako\u015bci materia\u0142\u00f3w, ale wy\u0142\u0105cznie atestowanych barwnik\u00f3w, a testuj\u0105c tekstylia, we wszystkie produkty <strong>Petite Laure<\/strong> opatulamy najpierw w\u0142asne dzieci oraz pociechy przyjaci\u00f3\u0142.<\/p>\n<p>Tworzymy z pasj\u0105 i dba\u0142o\u015bci\u0105 o najmniejszy detal. Chcemy, aby wszystko, co wychodzi z naszych r\u0105k, kojarzy\u0142o si\u0119 z czym\u015b wyj\u0105tkowym i od pierwszych chwil budowa\u0142o wspomnienia szcz\u0119\u015bliwego dzieci\u0144stwa. Od pierwszego szkicu, do ostatniego szwu, od pomys\u0142u do produktu i jego opakowania, wiemy, \u017ce ufaj\u0105c<strong> Petite Laure<\/strong>, nie zawiedziesz si\u0119. Otrzymasz nieograniczon\u0105 rado\u015b\u0107 i poczucie bezpiecze\u0144stwa najm\u0142odszych.<br \/>\nDzisiaj z dum\u0105 mo\u017cemy potwierdzi\u0107, \u017ce zostali\u015bmy docenieni nie tylko przez rodzic\u00f3w w Polsce, ale r\u00f3wnie\u017c w USA, Kanadzie, Emiratach Arabskich, Meksyku i wi\u0119kszo\u015bci kraj\u00f3w Europy.<\/p>\n<p>Wbrew nazwie nie spoczniemy jednak na laurach, przeciwnie \u2013 zamierzamy nieustannie poszerza\u0107 nasz asortyment o nowe kategorie, rosn\u0105c razem z naszymi dzie\u0107mi.<br \/>\nWitamy Ci\u0119 w <strong>Petite Laure<\/strong>.<\/p>\n","protected":false},"excerpt":{"rendered":"<p>O nas &nbsp; Petite Laure to polska i pr\u0119\u017cnie rozwijaj\u0105ca si\u0119 marka, stworzona przez Paulin\u0119. Czynimy \u015bwiat niemowl\u0105t i ma\u0142ych dzieci bardziej przytulnym, produkuj\u0105c pi\u0119kne, mi\u0119kkie, mi\u0142e w dotyku i bezpieczne pieluszki, kocyki i otulacze. Wszystkie nasze produkty do wyprawki niemowl\u0119cej wykonane s\u0105 ze starannie wyselekcjonowanych, naturalnych surowc\u00f3w i zosta\u0142y uszyte w Polsce, z zachowaniem [&#8230;]\n","protected":false},"author":1,"featured_media":0,"parent":0,"menu_order":0,"comment_status":"closed","ping_status":"closed","template":"","meta":{"footnotes":""},"class_list":["post-1270","page","type-page","status-publish","hentry"],"yoast_head":"<!-- This site is optimized with the Yoast SEO plugin v26.9 - https:\/\/yoast.com\/product\/yoast-seo-wordpress\/ -->\n<title>O nas - petitelaure.com - Petite Laure<\/title>\n<meta name=\"description\" content=\"Czynimy \u015bwiat niemowl\u0105t i ma\u0142ych dzieci bardziej przytulnym, produkuj\u0105c mi\u0119kkie, mi\u0142e w dotyku i bezpieczne pieluszki, kocyki i otulacze.\" \/>\n<meta name=\"robots\" content=\"index, follow, max-snippet:-1, max-image-preview:large, max-video-preview:-1\" \/>\n<link rel=\"canonical\" href=\"https:\/\/www.petitelaure.com\/pl\/o-nas\/\" \/>\n<meta property=\"og:locale\" content=\"pl_PL\" \/>\n<meta property=\"og:type\" content=\"article\" \/>\n<meta property=\"og:title\" content=\"O nas - petitelaure.com - Petite Laure\" \/>\n<meta property=\"og:description\" content=\"Czynimy \u015bwiat niemowl\u0105t i ma\u0142ych dzieci bardziej przytulnym, produkuj\u0105c mi\u0119kkie, mi\u0142e w dotyku i bezpieczne pieluszki, kocyki i otulacze.\" \/>\n<meta property=\"og:url\" content=\"https:\/\/www.petitelaure.com\/pl\/o-nas\/\" \/>\n<meta property=\"og:site_name\" content=\"petitelaure.com\" \/>\n<meta property=\"article:modified_time\" content=\"2024-11-25T18:54:48+00:00\" \/>\n<meta property=\"og:image\" content=\"https:\/\/www.petitelaure.com\/wp-content\/uploads\/2024\/08\/IMG_3894-1-302x400.jpg\" \/>\n<meta name=\"twitter:card\" content=\"summary_large_image\" \/>\n<meta name=\"twitter:label1\" content=\"Szacowany czas czytania\" \/>\n\t<meta name=\"twitter:data1\" content=\"2 minuty\" \/>\n<script type=\"application\/ld+json\" class=\"yoast-schema-graph\">{\"@context\":\"https:\/\/schema.org\",\"@graph\":[{\"@type\":\"WebPage\",\"@id\":\"https:\/\/www.petitelaure.com\/pl\/o-nas\/\",\"url\":\"https:\/\/www.petitelaure.com\/pl\/o-nas\/\",\"name\":\"O nas - petitelaure.com - Petite Laure\",\"isPartOf\":{\"@id\":\"https:\/\/www.petitelaure.com\/pl\/#website\"},\"primaryImageOfPage\":{\"@id\":\"https:\/\/www.petitelaure.com\/pl\/o-nas\/#primaryimage\"},\"image\":{\"@id\":\"https:\/\/www.petitelaure.com\/pl\/o-nas\/#primaryimage\"},\"thumbnailUrl\":\"https:\/\/www.petitelaure.com\/wp-content\/uploads\/2024\/08\/IMG_3894-1-302x400.jpg\",\"datePublished\":\"2020-10-09T09:43:07+00:00\",\"dateModified\":\"2024-11-25T18:54:48+00:00\",\"description\":\"Czynimy \u015bwiat niemowl\u0105t i ma\u0142ych dzieci bardziej przytulnym, produkuj\u0105c mi\u0119kkie, mi\u0142e w dotyku i bezpieczne pieluszki, kocyki i otulacze.\",\"breadcrumb\":{\"@id\":\"https:\/\/www.petitelaure.com\/pl\/o-nas\/#breadcrumb\"},\"inLanguage\":\"pl-PL\",\"potentialAction\":[{\"@type\":\"ReadAction\",\"target\":[\"https:\/\/www.petitelaure.com\/pl\/o-nas\/\"]}]},{\"@type\":\"ImageObject\",\"inLanguage\":\"pl-PL\",\"@id\":\"https:\/\/www.petitelaure.com\/pl\/o-nas\/#primaryimage\",\"url\":\"https:\/\/www.petitelaure.com\/wp-content\/uploads\/2024\/08\/IMG_3894-1-302x400.jpg\",\"contentUrl\":\"https:\/\/www.petitelaure.com\/wp-content\/uploads\/2024\/08\/IMG_3894-1-302x400.jpg\"},{\"@type\":\"BreadcrumbList\",\"@id\":\"https:\/\/www.petitelaure.com\/pl\/o-nas\/#breadcrumb\",\"itemListElement\":[{\"@type\":\"ListItem\",\"position\":1,\"name\":\"Strona g\u0142\u00f3wna\",\"item\":\"https:\/\/www.petitelaure.com\/pl\/\"},{\"@type\":\"ListItem\",\"position\":2,\"name\":\"O nas\"}]},{\"@type\":\"WebSite\",\"@id\":\"https:\/\/www.petitelaure.com\/pl\/#website\",\"url\":\"https:\/\/www.petitelaure.com\/pl\/\",\"name\":\"petitelaure.com\",\"description\":\"\",\"potentialAction\":[{\"@type\":\"SearchAction\",\"target\":{\"@type\":\"EntryPoint\",\"urlTemplate\":\"https:\/\/www.petitelaure.com\/pl\/?s={search_term_string}\"},\"query-input\":{\"@type\":\"PropertyValueSpecification\",\"valueRequired\":true,\"valueName\":\"search_term_string\"}}],\"inLanguage\":\"pl-PL\"}]}<\/script>\n<!-- \/ Yoast SEO plugin. -->","yoast_head_json":{"title":"O nas - petitelaure.com - Petite Laure","description":"Czynimy \u015bwiat niemowl\u0105t i ma\u0142ych dzieci bardziej przytulnym, produkuj\u0105c mi\u0119kkie, mi\u0142e w dotyku i bezpieczne pieluszki, kocyki i otulacze.","robots":{"index":"index","follow":"follow","max-snippet":"max-snippet:-1","max-image-preview":"max-image-preview:large","max-video-preview":"max-video-preview:-1"},"canonical":"https:\/\/www.petitelaure.com\/pl\/o-nas\/","og_locale":"pl_PL","og_type":"article","og_title":"O nas - petitelaure.com - Petite Laure","og_description":"Czynimy \u015bwiat niemowl\u0105t i ma\u0142ych dzieci bardziej przytulnym, produkuj\u0105c mi\u0119kkie, mi\u0142e w dotyku i bezpieczne pieluszki, kocyki i otulacze.","og_url":"https:\/\/www.petitelaure.com\/pl\/o-nas\/","og_site_name":"petitelaure.com","article_modified_time":"2024-11-25T18:54:48+00:00","og_image":[{"url":"https:\/\/www.petitelaure.com\/wp-content\/uploads\/2024\/08\/IMG_3894-1-302x400.jpg","type":"","width":"","height":""}],"twitter_card":"summary_large_image","twitter_misc":{"Szacowany czas czytania":"2 minuty"},"schema":{"@context":"https:\/\/schema.org","@graph":[{"@type":"WebPage","@id":"https:\/\/www.petitelaure.com\/pl\/o-nas\/","url":"https:\/\/www.petitelaure.com\/pl\/o-nas\/","name":"O nas - petitelaure.com - Petite Laure","isPartOf":{"@id":"https:\/\/www.petitelaure.com\/pl\/#website"},"primaryImageOfPage":{"@id":"https:\/\/www.petitelaure.com\/pl\/o-nas\/#primaryimage"},"image":{"@id":"https:\/\/www.petitelaure.com\/pl\/o-nas\/#primaryimage"},"thumbnailUrl":"https:\/\/www.petitelaure.com\/wp-content\/uploads\/2024\/08\/IMG_3894-1-302x400.jpg","datePublished":"2020-10-09T09:43:07+00:00","dateModified":"2024-11-25T18:54:48+00:00","description":"Czynimy \u015bwiat niemowl\u0105t i ma\u0142ych dzieci bardziej przytulnym, produkuj\u0105c mi\u0119kkie, mi\u0142e w dotyku i bezpieczne pieluszki, kocyki i otulacze.","breadcrumb":{"@id":"https:\/\/www.petitelaure.com\/pl\/o-nas\/#breadcrumb"},"inLanguage":"pl-PL","potentialAction":[{"@type":"ReadAction","target":["https:\/\/www.petitelaure.com\/pl\/o-nas\/"]}]},{"@type":"ImageObject","inLanguage":"pl-PL","@id":"https:\/\/www.petitelaure.com\/pl\/o-nas\/#primaryimage","url":"https:\/\/www.petitelaure.com\/wp-content\/uploads\/2024\/08\/IMG_3894-1-302x400.jpg","contentUrl":"https:\/\/www.petitelaure.com\/wp-content\/uploads\/2024\/08\/IMG_3894-1-302x400.jpg"},{"@type":"BreadcrumbList","@id":"https:\/\/www.petitelaure.com\/pl\/o-nas\/#breadcrumb","itemListElement":[{"@type":"ListItem","position":1,"name":"Strona g\u0142\u00f3wna","item":"https:\/\/www.petitelaure.com\/pl\/"},{"@type":"ListItem","position":2,"name":"O nas"}]},{"@type":"WebSite","@id":"https:\/\/www.petitelaure.com\/pl\/#website","url":"https:\/\/www.petitelaure.com\/pl\/","name":"petitelaure.com","description":"","potentialAction":[{"@type":"SearchAction","target":{"@type":"EntryPoint","urlTemplate":"https:\/\/www.petitelaure.com\/pl\/?s={search_term_string}"},"query-input":{"@type":"PropertyValueSpecification","valueRequired":true,"valueName":"search_term_string"}}],"inLanguage":"pl-PL"}]}},"_links":{"self":[{"href":"https:\/\/www.petitelaure.com\/pl\/wp-json\/wp\/v2\/pages\/1270","targetHints":{"allow":["GET"]}}],"collection":[{"href":"https:\/\/www.petitelaure.com\/pl\/wp-json\/wp\/v2\/pages"}],"about":[{"href":"https:\/\/www.petitelaure.com\/pl\/wp-json\/wp\/v2\/types\/page"}],"author":[{"embeddable":true,"href":"https:\/\/www.petitelaure.com\/pl\/wp-json\/wp\/v2\/users\/1"}],"replies":[{"embeddable":true,"href":"https:\/\/www.petitelaure.com\/pl\/wp-json\/wp\/v2\/comments?post=1270"}],"version-history":[{"count":11,"href":"https:\/\/www.petitelaure.com\/pl\/wp-json\/wp\/v2\/pages\/1270\/revisions"}],"predecessor-version":[{"id":12747,"href":"https:\/\/www.petitelaure.com\/pl\/wp-json\/wp\/v2\/pages\/1270\/revisions\/12747"}],"wp:attachment":[{"href":"https:\/\/www.petitelaure.com\/pl\/wp-json\/wp\/v2\/media?parent=1270"}],"curies":[{"name":"wp","href":"https:\/\/api.w.org\/{rel}","templated":true}]}}