{"id":1261,"date":"2020-10-09T11:40:13","date_gmt":"2020-10-09T09:40:13","guid":{"rendered":"https:\/\/www.petitelaure.com\/?page_id=1261"},"modified":"2023-11-13T21:55:02","modified_gmt":"2023-11-13T20:55:02","slug":"zwroty-i-reklamacje","status":"publish","type":"page","link":"https:\/\/www.petitelaure.com\/pl\/zwroty-i-reklamacje\/","title":{"rendered":"Zwroty i reklamacje"},"content":{"rendered":"<h2>Zwroty i reklamacje<\/h2>\n<h3>Odst\u0105pienie od umowy<\/h3>\n<p>Od umowy mo\u017cesz odst\u0105pi\u0107, sk\u0142adaj\u0105c nam <a href=\"https:\/\/www.petitelaure.com\/wp-content\/uploads\/2021\/07\/petitelaure_odstapienieodumowy.pdf\" target=\"_blank\" rel=\"noopener\"><strong><u>o\u015bwiadczenie o odst\u0105pieniu od umowy<\/u><\/strong><\/a> np. poprzez wiadomo\u015b\u0107 e-mail przes\u0142an\u0105 na adres: <strong>office@petitelaure.com<\/strong><\/p>\n<p><strong>Zwracan\u0105 rzecz zwr\u00f3\u0107 do nas niezw\u0142ocznie na adres: Petite Laure &#8211; Pracownia, ul. Powsi\u0144ska 106 lok. 105 (budynek 2), 02-903 Warszawa<\/strong>, jednak nie p\u00f3\u017aniej ni\u017c w terminie 14 dni od dnia, w kt\u00f3rym odst\u0105pi\u0142e\u015b od umowy.<\/p>\n<p>Od umowy mo\u017cesz odst\u0105pi\u0107 w terminie <strong>14 dni<\/strong>.<\/p>\n<p>Bieg czternastodniowego terminu na odst\u0105pienie od umowy rozpoczyna si\u0119:<\/p>\n<ul>\n<li>dla umowy, w kt\u00f3rej wydajemy rzecz, b\u0119d\u0105c zobowi\u0105zanymi do przeniesienia jej w\u0142asno\u015bci &#8211; <strong>od obj\u0119cia rzeczy w posiadanie przez Ciebie<\/strong> lub wskazan\u0105 przez Ciebie osob\u0119 trzeci\u0105 inn\u0105 ni\u017c przewo\u017anik,<br \/>\ndla tre\u015bci cyfrowych &#8211; od dnia zawarcia umowy.<\/li>\n<li>Do zachowania terminu wystarczy wys\u0142anie o\u015bwiadczenia przed jego up\u0142ywem.<\/li>\n<\/ul>\n<p>Dokonan\u0105 przez Ciebie p\u0142atno\u015b\u0107 za produkty zakupione i do nas zwr\u00f3cone na zasadach wskazanych w regulaminie zwr\u00f3cimy Ci niezw\u0142ocznie, jednak nie p\u00f3\u017aniej ni\u017c w terminie 14 dni od dnia otrzymania od Ciebie o\u015bwiadczenia o odst\u0105pieniu od umowy.<\/p>\n<p>Mo\u017cemy wstrzyma\u0107 si\u0119 ze zwrotem otrzymanej od Ciebie p\u0142atno\u015bci do chwili otrzymania rzeczy z powrotem.<\/p>\n<p>Szczeg\u00f3\u0142owe informacje na temat odst\u0105pienia od umowy znajdziesz w naszym Regulaminie sprzeda\u017cy.<\/p>\n<p><strong><u><a href=\"https:\/\/www.petitelaure.com\/wp-content\/uploads\/2021\/07\/petitelaure_odstapienieodumowy.pdf\">Pobierz formularz o\u015bwiadczenia o odst\u0105pieniu od umowy\u00a0<\/a><\/u><\/strong><\/p>\n<h3>Reklamacje<\/h3>\n<p>W przypadku gdy zakupiony u nas towar oka\u017ce si\u0119 wadliwy, masz prawo reklamowa\u0107 go w oparciu o r\u0119kojmi\u0119. Reklamacj\u0119 najlepiej z\u0142o\u017cy\u0107 na adres e-mail: office@petitelaure.com<\/p>\n<p><strong>Reklamowany towar nale\u017cy wys\u0142a\u0107 na adres podany przez nas w wiadomo\u015bci mailowej.<\/strong><\/p>\n<p>W zwi\u0105zku z wad\u0105 mo\u017cesz \u017c\u0105da\u0107:<\/p>\n<ul>\n<li>wymiany rzeczy na woln\u0105 od wad,<\/li>\n<li>usuni\u0119cia wady,<\/li>\n<\/ul>\n<p>lub z\u0142o\u017cy\u0107 o\u015bwiadczenie o:<\/p>\n<ul>\n<li>obni\u017ceniu ceny,<\/li>\n<li>odst\u0105pieniu od umowy \u2013 w przypadku wady istotnej.<\/li>\n<\/ul>\n<p>Rozpatrzenie Twojej reklamacji (ustosunkowanie si\u0119 do niej) nast\u0105pi w ci\u0105gu 14 dni od daty otrzymania przez nas Twojego zg\u0142oszenia reklamacyjnego.<\/p>\n<p>Wi\u0119cej informacji na temat reklamacji znajdziesz w naszym Regulaminie sprzeda\u017cy.<\/p>\n","protected":false},"excerpt":{"rendered":"<p>Zwroty i reklamacje Odst\u0105pienie od umowy Od umowy mo\u017cesz odst\u0105pi\u0107, sk\u0142adaj\u0105c nam o\u015bwiadczenie o odst\u0105pieniu od umowy np. poprzez wiadomo\u015b\u0107 e-mail przes\u0142an\u0105 na adres: office@petitelaure.com Zwracan\u0105 rzecz zwr\u00f3\u0107 do nas niezw\u0142ocznie na adres: Petite Laure &#8211; Pracownia, ul. Powsi\u0144ska 106 lok. 105 (budynek 2), 02-903 Warszawa, jednak nie p\u00f3\u017aniej ni\u017c w terminie 14 dni od [&#8230;]\n","protected":false},"author":1,"featured_media":0,"parent":0,"menu_order":0,"comment_status":"closed","ping_status":"closed","template":"","meta":{"footnotes":""},"class_list":["post-1261","page","type-page","status-publish","hentry"],"yoast_head":"<!-- This site is optimized with the Yoast SEO plugin v26.9 - https:\/\/yoast.com\/product\/yoast-seo-wordpress\/ -->\n<title>Zwroty i reklamacje - petitelaure.com<\/title>\n<meta name=\"robots\" content=\"index, follow, max-snippet:-1, max-image-preview:large, max-video-preview:-1\" \/>\n<link rel=\"canonical\" href=\"https:\/\/www.petitelaure.com\/pl\/zwroty-i-reklamacje\/\" \/>\n<meta property=\"og:locale\" content=\"pl_PL\" \/>\n<meta property=\"og:type\" content=\"article\" \/>\n<meta property=\"og:title\" content=\"Zwroty i reklamacje - petitelaure.com\" \/>\n<meta property=\"og:description\" content=\"Zwroty i reklamacje Odst\u0105pienie od umowy Od umowy mo\u017cesz odst\u0105pi\u0107, sk\u0142adaj\u0105c nam o\u015bwiadczenie o odst\u0105pieniu od umowy np. poprzez wiadomo\u015b\u0107 e-mail przes\u0142an\u0105 na adres: office@petitelaure.com Zwracan\u0105 rzecz zwr\u00f3\u0107 do nas niezw\u0142ocznie na adres: Petite Laure &#8211; Pracownia, ul. Powsi\u0144ska 106 lok. 105 (budynek 2), 02-903 Warszawa, jednak nie p\u00f3\u017aniej ni\u017c w terminie 14 dni od [...]\" \/>\n<meta property=\"og:url\" content=\"https:\/\/www.petitelaure.com\/pl\/zwroty-i-reklamacje\/\" \/>\n<meta property=\"og:site_name\" content=\"petitelaure.com\" \/>\n<meta property=\"article:modified_time\" content=\"2023-11-13T20:55:02+00:00\" \/>\n<meta name=\"twitter:card\" content=\"summary_large_image\" \/>\n<meta name=\"twitter:label1\" content=\"Szacowany czas czytania\" \/>\n\t<meta name=\"twitter:data1\" content=\"2 minuty\" \/>\n<script type=\"application\/ld+json\" class=\"yoast-schema-graph\">{\"@context\":\"https:\/\/schema.org\",\"@graph\":[{\"@type\":\"WebPage\",\"@id\":\"https:\/\/www.petitelaure.com\/pl\/zwroty-i-reklamacje\/\",\"url\":\"https:\/\/www.petitelaure.com\/pl\/zwroty-i-reklamacje\/\",\"name\":\"Zwroty i reklamacje - petitelaure.com\",\"isPartOf\":{\"@id\":\"https:\/\/www.petitelaure.com\/pl\/#website\"},\"datePublished\":\"2020-10-09T09:40:13+00:00\",\"dateModified\":\"2023-11-13T20:55:02+00:00\",\"breadcrumb\":{\"@id\":\"https:\/\/www.petitelaure.com\/pl\/zwroty-i-reklamacje\/#breadcrumb\"},\"inLanguage\":\"pl-PL\",\"potentialAction\":[{\"@type\":\"ReadAction\",\"target\":[\"https:\/\/www.petitelaure.com\/pl\/zwroty-i-reklamacje\/\"]}]},{\"@type\":\"BreadcrumbList\",\"@id\":\"https:\/\/www.petitelaure.com\/pl\/zwroty-i-reklamacje\/#breadcrumb\",\"itemListElement\":[{\"@type\":\"ListItem\",\"position\":1,\"name\":\"Strona g\u0142\u00f3wna\",\"item\":\"https:\/\/www.petitelaure.com\/pl\/\"},{\"@type\":\"ListItem\",\"position\":2,\"name\":\"Zwroty i reklamacje\"}]},{\"@type\":\"WebSite\",\"@id\":\"https:\/\/www.petitelaure.com\/pl\/#website\",\"url\":\"https:\/\/www.petitelaure.com\/pl\/\",\"name\":\"petitelaure.com\",\"description\":\"\",\"potentialAction\":[{\"@type\":\"SearchAction\",\"target\":{\"@type\":\"EntryPoint\",\"urlTemplate\":\"https:\/\/www.petitelaure.com\/pl\/?s={search_term_string}\"},\"query-input\":{\"@type\":\"PropertyValueSpecification\",\"valueRequired\":true,\"valueName\":\"search_term_string\"}}],\"inLanguage\":\"pl-PL\"}]}<\/script>\n<!-- \/ Yoast SEO plugin. -->","yoast_head_json":{"title":"Zwroty i reklamacje - petitelaure.com","robots":{"index":"index","follow":"follow","max-snippet":"max-snippet:-1","max-image-preview":"max-image-preview:large","max-video-preview":"max-video-preview:-1"},"canonical":"https:\/\/www.petitelaure.com\/pl\/zwroty-i-reklamacje\/","og_locale":"pl_PL","og_type":"article","og_title":"Zwroty i reklamacje - petitelaure.com","og_description":"Zwroty i reklamacje Odst\u0105pienie od umowy Od umowy mo\u017cesz odst\u0105pi\u0107, sk\u0142adaj\u0105c nam o\u015bwiadczenie o odst\u0105pieniu od umowy np. poprzez wiadomo\u015b\u0107 e-mail przes\u0142an\u0105 na adres: office@petitelaure.com Zwracan\u0105 rzecz zwr\u00f3\u0107 do nas niezw\u0142ocznie na adres: Petite Laure &#8211; Pracownia, ul. Powsi\u0144ska 106 lok. 105 (budynek 2), 02-903 Warszawa, jednak nie p\u00f3\u017aniej ni\u017c w terminie 14 dni od [...]","og_url":"https:\/\/www.petitelaure.com\/pl\/zwroty-i-reklamacje\/","og_site_name":"petitelaure.com","article_modified_time":"2023-11-13T20:55:02+00:00","twitter_card":"summary_large_image","twitter_misc":{"Szacowany czas czytania":"2 minuty"},"schema":{"@context":"https:\/\/schema.org","@graph":[{"@type":"WebPage","@id":"https:\/\/www.petitelaure.com\/pl\/zwroty-i-reklamacje\/","url":"https:\/\/www.petitelaure.com\/pl\/zwroty-i-reklamacje\/","name":"Zwroty i reklamacje - petitelaure.com","isPartOf":{"@id":"https:\/\/www.petitelaure.com\/pl\/#website"},"datePublished":"2020-10-09T09:40:13+00:00","dateModified":"2023-11-13T20:55:02+00:00","breadcrumb":{"@id":"https:\/\/www.petitelaure.com\/pl\/zwroty-i-reklamacje\/#breadcrumb"},"inLanguage":"pl-PL","potentialAction":[{"@type":"ReadAction","target":["https:\/\/www.petitelaure.com\/pl\/zwroty-i-reklamacje\/"]}]},{"@type":"BreadcrumbList","@id":"https:\/\/www.petitelaure.com\/pl\/zwroty-i-reklamacje\/#breadcrumb","itemListElement":[{"@type":"ListItem","position":1,"name":"Strona g\u0142\u00f3wna","item":"https:\/\/www.petitelaure.com\/pl\/"},{"@type":"ListItem","position":2,"name":"Zwroty i reklamacje"}]},{"@type":"WebSite","@id":"https:\/\/www.petitelaure.com\/pl\/#website","url":"https:\/\/www.petitelaure.com\/pl\/","name":"petitelaure.com","description":"","potentialAction":[{"@type":"SearchAction","target":{"@type":"EntryPoint","urlTemplate":"https:\/\/www.petitelaure.com\/pl\/?s={search_term_string}"},"query-input":{"@type":"PropertyValueSpecification","valueRequired":true,"valueName":"search_term_string"}}],"inLanguage":"pl-PL"}]}},"_links":{"self":[{"href":"https:\/\/www.petitelaure.com\/pl\/wp-json\/wp\/v2\/pages\/1261","targetHints":{"allow":["GET"]}}],"collection":[{"href":"https:\/\/www.petitelaure.com\/pl\/wp-json\/wp\/v2\/pages"}],"about":[{"href":"https:\/\/www.petitelaure.com\/pl\/wp-json\/wp\/v2\/types\/page"}],"author":[{"embeddable":true,"href":"https:\/\/www.petitelaure.com\/pl\/wp-json\/wp\/v2\/users\/1"}],"replies":[{"embeddable":true,"href":"https:\/\/www.petitelaure.com\/pl\/wp-json\/wp\/v2\/comments?post=1261"}],"version-history":[{"count":9,"href":"https:\/\/www.petitelaure.com\/pl\/wp-json\/wp\/v2\/pages\/1261\/revisions"}],"predecessor-version":[{"id":11353,"href":"https:\/\/www.petitelaure.com\/pl\/wp-json\/wp\/v2\/pages\/1261\/revisions\/11353"}],"wp:attachment":[{"href":"https:\/\/www.petitelaure.com\/pl\/wp-json\/wp\/v2\/media?parent=1261"}],"curies":[{"name":"wp","href":"https:\/\/api.w.org\/{rel}","templated":true}]}}