{"id":10724,"date":"2023-09-27T14:38:33","date_gmt":"2023-09-27T12:38:33","guid":{"rendered":"https:\/\/www.petitelaure.com\/?page_id=10724"},"modified":"2023-09-28T08:55:15","modified_gmt":"2023-09-28T06:55:15","slug":"go-to-brand","status":"publish","type":"page","link":"https:\/\/www.petitelaure.com\/pl\/go-to-brand\/","title":{"rendered":"GO TO BRAND"},"content":{"rendered":"<p style=\"text-align: center;\"><b>Beneficjent PETITE LAURE PAULINA WUDARCZYK<\/b>\u00a0realizuje projekt nr POIR.03.03.03-14-0217\/19 pn.<\/p>\n<p style=\"text-align: center;\"><b>\u201eWprowadzenie produkt\u00f3w Petite Laure na rynek ameryka\u0144ski\u201d<\/b><\/p>\n<p style=\"text-align: center;\">w ramach Programu Operacyjnego Inteligentny Rozw\u00f3j, poddzia\u0142ania 3.3.3 wsparcie M\u015aP w promocji marek produktowych &#8211; Go to brand<\/p>\n<p style=\"text-align: center;\">Cele i efekty realizacji projektu:\u00a0Celem realizacji przedmiotowego projektu jest wzrost sprzeda\u017cy\u00a0produkt\u00f3w\u00a0marki PETITE LAURE, poszerzenie rynk\u00f3w zbytu, nawi\u0105zanie kontakt\u00f3w biznesowych, zwi\u0119kszenie rozpoznawalno\u015bci marki produktowej oraz osi\u0105gni\u0119cie efekt\u00f3w skali. Realizacja powy\u017cszych dzia\u0142a\u0144 ma doprowadzi\u0107 do nawi\u0105zania docelowych wsp\u00f3\u0142pracy biznesowych oraz osi\u0105gni\u0119cia po\u017c\u0105danej wysoko\u015bci przychod\u00f3w ze sprzeda\u017cy produkt\u00f3w na eksport.<\/p>\n<p style=\"text-align: center;\">Warto\u015b\u0107 projektu: 182\u00a0400,00 PLN<\/p>\n<p style=\"text-align: center;\">Wysoko\u015b\u0107 wk\u0142adu Funduszy Europejskich w realizowany projekt:\u00a0145 920,00 PLN<\/p>\n<p style=\"text-align: center;\">\n<p style=\"text-align: center;\"><b>Beneficjent PETITE LAURE PAULINA WUDARCZYK<\/b>\u00a0realizuje projekt nr POIR.03.03.03-28-0007\/20 pn.<\/p>\n<p style=\"text-align: center;\"><b>\u201eEkspansja zagraniczna Petite Laure Paulina Wudarczyk\u201d<\/b><\/p>\n<p style=\"text-align: center;\">w ramach Programu Operacyjnego Inteligentny Rozw\u00f3j, poddzia\u0142ania 3.3.3 wsparcie M\u015aP w promocji marek produktowych &#8211; Go to brand<\/p>\n<p style=\"text-align: center;\">Cele i efekty realizacji projektu: Celem projektu jest wzrost rozpoznawalno\u015bci przedsi\u0119biorstwa PETITE LAURE PAULINA WUDARCZYK na arenie mi\u0119dzynarodowej oraz promocja jej oferty produktowej. Realizacja dzia\u0142a\u0144 promocyjnych pozwoli na zwi\u0119kszenie rozpoznawalno\u015bci marki Beneficjenta na rynku mi\u0119dzynarodowym. Wszystkie zaplanowane dzia\u0142ania maj\u0105 na celu pozyskanie potencjalnych partner\u00f3w biznesowych oraz odbiorc\u00f3w oferowanych produkt\u00f3w. Dalsza ekspansja na rynki zagraniczne pozwoli zwi\u0119kszy\u0107 sprzeda\u017c oraz otworzy\u0107 nowe kierunki dystrybucji.<\/p>\n<p style=\"text-align: center;\">Warto\u015b\u0107 projektu: 459\u00a0200,00 PLN<\/p>\n<p style=\"text-align: center;\">Wysoko\u015b\u0107 wk\u0142adu Funduszy Europejskich w realizowany projekt: 390 320,00 PLN<\/p>\n","protected":false},"excerpt":{"rendered":"<p>Beneficjent PETITE LAURE PAULINA WUDARCZYK\u00a0realizuje projekt nr POIR.03.03.03-14-0217\/19 pn. \u201eWprowadzenie produkt\u00f3w Petite Laure na rynek ameryka\u0144ski\u201d w ramach Programu Operacyjnego Inteligentny Rozw\u00f3j, poddzia\u0142ania 3.3.3 wsparcie M\u015aP w promocji marek produktowych &#8211; Go to brand Cele i efekty realizacji projektu:\u00a0Celem realizacji przedmiotowego projektu jest wzrost sprzeda\u017cy\u00a0produkt\u00f3w\u00a0marki PETITE LAURE, poszerzenie rynk\u00f3w zbytu, nawi\u0105zanie kontakt\u00f3w biznesowych, zwi\u0119kszenie rozpoznawalno\u015bci [&#8230;]\n","protected":false},"author":2,"featured_media":0,"parent":0,"menu_order":0,"comment_status":"closed","ping_status":"closed","template":"","meta":{"footnotes":""},"class_list":["post-10724","page","type-page","status-publish","hentry"],"yoast_head":"<!-- This site is optimized with the Yoast SEO plugin v26.9 - https:\/\/yoast.com\/product\/yoast-seo-wordpress\/ -->\n<title>GO TO BRAND - petitelaure.com<\/title>\n<meta name=\"robots\" content=\"index, follow, max-snippet:-1, max-image-preview:large, max-video-preview:-1\" \/>\n<link rel=\"canonical\" href=\"https:\/\/www.petitelaure.com\/pl\/go-to-brand\/\" \/>\n<meta property=\"og:locale\" content=\"pl_PL\" \/>\n<meta property=\"og:type\" content=\"article\" \/>\n<meta property=\"og:title\" content=\"GO TO BRAND - petitelaure.com\" \/>\n<meta property=\"og:description\" content=\"Beneficjent PETITE LAURE PAULINA WUDARCZYK\u00a0realizuje projekt nr POIR.03.03.03-14-0217\/19 pn. \u201eWprowadzenie produkt\u00f3w Petite Laure na rynek ameryka\u0144ski\u201d w ramach Programu Operacyjnego Inteligentny Rozw\u00f3j, poddzia\u0142ania 3.3.3 wsparcie M\u015aP w promocji marek produktowych &#8211; Go to brand Cele i efekty realizacji projektu:\u00a0Celem realizacji przedmiotowego projektu jest wzrost sprzeda\u017cy\u00a0produkt\u00f3w\u00a0marki PETITE LAURE, poszerzenie rynk\u00f3w zbytu, nawi\u0105zanie kontakt\u00f3w biznesowych, zwi\u0119kszenie rozpoznawalno\u015bci [...]\" \/>\n<meta property=\"og:url\" content=\"https:\/\/www.petitelaure.com\/pl\/go-to-brand\/\" \/>\n<meta property=\"og:site_name\" content=\"petitelaure.com\" \/>\n<meta property=\"article:modified_time\" content=\"2023-09-28T06:55:15+00:00\" \/>\n<meta name=\"twitter:card\" content=\"summary_large_image\" \/>\n<meta name=\"twitter:label1\" content=\"Szacowany czas czytania\" \/>\n\t<meta name=\"twitter:data1\" content=\"1 minuta\" \/>\n<script type=\"application\/ld+json\" class=\"yoast-schema-graph\">{\"@context\":\"https:\/\/schema.org\",\"@graph\":[{\"@type\":\"WebPage\",\"@id\":\"https:\/\/www.petitelaure.com\/pl\/go-to-brand\/\",\"url\":\"https:\/\/www.petitelaure.com\/pl\/go-to-brand\/\",\"name\":\"GO TO BRAND - petitelaure.com\",\"isPartOf\":{\"@id\":\"https:\/\/www.petitelaure.com\/pl\/#website\"},\"datePublished\":\"2023-09-27T12:38:33+00:00\",\"dateModified\":\"2023-09-28T06:55:15+00:00\",\"breadcrumb\":{\"@id\":\"https:\/\/www.petitelaure.com\/pl\/go-to-brand\/#breadcrumb\"},\"inLanguage\":\"pl-PL\",\"potentialAction\":[{\"@type\":\"ReadAction\",\"target\":[\"https:\/\/www.petitelaure.com\/pl\/go-to-brand\/\"]}]},{\"@type\":\"BreadcrumbList\",\"@id\":\"https:\/\/www.petitelaure.com\/pl\/go-to-brand\/#breadcrumb\",\"itemListElement\":[{\"@type\":\"ListItem\",\"position\":1,\"name\":\"Strona g\u0142\u00f3wna\",\"item\":\"https:\/\/www.petitelaure.com\/pl\/\"},{\"@type\":\"ListItem\",\"position\":2,\"name\":\"GO TO BRAND\"}]},{\"@type\":\"WebSite\",\"@id\":\"https:\/\/www.petitelaure.com\/pl\/#website\",\"url\":\"https:\/\/www.petitelaure.com\/pl\/\",\"name\":\"petitelaure.com\",\"description\":\"\",\"potentialAction\":[{\"@type\":\"SearchAction\",\"target\":{\"@type\":\"EntryPoint\",\"urlTemplate\":\"https:\/\/www.petitelaure.com\/pl\/?s={search_term_string}\"},\"query-input\":{\"@type\":\"PropertyValueSpecification\",\"valueRequired\":true,\"valueName\":\"search_term_string\"}}],\"inLanguage\":\"pl-PL\"}]}<\/script>\n<!-- \/ Yoast SEO plugin. -->","yoast_head_json":{"title":"GO TO BRAND - petitelaure.com","robots":{"index":"index","follow":"follow","max-snippet":"max-snippet:-1","max-image-preview":"max-image-preview:large","max-video-preview":"max-video-preview:-1"},"canonical":"https:\/\/www.petitelaure.com\/pl\/go-to-brand\/","og_locale":"pl_PL","og_type":"article","og_title":"GO TO BRAND - petitelaure.com","og_description":"Beneficjent PETITE LAURE PAULINA WUDARCZYK\u00a0realizuje projekt nr POIR.03.03.03-14-0217\/19 pn. \u201eWprowadzenie produkt\u00f3w Petite Laure na rynek ameryka\u0144ski\u201d w ramach Programu Operacyjnego Inteligentny Rozw\u00f3j, poddzia\u0142ania 3.3.3 wsparcie M\u015aP w promocji marek produktowych &#8211; Go to brand Cele i efekty realizacji projektu:\u00a0Celem realizacji przedmiotowego projektu jest wzrost sprzeda\u017cy\u00a0produkt\u00f3w\u00a0marki PETITE LAURE, poszerzenie rynk\u00f3w zbytu, nawi\u0105zanie kontakt\u00f3w biznesowych, zwi\u0119kszenie rozpoznawalno\u015bci [...]","og_url":"https:\/\/www.petitelaure.com\/pl\/go-to-brand\/","og_site_name":"petitelaure.com","article_modified_time":"2023-09-28T06:55:15+00:00","twitter_card":"summary_large_image","twitter_misc":{"Szacowany czas czytania":"1 minuta"},"schema":{"@context":"https:\/\/schema.org","@graph":[{"@type":"WebPage","@id":"https:\/\/www.petitelaure.com\/pl\/go-to-brand\/","url":"https:\/\/www.petitelaure.com\/pl\/go-to-brand\/","name":"GO TO BRAND - petitelaure.com","isPartOf":{"@id":"https:\/\/www.petitelaure.com\/pl\/#website"},"datePublished":"2023-09-27T12:38:33+00:00","dateModified":"2023-09-28T06:55:15+00:00","breadcrumb":{"@id":"https:\/\/www.petitelaure.com\/pl\/go-to-brand\/#breadcrumb"},"inLanguage":"pl-PL","potentialAction":[{"@type":"ReadAction","target":["https:\/\/www.petitelaure.com\/pl\/go-to-brand\/"]}]},{"@type":"BreadcrumbList","@id":"https:\/\/www.petitelaure.com\/pl\/go-to-brand\/#breadcrumb","itemListElement":[{"@type":"ListItem","position":1,"name":"Strona g\u0142\u00f3wna","item":"https:\/\/www.petitelaure.com\/pl\/"},{"@type":"ListItem","position":2,"name":"GO TO BRAND"}]},{"@type":"WebSite","@id":"https:\/\/www.petitelaure.com\/pl\/#website","url":"https:\/\/www.petitelaure.com\/pl\/","name":"petitelaure.com","description":"","potentialAction":[{"@type":"SearchAction","target":{"@type":"EntryPoint","urlTemplate":"https:\/\/www.petitelaure.com\/pl\/?s={search_term_string}"},"query-input":{"@type":"PropertyValueSpecification","valueRequired":true,"valueName":"search_term_string"}}],"inLanguage":"pl-PL"}]}},"_links":{"self":[{"href":"https:\/\/www.petitelaure.com\/pl\/wp-json\/wp\/v2\/pages\/10724","targetHints":{"allow":["GET"]}}],"collection":[{"href":"https:\/\/www.petitelaure.com\/pl\/wp-json\/wp\/v2\/pages"}],"about":[{"href":"https:\/\/www.petitelaure.com\/pl\/wp-json\/wp\/v2\/types\/page"}],"author":[{"embeddable":true,"href":"https:\/\/www.petitelaure.com\/pl\/wp-json\/wp\/v2\/users\/2"}],"replies":[{"embeddable":true,"href":"https:\/\/www.petitelaure.com\/pl\/wp-json\/wp\/v2\/comments?post=10724"}],"version-history":[{"count":3,"href":"https:\/\/www.petitelaure.com\/pl\/wp-json\/wp\/v2\/pages\/10724\/revisions"}],"predecessor-version":[{"id":10764,"href":"https:\/\/www.petitelaure.com\/pl\/wp-json\/wp\/v2\/pages\/10724\/revisions\/10764"}],"wp:attachment":[{"href":"https:\/\/www.petitelaure.com\/pl\/wp-json\/wp\/v2\/media?parent=10724"}],"curies":[{"name":"wp","href":"https:\/\/api.w.org\/{rel}","templated":true}]}}