{"id":5281,"date":"2022-04-11T20:49:47","date_gmt":"2022-04-11T18:49:46","guid":{"rendered":"https:\/\/www.petitelaure.com\/?post_type=product&#038;p=5281"},"modified":"2025-10-04T18:46:58","modified_gmt":"2025-10-04T16:46:58","slug":"openwork-bamboo-cotton-baby-blanket-pouder-pink-leaves","status":"publish","type":"product","link":"https:\/\/www.petitelaure.com\/fr\/product\/openwork-bamboo-cotton-baby-blanket-pouder-pink-leaves\/","title":{"rendered":"Openwork Bamboo-Cotton Baby Blanket &#8211; Pouder Pink- Leaves"},"content":{"rendered":"<p id=\"tw-target-text\" class=\"tw-data-text tw-text-large XcVN5d tw-ta\" dir=\"ltr\" data-placeholder=\"T\u0142umaczenie\"><span class=\"Y2IQFc\" lang=\"en\">Soft, natural and delicate to the touch baby blanket. <\/span><\/p>\n<p class=\"tw-data-text tw-text-large XcVN5d tw-ta\" dir=\"ltr\" data-placeholder=\"T\u0142umaczenie\"><span class=\"Y2IQFc\" lang=\"en\">It is antiallergic and safe for the sensitive skin of babies, it will provide comfort to the baby from the first days of life. \u00a0 \u00a0 \u00a0 \u00a0 \u00a0 \u00a0 \u00a0 \u00a0 \u00a0 \u00a0 \u00a0 \u00a0 \u00a0 \u00a0 \u00a0 \u00a0 \u00a0 \u00a0 \u00a0 \u00a0 \u00a0 \u00a0 \u00a0 \u00a0 \u00a0 \u00a0It will be perfect for a nap in bed, after a bath or during a walk. It is a soft and warm blanket for a stroller or a car seat. <\/span><\/p>\n<p class=\"tw-data-text tw-text-large XcVN5d tw-ta\" dir=\"ltr\" data-placeholder=\"T\u0142umaczenie\"><span class=\"Y2IQFc\" lang=\"en\">The natural composition of the highest quality cotton and bamboo viscose makes it naturally regulates heat, does not overheat, and is therefore ideal for wrapping your baby. <\/span><\/p>\n<p class=\"tw-data-text tw-text-large XcVN5d tw-ta\" dir=\"ltr\" data-placeholder=\"T\u0142umaczenie\"><span class=\"Y2IQFc\" lang=\"en\">The yarn from which it was made has the OEKO-TEX standard 100 class I certificate. <\/span><\/p>\n<p class=\"tw-data-text tw-text-large XcVN5d tw-ta\" dir=\"ltr\" data-placeholder=\"T\u0142umaczenie\"><span class=\"Y2IQFc\" lang=\"en\">Thanks to this, the blanket is 100% safe and will provide your child with a healthy and restful sleep. A bamboo blanket will certainly be a perfect gift for a baby shower, birthday or other nice occasions.<\/span><\/p>\n<p class=\"tw-data-text tw-text-large XcVN5d tw-ta\" dir=\"ltr\" data-placeholder=\"T\u0142umaczenie\"><span class=\"Y2IQFc\" lang=\"en\">Dimensions: <strong>80 x 100 cm <\/strong><\/span><\/p>\n<p class=\"tw-data-text tw-text-large XcVN5d tw-ta\" dir=\"ltr\" data-placeholder=\"T\u0142umaczenie\"><span class=\"Y2IQFc\" lang=\"en\">Composition: <strong>50% bamboo; 50% cotton<\/strong><\/span><\/p>\n<p class=\"tw-data-text tw-text-large XcVN5d tw-ta\" dir=\"ltr\" data-placeholder=\"T\u0142umaczenie\"><span class=\"Y2IQFc\" lang=\"en\">We recommend: machine washable at 30 \u00b0, max. 800 spin revolutions do not use bleach do not tumble dry do not dry clean.<\/span><\/p>\n<p>&nbsp;<\/p>\n<p>&nbsp;<\/p>\n<p>&nbsp;<\/p>\n","protected":false},"excerpt":{"rendered":"<p>Soft-to-touch bamboo blanket. The blanket will work excellently as a stylish and unusual gift for a baby shower, birthday or another nice occasion.<\/p>\n","protected":false},"featured_media":6567,"comment_status":"open","ping_status":"closed","template":"","meta":[],"product_brand":[],"product_cat":[69,203],"product_tag":[],"class_list":{"0":"post-5281","1":"product","2":"type-product","3":"status-publish","4":"has-post-thumbnail","6":"product_cat-blankets","7":"product_cat-bamboo-blankets","9":"first","10":"instock","11":"shipping-taxable","12":"purchasable","13":"product-type-simple"},"yoast_head":"<!-- This site is optimized with the Yoast SEO plugin v26.9 - https:\/\/yoast.com\/product\/yoast-seo-wordpress\/ -->\n<title>Openwork Bamboo-Cotton Baby Blanket - Pouder Pink- Leaves - petitelaure.com<\/title>\n<meta name=\"description\" content=\"The bamboo baby blanket will work excellently as a stylish and unusual gift for a baby shower, birthday or another nice occasion.\" \/>\n<meta name=\"robots\" content=\"index, follow, max-snippet:-1, max-image-preview:large, max-video-preview:-1\" \/>\n<link rel=\"canonical\" href=\"https:\/\/www.petitelaure.com\/fr\/product\/openwork-bamboo-cotton-baby-blanket-pouder-pink-leaves\/\" \/>\n<meta property=\"og:locale\" content=\"fr_FR\" \/>\n<meta property=\"og:type\" content=\"article\" \/>\n<meta property=\"og:title\" content=\"Openwork Bamboo-Cotton Baby Blanket - Pouder Pink- Leaves - petitelaure.com\" \/>\n<meta property=\"og:description\" content=\"The bamboo baby blanket will work excellently as a stylish and unusual gift for a baby shower, birthday or another nice occasion.\" \/>\n<meta property=\"og:url\" content=\"https:\/\/www.petitelaure.com\/fr\/product\/openwork-bamboo-cotton-baby-blanket-pouder-pink-leaves\/\" \/>\n<meta property=\"og:site_name\" content=\"petitelaure.com\" \/>\n<meta property=\"article:modified_time\" content=\"2025-10-04T16:46:58+00:00\" \/>\n<meta property=\"og:image\" content=\"https:\/\/www.petitelaure.com\/wp-content\/uploads\/2022\/04\/4X0A9424-scaled.jpg\" \/>\n\t<meta property=\"og:image:width\" content=\"1707\" \/>\n\t<meta property=\"og:image:height\" content=\"2560\" \/>\n\t<meta property=\"og:image:type\" content=\"image\/jpeg\" \/>\n<meta name=\"twitter:card\" content=\"summary_large_image\" \/>\n<meta name=\"twitter:label1\" content=\"Dur\u00e9e de lecture estim\u00e9e\" \/>\n\t<meta name=\"twitter:data1\" content=\"2 minutes\" \/>\n<script type=\"application\/ld+json\" class=\"yoast-schema-graph\">{\"@context\":\"https:\/\/schema.org\",\"@graph\":[{\"@type\":\"WebPage\",\"@id\":\"https:\/\/www.petitelaure.com\/fr\/product\/openwork-bamboo-cotton-baby-blanket-pouder-pink-leaves\/\",\"url\":\"https:\/\/www.petitelaure.com\/fr\/product\/openwork-bamboo-cotton-baby-blanket-pouder-pink-leaves\/\",\"name\":\"Openwork Bamboo-Cotton Baby Blanket - Pouder Pink- Leaves - petitelaure.com\",\"isPartOf\":{\"@id\":\"https:\/\/www.petitelaure.com\/fr\/#website\"},\"primaryImageOfPage\":{\"@id\":\"https:\/\/www.petitelaure.com\/fr\/product\/openwork-bamboo-cotton-baby-blanket-pouder-pink-leaves\/#primaryimage\"},\"image\":{\"@id\":\"https:\/\/www.petitelaure.com\/fr\/product\/openwork-bamboo-cotton-baby-blanket-pouder-pink-leaves\/#primaryimage\"},\"thumbnailUrl\":\"https:\/\/www.petitelaure.com\/wp-content\/uploads\/2022\/04\/4X0A9424-scaled.jpg\",\"datePublished\":\"2022-04-11T18:49:46+00:00\",\"dateModified\":\"2025-10-04T16:46:58+00:00\",\"description\":\"The bamboo baby blanket will work excellently as a stylish and unusual gift for a baby shower, birthday or another nice occasion.\",\"breadcrumb\":{\"@id\":\"https:\/\/www.petitelaure.com\/fr\/product\/openwork-bamboo-cotton-baby-blanket-pouder-pink-leaves\/#breadcrumb\"},\"inLanguage\":\"fr-FR\",\"potentialAction\":[{\"@type\":\"ReadAction\",\"target\":[\"https:\/\/www.petitelaure.com\/fr\/product\/openwork-bamboo-cotton-baby-blanket-pouder-pink-leaves\/\"]}]},{\"@type\":\"ImageObject\",\"inLanguage\":\"fr-FR\",\"@id\":\"https:\/\/www.petitelaure.com\/fr\/product\/openwork-bamboo-cotton-baby-blanket-pouder-pink-leaves\/#primaryimage\",\"url\":\"https:\/\/www.petitelaure.com\/wp-content\/uploads\/2022\/04\/4X0A9424-scaled.jpg\",\"contentUrl\":\"https:\/\/www.petitelaure.com\/wp-content\/uploads\/2022\/04\/4X0A9424-scaled.jpg\",\"width\":1707,\"height\":2560,\"caption\":\"Bambusowy r\u00f3\u017cowy kocyk niemowl\u0119cy\"},{\"@type\":\"BreadcrumbList\",\"@id\":\"https:\/\/www.petitelaure.com\/fr\/product\/openwork-bamboo-cotton-baby-blanket-pouder-pink-leaves\/#breadcrumb\",\"itemListElement\":[{\"@type\":\"ListItem\",\"position\":1,\"name\":\"Strona g\u0142\u00f3wna\",\"item\":\"https:\/\/www.petitelaure.com\/fr\/\"},{\"@type\":\"ListItem\",\"position\":2,\"name\":\"Shop\",\"item\":\"https:\/\/www.petitelaure.com\/shop\/\"},{\"@type\":\"ListItem\",\"position\":3,\"name\":\"Openwork Bamboo-Cotton Baby Blanket &#8211; Pouder Pink- Leaves\"}]},{\"@type\":\"WebSite\",\"@id\":\"https:\/\/www.petitelaure.com\/fr\/#website\",\"url\":\"https:\/\/www.petitelaure.com\/fr\/\",\"name\":\"petitelaure.com\",\"description\":\"\",\"potentialAction\":[{\"@type\":\"SearchAction\",\"target\":{\"@type\":\"EntryPoint\",\"urlTemplate\":\"https:\/\/www.petitelaure.com\/fr\/?s={search_term_string}\"},\"query-input\":{\"@type\":\"PropertyValueSpecification\",\"valueRequired\":true,\"valueName\":\"search_term_string\"}}],\"inLanguage\":\"fr-FR\"}]}<\/script>\n<!-- \/ Yoast SEO plugin. -->","yoast_head_json":{"title":"Openwork Bamboo-Cotton Baby Blanket - Pouder Pink- Leaves - petitelaure.com","description":"The bamboo baby blanket will work excellently as a stylish and unusual gift for a baby shower, birthday or another nice occasion.","robots":{"index":"index","follow":"follow","max-snippet":"max-snippet:-1","max-image-preview":"max-image-preview:large","max-video-preview":"max-video-preview:-1"},"canonical":"https:\/\/www.petitelaure.com\/fr\/product\/openwork-bamboo-cotton-baby-blanket-pouder-pink-leaves\/","og_locale":"fr_FR","og_type":"article","og_title":"Openwork Bamboo-Cotton Baby Blanket - Pouder Pink- Leaves - petitelaure.com","og_description":"The bamboo baby blanket will work excellently as a stylish and unusual gift for a baby shower, birthday or another nice occasion.","og_url":"https:\/\/www.petitelaure.com\/fr\/product\/openwork-bamboo-cotton-baby-blanket-pouder-pink-leaves\/","og_site_name":"petitelaure.com","article_modified_time":"2025-10-04T16:46:58+00:00","og_image":[{"width":1707,"height":2560,"url":"https:\/\/www.petitelaure.com\/wp-content\/uploads\/2022\/04\/4X0A9424-scaled.jpg","type":"image\/jpeg"}],"twitter_card":"summary_large_image","twitter_misc":{"Dur\u00e9e de lecture estim\u00e9e":"2 minutes"},"schema":{"@context":"https:\/\/schema.org","@graph":[{"@type":"WebPage","@id":"https:\/\/www.petitelaure.com\/fr\/product\/openwork-bamboo-cotton-baby-blanket-pouder-pink-leaves\/","url":"https:\/\/www.petitelaure.com\/fr\/product\/openwork-bamboo-cotton-baby-blanket-pouder-pink-leaves\/","name":"Openwork Bamboo-Cotton Baby Blanket - Pouder Pink- Leaves - petitelaure.com","isPartOf":{"@id":"https:\/\/www.petitelaure.com\/fr\/#website"},"primaryImageOfPage":{"@id":"https:\/\/www.petitelaure.com\/fr\/product\/openwork-bamboo-cotton-baby-blanket-pouder-pink-leaves\/#primaryimage"},"image":{"@id":"https:\/\/www.petitelaure.com\/fr\/product\/openwork-bamboo-cotton-baby-blanket-pouder-pink-leaves\/#primaryimage"},"thumbnailUrl":"https:\/\/www.petitelaure.com\/wp-content\/uploads\/2022\/04\/4X0A9424-scaled.jpg","datePublished":"2022-04-11T18:49:46+00:00","dateModified":"2025-10-04T16:46:58+00:00","description":"The bamboo baby blanket will work excellently as a stylish and unusual gift for a baby shower, birthday or another nice occasion.","breadcrumb":{"@id":"https:\/\/www.petitelaure.com\/fr\/product\/openwork-bamboo-cotton-baby-blanket-pouder-pink-leaves\/#breadcrumb"},"inLanguage":"fr-FR","potentialAction":[{"@type":"ReadAction","target":["https:\/\/www.petitelaure.com\/fr\/product\/openwork-bamboo-cotton-baby-blanket-pouder-pink-leaves\/"]}]},{"@type":"ImageObject","inLanguage":"fr-FR","@id":"https:\/\/www.petitelaure.com\/fr\/product\/openwork-bamboo-cotton-baby-blanket-pouder-pink-leaves\/#primaryimage","url":"https:\/\/www.petitelaure.com\/wp-content\/uploads\/2022\/04\/4X0A9424-scaled.jpg","contentUrl":"https:\/\/www.petitelaure.com\/wp-content\/uploads\/2022\/04\/4X0A9424-scaled.jpg","width":1707,"height":2560,"caption":"Bambusowy r\u00f3\u017cowy kocyk niemowl\u0119cy"},{"@type":"BreadcrumbList","@id":"https:\/\/www.petitelaure.com\/fr\/product\/openwork-bamboo-cotton-baby-blanket-pouder-pink-leaves\/#breadcrumb","itemListElement":[{"@type":"ListItem","position":1,"name":"Strona g\u0142\u00f3wna","item":"https:\/\/www.petitelaure.com\/fr\/"},{"@type":"ListItem","position":2,"name":"Shop","item":"https:\/\/www.petitelaure.com\/shop\/"},{"@type":"ListItem","position":3,"name":"Openwork Bamboo-Cotton Baby Blanket &#8211; Pouder Pink- Leaves"}]},{"@type":"WebSite","@id":"https:\/\/www.petitelaure.com\/fr\/#website","url":"https:\/\/www.petitelaure.com\/fr\/","name":"petitelaure.com","description":"","potentialAction":[{"@type":"SearchAction","target":{"@type":"EntryPoint","urlTemplate":"https:\/\/www.petitelaure.com\/fr\/?s={search_term_string}"},"query-input":{"@type":"PropertyValueSpecification","valueRequired":true,"valueName":"search_term_string"}}],"inLanguage":"fr-FR"}]}},"_links":{"self":[{"href":"https:\/\/www.petitelaure.com\/fr\/wp-json\/wp\/v2\/product\/5281","targetHints":{"allow":["GET"]}}],"collection":[{"href":"https:\/\/www.petitelaure.com\/fr\/wp-json\/wp\/v2\/product"}],"about":[{"href":"https:\/\/www.petitelaure.com\/fr\/wp-json\/wp\/v2\/types\/product"}],"replies":[{"embeddable":true,"href":"https:\/\/www.petitelaure.com\/fr\/wp-json\/wp\/v2\/comments?post=5281"}],"wp:featuredmedia":[{"embeddable":true,"href":"https:\/\/www.petitelaure.com\/fr\/wp-json\/wp\/v2\/media\/6567"}],"wp:attachment":[{"href":"https:\/\/www.petitelaure.com\/fr\/wp-json\/wp\/v2\/media?parent=5281"}],"wp:term":[{"taxonomy":"product_brand","embeddable":true,"href":"https:\/\/www.petitelaure.com\/fr\/wp-json\/wp\/v2\/product_brand?post=5281"},{"taxonomy":"product_cat","embeddable":true,"href":"https:\/\/www.petitelaure.com\/fr\/wp-json\/wp\/v2\/product_cat?post=5281"},{"taxonomy":"product_tag","embeddable":true,"href":"https:\/\/www.petitelaure.com\/fr\/wp-json\/wp\/v2\/product_tag?post=5281"}],"curies":[{"name":"wp","href":"https:\/\/api.w.org\/{rel}","templated":true}]}}