{"id":1536,"date":"2020-10-31T23:30:56","date_gmt":"2020-10-31T22:30:56","guid":{"rendered":"https:\/\/www.petitelaure.com\/?post_type=product&#038;p=1536"},"modified":"2025-09-08T23:12:41","modified_gmt":"2025-09-08T21:12:41","slug":"bamboo-baby-swaddle-swallows","status":"publish","type":"product","link":"https:\/\/www.petitelaure.com\/fr\/produit\/bamboo-baby-swaddle-swallows\/","title":{"rendered":"Baby Bamboo Swaddle Swallows"},"content":{"rendered":"<h2>Bamboo Baby Swaddle Swallows<\/h2>\n<p>Soft muslin baby nappy from PETITE LAURE is a must-have of any layette,<br \/>\nmade of 100% bamboo yarn. An product that is indispensable in any everyday situation: as a cuddle-blanket, during feeding, winding, resting, alight cover, protection from sun, as a changing pad, comforter for sleeping or during teething, and also as a handy towel.<\/p>\n<p><strong>THE MOST IMPORTANT PROPERTIES OF BAMBOO<\/strong><\/p>\n<blockquote>\n<h3><strong>3 x A: antibacterial, antifungal, antiallergenic<\/strong><\/h3>\n<\/blockquote>\n<ul>\n<li>free from pesticides and contaminants<\/li>\n<li>water absorption 60% higher than that of cotton<\/li>\n<li>self-sterilising (fabric self-sterilises in 30%, which provides the feeling of<br \/>\nfreshness)<\/li>\n<li>neutralisation of unpleasant smells (it absorbs unpleasant smells and releases<br \/>\nthem only when washed in water)<\/li>\n<li>pe\u0142na biodegradowalno\u015b\u0107<\/li>\n<li>fully biodegradable<\/li>\n<li>temperature regulation properties (bamboo fabric keeps the temperature 2 degrees lower from the surroundings)<\/li>\n<\/ul>\n<p><strong>SILVER PLUS PROTECTION FORMULA<\/strong><\/p>\n<p>The Silver Plus Protection Formula (silver ions) \u2013 invisible and undetectable by<br \/>\ntouch. It has many positive properties. The most important function of the Silver Plus Formula (silver ions) is elimination of bacteria, as well as moulds and fungi. Additionally, silver ions prevent the development of dust mites which are one of the most common causes of allergies in children and babies.<\/p>\n<p>The silver nanoparticles used in the Silver Plus Formula are antiallergenic, they do not cause skin irritation and are non-toxic. However, they have a positive impact on the treatment of skin conditions, including atopic eczema.<\/p>\n<p>Fabric dyes are user- and environment-friendly, which is confirmed by the OEKO-<br \/>\nTEX Standard 100 certificate.<\/p>\n<p>Washing recommended before first use. With each wash the swaddle blanket becomes even more gentle.<\/p>\n<p>Made in Poland<\/p>\n<p>Composition: <strong>100% CV Bamboo<\/strong><\/p>\n<p>Dimensions: <strong>100 x 100 cm<\/strong> (+\/- 2 cm)<\/p>\n<p>We recommend a gentle wash at 30 deg. C, spin setting max. 800 rev\/min,<br \/>\nmedium ironing temperature, do not bleach.<\/p>\n","protected":false},"excerpt":{"rendered":"<p>Bamboo Baby Swaddle is soft against your baby&rsquo;s skin. This lightweight and breathable baby nappy is made of antibacterial, antifungal, antiallergenic bamboo yarn.<\/p>\n","protected":false},"featured_media":1306,"comment_status":"open","ping_status":"closed","template":"","meta":[],"product_brand":[],"product_cat":[68],"product_tag":[112,117,113,116,114,115,111],"class_list":{"0":"post-1536","1":"product","2":"type-product","3":"status-publish","4":"has-post-thumbnail","6":"product_cat-swaddles","7":"product_tag-baby-blanket","8":"product_tag-baby-essentials","9":"product_tag-baby-shower","10":"product_tag-brown","11":"product_tag-herringbone","12":"product_tag-natural-color","13":"product_tag-swaddle","15":"first","16":"instock","17":"sold-individually","18":"shipping-taxable","19":"purchasable","20":"product-type-simple"},"yoast_head":"<!-- This site is optimized with the Yoast SEO plugin v26.9 - https:\/\/yoast.com\/product\/yoast-seo-wordpress\/ -->\n<title>Baby Bamboo Swaddle Swallows - petitelaure.com<\/title>\n<meta name=\"description\" content=\"Soft muslin baby nappy from PETITE LAURE. Newborn baby swaddle made of antibacterial, antifungal, antiallergenic bamboo yarn.\" \/>\n<meta name=\"robots\" content=\"index, follow, max-snippet:-1, max-image-preview:large, max-video-preview:-1\" \/>\n<link rel=\"canonical\" href=\"https:\/\/www.petitelaure.com\/fr\/produit\/bamboo-baby-swaddle-swallows\/\" \/>\n<meta property=\"og:locale\" content=\"fr_FR\" \/>\n<meta property=\"og:type\" content=\"article\" \/>\n<meta property=\"og:title\" content=\"Baby Bamboo Swaddle Swallows - petitelaure.com\" \/>\n<meta property=\"og:description\" content=\"Soft muslin baby nappy from PETITE LAURE. Newborn baby swaddle made of antibacterial, antifungal, antiallergenic bamboo yarn.\" \/>\n<meta property=\"og:url\" content=\"https:\/\/www.petitelaure.com\/fr\/produit\/bamboo-baby-swaddle-swallows\/\" \/>\n<meta property=\"og:site_name\" content=\"petitelaure.com\" \/>\n<meta property=\"article:modified_time\" content=\"2025-09-08T21:12:41+00:00\" \/>\n<meta property=\"og:image\" content=\"https:\/\/www.petitelaure.com\/wp-content\/uploads\/2020\/10\/Jaskolki-1.jpg\" \/>\n\t<meta property=\"og:image:width\" content=\"1200\" \/>\n\t<meta property=\"og:image:height\" content=\"1200\" \/>\n\t<meta property=\"og:image:type\" content=\"image\/jpeg\" \/>\n<meta name=\"twitter:card\" content=\"summary_large_image\" \/>\n<meta name=\"twitter:label1\" content=\"Dur\u00e9e de lecture estim\u00e9e\" \/>\n\t<meta name=\"twitter:data1\" content=\"2 minutes\" \/>\n<script type=\"application\/ld+json\" class=\"yoast-schema-graph\">{\"@context\":\"https:\/\/schema.org\",\"@graph\":[{\"@type\":\"WebPage\",\"@id\":\"https:\/\/www.petitelaure.com\/fr\/produit\/bamboo-baby-swaddle-swallows\/\",\"url\":\"https:\/\/www.petitelaure.com\/fr\/produit\/bamboo-baby-swaddle-swallows\/\",\"name\":\"Baby Bamboo Swaddle Swallows - petitelaure.com\",\"isPartOf\":{\"@id\":\"https:\/\/www.petitelaure.com\/fr\/#website\"},\"primaryImageOfPage\":{\"@id\":\"https:\/\/www.petitelaure.com\/fr\/produit\/bamboo-baby-swaddle-swallows\/#primaryimage\"},\"image\":{\"@id\":\"https:\/\/www.petitelaure.com\/fr\/produit\/bamboo-baby-swaddle-swallows\/#primaryimage\"},\"thumbnailUrl\":\"https:\/\/www.petitelaure.com\/wp-content\/uploads\/2020\/10\/Jaskolki-1.jpg\",\"datePublished\":\"2020-10-31T22:30:56+00:00\",\"dateModified\":\"2025-09-08T21:12:41+00:00\",\"description\":\"Soft muslin baby nappy from PETITE LAURE. Newborn baby swaddle made of antibacterial, antifungal, antiallergenic bamboo yarn.\",\"breadcrumb\":{\"@id\":\"https:\/\/www.petitelaure.com\/fr\/produit\/bamboo-baby-swaddle-swallows\/#breadcrumb\"},\"inLanguage\":\"fr-FR\",\"potentialAction\":[{\"@type\":\"ReadAction\",\"target\":[\"https:\/\/www.petitelaure.com\/fr\/produit\/bamboo-baby-swaddle-swallows\/\"]}]},{\"@type\":\"ImageObject\",\"inLanguage\":\"fr-FR\",\"@id\":\"https:\/\/www.petitelaure.com\/fr\/produit\/bamboo-baby-swaddle-swallows\/#primaryimage\",\"url\":\"https:\/\/www.petitelaure.com\/wp-content\/uploads\/2020\/10\/Jaskolki-1.jpg\",\"contentUrl\":\"https:\/\/www.petitelaure.com\/wp-content\/uploads\/2020\/10\/Jaskolki-1.jpg\",\"width\":1200,\"height\":1200,\"caption\":\"Bamboo Baby Nappy Swallows\"},{\"@type\":\"BreadcrumbList\",\"@id\":\"https:\/\/www.petitelaure.com\/fr\/produit\/bamboo-baby-swaddle-swallows\/#breadcrumb\",\"itemListElement\":[{\"@type\":\"ListItem\",\"position\":1,\"name\":\"Strona g\u0142\u00f3wna\",\"item\":\"https:\/\/www.petitelaure.com\/fr\/\"},{\"@type\":\"ListItem\",\"position\":2,\"name\":\"Shop\",\"item\":\"https:\/\/www.petitelaure.com\/shop\/\"},{\"@type\":\"ListItem\",\"position\":3,\"name\":\"Baby Bamboo Swaddle Swallows\"}]},{\"@type\":\"WebSite\",\"@id\":\"https:\/\/www.petitelaure.com\/fr\/#website\",\"url\":\"https:\/\/www.petitelaure.com\/fr\/\",\"name\":\"petitelaure.com\",\"description\":\"\",\"potentialAction\":[{\"@type\":\"SearchAction\",\"target\":{\"@type\":\"EntryPoint\",\"urlTemplate\":\"https:\/\/www.petitelaure.com\/fr\/?s={search_term_string}\"},\"query-input\":{\"@type\":\"PropertyValueSpecification\",\"valueRequired\":true,\"valueName\":\"search_term_string\"}}],\"inLanguage\":\"fr-FR\"}]}<\/script>\n<!-- \/ Yoast SEO plugin. -->","yoast_head_json":{"title":"Baby Bamboo Swaddle Swallows - petitelaure.com","description":"Soft muslin baby nappy from PETITE LAURE. Newborn baby swaddle made of antibacterial, antifungal, antiallergenic bamboo yarn.","robots":{"index":"index","follow":"follow","max-snippet":"max-snippet:-1","max-image-preview":"max-image-preview:large","max-video-preview":"max-video-preview:-1"},"canonical":"https:\/\/www.petitelaure.com\/fr\/produit\/bamboo-baby-swaddle-swallows\/","og_locale":"fr_FR","og_type":"article","og_title":"Baby Bamboo Swaddle Swallows - petitelaure.com","og_description":"Soft muslin baby nappy from PETITE LAURE. Newborn baby swaddle made of antibacterial, antifungal, antiallergenic bamboo yarn.","og_url":"https:\/\/www.petitelaure.com\/fr\/produit\/bamboo-baby-swaddle-swallows\/","og_site_name":"petitelaure.com","article_modified_time":"2025-09-08T21:12:41+00:00","og_image":[{"width":1200,"height":1200,"url":"https:\/\/www.petitelaure.com\/wp-content\/uploads\/2020\/10\/Jaskolki-1.jpg","type":"image\/jpeg"}],"twitter_card":"summary_large_image","twitter_misc":{"Dur\u00e9e de lecture estim\u00e9e":"2 minutes"},"schema":{"@context":"https:\/\/schema.org","@graph":[{"@type":"WebPage","@id":"https:\/\/www.petitelaure.com\/fr\/produit\/bamboo-baby-swaddle-swallows\/","url":"https:\/\/www.petitelaure.com\/fr\/produit\/bamboo-baby-swaddle-swallows\/","name":"Baby Bamboo Swaddle Swallows - petitelaure.com","isPartOf":{"@id":"https:\/\/www.petitelaure.com\/fr\/#website"},"primaryImageOfPage":{"@id":"https:\/\/www.petitelaure.com\/fr\/produit\/bamboo-baby-swaddle-swallows\/#primaryimage"},"image":{"@id":"https:\/\/www.petitelaure.com\/fr\/produit\/bamboo-baby-swaddle-swallows\/#primaryimage"},"thumbnailUrl":"https:\/\/www.petitelaure.com\/wp-content\/uploads\/2020\/10\/Jaskolki-1.jpg","datePublished":"2020-10-31T22:30:56+00:00","dateModified":"2025-09-08T21:12:41+00:00","description":"Soft muslin baby nappy from PETITE LAURE. Newborn baby swaddle made of antibacterial, antifungal, antiallergenic bamboo yarn.","breadcrumb":{"@id":"https:\/\/www.petitelaure.com\/fr\/produit\/bamboo-baby-swaddle-swallows\/#breadcrumb"},"inLanguage":"fr-FR","potentialAction":[{"@type":"ReadAction","target":["https:\/\/www.petitelaure.com\/fr\/produit\/bamboo-baby-swaddle-swallows\/"]}]},{"@type":"ImageObject","inLanguage":"fr-FR","@id":"https:\/\/www.petitelaure.com\/fr\/produit\/bamboo-baby-swaddle-swallows\/#primaryimage","url":"https:\/\/www.petitelaure.com\/wp-content\/uploads\/2020\/10\/Jaskolki-1.jpg","contentUrl":"https:\/\/www.petitelaure.com\/wp-content\/uploads\/2020\/10\/Jaskolki-1.jpg","width":1200,"height":1200,"caption":"Bamboo Baby Nappy Swallows"},{"@type":"BreadcrumbList","@id":"https:\/\/www.petitelaure.com\/fr\/produit\/bamboo-baby-swaddle-swallows\/#breadcrumb","itemListElement":[{"@type":"ListItem","position":1,"name":"Strona g\u0142\u00f3wna","item":"https:\/\/www.petitelaure.com\/fr\/"},{"@type":"ListItem","position":2,"name":"Shop","item":"https:\/\/www.petitelaure.com\/shop\/"},{"@type":"ListItem","position":3,"name":"Baby Bamboo Swaddle Swallows"}]},{"@type":"WebSite","@id":"https:\/\/www.petitelaure.com\/fr\/#website","url":"https:\/\/www.petitelaure.com\/fr\/","name":"petitelaure.com","description":"","potentialAction":[{"@type":"SearchAction","target":{"@type":"EntryPoint","urlTemplate":"https:\/\/www.petitelaure.com\/fr\/?s={search_term_string}"},"query-input":{"@type":"PropertyValueSpecification","valueRequired":true,"valueName":"search_term_string"}}],"inLanguage":"fr-FR"}]}},"_links":{"self":[{"href":"https:\/\/www.petitelaure.com\/fr\/wp-json\/wp\/v2\/product\/1536","targetHints":{"allow":["GET"]}}],"collection":[{"href":"https:\/\/www.petitelaure.com\/fr\/wp-json\/wp\/v2\/product"}],"about":[{"href":"https:\/\/www.petitelaure.com\/fr\/wp-json\/wp\/v2\/types\/product"}],"replies":[{"embeddable":true,"href":"https:\/\/www.petitelaure.com\/fr\/wp-json\/wp\/v2\/comments?post=1536"}],"wp:featuredmedia":[{"embeddable":true,"href":"https:\/\/www.petitelaure.com\/fr\/wp-json\/wp\/v2\/media\/1306"}],"wp:attachment":[{"href":"https:\/\/www.petitelaure.com\/fr\/wp-json\/wp\/v2\/media?parent=1536"}],"wp:term":[{"taxonomy":"product_brand","embeddable":true,"href":"https:\/\/www.petitelaure.com\/fr\/wp-json\/wp\/v2\/product_brand?post=1536"},{"taxonomy":"product_cat","embeddable":true,"href":"https:\/\/www.petitelaure.com\/fr\/wp-json\/wp\/v2\/product_cat?post=1536"},{"taxonomy":"product_tag","embeddable":true,"href":"https:\/\/www.petitelaure.com\/fr\/wp-json\/wp\/v2\/product_tag?post=1536"}],"curies":[{"name":"wp","href":"https:\/\/api.w.org\/{rel}","templated":true}]}}