{"id":11104,"date":"2021-06-05T21:04:11","date_gmt":"2023-10-30T12:22:25","guid":{"rendered":"https:\/\/www.petitelaure.com\/?post_type=product&#038;p=11104"},"modified":"2023-10-30T13:22:25","modified_gmt":"2023-10-30T12:22:25","slug":"coffret-cadeau","status":"publish","type":"product","link":"https:\/\/www.petitelaure.com\/fr\/produit\/coffret-cadeau\/","title":{"rendered":"Coffret cadeau #2"},"content":{"rendered":"<p id=\"tw-target-text\" class=\"tw-data-text tw-text-large tw-ta\" dir=\"ltr\" data-placeholder=\"T\u0142umaczenie\" data-ved=\"2ahUKEwja_Ny54J2CAxV6FxAIHb9WBNwQ3ewLegQICRAQ\"><span class=\"Y2IQFc\" lang=\"fr\">L&rsquo;ensemble comprend une couverture en bambou de votre choix et une \u00e9charpe en bambou de 75 x 100 cm. <\/span><\/p>\n<p class=\"tw-data-text tw-text-large tw-ta\" dir=\"ltr\" data-placeholder=\"T\u0142umaczenie\" data-ved=\"2ahUKEwja_Ny54J2CAxV6FxAIHb9WBNwQ3ewLegQICRAQ\"><span class=\"Y2IQFc\" lang=\"fr\">L&rsquo;ensemble est emball\u00e9 dans une \u00e9l\u00e9gante valise portant notre logo.<\/span><\/p>\n<p class=\"tw-data-text tw-text-large tw-ta\" dir=\"ltr\" data-placeholder=\"T\u0142umaczenie\" data-ved=\"2ahUKEwja_Ny54J2CAxV6FxAIHb9WBNwQ3ewLegQICRAQ\"><strong><span class=\"Y2IQFc\" lang=\"fr\">Dimensions : <\/span><\/strong><\/p>\n<p class=\"tw-data-text tw-text-large tw-ta\" dir=\"ltr\" data-placeholder=\"T\u0142umaczenie\" data-ved=\"2ahUKEwja_Ny54J2CAxV6FxAIHb9WBNwQ3ewLegQICRAQ\"><span class=\"Y2IQFc\" lang=\"fr\">Couverture en bambou: 80 x 100 cm, <\/span><\/p>\n<p class=\"tw-data-text tw-text-large tw-ta\" dir=\"ltr\" data-placeholder=\"T\u0142umaczenie\" data-ved=\"2ahUKEwja_Ny54J2CAxV6FxAIHb9WBNwQ3ewLegQICRAQ\"><span class=\"Y2IQFc\" lang=\"fr\">Enveloppe en bambou: 75 x 100 cm<\/span><\/p>\n<div id=\"tw-target-rmn-container\" class=\"tw-target-rmn tw-ta-container F0azHf tw-nfl\">\n<div class=\"iYB33c\">\n<div class=\"dlJLJe\">\n<div data-cviv=\"false\" data-ved=\"2ahUKEwja_Ny54J2CAxV6FxAIHb9WBNwQz_AEegQICRAR\">\n<div class=\"U9URNb\"><\/div>\n<\/div>\n<\/div>\n<div id=\"tw-tmenu\" class=\"tw-menu\"><\/div>\n<\/div>\n<\/div>\n<p dir=\"ltr\" data-placeholder=\"T\u0142umaczenie\" data-ved=\"2ahUKEwja_Ny54J2CAxV6FxAIHb9WBNwQ3ewLegQICRAQ\">\n","protected":false},"excerpt":{"rendered":"<p>L&rsquo;ensemble comprend une couverture en bambou de votre choix et une \u00e9charpe en bambou de 75 x 100 cm. L&rsquo;ensemble est emball\u00e9 dans une \u00e9l\u00e9gante valise portant notre logo. Dimensions : Couverture en bambou: 80 x 100 cm, Enveloppe en bambou: 75 x 100 cm<\/p>\n","protected":false},"featured_media":11101,"comment_status":"open","ping_status":"closed","template":"","meta":[],"product_brand":[],"product_cat":[389],"product_tag":[],"class_list":{"0":"post-11104","1":"product","2":"type-product","3":"status-publish","4":"has-post-thumbnail","6":"product_cat-coffrets-cadeaux","8":"first","9":"outofstock","10":"shipping-taxable","11":"purchasable","12":"product-type-simple"},"yoast_head":"<!-- This site is optimized with the Yoast SEO plugin v26.9 - https:\/\/yoast.com\/product\/yoast-seo-wordpress\/ -->\n<title>Coffret cadeau #2 - petitelaure.com<\/title>\n<meta name=\"description\" content=\"Coffret cadeau #2\" \/>\n<meta name=\"robots\" content=\"index, follow, max-snippet:-1, max-image-preview:large, max-video-preview:-1\" \/>\n<link rel=\"canonical\" href=\"https:\/\/www.petitelaure.com\/fr\/produit\/coffret-cadeau\/\" \/>\n<meta property=\"og:locale\" content=\"fr_FR\" \/>\n<meta property=\"og:type\" content=\"article\" \/>\n<meta property=\"og:title\" content=\"Coffret cadeau #2 - petitelaure.com\" \/>\n<meta property=\"og:description\" content=\"Coffret cadeau #2\" \/>\n<meta property=\"og:url\" content=\"https:\/\/www.petitelaure.com\/fr\/produit\/coffret-cadeau\/\" \/>\n<meta property=\"og:site_name\" content=\"petitelaure.com\" \/>\n<meta property=\"og:image\" content=\"https:\/\/www.petitelaure.com\/wp-content\/uploads\/2021\/06\/IMG_9023.jpg\" \/>\n\t<meta property=\"og:image:width\" content=\"1290\" \/>\n\t<meta property=\"og:image:height\" content=\"1917\" \/>\n\t<meta property=\"og:image:type\" content=\"image\/jpeg\" \/>\n<meta name=\"twitter:card\" content=\"summary_large_image\" \/>\n<meta name=\"twitter:label1\" content=\"Dur\u00e9e de lecture estim\u00e9e\" \/>\n\t<meta name=\"twitter:data1\" content=\"1 minute\" \/>\n<script type=\"application\/ld+json\" class=\"yoast-schema-graph\">{\"@context\":\"https:\/\/schema.org\",\"@graph\":[{\"@type\":\"WebPage\",\"@id\":\"https:\/\/www.petitelaure.com\/fr\/produit\/coffret-cadeau\/\",\"url\":\"https:\/\/www.petitelaure.com\/fr\/produit\/coffret-cadeau\/\",\"name\":\"Coffret cadeau #2 - petitelaure.com\",\"isPartOf\":{\"@id\":\"https:\/\/www.petitelaure.com\/fr\/#website\"},\"primaryImageOfPage\":{\"@id\":\"https:\/\/www.petitelaure.com\/fr\/produit\/coffret-cadeau\/#primaryimage\"},\"image\":{\"@id\":\"https:\/\/www.petitelaure.com\/fr\/produit\/coffret-cadeau\/#primaryimage\"},\"thumbnailUrl\":\"https:\/\/www.petitelaure.com\/wp-content\/uploads\/2021\/06\/IMG_9023.jpg\",\"datePublished\":\"2023-10-30T12:22:25+00:00\",\"description\":\"Coffret cadeau #2\",\"breadcrumb\":{\"@id\":\"https:\/\/www.petitelaure.com\/fr\/produit\/coffret-cadeau\/#breadcrumb\"},\"inLanguage\":\"fr-FR\",\"potentialAction\":[{\"@type\":\"ReadAction\",\"target\":[\"https:\/\/www.petitelaure.com\/fr\/produit\/coffret-cadeau\/\"]}]},{\"@type\":\"ImageObject\",\"inLanguage\":\"fr-FR\",\"@id\":\"https:\/\/www.petitelaure.com\/fr\/produit\/coffret-cadeau\/#primaryimage\",\"url\":\"https:\/\/www.petitelaure.com\/wp-content\/uploads\/2021\/06\/IMG_9023.jpg\",\"contentUrl\":\"https:\/\/www.petitelaure.com\/wp-content\/uploads\/2021\/06\/IMG_9023.jpg\",\"width\":1290,\"height\":1917,\"caption\":\"bambusowy kocyk niemowl\u0119cy Petite Laure\"},{\"@type\":\"BreadcrumbList\",\"@id\":\"https:\/\/www.petitelaure.com\/fr\/produit\/coffret-cadeau\/#breadcrumb\",\"itemListElement\":[{\"@type\":\"ListItem\",\"position\":1,\"name\":\"Strona g\u0142\u00f3wna\",\"item\":\"https:\/\/www.petitelaure.com\/fr\/\"},{\"@type\":\"ListItem\",\"position\":2,\"name\":\"Shop\",\"item\":\"https:\/\/www.petitelaure.com\/shop\/\"},{\"@type\":\"ListItem\",\"position\":3,\"name\":\"Coffret cadeau #2\"}]},{\"@type\":\"WebSite\",\"@id\":\"https:\/\/www.petitelaure.com\/fr\/#website\",\"url\":\"https:\/\/www.petitelaure.com\/fr\/\",\"name\":\"petitelaure.com\",\"description\":\"\",\"potentialAction\":[{\"@type\":\"SearchAction\",\"target\":{\"@type\":\"EntryPoint\",\"urlTemplate\":\"https:\/\/www.petitelaure.com\/fr\/?s={search_term_string}\"},\"query-input\":{\"@type\":\"PropertyValueSpecification\",\"valueRequired\":true,\"valueName\":\"search_term_string\"}}],\"inLanguage\":\"fr-FR\"}]}<\/script>\n<!-- \/ Yoast SEO plugin. -->","yoast_head_json":{"title":"Coffret cadeau #2 - petitelaure.com","description":"Coffret cadeau #2","robots":{"index":"index","follow":"follow","max-snippet":"max-snippet:-1","max-image-preview":"max-image-preview:large","max-video-preview":"max-video-preview:-1"},"canonical":"https:\/\/www.petitelaure.com\/fr\/produit\/coffret-cadeau\/","og_locale":"fr_FR","og_type":"article","og_title":"Coffret cadeau #2 - petitelaure.com","og_description":"Coffret cadeau #2","og_url":"https:\/\/www.petitelaure.com\/fr\/produit\/coffret-cadeau\/","og_site_name":"petitelaure.com","og_image":[{"width":1290,"height":1917,"url":"https:\/\/www.petitelaure.com\/wp-content\/uploads\/2021\/06\/IMG_9023.jpg","type":"image\/jpeg"}],"twitter_card":"summary_large_image","twitter_misc":{"Dur\u00e9e de lecture estim\u00e9e":"1 minute"},"schema":{"@context":"https:\/\/schema.org","@graph":[{"@type":"WebPage","@id":"https:\/\/www.petitelaure.com\/fr\/produit\/coffret-cadeau\/","url":"https:\/\/www.petitelaure.com\/fr\/produit\/coffret-cadeau\/","name":"Coffret cadeau #2 - petitelaure.com","isPartOf":{"@id":"https:\/\/www.petitelaure.com\/fr\/#website"},"primaryImageOfPage":{"@id":"https:\/\/www.petitelaure.com\/fr\/produit\/coffret-cadeau\/#primaryimage"},"image":{"@id":"https:\/\/www.petitelaure.com\/fr\/produit\/coffret-cadeau\/#primaryimage"},"thumbnailUrl":"https:\/\/www.petitelaure.com\/wp-content\/uploads\/2021\/06\/IMG_9023.jpg","datePublished":"2023-10-30T12:22:25+00:00","description":"Coffret cadeau #2","breadcrumb":{"@id":"https:\/\/www.petitelaure.com\/fr\/produit\/coffret-cadeau\/#breadcrumb"},"inLanguage":"fr-FR","potentialAction":[{"@type":"ReadAction","target":["https:\/\/www.petitelaure.com\/fr\/produit\/coffret-cadeau\/"]}]},{"@type":"ImageObject","inLanguage":"fr-FR","@id":"https:\/\/www.petitelaure.com\/fr\/produit\/coffret-cadeau\/#primaryimage","url":"https:\/\/www.petitelaure.com\/wp-content\/uploads\/2021\/06\/IMG_9023.jpg","contentUrl":"https:\/\/www.petitelaure.com\/wp-content\/uploads\/2021\/06\/IMG_9023.jpg","width":1290,"height":1917,"caption":"bambusowy kocyk niemowl\u0119cy Petite Laure"},{"@type":"BreadcrumbList","@id":"https:\/\/www.petitelaure.com\/fr\/produit\/coffret-cadeau\/#breadcrumb","itemListElement":[{"@type":"ListItem","position":1,"name":"Strona g\u0142\u00f3wna","item":"https:\/\/www.petitelaure.com\/fr\/"},{"@type":"ListItem","position":2,"name":"Shop","item":"https:\/\/www.petitelaure.com\/shop\/"},{"@type":"ListItem","position":3,"name":"Coffret cadeau #2"}]},{"@type":"WebSite","@id":"https:\/\/www.petitelaure.com\/fr\/#website","url":"https:\/\/www.petitelaure.com\/fr\/","name":"petitelaure.com","description":"","potentialAction":[{"@type":"SearchAction","target":{"@type":"EntryPoint","urlTemplate":"https:\/\/www.petitelaure.com\/fr\/?s={search_term_string}"},"query-input":{"@type":"PropertyValueSpecification","valueRequired":true,"valueName":"search_term_string"}}],"inLanguage":"fr-FR"}]}},"_links":{"self":[{"href":"https:\/\/www.petitelaure.com\/fr\/wp-json\/wp\/v2\/product\/11104","targetHints":{"allow":["GET"]}}],"collection":[{"href":"https:\/\/www.petitelaure.com\/fr\/wp-json\/wp\/v2\/product"}],"about":[{"href":"https:\/\/www.petitelaure.com\/fr\/wp-json\/wp\/v2\/types\/product"}],"replies":[{"embeddable":true,"href":"https:\/\/www.petitelaure.com\/fr\/wp-json\/wp\/v2\/comments?post=11104"}],"wp:featuredmedia":[{"embeddable":true,"href":"https:\/\/www.petitelaure.com\/fr\/wp-json\/wp\/v2\/media\/11101"}],"wp:attachment":[{"href":"https:\/\/www.petitelaure.com\/fr\/wp-json\/wp\/v2\/media?parent=11104"}],"wp:term":[{"taxonomy":"product_brand","embeddable":true,"href":"https:\/\/www.petitelaure.com\/fr\/wp-json\/wp\/v2\/product_brand?post=11104"},{"taxonomy":"product_cat","embeddable":true,"href":"https:\/\/www.petitelaure.com\/fr\/wp-json\/wp\/v2\/product_cat?post=11104"},{"taxonomy":"product_tag","embeddable":true,"href":"https:\/\/www.petitelaure.com\/fr\/wp-json\/wp\/v2\/product_tag?post=11104"}],"curies":[{"name":"wp","href":"https:\/\/api.w.org\/{rel}","templated":true}]}}