{"id":10848,"date":"2020-10-18T23:08:56","date_gmt":"2023-09-29T14:12:21","guid":{"rendered":"https:\/\/www.petitelaure.com\/?post_type=product&#038;p=10848"},"modified":"2023-09-30T16:02:52","modified_gmt":"2023-09-30T14:02:52","slug":"coffret-cadeau-pour-bebe-1","status":"publish","type":"product","link":"https:\/\/www.petitelaure.com\/fr\/produit\/coffret-cadeau-pour-bebe-1\/","title":{"rendered":"Coffret cadeau pour b\u00e9b\u00e9 #1"},"content":{"rendered":"<p id=\"tw-target-text\" class=\"tw-data-text tw-text-large tw-ta\" dir=\"ltr\" data-placeholder=\"T\u0142umaczenie\"><span class=\"Y2IQFc\" lang=\"fr\">Coffret cadeau pour b\u00e9b\u00e9 : lange en coton blanc \u00e0 fleurs brod\u00e9es, couverture b\u00e9b\u00e9 en coton gaufr\u00e9 cr\u00e8me Un \u00e9l\u00e9gant coffret cadeau pour b\u00e9b\u00e9, qui comprend : un lange en mousseline blanche, en coton doux avec des fleurs brod\u00e9es, et une couverture b\u00e9b\u00e9 en gaufrette de coton couleur cr\u00e8me. Le tout est emball\u00e9 dans une \u00e9l\u00e9gante valise logot\u00e9e de couleur naturelle, parfaite pour ranger les bibelots et souvenirs de b\u00e9b\u00e9. Le coffret cadeau b\u00e9b\u00e9 sera parfait comme cadeau \u00e9l\u00e9gant et unique pour accueillir un b\u00e9b\u00e9. C&rsquo;est un cadeau parfait pour une babyshower, un anniversaire ou toute autre occasion agr\u00e9able. Lange b\u00e9b\u00e9 en mousseline blanche en coton avec fleurs brod\u00e9es <\/span><\/p>\n<p class=\"tw-data-text tw-text-large tw-ta\" dir=\"ltr\" data-placeholder=\"T\u0142umaczenie\"><span class=\"Y2IQFc\" lang=\"fr\">Composition : 100% coton de la plus haute qualit\u00e9, dimensions : 100 x 100 cm Couverture b\u00e9b\u00e9 gaufr\u00e9e en coton cr\u00e8me <\/span><\/p>\n<p class=\"tw-data-text tw-text-large tw-ta\" dir=\"ltr\" data-placeholder=\"T\u0142umaczenie\"><span class=\"Y2IQFc\" lang=\"fr\">Composition : 100% coton, dimensions : 75 x 100 cm<\/span><\/p>\n<p class=\"tw-data-text tw-text-large tw-ta\" dir=\"ltr\" data-placeholder=\"T\u0142umaczenie\"><span class=\"Y2IQFc\" lang=\"fr\">Valise \u00e9l\u00e9gante sigl\u00e9e Petite Laure<\/span><\/p>\n","protected":false},"excerpt":{"rendered":"<p>Coffret cadeau pour b\u00e9b\u00e9 : lange en coton blanc \u00e0 fleurs brod\u00e9es, couverture b\u00e9b\u00e9 en coton gaufr\u00e9 cr\u00e8me Un \u00e9l\u00e9gant coffret cadeau pour b\u00e9b\u00e9, qui comprend : un lange en mousseline blanche, en coton doux avec des fleurs brod\u00e9es, et une couverture b\u00e9b\u00e9 en gaufrette de coton couleur cr\u00e8me. Le tout est emball\u00e9 dans une [&#8230;]\n","protected":false},"featured_media":7997,"comment_status":"open","ping_status":"closed","template":"","meta":[],"product_brand":[],"product_cat":[389],"product_tag":[],"class_list":{"0":"post-10848","1":"product","2":"type-product","3":"status-publish","4":"has-post-thumbnail","6":"product_cat-coffrets-cadeaux","8":"first","9":"outofstock","10":"shipping-taxable","11":"purchasable","12":"product-type-simple"},"yoast_head":"<!-- This site is optimized with the Yoast SEO plugin v26.9 - https:\/\/yoast.com\/product\/yoast-seo-wordpress\/ -->\n<title>Coffret cadeau pour b\u00e9b\u00e9 #1 - petitelaure.com<\/title>\n<meta name=\"robots\" content=\"index, follow, max-snippet:-1, max-image-preview:large, max-video-preview:-1\" \/>\n<link rel=\"canonical\" href=\"https:\/\/www.petitelaure.com\/fr\/produit\/coffret-cadeau-pour-bebe-1\/\" \/>\n<meta property=\"og:locale\" content=\"fr_FR\" \/>\n<meta property=\"og:type\" content=\"article\" \/>\n<meta property=\"og:title\" content=\"Coffret cadeau pour b\u00e9b\u00e9 #1 - petitelaure.com\" \/>\n<meta property=\"og:description\" content=\"Coffret cadeau pour b\u00e9b\u00e9 : lange en coton blanc \u00e0 fleurs brod\u00e9es, couverture b\u00e9b\u00e9 en coton gaufr\u00e9 cr\u00e8me Un \u00e9l\u00e9gant coffret cadeau pour b\u00e9b\u00e9, qui comprend : un lange en mousseline blanche, en coton doux avec des fleurs brod\u00e9es, et une couverture b\u00e9b\u00e9 en gaufrette de coton couleur cr\u00e8me. Le tout est emball\u00e9 dans une [...]\" \/>\n<meta property=\"og:url\" content=\"https:\/\/www.petitelaure.com\/fr\/produit\/coffret-cadeau-pour-bebe-1\/\" \/>\n<meta property=\"og:site_name\" content=\"petitelaure.com\" \/>\n<meta property=\"article:modified_time\" content=\"2023-09-30T14:02:52+00:00\" \/>\n<meta property=\"og:image\" content=\"https:\/\/www.petitelaure.com\/wp-content\/uploads\/2020\/10\/IMG_8490-scaled.jpg\" \/>\n\t<meta property=\"og:image:width\" content=\"1707\" \/>\n\t<meta property=\"og:image:height\" content=\"2560\" \/>\n\t<meta property=\"og:image:type\" content=\"image\/jpeg\" \/>\n<meta name=\"twitter:card\" content=\"summary_large_image\" \/>\n<meta name=\"twitter:label1\" content=\"Dur\u00e9e de lecture estim\u00e9e\" \/>\n\t<meta name=\"twitter:data1\" content=\"1 minute\" \/>\n<script type=\"application\/ld+json\" class=\"yoast-schema-graph\">{\"@context\":\"https:\/\/schema.org\",\"@graph\":[{\"@type\":\"WebPage\",\"@id\":\"https:\/\/www.petitelaure.com\/fr\/produit\/coffret-cadeau-pour-bebe-1\/\",\"url\":\"https:\/\/www.petitelaure.com\/fr\/produit\/coffret-cadeau-pour-bebe-1\/\",\"name\":\"Coffret cadeau pour b\u00e9b\u00e9 #1 - petitelaure.com\",\"isPartOf\":{\"@id\":\"https:\/\/www.petitelaure.com\/fr\/#website\"},\"primaryImageOfPage\":{\"@id\":\"https:\/\/www.petitelaure.com\/fr\/produit\/coffret-cadeau-pour-bebe-1\/#primaryimage\"},\"image\":{\"@id\":\"https:\/\/www.petitelaure.com\/fr\/produit\/coffret-cadeau-pour-bebe-1\/#primaryimage\"},\"thumbnailUrl\":\"https:\/\/www.petitelaure.com\/wp-content\/uploads\/2020\/10\/IMG_8490-scaled.jpg\",\"datePublished\":\"2023-09-29T14:12:21+00:00\",\"dateModified\":\"2023-09-30T14:02:52+00:00\",\"breadcrumb\":{\"@id\":\"https:\/\/www.petitelaure.com\/fr\/produit\/coffret-cadeau-pour-bebe-1\/#breadcrumb\"},\"inLanguage\":\"fr-FR\",\"potentialAction\":[{\"@type\":\"ReadAction\",\"target\":[\"https:\/\/www.petitelaure.com\/fr\/produit\/coffret-cadeau-pour-bebe-1\/\"]}]},{\"@type\":\"ImageObject\",\"inLanguage\":\"fr-FR\",\"@id\":\"https:\/\/www.petitelaure.com\/fr\/produit\/coffret-cadeau-pour-bebe-1\/#primaryimage\",\"url\":\"https:\/\/www.petitelaure.com\/wp-content\/uploads\/2020\/10\/IMG_8490-scaled.jpg\",\"contentUrl\":\"https:\/\/www.petitelaure.com\/wp-content\/uploads\/2020\/10\/IMG_8490-scaled.jpg\",\"width\":1707,\"height\":2560},{\"@type\":\"BreadcrumbList\",\"@id\":\"https:\/\/www.petitelaure.com\/fr\/produit\/coffret-cadeau-pour-bebe-1\/#breadcrumb\",\"itemListElement\":[{\"@type\":\"ListItem\",\"position\":1,\"name\":\"Strona g\u0142\u00f3wna\",\"item\":\"https:\/\/www.petitelaure.com\/fr\/\"},{\"@type\":\"ListItem\",\"position\":2,\"name\":\"Shop\",\"item\":\"https:\/\/www.petitelaure.com\/shop\/\"},{\"@type\":\"ListItem\",\"position\":3,\"name\":\"Coffret cadeau pour b\u00e9b\u00e9 #1\"}]},{\"@type\":\"WebSite\",\"@id\":\"https:\/\/www.petitelaure.com\/fr\/#website\",\"url\":\"https:\/\/www.petitelaure.com\/fr\/\",\"name\":\"petitelaure.com\",\"description\":\"\",\"potentialAction\":[{\"@type\":\"SearchAction\",\"target\":{\"@type\":\"EntryPoint\",\"urlTemplate\":\"https:\/\/www.petitelaure.com\/fr\/?s={search_term_string}\"},\"query-input\":{\"@type\":\"PropertyValueSpecification\",\"valueRequired\":true,\"valueName\":\"search_term_string\"}}],\"inLanguage\":\"fr-FR\"}]}<\/script>\n<!-- \/ Yoast SEO plugin. -->","yoast_head_json":{"title":"Coffret cadeau pour b\u00e9b\u00e9 #1 - petitelaure.com","robots":{"index":"index","follow":"follow","max-snippet":"max-snippet:-1","max-image-preview":"max-image-preview:large","max-video-preview":"max-video-preview:-1"},"canonical":"https:\/\/www.petitelaure.com\/fr\/produit\/coffret-cadeau-pour-bebe-1\/","og_locale":"fr_FR","og_type":"article","og_title":"Coffret cadeau pour b\u00e9b\u00e9 #1 - petitelaure.com","og_description":"Coffret cadeau pour b\u00e9b\u00e9 : lange en coton blanc \u00e0 fleurs brod\u00e9es, couverture b\u00e9b\u00e9 en coton gaufr\u00e9 cr\u00e8me Un \u00e9l\u00e9gant coffret cadeau pour b\u00e9b\u00e9, qui comprend : un lange en mousseline blanche, en coton doux avec des fleurs brod\u00e9es, et une couverture b\u00e9b\u00e9 en gaufrette de coton couleur cr\u00e8me. Le tout est emball\u00e9 dans une [...]","og_url":"https:\/\/www.petitelaure.com\/fr\/produit\/coffret-cadeau-pour-bebe-1\/","og_site_name":"petitelaure.com","article_modified_time":"2023-09-30T14:02:52+00:00","og_image":[{"width":1707,"height":2560,"url":"https:\/\/www.petitelaure.com\/wp-content\/uploads\/2020\/10\/IMG_8490-scaled.jpg","type":"image\/jpeg"}],"twitter_card":"summary_large_image","twitter_misc":{"Dur\u00e9e de lecture estim\u00e9e":"1 minute"},"schema":{"@context":"https:\/\/schema.org","@graph":[{"@type":"WebPage","@id":"https:\/\/www.petitelaure.com\/fr\/produit\/coffret-cadeau-pour-bebe-1\/","url":"https:\/\/www.petitelaure.com\/fr\/produit\/coffret-cadeau-pour-bebe-1\/","name":"Coffret cadeau pour b\u00e9b\u00e9 #1 - petitelaure.com","isPartOf":{"@id":"https:\/\/www.petitelaure.com\/fr\/#website"},"primaryImageOfPage":{"@id":"https:\/\/www.petitelaure.com\/fr\/produit\/coffret-cadeau-pour-bebe-1\/#primaryimage"},"image":{"@id":"https:\/\/www.petitelaure.com\/fr\/produit\/coffret-cadeau-pour-bebe-1\/#primaryimage"},"thumbnailUrl":"https:\/\/www.petitelaure.com\/wp-content\/uploads\/2020\/10\/IMG_8490-scaled.jpg","datePublished":"2023-09-29T14:12:21+00:00","dateModified":"2023-09-30T14:02:52+00:00","breadcrumb":{"@id":"https:\/\/www.petitelaure.com\/fr\/produit\/coffret-cadeau-pour-bebe-1\/#breadcrumb"},"inLanguage":"fr-FR","potentialAction":[{"@type":"ReadAction","target":["https:\/\/www.petitelaure.com\/fr\/produit\/coffret-cadeau-pour-bebe-1\/"]}]},{"@type":"ImageObject","inLanguage":"fr-FR","@id":"https:\/\/www.petitelaure.com\/fr\/produit\/coffret-cadeau-pour-bebe-1\/#primaryimage","url":"https:\/\/www.petitelaure.com\/wp-content\/uploads\/2020\/10\/IMG_8490-scaled.jpg","contentUrl":"https:\/\/www.petitelaure.com\/wp-content\/uploads\/2020\/10\/IMG_8490-scaled.jpg","width":1707,"height":2560},{"@type":"BreadcrumbList","@id":"https:\/\/www.petitelaure.com\/fr\/produit\/coffret-cadeau-pour-bebe-1\/#breadcrumb","itemListElement":[{"@type":"ListItem","position":1,"name":"Strona g\u0142\u00f3wna","item":"https:\/\/www.petitelaure.com\/fr\/"},{"@type":"ListItem","position":2,"name":"Shop","item":"https:\/\/www.petitelaure.com\/shop\/"},{"@type":"ListItem","position":3,"name":"Coffret cadeau pour b\u00e9b\u00e9 #1"}]},{"@type":"WebSite","@id":"https:\/\/www.petitelaure.com\/fr\/#website","url":"https:\/\/www.petitelaure.com\/fr\/","name":"petitelaure.com","description":"","potentialAction":[{"@type":"SearchAction","target":{"@type":"EntryPoint","urlTemplate":"https:\/\/www.petitelaure.com\/fr\/?s={search_term_string}"},"query-input":{"@type":"PropertyValueSpecification","valueRequired":true,"valueName":"search_term_string"}}],"inLanguage":"fr-FR"}]}},"_links":{"self":[{"href":"https:\/\/www.petitelaure.com\/fr\/wp-json\/wp\/v2\/product\/10848","targetHints":{"allow":["GET"]}}],"collection":[{"href":"https:\/\/www.petitelaure.com\/fr\/wp-json\/wp\/v2\/product"}],"about":[{"href":"https:\/\/www.petitelaure.com\/fr\/wp-json\/wp\/v2\/types\/product"}],"replies":[{"embeddable":true,"href":"https:\/\/www.petitelaure.com\/fr\/wp-json\/wp\/v2\/comments?post=10848"}],"wp:featuredmedia":[{"embeddable":true,"href":"https:\/\/www.petitelaure.com\/fr\/wp-json\/wp\/v2\/media\/7997"}],"wp:attachment":[{"href":"https:\/\/www.petitelaure.com\/fr\/wp-json\/wp\/v2\/media?parent=10848"}],"wp:term":[{"taxonomy":"product_brand","embeddable":true,"href":"https:\/\/www.petitelaure.com\/fr\/wp-json\/wp\/v2\/product_brand?post=10848"},{"taxonomy":"product_cat","embeddable":true,"href":"https:\/\/www.petitelaure.com\/fr\/wp-json\/wp\/v2\/product_cat?post=10848"},{"taxonomy":"product_tag","embeddable":true,"href":"https:\/\/www.petitelaure.com\/fr\/wp-json\/wp\/v2\/product_tag?post=10848"}],"curies":[{"name":"wp","href":"https:\/\/api.w.org\/{rel}","templated":true}]}}