{"id":10803,"date":"2022-09-08T13:49:31","date_gmt":"2023-09-29T07:45:20","guid":{"rendered":"https:\/\/www.petitelaure.com\/?post_type=product&#038;p=10803"},"modified":"2023-09-29T09:45:21","modified_gmt":"2023-09-29T07:45:21","slug":"couverture-de-siege-auto-pigeon-beige","status":"publish","type":"product","link":"https:\/\/www.petitelaure.com\/fr\/produit\/couverture-de-siege-auto-pigeon-beige\/","title":{"rendered":"Couverture de Si\u00e8ge Auto Pigeon Beige"},"content":{"rendered":"<p><span class=\"Y2IQFc\" lang=\"fr\">Couverture de si\u00e8ge de voiture douce et chaude. D&rsquo;un c\u00f4t\u00e9 en coton doux, de l&rsquo;autre en velours moelleux, avec rembourrage anti-allergique. Les teintures textiles sont respectueuses de l&rsquo;utilisateur et de l&rsquo;environnement, ce qui est confirm\u00e9 par le certificat OEKO-TEX Standard 100. Lavage recommand\u00e9 avant la premi\u00e8re utilisation. \u00c0 chaque lavage, la couverture d&#8217;emmaillotage devient encore plus douce. zrobione w Polsce Composition: Dimensions : 95 x 110 cm (+\/- 2 cm) Nous recommandons un lavage doux \u00e0 30 degr\u00e9s. C, r\u00e9glage d&rsquo;essorage max. 800 tr\/min, repassage \u00e0 temp\u00e9rature moyenne, ne pas blanchir.<\/span><\/p>\n<div id=\"tw-target-rmn-container\" class=\"tw-target-rmn tw-ta-container F0azHf tw-nfl\">\n<div class=\"iYB33c\">\n<div class=\"dlJLJe\">\n<div data-cviv=\"false\" data-ved=\"2ahUKEwjJ09-QnM-BAxWczwIHHXBPB74Qz_AEegQICRAR\">\n<div class=\"U9URNb\"><img loading=\"lazy\" decoding=\"async\" id=\"dimg_3\" class=\"YQ4gaf zr758c wA1Bge\" src=\"data:image\/png;base64,iVBORw0KGgoAAAANSUhEUgAAABQAAAAUCAQAAAAngNWGAAAA\/0lEQVR4AYXNMSiEcRyA4cfmGHQbCZIipkuxnJgMStlMNmeyD2dwmc8+sZgxYJd9ErIZFHUyYYD7fkr6l4\/rnvmtl7+KitrqV\/fq2Y5eLY3Z9S48eRLe7BmVZ9qhTLhQ0algzZWQOVKSsCF8OjAnwbxDTWFDUhPK\/jMr1H6HE\/IqRky2DyvCefuwItwZzodVoYRiLqMkVCXrwpJ9twZ+sgfDYEFYl8wIWxZ9uFf7zkallxlJh4YrLGsKjZRx7VGHhLqwgFUN45DGdb8MeXGpgB4ABZdeDcpZEY51A+hyLKz4S1W4MQWm3AibWtgWmk6dyISa1pSdyWTOlLXVp0+eL9D\/ZPfBTNanAAAAAElFTkSuQmCC\" alt=\"ikona Zweryfikowane przez spo\u0142eczno\u015b\u0107\" width=\"16\" height=\"16\" data-atf=\"0\" data-frt=\"0\" \/><\/div>\n<\/div>\n<\/div>\n<div id=\"tw-tmenu\" class=\"tw-menu\"><span id=\"tw-cpy-btn\" class=\"tw-menu-btn\" tabindex=\"0\" title=\"Kopiuj\" role=\"button\" data-action-target=\"target\" aria-label=\"Skopiuj tekst\" data-ved=\"2ahUKEwjJ09-QnM-BAxWczwIHHXBPB74Q69UBegQICRAU\"><\/span><span id=\"tw-spkr-button\" class=\"tw-menu-btn za3ale\" tabindex=\"0\" role=\"button\" data-action-target=\"target\" data-sttse=\"true\" aria-label=\"Zamiana tekstu na mow\u0119\" data-ved=\"2ahUKEwjJ09-QnM-BAxWczwIHHXBPB74Q8DR6BAgJEBY\"><\/span><\/p>\n<div id=\"tw-images\"><\/div>\n<div class=\"dURPtb\">\n<div>\n<div><\/div>\n<div id=\"tlEx8b\" data-ved=\"2ahUKEwjJ09-QnM-BAxWczwIHHXBPB74Qr_kLegQICRAp\">\n<div>\n<div data-ved=\"2ahUKEwjJ09-QnM-BAxWczwIHHXBPB74Q0uAHegQICRAq\"><\/div>\n<\/div>\n<\/div>\n<\/div>\n<div class=\"KFFQ0c xKf9F\"><\/div>\n<\/div>\n<\/div>\n<\/div>\n<\/div>\n","protected":false},"excerpt":{"rendered":"<p>Couverture de si\u00e8ge de voiture douce et chaude. D&rsquo;un c\u00f4t\u00e9 en coton doux, de l&rsquo;autre en velours moelleux, avec rembourrage anti-allergique. Les teintures textiles sont respectueuses de l&rsquo;utilisateur et de l&rsquo;environnement, ce qui est confirm\u00e9 par le certificat OEKO-TEX Standard 100. Lavage recommand\u00e9 avant la premi\u00e8re utilisation. \u00c0 chaque lavage, la couverture d&#8217;emmaillotage devient encore [&#8230;]\n","protected":false},"featured_media":10156,"comment_status":"open","ping_status":"closed","template":"","meta":[],"product_brand":[],"product_cat":[395,392,216],"product_tag":[],"class_list":{"0":"post-10803","1":"product","2":"type-product","3":"status-publish","4":"has-post-thumbnail","6":"product_cat-couverture-pour-siege-auto","7":"product_cat-couvertures-pour-bebe","8":"product_cat-kokony-gniazda-niemowlece","10":"first","11":"instock","12":"shipping-taxable","13":"purchasable","14":"product-type-simple"},"yoast_head":"<!-- This site is optimized with the Yoast SEO plugin v26.9 - https:\/\/yoast.com\/product\/yoast-seo-wordpress\/ -->\n<title>Couverture de Si\u00e8ge Auto Pigeon Beige - petitelaure.com<\/title>\n<meta name=\"robots\" content=\"index, follow, max-snippet:-1, max-image-preview:large, max-video-preview:-1\" \/>\n<link rel=\"canonical\" href=\"https:\/\/www.petitelaure.com\/fr\/produit\/couverture-de-siege-auto-pigeon-beige\/\" \/>\n<meta property=\"og:locale\" content=\"fr_FR\" \/>\n<meta property=\"og:type\" content=\"article\" \/>\n<meta property=\"og:title\" content=\"Couverture de Si\u00e8ge Auto Pigeon Beige - petitelaure.com\" \/>\n<meta property=\"og:description\" content=\"Couverture de si\u00e8ge de voiture douce et chaude. D&rsquo;un c\u00f4t\u00e9 en coton doux, de l&rsquo;autre en velours moelleux, avec rembourrage anti-allergique. Les teintures textiles sont respectueuses de l&rsquo;utilisateur et de l&rsquo;environnement, ce qui est confirm\u00e9 par le certificat OEKO-TEX Standard 100. Lavage recommand\u00e9 avant la premi\u00e8re utilisation. \u00c0 chaque lavage, la couverture d&#8217;emmaillotage devient encore [...]\" \/>\n<meta property=\"og:url\" content=\"https:\/\/www.petitelaure.com\/fr\/produit\/couverture-de-siege-auto-pigeon-beige\/\" \/>\n<meta property=\"og:site_name\" content=\"petitelaure.com\" \/>\n<meta property=\"article:modified_time\" content=\"2023-09-29T07:45:21+00:00\" \/>\n<meta property=\"og:image\" content=\"https:\/\/www.petitelaure.com\/wp-content\/uploads\/2022\/09\/IMG_0822.jpg\" \/>\n\t<meta property=\"og:image:width\" content=\"1024\" \/>\n\t<meta property=\"og:image:height\" content=\"1280\" \/>\n\t<meta property=\"og:image:type\" content=\"image\/jpeg\" \/>\n<meta name=\"twitter:card\" content=\"summary_large_image\" \/>\n<meta name=\"twitter:label1\" content=\"Dur\u00e9e de lecture estim\u00e9e\" \/>\n\t<meta name=\"twitter:data1\" content=\"1 minute\" \/>\n<script type=\"application\/ld+json\" class=\"yoast-schema-graph\">{\"@context\":\"https:\/\/schema.org\",\"@graph\":[{\"@type\":\"WebPage\",\"@id\":\"https:\/\/www.petitelaure.com\/fr\/produit\/couverture-de-siege-auto-pigeon-beige\/\",\"url\":\"https:\/\/www.petitelaure.com\/fr\/produit\/couverture-de-siege-auto-pigeon-beige\/\",\"name\":\"Couverture de Si\u00e8ge Auto Pigeon Beige - petitelaure.com\",\"isPartOf\":{\"@id\":\"https:\/\/www.petitelaure.com\/fr\/#website\"},\"primaryImageOfPage\":{\"@id\":\"https:\/\/www.petitelaure.com\/fr\/produit\/couverture-de-siege-auto-pigeon-beige\/#primaryimage\"},\"image\":{\"@id\":\"https:\/\/www.petitelaure.com\/fr\/produit\/couverture-de-siege-auto-pigeon-beige\/#primaryimage\"},\"thumbnailUrl\":\"https:\/\/www.petitelaure.com\/wp-content\/uploads\/2022\/09\/IMG_0822.jpg\",\"datePublished\":\"2023-09-29T07:45:20+00:00\",\"dateModified\":\"2023-09-29T07:45:21+00:00\",\"breadcrumb\":{\"@id\":\"https:\/\/www.petitelaure.com\/fr\/produit\/couverture-de-siege-auto-pigeon-beige\/#breadcrumb\"},\"inLanguage\":\"fr-FR\",\"potentialAction\":[{\"@type\":\"ReadAction\",\"target\":[\"https:\/\/www.petitelaure.com\/fr\/produit\/couverture-de-siege-auto-pigeon-beige\/\"]}]},{\"@type\":\"ImageObject\",\"inLanguage\":\"fr-FR\",\"@id\":\"https:\/\/www.petitelaure.com\/fr\/produit\/couverture-de-siege-auto-pigeon-beige\/#primaryimage\",\"url\":\"https:\/\/www.petitelaure.com\/wp-content\/uploads\/2022\/09\/IMG_0822.jpg\",\"contentUrl\":\"https:\/\/www.petitelaure.com\/wp-content\/uploads\/2022\/09\/IMG_0822.jpg\",\"width\":1024,\"height\":1280},{\"@type\":\"BreadcrumbList\",\"@id\":\"https:\/\/www.petitelaure.com\/fr\/produit\/couverture-de-siege-auto-pigeon-beige\/#breadcrumb\",\"itemListElement\":[{\"@type\":\"ListItem\",\"position\":1,\"name\":\"Strona g\u0142\u00f3wna\",\"item\":\"https:\/\/www.petitelaure.com\/fr\/\"},{\"@type\":\"ListItem\",\"position\":2,\"name\":\"Shop\",\"item\":\"https:\/\/www.petitelaure.com\/shop\/\"},{\"@type\":\"ListItem\",\"position\":3,\"name\":\"Couverture de Si\u00e8ge Auto Pigeon Beige\"}]},{\"@type\":\"WebSite\",\"@id\":\"https:\/\/www.petitelaure.com\/fr\/#website\",\"url\":\"https:\/\/www.petitelaure.com\/fr\/\",\"name\":\"petitelaure.com\",\"description\":\"\",\"potentialAction\":[{\"@type\":\"SearchAction\",\"target\":{\"@type\":\"EntryPoint\",\"urlTemplate\":\"https:\/\/www.petitelaure.com\/fr\/?s={search_term_string}\"},\"query-input\":{\"@type\":\"PropertyValueSpecification\",\"valueRequired\":true,\"valueName\":\"search_term_string\"}}],\"inLanguage\":\"fr-FR\"}]}<\/script>\n<!-- \/ Yoast SEO plugin. -->","yoast_head_json":{"title":"Couverture de Si\u00e8ge Auto Pigeon Beige - petitelaure.com","robots":{"index":"index","follow":"follow","max-snippet":"max-snippet:-1","max-image-preview":"max-image-preview:large","max-video-preview":"max-video-preview:-1"},"canonical":"https:\/\/www.petitelaure.com\/fr\/produit\/couverture-de-siege-auto-pigeon-beige\/","og_locale":"fr_FR","og_type":"article","og_title":"Couverture de Si\u00e8ge Auto Pigeon Beige - petitelaure.com","og_description":"Couverture de si\u00e8ge de voiture douce et chaude. D&rsquo;un c\u00f4t\u00e9 en coton doux, de l&rsquo;autre en velours moelleux, avec rembourrage anti-allergique. Les teintures textiles sont respectueuses de l&rsquo;utilisateur et de l&rsquo;environnement, ce qui est confirm\u00e9 par le certificat OEKO-TEX Standard 100. Lavage recommand\u00e9 avant la premi\u00e8re utilisation. \u00c0 chaque lavage, la couverture d&#8217;emmaillotage devient encore [...]","og_url":"https:\/\/www.petitelaure.com\/fr\/produit\/couverture-de-siege-auto-pigeon-beige\/","og_site_name":"petitelaure.com","article_modified_time":"2023-09-29T07:45:21+00:00","og_image":[{"width":1024,"height":1280,"url":"https:\/\/www.petitelaure.com\/wp-content\/uploads\/2022\/09\/IMG_0822.jpg","type":"image\/jpeg"}],"twitter_card":"summary_large_image","twitter_misc":{"Dur\u00e9e de lecture estim\u00e9e":"1 minute"},"schema":{"@context":"https:\/\/schema.org","@graph":[{"@type":"WebPage","@id":"https:\/\/www.petitelaure.com\/fr\/produit\/couverture-de-siege-auto-pigeon-beige\/","url":"https:\/\/www.petitelaure.com\/fr\/produit\/couverture-de-siege-auto-pigeon-beige\/","name":"Couverture de Si\u00e8ge Auto Pigeon Beige - petitelaure.com","isPartOf":{"@id":"https:\/\/www.petitelaure.com\/fr\/#website"},"primaryImageOfPage":{"@id":"https:\/\/www.petitelaure.com\/fr\/produit\/couverture-de-siege-auto-pigeon-beige\/#primaryimage"},"image":{"@id":"https:\/\/www.petitelaure.com\/fr\/produit\/couverture-de-siege-auto-pigeon-beige\/#primaryimage"},"thumbnailUrl":"https:\/\/www.petitelaure.com\/wp-content\/uploads\/2022\/09\/IMG_0822.jpg","datePublished":"2023-09-29T07:45:20+00:00","dateModified":"2023-09-29T07:45:21+00:00","breadcrumb":{"@id":"https:\/\/www.petitelaure.com\/fr\/produit\/couverture-de-siege-auto-pigeon-beige\/#breadcrumb"},"inLanguage":"fr-FR","potentialAction":[{"@type":"ReadAction","target":["https:\/\/www.petitelaure.com\/fr\/produit\/couverture-de-siege-auto-pigeon-beige\/"]}]},{"@type":"ImageObject","inLanguage":"fr-FR","@id":"https:\/\/www.petitelaure.com\/fr\/produit\/couverture-de-siege-auto-pigeon-beige\/#primaryimage","url":"https:\/\/www.petitelaure.com\/wp-content\/uploads\/2022\/09\/IMG_0822.jpg","contentUrl":"https:\/\/www.petitelaure.com\/wp-content\/uploads\/2022\/09\/IMG_0822.jpg","width":1024,"height":1280},{"@type":"BreadcrumbList","@id":"https:\/\/www.petitelaure.com\/fr\/produit\/couverture-de-siege-auto-pigeon-beige\/#breadcrumb","itemListElement":[{"@type":"ListItem","position":1,"name":"Strona g\u0142\u00f3wna","item":"https:\/\/www.petitelaure.com\/fr\/"},{"@type":"ListItem","position":2,"name":"Shop","item":"https:\/\/www.petitelaure.com\/shop\/"},{"@type":"ListItem","position":3,"name":"Couverture de Si\u00e8ge Auto Pigeon Beige"}]},{"@type":"WebSite","@id":"https:\/\/www.petitelaure.com\/fr\/#website","url":"https:\/\/www.petitelaure.com\/fr\/","name":"petitelaure.com","description":"","potentialAction":[{"@type":"SearchAction","target":{"@type":"EntryPoint","urlTemplate":"https:\/\/www.petitelaure.com\/fr\/?s={search_term_string}"},"query-input":{"@type":"PropertyValueSpecification","valueRequired":true,"valueName":"search_term_string"}}],"inLanguage":"fr-FR"}]}},"_links":{"self":[{"href":"https:\/\/www.petitelaure.com\/fr\/wp-json\/wp\/v2\/product\/10803","targetHints":{"allow":["GET"]}}],"collection":[{"href":"https:\/\/www.petitelaure.com\/fr\/wp-json\/wp\/v2\/product"}],"about":[{"href":"https:\/\/www.petitelaure.com\/fr\/wp-json\/wp\/v2\/types\/product"}],"replies":[{"embeddable":true,"href":"https:\/\/www.petitelaure.com\/fr\/wp-json\/wp\/v2\/comments?post=10803"}],"wp:featuredmedia":[{"embeddable":true,"href":"https:\/\/www.petitelaure.com\/fr\/wp-json\/wp\/v2\/media\/10156"}],"wp:attachment":[{"href":"https:\/\/www.petitelaure.com\/fr\/wp-json\/wp\/v2\/media?parent=10803"}],"wp:term":[{"taxonomy":"product_brand","embeddable":true,"href":"https:\/\/www.petitelaure.com\/fr\/wp-json\/wp\/v2\/product_brand?post=10803"},{"taxonomy":"product_cat","embeddable":true,"href":"https:\/\/www.petitelaure.com\/fr\/wp-json\/wp\/v2\/product_cat?post=10803"},{"taxonomy":"product_tag","embeddable":true,"href":"https:\/\/www.petitelaure.com\/fr\/wp-json\/wp\/v2\/product_tag?post=10803"}],"curies":[{"name":"wp","href":"https:\/\/api.w.org\/{rel}","templated":true}]}}