{"id":10751,"date":"2023-03-29T22:25:43","date_gmt":"2023-09-27T16:48:00","guid":{"rendered":"https:\/\/www.petitelaure.com\/?post_type=product&#038;p=10751"},"modified":"2023-09-29T09:40:02","modified_gmt":"2023-09-29T07:40:02","slug":"cone-de-bebe","status":"publish","type":"product","link":"https:\/\/www.petitelaure.com\/fr\/produit\/cone-de-bebe\/","title":{"rendered":"C\u00f4ne de b\u00e9b\u00e9"},"content":{"rendered":"<p id=\"tw-target-text\" class=\"tw-data-text tw-text-large tw-ta\" dir=\"ltr\" data-placeholder=\"T\u0142umaczenie\" data-ved=\"2ahUKEwjJ09-QnM-BAxWczwIHHXBPB74Q3ewLegQICRAQ\"><span class=\"Y2IQFc\" lang=\"fr\">Le c\u00f4ne est en mousseline l\u00e9g\u00e8re, a\u00e9r\u00e9e et respirante, qui poss\u00e8de des propri\u00e9t\u00e9s thermor\u00e9gulatrices et absorbe et \u00e9vacue tr\u00e8s bien l&rsquo;humidit\u00e9. Le coton et le garnissage sont certifi\u00e9s Oeko-Tex standard 100. Dimensions\u00a0:\u00a0environ 75&#215;75 cm +\/- 2 cm Composition: Mousseline de coton biologique de la plus haute qualit\u00e9 \u00e0 100 % Remplissage &#8211; tissu non tiss\u00e9 antiallergique, respirant, \u00e9lastique et doux. Produit 100% polonais. M\u00c9THODE DE SOINS\u00a0: laver \u00e0 30\u00b0 s\u00e9chage \u00e0 plat ne tourne pas Laver s\u00e9par\u00e9ment le c\u00f4ne ne doit pas \u00eatre s\u00e9ch\u00e9 au s\u00e8che-linge Ne pas nettoyer \u00e0 sec ne pas utiliser d&rsquo;eau de Javel Les produits fourr\u00e9s doivent \u00eatre repass\u00e9s sans utiliser de vapeur qui, si la temp\u00e9rature est trop \u00e9lev\u00e9e, pourrait faire fondre le remplissage en silicone et aplatir le c\u00f4ne. La temp\u00e9rature maximale de repassage est de 100\u00b0C.<\/span><\/p>\n<h2>Caract\u00e9ristiques<\/h2>\n<ul>\n<li>Composition\u00a0: <strong>100%\u00a0coton\u00a0certifi\u00e9e OETKO-TEX<\/strong><\/li>\n<li>Dimensions\u00a0: 75x75cm<\/li>\n<li>Entretien : lavable en machine \u00e0 30\u00b0C, et aussi repassage \u00e0 chaleur moyenne<\/li>\n<li><strong>Fabrication \u00e0 la main, en Pologne<\/strong><\/li>\n<\/ul>\n","protected":false},"excerpt":{"rendered":"<p>Le c\u00f4ne est en mousseline l\u00e9g\u00e8re, a\u00e9r\u00e9e et respirante, qui poss\u00e8de des propri\u00e9t\u00e9s thermor\u00e9gulatrices et absorbe et \u00e9vacue tr\u00e8s bien l&rsquo;humidit\u00e9. Le coton et le garnissage sont certifi\u00e9s Oeko-Tex standard 100. Dimensions\u00a0:\u00a0environ 75&#215;75 cm +\/- 2 cm Composition: Mousseline de coton biologique de la plus haute qualit\u00e9 \u00e0 100 % Remplissage &#8211; tissu non tiss\u00e9 [&#8230;]\n","protected":false},"featured_media":10332,"comment_status":"open","ping_status":"closed","template":"","meta":[],"product_brand":[],"product_cat":[409,411],"product_tag":[],"class_list":{"0":"post-10751","1":"product","2":"type-product","3":"status-publish","4":"has-post-thumbnail","6":"product_cat-cocons-et-cones","7":"product_cat-langes-sacs-pour-bebe","9":"first","10":"instock","11":"shipping-taxable","12":"purchasable","13":"product-type-simple"},"yoast_head":"<!-- This site is optimized with the Yoast SEO plugin v26.9 - https:\/\/yoast.com\/product\/yoast-seo-wordpress\/ -->\n<title>C\u00f4ne de b\u00e9b\u00e9 - petitelaure.com<\/title>\n<meta name=\"robots\" content=\"index, follow, max-snippet:-1, max-image-preview:large, max-video-preview:-1\" \/>\n<link rel=\"canonical\" href=\"https:\/\/www.petitelaure.com\/fr\/produit\/cone-de-bebe\/\" \/>\n<meta property=\"og:locale\" content=\"fr_FR\" \/>\n<meta property=\"og:type\" content=\"article\" \/>\n<meta property=\"og:title\" content=\"C\u00f4ne de b\u00e9b\u00e9 - petitelaure.com\" \/>\n<meta property=\"og:description\" content=\"Le c\u00f4ne est en mousseline l\u00e9g\u00e8re, a\u00e9r\u00e9e et respirante, qui poss\u00e8de des propri\u00e9t\u00e9s thermor\u00e9gulatrices et absorbe et \u00e9vacue tr\u00e8s bien l&rsquo;humidit\u00e9. Le coton et le garnissage sont certifi\u00e9s Oeko-Tex standard 100. Dimensions\u00a0:\u00a0environ 75&#215;75 cm +\/- 2 cm Composition: Mousseline de coton biologique de la plus haute qualit\u00e9 \u00e0 100 % Remplissage &#8211; tissu non tiss\u00e9 [...]\" \/>\n<meta property=\"og:url\" content=\"https:\/\/www.petitelaure.com\/fr\/produit\/cone-de-bebe\/\" \/>\n<meta property=\"og:site_name\" content=\"petitelaure.com\" \/>\n<meta property=\"article:modified_time\" content=\"2023-09-29T07:40:02+00:00\" \/>\n<meta property=\"og:image\" content=\"https:\/\/www.petitelaure.com\/wp-content\/uploads\/2023\/03\/4X0A9310-scaled.jpg\" \/>\n\t<meta property=\"og:image:width\" content=\"2560\" \/>\n\t<meta property=\"og:image:height\" content=\"1707\" \/>\n\t<meta property=\"og:image:type\" content=\"image\/jpeg\" \/>\n<meta name=\"twitter:card\" content=\"summary_large_image\" \/>\n<meta name=\"twitter:label1\" content=\"Dur\u00e9e de lecture estim\u00e9e\" \/>\n\t<meta name=\"twitter:data1\" content=\"1 minute\" \/>\n<script type=\"application\/ld+json\" class=\"yoast-schema-graph\">{\"@context\":\"https:\/\/schema.org\",\"@graph\":[{\"@type\":\"WebPage\",\"@id\":\"https:\/\/www.petitelaure.com\/fr\/produit\/cone-de-bebe\/\",\"url\":\"https:\/\/www.petitelaure.com\/fr\/produit\/cone-de-bebe\/\",\"name\":\"C\u00f4ne de b\u00e9b\u00e9 - petitelaure.com\",\"isPartOf\":{\"@id\":\"https:\/\/www.petitelaure.com\/fr\/#website\"},\"primaryImageOfPage\":{\"@id\":\"https:\/\/www.petitelaure.com\/fr\/produit\/cone-de-bebe\/#primaryimage\"},\"image\":{\"@id\":\"https:\/\/www.petitelaure.com\/fr\/produit\/cone-de-bebe\/#primaryimage\"},\"thumbnailUrl\":\"https:\/\/www.petitelaure.com\/wp-content\/uploads\/2023\/03\/4X0A9310-scaled.jpg\",\"datePublished\":\"2023-09-27T16:48:00+00:00\",\"dateModified\":\"2023-09-29T07:40:02+00:00\",\"breadcrumb\":{\"@id\":\"https:\/\/www.petitelaure.com\/fr\/produit\/cone-de-bebe\/#breadcrumb\"},\"inLanguage\":\"fr-FR\",\"potentialAction\":[{\"@type\":\"ReadAction\",\"target\":[\"https:\/\/www.petitelaure.com\/fr\/produit\/cone-de-bebe\/\"]}]},{\"@type\":\"ImageObject\",\"inLanguage\":\"fr-FR\",\"@id\":\"https:\/\/www.petitelaure.com\/fr\/produit\/cone-de-bebe\/#primaryimage\",\"url\":\"https:\/\/www.petitelaure.com\/wp-content\/uploads\/2023\/03\/4X0A9310-scaled.jpg\",\"contentUrl\":\"https:\/\/www.petitelaure.com\/wp-content\/uploads\/2023\/03\/4X0A9310-scaled.jpg\",\"width\":2560,\"height\":1707},{\"@type\":\"BreadcrumbList\",\"@id\":\"https:\/\/www.petitelaure.com\/fr\/produit\/cone-de-bebe\/#breadcrumb\",\"itemListElement\":[{\"@type\":\"ListItem\",\"position\":1,\"name\":\"Strona g\u0142\u00f3wna\",\"item\":\"https:\/\/www.petitelaure.com\/fr\/\"},{\"@type\":\"ListItem\",\"position\":2,\"name\":\"Shop\",\"item\":\"https:\/\/www.petitelaure.com\/shop\/\"},{\"@type\":\"ListItem\",\"position\":3,\"name\":\"C\u00f4ne de b\u00e9b\u00e9\"}]},{\"@type\":\"WebSite\",\"@id\":\"https:\/\/www.petitelaure.com\/fr\/#website\",\"url\":\"https:\/\/www.petitelaure.com\/fr\/\",\"name\":\"petitelaure.com\",\"description\":\"\",\"potentialAction\":[{\"@type\":\"SearchAction\",\"target\":{\"@type\":\"EntryPoint\",\"urlTemplate\":\"https:\/\/www.petitelaure.com\/fr\/?s={search_term_string}\"},\"query-input\":{\"@type\":\"PropertyValueSpecification\",\"valueRequired\":true,\"valueName\":\"search_term_string\"}}],\"inLanguage\":\"fr-FR\"}]}<\/script>\n<!-- \/ Yoast SEO plugin. -->","yoast_head_json":{"title":"C\u00f4ne de b\u00e9b\u00e9 - petitelaure.com","robots":{"index":"index","follow":"follow","max-snippet":"max-snippet:-1","max-image-preview":"max-image-preview:large","max-video-preview":"max-video-preview:-1"},"canonical":"https:\/\/www.petitelaure.com\/fr\/produit\/cone-de-bebe\/","og_locale":"fr_FR","og_type":"article","og_title":"C\u00f4ne de b\u00e9b\u00e9 - petitelaure.com","og_description":"Le c\u00f4ne est en mousseline l\u00e9g\u00e8re, a\u00e9r\u00e9e et respirante, qui poss\u00e8de des propri\u00e9t\u00e9s thermor\u00e9gulatrices et absorbe et \u00e9vacue tr\u00e8s bien l&rsquo;humidit\u00e9. Le coton et le garnissage sont certifi\u00e9s Oeko-Tex standard 100. Dimensions\u00a0:\u00a0environ 75&#215;75 cm +\/- 2 cm Composition: Mousseline de coton biologique de la plus haute qualit\u00e9 \u00e0 100 % Remplissage &#8211; tissu non tiss\u00e9 [...]","og_url":"https:\/\/www.petitelaure.com\/fr\/produit\/cone-de-bebe\/","og_site_name":"petitelaure.com","article_modified_time":"2023-09-29T07:40:02+00:00","og_image":[{"width":2560,"height":1707,"url":"https:\/\/www.petitelaure.com\/wp-content\/uploads\/2023\/03\/4X0A9310-scaled.jpg","type":"image\/jpeg"}],"twitter_card":"summary_large_image","twitter_misc":{"Dur\u00e9e de lecture estim\u00e9e":"1 minute"},"schema":{"@context":"https:\/\/schema.org","@graph":[{"@type":"WebPage","@id":"https:\/\/www.petitelaure.com\/fr\/produit\/cone-de-bebe\/","url":"https:\/\/www.petitelaure.com\/fr\/produit\/cone-de-bebe\/","name":"C\u00f4ne de b\u00e9b\u00e9 - petitelaure.com","isPartOf":{"@id":"https:\/\/www.petitelaure.com\/fr\/#website"},"primaryImageOfPage":{"@id":"https:\/\/www.petitelaure.com\/fr\/produit\/cone-de-bebe\/#primaryimage"},"image":{"@id":"https:\/\/www.petitelaure.com\/fr\/produit\/cone-de-bebe\/#primaryimage"},"thumbnailUrl":"https:\/\/www.petitelaure.com\/wp-content\/uploads\/2023\/03\/4X0A9310-scaled.jpg","datePublished":"2023-09-27T16:48:00+00:00","dateModified":"2023-09-29T07:40:02+00:00","breadcrumb":{"@id":"https:\/\/www.petitelaure.com\/fr\/produit\/cone-de-bebe\/#breadcrumb"},"inLanguage":"fr-FR","potentialAction":[{"@type":"ReadAction","target":["https:\/\/www.petitelaure.com\/fr\/produit\/cone-de-bebe\/"]}]},{"@type":"ImageObject","inLanguage":"fr-FR","@id":"https:\/\/www.petitelaure.com\/fr\/produit\/cone-de-bebe\/#primaryimage","url":"https:\/\/www.petitelaure.com\/wp-content\/uploads\/2023\/03\/4X0A9310-scaled.jpg","contentUrl":"https:\/\/www.petitelaure.com\/wp-content\/uploads\/2023\/03\/4X0A9310-scaled.jpg","width":2560,"height":1707},{"@type":"BreadcrumbList","@id":"https:\/\/www.petitelaure.com\/fr\/produit\/cone-de-bebe\/#breadcrumb","itemListElement":[{"@type":"ListItem","position":1,"name":"Strona g\u0142\u00f3wna","item":"https:\/\/www.petitelaure.com\/fr\/"},{"@type":"ListItem","position":2,"name":"Shop","item":"https:\/\/www.petitelaure.com\/shop\/"},{"@type":"ListItem","position":3,"name":"C\u00f4ne de b\u00e9b\u00e9"}]},{"@type":"WebSite","@id":"https:\/\/www.petitelaure.com\/fr\/#website","url":"https:\/\/www.petitelaure.com\/fr\/","name":"petitelaure.com","description":"","potentialAction":[{"@type":"SearchAction","target":{"@type":"EntryPoint","urlTemplate":"https:\/\/www.petitelaure.com\/fr\/?s={search_term_string}"},"query-input":{"@type":"PropertyValueSpecification","valueRequired":true,"valueName":"search_term_string"}}],"inLanguage":"fr-FR"}]}},"_links":{"self":[{"href":"https:\/\/www.petitelaure.com\/fr\/wp-json\/wp\/v2\/product\/10751","targetHints":{"allow":["GET"]}}],"collection":[{"href":"https:\/\/www.petitelaure.com\/fr\/wp-json\/wp\/v2\/product"}],"about":[{"href":"https:\/\/www.petitelaure.com\/fr\/wp-json\/wp\/v2\/types\/product"}],"replies":[{"embeddable":true,"href":"https:\/\/www.petitelaure.com\/fr\/wp-json\/wp\/v2\/comments?post=10751"}],"wp:featuredmedia":[{"embeddable":true,"href":"https:\/\/www.petitelaure.com\/fr\/wp-json\/wp\/v2\/media\/10332"}],"wp:attachment":[{"href":"https:\/\/www.petitelaure.com\/fr\/wp-json\/wp\/v2\/media?parent=10751"}],"wp:term":[{"taxonomy":"product_brand","embeddable":true,"href":"https:\/\/www.petitelaure.com\/fr\/wp-json\/wp\/v2\/product_brand?post=10751"},{"taxonomy":"product_cat","embeddable":true,"href":"https:\/\/www.petitelaure.com\/fr\/wp-json\/wp\/v2\/product_cat?post=10751"},{"taxonomy":"product_tag","embeddable":true,"href":"https:\/\/www.petitelaure.com\/fr\/wp-json\/wp\/v2\/product_tag?post=10751"}],"curies":[{"name":"wp","href":"https:\/\/api.w.org\/{rel}","templated":true}]}}