{"id":10749,"date":"2023-04-03T19:27:16","date_gmt":"2023-09-27T16:24:30","guid":{"rendered":"https:\/\/www.petitelaure.com\/?post_type=product&#038;p=10749"},"modified":"2023-09-27T18:24:30","modified_gmt":"2023-09-27T16:24:30","slug":"2-pack-couche-2","status":"publish","type":"product","link":"https:\/\/www.petitelaure.com\/fr\/produit\/2-pack-couche-2\/","title":{"rendered":"2-pack Couche"},"content":{"rendered":"<p>Vous \u00eates nombreux \u00e0 vous demander \u00ab <strong>\u00e0 quoi sert un lange?<\/strong> \u00bb la liste est longue ! Un <strong>lange bebe<\/strong>\u00a0n\u2019a pour limite que celle de votre imagination ! Que ce soit pour essuyer la bouche de <strong>b\u00e9b\u00e9<\/strong>, prot\u00e9ger le pull de papa d\u2019un rototo, ou cr\u00e9er de l\u2019intimit\u00e9 pendant l\u2019<strong>allaitement<\/strong>! Les <strong>langes<\/strong> peuvent aussi cacher le soleil durant une balade, ou encore prot\u00e9ger un matelas de petits d\u00e9sagr\u00e9ments\u2026! Ils deviendront vite l\u2019accessoire indispensable \u00e0 toujours avoir \u00e0 port\u00e9e de main.<\/p>\n<p><strong>Lange bebe<\/strong>\u00a0<strong>cousu main, en Pologne<\/strong>. Ils ont une composition <strong>100% biologique<\/strong> car ils sont cousus avec de la <strong>double gaze de coton certifi\u00e9e GOTS<\/strong>.<\/p>\n<p>Les <strong>langes<\/strong> font parti des indispensables \u00e0 avoir lors d\u2019une <strong>naissance<\/strong>. Il s\u2019agit donc d\u2019un cadeau \u00e0 la fois <strong>\u00e9thique<\/strong> et pratique.<\/p>\n<p>Choisissez toujours un lange en coton bio, certifi\u00e9 GOTS, car b\u00e9b\u00e9 sera s\u00fbrement amen\u00e9 \u00e0 le porter \u00e0 la bouche. Seul un tissu biologique ne comporte aucun risque pour la sant\u00e9 de b\u00e9b\u00e9 ! Vous souhaitez en savoir plus? Nous vous invitons \u00e0 lire notre article sur le coton biologique<\/p>\n<p><strong>Tissus Biologiques<\/strong><\/p>\n<p>&nbsp;<\/p>\n<p>Toutes les cr\u00e9ations, dont le <strong>lange bebe<\/strong>, sont enti\u00e8rement r\u00e9alis\u00e9es avec du <strong>coton biologique<\/strong>. Nos tissus sont achet\u00e9s chez des fournisseurs qui ont la <strong>certification GOTS<\/strong><\/p>\n<p>&nbsp;<\/p>\n<h2>Caract\u00e9ristiques<\/h2>\n<ul>\n<li>Composition\u00a0: <strong>double gaze de coton\u00a0certifi\u00e9e GOTS<\/strong><\/li>\n<li>Dimensions\u00a0: 2-pack 40x60cm<\/li>\n<li>Entretien : lavable en machine \u00e0 30\u00b0C, et aussi repassage \u00e0 chaleur moyenne<\/li>\n<li><strong>Fabrication \u00e0 la main, en Pologne<\/strong><\/li>\n<\/ul>\n<h2>Normes de s\u00e9curit\u00e9s<\/h2>\n<ul>\n<li>lavage du<strong> lange bebe<\/strong>\u00a0en machine \u00e0 30C<\/li>\n<li>repassage \u00e0 temp\u00e9rature mod\u00e9r\u00e9e<\/li>\n<li>Ne pas laisser l\u2019enfant de moins de 12 mois dormir avec un <strong>lange<\/strong><\/li>\n<li>La vigilance d\u2019un adulte reste la meilleure r\u00e8gle de s\u00e9curit\u00e9 pour nos enfants<\/li>\n<li>La soci\u00e9t\u00e9 L<strong>ange de b\u00e9b\u00e9<\/strong> d\u00e9cline toute responsabilit\u00e9 en cas de non respect des consignes de s\u00e9curit\u00e9.<\/li>\n<\/ul>\n","protected":false},"excerpt":{"rendered":"<p>Vous \u00eates nombreux \u00e0 vous demander \u00ab \u00e0 quoi sert un lange? \u00bb la liste est longue ! Un lange bebe\u00a0n\u2019a pour limite que celle de votre imagination ! Que ce soit pour essuyer la bouche de b\u00e9b\u00e9, prot\u00e9ger le pull de papa d\u2019un rototo, ou cr\u00e9er de l\u2019intimit\u00e9 pendant l\u2019allaitement! Les langes peuvent aussi [&#8230;]\n","protected":false},"featured_media":10354,"comment_status":"open","ping_status":"closed","template":"","meta":[],"product_brand":[],"product_cat":[218,415],"product_tag":[],"class_list":{"0":"post-10749","1":"product","2":"type-product","3":"status-publish","4":"has-post-thumbnail","6":"product_cat-baby-nests","7":"product_cat-couches","9":"first","10":"instock","11":"shipping-taxable","12":"purchasable","13":"product-type-simple"},"yoast_head":"<!-- This site is optimized with the Yoast SEO plugin v26.9 - https:\/\/yoast.com\/product\/yoast-seo-wordpress\/ -->\n<title>2-pack Couche - petitelaure.com<\/title>\n<meta name=\"robots\" content=\"index, follow, max-snippet:-1, max-image-preview:large, max-video-preview:-1\" \/>\n<link rel=\"canonical\" href=\"https:\/\/www.petitelaure.com\/fr\/produit\/2-pack-couche-2\/\" \/>\n<meta property=\"og:locale\" content=\"fr_FR\" \/>\n<meta property=\"og:type\" content=\"article\" \/>\n<meta property=\"og:title\" content=\"2-pack Couche - petitelaure.com\" \/>\n<meta property=\"og:description\" content=\"Vous \u00eates nombreux \u00e0 vous demander \u00ab \u00e0 quoi sert un lange? \u00bb la liste est longue ! Un lange bebe\u00a0n\u2019a pour limite que celle de votre imagination ! Que ce soit pour essuyer la bouche de b\u00e9b\u00e9, prot\u00e9ger le pull de papa d\u2019un rototo, ou cr\u00e9er de l\u2019intimit\u00e9 pendant l\u2019allaitement! Les langes peuvent aussi [...]\" \/>\n<meta property=\"og:url\" content=\"https:\/\/www.petitelaure.com\/fr\/produit\/2-pack-couche-2\/\" \/>\n<meta property=\"og:site_name\" content=\"petitelaure.com\" \/>\n<meta property=\"og:image\" content=\"https:\/\/www.petitelaure.com\/wp-content\/uploads\/2023\/04\/IMG_4431-2-2.jpg\" \/>\n\t<meta property=\"og:image:width\" content=\"1512\" \/>\n\t<meta property=\"og:image:height\" content=\"2016\" \/>\n\t<meta property=\"og:image:type\" content=\"image\/jpeg\" \/>\n<meta name=\"twitter:card\" content=\"summary_large_image\" \/>\n<meta name=\"twitter:label1\" content=\"Dur\u00e9e de lecture estim\u00e9e\" \/>\n\t<meta name=\"twitter:data1\" content=\"2 minutes\" \/>\n<script type=\"application\/ld+json\" class=\"yoast-schema-graph\">{\"@context\":\"https:\/\/schema.org\",\"@graph\":[{\"@type\":\"WebPage\",\"@id\":\"https:\/\/www.petitelaure.com\/fr\/produit\/2-pack-couche-2\/\",\"url\":\"https:\/\/www.petitelaure.com\/fr\/produit\/2-pack-couche-2\/\",\"name\":\"2-pack Couche - petitelaure.com\",\"isPartOf\":{\"@id\":\"https:\/\/www.petitelaure.com\/fr\/#website\"},\"primaryImageOfPage\":{\"@id\":\"https:\/\/www.petitelaure.com\/fr\/produit\/2-pack-couche-2\/#primaryimage\"},\"image\":{\"@id\":\"https:\/\/www.petitelaure.com\/fr\/produit\/2-pack-couche-2\/#primaryimage\"},\"thumbnailUrl\":\"https:\/\/www.petitelaure.com\/wp-content\/uploads\/2023\/04\/IMG_4431-2-2.jpg\",\"datePublished\":\"2023-09-27T16:24:30+00:00\",\"breadcrumb\":{\"@id\":\"https:\/\/www.petitelaure.com\/fr\/produit\/2-pack-couche-2\/#breadcrumb\"},\"inLanguage\":\"fr-FR\",\"potentialAction\":[{\"@type\":\"ReadAction\",\"target\":[\"https:\/\/www.petitelaure.com\/fr\/produit\/2-pack-couche-2\/\"]}]},{\"@type\":\"ImageObject\",\"inLanguage\":\"fr-FR\",\"@id\":\"https:\/\/www.petitelaure.com\/fr\/produit\/2-pack-couche-2\/#primaryimage\",\"url\":\"https:\/\/www.petitelaure.com\/wp-content\/uploads\/2023\/04\/IMG_4431-2-2.jpg\",\"contentUrl\":\"https:\/\/www.petitelaure.com\/wp-content\/uploads\/2023\/04\/IMG_4431-2-2.jpg\",\"width\":1512,\"height\":2016},{\"@type\":\"BreadcrumbList\",\"@id\":\"https:\/\/www.petitelaure.com\/fr\/produit\/2-pack-couche-2\/#breadcrumb\",\"itemListElement\":[{\"@type\":\"ListItem\",\"position\":1,\"name\":\"Strona g\u0142\u00f3wna\",\"item\":\"https:\/\/www.petitelaure.com\/fr\/\"},{\"@type\":\"ListItem\",\"position\":2,\"name\":\"Shop\",\"item\":\"https:\/\/www.petitelaure.com\/shop\/\"},{\"@type\":\"ListItem\",\"position\":3,\"name\":\"2-pack Couche\"}]},{\"@type\":\"WebSite\",\"@id\":\"https:\/\/www.petitelaure.com\/fr\/#website\",\"url\":\"https:\/\/www.petitelaure.com\/fr\/\",\"name\":\"petitelaure.com\",\"description\":\"\",\"potentialAction\":[{\"@type\":\"SearchAction\",\"target\":{\"@type\":\"EntryPoint\",\"urlTemplate\":\"https:\/\/www.petitelaure.com\/fr\/?s={search_term_string}\"},\"query-input\":{\"@type\":\"PropertyValueSpecification\",\"valueRequired\":true,\"valueName\":\"search_term_string\"}}],\"inLanguage\":\"fr-FR\"}]}<\/script>\n<!-- \/ Yoast SEO plugin. -->","yoast_head_json":{"title":"2-pack Couche - petitelaure.com","robots":{"index":"index","follow":"follow","max-snippet":"max-snippet:-1","max-image-preview":"max-image-preview:large","max-video-preview":"max-video-preview:-1"},"canonical":"https:\/\/www.petitelaure.com\/fr\/produit\/2-pack-couche-2\/","og_locale":"fr_FR","og_type":"article","og_title":"2-pack Couche - petitelaure.com","og_description":"Vous \u00eates nombreux \u00e0 vous demander \u00ab \u00e0 quoi sert un lange? \u00bb la liste est longue ! Un lange bebe\u00a0n\u2019a pour limite que celle de votre imagination ! Que ce soit pour essuyer la bouche de b\u00e9b\u00e9, prot\u00e9ger le pull de papa d\u2019un rototo, ou cr\u00e9er de l\u2019intimit\u00e9 pendant l\u2019allaitement! Les langes peuvent aussi [...]","og_url":"https:\/\/www.petitelaure.com\/fr\/produit\/2-pack-couche-2\/","og_site_name":"petitelaure.com","og_image":[{"width":1512,"height":2016,"url":"https:\/\/www.petitelaure.com\/wp-content\/uploads\/2023\/04\/IMG_4431-2-2.jpg","type":"image\/jpeg"}],"twitter_card":"summary_large_image","twitter_misc":{"Dur\u00e9e de lecture estim\u00e9e":"2 minutes"},"schema":{"@context":"https:\/\/schema.org","@graph":[{"@type":"WebPage","@id":"https:\/\/www.petitelaure.com\/fr\/produit\/2-pack-couche-2\/","url":"https:\/\/www.petitelaure.com\/fr\/produit\/2-pack-couche-2\/","name":"2-pack Couche - petitelaure.com","isPartOf":{"@id":"https:\/\/www.petitelaure.com\/fr\/#website"},"primaryImageOfPage":{"@id":"https:\/\/www.petitelaure.com\/fr\/produit\/2-pack-couche-2\/#primaryimage"},"image":{"@id":"https:\/\/www.petitelaure.com\/fr\/produit\/2-pack-couche-2\/#primaryimage"},"thumbnailUrl":"https:\/\/www.petitelaure.com\/wp-content\/uploads\/2023\/04\/IMG_4431-2-2.jpg","datePublished":"2023-09-27T16:24:30+00:00","breadcrumb":{"@id":"https:\/\/www.petitelaure.com\/fr\/produit\/2-pack-couche-2\/#breadcrumb"},"inLanguage":"fr-FR","potentialAction":[{"@type":"ReadAction","target":["https:\/\/www.petitelaure.com\/fr\/produit\/2-pack-couche-2\/"]}]},{"@type":"ImageObject","inLanguage":"fr-FR","@id":"https:\/\/www.petitelaure.com\/fr\/produit\/2-pack-couche-2\/#primaryimage","url":"https:\/\/www.petitelaure.com\/wp-content\/uploads\/2023\/04\/IMG_4431-2-2.jpg","contentUrl":"https:\/\/www.petitelaure.com\/wp-content\/uploads\/2023\/04\/IMG_4431-2-2.jpg","width":1512,"height":2016},{"@type":"BreadcrumbList","@id":"https:\/\/www.petitelaure.com\/fr\/produit\/2-pack-couche-2\/#breadcrumb","itemListElement":[{"@type":"ListItem","position":1,"name":"Strona g\u0142\u00f3wna","item":"https:\/\/www.petitelaure.com\/fr\/"},{"@type":"ListItem","position":2,"name":"Shop","item":"https:\/\/www.petitelaure.com\/shop\/"},{"@type":"ListItem","position":3,"name":"2-pack Couche"}]},{"@type":"WebSite","@id":"https:\/\/www.petitelaure.com\/fr\/#website","url":"https:\/\/www.petitelaure.com\/fr\/","name":"petitelaure.com","description":"","potentialAction":[{"@type":"SearchAction","target":{"@type":"EntryPoint","urlTemplate":"https:\/\/www.petitelaure.com\/fr\/?s={search_term_string}"},"query-input":{"@type":"PropertyValueSpecification","valueRequired":true,"valueName":"search_term_string"}}],"inLanguage":"fr-FR"}]}},"_links":{"self":[{"href":"https:\/\/www.petitelaure.com\/fr\/wp-json\/wp\/v2\/product\/10749","targetHints":{"allow":["GET"]}}],"collection":[{"href":"https:\/\/www.petitelaure.com\/fr\/wp-json\/wp\/v2\/product"}],"about":[{"href":"https:\/\/www.petitelaure.com\/fr\/wp-json\/wp\/v2\/types\/product"}],"replies":[{"embeddable":true,"href":"https:\/\/www.petitelaure.com\/fr\/wp-json\/wp\/v2\/comments?post=10749"}],"wp:featuredmedia":[{"embeddable":true,"href":"https:\/\/www.petitelaure.com\/fr\/wp-json\/wp\/v2\/media\/10354"}],"wp:attachment":[{"href":"https:\/\/www.petitelaure.com\/fr\/wp-json\/wp\/v2\/media?parent=10749"}],"wp:term":[{"taxonomy":"product_brand","embeddable":true,"href":"https:\/\/www.petitelaure.com\/fr\/wp-json\/wp\/v2\/product_brand?post=10749"},{"taxonomy":"product_cat","embeddable":true,"href":"https:\/\/www.petitelaure.com\/fr\/wp-json\/wp\/v2\/product_cat?post=10749"},{"taxonomy":"product_tag","embeddable":true,"href":"https:\/\/www.petitelaure.com\/fr\/wp-json\/wp\/v2\/product_tag?post=10749"}],"curies":[{"name":"wp","href":"https:\/\/api.w.org\/{rel}","templated":true}]}}