{"id":10628,"date":"2022-10-18T22:24:46","date_gmt":"2023-09-25T19:40:00","guid":{"rendered":"https:\/\/www.petitelaure.com\/?post_type=product&#038;p=10628"},"modified":"2023-09-25T23:33:53","modified_gmt":"2023-09-25T21:33:53","slug":"couverture-bebe-en-laine-merinos-beige","status":"publish","type":"product","link":"https:\/\/www.petitelaure.com\/fr\/produit\/couverture-bebe-en-laine-merinos-beige\/","title":{"rendered":"Couverture b\u00e9b\u00e9 en laine m\u00e9rinos beige"},"content":{"rendered":"<p id=\"tw-target-text\" class=\"tw-data-text tw-text-large tw-ta\" dir=\"ltr\" data-placeholder=\"T\u0142umaczenie\"><span class=\"Y2IQFc\" lang=\"fr\">Couverture b\u00e9b\u00e9 en laine m\u00e9rinos &#8211; Petite Laure <\/span><\/p>\n<p class=\"tw-data-text tw-text-large tw-ta\" dir=\"ltr\" data-placeholder=\"T\u0142umaczenie\"><span class=\"Y2IQFc\" lang=\"fr\">Une couverture pour b\u00e9b\u00e9 toute l&rsquo;ann\u00e9e, douce et soyeuse, naturelle et d\u00e9licate au toucher. Il est anti-allergique, respirant et sans danger pour la peau sensible des b\u00e9b\u00e9s, assurant le confort de votre b\u00e9b\u00e9 d\u00e8s les premiers jours de sa vie. Le fil a des propri\u00e9t\u00e9s thermor\u00e9gulatrices, il vous rafra\u00eechit donc les jours chauds et r\u00e9chauffe le corps de votre b\u00e9b\u00e9 les jours plus froids. Une couverture en laine m\u00e9rinos sera parfaite pour une sieste au lit, apr\u00e8s le bain ou lors d&rsquo;une promenade. C&rsquo;est une couverture douce pour une poussette ou un si\u00e8ge auto. La laine m\u00e9rinos naturelle r\u00e9gule naturellement la chaleur et ne surchauffe pas, cette couverture est donc parfaite pour envelopper votre b\u00e9b\u00e9.<\/span><\/p>\n<p dir=\"ltr\" data-placeholder=\"T\u0142umaczenie\">Dimensions: 80&#215;100 cm<\/p>\n<p id=\"tw-target-text\" class=\"tw-data-text tw-text-large tw-ta\" dir=\"ltr\" data-placeholder=\"T\u0142umaczenie\"><span class=\"Y2IQFc\" lang=\"fr\">S\u00e9chage \u00e0 plat. Ne pas s\u00e9cher sur une source de chaleur directe (radiateur, chauffage au sol). <\/span><\/p>\n<p class=\"tw-data-text tw-text-large tw-ta\" dir=\"ltr\" data-placeholder=\"T\u0142umaczenie\"><span class=\"Y2IQFc\" lang=\"fr\">M\u00e9thode d&rsquo;entretien : lavage en machine, 30\u00b0, max. 800 tours d&rsquo;essorage ne pas utiliser d&rsquo;eau de Javel ne pas s\u00e9cher en machine Ne pas nettoyer \u00e0 sec<\/span><\/p>\n<p dir=\"ltr\" data-placeholder=\"T\u0142umaczenie\">\n","protected":false},"excerpt":{"rendered":"<p>Couverture b\u00e9b\u00e9 en laine m\u00e9rinos &#8211; Petite Laure Une couverture pour b\u00e9b\u00e9 toute l&rsquo;ann\u00e9e, douce et soyeuse, naturelle et d\u00e9licate au toucher. Il est anti-allergique, respirant et sans danger pour la peau sensible des b\u00e9b\u00e9s, assurant le confort de votre b\u00e9b\u00e9 d\u00e8s les premiers jours de sa vie. Le fil a des propri\u00e9t\u00e9s thermor\u00e9gulatrices, il [&#8230;]\n","protected":false},"featured_media":10194,"comment_status":"open","ping_status":"closed","template":"","meta":[],"product_brand":[],"product_cat":[414,392],"product_tag":[],"class_list":{"0":"post-10628","1":"product","2":"type-product","3":"status-publish","4":"has-post-thumbnail","6":"product_cat-couvertures-merinos","7":"product_cat-couvertures-pour-bebe","9":"first","10":"outofstock","11":"shipping-taxable","12":"purchasable","13":"product-type-simple"},"yoast_head":"<!-- This site is optimized with the Yoast SEO plugin v26.9 - https:\/\/yoast.com\/product\/yoast-seo-wordpress\/ -->\n<title>Couverture b\u00e9b\u00e9 en laine m\u00e9rinos beige - petitelaure.com<\/title>\n<meta name=\"description\" content=\"Une couverture pour b\u00e9b\u00e9 toute l&#039;ann\u00e9e, douce et soyeuse, naturelle et d\u00e9licate au toucher. Il est anti-allergique, respirant et sans danger pour la peau sensible des b\u00e9b\u00e9s, assurant le confort de votre b\u00e9b\u00e9 d\u00e8s les premiers jours de sa vie. Le fil a des propri\u00e9t\u00e9s thermor\u00e9gulatrices, il vous rafra\u00eechit donc les jours chauds et r\u00e9chauffe le corps de votre b\u00e9b\u00e9 les jours plus froids. Une couverture en laine m\u00e9rinos sera parfaite pour une sieste au lit, apr\u00e8s le bain ou lors d&#039;une promenade. C&#039;est une couverture douce pour une poussette ou un si\u00e8ge auto. La laine m\u00e9rinos naturelle r\u00e9gule naturellement la chaleur et ne surchauffe pas, cette couverture est donc parfaite pour envelopper votre b\u00e9b\u00e9.\" \/>\n<meta name=\"robots\" content=\"index, follow, max-snippet:-1, max-image-preview:large, max-video-preview:-1\" \/>\n<link rel=\"canonical\" href=\"https:\/\/www.petitelaure.com\/fr\/produit\/couverture-bebe-en-laine-merinos-beige\/\" \/>\n<meta property=\"og:locale\" content=\"fr_FR\" \/>\n<meta property=\"og:type\" content=\"article\" \/>\n<meta property=\"og:title\" content=\"Couverture b\u00e9b\u00e9 en laine m\u00e9rinos beige - petitelaure.com\" \/>\n<meta property=\"og:description\" content=\"Une couverture pour b\u00e9b\u00e9 toute l&#039;ann\u00e9e, douce et soyeuse, naturelle et d\u00e9licate au toucher. Il est anti-allergique, respirant et sans danger pour la peau sensible des b\u00e9b\u00e9s, assurant le confort de votre b\u00e9b\u00e9 d\u00e8s les premiers jours de sa vie. Le fil a des propri\u00e9t\u00e9s thermor\u00e9gulatrices, il vous rafra\u00eechit donc les jours chauds et r\u00e9chauffe le corps de votre b\u00e9b\u00e9 les jours plus froids. Une couverture en laine m\u00e9rinos sera parfaite pour une sieste au lit, apr\u00e8s le bain ou lors d&#039;une promenade. C&#039;est une couverture douce pour une poussette ou un si\u00e8ge auto. La laine m\u00e9rinos naturelle r\u00e9gule naturellement la chaleur et ne surchauffe pas, cette couverture est donc parfaite pour envelopper votre b\u00e9b\u00e9.\" \/>\n<meta property=\"og:url\" content=\"https:\/\/www.petitelaure.com\/fr\/produit\/couverture-bebe-en-laine-merinos-beige\/\" \/>\n<meta property=\"og:site_name\" content=\"petitelaure.com\" \/>\n<meta property=\"article:modified_time\" content=\"2023-09-25T21:33:53+00:00\" \/>\n<meta property=\"og:image\" content=\"https:\/\/www.petitelaure.com\/wp-content\/uploads\/2022\/10\/IMG_1459-rotated.jpg\" \/>\n\t<meta property=\"og:image:width\" content=\"1512\" \/>\n\t<meta property=\"og:image:height\" content=\"2016\" \/>\n\t<meta property=\"og:image:type\" content=\"image\/jpeg\" \/>\n<meta name=\"twitter:card\" content=\"summary_large_image\" \/>\n<meta name=\"twitter:label1\" content=\"Dur\u00e9e de lecture estim\u00e9e\" \/>\n\t<meta name=\"twitter:data1\" content=\"1 minute\" \/>\n<script type=\"application\/ld+json\" class=\"yoast-schema-graph\">{\"@context\":\"https:\/\/schema.org\",\"@graph\":[{\"@type\":\"WebPage\",\"@id\":\"https:\/\/www.petitelaure.com\/fr\/produit\/couverture-bebe-en-laine-merinos-beige\/\",\"url\":\"https:\/\/www.petitelaure.com\/fr\/produit\/couverture-bebe-en-laine-merinos-beige\/\",\"name\":\"Couverture b\u00e9b\u00e9 en laine m\u00e9rinos beige - petitelaure.com\",\"isPartOf\":{\"@id\":\"https:\/\/www.petitelaure.com\/fr\/#website\"},\"primaryImageOfPage\":{\"@id\":\"https:\/\/www.petitelaure.com\/fr\/produit\/couverture-bebe-en-laine-merinos-beige\/#primaryimage\"},\"image\":{\"@id\":\"https:\/\/www.petitelaure.com\/fr\/produit\/couverture-bebe-en-laine-merinos-beige\/#primaryimage\"},\"thumbnailUrl\":\"https:\/\/www.petitelaure.com\/wp-content\/uploads\/2022\/10\/IMG_1459-rotated.jpg\",\"datePublished\":\"2023-09-25T19:40:00+00:00\",\"dateModified\":\"2023-09-25T21:33:53+00:00\",\"description\":\"Une couverture pour b\u00e9b\u00e9 toute l'ann\u00e9e, douce et soyeuse, naturelle et d\u00e9licate au toucher. Il est anti-allergique, respirant et sans danger pour la peau sensible des b\u00e9b\u00e9s, assurant le confort de votre b\u00e9b\u00e9 d\u00e8s les premiers jours de sa vie. Le fil a des propri\u00e9t\u00e9s thermor\u00e9gulatrices, il vous rafra\u00eechit donc les jours chauds et r\u00e9chauffe le corps de votre b\u00e9b\u00e9 les jours plus froids. Une couverture en laine m\u00e9rinos sera parfaite pour une sieste au lit, apr\u00e8s le bain ou lors d'une promenade. C'est une couverture douce pour une poussette ou un si\u00e8ge auto. La laine m\u00e9rinos naturelle r\u00e9gule naturellement la chaleur et ne surchauffe pas, cette couverture est donc parfaite pour envelopper votre b\u00e9b\u00e9.\",\"breadcrumb\":{\"@id\":\"https:\/\/www.petitelaure.com\/fr\/produit\/couverture-bebe-en-laine-merinos-beige\/#breadcrumb\"},\"inLanguage\":\"fr-FR\",\"potentialAction\":[{\"@type\":\"ReadAction\",\"target\":[\"https:\/\/www.petitelaure.com\/fr\/produit\/couverture-bebe-en-laine-merinos-beige\/\"]}]},{\"@type\":\"ImageObject\",\"inLanguage\":\"fr-FR\",\"@id\":\"https:\/\/www.petitelaure.com\/fr\/produit\/couverture-bebe-en-laine-merinos-beige\/#primaryimage\",\"url\":\"https:\/\/www.petitelaure.com\/wp-content\/uploads\/2022\/10\/IMG_1459-rotated.jpg\",\"contentUrl\":\"https:\/\/www.petitelaure.com\/wp-content\/uploads\/2022\/10\/IMG_1459-rotated.jpg\",\"width\":1512,\"height\":2016},{\"@type\":\"BreadcrumbList\",\"@id\":\"https:\/\/www.petitelaure.com\/fr\/produit\/couverture-bebe-en-laine-merinos-beige\/#breadcrumb\",\"itemListElement\":[{\"@type\":\"ListItem\",\"position\":1,\"name\":\"Strona g\u0142\u00f3wna\",\"item\":\"https:\/\/www.petitelaure.com\/fr\/\"},{\"@type\":\"ListItem\",\"position\":2,\"name\":\"Shop\",\"item\":\"https:\/\/www.petitelaure.com\/shop\/\"},{\"@type\":\"ListItem\",\"position\":3,\"name\":\"Couverture b\u00e9b\u00e9 en laine m\u00e9rinos beige\"}]},{\"@type\":\"WebSite\",\"@id\":\"https:\/\/www.petitelaure.com\/fr\/#website\",\"url\":\"https:\/\/www.petitelaure.com\/fr\/\",\"name\":\"petitelaure.com\",\"description\":\"\",\"potentialAction\":[{\"@type\":\"SearchAction\",\"target\":{\"@type\":\"EntryPoint\",\"urlTemplate\":\"https:\/\/www.petitelaure.com\/fr\/?s={search_term_string}\"},\"query-input\":{\"@type\":\"PropertyValueSpecification\",\"valueRequired\":true,\"valueName\":\"search_term_string\"}}],\"inLanguage\":\"fr-FR\"}]}<\/script>\n<!-- \/ Yoast SEO plugin. -->","yoast_head_json":{"title":"Couverture b\u00e9b\u00e9 en laine m\u00e9rinos beige - petitelaure.com","description":"Une couverture pour b\u00e9b\u00e9 toute l'ann\u00e9e, douce et soyeuse, naturelle et d\u00e9licate au toucher. Il est anti-allergique, respirant et sans danger pour la peau sensible des b\u00e9b\u00e9s, assurant le confort de votre b\u00e9b\u00e9 d\u00e8s les premiers jours de sa vie. Le fil a des propri\u00e9t\u00e9s thermor\u00e9gulatrices, il vous rafra\u00eechit donc les jours chauds et r\u00e9chauffe le corps de votre b\u00e9b\u00e9 les jours plus froids. Une couverture en laine m\u00e9rinos sera parfaite pour une sieste au lit, apr\u00e8s le bain ou lors d'une promenade. C'est une couverture douce pour une poussette ou un si\u00e8ge auto. La laine m\u00e9rinos naturelle r\u00e9gule naturellement la chaleur et ne surchauffe pas, cette couverture est donc parfaite pour envelopper votre b\u00e9b\u00e9.","robots":{"index":"index","follow":"follow","max-snippet":"max-snippet:-1","max-image-preview":"max-image-preview:large","max-video-preview":"max-video-preview:-1"},"canonical":"https:\/\/www.petitelaure.com\/fr\/produit\/couverture-bebe-en-laine-merinos-beige\/","og_locale":"fr_FR","og_type":"article","og_title":"Couverture b\u00e9b\u00e9 en laine m\u00e9rinos beige - petitelaure.com","og_description":"Une couverture pour b\u00e9b\u00e9 toute l'ann\u00e9e, douce et soyeuse, naturelle et d\u00e9licate au toucher. Il est anti-allergique, respirant et sans danger pour la peau sensible des b\u00e9b\u00e9s, assurant le confort de votre b\u00e9b\u00e9 d\u00e8s les premiers jours de sa vie. Le fil a des propri\u00e9t\u00e9s thermor\u00e9gulatrices, il vous rafra\u00eechit donc les jours chauds et r\u00e9chauffe le corps de votre b\u00e9b\u00e9 les jours plus froids. Une couverture en laine m\u00e9rinos sera parfaite pour une sieste au lit, apr\u00e8s le bain ou lors d'une promenade. C'est une couverture douce pour une poussette ou un si\u00e8ge auto. La laine m\u00e9rinos naturelle r\u00e9gule naturellement la chaleur et ne surchauffe pas, cette couverture est donc parfaite pour envelopper votre b\u00e9b\u00e9.","og_url":"https:\/\/www.petitelaure.com\/fr\/produit\/couverture-bebe-en-laine-merinos-beige\/","og_site_name":"petitelaure.com","article_modified_time":"2023-09-25T21:33:53+00:00","og_image":[{"width":1512,"height":2016,"url":"https:\/\/www.petitelaure.com\/wp-content\/uploads\/2022\/10\/IMG_1459-rotated.jpg","type":"image\/jpeg"}],"twitter_card":"summary_large_image","twitter_misc":{"Dur\u00e9e de lecture estim\u00e9e":"1 minute"},"schema":{"@context":"https:\/\/schema.org","@graph":[{"@type":"WebPage","@id":"https:\/\/www.petitelaure.com\/fr\/produit\/couverture-bebe-en-laine-merinos-beige\/","url":"https:\/\/www.petitelaure.com\/fr\/produit\/couverture-bebe-en-laine-merinos-beige\/","name":"Couverture b\u00e9b\u00e9 en laine m\u00e9rinos beige - petitelaure.com","isPartOf":{"@id":"https:\/\/www.petitelaure.com\/fr\/#website"},"primaryImageOfPage":{"@id":"https:\/\/www.petitelaure.com\/fr\/produit\/couverture-bebe-en-laine-merinos-beige\/#primaryimage"},"image":{"@id":"https:\/\/www.petitelaure.com\/fr\/produit\/couverture-bebe-en-laine-merinos-beige\/#primaryimage"},"thumbnailUrl":"https:\/\/www.petitelaure.com\/wp-content\/uploads\/2022\/10\/IMG_1459-rotated.jpg","datePublished":"2023-09-25T19:40:00+00:00","dateModified":"2023-09-25T21:33:53+00:00","description":"Une couverture pour b\u00e9b\u00e9 toute l'ann\u00e9e, douce et soyeuse, naturelle et d\u00e9licate au toucher. Il est anti-allergique, respirant et sans danger pour la peau sensible des b\u00e9b\u00e9s, assurant le confort de votre b\u00e9b\u00e9 d\u00e8s les premiers jours de sa vie. Le fil a des propri\u00e9t\u00e9s thermor\u00e9gulatrices, il vous rafra\u00eechit donc les jours chauds et r\u00e9chauffe le corps de votre b\u00e9b\u00e9 les jours plus froids. Une couverture en laine m\u00e9rinos sera parfaite pour une sieste au lit, apr\u00e8s le bain ou lors d'une promenade. C'est une couverture douce pour une poussette ou un si\u00e8ge auto. La laine m\u00e9rinos naturelle r\u00e9gule naturellement la chaleur et ne surchauffe pas, cette couverture est donc parfaite pour envelopper votre b\u00e9b\u00e9.","breadcrumb":{"@id":"https:\/\/www.petitelaure.com\/fr\/produit\/couverture-bebe-en-laine-merinos-beige\/#breadcrumb"},"inLanguage":"fr-FR","potentialAction":[{"@type":"ReadAction","target":["https:\/\/www.petitelaure.com\/fr\/produit\/couverture-bebe-en-laine-merinos-beige\/"]}]},{"@type":"ImageObject","inLanguage":"fr-FR","@id":"https:\/\/www.petitelaure.com\/fr\/produit\/couverture-bebe-en-laine-merinos-beige\/#primaryimage","url":"https:\/\/www.petitelaure.com\/wp-content\/uploads\/2022\/10\/IMG_1459-rotated.jpg","contentUrl":"https:\/\/www.petitelaure.com\/wp-content\/uploads\/2022\/10\/IMG_1459-rotated.jpg","width":1512,"height":2016},{"@type":"BreadcrumbList","@id":"https:\/\/www.petitelaure.com\/fr\/produit\/couverture-bebe-en-laine-merinos-beige\/#breadcrumb","itemListElement":[{"@type":"ListItem","position":1,"name":"Strona g\u0142\u00f3wna","item":"https:\/\/www.petitelaure.com\/fr\/"},{"@type":"ListItem","position":2,"name":"Shop","item":"https:\/\/www.petitelaure.com\/shop\/"},{"@type":"ListItem","position":3,"name":"Couverture b\u00e9b\u00e9 en laine m\u00e9rinos beige"}]},{"@type":"WebSite","@id":"https:\/\/www.petitelaure.com\/fr\/#website","url":"https:\/\/www.petitelaure.com\/fr\/","name":"petitelaure.com","description":"","potentialAction":[{"@type":"SearchAction","target":{"@type":"EntryPoint","urlTemplate":"https:\/\/www.petitelaure.com\/fr\/?s={search_term_string}"},"query-input":{"@type":"PropertyValueSpecification","valueRequired":true,"valueName":"search_term_string"}}],"inLanguage":"fr-FR"}]}},"_links":{"self":[{"href":"https:\/\/www.petitelaure.com\/fr\/wp-json\/wp\/v2\/product\/10628","targetHints":{"allow":["GET"]}}],"collection":[{"href":"https:\/\/www.petitelaure.com\/fr\/wp-json\/wp\/v2\/product"}],"about":[{"href":"https:\/\/www.petitelaure.com\/fr\/wp-json\/wp\/v2\/types\/product"}],"replies":[{"embeddable":true,"href":"https:\/\/www.petitelaure.com\/fr\/wp-json\/wp\/v2\/comments?post=10628"}],"wp:featuredmedia":[{"embeddable":true,"href":"https:\/\/www.petitelaure.com\/fr\/wp-json\/wp\/v2\/media\/10194"}],"wp:attachment":[{"href":"https:\/\/www.petitelaure.com\/fr\/wp-json\/wp\/v2\/media?parent=10628"}],"wp:term":[{"taxonomy":"product_brand","embeddable":true,"href":"https:\/\/www.petitelaure.com\/fr\/wp-json\/wp\/v2\/product_brand?post=10628"},{"taxonomy":"product_cat","embeddable":true,"href":"https:\/\/www.petitelaure.com\/fr\/wp-json\/wp\/v2\/product_cat?post=10628"},{"taxonomy":"product_tag","embeddable":true,"href":"https:\/\/www.petitelaure.com\/fr\/wp-json\/wp\/v2\/product_tag?post=10628"}],"curies":[{"name":"wp","href":"https:\/\/api.w.org\/{rel}","templated":true}]}}