{"id":10710,"date":"2023-09-27T14:06:55","date_gmt":"2023-09-27T12:06:55","guid":{"rendered":"https:\/\/www.petitelaure.com\/?page_id=10710"},"modified":"2023-09-27T14:06:55","modified_gmt":"2023-09-27T12:06:55","slug":"politique-de-confidentialite","status":"publish","type":"page","link":"https:\/\/www.petitelaure.com\/fr\/politique-de-confidentialite\/","title":{"rendered":"Politique de confidentialit\u00e9"},"content":{"rendered":"<p style=\"text-align: center;\">1. La pr\u00e9sente politique de<br \/>\nconfidentialit\u00e9 d\u00e9finit les r\u00e8gles de<br \/>\ncollecte, de traitement et d&amp;#39;utilisation<br \/>\ndes donn\u00e9es personnelles obtenues<br \/>\naupr\u00e8s de vous par la boutique en<br \/>\nligne g\u00e9r\u00e9e \u00e0 l&amp;#39;adresse<br \/>\nwww.petitelaure.com (ci-apr\u00e8s<br \/>\nd\u00e9nomm\u00e9e le \u00ab Site Web \u00bb) par<br \/>\nPETITE LAURE PAULINA<br \/>\nWUDARCZYK, \u0141\u0119guty 1, 11-036<br \/>\nGietrzwa\u0142d; PIN\u00a0:\u00a0113-228-21-60\u00a0;<br \/>\nREGON : 368485498 (ci-apr\u00e8s<\/p>\n<p style=\"text-align: center;\">d\u00e9nomm\u00e9e la \u00ab Boutique en ligne \u00bb).<br \/>\n2. La Boutique en ligne met tout en<br \/>\n\u0153uvre pour assurer le respect de<br \/>\nvotre vie priv\u00e9e et la protection des<br \/>\ninformations personnelles fournies lors<br \/>\nde l&amp;#39;utilisation du Site Web et des<br \/>\nachats au sein de la Boutique en ligne<br \/>\net prend toutes les mesures<br \/>\nn\u00e9cessaires \u00e0 cet effet.<br \/>\n3. L&amp;#39;administrateur de vos donn\u00e9es<br \/>\npersonnelles est PETITE LAURE<br \/>\nPAULINA WUDARCZYK, \u0141\u0119guty 1,<br \/>\n11-036 Gietrzwa\u0142d, NIP : 113-228-21-<br \/>\n60, REGON : 368485498. 4. Pour les<br \/>\nquestions li\u00e9es \u00e0 la protection des<br \/>\ndonn\u00e9es personnelles, vous pouvez<br \/>\ncontacter l&amp;#39;Administrateur par voie<br \/>\n\u00e9lectronique \u00e0 l&amp;#39;adresse e-mail<br \/>\nsuivante : office@petitelaure.com 5.<br \/>\nLa boutique en ligne collectera les<br \/>\ndonn\u00e9es personnelles suivantes<br \/>\naupr\u00e8s de vous via le site Web et<\/p>\n<p style=\"text-align: center;\">d&amp;#39;autres formes de communication,<br \/>\ndans le cas d&amp;#39;achats et du processus<br \/>\nd&amp;#39;inscription sur le site Web\u00a0: 1) nom et<br \/>\npr\u00e9nom, 2) adresse r\u00e9sidentielle, 3)<br \/>\nexp\u00e9dition. adresse, si diff\u00e9rente de<br \/>\nl&amp;#39;adresse r\u00e9sidentielle, 4) adresse e-<br \/>\nmail, 5) num\u00e9ro de t\u00e9l\u00e9phone, 6) date<br \/>\nde naissance.6. Vos donn\u00e9es<br \/>\npersonnelles seront trait\u00e9es dans le<br \/>\nbut de fournir des services par voie<br \/>\n\u00e9lectronique et de conclure et<br \/>\nd&amp;#39;ex\u00e9cuter des contrats de vente pour<br \/>\nles marchandises command\u00e9es dans<br \/>\nla boutique en ligne exploit\u00e9e sous le<br \/>\nsite Web (la base du traitement des<br \/>\ndonn\u00e9es est l&amp;#39;article 6, paragraphe 1,<br \/>\npoint b), du r\u00e8glement. du Parlement<br \/>\neurop\u00e9en et du Conseil (UE) 2016\/679<br \/>\ndu 27 avril 2016 relative \u00e0 la protection<br \/>\ndes personnes physiques \u00e0 l&amp;#39;\u00e9gard du<br \/>\ntraitement des donn\u00e9es \u00e0 caract\u00e8re<br \/>\npersonnel et \u00e0 la libre circulation de<\/p>\n<p style=\"text-align: center;\">ces donn\u00e9es, et abrogeant la directive<br \/>\n95\/46\/CE ( R\u00e8glement G\u00e9n\u00e9ral sur la<br \/>\nProtection des Donn\u00e9es).<br \/>\n7. En outre, vos donn\u00e9es peuvent \u00eatre<br \/>\ntrait\u00e9es \u00e0 des fins de marketing, \u00e0<br \/>\ncondition que vous exprimiez votre<br \/>\nconsentement s\u00e9par\u00e9 (la base du<br \/>\ntraitement est l&amp;#39;article 6, paragraphe 1,<br \/>\npoint a), du r\u00e8glement (UE) 2016\/679<br \/>\ndu Parlement europ\u00e9en et du Conseil<br \/>\ndu 27 avril 2016 relatif \u00e0 la protection<br \/>\ndes personnes physiques \u00e0 l&amp;#39;\u00e9gard du<br \/>\ntraitement des donn\u00e9es \u00e0 caract\u00e8re<br \/>\npersonnel et \u00e0 la libre circulation de<br \/>\nces donn\u00e9es, et abrogeant la directive<br \/>\n95\/46\/CE (r\u00e8glement g\u00e9n\u00e9ral sur la<br \/>\nprotection des donn\u00e9es).<br \/>\n8. Les destinataires de vos donn\u00e9es<br \/>\npersonnelles seront les entreprises de<br \/>\nmessagerie, les op\u00e9rateurs de<br \/>\npaiement, les prestataires de services<br \/>\ninformatiques, les sites de ventes aux<\/p>\n<p style=\"text-align: center;\">ench\u00e8res &#8211; afin de traiter la commande<br \/>\npass\u00e9e. Dans de tels cas, la quantit\u00e9<br \/>\nde donn\u00e9es transf\u00e9r\u00e9es est limit\u00e9e au<br \/>\nminimum requis. En outre, les<br \/>\ninformations que vous fournissez<br \/>\npeuvent \u00eatre mises \u00e0 la disposition<br \/>\ndes autorit\u00e9s publiques comp\u00e9tentes<br \/>\nsi la loi applicable l\u2019exige.9. Vos<br \/>\ndonn\u00e9es personnelles seront trait\u00e9es<br \/>\njusqu&amp;#39;\u00e0 la r\u00e9siliation du contrat de<br \/>\nfourniture de services \u00e9lectroniques,<br \/>\nou jusqu&amp;#39;\u00e0 l&amp;#39;expiration du d\u00e9lai de<br \/>\nprescription pour les r\u00e9clamations au<br \/>\ntitre du contrat de vente ou jusqu&amp;#39;\u00e0<br \/>\nl&amp;#39;expiration de l&amp;#39;obligation de<br \/>\nconservation des donn\u00e9es r\u00e9sultant<br \/>\ndes dispositions l\u00e9gales, en particulier<br \/>\nl&amp;#39;obligation de conserver les pi\u00e8ces<br \/>\ncomptables li\u00e9es au contrat de vente.<br \/>\n10. Vous avez le droit d&amp;#39;acc\u00e9der \u00e0 vos<br \/>\ndonn\u00e9es, de les rectifier, de les<br \/>\nsupprimer, de limiter le traitement,<\/p>\n<p style=\"text-align: center;\">ainsi que le droit de transf\u00e9rer des<br \/>\ndonn\u00e9es, de soulever des objections<br \/>\net de retirer votre consentement \u00e0 tout<br \/>\nmoment sans affecter la lic\u00e9it\u00e9 du<br \/>\ntraitement fond\u00e9 sur le consentement<br \/>\navant son retrait.<br \/>\n11. Vous avez le droit de d\u00e9poser une<br \/>\nplainte aupr\u00e8s du Pr\u00e9sident de l&amp;#39;Office<br \/>\nde protection des donn\u00e9es<br \/>\npersonnelles si vous estimez que le<br \/>\ntraitement de vos donn\u00e9es<br \/>\npersonnelles viole les dispositions du<br \/>\nr\u00e8glement (UE) 2016\/679 du<br \/>\nParlement europ\u00e9en et du Conseil du<br \/>\n27. Avril 2016 relative \u00e0 la protection<br \/>\ndes personnes physiques \u00e0 l&amp;#39;\u00e9gard du<br \/>\ntraitement des donn\u00e9es \u00e0 caract\u00e8re<br \/>\npersonnel et \u00e0 la libre circulation de<br \/>\nces donn\u00e9es et abrogeant la directive<br \/>\n95\/46\/CE (R\u00e8glement g\u00e9n\u00e9ral sur la<br \/>\nprotection des donn\u00e9es).<\/p>\n<p style=\"text-align: center;\">12. Vos donn\u00e9es pourront \u00eatre<br \/>\ntransf\u00e9r\u00e9es vers des pays tiers dans le<br \/>\ncadre des solutions techniques<br \/>\nutilis\u00e9es. En cas de tel transfert, des<br \/>\ngaranties appropri\u00e9es et appropri\u00e9es<br \/>\nsont appliqu\u00e9es comme l&amp;#39;exigent les<br \/>\ndispositions sur la protection des<br \/>\ndonn\u00e9es personnelles.<br \/>\n13. La boutique en ligne met tout en<br \/>\n\u0153uvre pour s\u00e9curiser vos donn\u00e9es et<br \/>\nles prot\u00e9ger contre les actions de tiers.<br \/>\nNous utilisons toutes les mesures de<br \/>\ns\u00e9curit\u00e9 n\u00e9cessaires sur les serveurs,<br \/>\nles connexions et le Site Internet pour<br \/>\nprot\u00e9ger vos donn\u00e9es.<br \/>\n14. Toutes les connexions li\u00e9es \u00e0 vos<br \/>\npaiements \u00e9lectroniques, si vous<br \/>\nchoisissez cette option, se feront via<br \/>\nune connexion crypt\u00e9e s\u00e9curis\u00e9e.<br \/>\n15. Toutefois, les actions que nous<br \/>\nentreprenons peuvent s&amp;#39;av\u00e9rer<br \/>\ninsuffisantes si vous ne respectez pas<\/p>\n<p style=\"text-align: center;\">vous-m\u00eame les r\u00e8gles de s\u00e9curit\u00e9.<br \/>\nVous devez notamment garder<br \/>\nconfidentiels votre identifiant et votre<br \/>\nmot de passe d&amp;#39;acc\u00e8s au Site et ne<br \/>\npas les divulguer \u00e0 des tiers. N&amp;#39;oubliez<br \/>\npas que la Boutique en ligne ne vous<br \/>\ndemandera pas de les fournir, sauf<br \/>\nlors de votre connexion au Site<br \/>\nInternet. Pour emp\u00eacher des<br \/>\npersonnes non autoris\u00e9es d&amp;#39;utiliser<br \/>\nvotre compte, veuillez vous<br \/>\nd\u00e9connecter apr\u00e8s avoir utilis\u00e9 le Site.<br \/>\n16. Vous pouvez consulter et modifier<br \/>\nvos donn\u00e9es \u00e0 tout moment sur le Site<br \/>\napr\u00e8s vous \u00eatre connect\u00e9 \u00e0 l&amp;#39;aide de<br \/>\nvotre adresse e-mail et de votre mot<br \/>\nde passe. Si vous oubliez votre mot de<br \/>\npasse ou rencontrez d&amp;#39;autres<br \/>\nprobl\u00e8mes de connexion, veuillez<br \/>\nnous contacter \u00e0 :<br \/>\noffice@petitelaure.com<\/p>\n<p style=\"text-align: center;\">17. Le site Web peut inclure<br \/>\np\u00e9riodiquement des liens vers d&amp;#39;autres<br \/>\nsites Web. Ces sites Web fonctionnent<br \/>\nind\u00e9pendamment du site Web et ne<br \/>\nsont en aucun cas supervis\u00e9s par la<br \/>\nboutique en ligne. Ces sites Web<br \/>\npeuvent avoir leurs propres politiques<br \/>\nde confidentialit\u00e9, que nous vous<br \/>\nrecommandons de lire. La boutique en<br \/>\nligne www.petitelaure.com n&amp;#39;est pas<br \/>\nresponsable des r\u00e8gles de traitement<br \/>\ndes donn\u00e9es sur ces sites internet.<br \/>\n18. Lors de la visite du client sur le site<br \/>\nInternet de la boutique en ligne, les<br \/>\ndonn\u00e9es d&amp;#39;adresse IP, le nom de<br \/>\ndomaine, le type de navigateur et le<br \/>\ntype de syst\u00e8me d&amp;#39;exploitation sont<br \/>\nautomatiquement collect\u00e9s. Ces<br \/>\ndonn\u00e9es peuvent \u00eatre collect\u00e9es par<br \/>\nles cookies et le syst\u00e8me Google<br \/>\nAnalytics.<\/p>\n<p style=\"text-align: center;\">19. Par \u00ab\u00a0cookies\u00a0\u00bb, il convient<br \/>\nd&amp;#39;entendre des donn\u00e9es<br \/>\ninformatiques, en particulier des<br \/>\nfichiers texte, stock\u00e9s sur les appareils<br \/>\nfinaux des utilisateurs destin\u00e9s \u00e0<br \/>\nl&amp;#39;utilisation des sites Internet. Ces<br \/>\nfichiers permettent de reconna\u00eetre<br \/>\nl&amp;#39;appareil de l&amp;#39;utilisateur et d&amp;#39;afficher<br \/>\ncorrectement un site Internet adapt\u00e9 \u00e0<br \/>\nses pr\u00e9f\u00e9rences individuelles et<br \/>\nd&amp;#39;optimiser l&amp;#39;utilisation des sites<br \/>\nInternet. Les \u00ab cookies \u00bb contiennent<br \/>\ng\u00e9n\u00e9ralement le nom du site Internet<br \/>\nd&amp;#39;o\u00f9 ils proviennent, leur dur\u00e9e de<br \/>\nstockage sur l&amp;#39;appareil final et un<br \/>\nnum\u00e9ro unique. Ils sont \u00e9galement<br \/>\nutilis\u00e9s pour cr\u00e9er des statistiques<br \/>\nanonymes et agr\u00e9g\u00e9es qui aident \u00e0<br \/>\ncomprendre comment l&amp;#39;utilisateur<br \/>\nutilise les sites Web, ce qui permet<br \/>\nd&amp;#39;am\u00e9liorer leur structure et leur<\/p>\n<p style=\"text-align: center;\">contenu, excluant l&amp;#39;identification<br \/>\npersonnelle de l\u2019utilisateur.<br \/>\n2020. Deux types de cookies sont<br \/>\nutilis\u00e9s : \u00ab de session \u00bb et \u00ab<br \/>\npersistants \u00bb. Les premiers d&amp;#39;entre eux<br \/>\nsont des fichiers temporaires qui<br \/>\nrestent sur l&amp;#39;appareil de l&amp;#39;utilisateur<br \/>\njusqu&amp;#39;\u00e0 ce qu&amp;#39;il se d\u00e9connecte du site<br \/>\nWeb ou qu&amp;#39;il \u00e9teigne le logiciel<br \/>\n(navigateur Web). Les fichiers \u00ab<br \/>\npermanents \u00bb restent sur l&amp;#39;appareil de<br \/>\nl&amp;#39;utilisateur pendant la dur\u00e9e pr\u00e9cis\u00e9e<br \/>\ndans les param\u00e8tres du fichier \u00ab<br \/>\ncookie \u00bb ou jusqu&amp;#39;\u00e0 ce qu&amp;#39;ils soient<br \/>\nsupprim\u00e9s manuellement par<br \/>\nl&amp;#39;utilisateur. Les cookies utilis\u00e9s par les<br \/>\npartenaires de l&amp;#39;exploitant du site, dont<br \/>\nnotamment les utilisateurs du site,<br \/>\nsont soumis \u00e0 leurs propres politiques<br \/>\nde confidentialit\u00e9.<br \/>\n21. Les donn\u00e9es personnelles<br \/>\ncollect\u00e9es \u00e0 l&amp;#39;aide de cookies ne<\/p>\n<p style=\"text-align: center;\">peuvent \u00eatre collect\u00e9es que pour<br \/>\nex\u00e9cuter des fonctions sp\u00e9cifiques<br \/>\npour l&amp;#39;utilisateur. Ces donn\u00e9es sont<br \/>\ncrypt\u00e9es de mani\u00e8re \u00e0 emp\u00eacher tout<br \/>\nacc\u00e8s \u00e0 des personnes non<br \/>\nautoris\u00e9es.<br \/>\n22. Par d\u00e9faut, les logiciels utilis\u00e9s<br \/>\npour naviguer sur les sites Web<br \/>\npermettent l&amp;#39;installation de cookies sur<br \/>\nl&amp;#39;appareil final. Ces param\u00e8tres<br \/>\npeuvent \u00eatre modifi\u00e9s de mani\u00e8re \u00e0<br \/>\nbloquer le traitement automatique des<br \/>\ncookies dans les param\u00e8tres du<br \/>\nnavigateur Web ou \u00e0 informer \u00e0<br \/>\nchaque fois qu&amp;#39;ils sont envoy\u00e9s \u00e0<br \/>\nl&amp;#39;appareil de l&amp;#39;utilisateur. Des<br \/>\ninformations d\u00e9taill\u00e9es sur les<br \/>\npossibilit\u00e9s et les m\u00e9thodes de<br \/>\ntraitement des cookies sont<br \/>\ndisponibles dans les param\u00e8tres du<br \/>\nlogiciel (navigateur Web). Restreindre<br \/>\nl&amp;#39;utilisation des cookies peut affecter<\/p>\n<p style=\"text-align: center;\">certaines fonctionnalit\u00e9s disponibles<br \/>\nsur le site Web.<br \/>\n23. Dans tous les cas, vous pouvez<br \/>\nbloquer l&amp;#39;installation de cookies ou<br \/>\nsupprimer les cookies permanents en<br \/>\nutilisant les options appropri\u00e9es de<br \/>\nvotre navigateur Internet. En cas de<br \/>\nprobl\u00e8me, nous vous conseillons<br \/>\nd&amp;#39;utiliser le fichier d&amp;#39;aide du navigateur<br \/>\nou de contacter le fabricant du<br \/>\nnavigateur que vous utilisez.<\/p>\n","protected":false},"excerpt":{"rendered":"<p>1. La pr\u00e9sente politique de confidentialit\u00e9 d\u00e9finit les r\u00e8gles de collecte, de traitement et d&amp;#39;utilisation des donn\u00e9es personnelles obtenues aupr\u00e8s de vous par la boutique en ligne g\u00e9r\u00e9e \u00e0 l&amp;#39;adresse www.petitelaure.com (ci-apr\u00e8s d\u00e9nomm\u00e9e le \u00ab Site Web \u00bb) par PETITE LAURE PAULINA WUDARCZYK, \u0141\u0119guty 1, 11-036 Gietrzwa\u0142d; PIN\u00a0:\u00a0113-228-21-60\u00a0; REGON : 368485498 (ci-apr\u00e8s d\u00e9nomm\u00e9e la \u00ab [&#8230;]\n","protected":false},"author":2,"featured_media":0,"parent":0,"menu_order":0,"comment_status":"closed","ping_status":"closed","template":"","meta":{"footnotes":""},"class_list":["post-10710","page","type-page","status-publish","hentry"],"yoast_head":"<!-- This site is optimized with the Yoast SEO plugin v26.9 - https:\/\/yoast.com\/product\/yoast-seo-wordpress\/ -->\n<title>Politique de confidentialit\u00e9 - petitelaure.com<\/title>\n<meta name=\"robots\" content=\"index, follow, max-snippet:-1, max-image-preview:large, max-video-preview:-1\" \/>\n<link rel=\"canonical\" href=\"https:\/\/www.petitelaure.com\/fr\/politique-de-confidentialite\/\" \/>\n<meta property=\"og:locale\" content=\"fr_FR\" \/>\n<meta property=\"og:type\" content=\"article\" \/>\n<meta property=\"og:title\" content=\"Politique de confidentialit\u00e9 - petitelaure.com\" \/>\n<meta property=\"og:description\" content=\"1. La pr\u00e9sente politique de confidentialit\u00e9 d\u00e9finit les r\u00e8gles de collecte, de traitement et d&amp;#39;utilisation des donn\u00e9es personnelles obtenues aupr\u00e8s de vous par la boutique en ligne g\u00e9r\u00e9e \u00e0 l&amp;#39;adresse www.petitelaure.com (ci-apr\u00e8s d\u00e9nomm\u00e9e le \u00ab Site Web \u00bb) par PETITE LAURE PAULINA WUDARCZYK, \u0141\u0119guty 1, 11-036 Gietrzwa\u0142d; PIN\u00a0:\u00a0113-228-21-60\u00a0; REGON : 368485498 (ci-apr\u00e8s d\u00e9nomm\u00e9e la \u00ab [...]\" \/>\n<meta property=\"og:url\" content=\"https:\/\/www.petitelaure.com\/fr\/politique-de-confidentialite\/\" \/>\n<meta property=\"og:site_name\" content=\"petitelaure.com\" \/>\n<meta name=\"twitter:card\" content=\"summary_large_image\" \/>\n<meta name=\"twitter:label1\" content=\"Dur\u00e9e de lecture estim\u00e9e\" \/>\n\t<meta name=\"twitter:data1\" content=\"7 minutes\" \/>\n<script type=\"application\/ld+json\" class=\"yoast-schema-graph\">{\"@context\":\"https:\/\/schema.org\",\"@graph\":[{\"@type\":\"WebPage\",\"@id\":\"https:\/\/www.petitelaure.com\/fr\/politique-de-confidentialite\/\",\"url\":\"https:\/\/www.petitelaure.com\/fr\/politique-de-confidentialite\/\",\"name\":\"Politique de confidentialit\u00e9 - petitelaure.com\",\"isPartOf\":{\"@id\":\"https:\/\/www.petitelaure.com\/fr\/#website\"},\"datePublished\":\"2023-09-27T12:06:55+00:00\",\"breadcrumb\":{\"@id\":\"https:\/\/www.petitelaure.com\/fr\/politique-de-confidentialite\/#breadcrumb\"},\"inLanguage\":\"fr-FR\",\"potentialAction\":[{\"@type\":\"ReadAction\",\"target\":[\"https:\/\/www.petitelaure.com\/fr\/politique-de-confidentialite\/\"]}]},{\"@type\":\"BreadcrumbList\",\"@id\":\"https:\/\/www.petitelaure.com\/fr\/politique-de-confidentialite\/#breadcrumb\",\"itemListElement\":[{\"@type\":\"ListItem\",\"position\":1,\"name\":\"Strona g\u0142\u00f3wna\",\"item\":\"https:\/\/www.petitelaure.com\/fr\/\"},{\"@type\":\"ListItem\",\"position\":2,\"name\":\"Politique de confidentialit\u00e9\"}]},{\"@type\":\"WebSite\",\"@id\":\"https:\/\/www.petitelaure.com\/fr\/#website\",\"url\":\"https:\/\/www.petitelaure.com\/fr\/\",\"name\":\"petitelaure.com\",\"description\":\"\",\"potentialAction\":[{\"@type\":\"SearchAction\",\"target\":{\"@type\":\"EntryPoint\",\"urlTemplate\":\"https:\/\/www.petitelaure.com\/fr\/?s={search_term_string}\"},\"query-input\":{\"@type\":\"PropertyValueSpecification\",\"valueRequired\":true,\"valueName\":\"search_term_string\"}}],\"inLanguage\":\"fr-FR\"}]}<\/script>\n<!-- \/ Yoast SEO plugin. -->","yoast_head_json":{"title":"Politique de confidentialit\u00e9 - petitelaure.com","robots":{"index":"index","follow":"follow","max-snippet":"max-snippet:-1","max-image-preview":"max-image-preview:large","max-video-preview":"max-video-preview:-1"},"canonical":"https:\/\/www.petitelaure.com\/fr\/politique-de-confidentialite\/","og_locale":"fr_FR","og_type":"article","og_title":"Politique de confidentialit\u00e9 - petitelaure.com","og_description":"1. La pr\u00e9sente politique de confidentialit\u00e9 d\u00e9finit les r\u00e8gles de collecte, de traitement et d&amp;#39;utilisation des donn\u00e9es personnelles obtenues aupr\u00e8s de vous par la boutique en ligne g\u00e9r\u00e9e \u00e0 l&amp;#39;adresse www.petitelaure.com (ci-apr\u00e8s d\u00e9nomm\u00e9e le \u00ab Site Web \u00bb) par PETITE LAURE PAULINA WUDARCZYK, \u0141\u0119guty 1, 11-036 Gietrzwa\u0142d; PIN\u00a0:\u00a0113-228-21-60\u00a0; REGON : 368485498 (ci-apr\u00e8s d\u00e9nomm\u00e9e la \u00ab [...]","og_url":"https:\/\/www.petitelaure.com\/fr\/politique-de-confidentialite\/","og_site_name":"petitelaure.com","twitter_card":"summary_large_image","twitter_misc":{"Dur\u00e9e de lecture estim\u00e9e":"7 minutes"},"schema":{"@context":"https:\/\/schema.org","@graph":[{"@type":"WebPage","@id":"https:\/\/www.petitelaure.com\/fr\/politique-de-confidentialite\/","url":"https:\/\/www.petitelaure.com\/fr\/politique-de-confidentialite\/","name":"Politique de confidentialit\u00e9 - petitelaure.com","isPartOf":{"@id":"https:\/\/www.petitelaure.com\/fr\/#website"},"datePublished":"2023-09-27T12:06:55+00:00","breadcrumb":{"@id":"https:\/\/www.petitelaure.com\/fr\/politique-de-confidentialite\/#breadcrumb"},"inLanguage":"fr-FR","potentialAction":[{"@type":"ReadAction","target":["https:\/\/www.petitelaure.com\/fr\/politique-de-confidentialite\/"]}]},{"@type":"BreadcrumbList","@id":"https:\/\/www.petitelaure.com\/fr\/politique-de-confidentialite\/#breadcrumb","itemListElement":[{"@type":"ListItem","position":1,"name":"Strona g\u0142\u00f3wna","item":"https:\/\/www.petitelaure.com\/fr\/"},{"@type":"ListItem","position":2,"name":"Politique de confidentialit\u00e9"}]},{"@type":"WebSite","@id":"https:\/\/www.petitelaure.com\/fr\/#website","url":"https:\/\/www.petitelaure.com\/fr\/","name":"petitelaure.com","description":"","potentialAction":[{"@type":"SearchAction","target":{"@type":"EntryPoint","urlTemplate":"https:\/\/www.petitelaure.com\/fr\/?s={search_term_string}"},"query-input":{"@type":"PropertyValueSpecification","valueRequired":true,"valueName":"search_term_string"}}],"inLanguage":"fr-FR"}]}},"_links":{"self":[{"href":"https:\/\/www.petitelaure.com\/fr\/wp-json\/wp\/v2\/pages\/10710","targetHints":{"allow":["GET"]}}],"collection":[{"href":"https:\/\/www.petitelaure.com\/fr\/wp-json\/wp\/v2\/pages"}],"about":[{"href":"https:\/\/www.petitelaure.com\/fr\/wp-json\/wp\/v2\/types\/page"}],"author":[{"embeddable":true,"href":"https:\/\/www.petitelaure.com\/fr\/wp-json\/wp\/v2\/users\/2"}],"replies":[{"embeddable":true,"href":"https:\/\/www.petitelaure.com\/fr\/wp-json\/wp\/v2\/comments?post=10710"}],"version-history":[{"count":1,"href":"https:\/\/www.petitelaure.com\/fr\/wp-json\/wp\/v2\/pages\/10710\/revisions"}],"predecessor-version":[{"id":10711,"href":"https:\/\/www.petitelaure.com\/fr\/wp-json\/wp\/v2\/pages\/10710\/revisions\/10711"}],"wp:attachment":[{"href":"https:\/\/www.petitelaure.com\/fr\/wp-json\/wp\/v2\/media?parent=10710"}],"curies":[{"name":"wp","href":"https:\/\/api.w.org\/{rel}","templated":true}]}}