{"id":10708,"date":"2023-09-27T14:01:39","date_gmt":"2023-09-27T12:01:39","guid":{"rendered":"https:\/\/www.petitelaure.com\/?page_id=10708"},"modified":"2023-09-27T14:01:39","modified_gmt":"2023-09-27T12:01:39","slug":"resiliation-du-contrat","status":"publish","type":"page","link":"https:\/\/www.petitelaure.com\/fr\/resiliation-du-contrat\/","title":{"rendered":"R\u00e9siliation du contrat"},"content":{"rendered":"<p style=\"text-align: center;\">R\u00e9siliation du contrat<\/p>\n<p style=\"text-align: center;\">Vous pouvez r\u00e9silier le contrat en nous<br \/>\nsoumettant une d\u00e9claration de<br \/>\nr\u00e9tractation, par exemple par e-mail<br \/>\nenvoy\u00e9 \u00e0 l&amp;#39;adresse suivante :<br \/>\noffice@petitelaure.com<\/p>\n<p style=\"text-align: center;\">Renvoyez-nous imm\u00e9diatement<br \/>\nl&amp;#39;article retourn\u00e9 \u00e0 l&amp;#39;adresse que vous<br \/>\nrecevrez de notre part par e-mail, mais<br \/>\nau plus tard dans les 14 jours \u00e0<br \/>\ncompter de la date \u00e0 laquelle vous<br \/>\navez r\u00e9sili\u00e9 le contrat.<\/p>\n<p style=\"text-align: center;\">Vous pouvez r\u00e9silier le contrat dans un<br \/>\nd\u00e9lai de 14 jours.<\/p>\n<p style=\"text-align: center;\">Le d\u00e9lai de r\u00e9tractation de quatorze<br \/>\njours commence :<\/p>\n<p style=\"text-align: center;\">pour un contrat dans lequel nous<br \/>\nlivrons un article et sommes oblig\u00e9s<br \/>\nd&amp;#39;en transf\u00e9rer la propri\u00e9t\u00e9 &#8211; \u00e0 partir du<br \/>\nmoment o\u00f9 vous ou un tiers d\u00e9sign\u00e9<br \/>\npar vous, autre que le transporteur,<br \/>\nprenez possession de l&amp;#39;article,<br \/>\npour le contenu num\u00e9rique &#8211; \u00e0<br \/>\ncompter de la date de conclusion du<br \/>\ncontrat.<\/p>\n<p style=\"text-align: center;\">Pour respecter le d\u00e9lai, il suffit<br \/>\nd&amp;#39;envoyer la d\u00e9claration avant son<br \/>\nexpiration.<br \/>\nNous vous rembourserons<br \/>\nimm\u00e9diatement le paiement que vous<br \/>\navez effectu\u00e9 pour les produits<br \/>\nachet\u00e9s et retourn\u00e9s dans les<br \/>\nconditions pr\u00e9vues par le r\u00e8glement,<br \/>\nmais au plus tard dans les 14 jours \u00e0<br \/>\ncompter de la date de r\u00e9ception de<br \/>\nvotre d\u00e9claration de r\u00e9tractation du<br \/>\ncontrat.<\/p>\n<p style=\"text-align: center;\">Nous pouvons retenir le<br \/>\nremboursement du paiement re\u00e7u de<br \/>\nvotre part jusqu&amp;#39;\u00e0 ce que nous<br \/>\nrecevions l&amp;#39;article en retour.<\/p>\n<p style=\"text-align: center;\">Des informations d\u00e9taill\u00e9es sur la<br \/>\nr\u00e9siliation du contrat figurent dans<br \/>\nnotre r\u00e8glement de vente.<\/p>\n<p style=\"text-align: center;\">T\u00e9l\u00e9charger le formulaire de<br \/>\nd\u00e9claration de r\u00e9tractation<\/p>\n<p style=\"text-align: center;\">Plaintes<\/p>\n<p style=\"text-align: center;\">Si les marchandises achet\u00e9es chez<br \/>\nnous s&amp;#39;av\u00e8rent d\u00e9fectueuses, vous<br \/>\navez le droit de d\u00e9poser une<br \/>\nr\u00e9clamation bas\u00e9e sur la garantie. Il<br \/>\nest pr\u00e9f\u00e9rable d&amp;#39;adresser une<br \/>\nr\u00e9clamation \u00e0 l&amp;#39;adresse e-mail<br \/>\nsuivante : office@petitelaure.com<\/p>\n<p style=\"text-align: center;\">Les marchandises faisant l&amp;#39;objet d&amp;#39;une<br \/>\nr\u00e9clamation doivent \u00eatre envoy\u00e9es \u00e0<br \/>\nl&amp;#39;adresse que nous avons indiqu\u00e9e<br \/>\ndans l&amp;#39;e-mail.<\/p>\n<p style=\"text-align: center;\">En raison du d\u00e9faut, vous pouvez<br \/>\ndemander :<\/p>\n<p style=\"text-align: center;\">\u00e9changer des articles contre des<br \/>\narticles exempts de d\u00e9fauts,<br \/>\nsuppression du d\u00e9faut,<br \/>\nou soumettez une d\u00e9claration sur\u00a0:<\/p>\n<p style=\"text-align: center;\">promotion,<br \/>\nr\u00e9siliation du contrat &#8211; en cas de<br \/>\nd\u00e9faut important.<br \/>\nVotre r\u00e9clamation sera examin\u00e9e<br \/>\n(r\u00e9ponse) dans un d\u00e9lai de 14 jours \u00e0<br \/>\ncompter de la date de r\u00e9ception de<br \/>\nvotre r\u00e9clamation.<\/p>\n<p style=\"text-align: center;\">De plus amples informations sur les<br \/>\nr\u00e9clamations peuvent \u00eatre trouv\u00e9es<br \/>\ndans nos Conditions g\u00e9n\u00e9rales de<br \/>\nvente.<\/p>\n<p style=\"text-align: center;\">\n","protected":false},"excerpt":{"rendered":"<p>R\u00e9siliation du contrat Vous pouvez r\u00e9silier le contrat en nous soumettant une d\u00e9claration de r\u00e9tractation, par exemple par e-mail envoy\u00e9 \u00e0 l&amp;#39;adresse suivante : office@petitelaure.com Renvoyez-nous imm\u00e9diatement l&amp;#39;article retourn\u00e9 \u00e0 l&amp;#39;adresse que vous recevrez de notre part par e-mail, mais au plus tard dans les 14 jours \u00e0 compter de la date \u00e0 laquelle vous [&#8230;]\n","protected":false},"author":2,"featured_media":0,"parent":0,"menu_order":0,"comment_status":"closed","ping_status":"closed","template":"","meta":{"footnotes":""},"class_list":["post-10708","page","type-page","status-publish","hentry"],"yoast_head":"<!-- This site is optimized with the Yoast SEO plugin v26.9 - https:\/\/yoast.com\/product\/yoast-seo-wordpress\/ -->\n<title>R\u00e9siliation du contrat - petitelaure.com<\/title>\n<meta name=\"robots\" content=\"index, follow, max-snippet:-1, max-image-preview:large, max-video-preview:-1\" \/>\n<link rel=\"canonical\" href=\"https:\/\/www.petitelaure.com\/fr\/resiliation-du-contrat\/\" \/>\n<meta property=\"og:locale\" content=\"fr_FR\" \/>\n<meta property=\"og:type\" content=\"article\" \/>\n<meta property=\"og:title\" content=\"R\u00e9siliation du contrat - petitelaure.com\" \/>\n<meta property=\"og:description\" content=\"R\u00e9siliation du contrat Vous pouvez r\u00e9silier le contrat en nous soumettant une d\u00e9claration de r\u00e9tractation, par exemple par e-mail envoy\u00e9 \u00e0 l&amp;#39;adresse suivante : office@petitelaure.com Renvoyez-nous imm\u00e9diatement l&amp;#39;article retourn\u00e9 \u00e0 l&amp;#39;adresse que vous recevrez de notre part par e-mail, mais au plus tard dans les 14 jours \u00e0 compter de la date \u00e0 laquelle vous [...]\" \/>\n<meta property=\"og:url\" content=\"https:\/\/www.petitelaure.com\/fr\/resiliation-du-contrat\/\" \/>\n<meta property=\"og:site_name\" content=\"petitelaure.com\" \/>\n<meta name=\"twitter:card\" content=\"summary_large_image\" \/>\n<meta name=\"twitter:label1\" content=\"Dur\u00e9e de lecture estim\u00e9e\" \/>\n\t<meta name=\"twitter:data1\" content=\"2 minutes\" \/>\n<script type=\"application\/ld+json\" class=\"yoast-schema-graph\">{\"@context\":\"https:\/\/schema.org\",\"@graph\":[{\"@type\":\"WebPage\",\"@id\":\"https:\/\/www.petitelaure.com\/fr\/resiliation-du-contrat\/\",\"url\":\"https:\/\/www.petitelaure.com\/fr\/resiliation-du-contrat\/\",\"name\":\"R\u00e9siliation du contrat - petitelaure.com\",\"isPartOf\":{\"@id\":\"https:\/\/www.petitelaure.com\/fr\/#website\"},\"datePublished\":\"2023-09-27T12:01:39+00:00\",\"breadcrumb\":{\"@id\":\"https:\/\/www.petitelaure.com\/fr\/resiliation-du-contrat\/#breadcrumb\"},\"inLanguage\":\"fr-FR\",\"potentialAction\":[{\"@type\":\"ReadAction\",\"target\":[\"https:\/\/www.petitelaure.com\/fr\/resiliation-du-contrat\/\"]}]},{\"@type\":\"BreadcrumbList\",\"@id\":\"https:\/\/www.petitelaure.com\/fr\/resiliation-du-contrat\/#breadcrumb\",\"itemListElement\":[{\"@type\":\"ListItem\",\"position\":1,\"name\":\"Strona g\u0142\u00f3wna\",\"item\":\"https:\/\/www.petitelaure.com\/fr\/\"},{\"@type\":\"ListItem\",\"position\":2,\"name\":\"R\u00e9siliation du contrat\"}]},{\"@type\":\"WebSite\",\"@id\":\"https:\/\/www.petitelaure.com\/fr\/#website\",\"url\":\"https:\/\/www.petitelaure.com\/fr\/\",\"name\":\"petitelaure.com\",\"description\":\"\",\"potentialAction\":[{\"@type\":\"SearchAction\",\"target\":{\"@type\":\"EntryPoint\",\"urlTemplate\":\"https:\/\/www.petitelaure.com\/fr\/?s={search_term_string}\"},\"query-input\":{\"@type\":\"PropertyValueSpecification\",\"valueRequired\":true,\"valueName\":\"search_term_string\"}}],\"inLanguage\":\"fr-FR\"}]}<\/script>\n<!-- \/ Yoast SEO plugin. -->","yoast_head_json":{"title":"R\u00e9siliation du contrat - petitelaure.com","robots":{"index":"index","follow":"follow","max-snippet":"max-snippet:-1","max-image-preview":"max-image-preview:large","max-video-preview":"max-video-preview:-1"},"canonical":"https:\/\/www.petitelaure.com\/fr\/resiliation-du-contrat\/","og_locale":"fr_FR","og_type":"article","og_title":"R\u00e9siliation du contrat - petitelaure.com","og_description":"R\u00e9siliation du contrat Vous pouvez r\u00e9silier le contrat en nous soumettant une d\u00e9claration de r\u00e9tractation, par exemple par e-mail envoy\u00e9 \u00e0 l&amp;#39;adresse suivante : office@petitelaure.com Renvoyez-nous imm\u00e9diatement l&amp;#39;article retourn\u00e9 \u00e0 l&amp;#39;adresse que vous recevrez de notre part par e-mail, mais au plus tard dans les 14 jours \u00e0 compter de la date \u00e0 laquelle vous [...]","og_url":"https:\/\/www.petitelaure.com\/fr\/resiliation-du-contrat\/","og_site_name":"petitelaure.com","twitter_card":"summary_large_image","twitter_misc":{"Dur\u00e9e de lecture estim\u00e9e":"2 minutes"},"schema":{"@context":"https:\/\/schema.org","@graph":[{"@type":"WebPage","@id":"https:\/\/www.petitelaure.com\/fr\/resiliation-du-contrat\/","url":"https:\/\/www.petitelaure.com\/fr\/resiliation-du-contrat\/","name":"R\u00e9siliation du contrat - petitelaure.com","isPartOf":{"@id":"https:\/\/www.petitelaure.com\/fr\/#website"},"datePublished":"2023-09-27T12:01:39+00:00","breadcrumb":{"@id":"https:\/\/www.petitelaure.com\/fr\/resiliation-du-contrat\/#breadcrumb"},"inLanguage":"fr-FR","potentialAction":[{"@type":"ReadAction","target":["https:\/\/www.petitelaure.com\/fr\/resiliation-du-contrat\/"]}]},{"@type":"BreadcrumbList","@id":"https:\/\/www.petitelaure.com\/fr\/resiliation-du-contrat\/#breadcrumb","itemListElement":[{"@type":"ListItem","position":1,"name":"Strona g\u0142\u00f3wna","item":"https:\/\/www.petitelaure.com\/fr\/"},{"@type":"ListItem","position":2,"name":"R\u00e9siliation du contrat"}]},{"@type":"WebSite","@id":"https:\/\/www.petitelaure.com\/fr\/#website","url":"https:\/\/www.petitelaure.com\/fr\/","name":"petitelaure.com","description":"","potentialAction":[{"@type":"SearchAction","target":{"@type":"EntryPoint","urlTemplate":"https:\/\/www.petitelaure.com\/fr\/?s={search_term_string}"},"query-input":{"@type":"PropertyValueSpecification","valueRequired":true,"valueName":"search_term_string"}}],"inLanguage":"fr-FR"}]}},"_links":{"self":[{"href":"https:\/\/www.petitelaure.com\/fr\/wp-json\/wp\/v2\/pages\/10708","targetHints":{"allow":["GET"]}}],"collection":[{"href":"https:\/\/www.petitelaure.com\/fr\/wp-json\/wp\/v2\/pages"}],"about":[{"href":"https:\/\/www.petitelaure.com\/fr\/wp-json\/wp\/v2\/types\/page"}],"author":[{"embeddable":true,"href":"https:\/\/www.petitelaure.com\/fr\/wp-json\/wp\/v2\/users\/2"}],"replies":[{"embeddable":true,"href":"https:\/\/www.petitelaure.com\/fr\/wp-json\/wp\/v2\/comments?post=10708"}],"version-history":[{"count":1,"href":"https:\/\/www.petitelaure.com\/fr\/wp-json\/wp\/v2\/pages\/10708\/revisions"}],"predecessor-version":[{"id":10709,"href":"https:\/\/www.petitelaure.com\/fr\/wp-json\/wp\/v2\/pages\/10708\/revisions\/10709"}],"wp:attachment":[{"href":"https:\/\/www.petitelaure.com\/fr\/wp-json\/wp\/v2\/media?parent=10708"}],"curies":[{"name":"wp","href":"https:\/\/api.w.org\/{rel}","templated":true}]}}