{"id":10642,"date":"2023-09-26T20:24:22","date_gmt":"2023-09-26T18:24:22","guid":{"rendered":"https:\/\/www.petitelaure.com\/?page_id=10642"},"modified":"2023-09-26T20:24:22","modified_gmt":"2023-09-26T18:24:22","slug":"reglement-de-la-boutique-en-ligne","status":"publish","type":"page","link":"https:\/\/www.petitelaure.com\/fr\/reglement-de-la-boutique-en-ligne\/","title":{"rendered":"R\u00c8GLEMENT DE LA BOUTIQUE EN LIGNE"},"content":{"rendered":"<p style=\"text-align: center;\">Glossaire:<br \/>\n1. Vendeur &#8211; PETITE LAURE PAULINA WUDARCZYK dont le si\u00e8ge<br \/>\nsocial est situ\u00e9 \u0141\u0119guty 1, 11-036 Gietrzwa\u0142d, NIP 113-228-21-60,<br \/>\nREGON : 368485498, t\u00e9l\u00e9phone : +48 600 983 983, e-mail :<br \/>\noffice@petitelaure. com<br \/>\n2. Client \u2013 \u200b\u200bune personne qui ach\u00e8te des biens propos\u00e9s par la<br \/>\nboutique en ligne.<br \/>\n3. Boutique en ligne\/Boutique &#8211; service en ligne disponible sur<br \/>\nwww.petitelaure.com, gr\u00e2ce auquel le Client peut acheter des<br \/>\nMarchandises aupr\u00e8s du Vendeur.<br \/>\n4. Biens &#8211; objets mobiliers propos\u00e9s \u00e0 la vente dans la Boutique en<br \/>\nligne, pouvant faire l&amp;#39;objet d&amp;#39;un contrat de vente<br \/>\n5. R\u00e8glements &#8211; le pr\u00e9sent R\u00e8glement de la boutique en ligne.<br \/>\nDISPOSITIONS G\u00c9N\u00c9RALES<br \/>\n1. Les achats effectu\u00e9s dans la boutique en ligne sous le domaine<br \/>\nInternet www.petitelaure.com sont effectu\u00e9s par PETITE LAURE<br \/>\nPAULINA WUDARCZYK dont le si\u00e8ge social est \u0141\u0119guty 1, 11-036<br \/>\nGietrzwa\u0142d, NIP 113-228-21-60, REGON : 368485498 , t\u00e9l\u00e9phone :<br \/>\n+48 600983983, e-mail : office@petitelaure.com<br \/>\n2. Des photos des Marchandises sont plac\u00e9es sur le site Internet de<br \/>\nla Boutique en ligne \u00e0 titre d&amp;#39;exemple et servent \u00e0 pr\u00e9senter les<br \/>\nmod\u00e8les sp\u00e9cifiques qui y sont indiqu\u00e9s.<br \/>\n3. La condition pour passer avec succ\u00e8s une commande de<br \/>\nmarchandises dans la boutique en ligne est que le client fournisse<br \/>\nson adresse exacte et v\u00e9ridique et indique le num\u00e9ro de t\u00e9l\u00e9phone<br \/>\nou l&amp;#39;adresse e-mail auquel le vendeur peut le contacter.<br \/>\n4. L&amp;#39;acceptation des dispositions du pr\u00e9sent r\u00e8glement a lieu au<br \/>\nmoment de la passation de la commande.<\/p>\n<p style=\"text-align: center;\">VENTE DE BIENS<br \/>\n1. L&amp;#39;objet de la transaction est la vente des biens compris dans<br \/>\nl&amp;#39;offre pr\u00e9sent\u00e9e sur le site www.petitelaure.com<br \/>\n2. Tous les produits propos\u00e9s sont neufs.<br \/>\nCONDITIONS DE PAIEMENT ET DE LIVRAISON<br \/>\n1. Tous les prix indiqu\u00e9s dans le magasin sont exprim\u00e9s en zloty<br \/>\npolonais et sont des prix bruts (TVA incluse).<br \/>\n2. Paiements des biens achet\u00e9s dans le Magasin par le Client ou<br \/>\ndes services command\u00e9s, c&amp;#39;est-\u00e0-dire les frais de livraison et autres<br \/>\nprestations sont effectu\u00e9s \u00e0 l&amp;#39;aide des outils de paiement<br \/>\ndisponibles dans la Boutique et selon les modalit\u00e9s pr\u00e9cis\u00e9es par le<br \/>\nVendeur.<br \/>\n3. Le client peut choisir parmi les modes de paiement suivants : \u2013<br \/>\ndotpay \u2013 virement bancaire. Lors du choix de l\u2019option de paiement<br \/>\npar virement, le Client dispose d\u2019un d\u00e9lai de 5 jours ouvr\u00e9s pour<br \/>\nfinaliser le paiement. Pass\u00e9 ce d\u00e9lai, le contrat est consid\u00e9r\u00e9<br \/>\ncomme nul, le Vendeur n&amp;#39;est plus tenu par la commande et l&amp;#39;article<br \/>\nest remis en vente. Le virement doit \u00eatre effectu\u00e9 sur le num\u00e9ro de<br \/>\ncompte bancaire du Vendeur : 61114020040000330277141989<br \/>\nchez mBank S.A., PETITE LAURE PAULINA WUDARCZYK, \u0141\u0119guty<br \/>\n1, 11-036 Gietrzwa\u0142d, NIP 113-228-21-60, REGON : 368485498,<br \/>\nt\u00e9l\u00e9phone : + 48 600983983.<br \/>\n4. Les r\u00e8glements des transactions par carte de cr\u00e9dit et par<br \/>\nvirement \u00e9lectronique sont effectu\u00e9s via Dotpay.pl<br \/>\n4. Le Client ach\u00e8te les biens et commande le service selon les prix<br \/>\ndes Biens et l&amp;#39;\u00e9quivalent des frais de livraison applicables au<br \/>\nmoment de la passation de la commande. 5. La livraison a lieu \u00e0<br \/>\nl&amp;#39;adresse indiqu\u00e9e par le Client. 6. Les frais d&amp;#39;exp\u00e9dition sont \u00e0 la<br \/>\ncharge du client.<br \/>\nEX\u00c9CUTION DU CONTRAT<br \/>\n1. Afin de passer une commande, le Client :<br \/>\n1.1. s\u00e9lection des marchandises command\u00e9es\u00a0;<\/p>\n<p style=\"text-align: center;\">1.2. l&amp;#39;inscription dans le magasin ou &#8211; en cas de renonciation \u00e0<br \/>\nl&amp;#39;inscription &#8211; fournit l&amp;#39;adresse et les coordonn\u00e9es ainsi que l&amp;#39;adresse<br \/>\nde livraison ;<br \/>\n1.3. choisir le mode de paiement ;<br \/>\n1.4. s\u00e9lection de livraison.<br \/>\n2. Les commandes sont accept\u00e9es par voie \u00e9lectronique 7 jours sur<br \/>\n7 et trait\u00e9es les jours ouvrables.<br \/>\n3. Les commandes pass\u00e9es le samedi, le dimanche et les jours<br \/>\nf\u00e9ri\u00e9s seront enregistr\u00e9es le premier jour ouvrable suivant.<br \/>\n4. Les commandes pass\u00e9es par le Client seront trait\u00e9es (c&amp;#39;est-\u00e0-<br \/>\ndire exp\u00e9di\u00e9es) dans les 7 jours ouvrables \u00e0 compter de la<br \/>\npassation de la commande ou, en cas de paiement par virement,<br \/>\ndans les 1 \u00e0 5 jours ouvrables \u00e0 compter du cr\u00e9dit du compte du<br \/>\nVendeur.<br \/>\n5. La condition fondamentale pour l&amp;#39;ex\u00e9cution de la commande est<br \/>\nle remplissage correct par le Client du formulaire de commande<br \/>\ndisponible sur le site Internet.<br \/>\n6. Les bons de commande mal remplis ne constituent pas une<br \/>\ncommande pass\u00e9e.<br \/>\n7. Si certains des produits propos\u00e9s ne sont pas disponibles au<br \/>\nmoment de la passation de la commande, le Client en sera inform\u00e9<br \/>\npar t\u00e9l\u00e9phone ou par e-mail &#8211; dans une telle situation, le Client a le<br \/>\ndroit de r\u00e9silier le contrat.<br \/>\nRETOUR<br \/>\n1. Vous pouvez r\u00e9silier les marchandises achet\u00e9es dans le magasin<br \/>\n(r\u00e9silier le contrat) sans donner de motif dans les 14 jours \u00e0<br \/>\ncompter de la date de r\u00e9ception des marchandises, sans donner de<br \/>\nmotif ni encourir de frais, en envoyant une d\u00e9claration \u00e9crite de<br \/>\nr\u00e9tractation. du contrat au magasin. Le client est tenu de le<br \/>\nrestituer. biens achet\u00e9s. Les frais de retour en cas de r\u00e9tractation<\/p>\n<p style=\"text-align: center;\">du Client sans justification ne sont pas \u00e0 la charge du Magasin. Le<br \/>\nproduit retourn\u00e9 accompagn\u00e9 de la preuve d&amp;#39;achat doit \u00eatre envoy\u00e9<br \/>\n\u00e0 l&amp;#39;adresse suivante : PETITE LAURE PAULINA WUDARCZYK,<br \/>\n\u0141\u0119guty 1, 11-036 Gietrzwa\u0142d<br \/>\n2. Le produit retourn\u00e9 doit \u00eatre dans un \u00e9tat inchang\u00e9. Il ne peut<br \/>\nnotamment pas \u00eatre d\u00e9truit. Le non-respect des recommandations<br \/>\nci-dessus entra\u00eenera le refus du remboursement.<br \/>\n3. Le formulaire de r\u00e9tractation est disponible en Boutique sur<br \/>\nwww.petitelaure.com et constitue une annexe \u00e0 la loi du 30 mai<br \/>\n2014 relative aux droits des consommateurs (Journal officiel de<br \/>\n2014, article 827). T\u00e9l\u00e9chargez le mod\u00e8le de formulaire de retour ici<br \/>\n4. Le retour des articles en cas de r\u00e9siliation du contrat et de retour<br \/>\ndes marchandises est \u00e0 la charge du Client. Les frais de retour sont<br \/>\n\u00e9gaux au tarif de l&amp;#39;op\u00e9rateur postal ou autre op\u00e9rateur dont le Client<br \/>\nutilisera les services.<br \/>\n5. Le client est tenu de restituer les marchandises au plus tard 14<br \/>\njours \u00e0 compter de la date \u00e0 laquelle il a r\u00e9sili\u00e9 le contrat. Pour<br \/>\nrespecter le d\u00e9lai, il suffit de restituer les articles avant son<br \/>\nexpiration.<br \/>\nPLAINTES<br \/>\n1. Le vendeur est tenu de livrer les marchandises sans d\u00e9fauts. Les<br \/>\nresponsabilit\u00e9s du Vendeur \u00e0 l&amp;#39;\u00e9gard du Client sont pr\u00e9cis\u00e9es dans<br \/>\nles lois g\u00e9n\u00e9ralement applicables, notamment le Code civil.<br \/>\n2. Les r\u00e9clamations sont examin\u00e9es conform\u00e9ment \u00e0 la loi du 30<br \/>\nmai 2014 sur les droits des consommateurs (Journal des lois de<br \/>\n2014, article 827). Dommages \u00e0 l&amp;#39;envoi : si l&amp;#39;envoi suscite des<br \/>\ninqui\u00e9tudes quant \u00e0 l&amp;#39;int\u00e9gralit\u00e9 du contenu (par exemple s&amp;#39;il<br \/>\npr\u00e9sente des dommages, des coupures), vous pouvez refuser de<br \/>\nl&amp;#39;accepter et signaler ce fait au transporteur. Vous devez obtenir une<br \/>\nconfirmation \u00e9crite que le refus de retrait \u00e9tait d\u00fb \u00e0 des dommages<br \/>\ncaus\u00e9s \u00e0 l&amp;#39;envoi.<br \/>\n3. La r\u00e9clamation doit \u00eatre d\u00e9pos\u00e9e apr\u00e8s que la marchandise s&amp;#39;est<br \/>\nav\u00e9r\u00e9e incompatible avec le contrat \u00e0 l&amp;#39;adresse email<\/p>\n<p style=\"text-align: center;\">office@petitelaure.com. Dans la ligne d&amp;#39;objet de l&amp;#39;e-mail, veuillez<br \/>\ninclure la PLAINTE et le num\u00e9ro de commande ainsi qu&amp;#39;une<br \/>\ndescription de la plainte.<br \/>\n4. En cas de r\u00e9clamation justifi\u00e9e, une fois accept\u00e9e, les r\u00e8gles<br \/>\npr\u00e9cis\u00e9es dans la loi seront appliqu\u00e9es. Avec l&amp;#39;accord mutuel du<br \/>\nclient et du vendeur, il est \u00e9galement possible d&amp;#39;\u00e9changer les<br \/>\nmarchandises contest\u00e9es contre d&amp;#39;autres marchandises disponibles<br \/>\nen magasin. Dans un tel cas, si le prix des marchandises neuves<br \/>\nest sup\u00e9rieur au prix des marchandises retourn\u00e9es, nous vous<br \/>\ndemanderons de payer la diff\u00e9rence, et si le prix des marchandises<br \/>\nneuves est inf\u00e9rieur au prix des marchandises retourn\u00e9es, nous<br \/>\nvous demanderons de payer la diff\u00e9rence. remboursera la<br \/>\ndiff\u00e9rence. En cas de paiement par carte de paiement, le<br \/>\nremboursement s&amp;#39;effectue sur la carte.<br \/>\n5. Les r\u00e9clamations concernant la diff\u00e9rence d&amp;#39;aspect des<br \/>\nmarchandises command\u00e9es et celles re\u00e7ues, qui r\u00e9sultent de la<br \/>\ndiff\u00e9rence dans le r\u00e9glage des param\u00e8tres du moniteur du Client,<br \/>\nnotamment la diff\u00e9rence de couleurs et de nuances, ne constituent<br \/>\npas un motif de r\u00e9clamation et de retour de les biens.<br \/>\nPROTECTION DES DONN\u00c9ES PERSONNELLES<br \/>\n1. L&amp;#39;administrateur des donn\u00e9es personnelles des clients est<br \/>\nPETITE LAURE PAULINA WUDARCZYK, \u0141\u0119guty 1, 11-036<br \/>\nGietrzwa\u0142d, NIP 113-228-21-60, REGON : 368485498. Les donn\u00e9es<br \/>\npersonnelles sont collect\u00e9es et trait\u00e9es conform\u00e9ment aux<br \/>\ndispositions de la loi. du 29 ao\u00fbt 1997. sur la protection des<br \/>\ndonn\u00e9es personnelles (Journal des lois de 2002, n\u00b0 101, article<br \/>\n926, tel que modifi\u00e9).<br \/>\n2. Les donn\u00e9es personnelles ne sont pas mises \u00e0 la disposition de<br \/>\npersonnes \u00e9trang\u00e8res aux activit\u00e9s de la boutique PETITE LAURE<br \/>\net sont utilis\u00e9es uniquement pour l&amp;#39;ex\u00e9cution et le traitement des<br \/>\ncommandes des clients, le marketing direct des propres services et<br \/>\nproduits de l&amp;#39;administrateur des donn\u00e9es. Les informations sur<br \/>\nl&amp;#39;adresse de livraison, le num\u00e9ro de t\u00e9l\u00e9phone de contact et<br \/>\nl&amp;#39;adresse e-mail du Client sont mises \u00e0 disposition, entre autres, les<br \/>\nop\u00e9rateurs g\u00e9rant les paiements \u00e9lectroniques dans le cadre<\/p>\n<p style=\"text-align: center;\">d&amp;#39;accords conclus ou les entit\u00e9s livrant les marchandises<br \/>\ncommand\u00e9es.<br \/>\n3. Les clients ont le droit de consulter leurs donn\u00e9es personnelles,<br \/>\nde les modifier, de les corriger et de les contr\u00f4ler, ainsi que de<br \/>\ndemander l&amp;#39;arr\u00eat de leur utilisation.<br \/>\nPAUSES TECHNIQUES<br \/>\n1. Le Vendeur n&amp;#39;est pas responsable du manque d&amp;#39;acc\u00e8s au<br \/>\nMagasin caus\u00e9 par des facteurs de force majeure.<br \/>\n2. Le Vendeur se r\u00e9serve le droit des interruptions d&amp;#39;acc\u00e8s au<br \/>\nMagasin caus\u00e9es par son service technique, des travaux de<br \/>\nmaintenance ou des travaux d&amp;#39;am\u00e9lioration des fonctionnalit\u00e9s du<br \/>\nMagasin. Parall\u00e8lement, le Vendeur s&amp;#39;engage \u00e0 mettre tout en<br \/>\n\u0153uvre pour que les pauses susvis\u00e9es se d\u00e9roulent de nuit et soient<br \/>\nles plus courtes possibles.<br \/>\nMODALIT\u00c9S HORS JUDICIAIRES DE TRAITEMENT DES<br \/>\nR\u00c9CLAMATIONS ET DE R\u00c9CLAMATION ET R\u00c8GLES D&amp;#39;ACC\u00c8S \u00c0<br \/>\nCES PROC\u00c9DURES<br \/>\n1. Des informations d\u00e9taill\u00e9es sur les modalit\u00e9s extrajudiciaires de<br \/>\ntraitement des plaintes et de poursuite des r\u00e9clamations, ainsi que<br \/>\nles r\u00e8gles d&amp;#39;acc\u00e8s \u00e0 ces proc\u00e9dures, sont disponibles dans les<br \/>\nbureaux et sur les sites Internet des m\u00e9diateurs r\u00e9gionaux de la<br \/>\nconsommation, des organismes sociaux dont les missions<br \/>\nstatutaires comprennent protection des consommateurs, les<br \/>\nInspections provinciales de l&amp;#39;Inspection du commerce et l&amp;#39;Office de<br \/>\nprotection de la concurrence et des consommateurs.<br \/>\n2. Le client a le droit de s&amp;#39;adresser \u00e0 un tribunal permanent<br \/>\nd&amp;#39;arbitrage des consommateurs.<br \/>\n3. Le client peut obtenir une assistance gratuite pour r\u00e9soudre le<br \/>\nlitige en faisant appel \u00e0 l&amp;#39;assistance du m\u00e9diateur local des<br \/>\nconsommateurs ou \u00e0 une organisation sociale dont les t\u00e2ches<br \/>\nl\u00e9gales incluent la protection des consommateurs.<br \/>\nPROVISIONS FINALES<\/p>\n<p style=\"text-align: center;\">1. Dans les mati\u00e8res non r\u00e9gl\u00e9es par le pr\u00e9sent r\u00e8glement, les<br \/>\ndispositions du Code civil et de la loi du 30 mai 2014 sur les droits<br \/>\ndes consommateurs (Journal officiel de 2014, article 827)<br \/>\ns&amp;#39;appliquent.<br \/>\n2. Passer une commande \u00e9quivaut \u00e0 consentir au stockage et au<br \/>\ntraitement des donn\u00e9es personnelles contenues dans la commande<br \/>\nconform\u00e9ment aux dispositions applicables de la loi sur la<br \/>\nprotection des donn\u00e9es personnelles.<br \/>\n3. Toutes les photos de produits sont la propri\u00e9t\u00e9 de PETITE<br \/>\nLAURE PAULINA WUDARCZYK et sont utilis\u00e9es \u00e0 titre informatif<br \/>\nuniquement. Ils ne peuvent pas \u00eatre supprim\u00e9s, copi\u00e9s, \u00e9dit\u00e9s,<br \/>\ndistribu\u00e9s, utilis\u00e9s \u00e0 des fins commerciales ou pr\u00e9sent\u00e9s sur<br \/>\nd&amp;#39;autres sites Web sans notre consentement.<\/p>\n","protected":false},"excerpt":{"rendered":"<p>Glossaire: 1. Vendeur &#8211; PETITE LAURE PAULINA WUDARCZYK dont le si\u00e8ge social est situ\u00e9 \u0141\u0119guty 1, 11-036 Gietrzwa\u0142d, NIP 113-228-21-60, REGON : 368485498, t\u00e9l\u00e9phone : +48 600 983 983, e-mail : office@petitelaure. com 2. Client \u2013 \u200b\u200bune personne qui ach\u00e8te des biens propos\u00e9s par la boutique en ligne. 3. Boutique en ligne\/Boutique &#8211; service en [&#8230;]\n","protected":false},"author":2,"featured_media":0,"parent":0,"menu_order":0,"comment_status":"closed","ping_status":"closed","template":"","meta":{"footnotes":""},"class_list":["post-10642","page","type-page","status-publish","hentry"],"yoast_head":"<!-- This site is optimized with the Yoast SEO plugin v26.9 - https:\/\/yoast.com\/product\/yoast-seo-wordpress\/ -->\n<title>R\u00c8GLEMENT DE LA BOUTIQUE EN LIGNE - petitelaure.com<\/title>\n<meta name=\"description\" content=\"Glossaire:1. Vendeur - PETITE LAURE PAULINA WUDARCZYK dont le si\u00e8gesocial est situ\u00e9 \u0141\u0119guty 1, 11-036 Gietrzwa\u0142d, NIP 113-228-21-60,REGON : 368485498, t\u00e9l\u00e9phone : +48 600 983 983, e-mail :office@petitelaure. com2. Client \u2013 \u200b\u200bune personne qui ach\u00e8te des biens propos\u00e9s par laboutique en ligne.3. Boutique en ligne\/Boutique - service en ligne disponible surwww.petitelaure.com, gr\u00e2ce auquel le Client peut acheter desMarchandises aupr\u00e8s du Vendeur.4. Biens - objets mobiliers propos\u00e9s \u00e0 la vente dans la Boutique enligne, pouvant faire l&#039;objet d&#039;un contrat de vente5. R\u00e8glements - le pr\u00e9sent R\u00e8glement de la boutique en ligne.\" \/>\n<meta name=\"robots\" content=\"index, follow, max-snippet:-1, max-image-preview:large, max-video-preview:-1\" \/>\n<link rel=\"canonical\" href=\"https:\/\/www.petitelaure.com\/fr\/reglement-de-la-boutique-en-ligne\/\" \/>\n<meta property=\"og:locale\" content=\"fr_FR\" \/>\n<meta property=\"og:type\" content=\"article\" \/>\n<meta property=\"og:title\" content=\"R\u00c8GLEMENT DE LA BOUTIQUE EN LIGNE - petitelaure.com\" \/>\n<meta property=\"og:description\" content=\"Glossaire:1. Vendeur - PETITE LAURE PAULINA WUDARCZYK dont le si\u00e8gesocial est situ\u00e9 \u0141\u0119guty 1, 11-036 Gietrzwa\u0142d, NIP 113-228-21-60,REGON : 368485498, t\u00e9l\u00e9phone : +48 600 983 983, e-mail :office@petitelaure. com2. Client \u2013 \u200b\u200bune personne qui ach\u00e8te des biens propos\u00e9s par laboutique en ligne.3. Boutique en ligne\/Boutique - service en ligne disponible surwww.petitelaure.com, gr\u00e2ce auquel le Client peut acheter desMarchandises aupr\u00e8s du Vendeur.4. Biens - objets mobiliers propos\u00e9s \u00e0 la vente dans la Boutique enligne, pouvant faire l&#039;objet d&#039;un contrat de vente5. R\u00e8glements - le pr\u00e9sent R\u00e8glement de la boutique en ligne.\" \/>\n<meta property=\"og:url\" content=\"https:\/\/www.petitelaure.com\/fr\/reglement-de-la-boutique-en-ligne\/\" \/>\n<meta property=\"og:site_name\" content=\"petitelaure.com\" \/>\n<meta name=\"twitter:card\" content=\"summary_large_image\" \/>\n<meta name=\"twitter:label1\" content=\"Dur\u00e9e de lecture estim\u00e9e\" \/>\n\t<meta name=\"twitter:data1\" content=\"8 minutes\" \/>\n<script type=\"application\/ld+json\" class=\"yoast-schema-graph\">{\"@context\":\"https:\/\/schema.org\",\"@graph\":[{\"@type\":\"WebPage\",\"@id\":\"https:\/\/www.petitelaure.com\/fr\/reglement-de-la-boutique-en-ligne\/\",\"url\":\"https:\/\/www.petitelaure.com\/fr\/reglement-de-la-boutique-en-ligne\/\",\"name\":\"R\u00c8GLEMENT DE LA BOUTIQUE EN LIGNE - petitelaure.com\",\"isPartOf\":{\"@id\":\"https:\/\/www.petitelaure.com\/fr\/#website\"},\"datePublished\":\"2023-09-26T18:24:22+00:00\",\"description\":\"Glossaire:1. Vendeur - PETITE LAURE PAULINA WUDARCZYK dont le si\u00e8gesocial est situ\u00e9 \u0141\u0119guty 1, 11-036 Gietrzwa\u0142d, NIP 113-228-21-60,REGON : 368485498, t\u00e9l\u00e9phone : +48 600 983 983, e-mail :office@petitelaure. com2. Client \u2013 \u200b\u200bune personne qui ach\u00e8te des biens propos\u00e9s par laboutique en ligne.3. Boutique en ligne\/Boutique - service en ligne disponible surwww.petitelaure.com, gr\u00e2ce auquel le Client peut acheter desMarchandises aupr\u00e8s du Vendeur.4. Biens - objets mobiliers propos\u00e9s \u00e0 la vente dans la Boutique enligne, pouvant faire l&#39;objet d&#39;un contrat de vente5. R\u00e8glements - le pr\u00e9sent R\u00e8glement de la boutique en ligne.\",\"breadcrumb\":{\"@id\":\"https:\/\/www.petitelaure.com\/fr\/reglement-de-la-boutique-en-ligne\/#breadcrumb\"},\"inLanguage\":\"fr-FR\",\"potentialAction\":[{\"@type\":\"ReadAction\",\"target\":[\"https:\/\/www.petitelaure.com\/fr\/reglement-de-la-boutique-en-ligne\/\"]}]},{\"@type\":\"BreadcrumbList\",\"@id\":\"https:\/\/www.petitelaure.com\/fr\/reglement-de-la-boutique-en-ligne\/#breadcrumb\",\"itemListElement\":[{\"@type\":\"ListItem\",\"position\":1,\"name\":\"Strona g\u0142\u00f3wna\",\"item\":\"https:\/\/www.petitelaure.com\/fr\/\"},{\"@type\":\"ListItem\",\"position\":2,\"name\":\"R\u00c8GLEMENT DE LA BOUTIQUE EN LIGNE\"}]},{\"@type\":\"WebSite\",\"@id\":\"https:\/\/www.petitelaure.com\/fr\/#website\",\"url\":\"https:\/\/www.petitelaure.com\/fr\/\",\"name\":\"petitelaure.com\",\"description\":\"\",\"potentialAction\":[{\"@type\":\"SearchAction\",\"target\":{\"@type\":\"EntryPoint\",\"urlTemplate\":\"https:\/\/www.petitelaure.com\/fr\/?s={search_term_string}\"},\"query-input\":{\"@type\":\"PropertyValueSpecification\",\"valueRequired\":true,\"valueName\":\"search_term_string\"}}],\"inLanguage\":\"fr-FR\"}]}<\/script>\n<!-- \/ Yoast SEO plugin. -->","yoast_head_json":{"title":"R\u00c8GLEMENT DE LA BOUTIQUE EN LIGNE - petitelaure.com","description":"Glossaire:1. Vendeur - PETITE LAURE PAULINA WUDARCZYK dont le si\u00e8gesocial est situ\u00e9 \u0141\u0119guty 1, 11-036 Gietrzwa\u0142d, NIP 113-228-21-60,REGON : 368485498, t\u00e9l\u00e9phone : +48 600 983 983, e-mail :office@petitelaure. com2. Client \u2013 \u200b\u200bune personne qui ach\u00e8te des biens propos\u00e9s par laboutique en ligne.3. Boutique en ligne\/Boutique - service en ligne disponible surwww.petitelaure.com, gr\u00e2ce auquel le Client peut acheter desMarchandises aupr\u00e8s du Vendeur.4. Biens - objets mobiliers propos\u00e9s \u00e0 la vente dans la Boutique enligne, pouvant faire l&#39;objet d&#39;un contrat de vente5. R\u00e8glements - le pr\u00e9sent R\u00e8glement de la boutique en ligne.","robots":{"index":"index","follow":"follow","max-snippet":"max-snippet:-1","max-image-preview":"max-image-preview:large","max-video-preview":"max-video-preview:-1"},"canonical":"https:\/\/www.petitelaure.com\/fr\/reglement-de-la-boutique-en-ligne\/","og_locale":"fr_FR","og_type":"article","og_title":"R\u00c8GLEMENT DE LA BOUTIQUE EN LIGNE - petitelaure.com","og_description":"Glossaire:1. Vendeur - PETITE LAURE PAULINA WUDARCZYK dont le si\u00e8gesocial est situ\u00e9 \u0141\u0119guty 1, 11-036 Gietrzwa\u0142d, NIP 113-228-21-60,REGON : 368485498, t\u00e9l\u00e9phone : +48 600 983 983, e-mail :office@petitelaure. com2. Client \u2013 \u200b\u200bune personne qui ach\u00e8te des biens propos\u00e9s par laboutique en ligne.3. Boutique en ligne\/Boutique - service en ligne disponible surwww.petitelaure.com, gr\u00e2ce auquel le Client peut acheter desMarchandises aupr\u00e8s du Vendeur.4. Biens - objets mobiliers propos\u00e9s \u00e0 la vente dans la Boutique enligne, pouvant faire l&#39;objet d&#39;un contrat de vente5. R\u00e8glements - le pr\u00e9sent R\u00e8glement de la boutique en ligne.","og_url":"https:\/\/www.petitelaure.com\/fr\/reglement-de-la-boutique-en-ligne\/","og_site_name":"petitelaure.com","twitter_card":"summary_large_image","twitter_misc":{"Dur\u00e9e de lecture estim\u00e9e":"8 minutes"},"schema":{"@context":"https:\/\/schema.org","@graph":[{"@type":"WebPage","@id":"https:\/\/www.petitelaure.com\/fr\/reglement-de-la-boutique-en-ligne\/","url":"https:\/\/www.petitelaure.com\/fr\/reglement-de-la-boutique-en-ligne\/","name":"R\u00c8GLEMENT DE LA BOUTIQUE EN LIGNE - petitelaure.com","isPartOf":{"@id":"https:\/\/www.petitelaure.com\/fr\/#website"},"datePublished":"2023-09-26T18:24:22+00:00","description":"Glossaire:1. Vendeur - PETITE LAURE PAULINA WUDARCZYK dont le si\u00e8gesocial est situ\u00e9 \u0141\u0119guty 1, 11-036 Gietrzwa\u0142d, NIP 113-228-21-60,REGON : 368485498, t\u00e9l\u00e9phone : +48 600 983 983, e-mail :office@petitelaure. com2. Client \u2013 \u200b\u200bune personne qui ach\u00e8te des biens propos\u00e9s par laboutique en ligne.3. Boutique en ligne\/Boutique - service en ligne disponible surwww.petitelaure.com, gr\u00e2ce auquel le Client peut acheter desMarchandises aupr\u00e8s du Vendeur.4. Biens - objets mobiliers propos\u00e9s \u00e0 la vente dans la Boutique enligne, pouvant faire l&#39;objet d&#39;un contrat de vente5. R\u00e8glements - le pr\u00e9sent R\u00e8glement de la boutique en ligne.","breadcrumb":{"@id":"https:\/\/www.petitelaure.com\/fr\/reglement-de-la-boutique-en-ligne\/#breadcrumb"},"inLanguage":"fr-FR","potentialAction":[{"@type":"ReadAction","target":["https:\/\/www.petitelaure.com\/fr\/reglement-de-la-boutique-en-ligne\/"]}]},{"@type":"BreadcrumbList","@id":"https:\/\/www.petitelaure.com\/fr\/reglement-de-la-boutique-en-ligne\/#breadcrumb","itemListElement":[{"@type":"ListItem","position":1,"name":"Strona g\u0142\u00f3wna","item":"https:\/\/www.petitelaure.com\/fr\/"},{"@type":"ListItem","position":2,"name":"R\u00c8GLEMENT DE LA BOUTIQUE EN LIGNE"}]},{"@type":"WebSite","@id":"https:\/\/www.petitelaure.com\/fr\/#website","url":"https:\/\/www.petitelaure.com\/fr\/","name":"petitelaure.com","description":"","potentialAction":[{"@type":"SearchAction","target":{"@type":"EntryPoint","urlTemplate":"https:\/\/www.petitelaure.com\/fr\/?s={search_term_string}"},"query-input":{"@type":"PropertyValueSpecification","valueRequired":true,"valueName":"search_term_string"}}],"inLanguage":"fr-FR"}]}},"_links":{"self":[{"href":"https:\/\/www.petitelaure.com\/fr\/wp-json\/wp\/v2\/pages\/10642","targetHints":{"allow":["GET"]}}],"collection":[{"href":"https:\/\/www.petitelaure.com\/fr\/wp-json\/wp\/v2\/pages"}],"about":[{"href":"https:\/\/www.petitelaure.com\/fr\/wp-json\/wp\/v2\/types\/page"}],"author":[{"embeddable":true,"href":"https:\/\/www.petitelaure.com\/fr\/wp-json\/wp\/v2\/users\/2"}],"replies":[{"embeddable":true,"href":"https:\/\/www.petitelaure.com\/fr\/wp-json\/wp\/v2\/comments?post=10642"}],"version-history":[{"count":1,"href":"https:\/\/www.petitelaure.com\/fr\/wp-json\/wp\/v2\/pages\/10642\/revisions"}],"predecessor-version":[{"id":10643,"href":"https:\/\/www.petitelaure.com\/fr\/wp-json\/wp\/v2\/pages\/10642\/revisions\/10643"}],"wp:attachment":[{"href":"https:\/\/www.petitelaure.com\/fr\/wp-json\/wp\/v2\/media?parent=10642"}],"curies":[{"name":"wp","href":"https:\/\/api.w.org\/{rel}","templated":true}]}}