{"id":1348,"date":"2020-10-18T23:08:56","date_gmt":"2020-10-18T21:08:56","guid":{"rendered":"https:\/\/www.petitelaure.com\/?post_type=product&#038;p=1348"},"modified":"2026-04-05T12:56:06","modified_gmt":"2026-04-05T10:56:06","slug":"welcome-baby-gift-set-3-kopia-2","status":"publish","type":"product","link":"https:\/\/www.petitelaure.com\/de\/product\/welcome-baby-gift-set-3-kopia-2\/","title":{"rendered":"Welcome baby gift set #1"},"content":{"rendered":"<h2 dir=\"ltr\" data-placeholder=\"T\u0142umaczenie\">Welcome baby gift set includes: white baby swaddle with embroidered white flowers, waffle baby blanket off-white<\/h2>\n<p id=\"tw-target-text\" class=\"tw-data-text tw-text-large XcVN5d tw-ta\" dir=\"ltr\" data-placeholder=\"T\u0142umaczenie\"><span lang=\"en\">An elegant gift set for a baby, which includes: <strong>white cotton baby swaddle with an embroidered white flowers, waffle baby blanket off-white.<\/strong> The whole is packed in an elegant, logged suitcase in a natural color, which will be perfect for storing baby&#8217;s small items as well as souvenirs. <\/span><\/p>\n<p class=\"tw-data-text tw-text-large XcVN5d tw-ta\" dir=\"ltr\" data-placeholder=\"T\u0142umaczenie\"><span lang=\"en\">A baby gift set will be perfect as a stylish and unusual gift for welcoming a baby, a babyshower gift, a birthday gift or any other nice occasion. <\/span><\/p>\n<p class=\"tw-data-text tw-text-large XcVN5d tw-ta\" dir=\"ltr\" data-placeholder=\"T\u0142umaczenie\"><span lang=\"en\">Muslin cotton baby swaddle with embroidered white flowers<\/span><\/p>\n<p class=\"tw-data-text tw-text-large XcVN5d tw-ta\" dir=\"ltr\" data-placeholder=\"T\u0142umaczenie\"><span lang=\"en\">composition: 100%the highest quality cotton, dimensions: 100 x100 cm <\/span><\/p>\n<p class=\"tw-data-text tw-text-large XcVN5d tw-ta\" dir=\"ltr\" data-placeholder=\"T\u0142umaczenie\"><span lang=\"en\">Waffle cotton baby blanket off-white<\/span><\/p>\n<p class=\"tw-data-text tw-text-large XcVN5d tw-ta\" dir=\"ltr\" data-placeholder=\"T\u0142umaczenie\"><span lang=\"en\">composition: 100% the highest quality cotton, <\/span><\/p>\n<p class=\"tw-data-text tw-text-large XcVN5d tw-ta\" dir=\"ltr\" data-placeholder=\"T\u0142umaczenie\"><span lang=\"en\">dimensions: 75 x 100 cm <\/span><\/p>\n<p class=\"tw-data-text tw-text-large XcVN5d tw-ta\" dir=\"ltr\" data-placeholder=\"T\u0142umaczenie\"><span lang=\"en\">Elegant suitcase with the Petite Laure logo <\/span><\/p>\n","protected":false},"excerpt":{"rendered":"<p>Welcome the little one to the world with these new baby gift set. Welcome baby set includes: white cotton baby swaddle with an embroidered white flowers, waffle baby blanket off-white packed in our elegant suitcase with Petite Laure logo.<\/p>\n","protected":false},"featured_media":1389,"comment_status":"open","ping_status":"closed","template":"","meta":[],"product_brand":[],"product_cat":[70],"product_tag":[],"class_list":{"0":"post-1348","1":"product","2":"type-product","3":"status-publish","4":"has-post-thumbnail","6":"product_cat-gift-sets","8":"first","9":"outofstock","10":"shipping-taxable","11":"purchasable","12":"product-type-simple"},"yoast_head":"<!-- This site is optimized with the Yoast SEO plugin v26.9 - https:\/\/yoast.com\/product\/yoast-seo-wordpress\/ -->\n<title>Welcome baby gift set #1 - petitelaure.com<\/title>\n<meta name=\"description\" content=\"Welcome baby gift set from petite Laure includes: white baby swaddle with embroidered white flowers, waffle baby blanket off-white. Baby Shower.\" \/>\n<meta name=\"robots\" content=\"index, follow, max-snippet:-1, max-image-preview:large, max-video-preview:-1\" \/>\n<link rel=\"canonical\" href=\"https:\/\/www.petitelaure.com\/de\/product\/welcome-baby-gift-set-3-kopia-2\/\" \/>\n<meta property=\"og:locale\" content=\"de_DE\" \/>\n<meta property=\"og:type\" content=\"article\" \/>\n<meta property=\"og:title\" content=\"Welcome baby gift set #1 - petitelaure.com\" \/>\n<meta property=\"og:description\" content=\"Welcome baby gift set from petite Laure includes: white baby swaddle with embroidered white flowers, waffle baby blanket off-white. Baby Shower.\" \/>\n<meta property=\"og:url\" content=\"https:\/\/www.petitelaure.com\/de\/product\/welcome-baby-gift-set-3-kopia-2\/\" \/>\n<meta property=\"og:site_name\" content=\"petitelaure.com\" \/>\n<meta property=\"article:modified_time\" content=\"2026-04-05T10:56:06+00:00\" \/>\n<meta property=\"og:image\" content=\"https:\/\/www.petitelaure.com\/wp-content\/uploads\/2020\/10\/IMG_8490-scaled.jpg\" \/>\n\t<meta property=\"og:image:width\" content=\"1707\" \/>\n\t<meta property=\"og:image:height\" content=\"2560\" \/>\n\t<meta property=\"og:image:type\" content=\"image\/jpeg\" \/>\n<meta name=\"twitter:card\" content=\"summary_large_image\" \/>\n<meta name=\"twitter:label1\" content=\"Gesch\u00e4tzte Lesezeit\" \/>\n\t<meta name=\"twitter:data1\" content=\"1\u00a0Minute\" \/>\n<script type=\"application\/ld+json\" class=\"yoast-schema-graph\">{\"@context\":\"https:\/\/schema.org\",\"@graph\":[{\"@type\":\"WebPage\",\"@id\":\"https:\/\/www.petitelaure.com\/de\/product\/welcome-baby-gift-set-3-kopia-2\/\",\"url\":\"https:\/\/www.petitelaure.com\/de\/product\/welcome-baby-gift-set-3-kopia-2\/\",\"name\":\"Welcome baby gift set #1 - petitelaure.com\",\"isPartOf\":{\"@id\":\"https:\/\/www.petitelaure.com\/de\/#website\"},\"primaryImageOfPage\":{\"@id\":\"https:\/\/www.petitelaure.com\/de\/product\/welcome-baby-gift-set-3-kopia-2\/#primaryimage\"},\"image\":{\"@id\":\"https:\/\/www.petitelaure.com\/de\/product\/welcome-baby-gift-set-3-kopia-2\/#primaryimage\"},\"thumbnailUrl\":\"https:\/\/www.petitelaure.com\/wp-content\/uploads\/2020\/10\/IMG_8490-scaled.jpg\",\"datePublished\":\"2020-10-18T21:08:56+00:00\",\"dateModified\":\"2026-04-05T10:56:06+00:00\",\"description\":\"Welcome baby gift set from petite Laure includes: white baby swaddle with embroidered white flowers, waffle baby blanket off-white. Baby Shower.\",\"breadcrumb\":{\"@id\":\"https:\/\/www.petitelaure.com\/de\/product\/welcome-baby-gift-set-3-kopia-2\/#breadcrumb\"},\"inLanguage\":\"de\",\"potentialAction\":[{\"@type\":\"ReadAction\",\"target\":[\"https:\/\/www.petitelaure.com\/de\/product\/welcome-baby-gift-set-3-kopia-2\/\"]}]},{\"@type\":\"ImageObject\",\"inLanguage\":\"de\",\"@id\":\"https:\/\/www.petitelaure.com\/de\/product\/welcome-baby-gift-set-3-kopia-2\/#primaryimage\",\"url\":\"https:\/\/www.petitelaure.com\/wp-content\/uploads\/2020\/10\/IMG_8490-scaled.jpg\",\"contentUrl\":\"https:\/\/www.petitelaure.com\/wp-content\/uploads\/2020\/10\/IMG_8490-scaled.jpg\",\"width\":1707,\"height\":2560,\"caption\":\"Zestaw prezentowy dla niemowl\u0119cia: otulacz z bawe\u0142ny w haftowane kwiaty bia\u0142y, kocyk niemowl\u0119cy bawe\u0142niany wafelkowy w kolorze \u015bmietankowym\"},{\"@type\":\"BreadcrumbList\",\"@id\":\"https:\/\/www.petitelaure.com\/de\/product\/welcome-baby-gift-set-3-kopia-2\/#breadcrumb\",\"itemListElement\":[{\"@type\":\"ListItem\",\"position\":1,\"name\":\"Strona g\u0142\u00f3wna\",\"item\":\"https:\/\/www.petitelaure.com\/de\/\"},{\"@type\":\"ListItem\",\"position\":2,\"name\":\"Shop\",\"item\":\"https:\/\/www.petitelaure.com\/shop\/\"},{\"@type\":\"ListItem\",\"position\":3,\"name\":\"Welcome baby gift set #1\"}]},{\"@type\":\"WebSite\",\"@id\":\"https:\/\/www.petitelaure.com\/de\/#website\",\"url\":\"https:\/\/www.petitelaure.com\/de\/\",\"name\":\"petitelaure.com\",\"description\":\"\",\"potentialAction\":[{\"@type\":\"SearchAction\",\"target\":{\"@type\":\"EntryPoint\",\"urlTemplate\":\"https:\/\/www.petitelaure.com\/de\/?s={search_term_string}\"},\"query-input\":{\"@type\":\"PropertyValueSpecification\",\"valueRequired\":true,\"valueName\":\"search_term_string\"}}],\"inLanguage\":\"de\"}]}<\/script>\n<!-- \/ Yoast SEO plugin. -->","yoast_head_json":{"title":"Welcome baby gift set #1 - petitelaure.com","description":"Welcome baby gift set from petite Laure includes: white baby swaddle with embroidered white flowers, waffle baby blanket off-white. Baby Shower.","robots":{"index":"index","follow":"follow","max-snippet":"max-snippet:-1","max-image-preview":"max-image-preview:large","max-video-preview":"max-video-preview:-1"},"canonical":"https:\/\/www.petitelaure.com\/de\/product\/welcome-baby-gift-set-3-kopia-2\/","og_locale":"de_DE","og_type":"article","og_title":"Welcome baby gift set #1 - petitelaure.com","og_description":"Welcome baby gift set from petite Laure includes: white baby swaddle with embroidered white flowers, waffle baby blanket off-white. Baby Shower.","og_url":"https:\/\/www.petitelaure.com\/de\/product\/welcome-baby-gift-set-3-kopia-2\/","og_site_name":"petitelaure.com","article_modified_time":"2026-04-05T10:56:06+00:00","og_image":[{"width":1707,"height":2560,"url":"https:\/\/www.petitelaure.com\/wp-content\/uploads\/2020\/10\/IMG_8490-scaled.jpg","type":"image\/jpeg"}],"twitter_card":"summary_large_image","twitter_misc":{"Gesch\u00e4tzte Lesezeit":"1\u00a0Minute"},"schema":{"@context":"https:\/\/schema.org","@graph":[{"@type":"WebPage","@id":"https:\/\/www.petitelaure.com\/de\/product\/welcome-baby-gift-set-3-kopia-2\/","url":"https:\/\/www.petitelaure.com\/de\/product\/welcome-baby-gift-set-3-kopia-2\/","name":"Welcome baby gift set #1 - petitelaure.com","isPartOf":{"@id":"https:\/\/www.petitelaure.com\/de\/#website"},"primaryImageOfPage":{"@id":"https:\/\/www.petitelaure.com\/de\/product\/welcome-baby-gift-set-3-kopia-2\/#primaryimage"},"image":{"@id":"https:\/\/www.petitelaure.com\/de\/product\/welcome-baby-gift-set-3-kopia-2\/#primaryimage"},"thumbnailUrl":"https:\/\/www.petitelaure.com\/wp-content\/uploads\/2020\/10\/IMG_8490-scaled.jpg","datePublished":"2020-10-18T21:08:56+00:00","dateModified":"2026-04-05T10:56:06+00:00","description":"Welcome baby gift set from petite Laure includes: white baby swaddle with embroidered white flowers, waffle baby blanket off-white. Baby Shower.","breadcrumb":{"@id":"https:\/\/www.petitelaure.com\/de\/product\/welcome-baby-gift-set-3-kopia-2\/#breadcrumb"},"inLanguage":"de","potentialAction":[{"@type":"ReadAction","target":["https:\/\/www.petitelaure.com\/de\/product\/welcome-baby-gift-set-3-kopia-2\/"]}]},{"@type":"ImageObject","inLanguage":"de","@id":"https:\/\/www.petitelaure.com\/de\/product\/welcome-baby-gift-set-3-kopia-2\/#primaryimage","url":"https:\/\/www.petitelaure.com\/wp-content\/uploads\/2020\/10\/IMG_8490-scaled.jpg","contentUrl":"https:\/\/www.petitelaure.com\/wp-content\/uploads\/2020\/10\/IMG_8490-scaled.jpg","width":1707,"height":2560,"caption":"Zestaw prezentowy dla niemowl\u0119cia: otulacz z bawe\u0142ny w haftowane kwiaty bia\u0142y, kocyk niemowl\u0119cy bawe\u0142niany wafelkowy w kolorze \u015bmietankowym"},{"@type":"BreadcrumbList","@id":"https:\/\/www.petitelaure.com\/de\/product\/welcome-baby-gift-set-3-kopia-2\/#breadcrumb","itemListElement":[{"@type":"ListItem","position":1,"name":"Strona g\u0142\u00f3wna","item":"https:\/\/www.petitelaure.com\/de\/"},{"@type":"ListItem","position":2,"name":"Shop","item":"https:\/\/www.petitelaure.com\/shop\/"},{"@type":"ListItem","position":3,"name":"Welcome baby gift set #1"}]},{"@type":"WebSite","@id":"https:\/\/www.petitelaure.com\/de\/#website","url":"https:\/\/www.petitelaure.com\/de\/","name":"petitelaure.com","description":"","potentialAction":[{"@type":"SearchAction","target":{"@type":"EntryPoint","urlTemplate":"https:\/\/www.petitelaure.com\/de\/?s={search_term_string}"},"query-input":{"@type":"PropertyValueSpecification","valueRequired":true,"valueName":"search_term_string"}}],"inLanguage":"de"}]}},"_links":{"self":[{"href":"https:\/\/www.petitelaure.com\/de\/wp-json\/wp\/v2\/product\/1348","targetHints":{"allow":["GET"]}}],"collection":[{"href":"https:\/\/www.petitelaure.com\/de\/wp-json\/wp\/v2\/product"}],"about":[{"href":"https:\/\/www.petitelaure.com\/de\/wp-json\/wp\/v2\/types\/product"}],"replies":[{"embeddable":true,"href":"https:\/\/www.petitelaure.com\/de\/wp-json\/wp\/v2\/comments?post=1348"}],"wp:featuredmedia":[{"embeddable":true,"href":"https:\/\/www.petitelaure.com\/de\/wp-json\/wp\/v2\/media\/1389"}],"wp:attachment":[{"href":"https:\/\/www.petitelaure.com\/de\/wp-json\/wp\/v2\/media?parent=1348"}],"wp:term":[{"taxonomy":"product_brand","embeddable":true,"href":"https:\/\/www.petitelaure.com\/de\/wp-json\/wp\/v2\/product_brand?post=1348"},{"taxonomy":"product_cat","embeddable":true,"href":"https:\/\/www.petitelaure.com\/de\/wp-json\/wp\/v2\/product_cat?post=1348"},{"taxonomy":"product_tag","embeddable":true,"href":"https:\/\/www.petitelaure.com\/de\/wp-json\/wp\/v2\/product_tag?post=1348"}],"curies":[{"name":"wp","href":"https:\/\/api.w.org\/{rel}","templated":true}]}}