{"id":11390,"date":"2023-11-15T15:28:42","date_gmt":"2023-11-15T14:36:07","guid":{"rendered":"https:\/\/www.petitelaure.com\/?post_type=product&#038;p=11390"},"modified":"2023-11-15T15:36:07","modified_gmt":"2023-11-15T14:36:07","slug":"wickeln-bamboo","status":"publish","type":"product","link":"https:\/\/www.petitelaure.com\/de\/produkt\/wickeln-bamboo\/","title":{"rendered":"Wickeln Bamboo"},"content":{"rendered":"<p><strong>Waschen und Pflege<\/strong><\/p>\n<ul>\n<li>Das Produkt besteht aus einem sehr empfindlichen Garn mit einem einzigartigen Gewebe, daher stellen die Enlisten w\u00e4hrend der Verwendung keine Gr\u00fcnde f\u00fcr Beschwerden dar.<\/li>\n<li>Waschen in einer Waschmaschine bei 30 \u00b0, einem heiklen Programm \u2013 max. 800 Rotationsrevolutionen.<\/li>\n<li>Waschen Sie nicht mit rauen Dingen oder Produkten mit scharfen Elementen, die dazu f\u00fchren k\u00f6nnen, dass es genommen oder booten wird.<\/li>\n<li>Verwenden Sie keine Bleichmittel.<\/li>\n<li>Nicht von Hand waschen.<\/li>\n<li>In einem Trommeltrockner nicht trocknen. Wir empfehlen, flach zu trocknen.<\/li>\n<li>Legen Sie das gewaschene Produkt nicht f\u00fcr zu langes Sonnenlicht frei.<\/li>\n<li>Impolieren Sie nur Bambusgewebe bei einer Temperatur von bis zu 110 \u00b0<\/li>\n<\/ul>\n","protected":false},"excerpt":{"rendered":"<p>Waschen und Pflege Das Produkt besteht aus einem sehr empfindlichen Garn mit einem einzigartigen Gewebe, daher stellen die Enlisten w\u00e4hrend der Verwendung keine Gr\u00fcnde f\u00fcr Beschwerden dar. Waschen in einer Waschmaschine bei 30 \u00b0, einem heiklen Programm \u2013 max. 800 Rotationsrevolutionen. Waschen Sie nicht mit rauen Dingen oder Produkten mit scharfen Elementen, die dazu f\u00fchren [&#8230;]\n","protected":false},"featured_media":10085,"comment_status":"open","ping_status":"closed","template":"","meta":[],"product_brand":[],"product_cat":[464],"product_tag":[],"class_list":{"0":"post-11390","1":"product","2":"type-product","3":"status-publish","4":"has-post-thumbnail","6":"product_cat-windel","8":"first","9":"outofstock","10":"shipping-taxable","11":"purchasable","12":"product-type-simple"},"yoast_head":"<!-- This site is optimized with the Yoast SEO plugin v26.9 - https:\/\/yoast.com\/product\/yoast-seo-wordpress\/ -->\n<title>Wickeln Bamboo - petitelaure.com<\/title>\n<meta name=\"robots\" content=\"index, follow, max-snippet:-1, max-image-preview:large, max-video-preview:-1\" \/>\n<link rel=\"canonical\" href=\"https:\/\/www.petitelaure.com\/de\/produkt\/wickeln-bamboo\/\" \/>\n<meta property=\"og:locale\" content=\"de_DE\" \/>\n<meta property=\"og:type\" content=\"article\" \/>\n<meta property=\"og:title\" content=\"Wickeln Bamboo - petitelaure.com\" \/>\n<meta property=\"og:description\" content=\"Waschen und Pflege Das Produkt besteht aus einem sehr empfindlichen Garn mit einem einzigartigen Gewebe, daher stellen die Enlisten w\u00e4hrend der Verwendung keine Gr\u00fcnde f\u00fcr Beschwerden dar. Waschen in einer Waschmaschine bei 30 \u00b0, einem heiklen Programm \u2013 max. 800 Rotationsrevolutionen. Waschen Sie nicht mit rauen Dingen oder Produkten mit scharfen Elementen, die dazu f\u00fchren [...]\" \/>\n<meta property=\"og:url\" content=\"https:\/\/www.petitelaure.com\/de\/produkt\/wickeln-bamboo\/\" \/>\n<meta property=\"og:site_name\" content=\"petitelaure.com\" \/>\n<meta property=\"og:image\" content=\"https:\/\/www.petitelaure.com\/wp-content\/uploads\/2022\/07\/IMG_8582.jpg\" \/>\n\t<meta property=\"og:image:width\" content=\"1512\" \/>\n\t<meta property=\"og:image:height\" content=\"2016\" \/>\n\t<meta property=\"og:image:type\" content=\"image\/jpeg\" \/>\n<meta name=\"twitter:card\" content=\"summary_large_image\" \/>\n<meta name=\"twitter:label1\" content=\"Gesch\u00e4tzte Lesezeit\" \/>\n\t<meta name=\"twitter:data1\" content=\"1\u00a0Minute\" \/>\n<script type=\"application\/ld+json\" class=\"yoast-schema-graph\">{\"@context\":\"https:\/\/schema.org\",\"@graph\":[{\"@type\":\"WebPage\",\"@id\":\"https:\/\/www.petitelaure.com\/de\/produkt\/wickeln-bamboo\/\",\"url\":\"https:\/\/www.petitelaure.com\/de\/produkt\/wickeln-bamboo\/\",\"name\":\"Wickeln Bamboo - petitelaure.com\",\"isPartOf\":{\"@id\":\"https:\/\/www.petitelaure.com\/de\/#website\"},\"primaryImageOfPage\":{\"@id\":\"https:\/\/www.petitelaure.com\/de\/produkt\/wickeln-bamboo\/#primaryimage\"},\"image\":{\"@id\":\"https:\/\/www.petitelaure.com\/de\/produkt\/wickeln-bamboo\/#primaryimage\"},\"thumbnailUrl\":\"https:\/\/www.petitelaure.com\/wp-content\/uploads\/2022\/07\/IMG_8582.jpg\",\"datePublished\":\"2023-11-15T14:36:07+00:00\",\"breadcrumb\":{\"@id\":\"https:\/\/www.petitelaure.com\/de\/produkt\/wickeln-bamboo\/#breadcrumb\"},\"inLanguage\":\"de\",\"potentialAction\":[{\"@type\":\"ReadAction\",\"target\":[\"https:\/\/www.petitelaure.com\/de\/produkt\/wickeln-bamboo\/\"]}]},{\"@type\":\"ImageObject\",\"inLanguage\":\"de\",\"@id\":\"https:\/\/www.petitelaure.com\/de\/produkt\/wickeln-bamboo\/#primaryimage\",\"url\":\"https:\/\/www.petitelaure.com\/wp-content\/uploads\/2022\/07\/IMG_8582.jpg\",\"contentUrl\":\"https:\/\/www.petitelaure.com\/wp-content\/uploads\/2022\/07\/IMG_8582.jpg\",\"width\":1512,\"height\":2016,\"caption\":\"Pieluszka Bambusowa Mu\u015blinowa\"},{\"@type\":\"BreadcrumbList\",\"@id\":\"https:\/\/www.petitelaure.com\/de\/produkt\/wickeln-bamboo\/#breadcrumb\",\"itemListElement\":[{\"@type\":\"ListItem\",\"position\":1,\"name\":\"Strona g\u0142\u00f3wna\",\"item\":\"https:\/\/www.petitelaure.com\/de\/\"},{\"@type\":\"ListItem\",\"position\":2,\"name\":\"Shop\",\"item\":\"https:\/\/www.petitelaure.com\/shop\/\"},{\"@type\":\"ListItem\",\"position\":3,\"name\":\"Wickeln Bamboo\"}]},{\"@type\":\"WebSite\",\"@id\":\"https:\/\/www.petitelaure.com\/de\/#website\",\"url\":\"https:\/\/www.petitelaure.com\/de\/\",\"name\":\"petitelaure.com\",\"description\":\"\",\"potentialAction\":[{\"@type\":\"SearchAction\",\"target\":{\"@type\":\"EntryPoint\",\"urlTemplate\":\"https:\/\/www.petitelaure.com\/de\/?s={search_term_string}\"},\"query-input\":{\"@type\":\"PropertyValueSpecification\",\"valueRequired\":true,\"valueName\":\"search_term_string\"}}],\"inLanguage\":\"de\"}]}<\/script>\n<!-- \/ Yoast SEO plugin. -->","yoast_head_json":{"title":"Wickeln Bamboo - petitelaure.com","robots":{"index":"index","follow":"follow","max-snippet":"max-snippet:-1","max-image-preview":"max-image-preview:large","max-video-preview":"max-video-preview:-1"},"canonical":"https:\/\/www.petitelaure.com\/de\/produkt\/wickeln-bamboo\/","og_locale":"de_DE","og_type":"article","og_title":"Wickeln Bamboo - petitelaure.com","og_description":"Waschen und Pflege Das Produkt besteht aus einem sehr empfindlichen Garn mit einem einzigartigen Gewebe, daher stellen die Enlisten w\u00e4hrend der Verwendung keine Gr\u00fcnde f\u00fcr Beschwerden dar. Waschen in einer Waschmaschine bei 30 \u00b0, einem heiklen Programm \u2013 max. 800 Rotationsrevolutionen. Waschen Sie nicht mit rauen Dingen oder Produkten mit scharfen Elementen, die dazu f\u00fchren [...]","og_url":"https:\/\/www.petitelaure.com\/de\/produkt\/wickeln-bamboo\/","og_site_name":"petitelaure.com","og_image":[{"width":1512,"height":2016,"url":"https:\/\/www.petitelaure.com\/wp-content\/uploads\/2022\/07\/IMG_8582.jpg","type":"image\/jpeg"}],"twitter_card":"summary_large_image","twitter_misc":{"Gesch\u00e4tzte Lesezeit":"1\u00a0Minute"},"schema":{"@context":"https:\/\/schema.org","@graph":[{"@type":"WebPage","@id":"https:\/\/www.petitelaure.com\/de\/produkt\/wickeln-bamboo\/","url":"https:\/\/www.petitelaure.com\/de\/produkt\/wickeln-bamboo\/","name":"Wickeln Bamboo - petitelaure.com","isPartOf":{"@id":"https:\/\/www.petitelaure.com\/de\/#website"},"primaryImageOfPage":{"@id":"https:\/\/www.petitelaure.com\/de\/produkt\/wickeln-bamboo\/#primaryimage"},"image":{"@id":"https:\/\/www.petitelaure.com\/de\/produkt\/wickeln-bamboo\/#primaryimage"},"thumbnailUrl":"https:\/\/www.petitelaure.com\/wp-content\/uploads\/2022\/07\/IMG_8582.jpg","datePublished":"2023-11-15T14:36:07+00:00","breadcrumb":{"@id":"https:\/\/www.petitelaure.com\/de\/produkt\/wickeln-bamboo\/#breadcrumb"},"inLanguage":"de","potentialAction":[{"@type":"ReadAction","target":["https:\/\/www.petitelaure.com\/de\/produkt\/wickeln-bamboo\/"]}]},{"@type":"ImageObject","inLanguage":"de","@id":"https:\/\/www.petitelaure.com\/de\/produkt\/wickeln-bamboo\/#primaryimage","url":"https:\/\/www.petitelaure.com\/wp-content\/uploads\/2022\/07\/IMG_8582.jpg","contentUrl":"https:\/\/www.petitelaure.com\/wp-content\/uploads\/2022\/07\/IMG_8582.jpg","width":1512,"height":2016,"caption":"Pieluszka Bambusowa Mu\u015blinowa"},{"@type":"BreadcrumbList","@id":"https:\/\/www.petitelaure.com\/de\/produkt\/wickeln-bamboo\/#breadcrumb","itemListElement":[{"@type":"ListItem","position":1,"name":"Strona g\u0142\u00f3wna","item":"https:\/\/www.petitelaure.com\/de\/"},{"@type":"ListItem","position":2,"name":"Shop","item":"https:\/\/www.petitelaure.com\/shop\/"},{"@type":"ListItem","position":3,"name":"Wickeln Bamboo"}]},{"@type":"WebSite","@id":"https:\/\/www.petitelaure.com\/de\/#website","url":"https:\/\/www.petitelaure.com\/de\/","name":"petitelaure.com","description":"","potentialAction":[{"@type":"SearchAction","target":{"@type":"EntryPoint","urlTemplate":"https:\/\/www.petitelaure.com\/de\/?s={search_term_string}"},"query-input":{"@type":"PropertyValueSpecification","valueRequired":true,"valueName":"search_term_string"}}],"inLanguage":"de"}]}},"_links":{"self":[{"href":"https:\/\/www.petitelaure.com\/de\/wp-json\/wp\/v2\/product\/11390","targetHints":{"allow":["GET"]}}],"collection":[{"href":"https:\/\/www.petitelaure.com\/de\/wp-json\/wp\/v2\/product"}],"about":[{"href":"https:\/\/www.petitelaure.com\/de\/wp-json\/wp\/v2\/types\/product"}],"replies":[{"embeddable":true,"href":"https:\/\/www.petitelaure.com\/de\/wp-json\/wp\/v2\/comments?post=11390"}],"wp:featuredmedia":[{"embeddable":true,"href":"https:\/\/www.petitelaure.com\/de\/wp-json\/wp\/v2\/media\/10085"}],"wp:attachment":[{"href":"https:\/\/www.petitelaure.com\/de\/wp-json\/wp\/v2\/media?parent=11390"}],"wp:term":[{"taxonomy":"product_brand","embeddable":true,"href":"https:\/\/www.petitelaure.com\/de\/wp-json\/wp\/v2\/product_brand?post=11390"},{"taxonomy":"product_cat","embeddable":true,"href":"https:\/\/www.petitelaure.com\/de\/wp-json\/wp\/v2\/product_cat?post=11390"},{"taxonomy":"product_tag","embeddable":true,"href":"https:\/\/www.petitelaure.com\/de\/wp-json\/wp\/v2\/product_tag?post=11390"}],"curies":[{"name":"wp","href":"https:\/\/api.w.org\/{rel}","templated":true}]}}