{"id":10977,"date":"2023-10-18T19:29:16","date_gmt":"2023-10-18T17:29:16","guid":{"rendered":"https:\/\/www.petitelaure.com\/?post_type=product&#038;p=10977"},"modified":"2023-10-18T20:36:38","modified_gmt":"2023-10-18T18:36:38","slug":"2-packung-liegen-fur-babys-creme","status":"publish","type":"product","link":"https:\/\/www.petitelaure.com\/de\/produkt\/2-packung-liegen-fur-babys-creme\/","title":{"rendered":"2-packung Liegen f\u00fcr Babys Creme"},"content":{"rendered":"<p id=\"tw-target-text\" class=\"tw-data-text tw-text-large tw-ta\" dir=\"ltr\" data-placeholder=\"T\u0142umaczenie\" data-ved=\"2ahUKEwjJ09-QnM-BAxWczwIHHXBPB74Q3ewLegQICRAQ\"><span class=\"Y2IQFc\" lang=\"de\">Packung mit 2 Liegen f\u00fcr Babys in brauner Bio-Baumwolle. Die Liege f\u00fcr Babys in Mousseline aus einem paradiesischen Bett von PETITE LAURE ist ein unkonturierbares Teil jeder Babyausstattung, die zu 100 % aus Bio-Baumwolle besteht. Ein Produkt, das in allen Alltagssituationen unersetzlich ist: wie ein Toilettenartikel, um den extrem empfindlichen K\u00f6rper des Babys zu waschen, wie ein Pl\u00fcsch zum Schlafen oder als Anh\u00e4nger f\u00fcr die Zahnpflege und wie ein Toilettenartikel, um das Babybad zu benutzen. Es ist auch n\u00fctzlich, um sich zu ern\u00e4hren und zu ern\u00e4hren. Das Ensemble umfasst: eine Baby-E-Mail-Nachricht in Bio-Baumwolle, braun, und eine E-Mail-Nachricht in Bio-Baumwolle, braun. Die Farbstoffe sind respektvoll gegen\u00fcber Mensch und Umwelt und verf\u00fcgen \u00fcber das Zertifikat OEKO-TEX Standard 100. Es wird empfohlen, sie vor der ersten Verwendung zu waschen. <\/span><\/p>\n<p class=\"tw-data-text tw-text-large tw-ta\" dir=\"ltr\" data-placeholder=\"T\u0142umaczenie\" data-ved=\"2ahUKEwjJ09-QnM-BAxWczwIHHXBPB74Q3ewLegQICRAQ\"><span class=\"Y2IQFc\" lang=\"de\">Hergestellt in Polen. <\/span><\/p>\n<p class=\"tw-data-text tw-text-large tw-ta\" dir=\"ltr\" data-placeholder=\"T\u0142umaczenie\" data-ved=\"2ahUKEwjJ09-QnM-BAxWczwIHHXBPB74Q3ewLegQICRAQ\"><span class=\"Y2IQFc\" lang=\"de\">Zusammensetzung: 100 % COTON BIOLOGIQUE<\/span><\/p>\n","protected":false},"excerpt":{"rendered":"<p>Packung mit 2 Liegen f\u00fcr Babys in brauner Bio-Baumwolle. Die Liege f\u00fcr Babys in Mousseline aus einem paradiesischen Bett von PETITE LAURE ist ein unkonturierbares Teil jeder Babyausstattung, die zu 100 % aus Bio-Baumwolle besteht. Ein Produkt, das in allen Alltagssituationen unersetzlich ist: wie ein Toilettenartikel, um den extrem empfindlichen K\u00f6rper des Babys zu waschen, [&#8230;]\n","protected":false},"featured_media":10983,"comment_status":"open","ping_status":"closed","template":"","meta":[],"product_brand":[],"product_cat":[464],"product_tag":[],"class_list":{"0":"post-10977","1":"product","2":"type-product","3":"status-publish","4":"has-post-thumbnail","6":"product_cat-windel","8":"first","9":"instock","10":"shipping-taxable","11":"purchasable","12":"product-type-simple"},"yoast_head":"<!-- This site is optimized with the Yoast SEO plugin v26.9 - https:\/\/yoast.com\/product\/yoast-seo-wordpress\/ -->\n<title>2-packung Liegen f\u00fcr Babys Creme - petitelaure.com<\/title>\n<meta name=\"robots\" content=\"index, follow, max-snippet:-1, max-image-preview:large, max-video-preview:-1\" \/>\n<link rel=\"canonical\" href=\"https:\/\/www.petitelaure.com\/de\/produkt\/2-packung-liegen-fur-babys-creme\/\" \/>\n<meta property=\"og:locale\" content=\"de_DE\" \/>\n<meta property=\"og:type\" content=\"article\" \/>\n<meta property=\"og:title\" content=\"2-packung Liegen f\u00fcr Babys Creme - petitelaure.com\" \/>\n<meta property=\"og:description\" content=\"Packung mit 2 Liegen f\u00fcr Babys in brauner Bio-Baumwolle. Die Liege f\u00fcr Babys in Mousseline aus einem paradiesischen Bett von PETITE LAURE ist ein unkonturierbares Teil jeder Babyausstattung, die zu 100 % aus Bio-Baumwolle besteht. Ein Produkt, das in allen Alltagssituationen unersetzlich ist: wie ein Toilettenartikel, um den extrem empfindlichen K\u00f6rper des Babys zu waschen, [...]\" \/>\n<meta property=\"og:url\" content=\"https:\/\/www.petitelaure.com\/de\/produkt\/2-packung-liegen-fur-babys-creme\/\" \/>\n<meta property=\"og:site_name\" content=\"petitelaure.com\" \/>\n<meta property=\"article:modified_time\" content=\"2023-10-18T18:36:38+00:00\" \/>\n<meta property=\"og:image\" content=\"https:\/\/www.petitelaure.com\/wp-content\/uploads\/2023\/10\/IMG_8827-2.jpg\" \/>\n\t<meta property=\"og:image:width\" content=\"1512\" \/>\n\t<meta property=\"og:image:height\" content=\"2016\" \/>\n\t<meta property=\"og:image:type\" content=\"image\/jpeg\" \/>\n<meta name=\"twitter:card\" content=\"summary_large_image\" \/>\n<meta name=\"twitter:label1\" content=\"Gesch\u00e4tzte Lesezeit\" \/>\n\t<meta name=\"twitter:data1\" content=\"1\u00a0Minute\" \/>\n<script type=\"application\/ld+json\" class=\"yoast-schema-graph\">{\"@context\":\"https:\/\/schema.org\",\"@graph\":[{\"@type\":\"WebPage\",\"@id\":\"https:\/\/www.petitelaure.com\/de\/produkt\/2-packung-liegen-fur-babys-creme\/\",\"url\":\"https:\/\/www.petitelaure.com\/de\/produkt\/2-packung-liegen-fur-babys-creme\/\",\"name\":\"2-packung Liegen f\u00fcr Babys Creme - petitelaure.com\",\"isPartOf\":{\"@id\":\"https:\/\/www.petitelaure.com\/de\/#website\"},\"primaryImageOfPage\":{\"@id\":\"https:\/\/www.petitelaure.com\/de\/produkt\/2-packung-liegen-fur-babys-creme\/#primaryimage\"},\"image\":{\"@id\":\"https:\/\/www.petitelaure.com\/de\/produkt\/2-packung-liegen-fur-babys-creme\/#primaryimage\"},\"thumbnailUrl\":\"https:\/\/www.petitelaure.com\/wp-content\/uploads\/2023\/10\/IMG_8827-2.jpg\",\"datePublished\":\"2023-10-18T17:29:16+00:00\",\"dateModified\":\"2023-10-18T18:36:38+00:00\",\"breadcrumb\":{\"@id\":\"https:\/\/www.petitelaure.com\/de\/produkt\/2-packung-liegen-fur-babys-creme\/#breadcrumb\"},\"inLanguage\":\"de\",\"potentialAction\":[{\"@type\":\"ReadAction\",\"target\":[\"https:\/\/www.petitelaure.com\/de\/produkt\/2-packung-liegen-fur-babys-creme\/\"]}]},{\"@type\":\"ImageObject\",\"inLanguage\":\"de\",\"@id\":\"https:\/\/www.petitelaure.com\/de\/produkt\/2-packung-liegen-fur-babys-creme\/#primaryimage\",\"url\":\"https:\/\/www.petitelaure.com\/wp-content\/uploads\/2023\/10\/IMG_8827-2.jpg\",\"contentUrl\":\"https:\/\/www.petitelaure.com\/wp-content\/uploads\/2023\/10\/IMG_8827-2.jpg\",\"width\":1512,\"height\":2016,\"caption\":\"pieluszka Petite Laure\"},{\"@type\":\"BreadcrumbList\",\"@id\":\"https:\/\/www.petitelaure.com\/de\/produkt\/2-packung-liegen-fur-babys-creme\/#breadcrumb\",\"itemListElement\":[{\"@type\":\"ListItem\",\"position\":1,\"name\":\"Strona g\u0142\u00f3wna\",\"item\":\"https:\/\/www.petitelaure.com\/de\/\"},{\"@type\":\"ListItem\",\"position\":2,\"name\":\"Shop\",\"item\":\"https:\/\/www.petitelaure.com\/shop\/\"},{\"@type\":\"ListItem\",\"position\":3,\"name\":\"2-packung Liegen f\u00fcr Babys Creme\"}]},{\"@type\":\"WebSite\",\"@id\":\"https:\/\/www.petitelaure.com\/de\/#website\",\"url\":\"https:\/\/www.petitelaure.com\/de\/\",\"name\":\"petitelaure.com\",\"description\":\"\",\"potentialAction\":[{\"@type\":\"SearchAction\",\"target\":{\"@type\":\"EntryPoint\",\"urlTemplate\":\"https:\/\/www.petitelaure.com\/de\/?s={search_term_string}\"},\"query-input\":{\"@type\":\"PropertyValueSpecification\",\"valueRequired\":true,\"valueName\":\"search_term_string\"}}],\"inLanguage\":\"de\"}]}<\/script>\n<!-- \/ Yoast SEO plugin. -->","yoast_head_json":{"title":"2-packung Liegen f\u00fcr Babys Creme - petitelaure.com","robots":{"index":"index","follow":"follow","max-snippet":"max-snippet:-1","max-image-preview":"max-image-preview:large","max-video-preview":"max-video-preview:-1"},"canonical":"https:\/\/www.petitelaure.com\/de\/produkt\/2-packung-liegen-fur-babys-creme\/","og_locale":"de_DE","og_type":"article","og_title":"2-packung Liegen f\u00fcr Babys Creme - petitelaure.com","og_description":"Packung mit 2 Liegen f\u00fcr Babys in brauner Bio-Baumwolle. Die Liege f\u00fcr Babys in Mousseline aus einem paradiesischen Bett von PETITE LAURE ist ein unkonturierbares Teil jeder Babyausstattung, die zu 100 % aus Bio-Baumwolle besteht. Ein Produkt, das in allen Alltagssituationen unersetzlich ist: wie ein Toilettenartikel, um den extrem empfindlichen K\u00f6rper des Babys zu waschen, [...]","og_url":"https:\/\/www.petitelaure.com\/de\/produkt\/2-packung-liegen-fur-babys-creme\/","og_site_name":"petitelaure.com","article_modified_time":"2023-10-18T18:36:38+00:00","og_image":[{"width":1512,"height":2016,"url":"https:\/\/www.petitelaure.com\/wp-content\/uploads\/2023\/10\/IMG_8827-2.jpg","type":"image\/jpeg"}],"twitter_card":"summary_large_image","twitter_misc":{"Gesch\u00e4tzte Lesezeit":"1\u00a0Minute"},"schema":{"@context":"https:\/\/schema.org","@graph":[{"@type":"WebPage","@id":"https:\/\/www.petitelaure.com\/de\/produkt\/2-packung-liegen-fur-babys-creme\/","url":"https:\/\/www.petitelaure.com\/de\/produkt\/2-packung-liegen-fur-babys-creme\/","name":"2-packung Liegen f\u00fcr Babys Creme - petitelaure.com","isPartOf":{"@id":"https:\/\/www.petitelaure.com\/de\/#website"},"primaryImageOfPage":{"@id":"https:\/\/www.petitelaure.com\/de\/produkt\/2-packung-liegen-fur-babys-creme\/#primaryimage"},"image":{"@id":"https:\/\/www.petitelaure.com\/de\/produkt\/2-packung-liegen-fur-babys-creme\/#primaryimage"},"thumbnailUrl":"https:\/\/www.petitelaure.com\/wp-content\/uploads\/2023\/10\/IMG_8827-2.jpg","datePublished":"2023-10-18T17:29:16+00:00","dateModified":"2023-10-18T18:36:38+00:00","breadcrumb":{"@id":"https:\/\/www.petitelaure.com\/de\/produkt\/2-packung-liegen-fur-babys-creme\/#breadcrumb"},"inLanguage":"de","potentialAction":[{"@type":"ReadAction","target":["https:\/\/www.petitelaure.com\/de\/produkt\/2-packung-liegen-fur-babys-creme\/"]}]},{"@type":"ImageObject","inLanguage":"de","@id":"https:\/\/www.petitelaure.com\/de\/produkt\/2-packung-liegen-fur-babys-creme\/#primaryimage","url":"https:\/\/www.petitelaure.com\/wp-content\/uploads\/2023\/10\/IMG_8827-2.jpg","contentUrl":"https:\/\/www.petitelaure.com\/wp-content\/uploads\/2023\/10\/IMG_8827-2.jpg","width":1512,"height":2016,"caption":"pieluszka Petite Laure"},{"@type":"BreadcrumbList","@id":"https:\/\/www.petitelaure.com\/de\/produkt\/2-packung-liegen-fur-babys-creme\/#breadcrumb","itemListElement":[{"@type":"ListItem","position":1,"name":"Strona g\u0142\u00f3wna","item":"https:\/\/www.petitelaure.com\/de\/"},{"@type":"ListItem","position":2,"name":"Shop","item":"https:\/\/www.petitelaure.com\/shop\/"},{"@type":"ListItem","position":3,"name":"2-packung Liegen f\u00fcr Babys Creme"}]},{"@type":"WebSite","@id":"https:\/\/www.petitelaure.com\/de\/#website","url":"https:\/\/www.petitelaure.com\/de\/","name":"petitelaure.com","description":"","potentialAction":[{"@type":"SearchAction","target":{"@type":"EntryPoint","urlTemplate":"https:\/\/www.petitelaure.com\/de\/?s={search_term_string}"},"query-input":{"@type":"PropertyValueSpecification","valueRequired":true,"valueName":"search_term_string"}}],"inLanguage":"de"}]}},"_links":{"self":[{"href":"https:\/\/www.petitelaure.com\/de\/wp-json\/wp\/v2\/product\/10977","targetHints":{"allow":["GET"]}}],"collection":[{"href":"https:\/\/www.petitelaure.com\/de\/wp-json\/wp\/v2\/product"}],"about":[{"href":"https:\/\/www.petitelaure.com\/de\/wp-json\/wp\/v2\/types\/product"}],"replies":[{"embeddable":true,"href":"https:\/\/www.petitelaure.com\/de\/wp-json\/wp\/v2\/comments?post=10977"}],"wp:featuredmedia":[{"embeddable":true,"href":"https:\/\/www.petitelaure.com\/de\/wp-json\/wp\/v2\/media\/10983"}],"wp:attachment":[{"href":"https:\/\/www.petitelaure.com\/de\/wp-json\/wp\/v2\/media?parent=10977"}],"wp:term":[{"taxonomy":"product_brand","embeddable":true,"href":"https:\/\/www.petitelaure.com\/de\/wp-json\/wp\/v2\/product_brand?post=10977"},{"taxonomy":"product_cat","embeddable":true,"href":"https:\/\/www.petitelaure.com\/de\/wp-json\/wp\/v2\/product_cat?post=10977"},{"taxonomy":"product_tag","embeddable":true,"href":"https:\/\/www.petitelaure.com\/de\/wp-json\/wp\/v2\/product_tag?post=10977"}],"curies":[{"name":"wp","href":"https:\/\/api.w.org\/{rel}","templated":true}]}}