{"id":10914,"date":"2021-08-13T22:19:05","date_gmt":"2023-10-07T19:33:49","guid":{"rendered":"https:\/\/www.petitelaure.com\/?post_type=product&#038;p=10914"},"modified":"2023-10-07T21:33:49","modified_gmt":"2023-10-07T19:33:49","slug":"waffeldecke-kaffee","status":"publish","type":"product","link":"https:\/\/www.petitelaure.com\/de\/produkt\/waffeldecke-kaffee\/","title":{"rendered":"Waffeldecke Kaffee"},"content":{"rendered":"<p id=\"tw-target-text\" class=\"tw-data-text tw-text-large tw-ta\" dir=\"ltr\" data-placeholder=\"T\u0142umaczenie\" data-ved=\"2ahUKEwiuzrKo1uSBAxUKiP0HHUl2DDIQ3ewLegQICBAQ\"><span class=\"Y2IQFc\" lang=\"de\">Babydecke aus kaffeefarbener Waffel-Baumwolle Hellgraue Baby-Baumwolldecke \u2013 ein Baby-Pucktuch mit Waffelstruktur und einem sehr dichten und zarten Gewebe \u2013 ein unersetzlicher Bestandteil einer Baby-Babyausstattung. Perfekt als Steppdecke, Kinderwagendecke oder Pucktuch. Perfekt f\u00fcr Kleinkinder bis zum fr\u00fchen Vorschulalter. Es nimmt Wasser gut auf und kann daher auch als Handtuch verwendet werden. Unser Angebot umfasst neben Dirty Pink auch weitere Farben wie Sand, Grau, Creme und Wei\u00df. <\/span><\/p>\n<p class=\"tw-data-text tw-text-large tw-ta\" dir=\"ltr\" data-placeholder=\"T\u0142umaczenie\" data-ved=\"2ahUKEwiuzrKo1uSBAxUKiP0HHUl2DDIQ3ewLegQICBAQ\"><span class=\"Y2IQFc\" lang=\"de\">Abmessungen: 75 x 100 cm (die Gr\u00f6\u00dfe reicht f\u00fcr das Baby in den ersten Lebensjahren) <\/span><\/p>\n<p class=\"tw-data-text tw-text-large tw-ta\" dir=\"ltr\" data-placeholder=\"T\u0142umaczenie\" data-ved=\"2ahUKEwiuzrKo1uSBAxUKiP0HHUl2DDIQ3ewLegQICBAQ\"><span class=\"Y2IQFc\" lang=\"de\">Gewicht: 240g\/m2 Zusammensetzung 100 % Baumwolle Pflege: Wir empfehlen Maschinenw\u00e4sche, 30 Grad, Schleudern max. 600 U\/min<\/span><\/p>\n","protected":false},"excerpt":{"rendered":"<p>Babydecke aus kaffeefarbener Waffel-Baumwolle Hellgraue Baby-Baumwolldecke \u2013 ein Baby-Pucktuch mit Waffelstruktur und einem sehr dichten und zarten Gewebe \u2013 ein unersetzlicher Bestandteil einer Baby-Babyausstattung. Perfekt als Steppdecke, Kinderwagendecke oder Pucktuch. Perfekt f\u00fcr Kleinkinder bis zum fr\u00fchen Vorschulalter. Es nimmt Wasser gut auf und kann daher auch als Handtuch verwendet werden. Unser Angebot umfasst neben Dirty [&#8230;]\n","protected":false},"featured_media":8819,"comment_status":"open","ping_status":"closed","template":"","meta":[],"product_brand":[],"product_cat":[373,388],"product_tag":[],"class_list":{"0":"post-10914","1":"product","2":"type-product","3":"status-publish","4":"has-post-thumbnail","6":"product_cat-babydecke","7":"product_cat-waffelhandtucher-de","9":"first","10":"instock","11":"shipping-taxable","12":"purchasable","13":"product-type-simple"},"yoast_head":"<!-- This site is optimized with the Yoast SEO plugin v26.9 - https:\/\/yoast.com\/product\/yoast-seo-wordpress\/ -->\n<title>Waffeldecke Kaffee - petitelaure.com<\/title>\n<meta name=\"robots\" content=\"index, follow, max-snippet:-1, max-image-preview:large, max-video-preview:-1\" \/>\n<link rel=\"canonical\" href=\"https:\/\/www.petitelaure.com\/de\/produkt\/waffeldecke-kaffee\/\" \/>\n<meta property=\"og:locale\" content=\"de_DE\" \/>\n<meta property=\"og:type\" content=\"article\" \/>\n<meta property=\"og:title\" content=\"Waffeldecke Kaffee - petitelaure.com\" \/>\n<meta property=\"og:description\" content=\"Babydecke aus kaffeefarbener Waffel-Baumwolle Hellgraue Baby-Baumwolldecke \u2013 ein Baby-Pucktuch mit Waffelstruktur und einem sehr dichten und zarten Gewebe \u2013 ein unersetzlicher Bestandteil einer Baby-Babyausstattung. Perfekt als Steppdecke, Kinderwagendecke oder Pucktuch. Perfekt f\u00fcr Kleinkinder bis zum fr\u00fchen Vorschulalter. Es nimmt Wasser gut auf und kann daher auch als Handtuch verwendet werden. Unser Angebot umfasst neben Dirty [...]\" \/>\n<meta property=\"og:url\" content=\"https:\/\/www.petitelaure.com\/de\/produkt\/waffeldecke-kaffee\/\" \/>\n<meta property=\"og:site_name\" content=\"petitelaure.com\" \/>\n<meta property=\"og:image\" content=\"https:\/\/www.petitelaure.com\/wp-content\/uploads\/2021\/08\/IMG_1017-scaled.jpg\" \/>\n\t<meta property=\"og:image:width\" content=\"1920\" \/>\n\t<meta property=\"og:image:height\" content=\"2560\" \/>\n\t<meta property=\"og:image:type\" content=\"image\/jpeg\" \/>\n<meta name=\"twitter:card\" content=\"summary_large_image\" \/>\n<meta name=\"twitter:label1\" content=\"Gesch\u00e4tzte Lesezeit\" \/>\n\t<meta name=\"twitter:data1\" content=\"1\u00a0Minute\" \/>\n<script type=\"application\/ld+json\" class=\"yoast-schema-graph\">{\"@context\":\"https:\/\/schema.org\",\"@graph\":[{\"@type\":\"WebPage\",\"@id\":\"https:\/\/www.petitelaure.com\/de\/produkt\/waffeldecke-kaffee\/\",\"url\":\"https:\/\/www.petitelaure.com\/de\/produkt\/waffeldecke-kaffee\/\",\"name\":\"Waffeldecke Kaffee - petitelaure.com\",\"isPartOf\":{\"@id\":\"https:\/\/www.petitelaure.com\/de\/#website\"},\"primaryImageOfPage\":{\"@id\":\"https:\/\/www.petitelaure.com\/de\/produkt\/waffeldecke-kaffee\/#primaryimage\"},\"image\":{\"@id\":\"https:\/\/www.petitelaure.com\/de\/produkt\/waffeldecke-kaffee\/#primaryimage\"},\"thumbnailUrl\":\"https:\/\/www.petitelaure.com\/wp-content\/uploads\/2021\/08\/IMG_1017-scaled.jpg\",\"datePublished\":\"2023-10-07T19:33:49+00:00\",\"breadcrumb\":{\"@id\":\"https:\/\/www.petitelaure.com\/de\/produkt\/waffeldecke-kaffee\/#breadcrumb\"},\"inLanguage\":\"de\",\"potentialAction\":[{\"@type\":\"ReadAction\",\"target\":[\"https:\/\/www.petitelaure.com\/de\/produkt\/waffeldecke-kaffee\/\"]}]},{\"@type\":\"ImageObject\",\"inLanguage\":\"de\",\"@id\":\"https:\/\/www.petitelaure.com\/de\/produkt\/waffeldecke-kaffee\/#primaryimage\",\"url\":\"https:\/\/www.petitelaure.com\/wp-content\/uploads\/2021\/08\/IMG_1017-scaled.jpg\",\"contentUrl\":\"https:\/\/www.petitelaure.com\/wp-content\/uploads\/2021\/08\/IMG_1017-scaled.jpg\",\"width\":1920,\"height\":2560},{\"@type\":\"BreadcrumbList\",\"@id\":\"https:\/\/www.petitelaure.com\/de\/produkt\/waffeldecke-kaffee\/#breadcrumb\",\"itemListElement\":[{\"@type\":\"ListItem\",\"position\":1,\"name\":\"Strona g\u0142\u00f3wna\",\"item\":\"https:\/\/www.petitelaure.com\/de\/\"},{\"@type\":\"ListItem\",\"position\":2,\"name\":\"Shop\",\"item\":\"https:\/\/www.petitelaure.com\/shop\/\"},{\"@type\":\"ListItem\",\"position\":3,\"name\":\"Waffeldecke Kaffee\"}]},{\"@type\":\"WebSite\",\"@id\":\"https:\/\/www.petitelaure.com\/de\/#website\",\"url\":\"https:\/\/www.petitelaure.com\/de\/\",\"name\":\"petitelaure.com\",\"description\":\"\",\"potentialAction\":[{\"@type\":\"SearchAction\",\"target\":{\"@type\":\"EntryPoint\",\"urlTemplate\":\"https:\/\/www.petitelaure.com\/de\/?s={search_term_string}\"},\"query-input\":{\"@type\":\"PropertyValueSpecification\",\"valueRequired\":true,\"valueName\":\"search_term_string\"}}],\"inLanguage\":\"de\"}]}<\/script>\n<!-- \/ Yoast SEO plugin. -->","yoast_head_json":{"title":"Waffeldecke Kaffee - petitelaure.com","robots":{"index":"index","follow":"follow","max-snippet":"max-snippet:-1","max-image-preview":"max-image-preview:large","max-video-preview":"max-video-preview:-1"},"canonical":"https:\/\/www.petitelaure.com\/de\/produkt\/waffeldecke-kaffee\/","og_locale":"de_DE","og_type":"article","og_title":"Waffeldecke Kaffee - petitelaure.com","og_description":"Babydecke aus kaffeefarbener Waffel-Baumwolle Hellgraue Baby-Baumwolldecke \u2013 ein Baby-Pucktuch mit Waffelstruktur und einem sehr dichten und zarten Gewebe \u2013 ein unersetzlicher Bestandteil einer Baby-Babyausstattung. Perfekt als Steppdecke, Kinderwagendecke oder Pucktuch. Perfekt f\u00fcr Kleinkinder bis zum fr\u00fchen Vorschulalter. Es nimmt Wasser gut auf und kann daher auch als Handtuch verwendet werden. Unser Angebot umfasst neben Dirty [...]","og_url":"https:\/\/www.petitelaure.com\/de\/produkt\/waffeldecke-kaffee\/","og_site_name":"petitelaure.com","og_image":[{"width":1920,"height":2560,"url":"https:\/\/www.petitelaure.com\/wp-content\/uploads\/2021\/08\/IMG_1017-scaled.jpg","type":"image\/jpeg"}],"twitter_card":"summary_large_image","twitter_misc":{"Gesch\u00e4tzte Lesezeit":"1\u00a0Minute"},"schema":{"@context":"https:\/\/schema.org","@graph":[{"@type":"WebPage","@id":"https:\/\/www.petitelaure.com\/de\/produkt\/waffeldecke-kaffee\/","url":"https:\/\/www.petitelaure.com\/de\/produkt\/waffeldecke-kaffee\/","name":"Waffeldecke Kaffee - petitelaure.com","isPartOf":{"@id":"https:\/\/www.petitelaure.com\/de\/#website"},"primaryImageOfPage":{"@id":"https:\/\/www.petitelaure.com\/de\/produkt\/waffeldecke-kaffee\/#primaryimage"},"image":{"@id":"https:\/\/www.petitelaure.com\/de\/produkt\/waffeldecke-kaffee\/#primaryimage"},"thumbnailUrl":"https:\/\/www.petitelaure.com\/wp-content\/uploads\/2021\/08\/IMG_1017-scaled.jpg","datePublished":"2023-10-07T19:33:49+00:00","breadcrumb":{"@id":"https:\/\/www.petitelaure.com\/de\/produkt\/waffeldecke-kaffee\/#breadcrumb"},"inLanguage":"de","potentialAction":[{"@type":"ReadAction","target":["https:\/\/www.petitelaure.com\/de\/produkt\/waffeldecke-kaffee\/"]}]},{"@type":"ImageObject","inLanguage":"de","@id":"https:\/\/www.petitelaure.com\/de\/produkt\/waffeldecke-kaffee\/#primaryimage","url":"https:\/\/www.petitelaure.com\/wp-content\/uploads\/2021\/08\/IMG_1017-scaled.jpg","contentUrl":"https:\/\/www.petitelaure.com\/wp-content\/uploads\/2021\/08\/IMG_1017-scaled.jpg","width":1920,"height":2560},{"@type":"BreadcrumbList","@id":"https:\/\/www.petitelaure.com\/de\/produkt\/waffeldecke-kaffee\/#breadcrumb","itemListElement":[{"@type":"ListItem","position":1,"name":"Strona g\u0142\u00f3wna","item":"https:\/\/www.petitelaure.com\/de\/"},{"@type":"ListItem","position":2,"name":"Shop","item":"https:\/\/www.petitelaure.com\/shop\/"},{"@type":"ListItem","position":3,"name":"Waffeldecke Kaffee"}]},{"@type":"WebSite","@id":"https:\/\/www.petitelaure.com\/de\/#website","url":"https:\/\/www.petitelaure.com\/de\/","name":"petitelaure.com","description":"","potentialAction":[{"@type":"SearchAction","target":{"@type":"EntryPoint","urlTemplate":"https:\/\/www.petitelaure.com\/de\/?s={search_term_string}"},"query-input":{"@type":"PropertyValueSpecification","valueRequired":true,"valueName":"search_term_string"}}],"inLanguage":"de"}]}},"_links":{"self":[{"href":"https:\/\/www.petitelaure.com\/de\/wp-json\/wp\/v2\/product\/10914","targetHints":{"allow":["GET"]}}],"collection":[{"href":"https:\/\/www.petitelaure.com\/de\/wp-json\/wp\/v2\/product"}],"about":[{"href":"https:\/\/www.petitelaure.com\/de\/wp-json\/wp\/v2\/types\/product"}],"replies":[{"embeddable":true,"href":"https:\/\/www.petitelaure.com\/de\/wp-json\/wp\/v2\/comments?post=10914"}],"wp:featuredmedia":[{"embeddable":true,"href":"https:\/\/www.petitelaure.com\/de\/wp-json\/wp\/v2\/media\/8819"}],"wp:attachment":[{"href":"https:\/\/www.petitelaure.com\/de\/wp-json\/wp\/v2\/media?parent=10914"}],"wp:term":[{"taxonomy":"product_brand","embeddable":true,"href":"https:\/\/www.petitelaure.com\/de\/wp-json\/wp\/v2\/product_brand?post=10914"},{"taxonomy":"product_cat","embeddable":true,"href":"https:\/\/www.petitelaure.com\/de\/wp-json\/wp\/v2\/product_cat?post=10914"},{"taxonomy":"product_tag","embeddable":true,"href":"https:\/\/www.petitelaure.com\/de\/wp-json\/wp\/v2\/product_tag?post=10914"}],"curies":[{"name":"wp","href":"https:\/\/api.w.org\/{rel}","templated":true}]}}