{"id":10837,"date":"2020-10-31T23:30:56","date_gmt":"2023-09-29T11:30:54","guid":{"rendered":"https:\/\/www.petitelaure.com\/?post_type=product&#038;p=10837"},"modified":"2023-09-29T13:30:54","modified_gmt":"2023-09-29T11:30:54","slug":"wickeln-schwalben","status":"publish","type":"product","link":"https:\/\/www.petitelaure.com\/de\/produkt\/wickeln-schwalben\/","title":{"rendered":"Wickeln Schwalben"},"content":{"rendered":"<h1 class=\"page-title\"><span class=\"base\" data-ui-id=\"page-title-wrapper\">WICKELN \u00a0MUSSELIN<\/span><\/h1>\n<p class=\"page-title\"><span class=\"base\" data-ui-id=\"page-title-wrapper\">Multifunktionales Musselin-Tuch. Leicht, weich und flexibel. Es ist ein unverzichtbarer Bestandteil jeder Babyausstattung und wird fast ununterbrochen gebraucht: beim Stillen, Aufsto\u00dfen, als Sonnenschutz, zum Baden, Abwischen und in vielen anderen Situationen. Es besteht aus 100 % Bambusgewebe.<\/span><\/p>\n<p id=\"tw-target-text\" class=\"tw-data-text tw-text-large tw-ta\" dir=\"ltr\" data-placeholder=\"T\u0142umaczenie\"><span class=\"Y2IQFc\" lang=\"de\">Gr\u00f6\u00dfe: 100 x 100 cm<\/span><\/p>\n<p><strong>Waschen und Pflege<\/strong><\/p>\n<ul>\n<li>Das Produkt besteht aus einem sehr empfindlichen Garn mit einem einzigartigen Gewebe, daher stellen die Enlisten w\u00e4hrend der Verwendung keine Gr\u00fcnde f\u00fcr Beschwerden dar.<\/li>\n<li>Waschen in einer Waschmaschine bei 30 \u00b0, einem heiklen Programm \u2013 max. 800 Rotationsrevolutionen.<\/li>\n<li>Waschen Sie nicht mit rauen Dingen oder Produkten mit scharfen Elementen, die dazu f\u00fchren k\u00f6nnen, dass es genommen oder booten wird.<\/li>\n<li>Verwenden Sie keine Bleichmittel.<\/li>\n<li>Nicht von Hand waschen.<\/li>\n<li>In einem Trommeltrockner nicht trocknen. Wir empfehlen, flach zu trocknen.<\/li>\n<li>Legen Sie das gewaschene Produkt nicht f\u00fcr zu langes Sonnenlicht frei.<\/li>\n<li>Impolieren Sie nur Bambusgewebe bei einer Temperatur von bis zu 110 \u00b0<\/li>\n<\/ul>\n","protected":false},"excerpt":{"rendered":"<p>WICKELN \u00a0MUSSELIN Multifunktionales Musselin-Tuch. Leicht, weich und flexibel. Es ist ein unverzichtbarer Bestandteil jeder Babyausstattung und wird fast ununterbrochen gebraucht: beim Stillen, Aufsto\u00dfen, als Sonnenschutz, zum Baden, Abwischen und in vielen anderen Situationen. Es besteht aus 100 % Bambusgewebe. Gr\u00f6\u00dfe: 100 x 100 cm Waschen und Pflege Das Produkt besteht aus einem sehr empfindlichen Garn [&#8230;]\n","protected":false},"featured_media":7956,"comment_status":"open","ping_status":"closed","template":"","meta":[],"product_brand":[],"product_cat":[375],"product_tag":[],"class_list":{"0":"post-10837","1":"product","2":"type-product","3":"status-publish","4":"has-post-thumbnail","6":"product_cat-pucktufen","8":"first","9":"instock","10":"sold-individually","11":"shipping-taxable","12":"purchasable","13":"product-type-simple"},"yoast_head":"<!-- This site is optimized with the Yoast SEO plugin v26.9 - https:\/\/yoast.com\/product\/yoast-seo-wordpress\/ -->\n<title>Wickeln Schwalben - petitelaure.com<\/title>\n<meta name=\"robots\" content=\"index, follow, max-snippet:-1, max-image-preview:large, max-video-preview:-1\" \/>\n<link rel=\"canonical\" href=\"https:\/\/www.petitelaure.com\/de\/produkt\/wickeln-schwalben\/\" \/>\n<meta property=\"og:locale\" content=\"de_DE\" \/>\n<meta property=\"og:type\" content=\"article\" \/>\n<meta property=\"og:title\" content=\"Wickeln Schwalben - petitelaure.com\" \/>\n<meta property=\"og:description\" content=\"WICKELN \u00a0MUSSELIN Multifunktionales Musselin-Tuch. Leicht, weich und flexibel. Es ist ein unverzichtbarer Bestandteil jeder Babyausstattung und wird fast ununterbrochen gebraucht: beim Stillen, Aufsto\u00dfen, als Sonnenschutz, zum Baden, Abwischen und in vielen anderen Situationen. Es besteht aus 100 % Bambusgewebe. Gr\u00f6\u00dfe: 100 x 100 cm Waschen und Pflege Das Produkt besteht aus einem sehr empfindlichen Garn [...]\" \/>\n<meta property=\"og:url\" content=\"https:\/\/www.petitelaure.com\/de\/produkt\/wickeln-schwalben\/\" \/>\n<meta property=\"og:site_name\" content=\"petitelaure.com\" \/>\n<meta property=\"og:image\" content=\"https:\/\/www.petitelaure.com\/wp-content\/uploads\/2020\/10\/Jaskolki-1.jpg\" \/>\n\t<meta property=\"og:image:width\" content=\"1200\" \/>\n\t<meta property=\"og:image:height\" content=\"1200\" \/>\n\t<meta property=\"og:image:type\" content=\"image\/jpeg\" \/>\n<meta name=\"twitter:card\" content=\"summary_large_image\" \/>\n<meta name=\"twitter:label1\" content=\"Gesch\u00e4tzte Lesezeit\" \/>\n\t<meta name=\"twitter:data1\" content=\"1\u00a0Minute\" \/>\n<script type=\"application\/ld+json\" class=\"yoast-schema-graph\">{\"@context\":\"https:\/\/schema.org\",\"@graph\":[{\"@type\":\"WebPage\",\"@id\":\"https:\/\/www.petitelaure.com\/de\/produkt\/wickeln-schwalben\/\",\"url\":\"https:\/\/www.petitelaure.com\/de\/produkt\/wickeln-schwalben\/\",\"name\":\"Wickeln Schwalben - petitelaure.com\",\"isPartOf\":{\"@id\":\"https:\/\/www.petitelaure.com\/de\/#website\"},\"primaryImageOfPage\":{\"@id\":\"https:\/\/www.petitelaure.com\/de\/produkt\/wickeln-schwalben\/#primaryimage\"},\"image\":{\"@id\":\"https:\/\/www.petitelaure.com\/de\/produkt\/wickeln-schwalben\/#primaryimage\"},\"thumbnailUrl\":\"https:\/\/www.petitelaure.com\/wp-content\/uploads\/2020\/10\/Jaskolki-1.jpg\",\"datePublished\":\"2023-09-29T11:30:54+00:00\",\"breadcrumb\":{\"@id\":\"https:\/\/www.petitelaure.com\/de\/produkt\/wickeln-schwalben\/#breadcrumb\"},\"inLanguage\":\"de\",\"potentialAction\":[{\"@type\":\"ReadAction\",\"target\":[\"https:\/\/www.petitelaure.com\/de\/produkt\/wickeln-schwalben\/\"]}]},{\"@type\":\"ImageObject\",\"inLanguage\":\"de\",\"@id\":\"https:\/\/www.petitelaure.com\/de\/produkt\/wickeln-schwalben\/#primaryimage\",\"url\":\"https:\/\/www.petitelaure.com\/wp-content\/uploads\/2020\/10\/Jaskolki-1.jpg\",\"contentUrl\":\"https:\/\/www.petitelaure.com\/wp-content\/uploads\/2020\/10\/Jaskolki-1.jpg\",\"width\":1200,\"height\":1200},{\"@type\":\"BreadcrumbList\",\"@id\":\"https:\/\/www.petitelaure.com\/de\/produkt\/wickeln-schwalben\/#breadcrumb\",\"itemListElement\":[{\"@type\":\"ListItem\",\"position\":1,\"name\":\"Strona g\u0142\u00f3wna\",\"item\":\"https:\/\/www.petitelaure.com\/de\/\"},{\"@type\":\"ListItem\",\"position\":2,\"name\":\"Shop\",\"item\":\"https:\/\/www.petitelaure.com\/shop\/\"},{\"@type\":\"ListItem\",\"position\":3,\"name\":\"Wickeln Schwalben\"}]},{\"@type\":\"WebSite\",\"@id\":\"https:\/\/www.petitelaure.com\/de\/#website\",\"url\":\"https:\/\/www.petitelaure.com\/de\/\",\"name\":\"petitelaure.com\",\"description\":\"\",\"potentialAction\":[{\"@type\":\"SearchAction\",\"target\":{\"@type\":\"EntryPoint\",\"urlTemplate\":\"https:\/\/www.petitelaure.com\/de\/?s={search_term_string}\"},\"query-input\":{\"@type\":\"PropertyValueSpecification\",\"valueRequired\":true,\"valueName\":\"search_term_string\"}}],\"inLanguage\":\"de\"}]}<\/script>\n<!-- \/ Yoast SEO plugin. -->","yoast_head_json":{"title":"Wickeln Schwalben - petitelaure.com","robots":{"index":"index","follow":"follow","max-snippet":"max-snippet:-1","max-image-preview":"max-image-preview:large","max-video-preview":"max-video-preview:-1"},"canonical":"https:\/\/www.petitelaure.com\/de\/produkt\/wickeln-schwalben\/","og_locale":"de_DE","og_type":"article","og_title":"Wickeln Schwalben - petitelaure.com","og_description":"WICKELN \u00a0MUSSELIN Multifunktionales Musselin-Tuch. Leicht, weich und flexibel. Es ist ein unverzichtbarer Bestandteil jeder Babyausstattung und wird fast ununterbrochen gebraucht: beim Stillen, Aufsto\u00dfen, als Sonnenschutz, zum Baden, Abwischen und in vielen anderen Situationen. Es besteht aus 100 % Bambusgewebe. Gr\u00f6\u00dfe: 100 x 100 cm Waschen und Pflege Das Produkt besteht aus einem sehr empfindlichen Garn [...]","og_url":"https:\/\/www.petitelaure.com\/de\/produkt\/wickeln-schwalben\/","og_site_name":"petitelaure.com","og_image":[{"width":1200,"height":1200,"url":"https:\/\/www.petitelaure.com\/wp-content\/uploads\/2020\/10\/Jaskolki-1.jpg","type":"image\/jpeg"}],"twitter_card":"summary_large_image","twitter_misc":{"Gesch\u00e4tzte Lesezeit":"1\u00a0Minute"},"schema":{"@context":"https:\/\/schema.org","@graph":[{"@type":"WebPage","@id":"https:\/\/www.petitelaure.com\/de\/produkt\/wickeln-schwalben\/","url":"https:\/\/www.petitelaure.com\/de\/produkt\/wickeln-schwalben\/","name":"Wickeln Schwalben - petitelaure.com","isPartOf":{"@id":"https:\/\/www.petitelaure.com\/de\/#website"},"primaryImageOfPage":{"@id":"https:\/\/www.petitelaure.com\/de\/produkt\/wickeln-schwalben\/#primaryimage"},"image":{"@id":"https:\/\/www.petitelaure.com\/de\/produkt\/wickeln-schwalben\/#primaryimage"},"thumbnailUrl":"https:\/\/www.petitelaure.com\/wp-content\/uploads\/2020\/10\/Jaskolki-1.jpg","datePublished":"2023-09-29T11:30:54+00:00","breadcrumb":{"@id":"https:\/\/www.petitelaure.com\/de\/produkt\/wickeln-schwalben\/#breadcrumb"},"inLanguage":"de","potentialAction":[{"@type":"ReadAction","target":["https:\/\/www.petitelaure.com\/de\/produkt\/wickeln-schwalben\/"]}]},{"@type":"ImageObject","inLanguage":"de","@id":"https:\/\/www.petitelaure.com\/de\/produkt\/wickeln-schwalben\/#primaryimage","url":"https:\/\/www.petitelaure.com\/wp-content\/uploads\/2020\/10\/Jaskolki-1.jpg","contentUrl":"https:\/\/www.petitelaure.com\/wp-content\/uploads\/2020\/10\/Jaskolki-1.jpg","width":1200,"height":1200},{"@type":"BreadcrumbList","@id":"https:\/\/www.petitelaure.com\/de\/produkt\/wickeln-schwalben\/#breadcrumb","itemListElement":[{"@type":"ListItem","position":1,"name":"Strona g\u0142\u00f3wna","item":"https:\/\/www.petitelaure.com\/de\/"},{"@type":"ListItem","position":2,"name":"Shop","item":"https:\/\/www.petitelaure.com\/shop\/"},{"@type":"ListItem","position":3,"name":"Wickeln Schwalben"}]},{"@type":"WebSite","@id":"https:\/\/www.petitelaure.com\/de\/#website","url":"https:\/\/www.petitelaure.com\/de\/","name":"petitelaure.com","description":"","potentialAction":[{"@type":"SearchAction","target":{"@type":"EntryPoint","urlTemplate":"https:\/\/www.petitelaure.com\/de\/?s={search_term_string}"},"query-input":{"@type":"PropertyValueSpecification","valueRequired":true,"valueName":"search_term_string"}}],"inLanguage":"de"}]}},"_links":{"self":[{"href":"https:\/\/www.petitelaure.com\/de\/wp-json\/wp\/v2\/product\/10837","targetHints":{"allow":["GET"]}}],"collection":[{"href":"https:\/\/www.petitelaure.com\/de\/wp-json\/wp\/v2\/product"}],"about":[{"href":"https:\/\/www.petitelaure.com\/de\/wp-json\/wp\/v2\/types\/product"}],"replies":[{"embeddable":true,"href":"https:\/\/www.petitelaure.com\/de\/wp-json\/wp\/v2\/comments?post=10837"}],"wp:featuredmedia":[{"embeddable":true,"href":"https:\/\/www.petitelaure.com\/de\/wp-json\/wp\/v2\/media\/7956"}],"wp:attachment":[{"href":"https:\/\/www.petitelaure.com\/de\/wp-json\/wp\/v2\/media?parent=10837"}],"wp:term":[{"taxonomy":"product_brand","embeddable":true,"href":"https:\/\/www.petitelaure.com\/de\/wp-json\/wp\/v2\/product_brand?post=10837"},{"taxonomy":"product_cat","embeddable":true,"href":"https:\/\/www.petitelaure.com\/de\/wp-json\/wp\/v2\/product_cat?post=10837"},{"taxonomy":"product_tag","embeddable":true,"href":"https:\/\/www.petitelaure.com\/de\/wp-json\/wp\/v2\/product_tag?post=10837"}],"curies":[{"name":"wp","href":"https:\/\/api.w.org\/{rel}","templated":true}]}}