{"id":10823,"date":"2021-09-18T17:50:57","date_gmt":"2023-09-29T10:03:46","guid":{"rendered":"https:\/\/www.petitelaure.com\/?post_type=product&#038;p=10823"},"modified":"2023-09-29T12:03:47","modified_gmt":"2023-09-29T10:03:47","slug":"kokon-graue-tubenen","status":"publish","type":"product","link":"https:\/\/www.petitelaure.com\/de\/produkt\/kokon-graue-tubenen\/","title":{"rendered":"Kokon Graue Tubenen"},"content":{"rendered":"<p>Ein multifunktionales Babynestchen, das mit viel Liebe f\u00fcr Kinder geschaffen wurde: damit das Kleine immer seinen eigenen, separaten und freundlichen Platz zum Spielen, Schlafen und Ausruhen unter den wachsamen Augen der Eltern hat. Im Nestchen liegend, kann das Kleine Zeit mit den Eltern verbringen und sie bei verschiedenen Aktivit\u00e4ten begleiten, wie z. B. bei der Arbeit, beim Entspannen auf dem Sofa, beim Baden und sogar bei Aktivit\u00e4ten im Freien. Ideal f\u00fcr Reisen, denn Babys haben es manchmal schwer an unbekannten Orten, in neuen Umgebungen, dank unseres Nestchens kann das Baby immer seinen eigenen Platz haben, um sich mit Ihnen zu entspannen. Die innere Seite und der Boden bestehen aus luftiger Baumwolle, w\u00e4hrend die \u00e4u\u00dfere Seite aus weichem und luftdurchl\u00e4ssigem, elegantem Samt gefertigt ist. Die R\u00e4nder sind mit einer weichen, antiallergischen Silikonkugel gef\u00fcllt. In den Boden des Nestchens haben wir ein elastisches Vlies eingen\u00e4ht, so dass das Nestchen in der Waschmaschine gewaschen werden kann, ohne dass es verrutscht. Das Babynestchen kann am unteren Rand mit einem Kordelzug zusammengezogen werden, so dass Sie die Gr\u00f6\u00dfe leicht anpassen k\u00f6nnen. F\u00fcr \u00e4ltere Kinder kann das Produkt losgebunden werden, um eine freundliche Spielfl\u00e4che zu schaffen, ohne die Bewegung der Beine einzuschr\u00e4nken.<\/p>\n","protected":false},"excerpt":{"rendered":"<p>Ein multifunktionales Babynestchen, das mit viel Liebe f\u00fcr Kinder geschaffen wurde: damit das Kleine immer seinen eigenen, separaten und freundlichen Platz zum Spielen, Schlafen und Ausruhen unter den wachsamen Augen der Eltern hat. Im Nestchen liegend, kann das Kleine Zeit mit den Eltern verbringen und sie bei verschiedenen Aktivit\u00e4ten begleiten, wie z. B. bei der [&#8230;]\n","protected":false},"featured_media":9231,"comment_status":"open","ping_status":"closed","template":"","meta":[],"product_brand":[],"product_cat":[458,376],"product_tag":[],"class_list":{"0":"post-10823","1":"product","2":"type-product","3":"status-publish","4":"has-post-thumbnail","6":"product_cat-babykokons-nester","7":"product_cat-nestchen-and-babyumschlag","9":"first","10":"instock","11":"sold-individually","12":"shipping-taxable","13":"purchasable","14":"product-type-simple"},"yoast_head":"<!-- This site is optimized with the Yoast SEO plugin v26.9 - https:\/\/yoast.com\/product\/yoast-seo-wordpress\/ -->\n<title>Kokon Graue Tubenen - petitelaure.com<\/title>\n<meta name=\"robots\" content=\"index, follow, max-snippet:-1, max-image-preview:large, max-video-preview:-1\" \/>\n<link rel=\"canonical\" href=\"https:\/\/www.petitelaure.com\/de\/produkt\/kokon-graue-tubenen\/\" \/>\n<meta property=\"og:locale\" content=\"de_DE\" \/>\n<meta property=\"og:type\" content=\"article\" \/>\n<meta property=\"og:title\" content=\"Kokon Graue Tubenen - petitelaure.com\" \/>\n<meta property=\"og:description\" content=\"Ein multifunktionales Babynestchen, das mit viel Liebe f\u00fcr Kinder geschaffen wurde: damit das Kleine immer seinen eigenen, separaten und freundlichen Platz zum Spielen, Schlafen und Ausruhen unter den wachsamen Augen der Eltern hat. Im Nestchen liegend, kann das Kleine Zeit mit den Eltern verbringen und sie bei verschiedenen Aktivit\u00e4ten begleiten, wie z. B. bei der [...]\" \/>\n<meta property=\"og:url\" content=\"https:\/\/www.petitelaure.com\/de\/produkt\/kokon-graue-tubenen\/\" \/>\n<meta property=\"og:site_name\" content=\"petitelaure.com\" \/>\n<meta property=\"article:modified_time\" content=\"2023-09-29T10:03:47+00:00\" \/>\n<meta property=\"og:image\" content=\"https:\/\/www.petitelaure.com\/wp-content\/uploads\/2021\/09\/4X0A7365-scaled.jpg\" \/>\n\t<meta property=\"og:image:width\" content=\"2560\" \/>\n\t<meta property=\"og:image:height\" content=\"1707\" \/>\n\t<meta property=\"og:image:type\" content=\"image\/jpeg\" \/>\n<meta name=\"twitter:card\" content=\"summary_large_image\" \/>\n<meta name=\"twitter:label1\" content=\"Gesch\u00e4tzte Lesezeit\" \/>\n\t<meta name=\"twitter:data1\" content=\"1\u00a0Minute\" \/>\n<script type=\"application\/ld+json\" class=\"yoast-schema-graph\">{\"@context\":\"https:\/\/schema.org\",\"@graph\":[{\"@type\":\"WebPage\",\"@id\":\"https:\/\/www.petitelaure.com\/de\/produkt\/kokon-graue-tubenen\/\",\"url\":\"https:\/\/www.petitelaure.com\/de\/produkt\/kokon-graue-tubenen\/\",\"name\":\"Kokon Graue Tubenen - petitelaure.com\",\"isPartOf\":{\"@id\":\"https:\/\/www.petitelaure.com\/de\/#website\"},\"primaryImageOfPage\":{\"@id\":\"https:\/\/www.petitelaure.com\/de\/produkt\/kokon-graue-tubenen\/#primaryimage\"},\"image\":{\"@id\":\"https:\/\/www.petitelaure.com\/de\/produkt\/kokon-graue-tubenen\/#primaryimage\"},\"thumbnailUrl\":\"https:\/\/www.petitelaure.com\/wp-content\/uploads\/2021\/09\/4X0A7365-scaled.jpg\",\"datePublished\":\"2023-09-29T10:03:46+00:00\",\"dateModified\":\"2023-09-29T10:03:47+00:00\",\"breadcrumb\":{\"@id\":\"https:\/\/www.petitelaure.com\/de\/produkt\/kokon-graue-tubenen\/#breadcrumb\"},\"inLanguage\":\"de\",\"potentialAction\":[{\"@type\":\"ReadAction\",\"target\":[\"https:\/\/www.petitelaure.com\/de\/produkt\/kokon-graue-tubenen\/\"]}]},{\"@type\":\"ImageObject\",\"inLanguage\":\"de\",\"@id\":\"https:\/\/www.petitelaure.com\/de\/produkt\/kokon-graue-tubenen\/#primaryimage\",\"url\":\"https:\/\/www.petitelaure.com\/wp-content\/uploads\/2021\/09\/4X0A7365-scaled.jpg\",\"contentUrl\":\"https:\/\/www.petitelaure.com\/wp-content\/uploads\/2021\/09\/4X0A7365-scaled.jpg\",\"width\":2560,\"height\":1707},{\"@type\":\"BreadcrumbList\",\"@id\":\"https:\/\/www.petitelaure.com\/de\/produkt\/kokon-graue-tubenen\/#breadcrumb\",\"itemListElement\":[{\"@type\":\"ListItem\",\"position\":1,\"name\":\"Strona g\u0142\u00f3wna\",\"item\":\"https:\/\/www.petitelaure.com\/de\/\"},{\"@type\":\"ListItem\",\"position\":2,\"name\":\"Shop\",\"item\":\"https:\/\/www.petitelaure.com\/shop\/\"},{\"@type\":\"ListItem\",\"position\":3,\"name\":\"Kokon Graue Tubenen\"}]},{\"@type\":\"WebSite\",\"@id\":\"https:\/\/www.petitelaure.com\/de\/#website\",\"url\":\"https:\/\/www.petitelaure.com\/de\/\",\"name\":\"petitelaure.com\",\"description\":\"\",\"potentialAction\":[{\"@type\":\"SearchAction\",\"target\":{\"@type\":\"EntryPoint\",\"urlTemplate\":\"https:\/\/www.petitelaure.com\/de\/?s={search_term_string}\"},\"query-input\":{\"@type\":\"PropertyValueSpecification\",\"valueRequired\":true,\"valueName\":\"search_term_string\"}}],\"inLanguage\":\"de\"}]}<\/script>\n<!-- \/ Yoast SEO plugin. -->","yoast_head_json":{"title":"Kokon Graue Tubenen - petitelaure.com","robots":{"index":"index","follow":"follow","max-snippet":"max-snippet:-1","max-image-preview":"max-image-preview:large","max-video-preview":"max-video-preview:-1"},"canonical":"https:\/\/www.petitelaure.com\/de\/produkt\/kokon-graue-tubenen\/","og_locale":"de_DE","og_type":"article","og_title":"Kokon Graue Tubenen - petitelaure.com","og_description":"Ein multifunktionales Babynestchen, das mit viel Liebe f\u00fcr Kinder geschaffen wurde: damit das Kleine immer seinen eigenen, separaten und freundlichen Platz zum Spielen, Schlafen und Ausruhen unter den wachsamen Augen der Eltern hat. Im Nestchen liegend, kann das Kleine Zeit mit den Eltern verbringen und sie bei verschiedenen Aktivit\u00e4ten begleiten, wie z. B. bei der [...]","og_url":"https:\/\/www.petitelaure.com\/de\/produkt\/kokon-graue-tubenen\/","og_site_name":"petitelaure.com","article_modified_time":"2023-09-29T10:03:47+00:00","og_image":[{"width":2560,"height":1707,"url":"https:\/\/www.petitelaure.com\/wp-content\/uploads\/2021\/09\/4X0A7365-scaled.jpg","type":"image\/jpeg"}],"twitter_card":"summary_large_image","twitter_misc":{"Gesch\u00e4tzte Lesezeit":"1\u00a0Minute"},"schema":{"@context":"https:\/\/schema.org","@graph":[{"@type":"WebPage","@id":"https:\/\/www.petitelaure.com\/de\/produkt\/kokon-graue-tubenen\/","url":"https:\/\/www.petitelaure.com\/de\/produkt\/kokon-graue-tubenen\/","name":"Kokon Graue Tubenen - petitelaure.com","isPartOf":{"@id":"https:\/\/www.petitelaure.com\/de\/#website"},"primaryImageOfPage":{"@id":"https:\/\/www.petitelaure.com\/de\/produkt\/kokon-graue-tubenen\/#primaryimage"},"image":{"@id":"https:\/\/www.petitelaure.com\/de\/produkt\/kokon-graue-tubenen\/#primaryimage"},"thumbnailUrl":"https:\/\/www.petitelaure.com\/wp-content\/uploads\/2021\/09\/4X0A7365-scaled.jpg","datePublished":"2023-09-29T10:03:46+00:00","dateModified":"2023-09-29T10:03:47+00:00","breadcrumb":{"@id":"https:\/\/www.petitelaure.com\/de\/produkt\/kokon-graue-tubenen\/#breadcrumb"},"inLanguage":"de","potentialAction":[{"@type":"ReadAction","target":["https:\/\/www.petitelaure.com\/de\/produkt\/kokon-graue-tubenen\/"]}]},{"@type":"ImageObject","inLanguage":"de","@id":"https:\/\/www.petitelaure.com\/de\/produkt\/kokon-graue-tubenen\/#primaryimage","url":"https:\/\/www.petitelaure.com\/wp-content\/uploads\/2021\/09\/4X0A7365-scaled.jpg","contentUrl":"https:\/\/www.petitelaure.com\/wp-content\/uploads\/2021\/09\/4X0A7365-scaled.jpg","width":2560,"height":1707},{"@type":"BreadcrumbList","@id":"https:\/\/www.petitelaure.com\/de\/produkt\/kokon-graue-tubenen\/#breadcrumb","itemListElement":[{"@type":"ListItem","position":1,"name":"Strona g\u0142\u00f3wna","item":"https:\/\/www.petitelaure.com\/de\/"},{"@type":"ListItem","position":2,"name":"Shop","item":"https:\/\/www.petitelaure.com\/shop\/"},{"@type":"ListItem","position":3,"name":"Kokon Graue Tubenen"}]},{"@type":"WebSite","@id":"https:\/\/www.petitelaure.com\/de\/#website","url":"https:\/\/www.petitelaure.com\/de\/","name":"petitelaure.com","description":"","potentialAction":[{"@type":"SearchAction","target":{"@type":"EntryPoint","urlTemplate":"https:\/\/www.petitelaure.com\/de\/?s={search_term_string}"},"query-input":{"@type":"PropertyValueSpecification","valueRequired":true,"valueName":"search_term_string"}}],"inLanguage":"de"}]}},"_links":{"self":[{"href":"https:\/\/www.petitelaure.com\/de\/wp-json\/wp\/v2\/product\/10823","targetHints":{"allow":["GET"]}}],"collection":[{"href":"https:\/\/www.petitelaure.com\/de\/wp-json\/wp\/v2\/product"}],"about":[{"href":"https:\/\/www.petitelaure.com\/de\/wp-json\/wp\/v2\/types\/product"}],"replies":[{"embeddable":true,"href":"https:\/\/www.petitelaure.com\/de\/wp-json\/wp\/v2\/comments?post=10823"}],"wp:featuredmedia":[{"embeddable":true,"href":"https:\/\/www.petitelaure.com\/de\/wp-json\/wp\/v2\/media\/9231"}],"wp:attachment":[{"href":"https:\/\/www.petitelaure.com\/de\/wp-json\/wp\/v2\/media?parent=10823"}],"wp:term":[{"taxonomy":"product_brand","embeddable":true,"href":"https:\/\/www.petitelaure.com\/de\/wp-json\/wp\/v2\/product_brand?post=10823"},{"taxonomy":"product_cat","embeddable":true,"href":"https:\/\/www.petitelaure.com\/de\/wp-json\/wp\/v2\/product_cat?post=10823"},{"taxonomy":"product_tag","embeddable":true,"href":"https:\/\/www.petitelaure.com\/de\/wp-json\/wp\/v2\/product_tag?post=10823"}],"curies":[{"name":"wp","href":"https:\/\/api.w.org\/{rel}","templated":true}]}}