{"id":10821,"date":"2021-09-03T23:29:58","date_gmt":"2023-09-29T09:53:50","guid":{"rendered":"https:\/\/www.petitelaure.com\/?post_type=product&#038;p=10821"},"modified":"2023-09-29T11:53:50","modified_gmt":"2023-09-29T09:53:50","slug":"babymuschlag-hellgrau","status":"publish","type":"product","link":"https:\/\/www.petitelaure.com\/de\/produkt\/babymuschlag-hellgrau\/","title":{"rendered":"Babymuschlag Hellgrau"},"content":{"rendered":"<p>Ein klassisches und bezauberndes Babyh\u00f6rnchen, das Ihr Baby ab dem Tag der Geburt umh\u00fcllt. Die H\u00f6rnchen geben dem Baby das Gef\u00fchl von Geborgenheit wie in Mamas Bauch, beruhigen das Baby und erleichtern ihm das Einschlafen. Es ist aus hochwertigster Baumwolle gefertigt und mit zwei F\u00fcllschichten gef\u00fcllt. Die erste Schicht ist eine Standard-H\u00f6rnchenf\u00fcllung, die steif genug ist, um das Baby von den ersten Momenten an sicher und fest zu halten. Die zweite Schicht ist viel d\u00fcnner und luftiger, damit es f\u00fcr das Baby bequemer ist. In das H\u00f6rnchen sind au\u00dferdem B\u00e4nder eingen\u00e4ht, die es erm\u00f6glichen, die Gr\u00f6\u00dfe zu verstellen.<\/p>\n<p><strong>Waschen und Pfleg<\/strong><\/p>\n<ul>\n<li>Waschen in einer Waschmaschine bei 30 \u00b0, einem heiklen Programm \u2013 max. 800 Rotationsrevolutionen.<\/li>\n<li>Nur Baumwollgewebe bei Temperaturen von bis zu 110 \u00b0 impliziert.<\/li>\n<li>Verwenden Sie keine Bleichmittel.<\/li>\n<li>Nicht von Hand waschen.<\/li>\n<li>In einem Trommeltrockner nicht trocknen. Wir empfehlen, flach zu trocknen.<\/li>\n<li>Legen Sie das gewaschene Produkt nicht f\u00fcr zu langes Sonnenlicht frei.<\/li>\n<li>Es wird empfohlen, vor der ersten Verwendung gem\u00e4\u00df den Anweisungen auf dem Etikett zu waschen.<\/li>\n<\/ul>\n","protected":false},"excerpt":{"rendered":"<p>Ein klassisches und bezauberndes Babyh\u00f6rnchen, das Ihr Baby ab dem Tag der Geburt umh\u00fcllt. Die H\u00f6rnchen geben dem Baby das Gef\u00fchl von Geborgenheit wie in Mamas Bauch, beruhigen das Baby und erleichtern ihm das Einschlafen. Es ist aus hochwertigster Baumwolle gefertigt und mit zwei F\u00fcllschichten gef\u00fcllt. Die erste Schicht ist eine Standard-H\u00f6rnchenf\u00fcllung, die steif genug [&#8230;]\n","protected":false},"featured_media":8869,"comment_status":"open","ping_status":"closed","template":"","meta":[],"product_brand":[],"product_cat":[459,376],"product_tag":[],"class_list":{"0":"post-10821","1":"product","2":"type-product","3":"status-publish","4":"has-post-thumbnail","6":"product_cat-babywindeln-babydecken","7":"product_cat-nestchen-and-babyumschlag","9":"first","10":"instock","11":"shipping-taxable","12":"purchasable","13":"product-type-simple"},"yoast_head":"<!-- This site is optimized with the Yoast SEO plugin v26.9 - https:\/\/yoast.com\/product\/yoast-seo-wordpress\/ -->\n<title>Babymuschlag Hellgrau - petitelaure.com<\/title>\n<meta name=\"robots\" content=\"index, follow, max-snippet:-1, max-image-preview:large, max-video-preview:-1\" \/>\n<link rel=\"canonical\" href=\"https:\/\/www.petitelaure.com\/de\/produkt\/babymuschlag-hellgrau\/\" \/>\n<meta property=\"og:locale\" content=\"de_DE\" \/>\n<meta property=\"og:type\" content=\"article\" \/>\n<meta property=\"og:title\" content=\"Babymuschlag Hellgrau - petitelaure.com\" \/>\n<meta property=\"og:description\" content=\"Ein klassisches und bezauberndes Babyh\u00f6rnchen, das Ihr Baby ab dem Tag der Geburt umh\u00fcllt. Die H\u00f6rnchen geben dem Baby das Gef\u00fchl von Geborgenheit wie in Mamas Bauch, beruhigen das Baby und erleichtern ihm das Einschlafen. Es ist aus hochwertigster Baumwolle gefertigt und mit zwei F\u00fcllschichten gef\u00fcllt. Die erste Schicht ist eine Standard-H\u00f6rnchenf\u00fcllung, die steif genug [...]\" \/>\n<meta property=\"og:url\" content=\"https:\/\/www.petitelaure.com\/de\/produkt\/babymuschlag-hellgrau\/\" \/>\n<meta property=\"og:site_name\" content=\"petitelaure.com\" \/>\n<meta property=\"og:image\" content=\"https:\/\/www.petitelaure.com\/wp-content\/uploads\/2021\/07\/IMG_3339-scaled.jpg\" \/>\n\t<meta property=\"og:image:width\" content=\"2560\" \/>\n\t<meta property=\"og:image:height\" content=\"1707\" \/>\n\t<meta property=\"og:image:type\" content=\"image\/jpeg\" \/>\n<meta name=\"twitter:card\" content=\"summary_large_image\" \/>\n<meta name=\"twitter:label1\" content=\"Gesch\u00e4tzte Lesezeit\" \/>\n\t<meta name=\"twitter:data1\" content=\"1\u00a0Minute\" \/>\n<script type=\"application\/ld+json\" class=\"yoast-schema-graph\">{\"@context\":\"https:\/\/schema.org\",\"@graph\":[{\"@type\":\"WebPage\",\"@id\":\"https:\/\/www.petitelaure.com\/de\/produkt\/babymuschlag-hellgrau\/\",\"url\":\"https:\/\/www.petitelaure.com\/de\/produkt\/babymuschlag-hellgrau\/\",\"name\":\"Babymuschlag Hellgrau - petitelaure.com\",\"isPartOf\":{\"@id\":\"https:\/\/www.petitelaure.com\/de\/#website\"},\"primaryImageOfPage\":{\"@id\":\"https:\/\/www.petitelaure.com\/de\/produkt\/babymuschlag-hellgrau\/#primaryimage\"},\"image\":{\"@id\":\"https:\/\/www.petitelaure.com\/de\/produkt\/babymuschlag-hellgrau\/#primaryimage\"},\"thumbnailUrl\":\"https:\/\/www.petitelaure.com\/wp-content\/uploads\/2021\/07\/IMG_3339-scaled.jpg\",\"datePublished\":\"2023-09-29T09:53:50+00:00\",\"breadcrumb\":{\"@id\":\"https:\/\/www.petitelaure.com\/de\/produkt\/babymuschlag-hellgrau\/#breadcrumb\"},\"inLanguage\":\"de\",\"potentialAction\":[{\"@type\":\"ReadAction\",\"target\":[\"https:\/\/www.petitelaure.com\/de\/produkt\/babymuschlag-hellgrau\/\"]}]},{\"@type\":\"ImageObject\",\"inLanguage\":\"de\",\"@id\":\"https:\/\/www.petitelaure.com\/de\/produkt\/babymuschlag-hellgrau\/#primaryimage\",\"url\":\"https:\/\/www.petitelaure.com\/wp-content\/uploads\/2021\/07\/IMG_3339-scaled.jpg\",\"contentUrl\":\"https:\/\/www.petitelaure.com\/wp-content\/uploads\/2021\/07\/IMG_3339-scaled.jpg\",\"width\":2560,\"height\":1707},{\"@type\":\"BreadcrumbList\",\"@id\":\"https:\/\/www.petitelaure.com\/de\/produkt\/babymuschlag-hellgrau\/#breadcrumb\",\"itemListElement\":[{\"@type\":\"ListItem\",\"position\":1,\"name\":\"Strona g\u0142\u00f3wna\",\"item\":\"https:\/\/www.petitelaure.com\/de\/\"},{\"@type\":\"ListItem\",\"position\":2,\"name\":\"Shop\",\"item\":\"https:\/\/www.petitelaure.com\/shop\/\"},{\"@type\":\"ListItem\",\"position\":3,\"name\":\"Babymuschlag Hellgrau\"}]},{\"@type\":\"WebSite\",\"@id\":\"https:\/\/www.petitelaure.com\/de\/#website\",\"url\":\"https:\/\/www.petitelaure.com\/de\/\",\"name\":\"petitelaure.com\",\"description\":\"\",\"potentialAction\":[{\"@type\":\"SearchAction\",\"target\":{\"@type\":\"EntryPoint\",\"urlTemplate\":\"https:\/\/www.petitelaure.com\/de\/?s={search_term_string}\"},\"query-input\":{\"@type\":\"PropertyValueSpecification\",\"valueRequired\":true,\"valueName\":\"search_term_string\"}}],\"inLanguage\":\"de\"}]}<\/script>\n<!-- \/ Yoast SEO plugin. -->","yoast_head_json":{"title":"Babymuschlag Hellgrau - petitelaure.com","robots":{"index":"index","follow":"follow","max-snippet":"max-snippet:-1","max-image-preview":"max-image-preview:large","max-video-preview":"max-video-preview:-1"},"canonical":"https:\/\/www.petitelaure.com\/de\/produkt\/babymuschlag-hellgrau\/","og_locale":"de_DE","og_type":"article","og_title":"Babymuschlag Hellgrau - petitelaure.com","og_description":"Ein klassisches und bezauberndes Babyh\u00f6rnchen, das Ihr Baby ab dem Tag der Geburt umh\u00fcllt. Die H\u00f6rnchen geben dem Baby das Gef\u00fchl von Geborgenheit wie in Mamas Bauch, beruhigen das Baby und erleichtern ihm das Einschlafen. Es ist aus hochwertigster Baumwolle gefertigt und mit zwei F\u00fcllschichten gef\u00fcllt. Die erste Schicht ist eine Standard-H\u00f6rnchenf\u00fcllung, die steif genug [...]","og_url":"https:\/\/www.petitelaure.com\/de\/produkt\/babymuschlag-hellgrau\/","og_site_name":"petitelaure.com","og_image":[{"width":2560,"height":1707,"url":"https:\/\/www.petitelaure.com\/wp-content\/uploads\/2021\/07\/IMG_3339-scaled.jpg","type":"image\/jpeg"}],"twitter_card":"summary_large_image","twitter_misc":{"Gesch\u00e4tzte Lesezeit":"1\u00a0Minute"},"schema":{"@context":"https:\/\/schema.org","@graph":[{"@type":"WebPage","@id":"https:\/\/www.petitelaure.com\/de\/produkt\/babymuschlag-hellgrau\/","url":"https:\/\/www.petitelaure.com\/de\/produkt\/babymuschlag-hellgrau\/","name":"Babymuschlag Hellgrau - petitelaure.com","isPartOf":{"@id":"https:\/\/www.petitelaure.com\/de\/#website"},"primaryImageOfPage":{"@id":"https:\/\/www.petitelaure.com\/de\/produkt\/babymuschlag-hellgrau\/#primaryimage"},"image":{"@id":"https:\/\/www.petitelaure.com\/de\/produkt\/babymuschlag-hellgrau\/#primaryimage"},"thumbnailUrl":"https:\/\/www.petitelaure.com\/wp-content\/uploads\/2021\/07\/IMG_3339-scaled.jpg","datePublished":"2023-09-29T09:53:50+00:00","breadcrumb":{"@id":"https:\/\/www.petitelaure.com\/de\/produkt\/babymuschlag-hellgrau\/#breadcrumb"},"inLanguage":"de","potentialAction":[{"@type":"ReadAction","target":["https:\/\/www.petitelaure.com\/de\/produkt\/babymuschlag-hellgrau\/"]}]},{"@type":"ImageObject","inLanguage":"de","@id":"https:\/\/www.petitelaure.com\/de\/produkt\/babymuschlag-hellgrau\/#primaryimage","url":"https:\/\/www.petitelaure.com\/wp-content\/uploads\/2021\/07\/IMG_3339-scaled.jpg","contentUrl":"https:\/\/www.petitelaure.com\/wp-content\/uploads\/2021\/07\/IMG_3339-scaled.jpg","width":2560,"height":1707},{"@type":"BreadcrumbList","@id":"https:\/\/www.petitelaure.com\/de\/produkt\/babymuschlag-hellgrau\/#breadcrumb","itemListElement":[{"@type":"ListItem","position":1,"name":"Strona g\u0142\u00f3wna","item":"https:\/\/www.petitelaure.com\/de\/"},{"@type":"ListItem","position":2,"name":"Shop","item":"https:\/\/www.petitelaure.com\/shop\/"},{"@type":"ListItem","position":3,"name":"Babymuschlag Hellgrau"}]},{"@type":"WebSite","@id":"https:\/\/www.petitelaure.com\/de\/#website","url":"https:\/\/www.petitelaure.com\/de\/","name":"petitelaure.com","description":"","potentialAction":[{"@type":"SearchAction","target":{"@type":"EntryPoint","urlTemplate":"https:\/\/www.petitelaure.com\/de\/?s={search_term_string}"},"query-input":{"@type":"PropertyValueSpecification","valueRequired":true,"valueName":"search_term_string"}}],"inLanguage":"de"}]}},"_links":{"self":[{"href":"https:\/\/www.petitelaure.com\/de\/wp-json\/wp\/v2\/product\/10821","targetHints":{"allow":["GET"]}}],"collection":[{"href":"https:\/\/www.petitelaure.com\/de\/wp-json\/wp\/v2\/product"}],"about":[{"href":"https:\/\/www.petitelaure.com\/de\/wp-json\/wp\/v2\/types\/product"}],"replies":[{"embeddable":true,"href":"https:\/\/www.petitelaure.com\/de\/wp-json\/wp\/v2\/comments?post=10821"}],"wp:featuredmedia":[{"embeddable":true,"href":"https:\/\/www.petitelaure.com\/de\/wp-json\/wp\/v2\/media\/8869"}],"wp:attachment":[{"href":"https:\/\/www.petitelaure.com\/de\/wp-json\/wp\/v2\/media?parent=10821"}],"wp:term":[{"taxonomy":"product_brand","embeddable":true,"href":"https:\/\/www.petitelaure.com\/de\/wp-json\/wp\/v2\/product_brand?post=10821"},{"taxonomy":"product_cat","embeddable":true,"href":"https:\/\/www.petitelaure.com\/de\/wp-json\/wp\/v2\/product_cat?post=10821"},{"taxonomy":"product_tag","embeddable":true,"href":"https:\/\/www.petitelaure.com\/de\/wp-json\/wp\/v2\/product_tag?post=10821"}],"curies":[{"name":"wp","href":"https:\/\/api.w.org\/{rel}","templated":true}]}}