{"id":10809,"date":"2022-01-25T21:06:11","date_gmt":"2023-09-29T08:36:45","guid":{"rendered":"https:\/\/www.petitelaure.com\/?post_type=product&#038;p=10809"},"modified":"2023-09-29T10:36:45","modified_gmt":"2023-09-29T08:36:45","slug":"decke-garue-tauben","status":"publish","type":"product","link":"https:\/\/www.petitelaure.com\/de\/produkt\/decke-garue-tauben\/","title":{"rendered":"Decke Garue Tauben"},"content":{"rendered":"<p><span class=\"Y2IQFc\" lang=\"de\">Weiche und warme Wendedecke f\u00fcr Babys. Auf der einen Seite weiche Baumwolle, auf der anderen flauschiger Samt, mit antiallergischer F\u00fcllung. Textilfarben sind anwender- und umweltfreundlich, was durch das OEKO-TEX Standard 100-Zertifikat best\u00e4tigt wird. Waschen vor dem ersten Gebrauch empfohlen. Mit jeder W\u00e4sche wird die Puckdecke noch sanfter.\u00a0<\/span><\/p>\n<p><span class=\"Y2IQFc\" lang=\"de\">Komposition: Abmessungen: 75 x 100 cm (+\/- 2 cm) \u2013 GR\u00d6SSE \u2013 S <\/span><\/p>\n<p><span class=\"Y2IQFc\" lang=\"de\">Wir empfehlen eine sanfte W\u00e4sche bei 30 Grad. C, Schleuderstufe max. 800 U\/min, mittlere B\u00fcgeltemperatur, nicht bleichen.<\/span><\/p>\n<div id=\"tw-target-rmn-container\" class=\"tw-target-rmn tw-ta-container F0azHf tw-nfl\">\n<div class=\"iYB33c\">\n<div class=\"dlJLJe\">\n<div data-cviv=\"false\" data-ved=\"2ahUKEwjT-MOWq8-BAxUKywIHHYGKA8YQz_AEegQIDRAR\"><\/div>\n<\/div>\n<div id=\"tw-tmenu\" class=\"tw-menu\">\n<div class=\"dURPtb\">\n<div class=\"KFFQ0c xKf9F\">\n<div class=\"YfftMc\">\n<div class=\"MjjYud\">\n<div class=\"g Ww4FFb vt6azd tF2Cxc asEBEc\" lang=\"pl\" data-hveid=\"CBEQAA\" data-ved=\"2ahUKEwjT-MOWq8-BAxUKywIHHYGKA8YQFSgAegQIERAA\">\n<div class=\"N54PNb BToiNc cvP2Ce\" data-snc=\"ih6Jnb_gJmcGf\">\n<div class=\"kb0PBd cvP2Ce jGGQ5e\" data-snf=\"x5WNvb\" data-snhf=\"0\">\n<div class=\"yuRUbf\"><\/div>\n<\/div>\n<\/div>\n<\/div>\n<\/div>\n<\/div>\n<\/div>\n<\/div>\n<\/div>\n<\/div>\n<\/div>\n","protected":false},"excerpt":{"rendered":"<p>Weiche und warme Wendedecke f\u00fcr Babys. Auf der einen Seite weiche Baumwolle, auf der anderen flauschiger Samt, mit antiallergischer F\u00fcllung. Textilfarben sind anwender- und umweltfreundlich, was durch das OEKO-TEX Standard 100-Zertifikat best\u00e4tigt wird. Waschen vor dem ersten Gebrauch empfohlen. Mit jeder W\u00e4sche wird die Puckdecke noch sanfter.\u00a0 Komposition: Abmessungen: 75 x 100 cm (+\/- 2 [&#8230;]\n","protected":false},"featured_media":9829,"comment_status":"open","ping_status":"closed","template":"","meta":[],"product_brand":[],"product_cat":[373,440],"product_tag":[],"class_list":{"0":"post-10809","1":"product","2":"type-product","3":"status-publish","4":"has-post-thumbnail","6":"product_cat-babydecke","7":"product_cat-isolierdecken","9":"first","10":"instock","11":"shipping-taxable","12":"purchasable","13":"product-type-simple"},"yoast_head":"<!-- This site is optimized with the Yoast SEO plugin v26.9 - https:\/\/yoast.com\/product\/yoast-seo-wordpress\/ -->\n<title>Decke Garue Tauben - petitelaure.com<\/title>\n<meta name=\"robots\" content=\"index, follow, max-snippet:-1, max-image-preview:large, max-video-preview:-1\" \/>\n<link rel=\"canonical\" href=\"https:\/\/www.petitelaure.com\/de\/produkt\/decke-garue-tauben\/\" \/>\n<meta property=\"og:locale\" content=\"de_DE\" \/>\n<meta property=\"og:type\" content=\"article\" \/>\n<meta property=\"og:title\" content=\"Decke Garue Tauben - petitelaure.com\" \/>\n<meta property=\"og:description\" content=\"Weiche und warme Wendedecke f\u00fcr Babys. Auf der einen Seite weiche Baumwolle, auf der anderen flauschiger Samt, mit antiallergischer F\u00fcllung. Textilfarben sind anwender- und umweltfreundlich, was durch das OEKO-TEX Standard 100-Zertifikat best\u00e4tigt wird. Waschen vor dem ersten Gebrauch empfohlen. Mit jeder W\u00e4sche wird die Puckdecke noch sanfter.\u00a0 Komposition: Abmessungen: 75 x 100 cm (+\/- 2 [...]\" \/>\n<meta property=\"og:url\" content=\"https:\/\/www.petitelaure.com\/de\/produkt\/decke-garue-tauben\/\" \/>\n<meta property=\"og:site_name\" content=\"petitelaure.com\" \/>\n<meta property=\"og:image\" content=\"https:\/\/www.petitelaure.com\/wp-content\/uploads\/2022\/01\/IMG_5144.jpg\" \/>\n\t<meta property=\"og:image:width\" content=\"480\" \/>\n\t<meta property=\"og:image:height\" content=\"640\" \/>\n\t<meta property=\"og:image:type\" content=\"image\/jpeg\" \/>\n<meta name=\"twitter:card\" content=\"summary_large_image\" \/>\n<meta name=\"twitter:label1\" content=\"Gesch\u00e4tzte Lesezeit\" \/>\n\t<meta name=\"twitter:data1\" content=\"1\u00a0Minute\" \/>\n<script type=\"application\/ld+json\" class=\"yoast-schema-graph\">{\"@context\":\"https:\/\/schema.org\",\"@graph\":[{\"@type\":\"WebPage\",\"@id\":\"https:\/\/www.petitelaure.com\/de\/produkt\/decke-garue-tauben\/\",\"url\":\"https:\/\/www.petitelaure.com\/de\/produkt\/decke-garue-tauben\/\",\"name\":\"Decke Garue Tauben - petitelaure.com\",\"isPartOf\":{\"@id\":\"https:\/\/www.petitelaure.com\/de\/#website\"},\"primaryImageOfPage\":{\"@id\":\"https:\/\/www.petitelaure.com\/de\/produkt\/decke-garue-tauben\/#primaryimage\"},\"image\":{\"@id\":\"https:\/\/www.petitelaure.com\/de\/produkt\/decke-garue-tauben\/#primaryimage\"},\"thumbnailUrl\":\"https:\/\/www.petitelaure.com\/wp-content\/uploads\/2022\/01\/IMG_5144.jpg\",\"datePublished\":\"2023-09-29T08:36:45+00:00\",\"breadcrumb\":{\"@id\":\"https:\/\/www.petitelaure.com\/de\/produkt\/decke-garue-tauben\/#breadcrumb\"},\"inLanguage\":\"de\",\"potentialAction\":[{\"@type\":\"ReadAction\",\"target\":[\"https:\/\/www.petitelaure.com\/de\/produkt\/decke-garue-tauben\/\"]}]},{\"@type\":\"ImageObject\",\"inLanguage\":\"de\",\"@id\":\"https:\/\/www.petitelaure.com\/de\/produkt\/decke-garue-tauben\/#primaryimage\",\"url\":\"https:\/\/www.petitelaure.com\/wp-content\/uploads\/2022\/01\/IMG_5144.jpg\",\"contentUrl\":\"https:\/\/www.petitelaure.com\/wp-content\/uploads\/2022\/01\/IMG_5144.jpg\",\"width\":480,\"height\":640},{\"@type\":\"BreadcrumbList\",\"@id\":\"https:\/\/www.petitelaure.com\/de\/produkt\/decke-garue-tauben\/#breadcrumb\",\"itemListElement\":[{\"@type\":\"ListItem\",\"position\":1,\"name\":\"Strona g\u0142\u00f3wna\",\"item\":\"https:\/\/www.petitelaure.com\/de\/\"},{\"@type\":\"ListItem\",\"position\":2,\"name\":\"Shop\",\"item\":\"https:\/\/www.petitelaure.com\/shop\/\"},{\"@type\":\"ListItem\",\"position\":3,\"name\":\"Decke Garue Tauben\"}]},{\"@type\":\"WebSite\",\"@id\":\"https:\/\/www.petitelaure.com\/de\/#website\",\"url\":\"https:\/\/www.petitelaure.com\/de\/\",\"name\":\"petitelaure.com\",\"description\":\"\",\"potentialAction\":[{\"@type\":\"SearchAction\",\"target\":{\"@type\":\"EntryPoint\",\"urlTemplate\":\"https:\/\/www.petitelaure.com\/de\/?s={search_term_string}\"},\"query-input\":{\"@type\":\"PropertyValueSpecification\",\"valueRequired\":true,\"valueName\":\"search_term_string\"}}],\"inLanguage\":\"de\"}]}<\/script>\n<!-- \/ Yoast SEO plugin. -->","yoast_head_json":{"title":"Decke Garue Tauben - petitelaure.com","robots":{"index":"index","follow":"follow","max-snippet":"max-snippet:-1","max-image-preview":"max-image-preview:large","max-video-preview":"max-video-preview:-1"},"canonical":"https:\/\/www.petitelaure.com\/de\/produkt\/decke-garue-tauben\/","og_locale":"de_DE","og_type":"article","og_title":"Decke Garue Tauben - petitelaure.com","og_description":"Weiche und warme Wendedecke f\u00fcr Babys. Auf der einen Seite weiche Baumwolle, auf der anderen flauschiger Samt, mit antiallergischer F\u00fcllung. Textilfarben sind anwender- und umweltfreundlich, was durch das OEKO-TEX Standard 100-Zertifikat best\u00e4tigt wird. Waschen vor dem ersten Gebrauch empfohlen. Mit jeder W\u00e4sche wird die Puckdecke noch sanfter.\u00a0 Komposition: Abmessungen: 75 x 100 cm (+\/- 2 [...]","og_url":"https:\/\/www.petitelaure.com\/de\/produkt\/decke-garue-tauben\/","og_site_name":"petitelaure.com","og_image":[{"width":480,"height":640,"url":"https:\/\/www.petitelaure.com\/wp-content\/uploads\/2022\/01\/IMG_5144.jpg","type":"image\/jpeg"}],"twitter_card":"summary_large_image","twitter_misc":{"Gesch\u00e4tzte Lesezeit":"1\u00a0Minute"},"schema":{"@context":"https:\/\/schema.org","@graph":[{"@type":"WebPage","@id":"https:\/\/www.petitelaure.com\/de\/produkt\/decke-garue-tauben\/","url":"https:\/\/www.petitelaure.com\/de\/produkt\/decke-garue-tauben\/","name":"Decke Garue Tauben - petitelaure.com","isPartOf":{"@id":"https:\/\/www.petitelaure.com\/de\/#website"},"primaryImageOfPage":{"@id":"https:\/\/www.petitelaure.com\/de\/produkt\/decke-garue-tauben\/#primaryimage"},"image":{"@id":"https:\/\/www.petitelaure.com\/de\/produkt\/decke-garue-tauben\/#primaryimage"},"thumbnailUrl":"https:\/\/www.petitelaure.com\/wp-content\/uploads\/2022\/01\/IMG_5144.jpg","datePublished":"2023-09-29T08:36:45+00:00","breadcrumb":{"@id":"https:\/\/www.petitelaure.com\/de\/produkt\/decke-garue-tauben\/#breadcrumb"},"inLanguage":"de","potentialAction":[{"@type":"ReadAction","target":["https:\/\/www.petitelaure.com\/de\/produkt\/decke-garue-tauben\/"]}]},{"@type":"ImageObject","inLanguage":"de","@id":"https:\/\/www.petitelaure.com\/de\/produkt\/decke-garue-tauben\/#primaryimage","url":"https:\/\/www.petitelaure.com\/wp-content\/uploads\/2022\/01\/IMG_5144.jpg","contentUrl":"https:\/\/www.petitelaure.com\/wp-content\/uploads\/2022\/01\/IMG_5144.jpg","width":480,"height":640},{"@type":"BreadcrumbList","@id":"https:\/\/www.petitelaure.com\/de\/produkt\/decke-garue-tauben\/#breadcrumb","itemListElement":[{"@type":"ListItem","position":1,"name":"Strona g\u0142\u00f3wna","item":"https:\/\/www.petitelaure.com\/de\/"},{"@type":"ListItem","position":2,"name":"Shop","item":"https:\/\/www.petitelaure.com\/shop\/"},{"@type":"ListItem","position":3,"name":"Decke Garue Tauben"}]},{"@type":"WebSite","@id":"https:\/\/www.petitelaure.com\/de\/#website","url":"https:\/\/www.petitelaure.com\/de\/","name":"petitelaure.com","description":"","potentialAction":[{"@type":"SearchAction","target":{"@type":"EntryPoint","urlTemplate":"https:\/\/www.petitelaure.com\/de\/?s={search_term_string}"},"query-input":{"@type":"PropertyValueSpecification","valueRequired":true,"valueName":"search_term_string"}}],"inLanguage":"de"}]}},"_links":{"self":[{"href":"https:\/\/www.petitelaure.com\/de\/wp-json\/wp\/v2\/product\/10809","targetHints":{"allow":["GET"]}}],"collection":[{"href":"https:\/\/www.petitelaure.com\/de\/wp-json\/wp\/v2\/product"}],"about":[{"href":"https:\/\/www.petitelaure.com\/de\/wp-json\/wp\/v2\/types\/product"}],"replies":[{"embeddable":true,"href":"https:\/\/www.petitelaure.com\/de\/wp-json\/wp\/v2\/comments?post=10809"}],"wp:featuredmedia":[{"embeddable":true,"href":"https:\/\/www.petitelaure.com\/de\/wp-json\/wp\/v2\/media\/9829"}],"wp:attachment":[{"href":"https:\/\/www.petitelaure.com\/de\/wp-json\/wp\/v2\/media?parent=10809"}],"wp:term":[{"taxonomy":"product_brand","embeddable":true,"href":"https:\/\/www.petitelaure.com\/de\/wp-json\/wp\/v2\/product_brand?post=10809"},{"taxonomy":"product_cat","embeddable":true,"href":"https:\/\/www.petitelaure.com\/de\/wp-json\/wp\/v2\/product_cat?post=10809"},{"taxonomy":"product_tag","embeddable":true,"href":"https:\/\/www.petitelaure.com\/de\/wp-json\/wp\/v2\/product_tag?post=10809"}],"curies":[{"name":"wp","href":"https:\/\/api.w.org\/{rel}","templated":true}]}}