{"id":10806,"date":"2022-04-11T20:49:47","date_gmt":"2023-09-29T08:09:42","guid":{"rendered":"https:\/\/www.petitelaure.com\/?post_type=product&#038;p=10806"},"modified":"2023-09-29T10:09:43","modified_gmt":"2023-09-29T08:09:43","slug":"decke-bambus-baumwolle-puderrosa-blaetter","status":"publish","type":"product","link":"https:\/\/www.petitelaure.com\/de\/produkt\/decke-bambus-baumwolle-puderrosa-blaetter\/","title":{"rendered":"Decke Bambus Baumwolle puderrosa Bl\u00e4tter"},"content":{"rendered":"<p id=\"tw-target-text\" class=\"tw-data-text tw-text-large tw-ta\" dir=\"ltr\" data-placeholder=\"T\u0142umaczenie\" data-ved=\"2ahUKEwjT-MOWq8-BAxUKywIHHYGKA8YQ3ewLegQIDRAQ\"><span class=\"Y2IQFc\" lang=\"de\">Weiche, nat\u00fcrliche und zarte Babydecke. Es ist antiallergisch und sicher f\u00fcr die empfindliche Haut von Babys und bietet dem Baby von den ersten Lebenstagen an Trost. Es ist perfekt f\u00fcr ein Nickerchen im Bett, nach einem Bad oder w\u00e4hrend eines Spaziergangs. Es ist eine weiche und warme Decke f\u00fcr einen Kinderwagen oder einen Autositz. Durch die nat\u00fcrliche Zusammensetzung aus hochwertigster Baumwolle und Bambusviskose reguliert es auf nat\u00fcrliche Weise die W\u00e4rme, \u00fcberhitzt nicht und eignet sich daher ideal zum Einwickeln Ihres Babys. Das Garn, aus dem es hergestellt wurde, verf\u00fcgt \u00fcber das Zertifikat OEKO-TEX Standard 100 Klasse I. Dadurch ist die Decke 100 % sicher und sorgt f\u00fcr einen gesunden und erholsamen Schlaf Ihres Kindes. Eine Bambusdecke ist sicherlich ein perfektes Geschenk f\u00fcr eine Babyparty, einen Geburtstag oder andere sch\u00f6ne Anl\u00e4sse. <\/span><\/p>\n<p class=\"tw-data-text tw-text-large tw-ta\" dir=\"ltr\" data-placeholder=\"T\u0142umaczenie\" data-ved=\"2ahUKEwjT-MOWq8-BAxUKywIHHYGKA8YQ3ewLegQIDRAQ\"><span class=\"Y2IQFc\" lang=\"de\">Abmessungen: 80 x 100 cm <\/span><\/p>\n<p class=\"tw-data-text tw-text-large tw-ta\" dir=\"ltr\" data-placeholder=\"T\u0142umaczenie\" data-ved=\"2ahUKEwjT-MOWq8-BAxUKywIHHYGKA8YQ3ewLegQIDRAQ\"><span class=\"Y2IQFc\" lang=\"de\">Zusammensetzung: 50 % Bambus; 50 % Baumwolle <\/span><\/p>\n<p class=\"tw-data-text tw-text-large tw-ta\" dir=\"ltr\" data-placeholder=\"T\u0142umaczenie\" data-ved=\"2ahUKEwjT-MOWq8-BAxUKywIHHYGKA8YQ3ewLegQIDRAQ\"><span class=\"Y2IQFc\" lang=\"de\">Wir empfehlen: Maschinenwaschbar bei 30\u00b0, max. 800 Schleuderumdrehungen, kein Bleichmittel verwenden, nicht im W\u00e4schetrockner trocknen, nicht chemisch reinigen.<\/span><\/p>\n","protected":false},"excerpt":{"rendered":"<p>Weiche, nat\u00fcrliche und zarte Babydecke. Es ist antiallergisch und sicher f\u00fcr die empfindliche Haut von Babys und bietet dem Baby von den ersten Lebenstagen an Trost. Es ist perfekt f\u00fcr ein Nickerchen im Bett, nach einem Bad oder w\u00e4hrend eines Spaziergangs. Es ist eine weiche und warme Decke f\u00fcr einen Kinderwagen oder einen Autositz. Durch [&#8230;]\n","protected":false},"featured_media":10223,"comment_status":"open","ping_status":"closed","template":"","meta":[],"product_brand":[],"product_cat":[373,438],"product_tag":[],"class_list":{"0":"post-10806","1":"product","2":"type-product","3":"status-publish","4":"has-post-thumbnail","6":"product_cat-babydecke","7":"product_cat-gestrickte-bambusdecken","9":"first","10":"instock","11":"shipping-taxable","12":"purchasable","13":"product-type-simple"},"yoast_head":"<!-- This site is optimized with the Yoast SEO plugin v26.9 - https:\/\/yoast.com\/product\/yoast-seo-wordpress\/ -->\n<title>Decke Bambus Baumwolle puderrosa Bl\u00e4tter - petitelaure.com<\/title>\n<meta name=\"robots\" content=\"index, follow, max-snippet:-1, max-image-preview:large, max-video-preview:-1\" \/>\n<link rel=\"canonical\" href=\"https:\/\/www.petitelaure.com\/de\/produkt\/decke-bambus-baumwolle-puderrosa-blaetter\/\" \/>\n<meta property=\"og:locale\" content=\"de_DE\" \/>\n<meta property=\"og:type\" content=\"article\" \/>\n<meta property=\"og:title\" content=\"Decke Bambus Baumwolle puderrosa Bl\u00e4tter - petitelaure.com\" \/>\n<meta property=\"og:description\" content=\"Weiche, nat\u00fcrliche und zarte Babydecke. Es ist antiallergisch und sicher f\u00fcr die empfindliche Haut von Babys und bietet dem Baby von den ersten Lebenstagen an Trost. Es ist perfekt f\u00fcr ein Nickerchen im Bett, nach einem Bad oder w\u00e4hrend eines Spaziergangs. Es ist eine weiche und warme Decke f\u00fcr einen Kinderwagen oder einen Autositz. Durch [...]\" \/>\n<meta property=\"og:url\" content=\"https:\/\/www.petitelaure.com\/de\/produkt\/decke-bambus-baumwolle-puderrosa-blaetter\/\" \/>\n<meta property=\"og:site_name\" content=\"petitelaure.com\" \/>\n<meta property=\"article:modified_time\" content=\"2023-09-29T08:09:43+00:00\" \/>\n<meta property=\"og:image\" content=\"https:\/\/www.petitelaure.com\/wp-content\/uploads\/2022\/04\/4X0A9424-scaled.jpg\" \/>\n\t<meta property=\"og:image:width\" content=\"1707\" \/>\n\t<meta property=\"og:image:height\" content=\"2560\" \/>\n\t<meta property=\"og:image:type\" content=\"image\/jpeg\" \/>\n<meta name=\"twitter:card\" content=\"summary_large_image\" \/>\n<meta name=\"twitter:label1\" content=\"Gesch\u00e4tzte Lesezeit\" \/>\n\t<meta name=\"twitter:data1\" content=\"1\u00a0Minute\" \/>\n<script type=\"application\/ld+json\" class=\"yoast-schema-graph\">{\"@context\":\"https:\/\/schema.org\",\"@graph\":[{\"@type\":\"WebPage\",\"@id\":\"https:\/\/www.petitelaure.com\/de\/produkt\/decke-bambus-baumwolle-puderrosa-blaetter\/\",\"url\":\"https:\/\/www.petitelaure.com\/de\/produkt\/decke-bambus-baumwolle-puderrosa-blaetter\/\",\"name\":\"Decke Bambus Baumwolle puderrosa Bl\u00e4tter - petitelaure.com\",\"isPartOf\":{\"@id\":\"https:\/\/www.petitelaure.com\/de\/#website\"},\"primaryImageOfPage\":{\"@id\":\"https:\/\/www.petitelaure.com\/de\/produkt\/decke-bambus-baumwolle-puderrosa-blaetter\/#primaryimage\"},\"image\":{\"@id\":\"https:\/\/www.petitelaure.com\/de\/produkt\/decke-bambus-baumwolle-puderrosa-blaetter\/#primaryimage\"},\"thumbnailUrl\":\"https:\/\/www.petitelaure.com\/wp-content\/uploads\/2022\/04\/4X0A9424-scaled.jpg\",\"datePublished\":\"2023-09-29T08:09:42+00:00\",\"dateModified\":\"2023-09-29T08:09:43+00:00\",\"breadcrumb\":{\"@id\":\"https:\/\/www.petitelaure.com\/de\/produkt\/decke-bambus-baumwolle-puderrosa-blaetter\/#breadcrumb\"},\"inLanguage\":\"de\",\"potentialAction\":[{\"@type\":\"ReadAction\",\"target\":[\"https:\/\/www.petitelaure.com\/de\/produkt\/decke-bambus-baumwolle-puderrosa-blaetter\/\"]}]},{\"@type\":\"ImageObject\",\"inLanguage\":\"de\",\"@id\":\"https:\/\/www.petitelaure.com\/de\/produkt\/decke-bambus-baumwolle-puderrosa-blaetter\/#primaryimage\",\"url\":\"https:\/\/www.petitelaure.com\/wp-content\/uploads\/2022\/04\/4X0A9424-scaled.jpg\",\"contentUrl\":\"https:\/\/www.petitelaure.com\/wp-content\/uploads\/2022\/04\/4X0A9424-scaled.jpg\",\"width\":1707,\"height\":2560},{\"@type\":\"BreadcrumbList\",\"@id\":\"https:\/\/www.petitelaure.com\/de\/produkt\/decke-bambus-baumwolle-puderrosa-blaetter\/#breadcrumb\",\"itemListElement\":[{\"@type\":\"ListItem\",\"position\":1,\"name\":\"Strona g\u0142\u00f3wna\",\"item\":\"https:\/\/www.petitelaure.com\/de\/\"},{\"@type\":\"ListItem\",\"position\":2,\"name\":\"Shop\",\"item\":\"https:\/\/www.petitelaure.com\/shop\/\"},{\"@type\":\"ListItem\",\"position\":3,\"name\":\"Decke Bambus Baumwolle puderrosa Bl\u00e4tter\"}]},{\"@type\":\"WebSite\",\"@id\":\"https:\/\/www.petitelaure.com\/de\/#website\",\"url\":\"https:\/\/www.petitelaure.com\/de\/\",\"name\":\"petitelaure.com\",\"description\":\"\",\"potentialAction\":[{\"@type\":\"SearchAction\",\"target\":{\"@type\":\"EntryPoint\",\"urlTemplate\":\"https:\/\/www.petitelaure.com\/de\/?s={search_term_string}\"},\"query-input\":{\"@type\":\"PropertyValueSpecification\",\"valueRequired\":true,\"valueName\":\"search_term_string\"}}],\"inLanguage\":\"de\"}]}<\/script>\n<!-- \/ Yoast SEO plugin. -->","yoast_head_json":{"title":"Decke Bambus Baumwolle puderrosa Bl\u00e4tter - petitelaure.com","robots":{"index":"index","follow":"follow","max-snippet":"max-snippet:-1","max-image-preview":"max-image-preview:large","max-video-preview":"max-video-preview:-1"},"canonical":"https:\/\/www.petitelaure.com\/de\/produkt\/decke-bambus-baumwolle-puderrosa-blaetter\/","og_locale":"de_DE","og_type":"article","og_title":"Decke Bambus Baumwolle puderrosa Bl\u00e4tter - petitelaure.com","og_description":"Weiche, nat\u00fcrliche und zarte Babydecke. Es ist antiallergisch und sicher f\u00fcr die empfindliche Haut von Babys und bietet dem Baby von den ersten Lebenstagen an Trost. Es ist perfekt f\u00fcr ein Nickerchen im Bett, nach einem Bad oder w\u00e4hrend eines Spaziergangs. Es ist eine weiche und warme Decke f\u00fcr einen Kinderwagen oder einen Autositz. Durch [...]","og_url":"https:\/\/www.petitelaure.com\/de\/produkt\/decke-bambus-baumwolle-puderrosa-blaetter\/","og_site_name":"petitelaure.com","article_modified_time":"2023-09-29T08:09:43+00:00","og_image":[{"width":1707,"height":2560,"url":"https:\/\/www.petitelaure.com\/wp-content\/uploads\/2022\/04\/4X0A9424-scaled.jpg","type":"image\/jpeg"}],"twitter_card":"summary_large_image","twitter_misc":{"Gesch\u00e4tzte Lesezeit":"1\u00a0Minute"},"schema":{"@context":"https:\/\/schema.org","@graph":[{"@type":"WebPage","@id":"https:\/\/www.petitelaure.com\/de\/produkt\/decke-bambus-baumwolle-puderrosa-blaetter\/","url":"https:\/\/www.petitelaure.com\/de\/produkt\/decke-bambus-baumwolle-puderrosa-blaetter\/","name":"Decke Bambus Baumwolle puderrosa Bl\u00e4tter - petitelaure.com","isPartOf":{"@id":"https:\/\/www.petitelaure.com\/de\/#website"},"primaryImageOfPage":{"@id":"https:\/\/www.petitelaure.com\/de\/produkt\/decke-bambus-baumwolle-puderrosa-blaetter\/#primaryimage"},"image":{"@id":"https:\/\/www.petitelaure.com\/de\/produkt\/decke-bambus-baumwolle-puderrosa-blaetter\/#primaryimage"},"thumbnailUrl":"https:\/\/www.petitelaure.com\/wp-content\/uploads\/2022\/04\/4X0A9424-scaled.jpg","datePublished":"2023-09-29T08:09:42+00:00","dateModified":"2023-09-29T08:09:43+00:00","breadcrumb":{"@id":"https:\/\/www.petitelaure.com\/de\/produkt\/decke-bambus-baumwolle-puderrosa-blaetter\/#breadcrumb"},"inLanguage":"de","potentialAction":[{"@type":"ReadAction","target":["https:\/\/www.petitelaure.com\/de\/produkt\/decke-bambus-baumwolle-puderrosa-blaetter\/"]}]},{"@type":"ImageObject","inLanguage":"de","@id":"https:\/\/www.petitelaure.com\/de\/produkt\/decke-bambus-baumwolle-puderrosa-blaetter\/#primaryimage","url":"https:\/\/www.petitelaure.com\/wp-content\/uploads\/2022\/04\/4X0A9424-scaled.jpg","contentUrl":"https:\/\/www.petitelaure.com\/wp-content\/uploads\/2022\/04\/4X0A9424-scaled.jpg","width":1707,"height":2560},{"@type":"BreadcrumbList","@id":"https:\/\/www.petitelaure.com\/de\/produkt\/decke-bambus-baumwolle-puderrosa-blaetter\/#breadcrumb","itemListElement":[{"@type":"ListItem","position":1,"name":"Strona g\u0142\u00f3wna","item":"https:\/\/www.petitelaure.com\/de\/"},{"@type":"ListItem","position":2,"name":"Shop","item":"https:\/\/www.petitelaure.com\/shop\/"},{"@type":"ListItem","position":3,"name":"Decke Bambus Baumwolle puderrosa Bl\u00e4tter"}]},{"@type":"WebSite","@id":"https:\/\/www.petitelaure.com\/de\/#website","url":"https:\/\/www.petitelaure.com\/de\/","name":"petitelaure.com","description":"","potentialAction":[{"@type":"SearchAction","target":{"@type":"EntryPoint","urlTemplate":"https:\/\/www.petitelaure.com\/de\/?s={search_term_string}"},"query-input":{"@type":"PropertyValueSpecification","valueRequired":true,"valueName":"search_term_string"}}],"inLanguage":"de"}]}},"_links":{"self":[{"href":"https:\/\/www.petitelaure.com\/de\/wp-json\/wp\/v2\/product\/10806","targetHints":{"allow":["GET"]}}],"collection":[{"href":"https:\/\/www.petitelaure.com\/de\/wp-json\/wp\/v2\/product"}],"about":[{"href":"https:\/\/www.petitelaure.com\/de\/wp-json\/wp\/v2\/types\/product"}],"replies":[{"embeddable":true,"href":"https:\/\/www.petitelaure.com\/de\/wp-json\/wp\/v2\/comments?post=10806"}],"wp:featuredmedia":[{"embeddable":true,"href":"https:\/\/www.petitelaure.com\/de\/wp-json\/wp\/v2\/media\/10223"}],"wp:attachment":[{"href":"https:\/\/www.petitelaure.com\/de\/wp-json\/wp\/v2\/media?parent=10806"}],"wp:term":[{"taxonomy":"product_brand","embeddable":true,"href":"https:\/\/www.petitelaure.com\/de\/wp-json\/wp\/v2\/product_brand?post=10806"},{"taxonomy":"product_cat","embeddable":true,"href":"https:\/\/www.petitelaure.com\/de\/wp-json\/wp\/v2\/product_cat?post=10806"},{"taxonomy":"product_tag","embeddable":true,"href":"https:\/\/www.petitelaure.com\/de\/wp-json\/wp\/v2\/product_tag?post=10806"}],"curies":[{"name":"wp","href":"https:\/\/api.w.org\/{rel}","templated":true}]}}