{"id":10802,"date":"2022-09-08T13:49:31","date_gmt":"2023-09-29T07:27:55","guid":{"rendered":"https:\/\/www.petitelaure.com\/?post_type=product&#038;p=10802"},"modified":"2023-09-29T09:27:55","modified_gmt":"2023-09-29T07:27:55","slug":"decke-fuer-autositz-beige-tauben","status":"publish","type":"product","link":"https:\/\/www.petitelaure.com\/de\/produkt\/decke-fuer-autositz-beige-tauben\/","title":{"rendered":"Decke f\u00fcr Autositz Beige Tauben"},"content":{"rendered":"<p class=\"tw-data-text tw-text-large tw-ta\" dir=\"ltr\" data-placeholder=\"T\u0142umaczenie\" data-ved=\"2ahUKEwjJ09-QnM-BAxWczwIHHXBPB74Q3ewLegQICRAQ\"><span class=\"Y2IQFc\" lang=\"de\">Decke f\u00fcr Autositz<\/span><\/p>\n<p id=\"tw-target-text\" class=\"tw-data-text tw-text-large tw-ta\" dir=\"ltr\" data-placeholder=\"T\u0142umaczenie\" data-ved=\"2ahUKEwjJ09-QnM-BAxWczwIHHXBPB74Q3ewLegQICRAQ\"><span class=\"Y2IQFc\" lang=\"de\">Die Decke hat eine Universalgr\u00f6\u00dfe und passt f\u00fcr Autositze und Kinderwagen mit 3- und 5-Punkt-Gurt. Abmessungen: 95 x 110 cm (+\/- 2 cm) PFLEGEMETHODE: Waschen bei 30\u00b0, max. 800 Schleuderumdrehungen Nur Baumwollstoffe bei mittlerer B\u00fcgeltemperatur max. b\u00fcgeln. bis 110\u00b0, Samtseite nicht b\u00fcgeln Reinige chemisch nicht nicht im Trockner trocknen Getrennt waschen Benutzen Sie keine Bleiche Eine Decke mit Autositzf\u00fcllung eignet sich perfekt als stilvolles und einzigartiges Geschenk f\u00fcr ein Baby bei einer Babyparty oder anderen sch\u00f6nen Anl\u00e4ssen.<\/span><\/p>\n<p dir=\"ltr\" data-placeholder=\"T\u0142umaczenie\" data-ved=\"2ahUKEwjJ09-QnM-BAxWczwIHHXBPB74Q3ewLegQICRAQ\">\n","protected":false},"excerpt":{"rendered":"<p>Decke f\u00fcr Autositz Die Decke hat eine Universalgr\u00f6\u00dfe und passt f\u00fcr Autositze und Kinderwagen mit 3- und 5-Punkt-Gurt. Abmessungen: 95 x 110 cm (+\/- 2 cm) PFLEGEMETHODE: Waschen bei 30\u00b0, max. 800 Schleuderumdrehungen Nur Baumwollstoffe bei mittlerer B\u00fcgeltemperatur max. b\u00fcgeln. bis 110\u00b0, Samtseite nicht b\u00fcgeln Reinige chemisch nicht nicht im Trockner trocknen Getrennt waschen Benutzen [&#8230;]\n","protected":false},"featured_media":10157,"comment_status":"open","ping_status":"closed","template":"","meta":[],"product_brand":[],"product_cat":[439,373],"product_tag":[],"class_list":{"0":"post-10802","1":"product","2":"type-product","3":"status-publish","4":"has-post-thumbnail","6":"product_cat-autositzdecken","7":"product_cat-babydecke","9":"first","10":"instock","11":"shipping-taxable","12":"purchasable","13":"product-type-simple"},"yoast_head":"<!-- This site is optimized with the Yoast SEO plugin v26.9 - https:\/\/yoast.com\/product\/yoast-seo-wordpress\/ -->\n<title>Decke f\u00fcr Autositz Beige Tauben - petitelaure.com<\/title>\n<meta name=\"robots\" content=\"index, follow, max-snippet:-1, max-image-preview:large, max-video-preview:-1\" \/>\n<link rel=\"canonical\" href=\"https:\/\/www.petitelaure.com\/de\/produkt\/decke-fuer-autositz-beige-tauben\/\" \/>\n<meta property=\"og:locale\" content=\"de_DE\" \/>\n<meta property=\"og:type\" content=\"article\" \/>\n<meta property=\"og:title\" content=\"Decke f\u00fcr Autositz Beige Tauben - petitelaure.com\" \/>\n<meta property=\"og:description\" content=\"Decke f\u00fcr Autositz Die Decke hat eine Universalgr\u00f6\u00dfe und passt f\u00fcr Autositze und Kinderwagen mit 3- und 5-Punkt-Gurt. Abmessungen: 95 x 110 cm (+\/- 2 cm) PFLEGEMETHODE: Waschen bei 30\u00b0, max. 800 Schleuderumdrehungen Nur Baumwollstoffe bei mittlerer B\u00fcgeltemperatur max. b\u00fcgeln. bis 110\u00b0, Samtseite nicht b\u00fcgeln Reinige chemisch nicht nicht im Trockner trocknen Getrennt waschen Benutzen [...]\" \/>\n<meta property=\"og:url\" content=\"https:\/\/www.petitelaure.com\/de\/produkt\/decke-fuer-autositz-beige-tauben\/\" \/>\n<meta property=\"og:site_name\" content=\"petitelaure.com\" \/>\n<meta property=\"og:image\" content=\"https:\/\/www.petitelaure.com\/wp-content\/uploads\/2022\/09\/IMG_0822.jpg\" \/>\n\t<meta property=\"og:image:width\" content=\"1024\" \/>\n\t<meta property=\"og:image:height\" content=\"1280\" \/>\n\t<meta property=\"og:image:type\" content=\"image\/jpeg\" \/>\n<meta name=\"twitter:card\" content=\"summary_large_image\" \/>\n<meta name=\"twitter:label1\" content=\"Gesch\u00e4tzte Lesezeit\" \/>\n\t<meta name=\"twitter:data1\" content=\"1\u00a0Minute\" \/>\n<script type=\"application\/ld+json\" class=\"yoast-schema-graph\">{\"@context\":\"https:\/\/schema.org\",\"@graph\":[{\"@type\":\"WebPage\",\"@id\":\"https:\/\/www.petitelaure.com\/de\/produkt\/decke-fuer-autositz-beige-tauben\/\",\"url\":\"https:\/\/www.petitelaure.com\/de\/produkt\/decke-fuer-autositz-beige-tauben\/\",\"name\":\"Decke f\u00fcr Autositz Beige Tauben - petitelaure.com\",\"isPartOf\":{\"@id\":\"https:\/\/www.petitelaure.com\/de\/#website\"},\"primaryImageOfPage\":{\"@id\":\"https:\/\/www.petitelaure.com\/de\/produkt\/decke-fuer-autositz-beige-tauben\/#primaryimage\"},\"image\":{\"@id\":\"https:\/\/www.petitelaure.com\/de\/produkt\/decke-fuer-autositz-beige-tauben\/#primaryimage\"},\"thumbnailUrl\":\"https:\/\/www.petitelaure.com\/wp-content\/uploads\/2022\/09\/IMG_0822.jpg\",\"datePublished\":\"2023-09-29T07:27:55+00:00\",\"breadcrumb\":{\"@id\":\"https:\/\/www.petitelaure.com\/de\/produkt\/decke-fuer-autositz-beige-tauben\/#breadcrumb\"},\"inLanguage\":\"de\",\"potentialAction\":[{\"@type\":\"ReadAction\",\"target\":[\"https:\/\/www.petitelaure.com\/de\/produkt\/decke-fuer-autositz-beige-tauben\/\"]}]},{\"@type\":\"ImageObject\",\"inLanguage\":\"de\",\"@id\":\"https:\/\/www.petitelaure.com\/de\/produkt\/decke-fuer-autositz-beige-tauben\/#primaryimage\",\"url\":\"https:\/\/www.petitelaure.com\/wp-content\/uploads\/2022\/09\/IMG_0822.jpg\",\"contentUrl\":\"https:\/\/www.petitelaure.com\/wp-content\/uploads\/2022\/09\/IMG_0822.jpg\",\"width\":1024,\"height\":1280},{\"@type\":\"BreadcrumbList\",\"@id\":\"https:\/\/www.petitelaure.com\/de\/produkt\/decke-fuer-autositz-beige-tauben\/#breadcrumb\",\"itemListElement\":[{\"@type\":\"ListItem\",\"position\":1,\"name\":\"Strona g\u0142\u00f3wna\",\"item\":\"https:\/\/www.petitelaure.com\/de\/\"},{\"@type\":\"ListItem\",\"position\":2,\"name\":\"Shop\",\"item\":\"https:\/\/www.petitelaure.com\/shop\/\"},{\"@type\":\"ListItem\",\"position\":3,\"name\":\"Decke f\u00fcr Autositz Beige Tauben\"}]},{\"@type\":\"WebSite\",\"@id\":\"https:\/\/www.petitelaure.com\/de\/#website\",\"url\":\"https:\/\/www.petitelaure.com\/de\/\",\"name\":\"petitelaure.com\",\"description\":\"\",\"potentialAction\":[{\"@type\":\"SearchAction\",\"target\":{\"@type\":\"EntryPoint\",\"urlTemplate\":\"https:\/\/www.petitelaure.com\/de\/?s={search_term_string}\"},\"query-input\":{\"@type\":\"PropertyValueSpecification\",\"valueRequired\":true,\"valueName\":\"search_term_string\"}}],\"inLanguage\":\"de\"}]}<\/script>\n<!-- \/ Yoast SEO plugin. -->","yoast_head_json":{"title":"Decke f\u00fcr Autositz Beige Tauben - petitelaure.com","robots":{"index":"index","follow":"follow","max-snippet":"max-snippet:-1","max-image-preview":"max-image-preview:large","max-video-preview":"max-video-preview:-1"},"canonical":"https:\/\/www.petitelaure.com\/de\/produkt\/decke-fuer-autositz-beige-tauben\/","og_locale":"de_DE","og_type":"article","og_title":"Decke f\u00fcr Autositz Beige Tauben - petitelaure.com","og_description":"Decke f\u00fcr Autositz Die Decke hat eine Universalgr\u00f6\u00dfe und passt f\u00fcr Autositze und Kinderwagen mit 3- und 5-Punkt-Gurt. Abmessungen: 95 x 110 cm (+\/- 2 cm) PFLEGEMETHODE: Waschen bei 30\u00b0, max. 800 Schleuderumdrehungen Nur Baumwollstoffe bei mittlerer B\u00fcgeltemperatur max. b\u00fcgeln. bis 110\u00b0, Samtseite nicht b\u00fcgeln Reinige chemisch nicht nicht im Trockner trocknen Getrennt waschen Benutzen [...]","og_url":"https:\/\/www.petitelaure.com\/de\/produkt\/decke-fuer-autositz-beige-tauben\/","og_site_name":"petitelaure.com","og_image":[{"width":1024,"height":1280,"url":"https:\/\/www.petitelaure.com\/wp-content\/uploads\/2022\/09\/IMG_0822.jpg","type":"image\/jpeg"}],"twitter_card":"summary_large_image","twitter_misc":{"Gesch\u00e4tzte Lesezeit":"1\u00a0Minute"},"schema":{"@context":"https:\/\/schema.org","@graph":[{"@type":"WebPage","@id":"https:\/\/www.petitelaure.com\/de\/produkt\/decke-fuer-autositz-beige-tauben\/","url":"https:\/\/www.petitelaure.com\/de\/produkt\/decke-fuer-autositz-beige-tauben\/","name":"Decke f\u00fcr Autositz Beige Tauben - petitelaure.com","isPartOf":{"@id":"https:\/\/www.petitelaure.com\/de\/#website"},"primaryImageOfPage":{"@id":"https:\/\/www.petitelaure.com\/de\/produkt\/decke-fuer-autositz-beige-tauben\/#primaryimage"},"image":{"@id":"https:\/\/www.petitelaure.com\/de\/produkt\/decke-fuer-autositz-beige-tauben\/#primaryimage"},"thumbnailUrl":"https:\/\/www.petitelaure.com\/wp-content\/uploads\/2022\/09\/IMG_0822.jpg","datePublished":"2023-09-29T07:27:55+00:00","breadcrumb":{"@id":"https:\/\/www.petitelaure.com\/de\/produkt\/decke-fuer-autositz-beige-tauben\/#breadcrumb"},"inLanguage":"de","potentialAction":[{"@type":"ReadAction","target":["https:\/\/www.petitelaure.com\/de\/produkt\/decke-fuer-autositz-beige-tauben\/"]}]},{"@type":"ImageObject","inLanguage":"de","@id":"https:\/\/www.petitelaure.com\/de\/produkt\/decke-fuer-autositz-beige-tauben\/#primaryimage","url":"https:\/\/www.petitelaure.com\/wp-content\/uploads\/2022\/09\/IMG_0822.jpg","contentUrl":"https:\/\/www.petitelaure.com\/wp-content\/uploads\/2022\/09\/IMG_0822.jpg","width":1024,"height":1280},{"@type":"BreadcrumbList","@id":"https:\/\/www.petitelaure.com\/de\/produkt\/decke-fuer-autositz-beige-tauben\/#breadcrumb","itemListElement":[{"@type":"ListItem","position":1,"name":"Strona g\u0142\u00f3wna","item":"https:\/\/www.petitelaure.com\/de\/"},{"@type":"ListItem","position":2,"name":"Shop","item":"https:\/\/www.petitelaure.com\/shop\/"},{"@type":"ListItem","position":3,"name":"Decke f\u00fcr Autositz Beige Tauben"}]},{"@type":"WebSite","@id":"https:\/\/www.petitelaure.com\/de\/#website","url":"https:\/\/www.petitelaure.com\/de\/","name":"petitelaure.com","description":"","potentialAction":[{"@type":"SearchAction","target":{"@type":"EntryPoint","urlTemplate":"https:\/\/www.petitelaure.com\/de\/?s={search_term_string}"},"query-input":{"@type":"PropertyValueSpecification","valueRequired":true,"valueName":"search_term_string"}}],"inLanguage":"de"}]}},"_links":{"self":[{"href":"https:\/\/www.petitelaure.com\/de\/wp-json\/wp\/v2\/product\/10802","targetHints":{"allow":["GET"]}}],"collection":[{"href":"https:\/\/www.petitelaure.com\/de\/wp-json\/wp\/v2\/product"}],"about":[{"href":"https:\/\/www.petitelaure.com\/de\/wp-json\/wp\/v2\/types\/product"}],"replies":[{"embeddable":true,"href":"https:\/\/www.petitelaure.com\/de\/wp-json\/wp\/v2\/comments?post=10802"}],"wp:featuredmedia":[{"embeddable":true,"href":"https:\/\/www.petitelaure.com\/de\/wp-json\/wp\/v2\/media\/10157"}],"wp:attachment":[{"href":"https:\/\/www.petitelaure.com\/de\/wp-json\/wp\/v2\/media?parent=10802"}],"wp:term":[{"taxonomy":"product_brand","embeddable":true,"href":"https:\/\/www.petitelaure.com\/de\/wp-json\/wp\/v2\/product_brand?post=10802"},{"taxonomy":"product_cat","embeddable":true,"href":"https:\/\/www.petitelaure.com\/de\/wp-json\/wp\/v2\/product_cat?post=10802"},{"taxonomy":"product_tag","embeddable":true,"href":"https:\/\/www.petitelaure.com\/de\/wp-json\/wp\/v2\/product_tag?post=10802"}],"curies":[{"name":"wp","href":"https:\/\/api.w.org\/{rel}","templated":true}]}}