{"id":10798,"date":"2023-02-08T08:49:01","date_gmt":"2023-09-29T06:46:37","guid":{"rendered":"https:\/\/www.petitelaure.com\/?post_type=product&#038;p=10798"},"modified":"2023-09-29T08:46:37","modified_gmt":"2023-09-29T06:46:37","slug":"merino-baby-decke-creme","status":"publish","type":"product","link":"https:\/\/www.petitelaure.com\/de\/produkt\/merino-baby-decke-creme\/","title":{"rendered":"Decke Merino 100% Creme"},"content":{"rendered":"<p>Die Merinodecke ist eine warme, sehr zarte und angenehm weiche Strickdecke f\u00fcr Kleinkinder aus 100% feiner neuseel\u00e4ndischer Merinowolle. Merinofasern haben eine besondere, komplexe Struktur, die sich \u00e4hnlich wie unsere Haut verh\u00e4lt: Sie k\u00fchlt und w\u00e4rmt den K\u00f6rper je nach Bedarf auf nat\u00fcrliche Weise. Im Sommer gibt sie dem Kind ein k\u00fchlendes Gef\u00fchl, w\u00e4hrend sie im Winter den K\u00f6rper sehr gut w\u00e4rmt. Merinowolle hat au\u00dferdem die F\u00e4higkeit, Feuchtigkeit abzuleiten und bildet keinen N\u00e4hrboden f\u00fcr Bakterien, Milben und Pilze, die oft die Ursache f\u00fcr Allergien sind. Die Decke hat eine sch\u00f6ne, moderne, flauschige Webart. Sie eignet sich sowohl f\u00fcr Spazierg\u00e4nge als auch f\u00fcr zu Hause und garantiert ein bequemes und au\u00dfergew\u00f6hnlich weiches Einwickeln. Das Produkt wird in Polen hergestellt.<\/p>\n<ul>\n<li>Waschen in einer Waschmaschine, bei einer Temperatur von nicht mehr als 30 \u00b0, einem sanften Wollwaschprogramm &#8211; max. 400 Rotationsrevolutionen,<\/li>\n<li>Das Produkt besteht aus einem sehr empfindlichen Garn mit einem einzigartigen Gewebe, daher stellen die Enlisten w\u00e4hrend der Verwendung keine Gr\u00fcnde f\u00fcr Beschwerden dar.<\/li>\n<li>Nicht b\u00fcgeln.<\/li>\n<li>Trocknen Sie keinen Trommeltrockner oder eine direkte W\u00e4rmequelle (K\u00fchler, Unterbodenheizung). Wir empfehlen, flach zu trocknen.<\/li>\n<li>Waschen im Waschen des Waschens Merinowolle oder in einer Fl\u00fcssigkeit mit Lanolin.<\/li>\n<li>Waschen Sie nicht mit rauen Dingen oder Produkten mit scharfen Elementen, die dazu f\u00fchren k\u00f6nnen, dass es genommen oder booten wird.<\/li>\n<li>Nach dem Waschen wird die Decke am besten mit den H\u00e4nden gebrochen und bilden die Form leicht dehnbar.<\/li>\n<li>Verwenden Sie keine Bleichmittel.<\/li>\n<li>Nicht von Hand waschen.<\/li>\n<li>Es wird empfohlen, vor der ersten Verwendung gem\u00e4\u00df den Anweisungen auf dem Etikett zu waschen.<\/li>\n<\/ul>\n<p>&nbsp;<\/p>\n","protected":false},"excerpt":{"rendered":"<p>Die Merinodecke ist eine warme, sehr zarte und angenehm weiche Strickdecke f\u00fcr Kleinkinder aus 100% feiner neuseel\u00e4ndischer Merinowolle. Merinofasern haben eine besondere, komplexe Struktur, die sich \u00e4hnlich wie unsere Haut verh\u00e4lt: Sie k\u00fchlt und w\u00e4rmt den K\u00f6rper je nach Bedarf auf nat\u00fcrliche Weise. Im Sommer gibt sie dem Kind ein k\u00fchlendes Gef\u00fchl, w\u00e4hrend sie im [&#8230;]\n","protected":false},"featured_media":10285,"comment_status":"open","ping_status":"closed","template":"","meta":[],"product_brand":[],"product_cat":[373,463],"product_tag":[],"class_list":{"0":"post-10798","1":"product","2":"type-product","3":"status-publish","4":"has-post-thumbnail","6":"product_cat-babydecke","7":"product_cat-merino-decke","9":"first","10":"instock","11":"shipping-taxable","12":"purchasable","13":"product-type-simple"},"yoast_head":"<!-- This site is optimized with the Yoast SEO plugin v26.9 - https:\/\/yoast.com\/product\/yoast-seo-wordpress\/ -->\n<title>Decke Merino 100% Creme - petitelaure.com<\/title>\n<meta name=\"robots\" content=\"index, follow, max-snippet:-1, max-image-preview:large, max-video-preview:-1\" \/>\n<link rel=\"canonical\" href=\"https:\/\/www.petitelaure.com\/de\/produkt\/merino-baby-decke-creme\/\" \/>\n<meta property=\"og:locale\" content=\"de_DE\" \/>\n<meta property=\"og:type\" content=\"article\" \/>\n<meta property=\"og:title\" content=\"Decke Merino 100% Creme - petitelaure.com\" \/>\n<meta property=\"og:description\" content=\"Die Merinodecke ist eine warme, sehr zarte und angenehm weiche Strickdecke f\u00fcr Kleinkinder aus 100% feiner neuseel\u00e4ndischer Merinowolle. Merinofasern haben eine besondere, komplexe Struktur, die sich \u00e4hnlich wie unsere Haut verh\u00e4lt: Sie k\u00fchlt und w\u00e4rmt den K\u00f6rper je nach Bedarf auf nat\u00fcrliche Weise. Im Sommer gibt sie dem Kind ein k\u00fchlendes Gef\u00fchl, w\u00e4hrend sie im [...]\" \/>\n<meta property=\"og:url\" content=\"https:\/\/www.petitelaure.com\/de\/produkt\/merino-baby-decke-creme\/\" \/>\n<meta property=\"og:site_name\" content=\"petitelaure.com\" \/>\n<meta property=\"og:image\" content=\"https:\/\/www.petitelaure.com\/wp-content\/uploads\/2023\/02\/4X0A9368-scaled.jpg\" \/>\n\t<meta property=\"og:image:width\" content=\"2560\" \/>\n\t<meta property=\"og:image:height\" content=\"1707\" \/>\n\t<meta property=\"og:image:type\" content=\"image\/jpeg\" \/>\n<meta name=\"twitter:card\" content=\"summary_large_image\" \/>\n<meta name=\"twitter:label1\" content=\"Gesch\u00e4tzte Lesezeit\" \/>\n\t<meta name=\"twitter:data1\" content=\"2\u00a0Minuten\" \/>\n<script type=\"application\/ld+json\" class=\"yoast-schema-graph\">{\"@context\":\"https:\/\/schema.org\",\"@graph\":[{\"@type\":\"WebPage\",\"@id\":\"https:\/\/www.petitelaure.com\/de\/produkt\/merino-baby-decke-creme\/\",\"url\":\"https:\/\/www.petitelaure.com\/de\/produkt\/merino-baby-decke-creme\/\",\"name\":\"Decke Merino 100% Creme - petitelaure.com\",\"isPartOf\":{\"@id\":\"https:\/\/www.petitelaure.com\/de\/#website\"},\"primaryImageOfPage\":{\"@id\":\"https:\/\/www.petitelaure.com\/de\/produkt\/merino-baby-decke-creme\/#primaryimage\"},\"image\":{\"@id\":\"https:\/\/www.petitelaure.com\/de\/produkt\/merino-baby-decke-creme\/#primaryimage\"},\"thumbnailUrl\":\"https:\/\/www.petitelaure.com\/wp-content\/uploads\/2023\/02\/4X0A9368-scaled.jpg\",\"datePublished\":\"2023-09-29T06:46:37+00:00\",\"breadcrumb\":{\"@id\":\"https:\/\/www.petitelaure.com\/de\/produkt\/merino-baby-decke-creme\/#breadcrumb\"},\"inLanguage\":\"de\",\"potentialAction\":[{\"@type\":\"ReadAction\",\"target\":[\"https:\/\/www.petitelaure.com\/de\/produkt\/merino-baby-decke-creme\/\"]}]},{\"@type\":\"ImageObject\",\"inLanguage\":\"de\",\"@id\":\"https:\/\/www.petitelaure.com\/de\/produkt\/merino-baby-decke-creme\/#primaryimage\",\"url\":\"https:\/\/www.petitelaure.com\/wp-content\/uploads\/2023\/02\/4X0A9368-scaled.jpg\",\"contentUrl\":\"https:\/\/www.petitelaure.com\/wp-content\/uploads\/2023\/02\/4X0A9368-scaled.jpg\",\"width\":2560,\"height\":1707,\"caption\":\"kocyk do Chrztu we\u0142na merino\"},{\"@type\":\"BreadcrumbList\",\"@id\":\"https:\/\/www.petitelaure.com\/de\/produkt\/merino-baby-decke-creme\/#breadcrumb\",\"itemListElement\":[{\"@type\":\"ListItem\",\"position\":1,\"name\":\"Strona g\u0142\u00f3wna\",\"item\":\"https:\/\/www.petitelaure.com\/de\/\"},{\"@type\":\"ListItem\",\"position\":2,\"name\":\"Shop\",\"item\":\"https:\/\/www.petitelaure.com\/shop\/\"},{\"@type\":\"ListItem\",\"position\":3,\"name\":\"Decke Merino 100% Creme\"}]},{\"@type\":\"WebSite\",\"@id\":\"https:\/\/www.petitelaure.com\/de\/#website\",\"url\":\"https:\/\/www.petitelaure.com\/de\/\",\"name\":\"petitelaure.com\",\"description\":\"\",\"potentialAction\":[{\"@type\":\"SearchAction\",\"target\":{\"@type\":\"EntryPoint\",\"urlTemplate\":\"https:\/\/www.petitelaure.com\/de\/?s={search_term_string}\"},\"query-input\":{\"@type\":\"PropertyValueSpecification\",\"valueRequired\":true,\"valueName\":\"search_term_string\"}}],\"inLanguage\":\"de\"}]}<\/script>\n<!-- \/ Yoast SEO plugin. -->","yoast_head_json":{"title":"Decke Merino 100% Creme - petitelaure.com","robots":{"index":"index","follow":"follow","max-snippet":"max-snippet:-1","max-image-preview":"max-image-preview:large","max-video-preview":"max-video-preview:-1"},"canonical":"https:\/\/www.petitelaure.com\/de\/produkt\/merino-baby-decke-creme\/","og_locale":"de_DE","og_type":"article","og_title":"Decke Merino 100% Creme - petitelaure.com","og_description":"Die Merinodecke ist eine warme, sehr zarte und angenehm weiche Strickdecke f\u00fcr Kleinkinder aus 100% feiner neuseel\u00e4ndischer Merinowolle. Merinofasern haben eine besondere, komplexe Struktur, die sich \u00e4hnlich wie unsere Haut verh\u00e4lt: Sie k\u00fchlt und w\u00e4rmt den K\u00f6rper je nach Bedarf auf nat\u00fcrliche Weise. Im Sommer gibt sie dem Kind ein k\u00fchlendes Gef\u00fchl, w\u00e4hrend sie im [...]","og_url":"https:\/\/www.petitelaure.com\/de\/produkt\/merino-baby-decke-creme\/","og_site_name":"petitelaure.com","og_image":[{"width":2560,"height":1707,"url":"https:\/\/www.petitelaure.com\/wp-content\/uploads\/2023\/02\/4X0A9368-scaled.jpg","type":"image\/jpeg"}],"twitter_card":"summary_large_image","twitter_misc":{"Gesch\u00e4tzte Lesezeit":"2\u00a0Minuten"},"schema":{"@context":"https:\/\/schema.org","@graph":[{"@type":"WebPage","@id":"https:\/\/www.petitelaure.com\/de\/produkt\/merino-baby-decke-creme\/","url":"https:\/\/www.petitelaure.com\/de\/produkt\/merino-baby-decke-creme\/","name":"Decke Merino 100% Creme - petitelaure.com","isPartOf":{"@id":"https:\/\/www.petitelaure.com\/de\/#website"},"primaryImageOfPage":{"@id":"https:\/\/www.petitelaure.com\/de\/produkt\/merino-baby-decke-creme\/#primaryimage"},"image":{"@id":"https:\/\/www.petitelaure.com\/de\/produkt\/merino-baby-decke-creme\/#primaryimage"},"thumbnailUrl":"https:\/\/www.petitelaure.com\/wp-content\/uploads\/2023\/02\/4X0A9368-scaled.jpg","datePublished":"2023-09-29T06:46:37+00:00","breadcrumb":{"@id":"https:\/\/www.petitelaure.com\/de\/produkt\/merino-baby-decke-creme\/#breadcrumb"},"inLanguage":"de","potentialAction":[{"@type":"ReadAction","target":["https:\/\/www.petitelaure.com\/de\/produkt\/merino-baby-decke-creme\/"]}]},{"@type":"ImageObject","inLanguage":"de","@id":"https:\/\/www.petitelaure.com\/de\/produkt\/merino-baby-decke-creme\/#primaryimage","url":"https:\/\/www.petitelaure.com\/wp-content\/uploads\/2023\/02\/4X0A9368-scaled.jpg","contentUrl":"https:\/\/www.petitelaure.com\/wp-content\/uploads\/2023\/02\/4X0A9368-scaled.jpg","width":2560,"height":1707,"caption":"kocyk do Chrztu we\u0142na merino"},{"@type":"BreadcrumbList","@id":"https:\/\/www.petitelaure.com\/de\/produkt\/merino-baby-decke-creme\/#breadcrumb","itemListElement":[{"@type":"ListItem","position":1,"name":"Strona g\u0142\u00f3wna","item":"https:\/\/www.petitelaure.com\/de\/"},{"@type":"ListItem","position":2,"name":"Shop","item":"https:\/\/www.petitelaure.com\/shop\/"},{"@type":"ListItem","position":3,"name":"Decke Merino 100% Creme"}]},{"@type":"WebSite","@id":"https:\/\/www.petitelaure.com\/de\/#website","url":"https:\/\/www.petitelaure.com\/de\/","name":"petitelaure.com","description":"","potentialAction":[{"@type":"SearchAction","target":{"@type":"EntryPoint","urlTemplate":"https:\/\/www.petitelaure.com\/de\/?s={search_term_string}"},"query-input":{"@type":"PropertyValueSpecification","valueRequired":true,"valueName":"search_term_string"}}],"inLanguage":"de"}]}},"_links":{"self":[{"href":"https:\/\/www.petitelaure.com\/de\/wp-json\/wp\/v2\/product\/10798","targetHints":{"allow":["GET"]}}],"collection":[{"href":"https:\/\/www.petitelaure.com\/de\/wp-json\/wp\/v2\/product"}],"about":[{"href":"https:\/\/www.petitelaure.com\/de\/wp-json\/wp\/v2\/types\/product"}],"replies":[{"embeddable":true,"href":"https:\/\/www.petitelaure.com\/de\/wp-json\/wp\/v2\/comments?post=10798"}],"wp:featuredmedia":[{"embeddable":true,"href":"https:\/\/www.petitelaure.com\/de\/wp-json\/wp\/v2\/media\/10285"}],"wp:attachment":[{"href":"https:\/\/www.petitelaure.com\/de\/wp-json\/wp\/v2\/media?parent=10798"}],"wp:term":[{"taxonomy":"product_brand","embeddable":true,"href":"https:\/\/www.petitelaure.com\/de\/wp-json\/wp\/v2\/product_brand?post=10798"},{"taxonomy":"product_cat","embeddable":true,"href":"https:\/\/www.petitelaure.com\/de\/wp-json\/wp\/v2\/product_cat?post=10798"},{"taxonomy":"product_tag","embeddable":true,"href":"https:\/\/www.petitelaure.com\/de\/wp-json\/wp\/v2\/product_tag?post=10798"}],"curies":[{"name":"wp","href":"https:\/\/api.w.org\/{rel}","templated":true}]}}