{"id":10588,"date":"2022-09-08T11:04:11","date_gmt":"2023-09-05T21:35:26","guid":{"rendered":"https:\/\/www.petitelaure.com\/?post_type=product&#038;p=10588"},"modified":"2023-09-05T23:36:23","modified_gmt":"2023-09-05T21:36:23","slug":"baby-nesthen-beige-tauben","status":"publish","type":"product","link":"https:\/\/www.petitelaure.com\/de\/produkt\/baby-nesthen-beige-tauben\/","title":{"rendered":"Baby Nesthen Beige Tauben"},"content":{"rendered":"<p><strong>BABY NESTCHEN &#8211; DIE WICHTIGSTEN EIGENSCHAFTEN<\/strong><\/p>\n<ul>\n<li>Ein Nestchen f\u00fcr ein Baby, auch als Babynest, dient in erster Linie dazu, ein Baby zu sichern, w\u00e4hrend es mit den Eltern schl\u00e4ft. Das Baby ist unter der Decke vor Quetschen, Ersticken und Verlust gesch\u00fctzt. Das Baby liegt in einer sicheren Zone, die von einem Babykokon eingez\u00e4unt ist, so dass es gut schlafen kann.<\/li>\n<li>Ein Baby Nestchen Kokon ist auch ein bequemer SWADDLE. Seine R\u00e4nder verengen den Raum des Babys und geben ihm das Gef\u00fchl, eingewickelt und nahe zu sein &#8211; so sicher wie im Bauch seiner Mutter.<\/li>\n<li>Ein Baby Kokon ist perfekt als REDUZIERER f\u00fcr ein Kinderbett. Babys, die in einem nestchen schlafen, lernen, unabh\u00e4ngig zu schlafen und ihr Zielbett schneller zu akzeptieren. Dies ist eine Funktion, die V\u00e4ter besonders sch\u00e4tzen.<\/li>\n<li>Ein Kuschelnest\u00a0Baby ist eine tragbare Wiege, die Sie \u00fcberall hin mitnehmen k\u00f6nnen &#8211; in ein anderes Zimmer, auf die Terrasse, f\u00fcr einen Familienausflug oder f\u00fcr einen l\u00e4ngeren Urlaub. Ihr Kind wird einen Ort haben, den er kennt und mag. Ein Baby, das in einem Babynestchen schl\u00e4ft, f\u00fchlt sich auch au\u00dferhalb des Hauses zu HauseMaterialien:\u00a0100%Baumwolle\n<p id=\"tw-target-text\" class=\"tw-data-text tw-text-large XcVN5d tw-ta\" dir=\"ltr\" data-placeholder=\"T\u0142umaczenie\">F\u00fcllung: Klasse I, antiallergisch, 100% Polyester<\/p>\n<p><strong>Oeko-Tex Standard 100 zertifizierte F\u00fcllung und Material.<\/strong><\/p>\n<p>Waschen: vollst\u00e4ndig in der Waschmaschine, 30 Grad, max. 800 U \/ min drehen<\/p>\n<p>&nbsp;<\/li>\n<\/ul>\n<p>&nbsp;<\/p>\n","protected":false},"excerpt":{"rendered":"<p>BABY NESTCHEN &#8211; DIE WICHTIGSTEN EIGENSCHAFTEN Ein Nestchen f\u00fcr ein Baby, auch als Babynest, dient in erster Linie dazu, ein Baby zu sichern, w\u00e4hrend es mit den Eltern schl\u00e4ft. Das Baby ist unter der Decke vor Quetschen, Ersticken und Verlust gesch\u00fctzt. Das Baby liegt in einer sicheren Zone, die von einem Babykokon eingez\u00e4unt ist, so [&#8230;]\n","protected":false},"featured_media":10129,"comment_status":"open","ping_status":"closed","template":"","meta":[],"product_brand":[],"product_cat":[458,216,376],"product_tag":[],"class_list":{"0":"post-10588","1":"product","2":"type-product","3":"status-publish","4":"has-post-thumbnail","6":"product_cat-babykokons-nester","7":"product_cat-kokony-gniazda-niemowlece","8":"product_cat-nestchen-and-babyumschlag","10":"first","11":"instock","12":"sold-individually","13":"shipping-taxable","14":"purchasable","15":"product-type-simple"},"yoast_head":"<!-- This site is optimized with the Yoast SEO plugin v26.9 - https:\/\/yoast.com\/product\/yoast-seo-wordpress\/ -->\n<title>Baby Nesthen Beige Tauben - petitelaure.com<\/title>\n<meta name=\"description\" content=\"Ein Nestchen f\u00fcr ein Baby, auch als Babynest, dient in erster Linie dazu, ein Baby zu sichern, w\u00e4hrend es mit den Eltern schl\u00e4ft. Das Baby ist unter der Decke vor Quetschen, Ersticken und Verlust gesch\u00fctzt. Das Baby liegt in einer sicheren Zone, die von einem Babykokon eingez\u00e4unt ist, so dass es gut schlafen kann.\" \/>\n<meta name=\"robots\" content=\"index, follow, max-snippet:-1, max-image-preview:large, max-video-preview:-1\" \/>\n<link rel=\"canonical\" href=\"https:\/\/www.petitelaure.com\/de\/produkt\/baby-nesthen-beige-tauben\/\" \/>\n<meta property=\"og:locale\" content=\"de_DE\" \/>\n<meta property=\"og:type\" content=\"article\" \/>\n<meta property=\"og:title\" content=\"Baby Nesthen Beige Tauben - petitelaure.com\" \/>\n<meta property=\"og:description\" content=\"Ein Nestchen f\u00fcr ein Baby, auch als Babynest, dient in erster Linie dazu, ein Baby zu sichern, w\u00e4hrend es mit den Eltern schl\u00e4ft. Das Baby ist unter der Decke vor Quetschen, Ersticken und Verlust gesch\u00fctzt. Das Baby liegt in einer sicheren Zone, die von einem Babykokon eingez\u00e4unt ist, so dass es gut schlafen kann.\" \/>\n<meta property=\"og:url\" content=\"https:\/\/www.petitelaure.com\/de\/produkt\/baby-nesthen-beige-tauben\/\" \/>\n<meta property=\"og:site_name\" content=\"petitelaure.com\" \/>\n<meta property=\"article:modified_time\" content=\"2023-09-05T21:36:23+00:00\" \/>\n<meta property=\"og:image\" content=\"https:\/\/www.petitelaure.com\/wp-content\/uploads\/2022\/09\/4X0A0129.jpg\" \/>\n\t<meta property=\"og:image:width\" content=\"2000\" \/>\n\t<meta property=\"og:image:height\" content=\"2500\" \/>\n\t<meta property=\"og:image:type\" content=\"image\/jpeg\" \/>\n<meta name=\"twitter:card\" content=\"summary_large_image\" \/>\n<meta name=\"twitter:label1\" content=\"Gesch\u00e4tzte Lesezeit\" \/>\n\t<meta name=\"twitter:data1\" content=\"1\u00a0Minute\" \/>\n<script type=\"application\/ld+json\" class=\"yoast-schema-graph\">{\"@context\":\"https:\/\/schema.org\",\"@graph\":[{\"@type\":\"WebPage\",\"@id\":\"https:\/\/www.petitelaure.com\/de\/produkt\/baby-nesthen-beige-tauben\/\",\"url\":\"https:\/\/www.petitelaure.com\/de\/produkt\/baby-nesthen-beige-tauben\/\",\"name\":\"Baby Nesthen Beige Tauben - petitelaure.com\",\"isPartOf\":{\"@id\":\"https:\/\/www.petitelaure.com\/de\/#website\"},\"primaryImageOfPage\":{\"@id\":\"https:\/\/www.petitelaure.com\/de\/produkt\/baby-nesthen-beige-tauben\/#primaryimage\"},\"image\":{\"@id\":\"https:\/\/www.petitelaure.com\/de\/produkt\/baby-nesthen-beige-tauben\/#primaryimage\"},\"thumbnailUrl\":\"https:\/\/www.petitelaure.com\/wp-content\/uploads\/2022\/09\/4X0A0129.jpg\",\"datePublished\":\"2023-09-05T21:35:26+00:00\",\"dateModified\":\"2023-09-05T21:36:23+00:00\",\"description\":\"Ein Nestchen f\u00fcr ein Baby, auch als Babynest, dient in erster Linie dazu, ein Baby zu sichern, w\u00e4hrend es mit den Eltern schl\u00e4ft. Das Baby ist unter der Decke vor Quetschen, Ersticken und Verlust gesch\u00fctzt. Das Baby liegt in einer sicheren Zone, die von einem Babykokon eingez\u00e4unt ist, so dass es gut schlafen kann.\",\"breadcrumb\":{\"@id\":\"https:\/\/www.petitelaure.com\/de\/produkt\/baby-nesthen-beige-tauben\/#breadcrumb\"},\"inLanguage\":\"de\",\"potentialAction\":[{\"@type\":\"ReadAction\",\"target\":[\"https:\/\/www.petitelaure.com\/de\/produkt\/baby-nesthen-beige-tauben\/\"]}]},{\"@type\":\"ImageObject\",\"inLanguage\":\"de\",\"@id\":\"https:\/\/www.petitelaure.com\/de\/produkt\/baby-nesthen-beige-tauben\/#primaryimage\",\"url\":\"https:\/\/www.petitelaure.com\/wp-content\/uploads\/2022\/09\/4X0A0129.jpg\",\"contentUrl\":\"https:\/\/www.petitelaure.com\/wp-content\/uploads\/2022\/09\/4X0A0129.jpg\",\"width\":2000,\"height\":2500},{\"@type\":\"BreadcrumbList\",\"@id\":\"https:\/\/www.petitelaure.com\/de\/produkt\/baby-nesthen-beige-tauben\/#breadcrumb\",\"itemListElement\":[{\"@type\":\"ListItem\",\"position\":1,\"name\":\"Strona g\u0142\u00f3wna\",\"item\":\"https:\/\/www.petitelaure.com\/de\/\"},{\"@type\":\"ListItem\",\"position\":2,\"name\":\"Shop\",\"item\":\"https:\/\/www.petitelaure.com\/shop\/\"},{\"@type\":\"ListItem\",\"position\":3,\"name\":\"Baby Nesthen Beige Tauben\"}]},{\"@type\":\"WebSite\",\"@id\":\"https:\/\/www.petitelaure.com\/de\/#website\",\"url\":\"https:\/\/www.petitelaure.com\/de\/\",\"name\":\"petitelaure.com\",\"description\":\"\",\"potentialAction\":[{\"@type\":\"SearchAction\",\"target\":{\"@type\":\"EntryPoint\",\"urlTemplate\":\"https:\/\/www.petitelaure.com\/de\/?s={search_term_string}\"},\"query-input\":{\"@type\":\"PropertyValueSpecification\",\"valueRequired\":true,\"valueName\":\"search_term_string\"}}],\"inLanguage\":\"de\"}]}<\/script>\n<!-- \/ Yoast SEO plugin. -->","yoast_head_json":{"title":"Baby Nesthen Beige Tauben - petitelaure.com","description":"Ein Nestchen f\u00fcr ein Baby, auch als Babynest, dient in erster Linie dazu, ein Baby zu sichern, w\u00e4hrend es mit den Eltern schl\u00e4ft. Das Baby ist unter der Decke vor Quetschen, Ersticken und Verlust gesch\u00fctzt. Das Baby liegt in einer sicheren Zone, die von einem Babykokon eingez\u00e4unt ist, so dass es gut schlafen kann.","robots":{"index":"index","follow":"follow","max-snippet":"max-snippet:-1","max-image-preview":"max-image-preview:large","max-video-preview":"max-video-preview:-1"},"canonical":"https:\/\/www.petitelaure.com\/de\/produkt\/baby-nesthen-beige-tauben\/","og_locale":"de_DE","og_type":"article","og_title":"Baby Nesthen Beige Tauben - petitelaure.com","og_description":"Ein Nestchen f\u00fcr ein Baby, auch als Babynest, dient in erster Linie dazu, ein Baby zu sichern, w\u00e4hrend es mit den Eltern schl\u00e4ft. Das Baby ist unter der Decke vor Quetschen, Ersticken und Verlust gesch\u00fctzt. Das Baby liegt in einer sicheren Zone, die von einem Babykokon eingez\u00e4unt ist, so dass es gut schlafen kann.","og_url":"https:\/\/www.petitelaure.com\/de\/produkt\/baby-nesthen-beige-tauben\/","og_site_name":"petitelaure.com","article_modified_time":"2023-09-05T21:36:23+00:00","og_image":[{"width":2000,"height":2500,"url":"https:\/\/www.petitelaure.com\/wp-content\/uploads\/2022\/09\/4X0A0129.jpg","type":"image\/jpeg"}],"twitter_card":"summary_large_image","twitter_misc":{"Gesch\u00e4tzte Lesezeit":"1\u00a0Minute"},"schema":{"@context":"https:\/\/schema.org","@graph":[{"@type":"WebPage","@id":"https:\/\/www.petitelaure.com\/de\/produkt\/baby-nesthen-beige-tauben\/","url":"https:\/\/www.petitelaure.com\/de\/produkt\/baby-nesthen-beige-tauben\/","name":"Baby Nesthen Beige Tauben - petitelaure.com","isPartOf":{"@id":"https:\/\/www.petitelaure.com\/de\/#website"},"primaryImageOfPage":{"@id":"https:\/\/www.petitelaure.com\/de\/produkt\/baby-nesthen-beige-tauben\/#primaryimage"},"image":{"@id":"https:\/\/www.petitelaure.com\/de\/produkt\/baby-nesthen-beige-tauben\/#primaryimage"},"thumbnailUrl":"https:\/\/www.petitelaure.com\/wp-content\/uploads\/2022\/09\/4X0A0129.jpg","datePublished":"2023-09-05T21:35:26+00:00","dateModified":"2023-09-05T21:36:23+00:00","description":"Ein Nestchen f\u00fcr ein Baby, auch als Babynest, dient in erster Linie dazu, ein Baby zu sichern, w\u00e4hrend es mit den Eltern schl\u00e4ft. Das Baby ist unter der Decke vor Quetschen, Ersticken und Verlust gesch\u00fctzt. Das Baby liegt in einer sicheren Zone, die von einem Babykokon eingez\u00e4unt ist, so dass es gut schlafen kann.","breadcrumb":{"@id":"https:\/\/www.petitelaure.com\/de\/produkt\/baby-nesthen-beige-tauben\/#breadcrumb"},"inLanguage":"de","potentialAction":[{"@type":"ReadAction","target":["https:\/\/www.petitelaure.com\/de\/produkt\/baby-nesthen-beige-tauben\/"]}]},{"@type":"ImageObject","inLanguage":"de","@id":"https:\/\/www.petitelaure.com\/de\/produkt\/baby-nesthen-beige-tauben\/#primaryimage","url":"https:\/\/www.petitelaure.com\/wp-content\/uploads\/2022\/09\/4X0A0129.jpg","contentUrl":"https:\/\/www.petitelaure.com\/wp-content\/uploads\/2022\/09\/4X0A0129.jpg","width":2000,"height":2500},{"@type":"BreadcrumbList","@id":"https:\/\/www.petitelaure.com\/de\/produkt\/baby-nesthen-beige-tauben\/#breadcrumb","itemListElement":[{"@type":"ListItem","position":1,"name":"Strona g\u0142\u00f3wna","item":"https:\/\/www.petitelaure.com\/de\/"},{"@type":"ListItem","position":2,"name":"Shop","item":"https:\/\/www.petitelaure.com\/shop\/"},{"@type":"ListItem","position":3,"name":"Baby Nesthen Beige Tauben"}]},{"@type":"WebSite","@id":"https:\/\/www.petitelaure.com\/de\/#website","url":"https:\/\/www.petitelaure.com\/de\/","name":"petitelaure.com","description":"","potentialAction":[{"@type":"SearchAction","target":{"@type":"EntryPoint","urlTemplate":"https:\/\/www.petitelaure.com\/de\/?s={search_term_string}"},"query-input":{"@type":"PropertyValueSpecification","valueRequired":true,"valueName":"search_term_string"}}],"inLanguage":"de"}]}},"_links":{"self":[{"href":"https:\/\/www.petitelaure.com\/de\/wp-json\/wp\/v2\/product\/10588","targetHints":{"allow":["GET"]}}],"collection":[{"href":"https:\/\/www.petitelaure.com\/de\/wp-json\/wp\/v2\/product"}],"about":[{"href":"https:\/\/www.petitelaure.com\/de\/wp-json\/wp\/v2\/types\/product"}],"replies":[{"embeddable":true,"href":"https:\/\/www.petitelaure.com\/de\/wp-json\/wp\/v2\/comments?post=10588"}],"wp:featuredmedia":[{"embeddable":true,"href":"https:\/\/www.petitelaure.com\/de\/wp-json\/wp\/v2\/media\/10129"}],"wp:attachment":[{"href":"https:\/\/www.petitelaure.com\/de\/wp-json\/wp\/v2\/media?parent=10588"}],"wp:term":[{"taxonomy":"product_brand","embeddable":true,"href":"https:\/\/www.petitelaure.com\/de\/wp-json\/wp\/v2\/product_brand?post=10588"},{"taxonomy":"product_cat","embeddable":true,"href":"https:\/\/www.petitelaure.com\/de\/wp-json\/wp\/v2\/product_cat?post=10588"},{"taxonomy":"product_tag","embeddable":true,"href":"https:\/\/www.petitelaure.com\/de\/wp-json\/wp\/v2\/product_tag?post=10588"}],"curies":[{"name":"wp","href":"https:\/\/api.w.org\/{rel}","templated":true}]}}