{"id":10436,"date":"2021-12-05T00:51:04","date_gmt":"2023-07-18T21:00:51","guid":{"rendered":"https:\/\/www.petitelaure.com\/?post_type=product&#038;p=10436"},"modified":"2023-07-18T23:00:51","modified_gmt":"2023-07-18T21:00:51","slug":"schlafsack-blaue-tauben-0-3-monate","status":"publish","type":"product","link":"https:\/\/www.petitelaure.com\/de\/produkt\/schlafsack-blaue-tauben-0-3-monate\/","title":{"rendered":"Schlafsack Blaue Tauben 0-3 Monate"},"content":{"rendered":"<p>Schlafsack, der maximalen Komfort und Sicherheit f\u00fcr Ihr Baby bietet. Es ist sehr wichtig, dass dem Baby nicht zu kalt oder zu hei\u00df ist, weshalb der Schlafsack aus 100% hochwertiger Baumwolle besteht und mit silikonhaltigem, luftigem Vlies gef\u00fcllt ist. Die Oberseite des Schlafsacks ist mit Druckkn\u00f6pfen befestigt, die nachts leicht ge\u00f6ffnet und wieder geschlossen werden k\u00f6nnen. An der Unterseite des Schlafsacks befindet sich ein Rei\u00dfverschluss, der das Wickeln des Babys erleichtert, ohne es aus dem Schlaf zu st\u00f6ren.<\/p>\n<p><strong>Waschen und Pfleg<\/strong><\/p>\n<ul>\n<li>Waschen in einer Waschmaschine bei 30 \u00b0, einem heiklen Programm &#8211; max. 800 Rotationsrevolutionen.<\/li>\n<li>Nur Baumwollgewebe bei Temperaturen von bis zu 110 \u00b0 impliziert.<\/li>\n<li>Verwenden Sie keine Bleichmittel.<\/li>\n<li>Nicht von Hand waschen.<\/li>\n<li>In einem Trommeltrockner nicht trocknen. Wir empfehlen, flach zu trocknen.<\/li>\n<li>Es wird empfohlen, vor der ersten Verwendung gem\u00e4\u00df den Anweisungen auf dem Etikett zu waschen.<\/li>\n<\/ul>\n<p>&nbsp;<\/p>\n","protected":false},"excerpt":{"rendered":"<p>Schlafsack, der maximalen Komfort und Sicherheit f\u00fcr Ihr Baby bietet. Es ist sehr wichtig, dass dem Baby nicht zu kalt oder zu hei\u00df ist, weshalb der Schlafsack aus 100% hochwertiger Baumwolle besteht und mit silikonhaltigem, luftigem Vlies gef\u00fcllt ist. Die Oberseite des Schlafsacks ist mit Druckkn\u00f6pfen befestigt, die nachts leicht ge\u00f6ffnet und wieder geschlossen werden [&#8230;]\n","protected":false},"featured_media":8931,"comment_status":"open","ping_status":"closed","template":"","meta":[],"product_brand":[],"product_cat":[483,216,491],"product_tag":[],"class_list":{"0":"post-10436","1":"product","2":"type-product","3":"status-publish","4":"has-post-thumbnail","6":"product_cat-kissen-bettwaesche-schlafsaecke","7":"product_cat-kokony-gniazda-niemowlece","8":"product_cat-schlafsack","10":"first","11":"outofstock","12":"shipping-taxable","13":"purchasable","14":"product-type-simple"},"yoast_head":"<!-- This site is optimized with the Yoast SEO plugin v26.9 - https:\/\/yoast.com\/product\/yoast-seo-wordpress\/ -->\n<title>Schlafsack Blaue Tauben 0-3 Monate - petitelaure.com<\/title>\n<meta name=\"description\" content=\"Schlafsack, der maximalen Komfort und Sicherheit f\u00fcr Ihr Baby bietet. Es ist sehr wichtig, dass dem Baby nicht zu kalt oder zu hei\u00df ist, weshalb der Schlafsack aus 100% hochwertiger Baumwolle besteht und mit silikonhaltigem, luftigem Vlies gef\u00fcllt ist. Die Oberseite des Schlafsacks ist mit Druckkn\u00f6pfen befestigt, die nachts leicht ge\u00f6ffnet und wieder geschlossen werden k\u00f6nnen. An der Unterseite des Schlafsacks befindet sich ein Rei\u00dfverschluss, der das Wickeln des Babys erleichtert, ohne es aus dem Schlaf zu st\u00f6ren.\" \/>\n<meta name=\"robots\" content=\"index, follow, max-snippet:-1, max-image-preview:large, max-video-preview:-1\" \/>\n<link rel=\"canonical\" href=\"https:\/\/www.petitelaure.com\/de\/produkt\/schlafsack-blaue-tauben-0-3-monate\/\" \/>\n<meta property=\"og:locale\" content=\"de_DE\" \/>\n<meta property=\"og:type\" content=\"article\" \/>\n<meta property=\"og:title\" content=\"Schlafsack Blaue Tauben 0-3 Monate - petitelaure.com\" \/>\n<meta property=\"og:description\" content=\"Schlafsack, der maximalen Komfort und Sicherheit f\u00fcr Ihr Baby bietet. Es ist sehr wichtig, dass dem Baby nicht zu kalt oder zu hei\u00df ist, weshalb der Schlafsack aus 100% hochwertiger Baumwolle besteht und mit silikonhaltigem, luftigem Vlies gef\u00fcllt ist. Die Oberseite des Schlafsacks ist mit Druckkn\u00f6pfen befestigt, die nachts leicht ge\u00f6ffnet und wieder geschlossen werden k\u00f6nnen. An der Unterseite des Schlafsacks befindet sich ein Rei\u00dfverschluss, der das Wickeln des Babys erleichtert, ohne es aus dem Schlaf zu st\u00f6ren.\" \/>\n<meta property=\"og:url\" content=\"https:\/\/www.petitelaure.com\/de\/produkt\/schlafsack-blaue-tauben-0-3-monate\/\" \/>\n<meta property=\"og:site_name\" content=\"petitelaure.com\" \/>\n<meta property=\"og:image\" content=\"https:\/\/www.petitelaure.com\/wp-content\/uploads\/2021\/09\/4X0A8797v-2-scaled.jpg\" \/>\n\t<meta property=\"og:image:width\" content=\"1707\" \/>\n\t<meta property=\"og:image:height\" content=\"2560\" \/>\n\t<meta property=\"og:image:type\" content=\"image\/jpeg\" \/>\n<meta name=\"twitter:card\" content=\"summary_large_image\" \/>\n<meta name=\"twitter:label1\" content=\"Gesch\u00e4tzte Lesezeit\" \/>\n\t<meta name=\"twitter:data1\" content=\"1\u00a0Minute\" \/>\n<script type=\"application\/ld+json\" class=\"yoast-schema-graph\">{\"@context\":\"https:\/\/schema.org\",\"@graph\":[{\"@type\":\"WebPage\",\"@id\":\"https:\/\/www.petitelaure.com\/de\/produkt\/schlafsack-blaue-tauben-0-3-monate\/\",\"url\":\"https:\/\/www.petitelaure.com\/de\/produkt\/schlafsack-blaue-tauben-0-3-monate\/\",\"name\":\"Schlafsack Blaue Tauben 0-3 Monate - petitelaure.com\",\"isPartOf\":{\"@id\":\"https:\/\/www.petitelaure.com\/de\/#website\"},\"primaryImageOfPage\":{\"@id\":\"https:\/\/www.petitelaure.com\/de\/produkt\/schlafsack-blaue-tauben-0-3-monate\/#primaryimage\"},\"image\":{\"@id\":\"https:\/\/www.petitelaure.com\/de\/produkt\/schlafsack-blaue-tauben-0-3-monate\/#primaryimage\"},\"thumbnailUrl\":\"https:\/\/www.petitelaure.com\/wp-content\/uploads\/2021\/09\/4X0A8797v-2-scaled.jpg\",\"datePublished\":\"2023-07-18T21:00:51+00:00\",\"description\":\"Schlafsack, der maximalen Komfort und Sicherheit f\u00fcr Ihr Baby bietet. Es ist sehr wichtig, dass dem Baby nicht zu kalt oder zu hei\u00df ist, weshalb der Schlafsack aus 100% hochwertiger Baumwolle besteht und mit silikonhaltigem, luftigem Vlies gef\u00fcllt ist. Die Oberseite des Schlafsacks ist mit Druckkn\u00f6pfen befestigt, die nachts leicht ge\u00f6ffnet und wieder geschlossen werden k\u00f6nnen. An der Unterseite des Schlafsacks befindet sich ein Rei\u00dfverschluss, der das Wickeln des Babys erleichtert, ohne es aus dem Schlaf zu st\u00f6ren.\",\"breadcrumb\":{\"@id\":\"https:\/\/www.petitelaure.com\/de\/produkt\/schlafsack-blaue-tauben-0-3-monate\/#breadcrumb\"},\"inLanguage\":\"de\",\"potentialAction\":[{\"@type\":\"ReadAction\",\"target\":[\"https:\/\/www.petitelaure.com\/de\/produkt\/schlafsack-blaue-tauben-0-3-monate\/\"]}]},{\"@type\":\"ImageObject\",\"inLanguage\":\"de\",\"@id\":\"https:\/\/www.petitelaure.com\/de\/produkt\/schlafsack-blaue-tauben-0-3-monate\/#primaryimage\",\"url\":\"https:\/\/www.petitelaure.com\/wp-content\/uploads\/2021\/09\/4X0A8797v-2-scaled.jpg\",\"contentUrl\":\"https:\/\/www.petitelaure.com\/wp-content\/uploads\/2021\/09\/4X0A8797v-2-scaled.jpg\",\"width\":1707,\"height\":2560},{\"@type\":\"BreadcrumbList\",\"@id\":\"https:\/\/www.petitelaure.com\/de\/produkt\/schlafsack-blaue-tauben-0-3-monate\/#breadcrumb\",\"itemListElement\":[{\"@type\":\"ListItem\",\"position\":1,\"name\":\"Strona g\u0142\u00f3wna\",\"item\":\"https:\/\/www.petitelaure.com\/de\/\"},{\"@type\":\"ListItem\",\"position\":2,\"name\":\"Shop\",\"item\":\"https:\/\/www.petitelaure.com\/shop\/\"},{\"@type\":\"ListItem\",\"position\":3,\"name\":\"Schlafsack Blaue Tauben 0-3 Monate\"}]},{\"@type\":\"WebSite\",\"@id\":\"https:\/\/www.petitelaure.com\/de\/#website\",\"url\":\"https:\/\/www.petitelaure.com\/de\/\",\"name\":\"petitelaure.com\",\"description\":\"\",\"potentialAction\":[{\"@type\":\"SearchAction\",\"target\":{\"@type\":\"EntryPoint\",\"urlTemplate\":\"https:\/\/www.petitelaure.com\/de\/?s={search_term_string}\"},\"query-input\":{\"@type\":\"PropertyValueSpecification\",\"valueRequired\":true,\"valueName\":\"search_term_string\"}}],\"inLanguage\":\"de\"}]}<\/script>\n<!-- \/ Yoast SEO plugin. -->","yoast_head_json":{"title":"Schlafsack Blaue Tauben 0-3 Monate - petitelaure.com","description":"Schlafsack, der maximalen Komfort und Sicherheit f\u00fcr Ihr Baby bietet. Es ist sehr wichtig, dass dem Baby nicht zu kalt oder zu hei\u00df ist, weshalb der Schlafsack aus 100% hochwertiger Baumwolle besteht und mit silikonhaltigem, luftigem Vlies gef\u00fcllt ist. Die Oberseite des Schlafsacks ist mit Druckkn\u00f6pfen befestigt, die nachts leicht ge\u00f6ffnet und wieder geschlossen werden k\u00f6nnen. An der Unterseite des Schlafsacks befindet sich ein Rei\u00dfverschluss, der das Wickeln des Babys erleichtert, ohne es aus dem Schlaf zu st\u00f6ren.","robots":{"index":"index","follow":"follow","max-snippet":"max-snippet:-1","max-image-preview":"max-image-preview:large","max-video-preview":"max-video-preview:-1"},"canonical":"https:\/\/www.petitelaure.com\/de\/produkt\/schlafsack-blaue-tauben-0-3-monate\/","og_locale":"de_DE","og_type":"article","og_title":"Schlafsack Blaue Tauben 0-3 Monate - petitelaure.com","og_description":"Schlafsack, der maximalen Komfort und Sicherheit f\u00fcr Ihr Baby bietet. Es ist sehr wichtig, dass dem Baby nicht zu kalt oder zu hei\u00df ist, weshalb der Schlafsack aus 100% hochwertiger Baumwolle besteht und mit silikonhaltigem, luftigem Vlies gef\u00fcllt ist. Die Oberseite des Schlafsacks ist mit Druckkn\u00f6pfen befestigt, die nachts leicht ge\u00f6ffnet und wieder geschlossen werden k\u00f6nnen. An der Unterseite des Schlafsacks befindet sich ein Rei\u00dfverschluss, der das Wickeln des Babys erleichtert, ohne es aus dem Schlaf zu st\u00f6ren.","og_url":"https:\/\/www.petitelaure.com\/de\/produkt\/schlafsack-blaue-tauben-0-3-monate\/","og_site_name":"petitelaure.com","og_image":[{"width":1707,"height":2560,"url":"https:\/\/www.petitelaure.com\/wp-content\/uploads\/2021\/09\/4X0A8797v-2-scaled.jpg","type":"image\/jpeg"}],"twitter_card":"summary_large_image","twitter_misc":{"Gesch\u00e4tzte Lesezeit":"1\u00a0Minute"},"schema":{"@context":"https:\/\/schema.org","@graph":[{"@type":"WebPage","@id":"https:\/\/www.petitelaure.com\/de\/produkt\/schlafsack-blaue-tauben-0-3-monate\/","url":"https:\/\/www.petitelaure.com\/de\/produkt\/schlafsack-blaue-tauben-0-3-monate\/","name":"Schlafsack Blaue Tauben 0-3 Monate - petitelaure.com","isPartOf":{"@id":"https:\/\/www.petitelaure.com\/de\/#website"},"primaryImageOfPage":{"@id":"https:\/\/www.petitelaure.com\/de\/produkt\/schlafsack-blaue-tauben-0-3-monate\/#primaryimage"},"image":{"@id":"https:\/\/www.petitelaure.com\/de\/produkt\/schlafsack-blaue-tauben-0-3-monate\/#primaryimage"},"thumbnailUrl":"https:\/\/www.petitelaure.com\/wp-content\/uploads\/2021\/09\/4X0A8797v-2-scaled.jpg","datePublished":"2023-07-18T21:00:51+00:00","description":"Schlafsack, der maximalen Komfort und Sicherheit f\u00fcr Ihr Baby bietet. Es ist sehr wichtig, dass dem Baby nicht zu kalt oder zu hei\u00df ist, weshalb der Schlafsack aus 100% hochwertiger Baumwolle besteht und mit silikonhaltigem, luftigem Vlies gef\u00fcllt ist. Die Oberseite des Schlafsacks ist mit Druckkn\u00f6pfen befestigt, die nachts leicht ge\u00f6ffnet und wieder geschlossen werden k\u00f6nnen. An der Unterseite des Schlafsacks befindet sich ein Rei\u00dfverschluss, der das Wickeln des Babys erleichtert, ohne es aus dem Schlaf zu st\u00f6ren.","breadcrumb":{"@id":"https:\/\/www.petitelaure.com\/de\/produkt\/schlafsack-blaue-tauben-0-3-monate\/#breadcrumb"},"inLanguage":"de","potentialAction":[{"@type":"ReadAction","target":["https:\/\/www.petitelaure.com\/de\/produkt\/schlafsack-blaue-tauben-0-3-monate\/"]}]},{"@type":"ImageObject","inLanguage":"de","@id":"https:\/\/www.petitelaure.com\/de\/produkt\/schlafsack-blaue-tauben-0-3-monate\/#primaryimage","url":"https:\/\/www.petitelaure.com\/wp-content\/uploads\/2021\/09\/4X0A8797v-2-scaled.jpg","contentUrl":"https:\/\/www.petitelaure.com\/wp-content\/uploads\/2021\/09\/4X0A8797v-2-scaled.jpg","width":1707,"height":2560},{"@type":"BreadcrumbList","@id":"https:\/\/www.petitelaure.com\/de\/produkt\/schlafsack-blaue-tauben-0-3-monate\/#breadcrumb","itemListElement":[{"@type":"ListItem","position":1,"name":"Strona g\u0142\u00f3wna","item":"https:\/\/www.petitelaure.com\/de\/"},{"@type":"ListItem","position":2,"name":"Shop","item":"https:\/\/www.petitelaure.com\/shop\/"},{"@type":"ListItem","position":3,"name":"Schlafsack Blaue Tauben 0-3 Monate"}]},{"@type":"WebSite","@id":"https:\/\/www.petitelaure.com\/de\/#website","url":"https:\/\/www.petitelaure.com\/de\/","name":"petitelaure.com","description":"","potentialAction":[{"@type":"SearchAction","target":{"@type":"EntryPoint","urlTemplate":"https:\/\/www.petitelaure.com\/de\/?s={search_term_string}"},"query-input":{"@type":"PropertyValueSpecification","valueRequired":true,"valueName":"search_term_string"}}],"inLanguage":"de"}]}},"_links":{"self":[{"href":"https:\/\/www.petitelaure.com\/de\/wp-json\/wp\/v2\/product\/10436","targetHints":{"allow":["GET"]}}],"collection":[{"href":"https:\/\/www.petitelaure.com\/de\/wp-json\/wp\/v2\/product"}],"about":[{"href":"https:\/\/www.petitelaure.com\/de\/wp-json\/wp\/v2\/types\/product"}],"replies":[{"embeddable":true,"href":"https:\/\/www.petitelaure.com\/de\/wp-json\/wp\/v2\/comments?post=10436"}],"wp:featuredmedia":[{"embeddable":true,"href":"https:\/\/www.petitelaure.com\/de\/wp-json\/wp\/v2\/media\/8931"}],"wp:attachment":[{"href":"https:\/\/www.petitelaure.com\/de\/wp-json\/wp\/v2\/media?parent=10436"}],"wp:term":[{"taxonomy":"product_brand","embeddable":true,"href":"https:\/\/www.petitelaure.com\/de\/wp-json\/wp\/v2\/product_brand?post=10436"},{"taxonomy":"product_cat","embeddable":true,"href":"https:\/\/www.petitelaure.com\/de\/wp-json\/wp\/v2\/product_cat?post=10436"},{"taxonomy":"product_tag","embeddable":true,"href":"https:\/\/www.petitelaure.com\/de\/wp-json\/wp\/v2\/product_tag?post=10436"}],"curies":[{"name":"wp","href":"https:\/\/api.w.org\/{rel}","templated":true}]}}