{"id":10413,"date":"2021-09-05T00:36:55","date_gmt":"2023-07-18T20:20:32","guid":{"rendered":"https:\/\/www.petitelaure.com\/?post_type=product&#038;p=10413"},"modified":"2023-07-18T22:20:32","modified_gmt":"2023-07-18T20:20:32","slug":"babyumschlag-blaue-tauben","status":"publish","type":"product","link":"https:\/\/www.petitelaure.com\/de\/produkt\/babyumschlag-blaue-tauben\/","title":{"rendered":"Babyumschlag Blaue Tauben"},"content":{"rendered":"<p class=\"page-title\"><span class=\"base\" data-ui-id=\"page-title-wrapper\">Babyumschlag Blaue Tauben<\/span><\/p>\n<p>Ein klassisches und bezauberndes Babyh\u00f6rnchen, das Ihr Baby ab dem Tag der Geburt umh\u00fcllt. Die H\u00f6rnchen geben dem Baby das Gef\u00fchl von Geborgenheit wie in Mamas Bauch, beruhigen das Baby und erleichtern ihm das Einschlafen. Es ist aus hochwertigster Baumwolle gefertigt und mit zwei F\u00fcllschichten gef\u00fcllt. Die erste Schicht ist eine Standard-H\u00f6rnchenf\u00fcllung, die steif genug ist, um das Baby von den ersten Momenten an sicher und fest zu halten. Die zweite Schicht ist viel d\u00fcnner und luftiger, damit es f\u00fcr das Baby bequemer ist. In das H\u00f6rnchen sind au\u00dferdem B\u00e4nder eingen\u00e4ht, die es erm\u00f6glichen, die Gr\u00f6\u00dfe zu verstellen.<\/p>\n<p><strong>Waschen und Pfleg<\/strong><\/p>\n<ul>\n<li>Waschen in einer Waschmaschine bei 30 \u00b0, einem heiklen Programm &#8211; max. 800 Rotationsrevolutionen.<\/li>\n<li>Nur Baumwollgewebe bei Temperaturen von bis zu 110 \u00b0 impliziert.<\/li>\n<li>Verwenden Sie keine Bleichmittel.<\/li>\n<li>Nicht von Hand waschen.<\/li>\n<li>In einem Trommeltrockner nicht trocknen. Wir empfehlen, flach zu trocknen.<\/li>\n<li>Legen Sie das gewaschene Produkt nicht f\u00fcr zu langes Sonnenlicht frei.<\/li>\n<li>Es wird empfohlen, vor der ersten Verwendung gem\u00e4\u00df den Anweisungen auf dem Etikett zu waschen.<\/li>\n<\/ul>\n<p>&nbsp;<\/p>\n","protected":false},"excerpt":{"rendered":"<p>Babyumschlag Blaue Tauben Ein klassisches und bezauberndes Babyh\u00f6rnchen, das Ihr Baby ab dem Tag der Geburt umh\u00fcllt. Die H\u00f6rnchen geben dem Baby das Gef\u00fchl von Geborgenheit wie in Mamas Bauch, beruhigen das Baby und erleichtern ihm das Einschlafen. Es ist aus hochwertigster Baumwolle gefertigt und mit zwei F\u00fcllschichten gef\u00fcllt. Die erste Schicht ist eine Standard-H\u00f6rnchenf\u00fcllung, [&#8230;]\n","protected":false},"featured_media":8969,"comment_status":"open","ping_status":"closed","template":"","meta":[],"product_brand":[],"product_cat":[459],"product_tag":[],"class_list":{"0":"post-10413","1":"product","2":"type-product","3":"status-publish","4":"has-post-thumbnail","6":"product_cat-babywindeln-babydecken","8":"first","9":"instock","10":"shipping-taxable","11":"purchasable","12":"product-type-simple"},"yoast_head":"<!-- This site is optimized with the Yoast SEO plugin v26.9 - https:\/\/yoast.com\/product\/yoast-seo-wordpress\/ -->\n<title>Babyumschlag Blaue Tauben - petitelaure.com<\/title>\n<meta name=\"description\" content=\"Ein klassisches und bezauberndes Babyh\u00f6rnchen, das Ihr Baby ab dem Tag der Geburt umh\u00fcllt. Die H\u00f6rnchen geben dem Baby das Gef\u00fchl von Geborgenheit wie in Mamas Bauch, beruhigen das Baby und erleichtern ihm das Einschlafen. Es ist aus hochwertigster Baumwolle gefertigt und mit zwei F\u00fcllschichten gef\u00fcllt. Die erste Schicht ist eine Standard-H\u00f6rnchenf\u00fcllung, die steif genug ist, um das Baby von den ersten Momenten an sicher und fest zu halten. Die zweite Schicht ist viel d\u00fcnner und luftiger, damit es f\u00fcr das Baby bequemer ist. In das H\u00f6rnchen sind au\u00dferdem B\u00e4nder eingen\u00e4ht, die es erm\u00f6glichen, die Gr\u00f6\u00dfe zu verstellen.\" \/>\n<meta name=\"robots\" content=\"index, follow, max-snippet:-1, max-image-preview:large, max-video-preview:-1\" \/>\n<link rel=\"canonical\" href=\"https:\/\/www.petitelaure.com\/de\/produkt\/babyumschlag-blaue-tauben\/\" \/>\n<meta property=\"og:locale\" content=\"de_DE\" \/>\n<meta property=\"og:type\" content=\"article\" \/>\n<meta property=\"og:title\" content=\"Babyumschlag Blaue Tauben - petitelaure.com\" \/>\n<meta property=\"og:description\" content=\"Ein klassisches und bezauberndes Babyh\u00f6rnchen, das Ihr Baby ab dem Tag der Geburt umh\u00fcllt. Die H\u00f6rnchen geben dem Baby das Gef\u00fchl von Geborgenheit wie in Mamas Bauch, beruhigen das Baby und erleichtern ihm das Einschlafen. Es ist aus hochwertigster Baumwolle gefertigt und mit zwei F\u00fcllschichten gef\u00fcllt. Die erste Schicht ist eine Standard-H\u00f6rnchenf\u00fcllung, die steif genug ist, um das Baby von den ersten Momenten an sicher und fest zu halten. Die zweite Schicht ist viel d\u00fcnner und luftiger, damit es f\u00fcr das Baby bequemer ist. In das H\u00f6rnchen sind au\u00dferdem B\u00e4nder eingen\u00e4ht, die es erm\u00f6glichen, die Gr\u00f6\u00dfe zu verstellen.\" \/>\n<meta property=\"og:url\" content=\"https:\/\/www.petitelaure.com\/de\/produkt\/babyumschlag-blaue-tauben\/\" \/>\n<meta property=\"og:site_name\" content=\"petitelaure.com\" \/>\n<meta property=\"og:image\" content=\"https:\/\/www.petitelaure.com\/wp-content\/uploads\/2021\/09\/4X0A8703v-scaled.jpg\" \/>\n\t<meta property=\"og:image:width\" content=\"1708\" \/>\n\t<meta property=\"og:image:height\" content=\"2560\" \/>\n\t<meta property=\"og:image:type\" content=\"image\/jpeg\" \/>\n<meta name=\"twitter:card\" content=\"summary_large_image\" \/>\n<meta name=\"twitter:label1\" content=\"Gesch\u00e4tzte Lesezeit\" \/>\n\t<meta name=\"twitter:data1\" content=\"1\u00a0Minute\" \/>\n<script type=\"application\/ld+json\" class=\"yoast-schema-graph\">{\"@context\":\"https:\/\/schema.org\",\"@graph\":[{\"@type\":\"WebPage\",\"@id\":\"https:\/\/www.petitelaure.com\/de\/produkt\/babyumschlag-blaue-tauben\/\",\"url\":\"https:\/\/www.petitelaure.com\/de\/produkt\/babyumschlag-blaue-tauben\/\",\"name\":\"Babyumschlag Blaue Tauben - petitelaure.com\",\"isPartOf\":{\"@id\":\"https:\/\/www.petitelaure.com\/de\/#website\"},\"primaryImageOfPage\":{\"@id\":\"https:\/\/www.petitelaure.com\/de\/produkt\/babyumschlag-blaue-tauben\/#primaryimage\"},\"image\":{\"@id\":\"https:\/\/www.petitelaure.com\/de\/produkt\/babyumschlag-blaue-tauben\/#primaryimage\"},\"thumbnailUrl\":\"https:\/\/www.petitelaure.com\/wp-content\/uploads\/2021\/09\/4X0A8703v-scaled.jpg\",\"datePublished\":\"2023-07-18T20:20:32+00:00\",\"description\":\"Ein klassisches und bezauberndes Babyh\u00f6rnchen, das Ihr Baby ab dem Tag der Geburt umh\u00fcllt. Die H\u00f6rnchen geben dem Baby das Gef\u00fchl von Geborgenheit wie in Mamas Bauch, beruhigen das Baby und erleichtern ihm das Einschlafen. Es ist aus hochwertigster Baumwolle gefertigt und mit zwei F\u00fcllschichten gef\u00fcllt. Die erste Schicht ist eine Standard-H\u00f6rnchenf\u00fcllung, die steif genug ist, um das Baby von den ersten Momenten an sicher und fest zu halten. Die zweite Schicht ist viel d\u00fcnner und luftiger, damit es f\u00fcr das Baby bequemer ist. In das H\u00f6rnchen sind au\u00dferdem B\u00e4nder eingen\u00e4ht, die es erm\u00f6glichen, die Gr\u00f6\u00dfe zu verstellen.\",\"breadcrumb\":{\"@id\":\"https:\/\/www.petitelaure.com\/de\/produkt\/babyumschlag-blaue-tauben\/#breadcrumb\"},\"inLanguage\":\"de\",\"potentialAction\":[{\"@type\":\"ReadAction\",\"target\":[\"https:\/\/www.petitelaure.com\/de\/produkt\/babyumschlag-blaue-tauben\/\"]}]},{\"@type\":\"ImageObject\",\"inLanguage\":\"de\",\"@id\":\"https:\/\/www.petitelaure.com\/de\/produkt\/babyumschlag-blaue-tauben\/#primaryimage\",\"url\":\"https:\/\/www.petitelaure.com\/wp-content\/uploads\/2021\/09\/4X0A8703v-scaled.jpg\",\"contentUrl\":\"https:\/\/www.petitelaure.com\/wp-content\/uploads\/2021\/09\/4X0A8703v-scaled.jpg\",\"width\":1708,\"height\":2560},{\"@type\":\"BreadcrumbList\",\"@id\":\"https:\/\/www.petitelaure.com\/de\/produkt\/babyumschlag-blaue-tauben\/#breadcrumb\",\"itemListElement\":[{\"@type\":\"ListItem\",\"position\":1,\"name\":\"Strona g\u0142\u00f3wna\",\"item\":\"https:\/\/www.petitelaure.com\/de\/\"},{\"@type\":\"ListItem\",\"position\":2,\"name\":\"Shop\",\"item\":\"https:\/\/www.petitelaure.com\/shop\/\"},{\"@type\":\"ListItem\",\"position\":3,\"name\":\"Babyumschlag Blaue Tauben\"}]},{\"@type\":\"WebSite\",\"@id\":\"https:\/\/www.petitelaure.com\/de\/#website\",\"url\":\"https:\/\/www.petitelaure.com\/de\/\",\"name\":\"petitelaure.com\",\"description\":\"\",\"potentialAction\":[{\"@type\":\"SearchAction\",\"target\":{\"@type\":\"EntryPoint\",\"urlTemplate\":\"https:\/\/www.petitelaure.com\/de\/?s={search_term_string}\"},\"query-input\":{\"@type\":\"PropertyValueSpecification\",\"valueRequired\":true,\"valueName\":\"search_term_string\"}}],\"inLanguage\":\"de\"}]}<\/script>\n<!-- \/ Yoast SEO plugin. -->","yoast_head_json":{"title":"Babyumschlag Blaue Tauben - petitelaure.com","description":"Ein klassisches und bezauberndes Babyh\u00f6rnchen, das Ihr Baby ab dem Tag der Geburt umh\u00fcllt. Die H\u00f6rnchen geben dem Baby das Gef\u00fchl von Geborgenheit wie in Mamas Bauch, beruhigen das Baby und erleichtern ihm das Einschlafen. Es ist aus hochwertigster Baumwolle gefertigt und mit zwei F\u00fcllschichten gef\u00fcllt. Die erste Schicht ist eine Standard-H\u00f6rnchenf\u00fcllung, die steif genug ist, um das Baby von den ersten Momenten an sicher und fest zu halten. Die zweite Schicht ist viel d\u00fcnner und luftiger, damit es f\u00fcr das Baby bequemer ist. In das H\u00f6rnchen sind au\u00dferdem B\u00e4nder eingen\u00e4ht, die es erm\u00f6glichen, die Gr\u00f6\u00dfe zu verstellen.","robots":{"index":"index","follow":"follow","max-snippet":"max-snippet:-1","max-image-preview":"max-image-preview:large","max-video-preview":"max-video-preview:-1"},"canonical":"https:\/\/www.petitelaure.com\/de\/produkt\/babyumschlag-blaue-tauben\/","og_locale":"de_DE","og_type":"article","og_title":"Babyumschlag Blaue Tauben - petitelaure.com","og_description":"Ein klassisches und bezauberndes Babyh\u00f6rnchen, das Ihr Baby ab dem Tag der Geburt umh\u00fcllt. Die H\u00f6rnchen geben dem Baby das Gef\u00fchl von Geborgenheit wie in Mamas Bauch, beruhigen das Baby und erleichtern ihm das Einschlafen. Es ist aus hochwertigster Baumwolle gefertigt und mit zwei F\u00fcllschichten gef\u00fcllt. Die erste Schicht ist eine Standard-H\u00f6rnchenf\u00fcllung, die steif genug ist, um das Baby von den ersten Momenten an sicher und fest zu halten. Die zweite Schicht ist viel d\u00fcnner und luftiger, damit es f\u00fcr das Baby bequemer ist. In das H\u00f6rnchen sind au\u00dferdem B\u00e4nder eingen\u00e4ht, die es erm\u00f6glichen, die Gr\u00f6\u00dfe zu verstellen.","og_url":"https:\/\/www.petitelaure.com\/de\/produkt\/babyumschlag-blaue-tauben\/","og_site_name":"petitelaure.com","og_image":[{"width":1708,"height":2560,"url":"https:\/\/www.petitelaure.com\/wp-content\/uploads\/2021\/09\/4X0A8703v-scaled.jpg","type":"image\/jpeg"}],"twitter_card":"summary_large_image","twitter_misc":{"Gesch\u00e4tzte Lesezeit":"1\u00a0Minute"},"schema":{"@context":"https:\/\/schema.org","@graph":[{"@type":"WebPage","@id":"https:\/\/www.petitelaure.com\/de\/produkt\/babyumschlag-blaue-tauben\/","url":"https:\/\/www.petitelaure.com\/de\/produkt\/babyumschlag-blaue-tauben\/","name":"Babyumschlag Blaue Tauben - petitelaure.com","isPartOf":{"@id":"https:\/\/www.petitelaure.com\/de\/#website"},"primaryImageOfPage":{"@id":"https:\/\/www.petitelaure.com\/de\/produkt\/babyumschlag-blaue-tauben\/#primaryimage"},"image":{"@id":"https:\/\/www.petitelaure.com\/de\/produkt\/babyumschlag-blaue-tauben\/#primaryimage"},"thumbnailUrl":"https:\/\/www.petitelaure.com\/wp-content\/uploads\/2021\/09\/4X0A8703v-scaled.jpg","datePublished":"2023-07-18T20:20:32+00:00","description":"Ein klassisches und bezauberndes Babyh\u00f6rnchen, das Ihr Baby ab dem Tag der Geburt umh\u00fcllt. Die H\u00f6rnchen geben dem Baby das Gef\u00fchl von Geborgenheit wie in Mamas Bauch, beruhigen das Baby und erleichtern ihm das Einschlafen. Es ist aus hochwertigster Baumwolle gefertigt und mit zwei F\u00fcllschichten gef\u00fcllt. Die erste Schicht ist eine Standard-H\u00f6rnchenf\u00fcllung, die steif genug ist, um das Baby von den ersten Momenten an sicher und fest zu halten. Die zweite Schicht ist viel d\u00fcnner und luftiger, damit es f\u00fcr das Baby bequemer ist. In das H\u00f6rnchen sind au\u00dferdem B\u00e4nder eingen\u00e4ht, die es erm\u00f6glichen, die Gr\u00f6\u00dfe zu verstellen.","breadcrumb":{"@id":"https:\/\/www.petitelaure.com\/de\/produkt\/babyumschlag-blaue-tauben\/#breadcrumb"},"inLanguage":"de","potentialAction":[{"@type":"ReadAction","target":["https:\/\/www.petitelaure.com\/de\/produkt\/babyumschlag-blaue-tauben\/"]}]},{"@type":"ImageObject","inLanguage":"de","@id":"https:\/\/www.petitelaure.com\/de\/produkt\/babyumschlag-blaue-tauben\/#primaryimage","url":"https:\/\/www.petitelaure.com\/wp-content\/uploads\/2021\/09\/4X0A8703v-scaled.jpg","contentUrl":"https:\/\/www.petitelaure.com\/wp-content\/uploads\/2021\/09\/4X0A8703v-scaled.jpg","width":1708,"height":2560},{"@type":"BreadcrumbList","@id":"https:\/\/www.petitelaure.com\/de\/produkt\/babyumschlag-blaue-tauben\/#breadcrumb","itemListElement":[{"@type":"ListItem","position":1,"name":"Strona g\u0142\u00f3wna","item":"https:\/\/www.petitelaure.com\/de\/"},{"@type":"ListItem","position":2,"name":"Shop","item":"https:\/\/www.petitelaure.com\/shop\/"},{"@type":"ListItem","position":3,"name":"Babyumschlag Blaue Tauben"}]},{"@type":"WebSite","@id":"https:\/\/www.petitelaure.com\/de\/#website","url":"https:\/\/www.petitelaure.com\/de\/","name":"petitelaure.com","description":"","potentialAction":[{"@type":"SearchAction","target":{"@type":"EntryPoint","urlTemplate":"https:\/\/www.petitelaure.com\/de\/?s={search_term_string}"},"query-input":{"@type":"PropertyValueSpecification","valueRequired":true,"valueName":"search_term_string"}}],"inLanguage":"de"}]}},"_links":{"self":[{"href":"https:\/\/www.petitelaure.com\/de\/wp-json\/wp\/v2\/product\/10413","targetHints":{"allow":["GET"]}}],"collection":[{"href":"https:\/\/www.petitelaure.com\/de\/wp-json\/wp\/v2\/product"}],"about":[{"href":"https:\/\/www.petitelaure.com\/de\/wp-json\/wp\/v2\/types\/product"}],"replies":[{"embeddable":true,"href":"https:\/\/www.petitelaure.com\/de\/wp-json\/wp\/v2\/comments?post=10413"}],"wp:featuredmedia":[{"embeddable":true,"href":"https:\/\/www.petitelaure.com\/de\/wp-json\/wp\/v2\/media\/8969"}],"wp:attachment":[{"href":"https:\/\/www.petitelaure.com\/de\/wp-json\/wp\/v2\/media?parent=10413"}],"wp:term":[{"taxonomy":"product_brand","embeddable":true,"href":"https:\/\/www.petitelaure.com\/de\/wp-json\/wp\/v2\/product_brand?post=10413"},{"taxonomy":"product_cat","embeddable":true,"href":"https:\/\/www.petitelaure.com\/de\/wp-json\/wp\/v2\/product_cat?post=10413"},{"taxonomy":"product_tag","embeddable":true,"href":"https:\/\/www.petitelaure.com\/de\/wp-json\/wp\/v2\/product_tag?post=10413"}],"curies":[{"name":"wp","href":"https:\/\/api.w.org\/{rel}","templated":true}]}}