{"id":10410,"date":"2022-06-13T18:00:24","date_gmt":"2023-07-18T19:58:39","guid":{"rendered":"https:\/\/www.petitelaure.com\/?post_type=product&#038;p=10410"},"modified":"2023-07-18T21:58:39","modified_gmt":"2023-07-18T19:58:39","slug":"babyumschlag-beige-tauben","status":"publish","type":"product","link":"https:\/\/www.petitelaure.com\/de\/produkt\/babyumschlag-beige-tauben\/","title":{"rendered":"Babyumschlag Beige Tauben"},"content":{"rendered":"<h1>Babyumschlag Beige Tauben<\/h1>\n<p>Ein klassisches und bezauberndes Babyh\u00f6rnchen, das Ihr Baby ab dem Tag der Geburt umh\u00fcllt. Die H\u00f6rnchen geben dem Baby das Gef\u00fchl von Geborgenheit wie in Mamas Bauch, beruhigen das Baby und erleichtern ihm das Einschlafen. Es ist aus hochwertigster Baumwolle gefertigt und mit zwei F\u00fcllschichten gef\u00fcllt. Die erste Schicht ist eine Standard-H\u00f6rnchenf\u00fcllung, die steif genug ist, um das Baby von den ersten Momenten an sicher und fest zu halten. Die zweite Schicht ist viel d\u00fcnner und luftiger, damit es f\u00fcr das Baby bequemer ist. In das H\u00f6rnchen sind au\u00dferdem B\u00e4nder eingen\u00e4ht, die es erm\u00f6glichen, die Gr\u00f6\u00dfe zu verstellen.<\/p>\n<p><strong>Waschen und Pflege<\/strong><\/p>\n<div id=\"product.attribute.wash_and_care\" class=\"data item content\" role=\"tabpanel\" aria-labelledby=\"tab-label-product.attribute.wash_and_care\" data-role=\"content\" aria-hidden=\"false\">\n<div class=\"product attribute wash_and_care\">\n<div class=\"value\">\n<ul>\n<li>Waschen in einer Waschmaschine bei 30 \u00b0, einem heiklen Programm &#8211; max. 800 Rotationsrevolutionen.<\/li>\n<li>Nur Baumwollgewebe bei Temperaturen von bis zu 110 \u00b0 impliziert.<\/li>\n<li>Verwenden Sie keine Bleichmittel.<\/li>\n<li>Nicht von Hand waschen.<\/li>\n<li>In einem Trommeltrockner nicht trocknen. Wir empfehlen, flach zu trocknen.<\/li>\n<li>Legen Sie das gewaschene Produkt nicht f\u00fcr zu langes Sonnenlicht frei.<\/li>\n<li>Es wird empfohlen, vor der ersten Verwendung gem\u00e4\u00df den Anweisungen auf dem Etikett zu waschen.<\/li>\n<\/ul>\n<\/div>\n<\/div>\n<\/div>\n<div class=\"related-products\">\n<div class=\"lm-product-slider-block block widget block-products-list grid\"><\/div>\n<\/div>\n<p>&nbsp;<\/p>\n","protected":false},"excerpt":{"rendered":"<p>Babyumschlag Beige Tauben Ein klassisches und bezauberndes Babyh\u00f6rnchen, das Ihr Baby ab dem Tag der Geburt umh\u00fcllt. Die H\u00f6rnchen geben dem Baby das Gef\u00fchl von Geborgenheit wie in Mamas Bauch, beruhigen das Baby und erleichtern ihm das Einschlafen. Es ist aus hochwertigster Baumwolle gefertigt und mit zwei F\u00fcllschichten gef\u00fcllt. Die erste Schicht ist eine Standard-H\u00f6rnchenf\u00fcllung, [&#8230;]\n","protected":false},"featured_media":10135,"comment_status":"open","ping_status":"closed","template":"","meta":[],"product_brand":[],"product_cat":[459],"product_tag":[],"class_list":{"0":"post-10410","1":"product","2":"type-product","3":"status-publish","4":"has-post-thumbnail","6":"product_cat-babywindeln-babydecken","8":"first","9":"instock","10":"shipping-taxable","11":"purchasable","12":"product-type-simple"},"yoast_head":"<!-- This site is optimized with the Yoast SEO plugin v26.9 - https:\/\/yoast.com\/product\/yoast-seo-wordpress\/ -->\n<title>Babyumschlag Beige Tauben - petitelaure.com<\/title>\n<meta name=\"description\" content=\"Ein klassisches und bezauberndes Babyh\u00f6rnchen, das Ihr Baby ab dem Tag der Geburt umh\u00fcllt. Die H\u00f6rnchen geben dem Baby das Gef\u00fchl von Geborgenheit wie in Mamas Bauch, beruhigen das Baby und erleichtern ihm das Einschlafen. Es ist aus hochwertigster Baumwolle gefertigt und mit zwei F\u00fcllschichten gef\u00fcllt. Die erste Schicht ist eine Standard-H\u00f6rnchenf\u00fcllung, die steif genug ist, um das Baby von den ersten Momenten an sicher und fest zu halten. Die zweite Schicht ist viel d\u00fcnner und luftiger, damit es f\u00fcr das Baby bequemer ist. In das H\u00f6rnchen sind au\u00dferdem B\u00e4nder eingen\u00e4ht, die es erm\u00f6glichen, die Gr\u00f6\u00dfe zu verstellen.\" \/>\n<meta name=\"robots\" content=\"index, follow, max-snippet:-1, max-image-preview:large, max-video-preview:-1\" \/>\n<link rel=\"canonical\" href=\"https:\/\/www.petitelaure.com\/de\/produkt\/babyumschlag-beige-tauben\/\" \/>\n<meta property=\"og:locale\" content=\"de_DE\" \/>\n<meta property=\"og:type\" content=\"article\" \/>\n<meta property=\"og:title\" content=\"Babyumschlag Beige Tauben - petitelaure.com\" \/>\n<meta property=\"og:description\" content=\"Ein klassisches und bezauberndes Babyh\u00f6rnchen, das Ihr Baby ab dem Tag der Geburt umh\u00fcllt. Die H\u00f6rnchen geben dem Baby das Gef\u00fchl von Geborgenheit wie in Mamas Bauch, beruhigen das Baby und erleichtern ihm das Einschlafen. Es ist aus hochwertigster Baumwolle gefertigt und mit zwei F\u00fcllschichten gef\u00fcllt. Die erste Schicht ist eine Standard-H\u00f6rnchenf\u00fcllung, die steif genug ist, um das Baby von den ersten Momenten an sicher und fest zu halten. Die zweite Schicht ist viel d\u00fcnner und luftiger, damit es f\u00fcr das Baby bequemer ist. In das H\u00f6rnchen sind au\u00dferdem B\u00e4nder eingen\u00e4ht, die es erm\u00f6glichen, die Gr\u00f6\u00dfe zu verstellen.\" \/>\n<meta property=\"og:url\" content=\"https:\/\/www.petitelaure.com\/de\/produkt\/babyumschlag-beige-tauben\/\" \/>\n<meta property=\"og:site_name\" content=\"petitelaure.com\" \/>\n<meta property=\"og:image\" content=\"https:\/\/www.petitelaure.com\/wp-content\/uploads\/2022\/06\/4X0A0174.jpg\" \/>\n\t<meta property=\"og:image:width\" content=\"2000\" \/>\n\t<meta property=\"og:image:height\" content=\"2500\" \/>\n\t<meta property=\"og:image:type\" content=\"image\/jpeg\" \/>\n<meta name=\"twitter:card\" content=\"summary_large_image\" \/>\n<meta name=\"twitter:label1\" content=\"Gesch\u00e4tzte Lesezeit\" \/>\n\t<meta name=\"twitter:data1\" content=\"1\u00a0Minute\" \/>\n<script type=\"application\/ld+json\" class=\"yoast-schema-graph\">{\"@context\":\"https:\/\/schema.org\",\"@graph\":[{\"@type\":\"WebPage\",\"@id\":\"https:\/\/www.petitelaure.com\/de\/produkt\/babyumschlag-beige-tauben\/\",\"url\":\"https:\/\/www.petitelaure.com\/de\/produkt\/babyumschlag-beige-tauben\/\",\"name\":\"Babyumschlag Beige Tauben - petitelaure.com\",\"isPartOf\":{\"@id\":\"https:\/\/www.petitelaure.com\/de\/#website\"},\"primaryImageOfPage\":{\"@id\":\"https:\/\/www.petitelaure.com\/de\/produkt\/babyumschlag-beige-tauben\/#primaryimage\"},\"image\":{\"@id\":\"https:\/\/www.petitelaure.com\/de\/produkt\/babyumschlag-beige-tauben\/#primaryimage\"},\"thumbnailUrl\":\"https:\/\/www.petitelaure.com\/wp-content\/uploads\/2022\/06\/4X0A0174.jpg\",\"datePublished\":\"2023-07-18T19:58:39+00:00\",\"description\":\"Ein klassisches und bezauberndes Babyh\u00f6rnchen, das Ihr Baby ab dem Tag der Geburt umh\u00fcllt. Die H\u00f6rnchen geben dem Baby das Gef\u00fchl von Geborgenheit wie in Mamas Bauch, beruhigen das Baby und erleichtern ihm das Einschlafen. Es ist aus hochwertigster Baumwolle gefertigt und mit zwei F\u00fcllschichten gef\u00fcllt. Die erste Schicht ist eine Standard-H\u00f6rnchenf\u00fcllung, die steif genug ist, um das Baby von den ersten Momenten an sicher und fest zu halten. Die zweite Schicht ist viel d\u00fcnner und luftiger, damit es f\u00fcr das Baby bequemer ist. In das H\u00f6rnchen sind au\u00dferdem B\u00e4nder eingen\u00e4ht, die es erm\u00f6glichen, die Gr\u00f6\u00dfe zu verstellen.\",\"breadcrumb\":{\"@id\":\"https:\/\/www.petitelaure.com\/de\/produkt\/babyumschlag-beige-tauben\/#breadcrumb\"},\"inLanguage\":\"de\",\"potentialAction\":[{\"@type\":\"ReadAction\",\"target\":[\"https:\/\/www.petitelaure.com\/de\/produkt\/babyumschlag-beige-tauben\/\"]}]},{\"@type\":\"ImageObject\",\"inLanguage\":\"de\",\"@id\":\"https:\/\/www.petitelaure.com\/de\/produkt\/babyumschlag-beige-tauben\/#primaryimage\",\"url\":\"https:\/\/www.petitelaure.com\/wp-content\/uploads\/2022\/06\/4X0A0174.jpg\",\"contentUrl\":\"https:\/\/www.petitelaure.com\/wp-content\/uploads\/2022\/06\/4X0A0174.jpg\",\"width\":2000,\"height\":2500},{\"@type\":\"BreadcrumbList\",\"@id\":\"https:\/\/www.petitelaure.com\/de\/produkt\/babyumschlag-beige-tauben\/#breadcrumb\",\"itemListElement\":[{\"@type\":\"ListItem\",\"position\":1,\"name\":\"Strona g\u0142\u00f3wna\",\"item\":\"https:\/\/www.petitelaure.com\/de\/\"},{\"@type\":\"ListItem\",\"position\":2,\"name\":\"Shop\",\"item\":\"https:\/\/www.petitelaure.com\/shop\/\"},{\"@type\":\"ListItem\",\"position\":3,\"name\":\"Babyumschlag Beige Tauben\"}]},{\"@type\":\"WebSite\",\"@id\":\"https:\/\/www.petitelaure.com\/de\/#website\",\"url\":\"https:\/\/www.petitelaure.com\/de\/\",\"name\":\"petitelaure.com\",\"description\":\"\",\"potentialAction\":[{\"@type\":\"SearchAction\",\"target\":{\"@type\":\"EntryPoint\",\"urlTemplate\":\"https:\/\/www.petitelaure.com\/de\/?s={search_term_string}\"},\"query-input\":{\"@type\":\"PropertyValueSpecification\",\"valueRequired\":true,\"valueName\":\"search_term_string\"}}],\"inLanguage\":\"de\"}]}<\/script>\n<!-- \/ Yoast SEO plugin. -->","yoast_head_json":{"title":"Babyumschlag Beige Tauben - petitelaure.com","description":"Ein klassisches und bezauberndes Babyh\u00f6rnchen, das Ihr Baby ab dem Tag der Geburt umh\u00fcllt. Die H\u00f6rnchen geben dem Baby das Gef\u00fchl von Geborgenheit wie in Mamas Bauch, beruhigen das Baby und erleichtern ihm das Einschlafen. Es ist aus hochwertigster Baumwolle gefertigt und mit zwei F\u00fcllschichten gef\u00fcllt. Die erste Schicht ist eine Standard-H\u00f6rnchenf\u00fcllung, die steif genug ist, um das Baby von den ersten Momenten an sicher und fest zu halten. Die zweite Schicht ist viel d\u00fcnner und luftiger, damit es f\u00fcr das Baby bequemer ist. In das H\u00f6rnchen sind au\u00dferdem B\u00e4nder eingen\u00e4ht, die es erm\u00f6glichen, die Gr\u00f6\u00dfe zu verstellen.","robots":{"index":"index","follow":"follow","max-snippet":"max-snippet:-1","max-image-preview":"max-image-preview:large","max-video-preview":"max-video-preview:-1"},"canonical":"https:\/\/www.petitelaure.com\/de\/produkt\/babyumschlag-beige-tauben\/","og_locale":"de_DE","og_type":"article","og_title":"Babyumschlag Beige Tauben - petitelaure.com","og_description":"Ein klassisches und bezauberndes Babyh\u00f6rnchen, das Ihr Baby ab dem Tag der Geburt umh\u00fcllt. Die H\u00f6rnchen geben dem Baby das Gef\u00fchl von Geborgenheit wie in Mamas Bauch, beruhigen das Baby und erleichtern ihm das Einschlafen. Es ist aus hochwertigster Baumwolle gefertigt und mit zwei F\u00fcllschichten gef\u00fcllt. Die erste Schicht ist eine Standard-H\u00f6rnchenf\u00fcllung, die steif genug ist, um das Baby von den ersten Momenten an sicher und fest zu halten. Die zweite Schicht ist viel d\u00fcnner und luftiger, damit es f\u00fcr das Baby bequemer ist. In das H\u00f6rnchen sind au\u00dferdem B\u00e4nder eingen\u00e4ht, die es erm\u00f6glichen, die Gr\u00f6\u00dfe zu verstellen.","og_url":"https:\/\/www.petitelaure.com\/de\/produkt\/babyumschlag-beige-tauben\/","og_site_name":"petitelaure.com","og_image":[{"width":2000,"height":2500,"url":"https:\/\/www.petitelaure.com\/wp-content\/uploads\/2022\/06\/4X0A0174.jpg","type":"image\/jpeg"}],"twitter_card":"summary_large_image","twitter_misc":{"Gesch\u00e4tzte Lesezeit":"1\u00a0Minute"},"schema":{"@context":"https:\/\/schema.org","@graph":[{"@type":"WebPage","@id":"https:\/\/www.petitelaure.com\/de\/produkt\/babyumschlag-beige-tauben\/","url":"https:\/\/www.petitelaure.com\/de\/produkt\/babyumschlag-beige-tauben\/","name":"Babyumschlag Beige Tauben - petitelaure.com","isPartOf":{"@id":"https:\/\/www.petitelaure.com\/de\/#website"},"primaryImageOfPage":{"@id":"https:\/\/www.petitelaure.com\/de\/produkt\/babyumschlag-beige-tauben\/#primaryimage"},"image":{"@id":"https:\/\/www.petitelaure.com\/de\/produkt\/babyumschlag-beige-tauben\/#primaryimage"},"thumbnailUrl":"https:\/\/www.petitelaure.com\/wp-content\/uploads\/2022\/06\/4X0A0174.jpg","datePublished":"2023-07-18T19:58:39+00:00","description":"Ein klassisches und bezauberndes Babyh\u00f6rnchen, das Ihr Baby ab dem Tag der Geburt umh\u00fcllt. Die H\u00f6rnchen geben dem Baby das Gef\u00fchl von Geborgenheit wie in Mamas Bauch, beruhigen das Baby und erleichtern ihm das Einschlafen. Es ist aus hochwertigster Baumwolle gefertigt und mit zwei F\u00fcllschichten gef\u00fcllt. Die erste Schicht ist eine Standard-H\u00f6rnchenf\u00fcllung, die steif genug ist, um das Baby von den ersten Momenten an sicher und fest zu halten. Die zweite Schicht ist viel d\u00fcnner und luftiger, damit es f\u00fcr das Baby bequemer ist. In das H\u00f6rnchen sind au\u00dferdem B\u00e4nder eingen\u00e4ht, die es erm\u00f6glichen, die Gr\u00f6\u00dfe zu verstellen.","breadcrumb":{"@id":"https:\/\/www.petitelaure.com\/de\/produkt\/babyumschlag-beige-tauben\/#breadcrumb"},"inLanguage":"de","potentialAction":[{"@type":"ReadAction","target":["https:\/\/www.petitelaure.com\/de\/produkt\/babyumschlag-beige-tauben\/"]}]},{"@type":"ImageObject","inLanguage":"de","@id":"https:\/\/www.petitelaure.com\/de\/produkt\/babyumschlag-beige-tauben\/#primaryimage","url":"https:\/\/www.petitelaure.com\/wp-content\/uploads\/2022\/06\/4X0A0174.jpg","contentUrl":"https:\/\/www.petitelaure.com\/wp-content\/uploads\/2022\/06\/4X0A0174.jpg","width":2000,"height":2500},{"@type":"BreadcrumbList","@id":"https:\/\/www.petitelaure.com\/de\/produkt\/babyumschlag-beige-tauben\/#breadcrumb","itemListElement":[{"@type":"ListItem","position":1,"name":"Strona g\u0142\u00f3wna","item":"https:\/\/www.petitelaure.com\/de\/"},{"@type":"ListItem","position":2,"name":"Shop","item":"https:\/\/www.petitelaure.com\/shop\/"},{"@type":"ListItem","position":3,"name":"Babyumschlag Beige Tauben"}]},{"@type":"WebSite","@id":"https:\/\/www.petitelaure.com\/de\/#website","url":"https:\/\/www.petitelaure.com\/de\/","name":"petitelaure.com","description":"","potentialAction":[{"@type":"SearchAction","target":{"@type":"EntryPoint","urlTemplate":"https:\/\/www.petitelaure.com\/de\/?s={search_term_string}"},"query-input":{"@type":"PropertyValueSpecification","valueRequired":true,"valueName":"search_term_string"}}],"inLanguage":"de"}]}},"_links":{"self":[{"href":"https:\/\/www.petitelaure.com\/de\/wp-json\/wp\/v2\/product\/10410","targetHints":{"allow":["GET"]}}],"collection":[{"href":"https:\/\/www.petitelaure.com\/de\/wp-json\/wp\/v2\/product"}],"about":[{"href":"https:\/\/www.petitelaure.com\/de\/wp-json\/wp\/v2\/types\/product"}],"replies":[{"embeddable":true,"href":"https:\/\/www.petitelaure.com\/de\/wp-json\/wp\/v2\/comments?post=10410"}],"wp:featuredmedia":[{"embeddable":true,"href":"https:\/\/www.petitelaure.com\/de\/wp-json\/wp\/v2\/media\/10135"}],"wp:attachment":[{"href":"https:\/\/www.petitelaure.com\/de\/wp-json\/wp\/v2\/media?parent=10410"}],"wp:term":[{"taxonomy":"product_brand","embeddable":true,"href":"https:\/\/www.petitelaure.com\/de\/wp-json\/wp\/v2\/product_brand?post=10410"},{"taxonomy":"product_cat","embeddable":true,"href":"https:\/\/www.petitelaure.com\/de\/wp-json\/wp\/v2\/product_cat?post=10410"},{"taxonomy":"product_tag","embeddable":true,"href":"https:\/\/www.petitelaure.com\/de\/wp-json\/wp\/v2\/product_tag?post=10410"}],"curies":[{"name":"wp","href":"https:\/\/api.w.org\/{rel}","templated":true}]}}