{"id":10722,"date":"2023-09-27T14:36:42","date_gmt":"2023-09-27T12:36:42","guid":{"rendered":"https:\/\/www.petitelaure.com\/?page_id=10722"},"modified":"2023-09-28T09:02:51","modified_gmt":"2023-09-28T07:02:51","slug":"go-to-brand","status":"publish","type":"page","link":"https:\/\/www.petitelaure.com\/de\/go-to-brand\/","title":{"rendered":"GO TO BARND"},"content":{"rendered":"<p id=\"tw-target-text\" class=\"tw-data-text tw-text-large tw-ta\" dir=\"ltr\" style=\"text-align: center;\" data-placeholder=\"T\u0142umaczenie\"><span class=\"Y2IQFc\" lang=\"de\">Der Beg\u00fcnstigte <strong>PETITE LAURE PAULINA WUDARCZYK<\/strong> f\u00fchrt das Projekt Nr. POIR.03.03.03-14-0217\/19 mit dem Titel durch \u201eEinf\u00fchrung von Petite Laure-Produkten auf dem amerikanischen Markt\u201c im Rahmen des operationellen Programms \u201eIntelligentes Wachstum\u201c Unterma\u00dfnahme 3.3.3 \u201eUnterst\u00fctzung von KMU bei der F\u00f6rderung von Produktmarken\u201c \u2013 Zur Marke Ziele und Wirkungen der Projektumsetzung: Ziel des Projekts ist es, den Absatz von Produkten der Marke PETITE LAURE zu steigern, Absatzm\u00e4rkte zu erweitern, Gesch\u00e4ftskontakte zu kn\u00fcpfen, die Markenbekanntheit der Produkte zu erh\u00f6hen und Skaleneffekte zu erzielen. Die Umsetzung der oben genannten Aktivit\u00e4ten soll dazu f\u00fchren, eine gezielte gesch\u00e4ftliche Zusammenarbeit aufzubauen und die gew\u00fcnschte H\u00f6he der Einnahmen aus dem Verkauf von Produkten f\u00fcr den Export zu erzielen. <\/span><\/p>\n<p class=\"tw-data-text tw-text-large tw-ta\" dir=\"ltr\" style=\"text-align: center;\" data-placeholder=\"T\u0142umaczenie\"><span class=\"Y2IQFc\" lang=\"de\">Projektwert: 182.400,00 PLN H\u00f6he des Beitrags der europ\u00e4ischen Fonds zum durchgef\u00fchrten <\/span><\/p>\n<p class=\"tw-data-text tw-text-large tw-ta\" dir=\"ltr\" style=\"text-align: center;\" data-placeholder=\"T\u0142umaczenie\"><span class=\"Y2IQFc\" lang=\"de\">Projekt: 145.920,00 PLN<\/span><\/p>\n<p dir=\"ltr\" data-placeholder=\"T\u0142umaczenie\">\n<p class=\"tw-data-text tw-text-large tw-ta\" dir=\"ltr\" style=\"text-align: center;\" data-placeholder=\"T\u0142umaczenie\"><span class=\"Y2IQFc\" lang=\"de\">Der Beg\u00fcnstigte <strong>PETITE LAURE PAULINA WUDARCZYK<\/strong> f\u00fchrt das Projekt Nr. POIR.03.03.03-28-0007\/20 mit dem Titel durch \u201eAuslandsexpansion von Petite Laure Paulina Wudarczyk\u201c im Rahmen des operationellen Programms \u201eIntelligentes Wachstum\u201c Unterma\u00dfnahme 3.3.3 \u201eUnterst\u00fctzung von KMU bei der F\u00f6rderung von Produktmarken\u201c \u2013 Zur Marke Ziele und Wirkungen des Projekts: Ziel des Projekts ist es, den Bekanntheitsgrad des Unternehmens PETITE LAURE PAULINA WUDARCZYK international zu steigern und sein Produktangebot zu bewerben. Die Umsetzung von Werbeaktivit\u00e4ten wird es erm\u00f6glichen, die Bekanntheit der Marke des Beg\u00fcnstigten auf dem internationalen Markt zu steigern. Alle geplanten Aktivit\u00e4ten zielen darauf ab, potenzielle Gesch\u00e4ftspartner und Abnehmer der angebotenen Produkte zu gewinnen. Durch die weitere Expansion in ausl\u00e4ndische M\u00e4rkte k\u00f6nnen wir den Umsatz steigern und neue Vertriebsrichtungen er\u00f6ffnen. <\/span><\/p>\n<p class=\"tw-data-text tw-text-large tw-ta\" dir=\"ltr\" style=\"text-align: center;\" data-placeholder=\"T\u0142umaczenie\"><span class=\"Y2IQFc\" lang=\"de\">Projektwert: 459.200,00 PLN H\u00f6he des Beitrags der europ\u00e4ischen Fonds zum durchgef\u00fchrten <\/span><\/p>\n<p class=\"tw-data-text tw-text-large tw-ta\" dir=\"ltr\" style=\"text-align: center;\" data-placeholder=\"T\u0142umaczenie\"><span class=\"Y2IQFc\" lang=\"de\">Projekt: 390.320,00 PLN<\/span><\/p>\n","protected":false},"excerpt":{"rendered":"<p>Der Beg\u00fcnstigte PETITE LAURE PAULINA WUDARCZYK f\u00fchrt das Projekt Nr. POIR.03.03.03-14-0217\/19 mit dem Titel durch \u201eEinf\u00fchrung von Petite Laure-Produkten auf dem amerikanischen Markt\u201c im Rahmen des operationellen Programms \u201eIntelligentes Wachstum\u201c Unterma\u00dfnahme 3.3.3 \u201eUnterst\u00fctzung von KMU bei der F\u00f6rderung von Produktmarken\u201c \u2013 Zur Marke Ziele und Wirkungen der Projektumsetzung: Ziel des Projekts ist es, den Absatz [&#8230;]\n","protected":false},"author":2,"featured_media":0,"parent":0,"menu_order":0,"comment_status":"closed","ping_status":"closed","template":"","meta":{"footnotes":""},"class_list":["post-10722","page","type-page","status-publish","hentry"],"yoast_head":"<!-- This site is optimized with the Yoast SEO plugin v26.9 - https:\/\/yoast.com\/product\/yoast-seo-wordpress\/ -->\n<title>GO TO BARND - petitelaure.com<\/title>\n<meta name=\"robots\" content=\"index, follow, max-snippet:-1, max-image-preview:large, max-video-preview:-1\" \/>\n<link rel=\"canonical\" href=\"https:\/\/www.petitelaure.com\/de\/go-to-brand\/\" \/>\n<meta property=\"og:locale\" content=\"de_DE\" \/>\n<meta property=\"og:type\" content=\"article\" \/>\n<meta property=\"og:title\" content=\"GO TO BARND - petitelaure.com\" \/>\n<meta property=\"og:description\" content=\"Der Beg\u00fcnstigte PETITE LAURE PAULINA WUDARCZYK f\u00fchrt das Projekt Nr. POIR.03.03.03-14-0217\/19 mit dem Titel durch \u201eEinf\u00fchrung von Petite Laure-Produkten auf dem amerikanischen Markt\u201c im Rahmen des operationellen Programms \u201eIntelligentes Wachstum\u201c Unterma\u00dfnahme 3.3.3 \u201eUnterst\u00fctzung von KMU bei der F\u00f6rderung von Produktmarken\u201c \u2013 Zur Marke Ziele und Wirkungen der Projektumsetzung: Ziel des Projekts ist es, den Absatz [...]\" \/>\n<meta property=\"og:url\" content=\"https:\/\/www.petitelaure.com\/de\/go-to-brand\/\" \/>\n<meta property=\"og:site_name\" content=\"petitelaure.com\" \/>\n<meta property=\"article:modified_time\" content=\"2023-09-28T07:02:51+00:00\" \/>\n<meta name=\"twitter:card\" content=\"summary_large_image\" \/>\n<meta name=\"twitter:label1\" content=\"Gesch\u00e4tzte Lesezeit\" \/>\n\t<meta name=\"twitter:data1\" content=\"2\u00a0Minuten\" \/>\n<script type=\"application\/ld+json\" class=\"yoast-schema-graph\">{\"@context\":\"https:\/\/schema.org\",\"@graph\":[{\"@type\":\"WebPage\",\"@id\":\"https:\/\/www.petitelaure.com\/de\/go-to-brand\/\",\"url\":\"https:\/\/www.petitelaure.com\/de\/go-to-brand\/\",\"name\":\"GO TO BARND - petitelaure.com\",\"isPartOf\":{\"@id\":\"https:\/\/www.petitelaure.com\/de\/#website\"},\"datePublished\":\"2023-09-27T12:36:42+00:00\",\"dateModified\":\"2023-09-28T07:02:51+00:00\",\"breadcrumb\":{\"@id\":\"https:\/\/www.petitelaure.com\/de\/go-to-brand\/#breadcrumb\"},\"inLanguage\":\"de\",\"potentialAction\":[{\"@type\":\"ReadAction\",\"target\":[\"https:\/\/www.petitelaure.com\/de\/go-to-brand\/\"]}]},{\"@type\":\"BreadcrumbList\",\"@id\":\"https:\/\/www.petitelaure.com\/de\/go-to-brand\/#breadcrumb\",\"itemListElement\":[{\"@type\":\"ListItem\",\"position\":1,\"name\":\"Strona g\u0142\u00f3wna\",\"item\":\"https:\/\/www.petitelaure.com\/de\/\"},{\"@type\":\"ListItem\",\"position\":2,\"name\":\"GO TO BARND\"}]},{\"@type\":\"WebSite\",\"@id\":\"https:\/\/www.petitelaure.com\/de\/#website\",\"url\":\"https:\/\/www.petitelaure.com\/de\/\",\"name\":\"petitelaure.com\",\"description\":\"\",\"potentialAction\":[{\"@type\":\"SearchAction\",\"target\":{\"@type\":\"EntryPoint\",\"urlTemplate\":\"https:\/\/www.petitelaure.com\/de\/?s={search_term_string}\"},\"query-input\":{\"@type\":\"PropertyValueSpecification\",\"valueRequired\":true,\"valueName\":\"search_term_string\"}}],\"inLanguage\":\"de\"}]}<\/script>\n<!-- \/ Yoast SEO plugin. -->","yoast_head_json":{"title":"GO TO BARND - petitelaure.com","robots":{"index":"index","follow":"follow","max-snippet":"max-snippet:-1","max-image-preview":"max-image-preview:large","max-video-preview":"max-video-preview:-1"},"canonical":"https:\/\/www.petitelaure.com\/de\/go-to-brand\/","og_locale":"de_DE","og_type":"article","og_title":"GO TO BARND - petitelaure.com","og_description":"Der Beg\u00fcnstigte PETITE LAURE PAULINA WUDARCZYK f\u00fchrt das Projekt Nr. POIR.03.03.03-14-0217\/19 mit dem Titel durch \u201eEinf\u00fchrung von Petite Laure-Produkten auf dem amerikanischen Markt\u201c im Rahmen des operationellen Programms \u201eIntelligentes Wachstum\u201c Unterma\u00dfnahme 3.3.3 \u201eUnterst\u00fctzung von KMU bei der F\u00f6rderung von Produktmarken\u201c \u2013 Zur Marke Ziele und Wirkungen der Projektumsetzung: Ziel des Projekts ist es, den Absatz [...]","og_url":"https:\/\/www.petitelaure.com\/de\/go-to-brand\/","og_site_name":"petitelaure.com","article_modified_time":"2023-09-28T07:02:51+00:00","twitter_card":"summary_large_image","twitter_misc":{"Gesch\u00e4tzte Lesezeit":"2\u00a0Minuten"},"schema":{"@context":"https:\/\/schema.org","@graph":[{"@type":"WebPage","@id":"https:\/\/www.petitelaure.com\/de\/go-to-brand\/","url":"https:\/\/www.petitelaure.com\/de\/go-to-brand\/","name":"GO TO BARND - petitelaure.com","isPartOf":{"@id":"https:\/\/www.petitelaure.com\/de\/#website"},"datePublished":"2023-09-27T12:36:42+00:00","dateModified":"2023-09-28T07:02:51+00:00","breadcrumb":{"@id":"https:\/\/www.petitelaure.com\/de\/go-to-brand\/#breadcrumb"},"inLanguage":"de","potentialAction":[{"@type":"ReadAction","target":["https:\/\/www.petitelaure.com\/de\/go-to-brand\/"]}]},{"@type":"BreadcrumbList","@id":"https:\/\/www.petitelaure.com\/de\/go-to-brand\/#breadcrumb","itemListElement":[{"@type":"ListItem","position":1,"name":"Strona g\u0142\u00f3wna","item":"https:\/\/www.petitelaure.com\/de\/"},{"@type":"ListItem","position":2,"name":"GO TO BARND"}]},{"@type":"WebSite","@id":"https:\/\/www.petitelaure.com\/de\/#website","url":"https:\/\/www.petitelaure.com\/de\/","name":"petitelaure.com","description":"","potentialAction":[{"@type":"SearchAction","target":{"@type":"EntryPoint","urlTemplate":"https:\/\/www.petitelaure.com\/de\/?s={search_term_string}"},"query-input":{"@type":"PropertyValueSpecification","valueRequired":true,"valueName":"search_term_string"}}],"inLanguage":"de"}]}},"_links":{"self":[{"href":"https:\/\/www.petitelaure.com\/de\/wp-json\/wp\/v2\/pages\/10722","targetHints":{"allow":["GET"]}}],"collection":[{"href":"https:\/\/www.petitelaure.com\/de\/wp-json\/wp\/v2\/pages"}],"about":[{"href":"https:\/\/www.petitelaure.com\/de\/wp-json\/wp\/v2\/types\/page"}],"author":[{"embeddable":true,"href":"https:\/\/www.petitelaure.com\/de\/wp-json\/wp\/v2\/users\/2"}],"replies":[{"embeddable":true,"href":"https:\/\/www.petitelaure.com\/de\/wp-json\/wp\/v2\/comments?post=10722"}],"version-history":[{"count":4,"href":"https:\/\/www.petitelaure.com\/de\/wp-json\/wp\/v2\/pages\/10722\/revisions"}],"predecessor-version":[{"id":10769,"href":"https:\/\/www.petitelaure.com\/de\/wp-json\/wp\/v2\/pages\/10722\/revisions\/10769"}],"wp:attachment":[{"href":"https:\/\/www.petitelaure.com\/de\/wp-json\/wp\/v2\/media?parent=10722"}],"curies":[{"name":"wp","href":"https:\/\/api.w.org\/{rel}","templated":true}]}}