{"id":10687,"date":"2023-09-27T13:35:57","date_gmt":"2023-09-27T11:35:57","guid":{"rendered":"https:\/\/www.petitelaure.com\/?page_id=10687"},"modified":"2023-09-27T13:39:19","modified_gmt":"2023-09-27T11:39:19","slug":"lieferung","status":"publish","type":"page","link":"https:\/\/www.petitelaure.com\/de\/lieferung\/","title":{"rendered":"LIEFERUG"},"content":{"rendered":"<p><strong>Lieferung<\/strong><\/p>\n<p>Beim Kauf bei PETITE LAURE haben Sie v\u00f6llige Freiheit bei der Wahl der Lieferung, ganz<br \/>\nnach Ihren Bed\u00fcrfnissen. Wir verpacken Bestellungen stets sorgf\u00e4ltig f\u00fcr den Transport.<br \/>\nSollte Ihre Bestellung besch\u00e4digt bei Ihnen eingetroffen sein, notieren Sie bitte beim Kurier<br \/>\ndas Reklamationsprotokoll.<\/p>\n<p><strong>DPD-Kurier \u2013 15 EUR<\/strong><\/p>\n","protected":false},"excerpt":{"rendered":"<p>Lieferung Beim Kauf bei PETITE LAURE haben Sie v\u00f6llige Freiheit bei der Wahl der Lieferung, ganz nach Ihren Bed\u00fcrfnissen. Wir verpacken Bestellungen stets sorgf\u00e4ltig f\u00fcr den Transport. Sollte Ihre Bestellung besch\u00e4digt bei Ihnen eingetroffen sein, notieren Sie bitte beim Kurier das Reklamationsprotokoll. DPD-Kurier \u2013 15 EUR<\/p>\n","protected":false},"author":2,"featured_media":0,"parent":0,"menu_order":0,"comment_status":"closed","ping_status":"closed","template":"","meta":{"footnotes":""},"class_list":["post-10687","page","type-page","status-publish","hentry"],"yoast_head":"<!-- This site is optimized with the Yoast SEO plugin v26.9 - https:\/\/yoast.com\/product\/yoast-seo-wordpress\/ -->\n<title>LIEFERUG - petitelaure.com<\/title>\n<meta name=\"robots\" content=\"index, follow, max-snippet:-1, max-image-preview:large, max-video-preview:-1\" \/>\n<link rel=\"canonical\" href=\"https:\/\/www.petitelaure.com\/de\/lieferung\/\" \/>\n<meta property=\"og:locale\" content=\"de_DE\" \/>\n<meta property=\"og:type\" content=\"article\" \/>\n<meta property=\"og:title\" content=\"LIEFERUG - petitelaure.com\" \/>\n<meta property=\"og:description\" content=\"Lieferung Beim Kauf bei PETITE LAURE haben Sie v\u00f6llige Freiheit bei der Wahl der Lieferung, ganz nach Ihren Bed\u00fcrfnissen. Wir verpacken Bestellungen stets sorgf\u00e4ltig f\u00fcr den Transport. Sollte Ihre Bestellung besch\u00e4digt bei Ihnen eingetroffen sein, notieren Sie bitte beim Kurier das Reklamationsprotokoll. DPD-Kurier \u2013 15 EUR\" \/>\n<meta property=\"og:url\" content=\"https:\/\/www.petitelaure.com\/de\/lieferung\/\" \/>\n<meta property=\"og:site_name\" content=\"petitelaure.com\" \/>\n<meta property=\"article:modified_time\" content=\"2023-09-27T11:39:19+00:00\" \/>\n<meta name=\"twitter:card\" content=\"summary_large_image\" \/>\n<script type=\"application\/ld+json\" class=\"yoast-schema-graph\">{\"@context\":\"https:\/\/schema.org\",\"@graph\":[{\"@type\":\"WebPage\",\"@id\":\"https:\/\/www.petitelaure.com\/de\/lieferung\/\",\"url\":\"https:\/\/www.petitelaure.com\/de\/lieferung\/\",\"name\":\"LIEFERUG - petitelaure.com\",\"isPartOf\":{\"@id\":\"https:\/\/www.petitelaure.com\/de\/#website\"},\"datePublished\":\"2023-09-27T11:35:57+00:00\",\"dateModified\":\"2023-09-27T11:39:19+00:00\",\"breadcrumb\":{\"@id\":\"https:\/\/www.petitelaure.com\/de\/lieferung\/#breadcrumb\"},\"inLanguage\":\"de\",\"potentialAction\":[{\"@type\":\"ReadAction\",\"target\":[\"https:\/\/www.petitelaure.com\/de\/lieferung\/\"]}]},{\"@type\":\"BreadcrumbList\",\"@id\":\"https:\/\/www.petitelaure.com\/de\/lieferung\/#breadcrumb\",\"itemListElement\":[{\"@type\":\"ListItem\",\"position\":1,\"name\":\"Strona g\u0142\u00f3wna\",\"item\":\"https:\/\/www.petitelaure.com\/de\/\"},{\"@type\":\"ListItem\",\"position\":2,\"name\":\"LIEFERUG\"}]},{\"@type\":\"WebSite\",\"@id\":\"https:\/\/www.petitelaure.com\/de\/#website\",\"url\":\"https:\/\/www.petitelaure.com\/de\/\",\"name\":\"petitelaure.com\",\"description\":\"\",\"potentialAction\":[{\"@type\":\"SearchAction\",\"target\":{\"@type\":\"EntryPoint\",\"urlTemplate\":\"https:\/\/www.petitelaure.com\/de\/?s={search_term_string}\"},\"query-input\":{\"@type\":\"PropertyValueSpecification\",\"valueRequired\":true,\"valueName\":\"search_term_string\"}}],\"inLanguage\":\"de\"}]}<\/script>\n<!-- \/ Yoast SEO plugin. -->","yoast_head_json":{"title":"LIEFERUG - petitelaure.com","robots":{"index":"index","follow":"follow","max-snippet":"max-snippet:-1","max-image-preview":"max-image-preview:large","max-video-preview":"max-video-preview:-1"},"canonical":"https:\/\/www.petitelaure.com\/de\/lieferung\/","og_locale":"de_DE","og_type":"article","og_title":"LIEFERUG - petitelaure.com","og_description":"Lieferung Beim Kauf bei PETITE LAURE haben Sie v\u00f6llige Freiheit bei der Wahl der Lieferung, ganz nach Ihren Bed\u00fcrfnissen. Wir verpacken Bestellungen stets sorgf\u00e4ltig f\u00fcr den Transport. Sollte Ihre Bestellung besch\u00e4digt bei Ihnen eingetroffen sein, notieren Sie bitte beim Kurier das Reklamationsprotokoll. DPD-Kurier \u2013 15 EUR","og_url":"https:\/\/www.petitelaure.com\/de\/lieferung\/","og_site_name":"petitelaure.com","article_modified_time":"2023-09-27T11:39:19+00:00","twitter_card":"summary_large_image","schema":{"@context":"https:\/\/schema.org","@graph":[{"@type":"WebPage","@id":"https:\/\/www.petitelaure.com\/de\/lieferung\/","url":"https:\/\/www.petitelaure.com\/de\/lieferung\/","name":"LIEFERUG - petitelaure.com","isPartOf":{"@id":"https:\/\/www.petitelaure.com\/de\/#website"},"datePublished":"2023-09-27T11:35:57+00:00","dateModified":"2023-09-27T11:39:19+00:00","breadcrumb":{"@id":"https:\/\/www.petitelaure.com\/de\/lieferung\/#breadcrumb"},"inLanguage":"de","potentialAction":[{"@type":"ReadAction","target":["https:\/\/www.petitelaure.com\/de\/lieferung\/"]}]},{"@type":"BreadcrumbList","@id":"https:\/\/www.petitelaure.com\/de\/lieferung\/#breadcrumb","itemListElement":[{"@type":"ListItem","position":1,"name":"Strona g\u0142\u00f3wna","item":"https:\/\/www.petitelaure.com\/de\/"},{"@type":"ListItem","position":2,"name":"LIEFERUG"}]},{"@type":"WebSite","@id":"https:\/\/www.petitelaure.com\/de\/#website","url":"https:\/\/www.petitelaure.com\/de\/","name":"petitelaure.com","description":"","potentialAction":[{"@type":"SearchAction","target":{"@type":"EntryPoint","urlTemplate":"https:\/\/www.petitelaure.com\/de\/?s={search_term_string}"},"query-input":{"@type":"PropertyValueSpecification","valueRequired":true,"valueName":"search_term_string"}}],"inLanguage":"de"}]}},"_links":{"self":[{"href":"https:\/\/www.petitelaure.com\/de\/wp-json\/wp\/v2\/pages\/10687","targetHints":{"allow":["GET"]}}],"collection":[{"href":"https:\/\/www.petitelaure.com\/de\/wp-json\/wp\/v2\/pages"}],"about":[{"href":"https:\/\/www.petitelaure.com\/de\/wp-json\/wp\/v2\/types\/page"}],"author":[{"embeddable":true,"href":"https:\/\/www.petitelaure.com\/de\/wp-json\/wp\/v2\/users\/2"}],"replies":[{"embeddable":true,"href":"https:\/\/www.petitelaure.com\/de\/wp-json\/wp\/v2\/comments?post=10687"}],"version-history":[{"count":3,"href":"https:\/\/www.petitelaure.com\/de\/wp-json\/wp\/v2\/pages\/10687\/revisions"}],"predecessor-version":[{"id":10690,"href":"https:\/\/www.petitelaure.com\/de\/wp-json\/wp\/v2\/pages\/10687\/revisions\/10690"}],"wp:attachment":[{"href":"https:\/\/www.petitelaure.com\/de\/wp-json\/wp\/v2\/media?parent=10687"}],"curies":[{"name":"wp","href":"https:\/\/api.w.org\/{rel}","templated":true}]}}