{"id":10644,"date":"2023-09-26T20:34:46","date_gmt":"2023-09-26T18:34:46","guid":{"rendered":"https:\/\/www.petitelaure.com\/?page_id=10644"},"modified":"2023-09-26T20:34:46","modified_gmt":"2023-09-26T18:34:46","slug":"datenschutzrichtlinie","status":"publish","type":"page","link":"https:\/\/www.petitelaure.com\/de\/datenschutzrichtlinie\/","title":{"rendered":"Datenschutzrichtlinie"},"content":{"rendered":"<p style=\"text-align: center;\">1. Diese Datenschutzrichtlinie legt die Regeln f\u00fcr die Erhebung, Verarbeitung und Nutzung<br \/>\npersonenbezogener Daten fest, die der Online-Shop unter www.petitelaure.com (im<br \/>\nFolgenden \u201eWebsite\u201c) von PETITE LAURE PAULINA WUDARCZYK von Ihnen erh\u00e4lt.<br \/>\n\u0141\u0119guty 1, 11-036 Gietrzwa\u0142d; NIP:113-228-21-60; REGON: 368485498 (im Folgenden<br \/>\n\u201eOnline-Shop\u201c genannt).<br \/>\n2. Der Online-Shop unternimmt alle Anstrengungen, um die Achtung Ihrer Privatsph\u00e4re<br \/>\nund den Schutz der pers\u00f6nlichen Daten zu gew\u00e4hrleisten, die Sie bei der Nutzung der<br \/>\nWebsite und beim Kauf im Online-Shop bereitstellen, und ergreift alle erforderlichen<br \/>\nMa\u00dfnahmen zu diesem Zweck.<br \/>\n3. Der Administrator Ihrer pers\u00f6nlichen Daten ist PETITE LAURE PAULINA<br \/>\nWUDARCZYK, \u0141\u0119guty 1, 11-036 Gietrzwa\u0142d, NIP: 113-228-21-60, REGON: 368485498.<br \/>\n4. In Angelegenheiten im Zusammenhang mit dem Schutz personenbezogener Daten<br \/>\nk\u00f6nnen Sie den Administrator in elektronischer Form unter der E-Mail-Adresse<br \/>\noffice@petitelaure.com oder schriftlich unter der folgenden Adresse kontaktieren: PETITE<br \/>\nLAURE PAULINA WUDARCZYK, \u0141\u0118GUTY 1; 11-036 Gietrzwa\u0142d.<br \/>\n5. Der Online-Shop erhebt die folgenden personenbezogenen Daten von Ihnen \u00fcber:<br \/>\nder Website und anderen Formen der Kommunikation, im Falle von Eink\u00e4ufen und des<br \/>\nRegistrierungsprozesses<br \/>\nWebseite:<br \/>\n1) Vor- und Nachname,<br \/>\n2) Wohnadresse,<br \/>\n3) Lieferadresse, falls abweichend von der Heimatadresse,<br \/>\n4) E-Mail-Adresse,<br \/>\n5) Telefonnummer,<br \/>\n6) Geburtsdatum.<br \/>\n6. Die Verarbeitung Ihrer personenbezogenen Daten erfolgt zur Erbringung von<br \/>\nDienstleistungen auf elektronischem Wege sowie zum Abschluss und zur Erf\u00fcllung von<br \/>\nVertr\u00e4gen \u00fcber den Verkauf von Waren, die im Online-Shop auf der Website bestellt<br \/>\nwurden (Grundlage f\u00fcr die Datenverarbeitung ist Artikel 6 Absatz 1 Buchstabe b). die<br \/>\nVerordnung des Europ\u00e4ischen Parlaments und des Rates (EU) 2016\/679 vom 27. April<br \/>\n2016 zum Schutz nat\u00fcrlicher Personen bei der Verarbeitung personenbezogener Daten,<br \/>\nzum freien Datenverkehr und zur Aufhebung der Richtlinie 95\/46\/ EG (Datenschutz-<br \/>\nGrundverordnung).<br \/>\n7. Dar\u00fcber hinaus k\u00f6nnen Ihre Daten zu Marketingzwecken verarbeitet werden, sofern Sie<br \/>\nhierzu Ihre gesonderte Einwilligung erteilen (Grundlage f\u00fcr die Verarbeitung ist Artikel 6<br \/>\nAbsatz 1 Buchstabe a der Verordnung (EU) 2016\/679 des Europ\u00e4ischen Parlaments und<br \/>\ndes Europ\u00e4ischen Parlaments). Rat vom 27. April 2016 zum Schutz nat\u00fcrlicher Personen<br \/>\nbei der Verarbeitung personenbezogener Daten, zum freien Datenverkehr und zur<br \/>\nAufhebung der Richtlinie 95\/46\/EG (Datenschutz-Grundverordnung).<br \/>\n8. Die Empf\u00e4nger Ihrer personenbezogenen Daten sind Kurierunternehmen,<br \/>\nZahlungsanbieter, IT-Dienstleister und Auktionsseiten, um die Bestellung abzuschlie\u00dfen.<br \/>\nIn diesen F\u00e4llen beschr\u00e4nkt sich der Umfang der \u00fcbermittelten Daten auf das erforderliche<br \/>\nMinimum. Dar\u00fcber hinaus k\u00f6nnen die von Ihnen bereitgestellten Informationen den<\/p>\n<p style=\"text-align: center;\">zust\u00e4ndigen Beh\u00f6rden zur Verf\u00fcgung gestellt werden, sofern dies nach geltendem Recht<br \/>\nerforderlich ist.<br \/>\n9. Die Verarbeitung Ihrer personenbezogenen Daten erfolgt bis zur Beendigung des<br \/>\nVertrages \u00fcber die Erbringung elektronischer Dienstleistungen, ggf. bis zum Erl\u00f6schen der<br \/>\nAnspr\u00fcche aus dem Kaufvertrag oder bis zum Erl\u00f6schen der sich aus dem Gesetz<br \/>\nergebenden Pflichten zur Aufbewahrung von Daten, insbesondere der Pflicht zur<br \/>\nAufbewahrung von Buchhaltungsunterlagen zum Kaufvertrag.<br \/>\n10. Sie haben das Recht, auf Ihre Daten zuzugreifen, sie zu berichtigen, zu l\u00f6schen, die<br \/>\nVerarbeitung einzuschr\u00e4nken, sowie das Recht, Daten zu \u00fcbertragen, Einw\u00e4nde zu<br \/>\nerheben und Ihre Einwilligung jederzeit zu widerrufen, ohne dass dadurch die<br \/>\nRechtm\u00e4\u00dfigkeit der Verarbeitung, die auf dieser Grundlage erfolgte, ber\u00fchrt wird der<br \/>\nEinwilligung vor ihrem Widerruf.<br \/>\n11. Sie haben das Recht, beim Pr\u00e4sidenten des Amtes f\u00fcr den Schutz personenbezogener<br \/>\nDaten eine Beschwerde einzureichen, wenn Sie der Meinung sind, dass die Verarbeitung<br \/>\nIhrer personenbezogenen Daten gegen die Bestimmungen der Verordnung (EU) 2016\/679<br \/>\ndes Europ\u00e4ischen Parlaments und des Rates verst\u00f6\u00dft 27. April 2016 zum Schutz<br \/>\nnat\u00fcrlicher Personen bei der Verarbeitung personenbezogener Daten, zum freien<br \/>\nDatenverkehr und zur Aufhebung der Richtlinie 95\/46\/EG (Datenschutz-<br \/>\nGrundverordnung).<br \/>\n12. Im Rahmen der eingesetzten technischen L\u00f6sungen kann es zu einer \u00dcbermittlung<br \/>\nIhrer Daten in Drittl\u00e4nder kommen. Im Falle der angegebenen \u00dcbermittlung werden<br \/>\nangemessene und angemessene Garantien angewendet, die im Rahmen der<br \/>\nBestimmungen zum Schutz personenbezogener Daten erforderlich sind.<br \/>\n13. Der Online-Shop unternimmt alle erdenklichen Anstrengungen, um Ihre Daten zu<br \/>\nsichern und vor den Eingriffen Dritter zu sch\u00fctzen. Wir nutzen alle notwendigen Server-,<br \/>\nVerbindungs- und Site-Sicherheitsma\u00dfnahmen, um Ihre Daten zu sch\u00fctzen.<br \/>\n14. Alle Verbindungen im Zusammenhang mit Ihren elektronischen Zahlungen werden,<br \/>\nwenn Sie diese Option w\u00e4hlen, \u00fcber eine sichere verschl\u00fcsselte Verbindung hergestellt.<br \/>\n15. Die von uns ergriffenen Ma\u00dfnahmen reichen jedoch m\u00f6glicherweise nicht aus, wenn<br \/>\nSie die Sicherheitsregeln nicht selbst befolgen. Insbesondere m\u00fcssen Sie Ihren<br \/>\nBenutzernamen und Ihr Passwort f\u00fcr die Website vertraulich behandeln und diese nicht an<br \/>\nDritte weitergeben. Bitte beachten Sie, dass der Online-Shop Sie nicht dazu auffordert,<br \/>\ndiese bereitzustellen, au\u00dfer wenn Sie sie beim Einloggen auf der Website bereitstellen.<br \/>\nUm die Nutzung Ihres Kontos durch Unbefugte zu verhindern, loggen Sie sich bitte nach<br \/>\nder Nutzung der Website aus.<br \/>\n16. Sie haben jederzeit die M\u00f6glichkeit, Ihre Daten innerhalb der Website einzusehen und<br \/>\nzu bearbeiten, nachdem Sie sich mit Ihrer E-Mail-Adresse und Ihrem Passwort<br \/>\nangemeldet haben. Wenn Sie Ihr Passwort vergessen oder andere Probleme beim<br \/>\nAnmelden haben, kontaktieren Sie uns bitte unter: office@petitelaure.com<br \/>\n17. Die Website kann von Zeit zu Zeit Links zu anderen Websites enthalten. Solche<br \/>\nWebsites funktionieren unabh\u00e4ngig von der Website und werden in keiner Weise vom<br \/>\nOnline-Shop \u00fcberwacht. Diese Websites verf\u00fcgen m\u00f6glicherweise \u00fcber eigene<br \/>\nDatenschutzrichtlinien. Wir empfehlen Ihnen, sich mit diesen vertraut zu machen. Der<br \/>\nOnline-Shop www.petitelaure.com ist nicht f\u00fcr die Regeln zum Umgang mit Daten auf<br \/>\ndiesen Websites verantwortlich.<br \/>\n18. W\u00e4hrend des Besuchs des Kunden auf der Website des Online-Shops werden<br \/>\nautomatisch IP-Adressdaten, Domainname, Browsertyp und Betriebssystemtyp erfasst.<br \/>\nDiese Daten k\u00f6nnen durch \u201eCookies\u201c-Dateien und das \u201eGoogle Analytics\u201c-System erfasst<br \/>\nwerden.<br \/>\n19. Unter \u201eCookies\u201c sind IT-Daten, insbesondere Textdateien, zu verstehen, die auf<br \/>\nEndger\u00e4ten von Nutzern gespeichert werden, die f\u00fcr die Nutzung von Websites bestimmt<\/p>\n<p style=\"text-align: center;\">sind. Diese Dateien erm\u00f6glichen es, das Ger\u00e4t des Benutzers zu erkennen und die<br \/>\nWebsite entsprechend seinen individuellen Vorlieben korrekt anzuzeigen und die Nutzung<br \/>\nvon Websites zu optimieren. \u201eCookies\u201c enthalten in der Regel den Namen der Website,<br \/>\nvon der sie stammen, ihre Speicherdauer auf dem Endger\u00e4t und eine eindeutige Nummer.<br \/>\nSie werden auch verwendet, um anonyme, aggregierte Statistiken zu erstellen, die helfen,<br \/>\nzu verstehen, wie der Benutzer Websites nutzt, was eine Verbesserung ihrer Struktur und<br \/>\nihres Inhalts erm\u00f6glicht und eine pers\u00f6nliche Identifizierung des Benutzers ausschlie\u00dft.<br \/>\n20. Es werden zwei Arten von \u201eCookies\u201c verwendet: \u201eSitzungs-Cookies\u201c und \u201epermanente\u201c<br \/>\nCookies. Bei den ersten handelt es sich um tempor\u00e4re Dateien, die auf dem Ger\u00e4t des<br \/>\nBenutzers verbleiben, bis er sich von der Website abmeldet oder die Software<br \/>\n(Webbrowser) ausschaltet. \u201ePermanente\u201c Dateien bleiben auf dem Ger\u00e4t des Benutzers<br \/>\nf\u00fcr die in den Parametern von \u201eCookies\u201c angegebene Zeit oder bis sie vom Benutzer<br \/>\nmanuell gel\u00f6scht werden. \u201eCookies\u201c, die von Partnern des Website-Betreibers,<br \/>\ninsbesondere von Website-Benutzern, verwendet werden, unterliegen deren eigenen<br \/>\nDatenschutzbestimmungen.<br \/>\n21. Personenbezogene Daten, die mithilfe von \u201eCookies\u201c erhoben werden, d\u00fcrfen nur zu<br \/>\ndem Zweck erhoben werden, bestimmte Funktionen f\u00fcr den Nutzer auszuf\u00fchren. Diese<br \/>\nDaten werden so verschl\u00fcsselt, dass Unbefugte keinen Zugriff darauf haben.<br \/>\n22. Software, die zum Durchsuchen von Websites verwendet wird, erm\u00f6glicht<br \/>\nstandardm\u00e4\u00dfig die Platzierung von Cookies auf dem Endger\u00e4t. Diese Einstellungen<br \/>\nk\u00f6nnen so ge\u00e4ndert werden, dass die automatische Verarbeitung von \u201eCookies\u201c in den<br \/>\nEinstellungen des Webbrowsers blockiert wird oder dass jedes Mal, wenn sie an das<br \/>\nGer\u00e4t des Benutzers gesendet werden, dar\u00fcber informiert wird. Detaillierte Informationen<br \/>\nzu den M\u00f6glichkeiten und Umgangsweisen mit \u201eCookies\u201c finden Sie in den Einstellungen<br \/>\nder Software (Webbrowser). Die Einschr\u00e4nkung der Verwendung von \u201eCookies\u201c kann<br \/>\nAuswirkungen auf einige der auf der Website verf\u00fcgbaren Funktionen haben.<br \/>\n23. Sie k\u00f6nnen in jedem Fall die Installation von Cookies blockieren oder permanente<br \/>\nCookies \u00fcber die entsprechenden Optionen Ihres Webbrowsers l\u00f6schen. Bei Problemen<br \/>\nempfehlen wir Ihnen, die Hilfedatei des Browsers zu nutzen oder sich an den Hersteller<br \/>\ndes von Ihnen verwendeten Browsers zu wenden.<\/p>\n","protected":false},"excerpt":{"rendered":"<p>1. Diese Datenschutzrichtlinie legt die Regeln f\u00fcr die Erhebung, Verarbeitung und Nutzung personenbezogener Daten fest, die der Online-Shop unter www.petitelaure.com (im Folgenden \u201eWebsite\u201c) von PETITE LAURE PAULINA WUDARCZYK von Ihnen erh\u00e4lt. \u0141\u0119guty 1, 11-036 Gietrzwa\u0142d; NIP:113-228-21-60; REGON: 368485498 (im Folgenden \u201eOnline-Shop\u201c genannt). 2. Der Online-Shop unternimmt alle Anstrengungen, um die Achtung Ihrer Privatsph\u00e4re und den [&#8230;]\n","protected":false},"author":2,"featured_media":0,"parent":0,"menu_order":0,"comment_status":"closed","ping_status":"closed","template":"","meta":{"footnotes":""},"class_list":["post-10644","page","type-page","status-publish","hentry"],"yoast_head":"<!-- This site is optimized with the Yoast SEO plugin v26.9 - https:\/\/yoast.com\/product\/yoast-seo-wordpress\/ -->\n<title>Datenschutzrichtlinie - petitelaure.com<\/title>\n<meta name=\"description\" content=\"1. Diese Datenschutzrichtlinie legt die Regeln f\u00fcr die Erhebung, Verarbeitung und Nutzungpersonenbezogener Daten fest, die der Online-Shop unter www.petitelaure.com (imFolgenden \u201eWebsite\u201c) von PETITE LAURE PAULINA WUDARCZYK von Ihnen erh\u00e4lt.\u0141\u0119guty 1, 11-036 Gietrzwa\u0142d; NIP:113-228-21-60; REGON: 368485498 (im Folgenden\u201eOnline-Shop\u201c genannt).\" \/>\n<meta name=\"robots\" content=\"index, follow, max-snippet:-1, max-image-preview:large, max-video-preview:-1\" \/>\n<link rel=\"canonical\" href=\"https:\/\/www.petitelaure.com\/de\/datenschutzrichtlinie\/\" \/>\n<meta property=\"og:locale\" content=\"de_DE\" \/>\n<meta property=\"og:type\" content=\"article\" \/>\n<meta property=\"og:title\" content=\"Datenschutzrichtlinie - petitelaure.com\" \/>\n<meta property=\"og:description\" content=\"1. Diese Datenschutzrichtlinie legt die Regeln f\u00fcr die Erhebung, Verarbeitung und Nutzungpersonenbezogener Daten fest, die der Online-Shop unter www.petitelaure.com (imFolgenden \u201eWebsite\u201c) von PETITE LAURE PAULINA WUDARCZYK von Ihnen erh\u00e4lt.\u0141\u0119guty 1, 11-036 Gietrzwa\u0142d; NIP:113-228-21-60; REGON: 368485498 (im Folgenden\u201eOnline-Shop\u201c genannt).\" \/>\n<meta property=\"og:url\" content=\"https:\/\/www.petitelaure.com\/de\/datenschutzrichtlinie\/\" \/>\n<meta property=\"og:site_name\" content=\"petitelaure.com\" \/>\n<meta name=\"twitter:card\" content=\"summary_large_image\" \/>\n<meta name=\"twitter:label1\" content=\"Gesch\u00e4tzte Lesezeit\" \/>\n\t<meta name=\"twitter:data1\" content=\"6\u00a0Minuten\" \/>\n<script type=\"application\/ld+json\" class=\"yoast-schema-graph\">{\"@context\":\"https:\/\/schema.org\",\"@graph\":[{\"@type\":\"WebPage\",\"@id\":\"https:\/\/www.petitelaure.com\/de\/datenschutzrichtlinie\/\",\"url\":\"https:\/\/www.petitelaure.com\/de\/datenschutzrichtlinie\/\",\"name\":\"Datenschutzrichtlinie - petitelaure.com\",\"isPartOf\":{\"@id\":\"https:\/\/www.petitelaure.com\/de\/#website\"},\"datePublished\":\"2023-09-26T18:34:46+00:00\",\"description\":\"1. Diese Datenschutzrichtlinie legt die Regeln f\u00fcr die Erhebung, Verarbeitung und Nutzungpersonenbezogener Daten fest, die der Online-Shop unter www.petitelaure.com (imFolgenden \u201eWebsite\u201c) von PETITE LAURE PAULINA WUDARCZYK von Ihnen erh\u00e4lt.\u0141\u0119guty 1, 11-036 Gietrzwa\u0142d; NIP:113-228-21-60; REGON: 368485498 (im Folgenden\u201eOnline-Shop\u201c genannt).\",\"breadcrumb\":{\"@id\":\"https:\/\/www.petitelaure.com\/de\/datenschutzrichtlinie\/#breadcrumb\"},\"inLanguage\":\"de\",\"potentialAction\":[{\"@type\":\"ReadAction\",\"target\":[\"https:\/\/www.petitelaure.com\/de\/datenschutzrichtlinie\/\"]}]},{\"@type\":\"BreadcrumbList\",\"@id\":\"https:\/\/www.petitelaure.com\/de\/datenschutzrichtlinie\/#breadcrumb\",\"itemListElement\":[{\"@type\":\"ListItem\",\"position\":1,\"name\":\"Strona g\u0142\u00f3wna\",\"item\":\"https:\/\/www.petitelaure.com\/de\/\"},{\"@type\":\"ListItem\",\"position\":2,\"name\":\"Datenschutzrichtlinie\"}]},{\"@type\":\"WebSite\",\"@id\":\"https:\/\/www.petitelaure.com\/de\/#website\",\"url\":\"https:\/\/www.petitelaure.com\/de\/\",\"name\":\"petitelaure.com\",\"description\":\"\",\"potentialAction\":[{\"@type\":\"SearchAction\",\"target\":{\"@type\":\"EntryPoint\",\"urlTemplate\":\"https:\/\/www.petitelaure.com\/de\/?s={search_term_string}\"},\"query-input\":{\"@type\":\"PropertyValueSpecification\",\"valueRequired\":true,\"valueName\":\"search_term_string\"}}],\"inLanguage\":\"de\"}]}<\/script>\n<!-- \/ Yoast SEO plugin. -->","yoast_head_json":{"title":"Datenschutzrichtlinie - petitelaure.com","description":"1. Diese Datenschutzrichtlinie legt die Regeln f\u00fcr die Erhebung, Verarbeitung und Nutzungpersonenbezogener Daten fest, die der Online-Shop unter www.petitelaure.com (imFolgenden \u201eWebsite\u201c) von PETITE LAURE PAULINA WUDARCZYK von Ihnen erh\u00e4lt.\u0141\u0119guty 1, 11-036 Gietrzwa\u0142d; NIP:113-228-21-60; REGON: 368485498 (im Folgenden\u201eOnline-Shop\u201c genannt).","robots":{"index":"index","follow":"follow","max-snippet":"max-snippet:-1","max-image-preview":"max-image-preview:large","max-video-preview":"max-video-preview:-1"},"canonical":"https:\/\/www.petitelaure.com\/de\/datenschutzrichtlinie\/","og_locale":"de_DE","og_type":"article","og_title":"Datenschutzrichtlinie - petitelaure.com","og_description":"1. Diese Datenschutzrichtlinie legt die Regeln f\u00fcr die Erhebung, Verarbeitung und Nutzungpersonenbezogener Daten fest, die der Online-Shop unter www.petitelaure.com (imFolgenden \u201eWebsite\u201c) von PETITE LAURE PAULINA WUDARCZYK von Ihnen erh\u00e4lt.\u0141\u0119guty 1, 11-036 Gietrzwa\u0142d; NIP:113-228-21-60; REGON: 368485498 (im Folgenden\u201eOnline-Shop\u201c genannt).","og_url":"https:\/\/www.petitelaure.com\/de\/datenschutzrichtlinie\/","og_site_name":"petitelaure.com","twitter_card":"summary_large_image","twitter_misc":{"Gesch\u00e4tzte Lesezeit":"6\u00a0Minuten"},"schema":{"@context":"https:\/\/schema.org","@graph":[{"@type":"WebPage","@id":"https:\/\/www.petitelaure.com\/de\/datenschutzrichtlinie\/","url":"https:\/\/www.petitelaure.com\/de\/datenschutzrichtlinie\/","name":"Datenschutzrichtlinie - petitelaure.com","isPartOf":{"@id":"https:\/\/www.petitelaure.com\/de\/#website"},"datePublished":"2023-09-26T18:34:46+00:00","description":"1. Diese Datenschutzrichtlinie legt die Regeln f\u00fcr die Erhebung, Verarbeitung und Nutzungpersonenbezogener Daten fest, die der Online-Shop unter www.petitelaure.com (imFolgenden \u201eWebsite\u201c) von PETITE LAURE PAULINA WUDARCZYK von Ihnen erh\u00e4lt.\u0141\u0119guty 1, 11-036 Gietrzwa\u0142d; NIP:113-228-21-60; REGON: 368485498 (im Folgenden\u201eOnline-Shop\u201c genannt).","breadcrumb":{"@id":"https:\/\/www.petitelaure.com\/de\/datenschutzrichtlinie\/#breadcrumb"},"inLanguage":"de","potentialAction":[{"@type":"ReadAction","target":["https:\/\/www.petitelaure.com\/de\/datenschutzrichtlinie\/"]}]},{"@type":"BreadcrumbList","@id":"https:\/\/www.petitelaure.com\/de\/datenschutzrichtlinie\/#breadcrumb","itemListElement":[{"@type":"ListItem","position":1,"name":"Strona g\u0142\u00f3wna","item":"https:\/\/www.petitelaure.com\/de\/"},{"@type":"ListItem","position":2,"name":"Datenschutzrichtlinie"}]},{"@type":"WebSite","@id":"https:\/\/www.petitelaure.com\/de\/#website","url":"https:\/\/www.petitelaure.com\/de\/","name":"petitelaure.com","description":"","potentialAction":[{"@type":"SearchAction","target":{"@type":"EntryPoint","urlTemplate":"https:\/\/www.petitelaure.com\/de\/?s={search_term_string}"},"query-input":{"@type":"PropertyValueSpecification","valueRequired":true,"valueName":"search_term_string"}}],"inLanguage":"de"}]}},"_links":{"self":[{"href":"https:\/\/www.petitelaure.com\/de\/wp-json\/wp\/v2\/pages\/10644","targetHints":{"allow":["GET"]}}],"collection":[{"href":"https:\/\/www.petitelaure.com\/de\/wp-json\/wp\/v2\/pages"}],"about":[{"href":"https:\/\/www.petitelaure.com\/de\/wp-json\/wp\/v2\/types\/page"}],"author":[{"embeddable":true,"href":"https:\/\/www.petitelaure.com\/de\/wp-json\/wp\/v2\/users\/2"}],"replies":[{"embeddable":true,"href":"https:\/\/www.petitelaure.com\/de\/wp-json\/wp\/v2\/comments?post=10644"}],"version-history":[{"count":1,"href":"https:\/\/www.petitelaure.com\/de\/wp-json\/wp\/v2\/pages\/10644\/revisions"}],"predecessor-version":[{"id":10645,"href":"https:\/\/www.petitelaure.com\/de\/wp-json\/wp\/v2\/pages\/10644\/revisions\/10645"}],"wp:attachment":[{"href":"https:\/\/www.petitelaure.com\/de\/wp-json\/wp\/v2\/media?parent=10644"}],"curies":[{"name":"wp","href":"https:\/\/api.w.org\/{rel}","templated":true}]}}